{"id":3344,"date":"2019-01-07T02:22:17","date_gmt":"2019-01-07T02:22:17","guid":{"rendered":"https:\/\/mayankin.com\/es\/?post_type=product&#038;p=3344"},"modified":"2020-05-26T22:26:34","modified_gmt":"2020-05-27T05:26:34","slug":"archetypes-webinar-session-5","status":"publish","type":"product","link":"https:\/\/mayankin.com\/es\/product\/archetypes-webinar-session-5\/","title":{"rendered":"Arquetipos Sesi\u00f3n 5"},"content":{"rendered":"<p>Te gustar\u00eda saber que son los arquetipos del Tzolkin en profundidad y aprender c\u00f3mo esta valiosa informaci\u00f3n puede ser realmente \u00fatil para comprenderte a ti misma\/o y a los dem\u00e1s?<\/p>\n<p>En esta serie de seminarios web de 5 sesiones (en ingl\u00e9s), compartir\u00e9 contigo el significado de cada arquetipo en formas divertidas y pr\u00e1cticas con las que puedes relacionarte f\u00e1cilmente, a medida que mejora tu comprensi\u00f3n y profundizas tu conexi\u00f3n en c\u00f3mo lo experimentas tanto en los aspectos de luz como de sombra.<\/p>\n<p>Cada sesi\u00f3n de 2 horas cubre cuatro arquetipos. Puedes inscribirte solo para las sesiones de tu inter\u00e9s o para la serie completa.<\/p>\n<p>Aprender\u00e1s acerca de:<\/p>\n<ul>\n<li>Qu\u00e9 son los 20 Arquetipos del Tzolkin<\/li>\n<li>C\u00f3mo se pueden entender y ser experimentados<\/li>\n<li>Aspectos de Luz y Sombra de cada uno<\/li>\n<li>C\u00f3mo saber el signo de una persona o la energ\u00eda de un d\u00eda<\/li>\n<li>Correlaciones con comportamientos y tendencias humanas<\/li>\n<\/ul>\n<p><em>No se requiere experiencia previa.<\/em><\/p>\n<p><strong>Qu\u00e9 Sigue?<\/strong><\/p>\n<p>La invitaci\u00f3n despu\u00e9s de escuchar el seminario web es ponerlo en pr\u00e1ctica para que realmente puedas experimentarlo. Por ejemplo, preg\u00fantate: \u201cc\u00f3mo resuena conmigo tal caracter\u00edstica espec\u00edfica de este arquetipo?\u201d, \u201cDe qu\u00e9 manera me relaciono con sus aspectos de luz y sombra?\u201d. Presta atenci\u00f3n a c\u00f3mo te sientes durante el d\u00eda de un arquetipo espec\u00edfico y si hay un patr\u00f3n que se repite cada tres semanas aproximadamente. Chequea los or\u00e1culos de tus amigos y ve los temas en com\u00fan entre las personas que comparten el mismo arquetipo. Estas son solo ideas para que contin\u00faes explorando.<\/p>\n<p>Sintonizar con el ciclo de una manera experimental trae nuevas ideas, sue\u00f1os, preguntas, sincronicidades y oportunidades para transformar. Es recomendable anotar esas experiencias, ya que aprender\u00e1s mucho sobre ti misma\/o y sobre lo que est\u00e1s aqu\u00ed para hacer, y c\u00f3mo te relacionas con los dem\u00e1s. Es posible que desees tener un cuaderno dedicado para escribir lo que va ocurriendo y tambi\u00e9n puedes obtener el <a href=\"https:\/\/mayankin:8890\/product\/tzolkin-personal-coloring-journal\/\">Coloring Journal<\/a> (diario personal para colorear) para que sea a\u00fan m\u00e1s divertido!<\/p>\n","protected":false},"excerpt":{"rendered":"<p>Mejora tu comprensi\u00f3n y profundiza tu conexi\u00f3n en la manera c\u00f3mo experimentas los arquetipos del Tzolkin tanto en los aspectos de Luz como de Sombra<\/p>\n<p>Tierra Roja ~ Ra\u00edces<br \/>\nEspejo Blanco ~ Reflejos<br \/>\nTormenta Azul ~ Transformaci\u00f3n<br \/>\nSol Amarillo ~ Iluminaci\u00f3n<\/p>\n<p><strong>Este seminario es en idioma ingl\u00e9s<\/strong><\/p>\n","protected":false},"featured_media":3371,"template":"","meta":{"_monsterinsights_skip_tracking":false,"_monsterinsights_sitenote_active":false,"_monsterinsights_sitenote_note":"","_monsterinsights_sitenote_category":0,"_genesis_hide_title":false,"_genesis_hide_breadcrumbs":false,"_genesis_hide_singular_image":false,"_genesis_hide_footer_widgets":false,"_genesis_custom_body_class":"store","_genesis_custom_post_class":"","_genesis_layout":""},"product_brand":[],"product_cat":[19,79],"product_tag":[],"class_list":{"0":"post-3344","1":"product","2":"type-product","3":"status-publish","4":"has-post-thumbnail","6":"product_cat-tzolkin","7":"product_cat-archetypes","8":"entry","10":"first","11":"instock","12":"virtual","13":"purchasable","14":"product-type-simple"},"yoast_head":"<!-- This site is optimized with the Yoast SEO plugin v26.6 - https:\/\/yoast.com\/wordpress\/plugins\/seo\/ -->\n<title>Arquetipos Sesi\u00f3n 5 - MayanKin<\/title>\n<meta name=\"robots\" content=\"index, follow, max-snippet:-1, max-image-preview:large, max-video-preview:-1\" \/>\n<link rel=\"canonical\" href=\"https:\/\/mayankin.com\/es\/product\/archetypes-webinar-session-5\/\" \/>\n<meta property=\"og:locale\" content=\"es_ES\" \/>\n<meta property=\"og:type\" content=\"article\" \/>\n<meta property=\"og:title\" content=\"Arquetipos Sesi\u00f3n 5 - MayanKin\" \/>\n<meta property=\"og:description\" content=\"Mejora tu comprensi\u00f3n y profundiza tu conexi\u00f3n en la manera c\u00f3mo experimentas los arquetipos del Tzolkin tanto en los aspectos de Luz como de Sombra  Tierra Roja ~ Ra\u00edces Espejo Blanco ~ Reflejos Tormenta Azul ~ Transformaci\u00f3n Sol Amarillo ~ Iluminaci\u00f3n  Este seminario es en idioma ingl\u00e9s\" \/>\n<meta property=\"og:url\" content=\"https:\/\/mayankin.com\/es\/product\/archetypes-webinar-session-5\/\" \/>\n<meta property=\"og:site_name\" content=\"MayanKin\" \/>\n<meta property=\"article:publisher\" content=\"https:\/\/www.facebook.com\/MayanKinEspanol\/\" \/>\n<meta property=\"article:modified_time\" content=\"2020-05-27T05:26:34+00:00\" \/>\n<meta property=\"og:image\" content=\"https:\/\/mayankin.com\/es\/wp-content\/uploads\/2019\/01\/mayankin-marielamaya-bridgingworlds-archetypes-webinar-series-session-5-earth-mirror-storm-sun.jpg\" \/>\n\t<meta property=\"og:image:width\" content=\"525\" \/>\n\t<meta property=\"og:image:height\" content=\"525\" \/>\n\t<meta property=\"og:image:type\" content=\"image\/jpeg\" \/>\n<meta name=\"twitter:card\" content=\"summary_large_image\" \/>\n<meta name=\"twitter:site\" content=\"@mayankin\" \/>\n<meta name=\"twitter:label1\" content=\"Tiempo de lectura\" \/>\n\t<meta name=\"twitter:data1\" content=\"2 minutos\" \/>\n<script type=\"application\/ld+json\" class=\"yoast-schema-graph\">{\"@context\":\"https:\/\/schema.org\",\"@graph\":[{\"@type\":\"WebPage\",\"@id\":\"https:\/\/mayankin.com\/es\/product\/archetypes-webinar-session-5\/\",\"url\":\"https:\/\/mayankin.com\/es\/product\/archetypes-webinar-session-5\/\",\"name\":\"Arquetipos Sesi\u00f3n 5 - MayanKin\",\"isPartOf\":{\"@id\":\"https:\/\/mayankin.com\/es\/#website\"},\"primaryImageOfPage\":{\"@id\":\"https:\/\/mayankin.com\/es\/product\/archetypes-webinar-session-5\/#primaryimage\"},\"image\":{\"@id\":\"https:\/\/mayankin.com\/es\/product\/archetypes-webinar-session-5\/#primaryimage\"},\"thumbnailUrl\":\"https:\/\/mayankin.com\/es\/wp-content\/uploads\/2019\/01\/mayankin-marielamaya-bridgingworlds-archetypes-webinar-series-session-5-earth-mirror-storm-sun.jpg\",\"datePublished\":\"2019-01-07T02:22:17+00:00\",\"dateModified\":\"2020-05-27T05:26:34+00:00\",\"breadcrumb\":{\"@id\":\"https:\/\/mayankin.com\/es\/product\/archetypes-webinar-session-5\/#breadcrumb\"},\"inLanguage\":\"es\",\"potentialAction\":[{\"@type\":\"ReadAction\",\"target\":[\"https:\/\/mayankin.com\/es\/product\/archetypes-webinar-session-5\/\"]}]},{\"@type\":\"ImageObject\",\"inLanguage\":\"es\",\"@id\":\"https:\/\/mayankin.com\/es\/product\/archetypes-webinar-session-5\/#primaryimage\",\"url\":\"https:\/\/mayankin.com\/es\/wp-content\/uploads\/2019\/01\/mayankin-marielamaya-bridgingworlds-archetypes-webinar-series-session-5-earth-mirror-storm-sun.jpg\",\"contentUrl\":\"https:\/\/mayankin.com\/es\/wp-content\/uploads\/2019\/01\/mayankin-marielamaya-bridgingworlds-archetypes-webinar-series-session-5-earth-mirror-storm-sun.jpg\",\"width\":525,\"height\":525},{\"@type\":\"BreadcrumbList\",\"@id\":\"https:\/\/mayankin.com\/es\/product\/archetypes-webinar-session-5\/#breadcrumb\",\"itemListElement\":[{\"@type\":\"ListItem\",\"position\":1,\"name\":\"Portada\",\"item\":\"https:\/\/mayankin.com\/es\/\"},{\"@type\":\"ListItem\",\"position\":2,\"name\":\"Tienda\",\"item\":\"https:\/\/mayankin.com\/es\/tienda\/\"},{\"@type\":\"ListItem\",\"position\":3,\"name\":\"Arquetipos Sesi\u00f3n 5\"}]},{\"@type\":\"WebSite\",\"@id\":\"https:\/\/mayankin.com\/es\/#website\",\"url\":\"https:\/\/mayankin.com\/es\/\",\"name\":\"MayanKin\",\"description\":\"\",\"publisher\":{\"@id\":\"https:\/\/mayankin.com\/es\/#organization\"},\"potentialAction\":[{\"@type\":\"SearchAction\",\"target\":{\"@type\":\"EntryPoint\",\"urlTemplate\":\"https:\/\/mayankin.com\/es\/?s={search_term_string}\"},\"query-input\":{\"@type\":\"PropertyValueSpecification\",\"valueRequired\":true,\"valueName\":\"search_term_string\"}}],\"inLanguage\":\"es\"},{\"@type\":\"Organization\",\"@id\":\"https:\/\/mayankin.com\/es\/#organization\",\"name\":\"MayanKin\",\"url\":\"https:\/\/mayankin.com\/es\/\",\"logo\":{\"@type\":\"ImageObject\",\"inLanguage\":\"es\",\"@id\":\"https:\/\/mayankin.com\/es\/#\/schema\/logo\/image\/\",\"url\":\"https:\/\/mayankin.com\/es\/wp-content\/uploads\/2020\/05\/MK-Logo-Redesign.png\",\"contentUrl\":\"https:\/\/mayankin.com\/es\/wp-content\/uploads\/2020\/05\/MK-Logo-Redesign.png\",\"width\":260,\"height\":105,\"caption\":\"MayanKin\"},\"image\":{\"@id\":\"https:\/\/mayankin.com\/es\/#\/schema\/logo\/image\/\"},\"sameAs\":[\"https:\/\/www.facebook.com\/MayanKinEspanol\/\",\"https:\/\/x.com\/mayankin\"]}]}<\/script>\n<!-- \/ Yoast SEO plugin. -->","yoast_head_json":{"title":"Arquetipos Sesi\u00f3n 5 - MayanKin","robots":{"index":"index","follow":"follow","max-snippet":"max-snippet:-1","max-image-preview":"max-image-preview:large","max-video-preview":"max-video-preview:-1"},"canonical":"https:\/\/mayankin.com\/es\/product\/archetypes-webinar-session-5\/","og_locale":"es_ES","og_type":"article","og_title":"Arquetipos Sesi\u00f3n 5 - MayanKin","og_description":"Mejora tu comprensi\u00f3n y profundiza tu conexi\u00f3n en la manera c\u00f3mo experimentas los arquetipos del Tzolkin tanto en los aspectos de Luz como de Sombra  Tierra Roja ~ Ra\u00edces Espejo Blanco ~ Reflejos Tormenta Azul ~ Transformaci\u00f3n Sol Amarillo ~ Iluminaci\u00f3n  Este seminario es en idioma ingl\u00e9s","og_url":"https:\/\/mayankin.com\/es\/product\/archetypes-webinar-session-5\/","og_site_name":"MayanKin","article_publisher":"https:\/\/www.facebook.com\/MayanKinEspanol\/","article_modified_time":"2020-05-27T05:26:34+00:00","og_image":[{"width":525,"height":525,"url":"https:\/\/mayankin.com\/es\/wp-content\/uploads\/2019\/01\/mayankin-marielamaya-bridgingworlds-archetypes-webinar-series-session-5-earth-mirror-storm-sun.jpg","type":"image\/jpeg"}],"twitter_card":"summary_large_image","twitter_site":"@mayankin","twitter_misc":{"Tiempo de lectura":"2 minutos"},"schema":{"@context":"https:\/\/schema.org","@graph":[{"@type":"WebPage","@id":"https:\/\/mayankin.com\/es\/product\/archetypes-webinar-session-5\/","url":"https:\/\/mayankin.com\/es\/product\/archetypes-webinar-session-5\/","name":"Arquetipos Sesi\u00f3n 5 - MayanKin","isPartOf":{"@id":"https:\/\/mayankin.com\/es\/#website"},"primaryImageOfPage":{"@id":"https:\/\/mayankin.com\/es\/product\/archetypes-webinar-session-5\/#primaryimage"},"image":{"@id":"https:\/\/mayankin.com\/es\/product\/archetypes-webinar-session-5\/#primaryimage"},"thumbnailUrl":"https:\/\/mayankin.com\/es\/wp-content\/uploads\/2019\/01\/mayankin-marielamaya-bridgingworlds-archetypes-webinar-series-session-5-earth-mirror-storm-sun.jpg","datePublished":"2019-01-07T02:22:17+00:00","dateModified":"2020-05-27T05:26:34+00:00","breadcrumb":{"@id":"https:\/\/mayankin.com\/es\/product\/archetypes-webinar-session-5\/#breadcrumb"},"inLanguage":"es","potentialAction":[{"@type":"ReadAction","target":["https:\/\/mayankin.com\/es\/product\/archetypes-webinar-session-5\/"]}]},{"@type":"ImageObject","inLanguage":"es","@id":"https:\/\/mayankin.com\/es\/product\/archetypes-webinar-session-5\/#primaryimage","url":"https:\/\/mayankin.com\/es\/wp-content\/uploads\/2019\/01\/mayankin-marielamaya-bridgingworlds-archetypes-webinar-series-session-5-earth-mirror-storm-sun.jpg","contentUrl":"https:\/\/mayankin.com\/es\/wp-content\/uploads\/2019\/01\/mayankin-marielamaya-bridgingworlds-archetypes-webinar-series-session-5-earth-mirror-storm-sun.jpg","width":525,"height":525},{"@type":"BreadcrumbList","@id":"https:\/\/mayankin.com\/es\/product\/archetypes-webinar-session-5\/#breadcrumb","itemListElement":[{"@type":"ListItem","position":1,"name":"Portada","item":"https:\/\/mayankin.com\/es\/"},{"@type":"ListItem","position":2,"name":"Tienda","item":"https:\/\/mayankin.com\/es\/tienda\/"},{"@type":"ListItem","position":3,"name":"Arquetipos Sesi\u00f3n 5"}]},{"@type":"WebSite","@id":"https:\/\/mayankin.com\/es\/#website","url":"https:\/\/mayankin.com\/es\/","name":"MayanKin","description":"","publisher":{"@id":"https:\/\/mayankin.com\/es\/#organization"},"potentialAction":[{"@type":"SearchAction","target":{"@type":"EntryPoint","urlTemplate":"https:\/\/mayankin.com\/es\/?s={search_term_string}"},"query-input":{"@type":"PropertyValueSpecification","valueRequired":true,"valueName":"search_term_string"}}],"inLanguage":"es"},{"@type":"Organization","@id":"https:\/\/mayankin.com\/es\/#organization","name":"MayanKin","url":"https:\/\/mayankin.com\/es\/","logo":{"@type":"ImageObject","inLanguage":"es","@id":"https:\/\/mayankin.com\/es\/#\/schema\/logo\/image\/","url":"https:\/\/mayankin.com\/es\/wp-content\/uploads\/2020\/05\/MK-Logo-Redesign.png","contentUrl":"https:\/\/mayankin.com\/es\/wp-content\/uploads\/2020\/05\/MK-Logo-Redesign.png","width":260,"height":105,"caption":"MayanKin"},"image":{"@id":"https:\/\/mayankin.com\/es\/#\/schema\/logo\/image\/"},"sameAs":["https:\/\/www.facebook.com\/MayanKinEspanol\/","https:\/\/x.com\/mayankin"]}]}},"_links":{"self":[{"href":"https:\/\/mayankin.com\/es\/wp-json\/wp\/v2\/product\/3344","targetHints":{"allow":["GET"]}}],"collection":[{"href":"https:\/\/mayankin.com\/es\/wp-json\/wp\/v2\/product"}],"about":[{"href":"https:\/\/mayankin.com\/es\/wp-json\/wp\/v2\/types\/product"}],"wp:featuredmedia":[{"embeddable":true,"href":"https:\/\/mayankin.com\/es\/wp-json\/wp\/v2\/media\/3371"}],"wp:attachment":[{"href":"https:\/\/mayankin.com\/es\/wp-json\/wp\/v2\/media?parent=3344"}],"wp:term":[{"taxonomy":"product_brand","embeddable":true,"href":"https:\/\/mayankin.com\/es\/wp-json\/wp\/v2\/product_brand?post=3344"},{"taxonomy":"product_cat","embeddable":true,"href":"https:\/\/mayankin.com\/es\/wp-json\/wp\/v2\/product_cat?post=3344"},{"taxonomy":"product_tag","embeddable":true,"href":"https:\/\/mayankin.com\/es\/wp-json\/wp\/v2\/product_tag?post=3344"}],"curies":[{"name":"wp","href":"https:\/\/api.w.org\/{rel}","templated":true}]}}