{"id":2940,"date":"2018-12-19T23:23:13","date_gmt":"2018-12-19T23:23:13","guid":{"rendered":"https:\/\/mayankin.com\/es\/?post_type=product&#038;p=2940"},"modified":"2020-05-20T00:38:43","modified_gmt":"2020-05-20T07:38:43","slug":"colgante-plata-madera-dragon-rojo","status":"publish","type":"product","link":"https:\/\/mayankin.com\/es\/product\/colgante-plata-madera-dragon-rojo\/","title":{"rendered":"Drag\u00f3n Rojo"},"content":{"rendered":"<p class=\"p1\">Este sello de Tzolkin maya mide 1.5 x 1.5cm (0.6 x 0.6 pulgadas), y fue hecho a mano con amor exclusivamente para MayanKin por la artesana <a href=\"https:\/\/mayankin.com\/es\/artisan-magali\/\" target=\"_blank\" rel=\"noopener noreferrer\"><span class=\"s1\">Magali<\/span><\/a> en Argentina. Los materiales son Plata 925 pura y maderas que var\u00edan desde Guayubira (marr\u00f3n), \u00c9bano (negro) a Jacarand\u00e1 (rojizo). El dije viene con un cord\u00f3n de gamuza y una tarjeta con el significado del arquetipo.<\/p>\n<p class=\"p1\">Cada dije es muy especial y \u00fanico, y llevarlo puesto te ayudar\u00e1 a conectar con la esencia del arquetipo!<\/p>\n<p class=\"p1\"><b>Nota:<\/b> Disponible en cantidades muy limitadas<\/p>\n","protected":false},"excerpt":{"rendered":"<p class=\"p1\">Bello Dije Artesanal de Tzolkin Maya hecho en Madera y Plata 925 pura<\/p>\n<h4><em>Esencia<\/em><\/h4>\n<p class=\"p1\">Estoy lista\/o para nuevos comienzos y\u00a0nutrirme en todos los niveles<\/p>\n<p class=\"p2\"><span class=\"s1\"><a href=\"https:\/\/mayankin.com\/es\/product-category\/dragon\/\">Aprende m\u00e1s<\/a><\/span><\/p>\n","protected":false},"featured_media":2942,"template":"","meta":{"_monsterinsights_skip_tracking":false,"_monsterinsights_sitenote_active":false,"_monsterinsights_sitenote_note":"","_monsterinsights_sitenote_category":0,"_genesis_hide_title":false,"_genesis_hide_breadcrumbs":false,"_genesis_hide_singular_image":false,"_genesis_hide_footer_widgets":false,"_genesis_custom_body_class":"","_genesis_custom_post_class":"","_genesis_layout":""},"product_brand":[],"product_cat":[53,59],"product_tag":[],"class_list":{"0":"post-2940","1":"product","2":"type-product","3":"status-publish","4":"has-post-thumbnail","6":"product_cat-plata-925-y-madera","7":"product_cat-dragon","8":"product_shipping_class-non-media","9":"entry","11":"first","12":"instock","13":"taxable","14":"shipping-taxable","15":"purchasable","16":"product-type-variable"},"yoast_head":"<!-- This site is optimized with the Yoast SEO plugin v26.6 - https:\/\/yoast.com\/wordpress\/plugins\/seo\/ -->\n<title>Drag\u00f3n Rojo - MayanKin<\/title>\n<meta name=\"robots\" content=\"index, follow, max-snippet:-1, max-image-preview:large, max-video-preview:-1\" \/>\n<link rel=\"canonical\" href=\"https:\/\/mayankin.com\/es\/product\/colgante-plata-madera-dragon-rojo\/\" \/>\n<meta property=\"og:locale\" content=\"es_ES\" \/>\n<meta property=\"og:type\" content=\"article\" \/>\n<meta property=\"og:title\" content=\"Drag\u00f3n Rojo - MayanKin\" \/>\n<meta property=\"og:description\" content=\"Bello Dije Artesanal de Tzolkin Maya hecho en Madera y Plata 925 pura  Esencia Estoy lista\/o para nuevos comienzos y\u00a0nutrirme en todos los niveles Aprende m\u00e1s\" \/>\n<meta property=\"og:url\" content=\"https:\/\/mayankin.com\/es\/product\/colgante-plata-madera-dragon-rojo\/\" \/>\n<meta property=\"og:site_name\" content=\"MayanKin\" \/>\n<meta property=\"article:publisher\" content=\"https:\/\/www.facebook.com\/MayanKinEspanol\/\" \/>\n<meta property=\"article:modified_time\" content=\"2020-05-20T07:38:43+00:00\" \/>\n<meta property=\"og:image\" content=\"https:\/\/mayankin.com\/es\/wp-content\/uploads\/2018\/12\/01-mayankin-marielamaya-bridgingworlds-tzolkin-red-dragon-glyph-wood-pendant-featured.jpg\" \/>\n\t<meta property=\"og:image:width\" content=\"333\" \/>\n\t<meta property=\"og:image:height\" content=\"333\" \/>\n\t<meta property=\"og:image:type\" content=\"image\/jpeg\" \/>\n<meta name=\"twitter:card\" content=\"summary_large_image\" \/>\n<meta name=\"twitter:site\" content=\"@mayankin\" \/>\n<script type=\"application\/ld+json\" class=\"yoast-schema-graph\">{\"@context\":\"https:\/\/schema.org\",\"@graph\":[{\"@type\":\"WebPage\",\"@id\":\"https:\/\/mayankin.com\/es\/product\/colgante-plata-madera-dragon-rojo\/\",\"url\":\"https:\/\/mayankin.com\/es\/product\/colgante-plata-madera-dragon-rojo\/\",\"name\":\"Drag\u00f3n Rojo - MayanKin\",\"isPartOf\":{\"@id\":\"https:\/\/mayankin.com\/es\/#website\"},\"primaryImageOfPage\":{\"@id\":\"https:\/\/mayankin.com\/es\/product\/colgante-plata-madera-dragon-rojo\/#primaryimage\"},\"image\":{\"@id\":\"https:\/\/mayankin.com\/es\/product\/colgante-plata-madera-dragon-rojo\/#primaryimage\"},\"thumbnailUrl\":\"https:\/\/mayankin.com\/es\/wp-content\/uploads\/2018\/12\/01-mayankin-marielamaya-bridgingworlds-tzolkin-red-dragon-glyph-wood-pendant-featured.jpg\",\"datePublished\":\"2018-12-19T23:23:13+00:00\",\"dateModified\":\"2020-05-20T07:38:43+00:00\",\"breadcrumb\":{\"@id\":\"https:\/\/mayankin.com\/es\/product\/colgante-plata-madera-dragon-rojo\/#breadcrumb\"},\"inLanguage\":\"es\",\"potentialAction\":[{\"@type\":\"ReadAction\",\"target\":[\"https:\/\/mayankin.com\/es\/product\/colgante-plata-madera-dragon-rojo\/\"]}]},{\"@type\":\"ImageObject\",\"inLanguage\":\"es\",\"@id\":\"https:\/\/mayankin.com\/es\/product\/colgante-plata-madera-dragon-rojo\/#primaryimage\",\"url\":\"https:\/\/mayankin.com\/es\/wp-content\/uploads\/2018\/12\/01-mayankin-marielamaya-bridgingworlds-tzolkin-red-dragon-glyph-wood-pendant-featured.jpg\",\"contentUrl\":\"https:\/\/mayankin.com\/es\/wp-content\/uploads\/2018\/12\/01-mayankin-marielamaya-bridgingworlds-tzolkin-red-dragon-glyph-wood-pendant-featured.jpg\",\"width\":333,\"height\":333},{\"@type\":\"BreadcrumbList\",\"@id\":\"https:\/\/mayankin.com\/es\/product\/colgante-plata-madera-dragon-rojo\/#breadcrumb\",\"itemListElement\":[{\"@type\":\"ListItem\",\"position\":1,\"name\":\"Portada\",\"item\":\"https:\/\/mayankin.com\/es\/\"},{\"@type\":\"ListItem\",\"position\":2,\"name\":\"Tienda\",\"item\":\"https:\/\/mayankin.com\/es\/tienda\/\"},{\"@type\":\"ListItem\",\"position\":3,\"name\":\"Drag\u00f3n Rojo\"}]},{\"@type\":\"WebSite\",\"@id\":\"https:\/\/mayankin.com\/es\/#website\",\"url\":\"https:\/\/mayankin.com\/es\/\",\"name\":\"MayanKin\",\"description\":\"\",\"publisher\":{\"@id\":\"https:\/\/mayankin.com\/es\/#organization\"},\"potentialAction\":[{\"@type\":\"SearchAction\",\"target\":{\"@type\":\"EntryPoint\",\"urlTemplate\":\"https:\/\/mayankin.com\/es\/?s={search_term_string}\"},\"query-input\":{\"@type\":\"PropertyValueSpecification\",\"valueRequired\":true,\"valueName\":\"search_term_string\"}}],\"inLanguage\":\"es\"},{\"@type\":\"Organization\",\"@id\":\"https:\/\/mayankin.com\/es\/#organization\",\"name\":\"MayanKin\",\"url\":\"https:\/\/mayankin.com\/es\/\",\"logo\":{\"@type\":\"ImageObject\",\"inLanguage\":\"es\",\"@id\":\"https:\/\/mayankin.com\/es\/#\/schema\/logo\/image\/\",\"url\":\"https:\/\/mayankin.com\/es\/wp-content\/uploads\/2020\/05\/MK-Logo-Redesign.png\",\"contentUrl\":\"https:\/\/mayankin.com\/es\/wp-content\/uploads\/2020\/05\/MK-Logo-Redesign.png\",\"width\":260,\"height\":105,\"caption\":\"MayanKin\"},\"image\":{\"@id\":\"https:\/\/mayankin.com\/es\/#\/schema\/logo\/image\/\"},\"sameAs\":[\"https:\/\/www.facebook.com\/MayanKinEspanol\/\",\"https:\/\/x.com\/mayankin\"]}]}<\/script>\n<!-- \/ Yoast SEO plugin. -->","yoast_head_json":{"title":"Drag\u00f3n Rojo - MayanKin","robots":{"index":"index","follow":"follow","max-snippet":"max-snippet:-1","max-image-preview":"max-image-preview:large","max-video-preview":"max-video-preview:-1"},"canonical":"https:\/\/mayankin.com\/es\/product\/colgante-plata-madera-dragon-rojo\/","og_locale":"es_ES","og_type":"article","og_title":"Drag\u00f3n Rojo - MayanKin","og_description":"Bello Dije Artesanal de Tzolkin Maya hecho en Madera y Plata 925 pura  Esencia Estoy lista\/o para nuevos comienzos y\u00a0nutrirme en todos los niveles Aprende m\u00e1s","og_url":"https:\/\/mayankin.com\/es\/product\/colgante-plata-madera-dragon-rojo\/","og_site_name":"MayanKin","article_publisher":"https:\/\/www.facebook.com\/MayanKinEspanol\/","article_modified_time":"2020-05-20T07:38:43+00:00","og_image":[{"width":333,"height":333,"url":"https:\/\/mayankin.com\/es\/wp-content\/uploads\/2018\/12\/01-mayankin-marielamaya-bridgingworlds-tzolkin-red-dragon-glyph-wood-pendant-featured.jpg","type":"image\/jpeg"}],"twitter_card":"summary_large_image","twitter_site":"@mayankin","schema":{"@context":"https:\/\/schema.org","@graph":[{"@type":"WebPage","@id":"https:\/\/mayankin.com\/es\/product\/colgante-plata-madera-dragon-rojo\/","url":"https:\/\/mayankin.com\/es\/product\/colgante-plata-madera-dragon-rojo\/","name":"Drag\u00f3n Rojo - MayanKin","isPartOf":{"@id":"https:\/\/mayankin.com\/es\/#website"},"primaryImageOfPage":{"@id":"https:\/\/mayankin.com\/es\/product\/colgante-plata-madera-dragon-rojo\/#primaryimage"},"image":{"@id":"https:\/\/mayankin.com\/es\/product\/colgante-plata-madera-dragon-rojo\/#primaryimage"},"thumbnailUrl":"https:\/\/mayankin.com\/es\/wp-content\/uploads\/2018\/12\/01-mayankin-marielamaya-bridgingworlds-tzolkin-red-dragon-glyph-wood-pendant-featured.jpg","datePublished":"2018-12-19T23:23:13+00:00","dateModified":"2020-05-20T07:38:43+00:00","breadcrumb":{"@id":"https:\/\/mayankin.com\/es\/product\/colgante-plata-madera-dragon-rojo\/#breadcrumb"},"inLanguage":"es","potentialAction":[{"@type":"ReadAction","target":["https:\/\/mayankin.com\/es\/product\/colgante-plata-madera-dragon-rojo\/"]}]},{"@type":"ImageObject","inLanguage":"es","@id":"https:\/\/mayankin.com\/es\/product\/colgante-plata-madera-dragon-rojo\/#primaryimage","url":"https:\/\/mayankin.com\/es\/wp-content\/uploads\/2018\/12\/01-mayankin-marielamaya-bridgingworlds-tzolkin-red-dragon-glyph-wood-pendant-featured.jpg","contentUrl":"https:\/\/mayankin.com\/es\/wp-content\/uploads\/2018\/12\/01-mayankin-marielamaya-bridgingworlds-tzolkin-red-dragon-glyph-wood-pendant-featured.jpg","width":333,"height":333},{"@type":"BreadcrumbList","@id":"https:\/\/mayankin.com\/es\/product\/colgante-plata-madera-dragon-rojo\/#breadcrumb","itemListElement":[{"@type":"ListItem","position":1,"name":"Portada","item":"https:\/\/mayankin.com\/es\/"},{"@type":"ListItem","position":2,"name":"Tienda","item":"https:\/\/mayankin.com\/es\/tienda\/"},{"@type":"ListItem","position":3,"name":"Drag\u00f3n Rojo"}]},{"@type":"WebSite","@id":"https:\/\/mayankin.com\/es\/#website","url":"https:\/\/mayankin.com\/es\/","name":"MayanKin","description":"","publisher":{"@id":"https:\/\/mayankin.com\/es\/#organization"},"potentialAction":[{"@type":"SearchAction","target":{"@type":"EntryPoint","urlTemplate":"https:\/\/mayankin.com\/es\/?s={search_term_string}"},"query-input":{"@type":"PropertyValueSpecification","valueRequired":true,"valueName":"search_term_string"}}],"inLanguage":"es"},{"@type":"Organization","@id":"https:\/\/mayankin.com\/es\/#organization","name":"MayanKin","url":"https:\/\/mayankin.com\/es\/","logo":{"@type":"ImageObject","inLanguage":"es","@id":"https:\/\/mayankin.com\/es\/#\/schema\/logo\/image\/","url":"https:\/\/mayankin.com\/es\/wp-content\/uploads\/2020\/05\/MK-Logo-Redesign.png","contentUrl":"https:\/\/mayankin.com\/es\/wp-content\/uploads\/2020\/05\/MK-Logo-Redesign.png","width":260,"height":105,"caption":"MayanKin"},"image":{"@id":"https:\/\/mayankin.com\/es\/#\/schema\/logo\/image\/"},"sameAs":["https:\/\/www.facebook.com\/MayanKinEspanol\/","https:\/\/x.com\/mayankin"]}]}},"_links":{"self":[{"href":"https:\/\/mayankin.com\/es\/wp-json\/wp\/v2\/product\/2940","targetHints":{"allow":["GET"]}}],"collection":[{"href":"https:\/\/mayankin.com\/es\/wp-json\/wp\/v2\/product"}],"about":[{"href":"https:\/\/mayankin.com\/es\/wp-json\/wp\/v2\/types\/product"}],"wp:featuredmedia":[{"embeddable":true,"href":"https:\/\/mayankin.com\/es\/wp-json\/wp\/v2\/media\/2942"}],"wp:attachment":[{"href":"https:\/\/mayankin.com\/es\/wp-json\/wp\/v2\/media?parent=2940"}],"wp:term":[{"taxonomy":"product_brand","embeddable":true,"href":"https:\/\/mayankin.com\/es\/wp-json\/wp\/v2\/product_brand?post=2940"},{"taxonomy":"product_cat","embeddable":true,"href":"https:\/\/mayankin.com\/es\/wp-json\/wp\/v2\/product_cat?post=2940"},{"taxonomy":"product_tag","embeddable":true,"href":"https:\/\/mayankin.com\/es\/wp-json\/wp\/v2\/product_tag?post=2940"}],"curies":[{"name":"wp","href":"https:\/\/api.w.org\/{rel}","templated":true}]}}