{"id":2240,"date":"2018-11-08T02:44:34","date_gmt":"2018-11-08T02:44:34","guid":{"rendered":"https:\/\/mayankin.com\/es\/?post_type=product&#038;p=2240"},"modified":"2021-07-10T22:01:05","modified_gmt":"2021-07-11T05:01:05","slug":"from-conscious-re-birth-to-illumination","status":"publish","type":"product","link":"https:\/\/mayankin.com\/es\/product\/from-conscious-re-birth-to-illumination\/","title":{"rendered":"M\u00fasica para el Alma"},"content":{"rendered":"<p>La intenci\u00f3n detr\u00e1s de la creaci\u00f3n de esta m\u00fasica para el alma, adem\u00e1s de proporcionar una experiencia hermosa y relajante, es servir como una herramienta significativa y pr\u00e1ctica para la evoluci\u00f3n consciente. La melod\u00eda y los instrumentos fueron cuidadosamente seleccionados para ayudarte a sintonizar con la energ\u00eda\/frecuencia mientras facilita el proceso de auto-reflexi\u00f3n y transformaci\u00f3n.<\/p>\n<p>Estas piezas musicales \u00fanicas fueron creadas y grabadas exclusivamente para MayanKin usando solamente instrumentos cl\u00e1sicos y sagrados en un escenario \"en vivo\", y sin la adici\u00f3n de sonidos generados digitalmente.<\/p>\n","protected":false},"excerpt":{"rendered":"<p>Disfruta de m\u00fasica relajante para el alma compuesta a trav\u00e9s de e infundida con las energ\u00edas de los veinte arquetipos del Tzolkin<\/p>\n","protected":false},"featured_media":2773,"template":"","meta":{"_monsterinsights_skip_tracking":false,"_monsterinsights_sitenote_active":false,"_monsterinsights_sitenote_note":"","_monsterinsights_sitenote_category":0,"_genesis_hide_title":false,"_genesis_hide_breadcrumbs":false,"_genesis_hide_singular_image":false,"_genesis_hide_footer_widgets":false,"_genesis_custom_body_class":"","_genesis_custom_post_class":"","_genesis_layout":""},"product_brand":[],"product_cat":[19],"product_tag":[],"class_list":{"0":"post-2240","1":"product","2":"type-product","3":"status-publish","4":"has-post-thumbnail","6":"product_cat-tzolkin","7":"product_shipping_class-media","8":"entry","10":"first","11":"instock","12":"taxable","13":"shipping-taxable","14":"purchasable","15":"product-type-simple"},"yoast_head":"<!-- This site is optimized with the Yoast SEO plugin v26.6 - https:\/\/yoast.com\/wordpress\/plugins\/seo\/ -->\n<title>M\u00fasica para el Alma - MayanKin<\/title>\n<meta name=\"robots\" content=\"index, follow, max-snippet:-1, max-image-preview:large, max-video-preview:-1\" \/>\n<link rel=\"canonical\" href=\"https:\/\/mayankin.com\/es\/product\/from-conscious-re-birth-to-illumination\/\" \/>\n<meta property=\"og:locale\" content=\"es_ES\" \/>\n<meta property=\"og:type\" content=\"article\" \/>\n<meta property=\"og:title\" content=\"M\u00fasica para el Alma - MayanKin\" \/>\n<meta property=\"og:description\" content=\"Disfruta de m\u00fasica relajante para el alma compuesta a trav\u00e9s de e infundida con las energ\u00edas de los veinte arquetipos del Tzolkin\" \/>\n<meta property=\"og:url\" content=\"https:\/\/mayankin.com\/es\/product\/from-conscious-re-birth-to-illumination\/\" \/>\n<meta property=\"og:site_name\" content=\"MayanKin\" \/>\n<meta property=\"article:publisher\" content=\"https:\/\/www.facebook.com\/MayanKinEspanol\/\" \/>\n<meta property=\"article:modified_time\" content=\"2021-07-11T05:01:05+00:00\" \/>\n<meta property=\"og:image\" content=\"https:\/\/mayankin.com\/es\/wp-content\/uploads\/2018\/11\/mayankin-marielamaya-bridgingworlds-tzolkin-from-conscious-rebirth-to-illumination-product-image.jpg\" \/>\n\t<meta property=\"og:image:width\" content=\"555\" \/>\n\t<meta property=\"og:image:height\" content=\"555\" \/>\n\t<meta property=\"og:image:type\" content=\"image\/jpeg\" \/>\n<meta name=\"twitter:card\" content=\"summary_large_image\" \/>\n<meta name=\"twitter:site\" content=\"@mayankin\" \/>\n<script type=\"application\/ld+json\" class=\"yoast-schema-graph\">{\"@context\":\"https:\/\/schema.org\",\"@graph\":[{\"@type\":\"WebPage\",\"@id\":\"https:\/\/mayankin.com\/es\/product\/from-conscious-re-birth-to-illumination\/\",\"url\":\"https:\/\/mayankin.com\/es\/product\/from-conscious-re-birth-to-illumination\/\",\"name\":\"M\u00fasica para el Alma - MayanKin\",\"isPartOf\":{\"@id\":\"https:\/\/mayankin.com\/es\/#website\"},\"primaryImageOfPage\":{\"@id\":\"https:\/\/mayankin.com\/es\/product\/from-conscious-re-birth-to-illumination\/#primaryimage\"},\"image\":{\"@id\":\"https:\/\/mayankin.com\/es\/product\/from-conscious-re-birth-to-illumination\/#primaryimage\"},\"thumbnailUrl\":\"https:\/\/mayankin.com\/es\/wp-content\/uploads\/2018\/11\/mayankin-marielamaya-bridgingworlds-tzolkin-from-conscious-rebirth-to-illumination-product-image.jpg\",\"datePublished\":\"2018-11-08T02:44:34+00:00\",\"dateModified\":\"2021-07-11T05:01:05+00:00\",\"breadcrumb\":{\"@id\":\"https:\/\/mayankin.com\/es\/product\/from-conscious-re-birth-to-illumination\/#breadcrumb\"},\"inLanguage\":\"es\",\"potentialAction\":[{\"@type\":\"ReadAction\",\"target\":[\"https:\/\/mayankin.com\/es\/product\/from-conscious-re-birth-to-illumination\/\"]}]},{\"@type\":\"ImageObject\",\"inLanguage\":\"es\",\"@id\":\"https:\/\/mayankin.com\/es\/product\/from-conscious-re-birth-to-illumination\/#primaryimage\",\"url\":\"https:\/\/mayankin.com\/es\/wp-content\/uploads\/2018\/11\/mayankin-marielamaya-bridgingworlds-tzolkin-from-conscious-rebirth-to-illumination-product-image.jpg\",\"contentUrl\":\"https:\/\/mayankin.com\/es\/wp-content\/uploads\/2018\/11\/mayankin-marielamaya-bridgingworlds-tzolkin-from-conscious-rebirth-to-illumination-product-image.jpg\",\"width\":555,\"height\":555},{\"@type\":\"BreadcrumbList\",\"@id\":\"https:\/\/mayankin.com\/es\/product\/from-conscious-re-birth-to-illumination\/#breadcrumb\",\"itemListElement\":[{\"@type\":\"ListItem\",\"position\":1,\"name\":\"Portada\",\"item\":\"https:\/\/mayankin.com\/es\/\"},{\"@type\":\"ListItem\",\"position\":2,\"name\":\"Tienda\",\"item\":\"https:\/\/mayankin.com\/es\/tienda\/\"},{\"@type\":\"ListItem\",\"position\":3,\"name\":\"M\u00fasica para el Alma\"}]},{\"@type\":\"WebSite\",\"@id\":\"https:\/\/mayankin.com\/es\/#website\",\"url\":\"https:\/\/mayankin.com\/es\/\",\"name\":\"MayanKin\",\"description\":\"\",\"publisher\":{\"@id\":\"https:\/\/mayankin.com\/es\/#organization\"},\"potentialAction\":[{\"@type\":\"SearchAction\",\"target\":{\"@type\":\"EntryPoint\",\"urlTemplate\":\"https:\/\/mayankin.com\/es\/?s={search_term_string}\"},\"query-input\":{\"@type\":\"PropertyValueSpecification\",\"valueRequired\":true,\"valueName\":\"search_term_string\"}}],\"inLanguage\":\"es\"},{\"@type\":\"Organization\",\"@id\":\"https:\/\/mayankin.com\/es\/#organization\",\"name\":\"MayanKin\",\"url\":\"https:\/\/mayankin.com\/es\/\",\"logo\":{\"@type\":\"ImageObject\",\"inLanguage\":\"es\",\"@id\":\"https:\/\/mayankin.com\/es\/#\/schema\/logo\/image\/\",\"url\":\"https:\/\/mayankin.com\/es\/wp-content\/uploads\/2020\/05\/MK-Logo-Redesign.png\",\"contentUrl\":\"https:\/\/mayankin.com\/es\/wp-content\/uploads\/2020\/05\/MK-Logo-Redesign.png\",\"width\":260,\"height\":105,\"caption\":\"MayanKin\"},\"image\":{\"@id\":\"https:\/\/mayankin.com\/es\/#\/schema\/logo\/image\/\"},\"sameAs\":[\"https:\/\/www.facebook.com\/MayanKinEspanol\/\",\"https:\/\/x.com\/mayankin\"]}]}<\/script>\n<!-- \/ Yoast SEO plugin. -->","yoast_head_json":{"title":"M\u00fasica para el Alma - MayanKin","robots":{"index":"index","follow":"follow","max-snippet":"max-snippet:-1","max-image-preview":"max-image-preview:large","max-video-preview":"max-video-preview:-1"},"canonical":"https:\/\/mayankin.com\/es\/product\/from-conscious-re-birth-to-illumination\/","og_locale":"es_ES","og_type":"article","og_title":"M\u00fasica para el Alma - MayanKin","og_description":"Disfruta de m\u00fasica relajante para el alma compuesta a trav\u00e9s de e infundida con las energ\u00edas de los veinte arquetipos del Tzolkin","og_url":"https:\/\/mayankin.com\/es\/product\/from-conscious-re-birth-to-illumination\/","og_site_name":"MayanKin","article_publisher":"https:\/\/www.facebook.com\/MayanKinEspanol\/","article_modified_time":"2021-07-11T05:01:05+00:00","og_image":[{"width":555,"height":555,"url":"https:\/\/mayankin.com\/es\/wp-content\/uploads\/2018\/11\/mayankin-marielamaya-bridgingworlds-tzolkin-from-conscious-rebirth-to-illumination-product-image.jpg","type":"image\/jpeg"}],"twitter_card":"summary_large_image","twitter_site":"@mayankin","schema":{"@context":"https:\/\/schema.org","@graph":[{"@type":"WebPage","@id":"https:\/\/mayankin.com\/es\/product\/from-conscious-re-birth-to-illumination\/","url":"https:\/\/mayankin.com\/es\/product\/from-conscious-re-birth-to-illumination\/","name":"M\u00fasica para el Alma - MayanKin","isPartOf":{"@id":"https:\/\/mayankin.com\/es\/#website"},"primaryImageOfPage":{"@id":"https:\/\/mayankin.com\/es\/product\/from-conscious-re-birth-to-illumination\/#primaryimage"},"image":{"@id":"https:\/\/mayankin.com\/es\/product\/from-conscious-re-birth-to-illumination\/#primaryimage"},"thumbnailUrl":"https:\/\/mayankin.com\/es\/wp-content\/uploads\/2018\/11\/mayankin-marielamaya-bridgingworlds-tzolkin-from-conscious-rebirth-to-illumination-product-image.jpg","datePublished":"2018-11-08T02:44:34+00:00","dateModified":"2021-07-11T05:01:05+00:00","breadcrumb":{"@id":"https:\/\/mayankin.com\/es\/product\/from-conscious-re-birth-to-illumination\/#breadcrumb"},"inLanguage":"es","potentialAction":[{"@type":"ReadAction","target":["https:\/\/mayankin.com\/es\/product\/from-conscious-re-birth-to-illumination\/"]}]},{"@type":"ImageObject","inLanguage":"es","@id":"https:\/\/mayankin.com\/es\/product\/from-conscious-re-birth-to-illumination\/#primaryimage","url":"https:\/\/mayankin.com\/es\/wp-content\/uploads\/2018\/11\/mayankin-marielamaya-bridgingworlds-tzolkin-from-conscious-rebirth-to-illumination-product-image.jpg","contentUrl":"https:\/\/mayankin.com\/es\/wp-content\/uploads\/2018\/11\/mayankin-marielamaya-bridgingworlds-tzolkin-from-conscious-rebirth-to-illumination-product-image.jpg","width":555,"height":555},{"@type":"BreadcrumbList","@id":"https:\/\/mayankin.com\/es\/product\/from-conscious-re-birth-to-illumination\/#breadcrumb","itemListElement":[{"@type":"ListItem","position":1,"name":"Portada","item":"https:\/\/mayankin.com\/es\/"},{"@type":"ListItem","position":2,"name":"Tienda","item":"https:\/\/mayankin.com\/es\/tienda\/"},{"@type":"ListItem","position":3,"name":"M\u00fasica para el Alma"}]},{"@type":"WebSite","@id":"https:\/\/mayankin.com\/es\/#website","url":"https:\/\/mayankin.com\/es\/","name":"MayanKin","description":"","publisher":{"@id":"https:\/\/mayankin.com\/es\/#organization"},"potentialAction":[{"@type":"SearchAction","target":{"@type":"EntryPoint","urlTemplate":"https:\/\/mayankin.com\/es\/?s={search_term_string}"},"query-input":{"@type":"PropertyValueSpecification","valueRequired":true,"valueName":"search_term_string"}}],"inLanguage":"es"},{"@type":"Organization","@id":"https:\/\/mayankin.com\/es\/#organization","name":"MayanKin","url":"https:\/\/mayankin.com\/es\/","logo":{"@type":"ImageObject","inLanguage":"es","@id":"https:\/\/mayankin.com\/es\/#\/schema\/logo\/image\/","url":"https:\/\/mayankin.com\/es\/wp-content\/uploads\/2020\/05\/MK-Logo-Redesign.png","contentUrl":"https:\/\/mayankin.com\/es\/wp-content\/uploads\/2020\/05\/MK-Logo-Redesign.png","width":260,"height":105,"caption":"MayanKin"},"image":{"@id":"https:\/\/mayankin.com\/es\/#\/schema\/logo\/image\/"},"sameAs":["https:\/\/www.facebook.com\/MayanKinEspanol\/","https:\/\/x.com\/mayankin"]}]}},"_links":{"self":[{"href":"https:\/\/mayankin.com\/es\/wp-json\/wp\/v2\/product\/2240","targetHints":{"allow":["GET"]}}],"collection":[{"href":"https:\/\/mayankin.com\/es\/wp-json\/wp\/v2\/product"}],"about":[{"href":"https:\/\/mayankin.com\/es\/wp-json\/wp\/v2\/types\/product"}],"wp:featuredmedia":[{"embeddable":true,"href":"https:\/\/mayankin.com\/es\/wp-json\/wp\/v2\/media\/2773"}],"wp:attachment":[{"href":"https:\/\/mayankin.com\/es\/wp-json\/wp\/v2\/media?parent=2240"}],"wp:term":[{"taxonomy":"product_brand","embeddable":true,"href":"https:\/\/mayankin.com\/es\/wp-json\/wp\/v2\/product_brand?post=2240"},{"taxonomy":"product_cat","embeddable":true,"href":"https:\/\/mayankin.com\/es\/wp-json\/wp\/v2\/product_cat?post=2240"},{"taxonomy":"product_tag","embeddable":true,"href":"https:\/\/mayankin.com\/es\/wp-json\/wp\/v2\/product_tag?post=2240"}],"curies":[{"name":"wp","href":"https:\/\/api.w.org\/{rel}","templated":true}]}}