{"id":2212,"date":"2018-11-07T18:48:19","date_gmt":"2018-11-07T18:48:19","guid":{"rendered":"https:\/\/mayankin.com\/es\/?post_type=product&#038;p=2212"},"modified":"2021-07-10T22:02:31","modified_gmt":"2021-07-11T05:02:31","slug":"guia-practica-del-tzolkin","status":"publish","type":"product","link":"https:\/\/mayankin.com\/es\/product\/guia-practica-del-tzolkin\/","title":{"rendered":"Gu\u00eda Pr\u00e1ctica del Tzolkin"},"content":{"rendered":"<p>En mi camino para convertirme en una mariposa, despu\u00e9s de dos d\u00e9cadas de usar la interpretaci\u00f3n moderna del Tzolkin en correlaci\u00f3n con el Calendario de las 13 Lunas, este libro se ha manifestado como una forma de compartir c\u00f3mo me conecto personalmente con el Tzolkin a trav\u00e9s de un enfoque pr\u00e1ctico y \u00fanico que funciona de maneras maravillosas y sincr\u00f3nicas. Escrito para un f\u00e1cil aprendizaje con muchas ilustraciones y ejemplos, obtendr\u00e1s sabidur\u00eda y herramientas pr\u00e1cticas que puedes implementar de inmediato. No se requieren de antecedentes especiales o conocimientos previos, solo la voluntad de experimentar la vida de maneras m\u00e1s conscientes, alegres y coloridas.<\/p>\n<p>Nota: El libro impreso se encuentra solamente en ingl\u00e9s. La versi\u00f3n digital ebook en espa\u00f1ol estar\u00e1 disponible en breve.<\/p>\n","protected":false},"excerpt":{"rendered":"<p>Quieres aprender una herramienta divertida, \u00fatil y significativa para el crecimiento y transformaci\u00f3n personal que puedes poner en pr\u00e1ctica de inmediato? Este libro te proporcionar\u00e1 de una manera amena la descripci\u00f3n de conceptos y componentes b\u00e1sicos del Tzolkin, y las diversas lecturas con ejemplos claros e ilustraciones coloridas<\/p>\n<p><em>El libro se encuentra por el momento solo en ingl\u00e9s<\/em><\/p>\n<p>&nbsp;<\/p>\n","protected":false},"featured_media":2787,"template":"","meta":{"_monsterinsights_skip_tracking":false,"_monsterinsights_sitenote_active":false,"_monsterinsights_sitenote_note":"","_monsterinsights_sitenote_category":0,"_genesis_hide_title":false,"_genesis_hide_breadcrumbs":false,"_genesis_hide_singular_image":false,"_genesis_hide_footer_widgets":false,"_genesis_custom_body_class":"","_genesis_custom_post_class":"","_genesis_layout":""},"product_brand":[],"product_cat":[19],"product_tag":[],"class_list":{"0":"post-2212","1":"product","2":"type-product","3":"status-publish","4":"has-post-thumbnail","6":"product_cat-tzolkin","7":"product_shipping_class-media","8":"entry","10":"first","11":"instock","12":"taxable","13":"shipping-taxable","14":"purchasable","15":"product-type-simple"},"yoast_head":"<!-- This site is optimized with the Yoast SEO plugin v26.6 - https:\/\/yoast.com\/wordpress\/plugins\/seo\/ -->\n<title>Gu\u00eda Pr\u00e1ctica del Tzolkin \u2013 Libro sobre lo B\u00e1sico y Lecturas | MayanKin<\/title>\n<meta name=\"description\" content=\"Quieres aprender una herramienta divertida, \u00fatil y significativa para el crecimiento y transformaci\u00f3n personal que puedes poner en pr\u00e1ctica de inmediato?\" \/>\n<meta name=\"robots\" content=\"index, follow, max-snippet:-1, max-image-preview:large, max-video-preview:-1\" \/>\n<link rel=\"canonical\" href=\"https:\/\/mayankin.com\/es\/product\/guia-practica-del-tzolkin\/\" \/>\n<meta property=\"og:locale\" content=\"es_ES\" \/>\n<meta property=\"og:type\" content=\"article\" \/>\n<meta property=\"og:title\" content=\"Gu\u00eda Pr\u00e1ctica del Tzolkin \u2013 Libro sobre lo B\u00e1sico y Lecturas | MayanKin\" \/>\n<meta property=\"og:description\" content=\"Quieres aprender una herramienta divertida, \u00fatil y significativa para el crecimiento y transformaci\u00f3n personal que puedes poner en pr\u00e1ctica de inmediato?\" \/>\n<meta property=\"og:url\" content=\"https:\/\/mayankin.com\/es\/product\/guia-practica-del-tzolkin\/\" \/>\n<meta property=\"og:site_name\" content=\"MayanKin\" \/>\n<meta property=\"article:publisher\" content=\"https:\/\/www.facebook.com\/MayanKinEspanol\/\" \/>\n<meta property=\"article:modified_time\" content=\"2021-07-11T05:02:31+00:00\" \/>\n<meta property=\"og:image\" content=\"https:\/\/mayankin.com\/es\/wp-content\/uploads\/2018\/11\/mayankin-marielamaya-bridgingworlds-practical-guide-to-the-tzolkin-product-image.jpg\" \/>\n\t<meta property=\"og:image:width\" content=\"555\" \/>\n\t<meta property=\"og:image:height\" content=\"555\" \/>\n\t<meta property=\"og:image:type\" content=\"image\/jpeg\" \/>\n<meta name=\"twitter:card\" content=\"summary_large_image\" \/>\n<meta name=\"twitter:site\" content=\"@mayankin\" \/>\n<meta name=\"twitter:label1\" content=\"Tiempo de lectura\" \/>\n\t<meta name=\"twitter:data1\" content=\"1 minuto\" \/>\n<script type=\"application\/ld+json\" class=\"yoast-schema-graph\">{\"@context\":\"https:\/\/schema.org\",\"@graph\":[{\"@type\":\"WebPage\",\"@id\":\"https:\/\/mayankin.com\/es\/product\/guia-practica-del-tzolkin\/\",\"url\":\"https:\/\/mayankin.com\/es\/product\/guia-practica-del-tzolkin\/\",\"name\":\"Gu\u00eda Pr\u00e1ctica del Tzolkin \u2013 Libro sobre lo B\u00e1sico y Lecturas | MayanKin\",\"isPartOf\":{\"@id\":\"https:\/\/mayankin.com\/es\/#website\"},\"primaryImageOfPage\":{\"@id\":\"https:\/\/mayankin.com\/es\/product\/guia-practica-del-tzolkin\/#primaryimage\"},\"image\":{\"@id\":\"https:\/\/mayankin.com\/es\/product\/guia-practica-del-tzolkin\/#primaryimage\"},\"thumbnailUrl\":\"https:\/\/mayankin.com\/es\/wp-content\/uploads\/2018\/11\/mayankin-marielamaya-bridgingworlds-practical-guide-to-the-tzolkin-product-image.jpg\",\"datePublished\":\"2018-11-07T18:48:19+00:00\",\"dateModified\":\"2021-07-11T05:02:31+00:00\",\"description\":\"Quieres aprender una herramienta divertida, \u00fatil y significativa para el crecimiento y transformaci\u00f3n personal que puedes poner en pr\u00e1ctica de inmediato?\",\"breadcrumb\":{\"@id\":\"https:\/\/mayankin.com\/es\/product\/guia-practica-del-tzolkin\/#breadcrumb\"},\"inLanguage\":\"es\",\"potentialAction\":[{\"@type\":\"ReadAction\",\"target\":[\"https:\/\/mayankin.com\/es\/product\/guia-practica-del-tzolkin\/\"]}]},{\"@type\":\"ImageObject\",\"inLanguage\":\"es\",\"@id\":\"https:\/\/mayankin.com\/es\/product\/guia-practica-del-tzolkin\/#primaryimage\",\"url\":\"https:\/\/mayankin.com\/es\/wp-content\/uploads\/2018\/11\/mayankin-marielamaya-bridgingworlds-practical-guide-to-the-tzolkin-product-image.jpg\",\"contentUrl\":\"https:\/\/mayankin.com\/es\/wp-content\/uploads\/2018\/11\/mayankin-marielamaya-bridgingworlds-practical-guide-to-the-tzolkin-product-image.jpg\",\"width\":555,\"height\":555},{\"@type\":\"BreadcrumbList\",\"@id\":\"https:\/\/mayankin.com\/es\/product\/guia-practica-del-tzolkin\/#breadcrumb\",\"itemListElement\":[{\"@type\":\"ListItem\",\"position\":1,\"name\":\"Portada\",\"item\":\"https:\/\/mayankin.com\/es\/\"},{\"@type\":\"ListItem\",\"position\":2,\"name\":\"Tienda\",\"item\":\"https:\/\/mayankin.com\/es\/tienda\/\"},{\"@type\":\"ListItem\",\"position\":3,\"name\":\"Gu\u00eda Pr\u00e1ctica del Tzolkin\"}]},{\"@type\":\"WebSite\",\"@id\":\"https:\/\/mayankin.com\/es\/#website\",\"url\":\"https:\/\/mayankin.com\/es\/\",\"name\":\"MayanKin\",\"description\":\"\",\"publisher\":{\"@id\":\"https:\/\/mayankin.com\/es\/#organization\"},\"potentialAction\":[{\"@type\":\"SearchAction\",\"target\":{\"@type\":\"EntryPoint\",\"urlTemplate\":\"https:\/\/mayankin.com\/es\/?s={search_term_string}\"},\"query-input\":{\"@type\":\"PropertyValueSpecification\",\"valueRequired\":true,\"valueName\":\"search_term_string\"}}],\"inLanguage\":\"es\"},{\"@type\":\"Organization\",\"@id\":\"https:\/\/mayankin.com\/es\/#organization\",\"name\":\"MayanKin\",\"url\":\"https:\/\/mayankin.com\/es\/\",\"logo\":{\"@type\":\"ImageObject\",\"inLanguage\":\"es\",\"@id\":\"https:\/\/mayankin.com\/es\/#\/schema\/logo\/image\/\",\"url\":\"https:\/\/mayankin.com\/es\/wp-content\/uploads\/2020\/05\/MK-Logo-Redesign.png\",\"contentUrl\":\"https:\/\/mayankin.com\/es\/wp-content\/uploads\/2020\/05\/MK-Logo-Redesign.png\",\"width\":260,\"height\":105,\"caption\":\"MayanKin\"},\"image\":{\"@id\":\"https:\/\/mayankin.com\/es\/#\/schema\/logo\/image\/\"},\"sameAs\":[\"https:\/\/www.facebook.com\/MayanKinEspanol\/\",\"https:\/\/x.com\/mayankin\"]}]}<\/script>\n<!-- \/ Yoast SEO plugin. -->","yoast_head_json":{"title":"Gu\u00eda Pr\u00e1ctica del Tzolkin \u2013 Libro sobre lo B\u00e1sico y Lecturas | MayanKin","description":"Quieres aprender una herramienta divertida, \u00fatil y significativa para el crecimiento y transformaci\u00f3n personal que puedes poner en pr\u00e1ctica de inmediato?","robots":{"index":"index","follow":"follow","max-snippet":"max-snippet:-1","max-image-preview":"max-image-preview:large","max-video-preview":"max-video-preview:-1"},"canonical":"https:\/\/mayankin.com\/es\/product\/guia-practica-del-tzolkin\/","og_locale":"es_ES","og_type":"article","og_title":"Gu\u00eda Pr\u00e1ctica del Tzolkin \u2013 Libro sobre lo B\u00e1sico y Lecturas | MayanKin","og_description":"Quieres aprender una herramienta divertida, \u00fatil y significativa para el crecimiento y transformaci\u00f3n personal que puedes poner en pr\u00e1ctica de inmediato?","og_url":"https:\/\/mayankin.com\/es\/product\/guia-practica-del-tzolkin\/","og_site_name":"MayanKin","article_publisher":"https:\/\/www.facebook.com\/MayanKinEspanol\/","article_modified_time":"2021-07-11T05:02:31+00:00","og_image":[{"width":555,"height":555,"url":"https:\/\/mayankin.com\/es\/wp-content\/uploads\/2018\/11\/mayankin-marielamaya-bridgingworlds-practical-guide-to-the-tzolkin-product-image.jpg","type":"image\/jpeg"}],"twitter_card":"summary_large_image","twitter_site":"@mayankin","twitter_misc":{"Tiempo de lectura":"1 minuto"},"schema":{"@context":"https:\/\/schema.org","@graph":[{"@type":"WebPage","@id":"https:\/\/mayankin.com\/es\/product\/guia-practica-del-tzolkin\/","url":"https:\/\/mayankin.com\/es\/product\/guia-practica-del-tzolkin\/","name":"Gu\u00eda Pr\u00e1ctica del Tzolkin \u2013 Libro sobre lo B\u00e1sico y Lecturas | MayanKin","isPartOf":{"@id":"https:\/\/mayankin.com\/es\/#website"},"primaryImageOfPage":{"@id":"https:\/\/mayankin.com\/es\/product\/guia-practica-del-tzolkin\/#primaryimage"},"image":{"@id":"https:\/\/mayankin.com\/es\/product\/guia-practica-del-tzolkin\/#primaryimage"},"thumbnailUrl":"https:\/\/mayankin.com\/es\/wp-content\/uploads\/2018\/11\/mayankin-marielamaya-bridgingworlds-practical-guide-to-the-tzolkin-product-image.jpg","datePublished":"2018-11-07T18:48:19+00:00","dateModified":"2021-07-11T05:02:31+00:00","description":"Quieres aprender una herramienta divertida, \u00fatil y significativa para el crecimiento y transformaci\u00f3n personal que puedes poner en pr\u00e1ctica de inmediato?","breadcrumb":{"@id":"https:\/\/mayankin.com\/es\/product\/guia-practica-del-tzolkin\/#breadcrumb"},"inLanguage":"es","potentialAction":[{"@type":"ReadAction","target":["https:\/\/mayankin.com\/es\/product\/guia-practica-del-tzolkin\/"]}]},{"@type":"ImageObject","inLanguage":"es","@id":"https:\/\/mayankin.com\/es\/product\/guia-practica-del-tzolkin\/#primaryimage","url":"https:\/\/mayankin.com\/es\/wp-content\/uploads\/2018\/11\/mayankin-marielamaya-bridgingworlds-practical-guide-to-the-tzolkin-product-image.jpg","contentUrl":"https:\/\/mayankin.com\/es\/wp-content\/uploads\/2018\/11\/mayankin-marielamaya-bridgingworlds-practical-guide-to-the-tzolkin-product-image.jpg","width":555,"height":555},{"@type":"BreadcrumbList","@id":"https:\/\/mayankin.com\/es\/product\/guia-practica-del-tzolkin\/#breadcrumb","itemListElement":[{"@type":"ListItem","position":1,"name":"Portada","item":"https:\/\/mayankin.com\/es\/"},{"@type":"ListItem","position":2,"name":"Tienda","item":"https:\/\/mayankin.com\/es\/tienda\/"},{"@type":"ListItem","position":3,"name":"Gu\u00eda Pr\u00e1ctica del Tzolkin"}]},{"@type":"WebSite","@id":"https:\/\/mayankin.com\/es\/#website","url":"https:\/\/mayankin.com\/es\/","name":"MayanKin","description":"","publisher":{"@id":"https:\/\/mayankin.com\/es\/#organization"},"potentialAction":[{"@type":"SearchAction","target":{"@type":"EntryPoint","urlTemplate":"https:\/\/mayankin.com\/es\/?s={search_term_string}"},"query-input":{"@type":"PropertyValueSpecification","valueRequired":true,"valueName":"search_term_string"}}],"inLanguage":"es"},{"@type":"Organization","@id":"https:\/\/mayankin.com\/es\/#organization","name":"MayanKin","url":"https:\/\/mayankin.com\/es\/","logo":{"@type":"ImageObject","inLanguage":"es","@id":"https:\/\/mayankin.com\/es\/#\/schema\/logo\/image\/","url":"https:\/\/mayankin.com\/es\/wp-content\/uploads\/2020\/05\/MK-Logo-Redesign.png","contentUrl":"https:\/\/mayankin.com\/es\/wp-content\/uploads\/2020\/05\/MK-Logo-Redesign.png","width":260,"height":105,"caption":"MayanKin"},"image":{"@id":"https:\/\/mayankin.com\/es\/#\/schema\/logo\/image\/"},"sameAs":["https:\/\/www.facebook.com\/MayanKinEspanol\/","https:\/\/x.com\/mayankin"]}]}},"_links":{"self":[{"href":"https:\/\/mayankin.com\/es\/wp-json\/wp\/v2\/product\/2212","targetHints":{"allow":["GET"]}}],"collection":[{"href":"https:\/\/mayankin.com\/es\/wp-json\/wp\/v2\/product"}],"about":[{"href":"https:\/\/mayankin.com\/es\/wp-json\/wp\/v2\/types\/product"}],"wp:featuredmedia":[{"embeddable":true,"href":"https:\/\/mayankin.com\/es\/wp-json\/wp\/v2\/media\/2787"}],"wp:attachment":[{"href":"https:\/\/mayankin.com\/es\/wp-json\/wp\/v2\/media?parent=2212"}],"wp:term":[{"taxonomy":"product_brand","embeddable":true,"href":"https:\/\/mayankin.com\/es\/wp-json\/wp\/v2\/product_brand?post=2212"},{"taxonomy":"product_cat","embeddable":true,"href":"https:\/\/mayankin.com\/es\/wp-json\/wp\/v2\/product_cat?post=2212"},{"taxonomy":"product_tag","embeddable":true,"href":"https:\/\/mayankin.com\/es\/wp-json\/wp\/v2\/product_tag?post=2212"}],"curies":[{"name":"wp","href":"https:\/\/api.w.org\/{rel}","templated":true}]}}