{"id":15959,"date":"2023-10-11T22:04:49","date_gmt":"2023-10-12T03:04:49","guid":{"rendered":"https:\/\/mayankin.com\/es\/?post_type=product&#038;p=15959"},"modified":"2025-10-21T13:06:35","modified_gmt":"2025-10-21T18:06:35","slug":"agenda-diaria-tzolkin-102123","status":"publish","type":"product","link":"https:\/\/mayankin.com\/es\/product\/agenda-diaria-tzolkin-102123\/","title":{"rendered":"Agenda Diaria Tzolkin"},"content":{"rendered":"<p><strong>Ciclo de Tzolkin actual del 21 de Octubre 2023 al 7 de Julio 2024<\/strong><\/p>\n<p>Esta agenda diaria nos invita a escuchar nuestros corazones y elegir desde el lugar del amor. Sirve como un recordatorio acerca de la importancia de reconectarse con uno mismo, con los dem\u00e1s, con la vida, con la Naturaleza y con el esp\u00edritu de maneras m\u00e1s profundas, mientras integramos todo lo que hemos aprendido a trav\u00e9s de nuestras propias experiencias de vida.<\/p>\n<p>La Misama est\u00e1 dise\u00f1ada de manera f\u00e1cil de utilizar. Adem\u00e1s de las explicaciones al comienzo y final, la misma contiene p\u00e1ginas dedicadas a los Castillos y una hoja por Onda Encantada para usar como planificador.<\/p>\n<p>Las peque\u00f1as mariposas para las 20 Ondas Encantadas son para que las colorees y actives sus energ\u00edas al comienzo de cada OE. Las descripciones que siguen sirven como semilla de inspiraci\u00f3n para que puedas conectarte, reflexionar y continuar explorando la sabidur\u00eda y ense\u00f1anzas del arquetipo. Y la Onda Encantada corporizada debajo es una invitaci\u00f3n para que muevas tus articulaciones, sientas tu cuerpo, sueltes bloqueos y permitas que las energ\u00edas fluyan dentro de ti.<\/p>\n<p>Feliz ciclo!<\/p>\n<p>Notas:<\/p>\n<ul>\n<li>Producto <strong>digital<\/strong> en formato PDF (tama\u00f1o de papel carta o A4)<\/li>\n<li>Podr\u00e1s <strong>descargar la agenda<\/strong> despu\u00e9s de completar el pago. Tambi\u00e9n recibir\u00e1s por email el enlace de descarga<\/li>\n<li>Basado en la versi\u00f3n del Encantamiento del Sue\u00f1o del Tzolkin en correlaci\u00f3n con el Calendario de 13 Lunas, este ciclo comienza el 21 de Octubre de 2023 y finaliza el 7 de Julio de 2024<\/li>\n<\/ul>\n","protected":false},"excerpt":{"rendered":"<p><strong>Ciclo de Tzolkin actual del 21 de Octubre 2023 al 7 de Julio 2024<\/strong><\/p>\n<p>Est\u00e1s lista\/o para embarcarte en una gran aventura durante estos 260 d\u00edas? Esta agenda te ayudar\u00e1 a planificar tus d\u00edas de una manera m\u00e1s divertida y enriquecedora. Programa tus citas y actividades en sinton\u00eda con las energ\u00edas diarias del Tzolkin e infunde cada d\u00eda con un significado y un prop\u00f3sito m\u00e1s profundos!<\/p>\n<p><span style=\"color: #ff0000;\"><strong>* Versi\u00f3n Descargable *<\/strong><\/span><\/p>\n","protected":false},"featured_media":15967,"template":"","meta":{"_monsterinsights_skip_tracking":false,"_monsterinsights_sitenote_active":false,"_monsterinsights_sitenote_note":"","_monsterinsights_sitenote_category":0,"_genesis_hide_title":false,"_genesis_hide_breadcrumbs":false,"_genesis_hide_singular_image":false,"_genesis_hide_footer_widgets":false,"_genesis_custom_body_class":"","_genesis_custom_post_class":"","_genesis_layout":""},"product_brand":[],"product_cat":[19],"product_tag":[],"class_list":{"0":"post-15959","1":"product","2":"type-product","3":"status-publish","4":"has-post-thumbnail","6":"product_cat-tzolkin","7":"entry","9":"first","10":"outofstock","11":"product-type-variable"},"yoast_head":"<!-- This site is optimized with the Yoast SEO plugin v26.6 - https:\/\/yoast.com\/wordpress\/plugins\/seo\/ -->\n<title>Agenda Diaria Tzolkin \u2013 Versi\u00f3n Digital Imprimible | MayanKin<\/title>\n<meta name=\"description\" content=\"Est\u00e1s lista\/o para una gran aventura durante estos 260 d\u00edas? Esta agenda Tzolkin te ayudar\u00e1 a planificar tus d\u00edas de maneras m\u00e1s divertida y enriquecedoras\" \/>\n<meta name=\"robots\" content=\"index, follow, max-snippet:-1, max-image-preview:large, max-video-preview:-1\" \/>\n<link rel=\"canonical\" href=\"https:\/\/mayankin.com\/es\/product\/agenda-diaria-tzolkin-102123\/\" \/>\n<meta property=\"og:locale\" content=\"es_ES\" \/>\n<meta property=\"og:type\" content=\"article\" \/>\n<meta property=\"og:title\" content=\"Agenda Diaria Tzolkin \u2013 Versi\u00f3n Digital Imprimible | MayanKin\" \/>\n<meta property=\"og:description\" content=\"Est\u00e1s lista\/o para una gran aventura durante estos 260 d\u00edas? Esta agenda Tzolkin te ayudar\u00e1 a planificar tus d\u00edas de maneras m\u00e1s divertida y enriquecedoras\" \/>\n<meta property=\"og:url\" content=\"https:\/\/mayankin.com\/es\/product\/agenda-diaria-tzolkin-102123\/\" \/>\n<meta property=\"og:site_name\" content=\"MayanKin\" \/>\n<meta property=\"article:publisher\" content=\"https:\/\/www.facebook.com\/MayanKinEspanol\/\" \/>\n<meta property=\"article:modified_time\" content=\"2025-10-21T18:06:35+00:00\" \/>\n<meta property=\"og:image\" content=\"https:\/\/mayankin.com\/es\/wp-content\/uploads\/2023\/10\/MayanKin-Mariela-Maya-Tzolkin-Agenda-Diaria-102123-Tile-WPWS.jpg\" \/>\n\t<meta property=\"og:image:width\" content=\"500\" \/>\n\t<meta property=\"og:image:height\" content=\"500\" \/>\n\t<meta property=\"og:image:type\" content=\"image\/jpeg\" \/>\n<meta name=\"twitter:card\" content=\"summary_large_image\" \/>\n<meta name=\"twitter:site\" content=\"@mayankin\" \/>\n<meta name=\"twitter:label1\" content=\"Tiempo de lectura\" \/>\n\t<meta name=\"twitter:data1\" content=\"2 minutos\" \/>\n<script type=\"application\/ld+json\" class=\"yoast-schema-graph\">{\"@context\":\"https:\/\/schema.org\",\"@graph\":[{\"@type\":\"WebPage\",\"@id\":\"https:\/\/mayankin.com\/es\/product\/agenda-diaria-tzolkin-102123\/\",\"url\":\"https:\/\/mayankin.com\/es\/product\/agenda-diaria-tzolkin-102123\/\",\"name\":\"Agenda Diaria Tzolkin \u2013 Versi\u00f3n Digital Imprimible | MayanKin\",\"isPartOf\":{\"@id\":\"https:\/\/mayankin.com\/es\/#website\"},\"primaryImageOfPage\":{\"@id\":\"https:\/\/mayankin.com\/es\/product\/agenda-diaria-tzolkin-102123\/#primaryimage\"},\"image\":{\"@id\":\"https:\/\/mayankin.com\/es\/product\/agenda-diaria-tzolkin-102123\/#primaryimage\"},\"thumbnailUrl\":\"https:\/\/mayankin.com\/es\/wp-content\/uploads\/2023\/10\/MayanKin-Mariela-Maya-Tzolkin-Agenda-Diaria-102123-Tile-WPWS.jpg\",\"datePublished\":\"2023-10-12T03:04:49+00:00\",\"dateModified\":\"2025-10-21T18:06:35+00:00\",\"description\":\"Est\u00e1s lista\/o para una gran aventura durante estos 260 d\u00edas? Esta agenda Tzolkin te ayudar\u00e1 a planificar tus d\u00edas de maneras m\u00e1s divertida y enriquecedoras\",\"breadcrumb\":{\"@id\":\"https:\/\/mayankin.com\/es\/product\/agenda-diaria-tzolkin-102123\/#breadcrumb\"},\"inLanguage\":\"es\",\"potentialAction\":[{\"@type\":\"ReadAction\",\"target\":[\"https:\/\/mayankin.com\/es\/product\/agenda-diaria-tzolkin-102123\/\"]}]},{\"@type\":\"ImageObject\",\"inLanguage\":\"es\",\"@id\":\"https:\/\/mayankin.com\/es\/product\/agenda-diaria-tzolkin-102123\/#primaryimage\",\"url\":\"https:\/\/mayankin.com\/es\/wp-content\/uploads\/2023\/10\/MayanKin-Mariela-Maya-Tzolkin-Agenda-Diaria-102123-Tile-WPWS.jpg\",\"contentUrl\":\"https:\/\/mayankin.com\/es\/wp-content\/uploads\/2023\/10\/MayanKin-Mariela-Maya-Tzolkin-Agenda-Diaria-102123-Tile-WPWS.jpg\",\"width\":500,\"height\":500},{\"@type\":\"BreadcrumbList\",\"@id\":\"https:\/\/mayankin.com\/es\/product\/agenda-diaria-tzolkin-102123\/#breadcrumb\",\"itemListElement\":[{\"@type\":\"ListItem\",\"position\":1,\"name\":\"Portada\",\"item\":\"https:\/\/mayankin.com\/es\/\"},{\"@type\":\"ListItem\",\"position\":2,\"name\":\"Tienda\",\"item\":\"https:\/\/mayankin.com\/es\/tienda\/\"},{\"@type\":\"ListItem\",\"position\":3,\"name\":\"Agenda Diaria Tzolkin\"}]},{\"@type\":\"WebSite\",\"@id\":\"https:\/\/mayankin.com\/es\/#website\",\"url\":\"https:\/\/mayankin.com\/es\/\",\"name\":\"MayanKin\",\"description\":\"\",\"publisher\":{\"@id\":\"https:\/\/mayankin.com\/es\/#organization\"},\"potentialAction\":[{\"@type\":\"SearchAction\",\"target\":{\"@type\":\"EntryPoint\",\"urlTemplate\":\"https:\/\/mayankin.com\/es\/?s={search_term_string}\"},\"query-input\":{\"@type\":\"PropertyValueSpecification\",\"valueRequired\":true,\"valueName\":\"search_term_string\"}}],\"inLanguage\":\"es\"},{\"@type\":\"Organization\",\"@id\":\"https:\/\/mayankin.com\/es\/#organization\",\"name\":\"MayanKin\",\"url\":\"https:\/\/mayankin.com\/es\/\",\"logo\":{\"@type\":\"ImageObject\",\"inLanguage\":\"es\",\"@id\":\"https:\/\/mayankin.com\/es\/#\/schema\/logo\/image\/\",\"url\":\"https:\/\/mayankin.com\/es\/wp-content\/uploads\/2020\/05\/MK-Logo-Redesign.png\",\"contentUrl\":\"https:\/\/mayankin.com\/es\/wp-content\/uploads\/2020\/05\/MK-Logo-Redesign.png\",\"width\":260,\"height\":105,\"caption\":\"MayanKin\"},\"image\":{\"@id\":\"https:\/\/mayankin.com\/es\/#\/schema\/logo\/image\/\"},\"sameAs\":[\"https:\/\/www.facebook.com\/MayanKinEspanol\/\",\"https:\/\/x.com\/mayankin\"]}]}<\/script>\n<!-- \/ Yoast SEO plugin. -->","yoast_head_json":{"title":"Agenda Diaria Tzolkin \u2013 Versi\u00f3n Digital Imprimible | MayanKin","description":"Est\u00e1s lista\/o para una gran aventura durante estos 260 d\u00edas? Esta agenda Tzolkin te ayudar\u00e1 a planificar tus d\u00edas de maneras m\u00e1s divertida y enriquecedoras","robots":{"index":"index","follow":"follow","max-snippet":"max-snippet:-1","max-image-preview":"max-image-preview:large","max-video-preview":"max-video-preview:-1"},"canonical":"https:\/\/mayankin.com\/es\/product\/agenda-diaria-tzolkin-102123\/","og_locale":"es_ES","og_type":"article","og_title":"Agenda Diaria Tzolkin \u2013 Versi\u00f3n Digital Imprimible | MayanKin","og_description":"Est\u00e1s lista\/o para una gran aventura durante estos 260 d\u00edas? Esta agenda Tzolkin te ayudar\u00e1 a planificar tus d\u00edas de maneras m\u00e1s divertida y enriquecedoras","og_url":"https:\/\/mayankin.com\/es\/product\/agenda-diaria-tzolkin-102123\/","og_site_name":"MayanKin","article_publisher":"https:\/\/www.facebook.com\/MayanKinEspanol\/","article_modified_time":"2025-10-21T18:06:35+00:00","og_image":[{"width":500,"height":500,"url":"https:\/\/mayankin.com\/es\/wp-content\/uploads\/2023\/10\/MayanKin-Mariela-Maya-Tzolkin-Agenda-Diaria-102123-Tile-WPWS.jpg","type":"image\/jpeg"}],"twitter_card":"summary_large_image","twitter_site":"@mayankin","twitter_misc":{"Tiempo de lectura":"2 minutos"},"schema":{"@context":"https:\/\/schema.org","@graph":[{"@type":"WebPage","@id":"https:\/\/mayankin.com\/es\/product\/agenda-diaria-tzolkin-102123\/","url":"https:\/\/mayankin.com\/es\/product\/agenda-diaria-tzolkin-102123\/","name":"Agenda Diaria Tzolkin \u2013 Versi\u00f3n Digital Imprimible | MayanKin","isPartOf":{"@id":"https:\/\/mayankin.com\/es\/#website"},"primaryImageOfPage":{"@id":"https:\/\/mayankin.com\/es\/product\/agenda-diaria-tzolkin-102123\/#primaryimage"},"image":{"@id":"https:\/\/mayankin.com\/es\/product\/agenda-diaria-tzolkin-102123\/#primaryimage"},"thumbnailUrl":"https:\/\/mayankin.com\/es\/wp-content\/uploads\/2023\/10\/MayanKin-Mariela-Maya-Tzolkin-Agenda-Diaria-102123-Tile-WPWS.jpg","datePublished":"2023-10-12T03:04:49+00:00","dateModified":"2025-10-21T18:06:35+00:00","description":"Est\u00e1s lista\/o para una gran aventura durante estos 260 d\u00edas? Esta agenda Tzolkin te ayudar\u00e1 a planificar tus d\u00edas de maneras m\u00e1s divertida y enriquecedoras","breadcrumb":{"@id":"https:\/\/mayankin.com\/es\/product\/agenda-diaria-tzolkin-102123\/#breadcrumb"},"inLanguage":"es","potentialAction":[{"@type":"ReadAction","target":["https:\/\/mayankin.com\/es\/product\/agenda-diaria-tzolkin-102123\/"]}]},{"@type":"ImageObject","inLanguage":"es","@id":"https:\/\/mayankin.com\/es\/product\/agenda-diaria-tzolkin-102123\/#primaryimage","url":"https:\/\/mayankin.com\/es\/wp-content\/uploads\/2023\/10\/MayanKin-Mariela-Maya-Tzolkin-Agenda-Diaria-102123-Tile-WPWS.jpg","contentUrl":"https:\/\/mayankin.com\/es\/wp-content\/uploads\/2023\/10\/MayanKin-Mariela-Maya-Tzolkin-Agenda-Diaria-102123-Tile-WPWS.jpg","width":500,"height":500},{"@type":"BreadcrumbList","@id":"https:\/\/mayankin.com\/es\/product\/agenda-diaria-tzolkin-102123\/#breadcrumb","itemListElement":[{"@type":"ListItem","position":1,"name":"Portada","item":"https:\/\/mayankin.com\/es\/"},{"@type":"ListItem","position":2,"name":"Tienda","item":"https:\/\/mayankin.com\/es\/tienda\/"},{"@type":"ListItem","position":3,"name":"Agenda Diaria Tzolkin"}]},{"@type":"WebSite","@id":"https:\/\/mayankin.com\/es\/#website","url":"https:\/\/mayankin.com\/es\/","name":"MayanKin","description":"","publisher":{"@id":"https:\/\/mayankin.com\/es\/#organization"},"potentialAction":[{"@type":"SearchAction","target":{"@type":"EntryPoint","urlTemplate":"https:\/\/mayankin.com\/es\/?s={search_term_string}"},"query-input":{"@type":"PropertyValueSpecification","valueRequired":true,"valueName":"search_term_string"}}],"inLanguage":"es"},{"@type":"Organization","@id":"https:\/\/mayankin.com\/es\/#organization","name":"MayanKin","url":"https:\/\/mayankin.com\/es\/","logo":{"@type":"ImageObject","inLanguage":"es","@id":"https:\/\/mayankin.com\/es\/#\/schema\/logo\/image\/","url":"https:\/\/mayankin.com\/es\/wp-content\/uploads\/2020\/05\/MK-Logo-Redesign.png","contentUrl":"https:\/\/mayankin.com\/es\/wp-content\/uploads\/2020\/05\/MK-Logo-Redesign.png","width":260,"height":105,"caption":"MayanKin"},"image":{"@id":"https:\/\/mayankin.com\/es\/#\/schema\/logo\/image\/"},"sameAs":["https:\/\/www.facebook.com\/MayanKinEspanol\/","https:\/\/x.com\/mayankin"]}]}},"_links":{"self":[{"href":"https:\/\/mayankin.com\/es\/wp-json\/wp\/v2\/product\/15959","targetHints":{"allow":["GET"]}}],"collection":[{"href":"https:\/\/mayankin.com\/es\/wp-json\/wp\/v2\/product"}],"about":[{"href":"https:\/\/mayankin.com\/es\/wp-json\/wp\/v2\/types\/product"}],"wp:featuredmedia":[{"embeddable":true,"href":"https:\/\/mayankin.com\/es\/wp-json\/wp\/v2\/media\/15967"}],"wp:attachment":[{"href":"https:\/\/mayankin.com\/es\/wp-json\/wp\/v2\/media?parent=15959"}],"wp:term":[{"taxonomy":"product_brand","embeddable":true,"href":"https:\/\/mayankin.com\/es\/wp-json\/wp\/v2\/product_brand?post=15959"},{"taxonomy":"product_cat","embeddable":true,"href":"https:\/\/mayankin.com\/es\/wp-json\/wp\/v2\/product_cat?post=15959"},{"taxonomy":"product_tag","embeddable":true,"href":"https:\/\/mayankin.com\/es\/wp-json\/wp\/v2\/product_tag?post=15959"}],"curies":[{"name":"wp","href":"https:\/\/api.w.org\/{rel}","templated":true}]}}