{"id":14429,"date":"2021-04-11T00:14:48","date_gmt":"2021-04-11T07:14:48","guid":{"rendered":"https:\/\/mayankin.com\/es\/?post_type=product&#038;p=14429"},"modified":"2022-01-12T18:16:18","modified_gmt":"2022-01-13T01:16:18","slug":"sesiones-especiales","status":"publish","type":"product","link":"https:\/\/mayankin.com\/es\/product\/sesiones-especiales\/","title":{"rendered":"Sesiones Especiales"},"content":{"rendered":"<p>Este paquete especial incluye 5 sesiones personales de 1.5 horas cada una.<\/p>\n<p>Mientras atendemos tus necesidades e intenciones, te brindar\u00e9 orientaci\u00f3n, herramientas pr\u00e1cticas, ejercicios, rituales e ideas para que te conozcas mejor, enfoques en lo que realmente importa, aprendas a crear una pr\u00e1ctica diaria sencilla que funcione para ti, desarrolles relaciones m\u00e1s significativas, reconectes con la naturaleza y experimentes la vida con m\u00e1s facilidad y alegr\u00eda.<\/p>\n<p>Adem\u00e1s de utilizar el Tzolkin en mi pr\u00e1ctica de coaching, tambi\u00e9n trabajo con el sistema de Chakras, la Rueda Medicinal, Cosmovisi\u00f3n Andina y Creatividad, entre otros. Estas son excelentes herramientas para el crecimiento y la transformaci\u00f3n personal y, cuando se combinan, se vuelven a\u00fan m\u00e1s potentes para expandir la conciencia, la inspiraci\u00f3n y el empoderamiento. Las sesiones se personalizar\u00e1n en base a tus intereses.<\/p>\n<p>Si bien haremos un trabajo profundo junta\/os, mi prop\u00f3sito es tambi\u00e9n asegurar que el proceso sea divertido y f\u00e1cil de integrar en tu vida diaria.<\/p>\n<p>Estos son tiempos de transici\u00f3n y del despertar global realmente maravillosos llenos de potencial y oportunidades para el crecimiento y para contribuir a crear un mundo m\u00e1s hermoso para todos. Convi\u00e9rtete en un\/a participante activa\/o y co-creador\/a de esta nueva realidad, comenzando por profundizar en tu propio proceso.<\/p>\n<p>El Paquete de Sesiones Especiales debe reservarse y pagarse por adelantado y podemos planificar las sesiones en funci\u00f3n de tu horario: semanalmente, cada dos semanas, mensualmente o con m\u00e1s flexibilidad cuando sea necesario.<\/p>\n<h3>Instrucciones<\/h3>\n<p>Despu\u00e9s de proceder con el pago online, favor env\u00edame un <a href=\"mailto:mariela@mayankin.com\">email<\/a> con la siguiente informaci\u00f3n:<\/p>\n<ol>\n<li>Cu\u00e1l es tu fecha de nacimiento?<\/li>\n<li>En qu\u00e9 zona horaria te encuentras?<\/li>\n<li>Cu\u00e1l es tu franja horaria de preferencia para reunirnos (d\u00eda de semana\/fin de semana y alrededor de qu\u00e9 horas)?<\/li>\n<li>Prefieres que nos encontremos por Zoom, Skype, WhatsApp o tel\u00e9fono?<\/li>\n<li>Cu\u00e1l es tu n\u00famero de tel\u00e9fono m\u00f3vil en caso de que necesite comunicarme contigo?<\/li>\n<\/ol>\n<p>Tan pronto como obtenga tu informaci\u00f3n, tendremos una breve llamada inicial para conocernos, establecer la agenda y personalizar las sesiones seg\u00fan tus objetivos personales. Espero conectarme contigo y acompa\u00f1arte en este proceso lleno de inspiraci\u00f3n y empoderamiento!<\/p>\n<p>&nbsp;<\/p>\n<p style=\"font-size: 10px;\"><em>Disclaimer<\/em><\/p>\n<p style=\"font-size: 10px;\"><em>La informaci\u00f3n compartida durante cualquier sesi\u00f3n y\/o lectura ofrecida en este sitio est\u00e1 destinada \u00fanicamente a fines educativos, de apoyo y de empoderamiento. Toda la orientaci\u00f3n, los documentos y la informaci\u00f3n proporcionada durante las sesiones y\/o lecturas deben usarse a discreci\u00f3n y responsabilidad del cliente, y no deben usarse como un sustituto del consejo m\u00e9dico o cualquier terapia proporcionada por un psicoterapeuta, psic\u00f3logo, psiquiatra u otros profesionales de la salud con licencia m\u00e9dica.<br \/>\n<\/em><\/p>\n<p style=\"font-size: 10px;\"><em>Todos los documentos y grabaciones proporcionados en asociaci\u00f3n con cualquier sesi\u00f3n y\/o lectura son solo para uso personal y no se pueden compartir ni usar con fines comerciales.<\/em><\/p>\n","protected":false},"excerpt":{"rendered":"<p>Estoy lista\/o para\u00a0obtener orientaci\u00f3n sobre c\u00f3mo liberar bloqueos y activar mi energ\u00eda para experimentar fluidez, sentirme mejor y tener m\u00e1s claridad para crear la vida que deseo. Es hora de inspirarme y empoderarme para proceder a la acci\u00f3n!<\/p>\n<p class=\"p1\"><strong><em>(Favor sigue las instrucciones abajo)<\/em><\/strong><\/p>\n","protected":false},"featured_media":14434,"template":"","meta":{"_monsterinsights_skip_tracking":false,"_monsterinsights_sitenote_active":false,"_monsterinsights_sitenote_note":"","_monsterinsights_sitenote_category":0,"_genesis_hide_title":false,"_genesis_hide_breadcrumbs":false,"_genesis_hide_singular_image":false,"_genesis_hide_footer_widgets":false,"_genesis_custom_body_class":"","_genesis_custom_post_class":"","_genesis_layout":""},"product_brand":[],"product_cat":[108],"product_tag":[],"class_list":{"0":"post-14429","1":"product","2":"type-product","3":"status-publish","4":"has-post-thumbnail","6":"product_cat-sesiones","7":"entry","9":"first","10":"outofstock","11":"virtual","12":"purchasable","13":"product-type-simple"},"yoast_head":"<!-- This site is optimized with the Yoast SEO plugin v26.6 - https:\/\/yoast.com\/wordpress\/plugins\/seo\/ -->\n<title>Sesiones Especiales - MayanKin<\/title>\n<meta name=\"robots\" content=\"index, follow, max-snippet:-1, max-image-preview:large, max-video-preview:-1\" \/>\n<link rel=\"canonical\" href=\"https:\/\/mayankin.com\/es\/product\/sesiones-especiales\/\" \/>\n<meta property=\"og:locale\" content=\"es_ES\" \/>\n<meta property=\"og:type\" content=\"article\" \/>\n<meta property=\"og:title\" content=\"Sesiones Especiales - MayanKin\" \/>\n<meta property=\"og:description\" content=\"Estoy lista\/o para\u00a0obtener orientaci\u00f3n sobre c\u00f3mo liberar bloqueos y activar mi energ\u00eda para experimentar fluidez, sentirme mejor y tener m\u00e1s claridad para crear la vida que deseo. Es hora de inspirarme y empoderarme para proceder a la acci\u00f3n! (Favor sigue las instrucciones abajo)\" \/>\n<meta property=\"og:url\" content=\"https:\/\/mayankin.com\/es\/product\/sesiones-especiales\/\" \/>\n<meta property=\"og:site_name\" content=\"MayanKin\" \/>\n<meta property=\"article:publisher\" content=\"https:\/\/www.facebook.com\/MayanKinEspanol\/\" \/>\n<meta property=\"article:modified_time\" content=\"2022-01-13T01:16:18+00:00\" \/>\n<meta property=\"og:image\" content=\"https:\/\/mayankin.com\/es\/wp-content\/uploads\/2021\/04\/MayanKin-Mariela-Maya-BridgingWorlds-Sesiones-Especiales-Personal-FiF.png\" \/>\n\t<meta property=\"og:image:width\" content=\"500\" \/>\n\t<meta property=\"og:image:height\" content=\"500\" \/>\n\t<meta property=\"og:image:type\" content=\"image\/png\" \/>\n<meta name=\"twitter:card\" content=\"summary_large_image\" \/>\n<meta name=\"twitter:site\" content=\"@mayankin\" \/>\n<meta name=\"twitter:label1\" content=\"Tiempo de lectura\" \/>\n\t<meta name=\"twitter:data1\" content=\"2 minutos\" \/>\n<script type=\"application\/ld+json\" class=\"yoast-schema-graph\">{\"@context\":\"https:\/\/schema.org\",\"@graph\":[{\"@type\":\"WebPage\",\"@id\":\"https:\/\/mayankin.com\/es\/product\/sesiones-especiales\/\",\"url\":\"https:\/\/mayankin.com\/es\/product\/sesiones-especiales\/\",\"name\":\"Sesiones Especiales - MayanKin\",\"isPartOf\":{\"@id\":\"https:\/\/mayankin.com\/es\/#website\"},\"primaryImageOfPage\":{\"@id\":\"https:\/\/mayankin.com\/es\/product\/sesiones-especiales\/#primaryimage\"},\"image\":{\"@id\":\"https:\/\/mayankin.com\/es\/product\/sesiones-especiales\/#primaryimage\"},\"thumbnailUrl\":\"https:\/\/mayankin.com\/es\/wp-content\/uploads\/2021\/04\/MayanKin-Mariela-Maya-BridgingWorlds-Sesiones-Especiales-Personal-FiF.png\",\"datePublished\":\"2021-04-11T07:14:48+00:00\",\"dateModified\":\"2022-01-13T01:16:18+00:00\",\"breadcrumb\":{\"@id\":\"https:\/\/mayankin.com\/es\/product\/sesiones-especiales\/#breadcrumb\"},\"inLanguage\":\"es\",\"potentialAction\":[{\"@type\":\"ReadAction\",\"target\":[\"https:\/\/mayankin.com\/es\/product\/sesiones-especiales\/\"]}]},{\"@type\":\"ImageObject\",\"inLanguage\":\"es\",\"@id\":\"https:\/\/mayankin.com\/es\/product\/sesiones-especiales\/#primaryimage\",\"url\":\"https:\/\/mayankin.com\/es\/wp-content\/uploads\/2021\/04\/MayanKin-Mariela-Maya-BridgingWorlds-Sesiones-Especiales-Personal-FiF.png\",\"contentUrl\":\"https:\/\/mayankin.com\/es\/wp-content\/uploads\/2021\/04\/MayanKin-Mariela-Maya-BridgingWorlds-Sesiones-Especiales-Personal-FiF.png\",\"width\":500,\"height\":500},{\"@type\":\"BreadcrumbList\",\"@id\":\"https:\/\/mayankin.com\/es\/product\/sesiones-especiales\/#breadcrumb\",\"itemListElement\":[{\"@type\":\"ListItem\",\"position\":1,\"name\":\"Portada\",\"item\":\"https:\/\/mayankin.com\/es\/\"},{\"@type\":\"ListItem\",\"position\":2,\"name\":\"Tienda\",\"item\":\"https:\/\/mayankin.com\/es\/tienda\/\"},{\"@type\":\"ListItem\",\"position\":3,\"name\":\"Sesiones Especiales\"}]},{\"@type\":\"WebSite\",\"@id\":\"https:\/\/mayankin.com\/es\/#website\",\"url\":\"https:\/\/mayankin.com\/es\/\",\"name\":\"MayanKin\",\"description\":\"\",\"publisher\":{\"@id\":\"https:\/\/mayankin.com\/es\/#organization\"},\"potentialAction\":[{\"@type\":\"SearchAction\",\"target\":{\"@type\":\"EntryPoint\",\"urlTemplate\":\"https:\/\/mayankin.com\/es\/?s={search_term_string}\"},\"query-input\":{\"@type\":\"PropertyValueSpecification\",\"valueRequired\":true,\"valueName\":\"search_term_string\"}}],\"inLanguage\":\"es\"},{\"@type\":\"Organization\",\"@id\":\"https:\/\/mayankin.com\/es\/#organization\",\"name\":\"MayanKin\",\"url\":\"https:\/\/mayankin.com\/es\/\",\"logo\":{\"@type\":\"ImageObject\",\"inLanguage\":\"es\",\"@id\":\"https:\/\/mayankin.com\/es\/#\/schema\/logo\/image\/\",\"url\":\"https:\/\/mayankin.com\/es\/wp-content\/uploads\/2020\/05\/MK-Logo-Redesign.png\",\"contentUrl\":\"https:\/\/mayankin.com\/es\/wp-content\/uploads\/2020\/05\/MK-Logo-Redesign.png\",\"width\":260,\"height\":105,\"caption\":\"MayanKin\"},\"image\":{\"@id\":\"https:\/\/mayankin.com\/es\/#\/schema\/logo\/image\/\"},\"sameAs\":[\"https:\/\/www.facebook.com\/MayanKinEspanol\/\",\"https:\/\/x.com\/mayankin\"]}]}<\/script>\n<!-- \/ Yoast SEO plugin. -->","yoast_head_json":{"title":"Sesiones Especiales - MayanKin","robots":{"index":"index","follow":"follow","max-snippet":"max-snippet:-1","max-image-preview":"max-image-preview:large","max-video-preview":"max-video-preview:-1"},"canonical":"https:\/\/mayankin.com\/es\/product\/sesiones-especiales\/","og_locale":"es_ES","og_type":"article","og_title":"Sesiones Especiales - MayanKin","og_description":"Estoy lista\/o para\u00a0obtener orientaci\u00f3n sobre c\u00f3mo liberar bloqueos y activar mi energ\u00eda para experimentar fluidez, sentirme mejor y tener m\u00e1s claridad para crear la vida que deseo. Es hora de inspirarme y empoderarme para proceder a la acci\u00f3n! (Favor sigue las instrucciones abajo)","og_url":"https:\/\/mayankin.com\/es\/product\/sesiones-especiales\/","og_site_name":"MayanKin","article_publisher":"https:\/\/www.facebook.com\/MayanKinEspanol\/","article_modified_time":"2022-01-13T01:16:18+00:00","og_image":[{"width":500,"height":500,"url":"https:\/\/mayankin.com\/es\/wp-content\/uploads\/2021\/04\/MayanKin-Mariela-Maya-BridgingWorlds-Sesiones-Especiales-Personal-FiF.png","type":"image\/png"}],"twitter_card":"summary_large_image","twitter_site":"@mayankin","twitter_misc":{"Tiempo de lectura":"2 minutos"},"schema":{"@context":"https:\/\/schema.org","@graph":[{"@type":"WebPage","@id":"https:\/\/mayankin.com\/es\/product\/sesiones-especiales\/","url":"https:\/\/mayankin.com\/es\/product\/sesiones-especiales\/","name":"Sesiones Especiales - MayanKin","isPartOf":{"@id":"https:\/\/mayankin.com\/es\/#website"},"primaryImageOfPage":{"@id":"https:\/\/mayankin.com\/es\/product\/sesiones-especiales\/#primaryimage"},"image":{"@id":"https:\/\/mayankin.com\/es\/product\/sesiones-especiales\/#primaryimage"},"thumbnailUrl":"https:\/\/mayankin.com\/es\/wp-content\/uploads\/2021\/04\/MayanKin-Mariela-Maya-BridgingWorlds-Sesiones-Especiales-Personal-FiF.png","datePublished":"2021-04-11T07:14:48+00:00","dateModified":"2022-01-13T01:16:18+00:00","breadcrumb":{"@id":"https:\/\/mayankin.com\/es\/product\/sesiones-especiales\/#breadcrumb"},"inLanguage":"es","potentialAction":[{"@type":"ReadAction","target":["https:\/\/mayankin.com\/es\/product\/sesiones-especiales\/"]}]},{"@type":"ImageObject","inLanguage":"es","@id":"https:\/\/mayankin.com\/es\/product\/sesiones-especiales\/#primaryimage","url":"https:\/\/mayankin.com\/es\/wp-content\/uploads\/2021\/04\/MayanKin-Mariela-Maya-BridgingWorlds-Sesiones-Especiales-Personal-FiF.png","contentUrl":"https:\/\/mayankin.com\/es\/wp-content\/uploads\/2021\/04\/MayanKin-Mariela-Maya-BridgingWorlds-Sesiones-Especiales-Personal-FiF.png","width":500,"height":500},{"@type":"BreadcrumbList","@id":"https:\/\/mayankin.com\/es\/product\/sesiones-especiales\/#breadcrumb","itemListElement":[{"@type":"ListItem","position":1,"name":"Portada","item":"https:\/\/mayankin.com\/es\/"},{"@type":"ListItem","position":2,"name":"Tienda","item":"https:\/\/mayankin.com\/es\/tienda\/"},{"@type":"ListItem","position":3,"name":"Sesiones Especiales"}]},{"@type":"WebSite","@id":"https:\/\/mayankin.com\/es\/#website","url":"https:\/\/mayankin.com\/es\/","name":"MayanKin","description":"","publisher":{"@id":"https:\/\/mayankin.com\/es\/#organization"},"potentialAction":[{"@type":"SearchAction","target":{"@type":"EntryPoint","urlTemplate":"https:\/\/mayankin.com\/es\/?s={search_term_string}"},"query-input":{"@type":"PropertyValueSpecification","valueRequired":true,"valueName":"search_term_string"}}],"inLanguage":"es"},{"@type":"Organization","@id":"https:\/\/mayankin.com\/es\/#organization","name":"MayanKin","url":"https:\/\/mayankin.com\/es\/","logo":{"@type":"ImageObject","inLanguage":"es","@id":"https:\/\/mayankin.com\/es\/#\/schema\/logo\/image\/","url":"https:\/\/mayankin.com\/es\/wp-content\/uploads\/2020\/05\/MK-Logo-Redesign.png","contentUrl":"https:\/\/mayankin.com\/es\/wp-content\/uploads\/2020\/05\/MK-Logo-Redesign.png","width":260,"height":105,"caption":"MayanKin"},"image":{"@id":"https:\/\/mayankin.com\/es\/#\/schema\/logo\/image\/"},"sameAs":["https:\/\/www.facebook.com\/MayanKinEspanol\/","https:\/\/x.com\/mayankin"]}]}},"_links":{"self":[{"href":"https:\/\/mayankin.com\/es\/wp-json\/wp\/v2\/product\/14429","targetHints":{"allow":["GET"]}}],"collection":[{"href":"https:\/\/mayankin.com\/es\/wp-json\/wp\/v2\/product"}],"about":[{"href":"https:\/\/mayankin.com\/es\/wp-json\/wp\/v2\/types\/product"}],"wp:featuredmedia":[{"embeddable":true,"href":"https:\/\/mayankin.com\/es\/wp-json\/wp\/v2\/media\/14434"}],"wp:attachment":[{"href":"https:\/\/mayankin.com\/es\/wp-json\/wp\/v2\/media?parent=14429"}],"wp:term":[{"taxonomy":"product_brand","embeddable":true,"href":"https:\/\/mayankin.com\/es\/wp-json\/wp\/v2\/product_brand?post=14429"},{"taxonomy":"product_cat","embeddable":true,"href":"https:\/\/mayankin.com\/es\/wp-json\/wp\/v2\/product_cat?post=14429"},{"taxonomy":"product_tag","embeddable":true,"href":"https:\/\/mayankin.com\/es\/wp-json\/wp\/v2\/product_tag?post=14429"}],"curies":[{"name":"wp","href":"https:\/\/api.w.org\/{rel}","templated":true}]}}