{"id":11378,"date":"2019-08-27T23:22:18","date_gmt":"2019-08-27T23:22:18","guid":{"rendered":"https:\/\/mayankin.com\/es\/?post_type=product&#038;p=11378"},"modified":"2020-07-12T00:48:49","modified_gmt":"2020-07-12T07:48:49","slug":"blue-castle-session-4","status":"publish","type":"product","link":"https:\/\/mayankin.com\/es\/product\/blue-castle-session-4\/","title":{"rendered":"Castillo Azul Sesi\u00f3n 4"},"content":{"rendered":"<p>En esta serie de seminarios web de 4 sesiones (en ingl\u00e9s) dedicadas exclusivamente al Castillo Azul de la Transformaci\u00f3n, compartir\u00e9 contigo formas muy pr\u00e1cticas de sintonizar con las energ\u00edas diarias, incluidos ejercicios, rituales, consejos e ideas que te ayudar\u00e1n a cambiar la forma en que experimentas la realidad y transformar lo que ya no te sirve para crecer y evolucionar.<\/p>\n<p><strong><em data-rich-text-format-boundary=\"true\">Esta Serie fue parte del Castillo Azul del ciclo de Tzolkin del 26 de octubre, 2018 al 12 de julio, 2019. Todas las sesiones fueron grabadas en vivo.<\/em><\/strong><\/p>\n<p>Cada sesi\u00f3n dura 60 minutos y cubre una Onda Encantada. Puedes inscribirte solo para las sesiones de tu inter\u00e9s o para toda la serie.<\/p>\n<p>Aprender\u00e1s acerca de:<\/p>\n<ul>\n<li>Qu\u00e9 es el Castillo Azul<\/li>\n<li>Aspectos destacados y fechas importantes durante estos 52 d\u00edas<\/li>\n<li>Portales de Activaci\u00f3n Gal\u00e1ctica &amp; Columnas PAG<\/li>\n<li>Columna M\u00edstica y D\u00edas N\u00facleo<\/li>\n<li>C\u00f3mo sintonizar con y corporizar las energ\u00edas diarias<\/li>\n<li>Formas de experimentarlo a nivel mente, cuerpo, coraz\u00f3n y alma<\/li>\n<\/ul>\n<p><em>No se requiere experiencia previa pero se recomienda un entendimiento b\u00e1sico del Tzolkin<\/em>.<\/p>\n<p><strong>Qu\u00e9 Sigue?<\/strong><\/p>\n<p>El Castillo Azul de la Transformaci\u00f3n es el per\u00edodo m\u00e1s intenso de todo el ciclo. Durante estos 52 d\u00edas, hay 40 d\u00edas que son especiales: 20 Portales de Activaci\u00f3n Gal\u00e1ctica y 20 D\u00edas N\u00facleo.<\/p>\n<p>Para aprovecharlo al m\u00e1ximo, adem\u00e1s de escuchar la grabaci\u00f3n, la invitaci\u00f3n es ponerlo en pr\u00e1ctica! Consulta el <a href=\"https:\/\/mayankin.com\/es\/tzolkin-diario\/\">Tzolkin Diario<\/a> cuando comienza el Castillo Azul (siempre en Serpiente Magn\u00e9tica Roja, Kin 105) para que puedas sintonizar y experimentarlo durante esos 52 d\u00edas.<\/p>\n<p>Sintonizar con el ciclo de una manera experimental trae nuevas ideas, sue\u00f1os, preguntas, sincronicidades y oportunidades para transformar. Es recomendable anotar esas experiencias, ya que aprender\u00e1s mucho sobre ti misma\/o y sobre lo que est\u00e1s aqu\u00ed para hacer.<\/p>\n","protected":false},"excerpt":{"rendered":"<p>Empod\u00e9rate a trav\u00e9s de un profundo per\u00edodo de transformaci\u00f3n<\/p>\n<p>Onda Encantada de la Semilla Amarilla<\/p>\n<p>Florecimiento Significativo<\/p>\n<p>Segunda Columna PAG<\/p>\n<p><strong>Este seminario es en idioma ingl\u00e9s<\/strong><\/p>\n","protected":false},"featured_media":11382,"template":"","meta":{"_monsterinsights_skip_tracking":false,"_monsterinsights_sitenote_active":false,"_monsterinsights_sitenote_note":"","_monsterinsights_sitenote_category":0,"_genesis_hide_title":false,"_genesis_hide_breadcrumbs":false,"_genesis_hide_singular_image":false,"_genesis_hide_footer_widgets":false,"_genesis_custom_body_class":"","_genesis_custom_post_class":"","_genesis_layout":""},"product_brand":[],"product_cat":[19,115],"product_tag":[],"class_list":{"0":"post-11378","1":"product","2":"type-product","3":"status-publish","4":"has-post-thumbnail","6":"product_cat-tzolkin","7":"product_cat-blue-castle","8":"entry","10":"first","11":"instock","12":"sale","13":"virtual","14":"purchasable","15":"product-type-simple"},"yoast_head":"<!-- This site is optimized with the Yoast SEO plugin v26.6 - https:\/\/yoast.com\/wordpress\/plugins\/seo\/ -->\n<title>Castillo Azul Sesi\u00f3n 4 - MayanKin<\/title>\n<meta name=\"robots\" content=\"index, follow, max-snippet:-1, max-image-preview:large, max-video-preview:-1\" \/>\n<link rel=\"canonical\" href=\"https:\/\/mayankin.com\/es\/product\/blue-castle-session-4\/\" \/>\n<meta property=\"og:locale\" content=\"es_ES\" \/>\n<meta property=\"og:type\" content=\"article\" \/>\n<meta property=\"og:title\" content=\"Castillo Azul Sesi\u00f3n 4 - MayanKin\" \/>\n<meta property=\"og:description\" content=\"Empod\u00e9rate a trav\u00e9s de un profundo per\u00edodo de transformaci\u00f3n  Onda Encantada de la Semilla Amarilla  Florecimiento Significativo  Segunda Columna PAG  Este seminario es en idioma ingl\u00e9s\" \/>\n<meta property=\"og:url\" content=\"https:\/\/mayankin.com\/es\/product\/blue-castle-session-4\/\" \/>\n<meta property=\"og:site_name\" content=\"MayanKin\" \/>\n<meta property=\"article:publisher\" content=\"https:\/\/www.facebook.com\/MayanKinEspanol\/\" \/>\n<meta property=\"article:modified_time\" content=\"2020-07-12T07:48:49+00:00\" \/>\n<meta property=\"og:image\" content=\"https:\/\/mayankin.com\/es\/wp-content\/uploads\/2019\/08\/MarielaMaya-BridgingWorlds-MayanKin-Tzolkin-Blue-Castle-Session-4-FI.jpg\" \/>\n\t<meta property=\"og:image:width\" content=\"500\" \/>\n\t<meta property=\"og:image:height\" content=\"500\" \/>\n\t<meta property=\"og:image:type\" content=\"image\/jpeg\" \/>\n<meta name=\"twitter:card\" content=\"summary_large_image\" \/>\n<meta name=\"twitter:site\" content=\"@mayankin\" \/>\n<meta name=\"twitter:label1\" content=\"Tiempo de lectura\" \/>\n\t<meta name=\"twitter:data1\" content=\"2 minutos\" \/>\n<script type=\"application\/ld+json\" class=\"yoast-schema-graph\">{\"@context\":\"https:\/\/schema.org\",\"@graph\":[{\"@type\":\"WebPage\",\"@id\":\"https:\/\/mayankin.com\/es\/product\/blue-castle-session-4\/\",\"url\":\"https:\/\/mayankin.com\/es\/product\/blue-castle-session-4\/\",\"name\":\"Castillo Azul Sesi\u00f3n 4 - MayanKin\",\"isPartOf\":{\"@id\":\"https:\/\/mayankin.com\/es\/#website\"},\"primaryImageOfPage\":{\"@id\":\"https:\/\/mayankin.com\/es\/product\/blue-castle-session-4\/#primaryimage\"},\"image\":{\"@id\":\"https:\/\/mayankin.com\/es\/product\/blue-castle-session-4\/#primaryimage\"},\"thumbnailUrl\":\"https:\/\/mayankin.com\/es\/wp-content\/uploads\/2019\/08\/MarielaMaya-BridgingWorlds-MayanKin-Tzolkin-Blue-Castle-Session-4-FI.jpg\",\"datePublished\":\"2019-08-27T23:22:18+00:00\",\"dateModified\":\"2020-07-12T07:48:49+00:00\",\"breadcrumb\":{\"@id\":\"https:\/\/mayankin.com\/es\/product\/blue-castle-session-4\/#breadcrumb\"},\"inLanguage\":\"es\",\"potentialAction\":[{\"@type\":\"ReadAction\",\"target\":[\"https:\/\/mayankin.com\/es\/product\/blue-castle-session-4\/\"]}]},{\"@type\":\"ImageObject\",\"inLanguage\":\"es\",\"@id\":\"https:\/\/mayankin.com\/es\/product\/blue-castle-session-4\/#primaryimage\",\"url\":\"https:\/\/mayankin.com\/es\/wp-content\/uploads\/2019\/08\/MarielaMaya-BridgingWorlds-MayanKin-Tzolkin-Blue-Castle-Session-4-FI.jpg\",\"contentUrl\":\"https:\/\/mayankin.com\/es\/wp-content\/uploads\/2019\/08\/MarielaMaya-BridgingWorlds-MayanKin-Tzolkin-Blue-Castle-Session-4-FI.jpg\",\"width\":500,\"height\":500},{\"@type\":\"BreadcrumbList\",\"@id\":\"https:\/\/mayankin.com\/es\/product\/blue-castle-session-4\/#breadcrumb\",\"itemListElement\":[{\"@type\":\"ListItem\",\"position\":1,\"name\":\"Portada\",\"item\":\"https:\/\/mayankin.com\/es\/\"},{\"@type\":\"ListItem\",\"position\":2,\"name\":\"Tienda\",\"item\":\"https:\/\/mayankin.com\/es\/tienda\/\"},{\"@type\":\"ListItem\",\"position\":3,\"name\":\"Castillo Azul Sesi\u00f3n 4\"}]},{\"@type\":\"WebSite\",\"@id\":\"https:\/\/mayankin.com\/es\/#website\",\"url\":\"https:\/\/mayankin.com\/es\/\",\"name\":\"MayanKin\",\"description\":\"\",\"publisher\":{\"@id\":\"https:\/\/mayankin.com\/es\/#organization\"},\"potentialAction\":[{\"@type\":\"SearchAction\",\"target\":{\"@type\":\"EntryPoint\",\"urlTemplate\":\"https:\/\/mayankin.com\/es\/?s={search_term_string}\"},\"query-input\":{\"@type\":\"PropertyValueSpecification\",\"valueRequired\":true,\"valueName\":\"search_term_string\"}}],\"inLanguage\":\"es\"},{\"@type\":\"Organization\",\"@id\":\"https:\/\/mayankin.com\/es\/#organization\",\"name\":\"MayanKin\",\"url\":\"https:\/\/mayankin.com\/es\/\",\"logo\":{\"@type\":\"ImageObject\",\"inLanguage\":\"es\",\"@id\":\"https:\/\/mayankin.com\/es\/#\/schema\/logo\/image\/\",\"url\":\"https:\/\/mayankin.com\/es\/wp-content\/uploads\/2020\/05\/MK-Logo-Redesign.png\",\"contentUrl\":\"https:\/\/mayankin.com\/es\/wp-content\/uploads\/2020\/05\/MK-Logo-Redesign.png\",\"width\":260,\"height\":105,\"caption\":\"MayanKin\"},\"image\":{\"@id\":\"https:\/\/mayankin.com\/es\/#\/schema\/logo\/image\/\"},\"sameAs\":[\"https:\/\/www.facebook.com\/MayanKinEspanol\/\",\"https:\/\/x.com\/mayankin\"]}]}<\/script>\n<!-- \/ Yoast SEO plugin. -->","yoast_head_json":{"title":"Castillo Azul Sesi\u00f3n 4 - MayanKin","robots":{"index":"index","follow":"follow","max-snippet":"max-snippet:-1","max-image-preview":"max-image-preview:large","max-video-preview":"max-video-preview:-1"},"canonical":"https:\/\/mayankin.com\/es\/product\/blue-castle-session-4\/","og_locale":"es_ES","og_type":"article","og_title":"Castillo Azul Sesi\u00f3n 4 - MayanKin","og_description":"Empod\u00e9rate a trav\u00e9s de un profundo per\u00edodo de transformaci\u00f3n  Onda Encantada de la Semilla Amarilla  Florecimiento Significativo  Segunda Columna PAG  Este seminario es en idioma ingl\u00e9s","og_url":"https:\/\/mayankin.com\/es\/product\/blue-castle-session-4\/","og_site_name":"MayanKin","article_publisher":"https:\/\/www.facebook.com\/MayanKinEspanol\/","article_modified_time":"2020-07-12T07:48:49+00:00","og_image":[{"width":500,"height":500,"url":"https:\/\/mayankin.com\/es\/wp-content\/uploads\/2019\/08\/MarielaMaya-BridgingWorlds-MayanKin-Tzolkin-Blue-Castle-Session-4-FI.jpg","type":"image\/jpeg"}],"twitter_card":"summary_large_image","twitter_site":"@mayankin","twitter_misc":{"Tiempo de lectura":"2 minutos"},"schema":{"@context":"https:\/\/schema.org","@graph":[{"@type":"WebPage","@id":"https:\/\/mayankin.com\/es\/product\/blue-castle-session-4\/","url":"https:\/\/mayankin.com\/es\/product\/blue-castle-session-4\/","name":"Castillo Azul Sesi\u00f3n 4 - MayanKin","isPartOf":{"@id":"https:\/\/mayankin.com\/es\/#website"},"primaryImageOfPage":{"@id":"https:\/\/mayankin.com\/es\/product\/blue-castle-session-4\/#primaryimage"},"image":{"@id":"https:\/\/mayankin.com\/es\/product\/blue-castle-session-4\/#primaryimage"},"thumbnailUrl":"https:\/\/mayankin.com\/es\/wp-content\/uploads\/2019\/08\/MarielaMaya-BridgingWorlds-MayanKin-Tzolkin-Blue-Castle-Session-4-FI.jpg","datePublished":"2019-08-27T23:22:18+00:00","dateModified":"2020-07-12T07:48:49+00:00","breadcrumb":{"@id":"https:\/\/mayankin.com\/es\/product\/blue-castle-session-4\/#breadcrumb"},"inLanguage":"es","potentialAction":[{"@type":"ReadAction","target":["https:\/\/mayankin.com\/es\/product\/blue-castle-session-4\/"]}]},{"@type":"ImageObject","inLanguage":"es","@id":"https:\/\/mayankin.com\/es\/product\/blue-castle-session-4\/#primaryimage","url":"https:\/\/mayankin.com\/es\/wp-content\/uploads\/2019\/08\/MarielaMaya-BridgingWorlds-MayanKin-Tzolkin-Blue-Castle-Session-4-FI.jpg","contentUrl":"https:\/\/mayankin.com\/es\/wp-content\/uploads\/2019\/08\/MarielaMaya-BridgingWorlds-MayanKin-Tzolkin-Blue-Castle-Session-4-FI.jpg","width":500,"height":500},{"@type":"BreadcrumbList","@id":"https:\/\/mayankin.com\/es\/product\/blue-castle-session-4\/#breadcrumb","itemListElement":[{"@type":"ListItem","position":1,"name":"Portada","item":"https:\/\/mayankin.com\/es\/"},{"@type":"ListItem","position":2,"name":"Tienda","item":"https:\/\/mayankin.com\/es\/tienda\/"},{"@type":"ListItem","position":3,"name":"Castillo Azul Sesi\u00f3n 4"}]},{"@type":"WebSite","@id":"https:\/\/mayankin.com\/es\/#website","url":"https:\/\/mayankin.com\/es\/","name":"MayanKin","description":"","publisher":{"@id":"https:\/\/mayankin.com\/es\/#organization"},"potentialAction":[{"@type":"SearchAction","target":{"@type":"EntryPoint","urlTemplate":"https:\/\/mayankin.com\/es\/?s={search_term_string}"},"query-input":{"@type":"PropertyValueSpecification","valueRequired":true,"valueName":"search_term_string"}}],"inLanguage":"es"},{"@type":"Organization","@id":"https:\/\/mayankin.com\/es\/#organization","name":"MayanKin","url":"https:\/\/mayankin.com\/es\/","logo":{"@type":"ImageObject","inLanguage":"es","@id":"https:\/\/mayankin.com\/es\/#\/schema\/logo\/image\/","url":"https:\/\/mayankin.com\/es\/wp-content\/uploads\/2020\/05\/MK-Logo-Redesign.png","contentUrl":"https:\/\/mayankin.com\/es\/wp-content\/uploads\/2020\/05\/MK-Logo-Redesign.png","width":260,"height":105,"caption":"MayanKin"},"image":{"@id":"https:\/\/mayankin.com\/es\/#\/schema\/logo\/image\/"},"sameAs":["https:\/\/www.facebook.com\/MayanKinEspanol\/","https:\/\/x.com\/mayankin"]}]}},"_links":{"self":[{"href":"https:\/\/mayankin.com\/es\/wp-json\/wp\/v2\/product\/11378","targetHints":{"allow":["GET"]}}],"collection":[{"href":"https:\/\/mayankin.com\/es\/wp-json\/wp\/v2\/product"}],"about":[{"href":"https:\/\/mayankin.com\/es\/wp-json\/wp\/v2\/types\/product"}],"wp:featuredmedia":[{"embeddable":true,"href":"https:\/\/mayankin.com\/es\/wp-json\/wp\/v2\/media\/11382"}],"wp:attachment":[{"href":"https:\/\/mayankin.com\/es\/wp-json\/wp\/v2\/media?parent=11378"}],"wp:term":[{"taxonomy":"product_brand","embeddable":true,"href":"https:\/\/mayankin.com\/es\/wp-json\/wp\/v2\/product_brand?post=11378"},{"taxonomy":"product_cat","embeddable":true,"href":"https:\/\/mayankin.com\/es\/wp-json\/wp\/v2\/product_cat?post=11378"},{"taxonomy":"product_tag","embeddable":true,"href":"https:\/\/mayankin.com\/es\/wp-json\/wp\/v2\/product_tag?post=11378"}],"curies":[{"name":"wp","href":"https:\/\/api.w.org\/{rel}","templated":true}]}}