{"id":11142,"date":"2019-08-18T23:58:32","date_gmt":"2019-08-18T23:58:32","guid":{"rendered":"https:\/\/mayankin.com\/es\/?post_type=product&#038;p=11142"},"modified":"2022-01-12T18:17:06","modified_gmt":"2022-01-13T01:17:06","slug":"planificacion-personal","status":"publish","type":"product","link":"https:\/\/mayankin.com\/es\/product\/planificacion-personal\/","title":{"rendered":"Planificaci\u00f3n Personal"},"content":{"rendered":"<p>Cada d\u00eda del Tzolkin tiene una influencia sobre todos nosotros. Mientras que la energ\u00eda diaria es igual para todos, quiz\u00e1 tenga un significado diferente para ti dependiendo de lo que representa en tu or\u00e1culo personal. Sintonizar con el ciclo y planificar tus d\u00edas de manera que funcione epec\u00edficamente para ti trae un nuevo enfoque a tu vida lleno de magia y sincronicidades!<span class=\"apple-converted-space\">\u00a0<\/span><\/p>\n<p>Una vez que te familiarizas con tu<span class=\"apple-converted-space\">\u00a0<\/span><a href=\"https:\/\/mayankin.com\/es\/product\/oraculo-de-nacimiento\/\">Or\u00e1culo de Nacimiento<\/a>, la mejor manera de integrar el Tzolkin a tu vida diaria es planificando tus d\u00edas de formas m\u00e1s divertidas y con sentido y que sea lo m\u00e1s beneficioso para ti en base a tus propias energ\u00edas. De esta manera, cuando programes tus citas y actividades, tambi\u00e9n las impregnar\u00e1s con un significado y prop\u00f3sito m\u00e1s profundo.<\/p>\n<p>Durante esta sesi\u00f3n trabajamos con tu Or\u00e1culo personal y la matriz de Tzolkin para el ciclo actual. Primero identificaremos cuales d\u00edas son m\u00e1s ventajosos para que hagas -o no hagas- ciertas cosas y poder armar un plan en base a tus objetivos y qu\u00e9 quieres lograr. Vemos d\u00edas relevantes, tr\u00e1nsitos y otros temas que se destaquen y tambi\u00e9n tendremos en consideraci\u00f3n si tienes algo importante en el pron\u00f3stico que quieras elegir las mejores fechas para ello.<\/p>\n<p>Si tienes tu agenda<span class=\"apple-converted-space\">\u00a0<\/span><a href=\"https:\/\/mayankin.com\/es\/product\/tzolkin-daily-planner\/\">Agenda Diaria Tzolkin<\/a>, la podemos personalizar y usar durante la sesi\u00f3n. De lo contrario, trae la agenda que normalmente usas y podemos trabajar con ella tambi\u00e9n.<\/p>\n<p>Vemos cuando es tu Cumplea\u00f1os Gal\u00e1ctico y cuando comienza tu Onda Encantada de Nacimiento, ya que estos d\u00edas son los m\u00e1s relevantes para ti. Compartir\u00e9 algunas ideas acerca de c\u00f3mo los puedes experimentar. Si no est\u00e1s familiarizada\/o con tu Onda Encantada de Nacimiento, puedes agendar una<span class=\"apple-converted-space\">\u00a0<\/span><a href=\"https:\/\/mayankin.com\/es\/product\/onda-encantada-de-nacimiento\/\">lectura<\/a><span class=\"apple-converted-space\">\u00a0<\/span>para saber su significado con mayor profundidad y maneras de integrarla para enriquecer tu vida.<\/p>\n<p>Nota: Si el Tzolkin es nuevo para ti, es necesario primero tener tu lectura de<span class=\"apple-converted-space\">\u00a0<\/span><a href=\"https:\/\/mayankin.com\/es\/oraculos\/\">Or\u00e1culo de Nacimiento<\/a>.<\/p>\n<p>Cada sesi\u00f3n es en vivo, puede ser grabada, e incluye un documento breve que ser\u00e1 enviado despu\u00e9s de encontrarnos.<\/p>\n<h3>Instrucciones<\/h3>\n<p>Despu\u00e9s de proceder con el pago online, favor env\u00edame un <a href=\"mailto:mariela@mayankin.com\">email<\/a> con la siguiente informaci\u00f3n para poder agendar la sesi\u00f3n:<\/p>\n<ol>\n<li>Cu\u00e1l es tu fecha de nacimiento?<\/li>\n<li>En qu\u00e9 zona horaria te encuentras?<\/li>\n<li>Cu\u00e1l es tu franja horaria de preferencia para reunirnos (d\u00eda de semana\/fin de semana y alrededor de qu\u00e9 horas)?<\/li>\n<li>Prefieres que nos encontremos por Zoom, Skype, WhatsApp o tel\u00e9fono?<\/li>\n<li>Cu\u00e1l es tu n\u00famero de tel\u00e9fono m\u00f3vil en caso de que necesite comunicarme contigo?<\/li>\n<\/ol>\n<p>Te contestar\u00e9 con un par de fechas\/horarios tentativos, y puedes elegir la opci\u00f3n que prefieras. Tan pronto como reciba tu respuesta, confirmar\u00e9 la cita y feliz esper\u00e9 recibir tu llamada seg\u00fan lo programado.<\/p>\n<p>&nbsp;<\/p>\n<p style=\"font-size: 10px;\"><em>Disclaimer<\/em><\/p>\n<p style=\"font-size: 10px;\"><em>La informaci\u00f3n compartida durante cualquier sesi\u00f3n y\/o lectura ofrecida en este sitio est\u00e1 destinada \u00fanicamente a fines educativos, de apoyo y de empoderamiento. Toda la orientaci\u00f3n, los documentos y la informaci\u00f3n proporcionada durante las sesiones y\/o lecturas deben usarse a discreci\u00f3n y responsabilidad del cliente, y no deben usarse como un sustituto del consejo m\u00e9dico o cualquier terapia proporcionada por un psicoterapeuta, psic\u00f3logo, psiquiatra u otros profesionales de la salud con licencia m\u00e9dica.<br \/>\n<\/em><\/p>\n<p style=\"font-size: 10px;\"><em>Todos los documentos y grabaciones proporcionados en asociaci\u00f3n con cualquier sesi\u00f3n y\/o lectura son solo para uso personal y no se pueden compartir ni usar con fines comerciales.<\/em><\/p>\n","protected":false},"excerpt":{"rendered":"<p>Estoy lista\/o para planificar mis d\u00edas de maneras m\u00e1s divertidas y con sentido mientras sintonizo con las energ\u00edas diarias. Me gustar\u00eda saber qu\u00e9 d\u00edas son m\u00e1s beneficiosos para m\u00ed!<\/p>\n<p class=\"p1\"><strong><em>(Favor sigue las instrucciones abajo)<\/em><\/strong><\/p>\n","protected":false},"featured_media":12914,"template":"","meta":{"_monsterinsights_skip_tracking":false,"_monsterinsights_sitenote_active":false,"_monsterinsights_sitenote_note":"","_monsterinsights_sitenote_category":0,"_genesis_hide_title":false,"_genesis_hide_breadcrumbs":false,"_genesis_hide_singular_image":false,"_genesis_hide_footer_widgets":false,"_genesis_custom_body_class":"","_genesis_custom_post_class":"","_genesis_layout":""},"product_brand":[],"product_cat":[108],"product_tag":[],"class_list":{"0":"post-11142","1":"product","2":"type-product","3":"status-publish","4":"has-post-thumbnail","6":"product_cat-sesiones","7":"entry","9":"first","10":"outofstock","11":"virtual","12":"purchasable","13":"product-type-simple"},"yoast_head":"<!-- This site is optimized with the Yoast SEO plugin v26.6 - https:\/\/yoast.com\/wordpress\/plugins\/seo\/ -->\n<title>Planificaci\u00f3n Personal - MayanKin<\/title>\n<meta name=\"robots\" content=\"index, follow, max-snippet:-1, max-image-preview:large, max-video-preview:-1\" \/>\n<link rel=\"canonical\" href=\"https:\/\/mayankin.com\/es\/product\/planificacion-personal\/\" \/>\n<meta property=\"og:locale\" content=\"es_ES\" \/>\n<meta property=\"og:type\" content=\"article\" \/>\n<meta property=\"og:title\" content=\"Planificaci\u00f3n Personal - MayanKin\" \/>\n<meta property=\"og:description\" content=\"Estoy lista\/o para planificar mis d\u00edas de maneras m\u00e1s divertidas y con sentido mientras sintonizo con las energ\u00edas diarias. Me gustar\u00eda saber qu\u00e9 d\u00edas son m\u00e1s beneficiosos para m\u00ed! (Favor sigue las instrucciones abajo)\" \/>\n<meta property=\"og:url\" content=\"https:\/\/mayankin.com\/es\/product\/planificacion-personal\/\" \/>\n<meta property=\"og:site_name\" content=\"MayanKin\" \/>\n<meta property=\"article:publisher\" content=\"https:\/\/www.facebook.com\/MayanKinEspanol\/\" \/>\n<meta property=\"article:modified_time\" content=\"2022-01-13T01:17:06+00:00\" \/>\n<meta property=\"og:image\" content=\"https:\/\/mayankin.com\/es\/wp-content\/uploads\/2019\/08\/MarielaMaya-MayanKin-BridgingWorlds-Sesion-Planificacion-Personal-Agendar-FI.png\" \/>\n\t<meta property=\"og:image:width\" content=\"500\" \/>\n\t<meta property=\"og:image:height\" content=\"500\" \/>\n\t<meta property=\"og:image:type\" content=\"image\/png\" \/>\n<meta name=\"twitter:card\" content=\"summary_large_image\" \/>\n<meta name=\"twitter:site\" content=\"@mayankin\" \/>\n<meta name=\"twitter:label1\" content=\"Tiempo de lectura\" \/>\n\t<meta name=\"twitter:data1\" content=\"3 minutos\" \/>\n<script type=\"application\/ld+json\" class=\"yoast-schema-graph\">{\"@context\":\"https:\/\/schema.org\",\"@graph\":[{\"@type\":\"WebPage\",\"@id\":\"https:\/\/mayankin.com\/es\/product\/planificacion-personal\/\",\"url\":\"https:\/\/mayankin.com\/es\/product\/planificacion-personal\/\",\"name\":\"Planificaci\u00f3n Personal - MayanKin\",\"isPartOf\":{\"@id\":\"https:\/\/mayankin.com\/es\/#website\"},\"primaryImageOfPage\":{\"@id\":\"https:\/\/mayankin.com\/es\/product\/planificacion-personal\/#primaryimage\"},\"image\":{\"@id\":\"https:\/\/mayankin.com\/es\/product\/planificacion-personal\/#primaryimage\"},\"thumbnailUrl\":\"https:\/\/mayankin.com\/es\/wp-content\/uploads\/2019\/08\/MarielaMaya-MayanKin-BridgingWorlds-Sesion-Planificacion-Personal-Agendar-FI.png\",\"datePublished\":\"2019-08-18T23:58:32+00:00\",\"dateModified\":\"2022-01-13T01:17:06+00:00\",\"breadcrumb\":{\"@id\":\"https:\/\/mayankin.com\/es\/product\/planificacion-personal\/#breadcrumb\"},\"inLanguage\":\"es\",\"potentialAction\":[{\"@type\":\"ReadAction\",\"target\":[\"https:\/\/mayankin.com\/es\/product\/planificacion-personal\/\"]}]},{\"@type\":\"ImageObject\",\"inLanguage\":\"es\",\"@id\":\"https:\/\/mayankin.com\/es\/product\/planificacion-personal\/#primaryimage\",\"url\":\"https:\/\/mayankin.com\/es\/wp-content\/uploads\/2019\/08\/MarielaMaya-MayanKin-BridgingWorlds-Sesion-Planificacion-Personal-Agendar-FI.png\",\"contentUrl\":\"https:\/\/mayankin.com\/es\/wp-content\/uploads\/2019\/08\/MarielaMaya-MayanKin-BridgingWorlds-Sesion-Planificacion-Personal-Agendar-FI.png\",\"width\":500,\"height\":500},{\"@type\":\"BreadcrumbList\",\"@id\":\"https:\/\/mayankin.com\/es\/product\/planificacion-personal\/#breadcrumb\",\"itemListElement\":[{\"@type\":\"ListItem\",\"position\":1,\"name\":\"Portada\",\"item\":\"https:\/\/mayankin.com\/es\/\"},{\"@type\":\"ListItem\",\"position\":2,\"name\":\"Tienda\",\"item\":\"https:\/\/mayankin.com\/es\/tienda\/\"},{\"@type\":\"ListItem\",\"position\":3,\"name\":\"Planificaci\u00f3n Personal\"}]},{\"@type\":\"WebSite\",\"@id\":\"https:\/\/mayankin.com\/es\/#website\",\"url\":\"https:\/\/mayankin.com\/es\/\",\"name\":\"MayanKin\",\"description\":\"\",\"publisher\":{\"@id\":\"https:\/\/mayankin.com\/es\/#organization\"},\"potentialAction\":[{\"@type\":\"SearchAction\",\"target\":{\"@type\":\"EntryPoint\",\"urlTemplate\":\"https:\/\/mayankin.com\/es\/?s={search_term_string}\"},\"query-input\":{\"@type\":\"PropertyValueSpecification\",\"valueRequired\":true,\"valueName\":\"search_term_string\"}}],\"inLanguage\":\"es\"},{\"@type\":\"Organization\",\"@id\":\"https:\/\/mayankin.com\/es\/#organization\",\"name\":\"MayanKin\",\"url\":\"https:\/\/mayankin.com\/es\/\",\"logo\":{\"@type\":\"ImageObject\",\"inLanguage\":\"es\",\"@id\":\"https:\/\/mayankin.com\/es\/#\/schema\/logo\/image\/\",\"url\":\"https:\/\/mayankin.com\/es\/wp-content\/uploads\/2020\/05\/MK-Logo-Redesign.png\",\"contentUrl\":\"https:\/\/mayankin.com\/es\/wp-content\/uploads\/2020\/05\/MK-Logo-Redesign.png\",\"width\":260,\"height\":105,\"caption\":\"MayanKin\"},\"image\":{\"@id\":\"https:\/\/mayankin.com\/es\/#\/schema\/logo\/image\/\"},\"sameAs\":[\"https:\/\/www.facebook.com\/MayanKinEspanol\/\",\"https:\/\/x.com\/mayankin\"]}]}<\/script>\n<!-- \/ Yoast SEO plugin. -->","yoast_head_json":{"title":"Planificaci\u00f3n Personal - MayanKin","robots":{"index":"index","follow":"follow","max-snippet":"max-snippet:-1","max-image-preview":"max-image-preview:large","max-video-preview":"max-video-preview:-1"},"canonical":"https:\/\/mayankin.com\/es\/product\/planificacion-personal\/","og_locale":"es_ES","og_type":"article","og_title":"Planificaci\u00f3n Personal - MayanKin","og_description":"Estoy lista\/o para planificar mis d\u00edas de maneras m\u00e1s divertidas y con sentido mientras sintonizo con las energ\u00edas diarias. Me gustar\u00eda saber qu\u00e9 d\u00edas son m\u00e1s beneficiosos para m\u00ed! (Favor sigue las instrucciones abajo)","og_url":"https:\/\/mayankin.com\/es\/product\/planificacion-personal\/","og_site_name":"MayanKin","article_publisher":"https:\/\/www.facebook.com\/MayanKinEspanol\/","article_modified_time":"2022-01-13T01:17:06+00:00","og_image":[{"width":500,"height":500,"url":"https:\/\/mayankin.com\/es\/wp-content\/uploads\/2019\/08\/MarielaMaya-MayanKin-BridgingWorlds-Sesion-Planificacion-Personal-Agendar-FI.png","type":"image\/png"}],"twitter_card":"summary_large_image","twitter_site":"@mayankin","twitter_misc":{"Tiempo de lectura":"3 minutos"},"schema":{"@context":"https:\/\/schema.org","@graph":[{"@type":"WebPage","@id":"https:\/\/mayankin.com\/es\/product\/planificacion-personal\/","url":"https:\/\/mayankin.com\/es\/product\/planificacion-personal\/","name":"Planificaci\u00f3n Personal - MayanKin","isPartOf":{"@id":"https:\/\/mayankin.com\/es\/#website"},"primaryImageOfPage":{"@id":"https:\/\/mayankin.com\/es\/product\/planificacion-personal\/#primaryimage"},"image":{"@id":"https:\/\/mayankin.com\/es\/product\/planificacion-personal\/#primaryimage"},"thumbnailUrl":"https:\/\/mayankin.com\/es\/wp-content\/uploads\/2019\/08\/MarielaMaya-MayanKin-BridgingWorlds-Sesion-Planificacion-Personal-Agendar-FI.png","datePublished":"2019-08-18T23:58:32+00:00","dateModified":"2022-01-13T01:17:06+00:00","breadcrumb":{"@id":"https:\/\/mayankin.com\/es\/product\/planificacion-personal\/#breadcrumb"},"inLanguage":"es","potentialAction":[{"@type":"ReadAction","target":["https:\/\/mayankin.com\/es\/product\/planificacion-personal\/"]}]},{"@type":"ImageObject","inLanguage":"es","@id":"https:\/\/mayankin.com\/es\/product\/planificacion-personal\/#primaryimage","url":"https:\/\/mayankin.com\/es\/wp-content\/uploads\/2019\/08\/MarielaMaya-MayanKin-BridgingWorlds-Sesion-Planificacion-Personal-Agendar-FI.png","contentUrl":"https:\/\/mayankin.com\/es\/wp-content\/uploads\/2019\/08\/MarielaMaya-MayanKin-BridgingWorlds-Sesion-Planificacion-Personal-Agendar-FI.png","width":500,"height":500},{"@type":"BreadcrumbList","@id":"https:\/\/mayankin.com\/es\/product\/planificacion-personal\/#breadcrumb","itemListElement":[{"@type":"ListItem","position":1,"name":"Portada","item":"https:\/\/mayankin.com\/es\/"},{"@type":"ListItem","position":2,"name":"Tienda","item":"https:\/\/mayankin.com\/es\/tienda\/"},{"@type":"ListItem","position":3,"name":"Planificaci\u00f3n Personal"}]},{"@type":"WebSite","@id":"https:\/\/mayankin.com\/es\/#website","url":"https:\/\/mayankin.com\/es\/","name":"MayanKin","description":"","publisher":{"@id":"https:\/\/mayankin.com\/es\/#organization"},"potentialAction":[{"@type":"SearchAction","target":{"@type":"EntryPoint","urlTemplate":"https:\/\/mayankin.com\/es\/?s={search_term_string}"},"query-input":{"@type":"PropertyValueSpecification","valueRequired":true,"valueName":"search_term_string"}}],"inLanguage":"es"},{"@type":"Organization","@id":"https:\/\/mayankin.com\/es\/#organization","name":"MayanKin","url":"https:\/\/mayankin.com\/es\/","logo":{"@type":"ImageObject","inLanguage":"es","@id":"https:\/\/mayankin.com\/es\/#\/schema\/logo\/image\/","url":"https:\/\/mayankin.com\/es\/wp-content\/uploads\/2020\/05\/MK-Logo-Redesign.png","contentUrl":"https:\/\/mayankin.com\/es\/wp-content\/uploads\/2020\/05\/MK-Logo-Redesign.png","width":260,"height":105,"caption":"MayanKin"},"image":{"@id":"https:\/\/mayankin.com\/es\/#\/schema\/logo\/image\/"},"sameAs":["https:\/\/www.facebook.com\/MayanKinEspanol\/","https:\/\/x.com\/mayankin"]}]}},"_links":{"self":[{"href":"https:\/\/mayankin.com\/es\/wp-json\/wp\/v2\/product\/11142","targetHints":{"allow":["GET"]}}],"collection":[{"href":"https:\/\/mayankin.com\/es\/wp-json\/wp\/v2\/product"}],"about":[{"href":"https:\/\/mayankin.com\/es\/wp-json\/wp\/v2\/types\/product"}],"wp:featuredmedia":[{"embeddable":true,"href":"https:\/\/mayankin.com\/es\/wp-json\/wp\/v2\/media\/12914"}],"wp:attachment":[{"href":"https:\/\/mayankin.com\/es\/wp-json\/wp\/v2\/media?parent=11142"}],"wp:term":[{"taxonomy":"product_brand","embeddable":true,"href":"https:\/\/mayankin.com\/es\/wp-json\/wp\/v2\/product_brand?post=11142"},{"taxonomy":"product_cat","embeddable":true,"href":"https:\/\/mayankin.com\/es\/wp-json\/wp\/v2\/product_cat?post=11142"},{"taxonomy":"product_tag","embeddable":true,"href":"https:\/\/mayankin.com\/es\/wp-json\/wp\/v2\/product_tag?post=11142"}],"curies":[{"name":"wp","href":"https:\/\/api.w.org\/{rel}","templated":true}]}}