{"id":11105,"date":"2019-08-17T04:36:02","date_gmt":"2019-08-17T04:36:02","guid":{"rendered":"https:\/\/mayankin.com\/es\/?post_type=product&#038;p=11105"},"modified":"2022-01-12T18:17:07","modified_gmt":"2022-01-13T01:17:07","slug":"sesion-individual","status":"publish","type":"product","link":"https:\/\/mayankin.com\/es\/product\/sesion-individual\/","title":{"rendered":"Sesi\u00f3n Individual"},"content":{"rendered":"<p>Las sesiones pueden ser independientes o como seguimiento de lecturas. Pueden ser de naturaleza general o centrarse en temas espec\u00edficos. Y, las sesiones se pueden dedicar al crecimiento personal, c\u00f3mo usar el Tzolkin como una herramienta de empoderamiento, o ambos.<\/p>\n<p>Mientras trabajamos con tu intenci\u00f3n personal, el prop\u00f3sito de estas sesiones es que obtengas claridad en tu camino, que seas consciente de tus elecciones y, lo m\u00e1s importante, que te sientas libre y empoderada\/o para ser t\u00fa misma\/o!<\/p>\n<p>Si quieres continuar trabajando junta\/os despu\u00e9s de nuestra primera sesi\u00f3n, podemos determinar un plan basado en tus necesidades, tiempo y presupuesto.<\/p>\n<p>Puedes elegir entre tres diferentes duraciones: 1 hora, 1.5 horas y 2 horas.<\/p>\n<p>Cada sesi\u00f3n es en vivo, puede ser grabada, e incluye un documento breve que ser\u00e1 enviado despu\u00e9s de encontrarnos.<\/p>\n<h3>Instrucciones<\/h3>\n<p>Despu\u00e9s de proceder con el pago online, favor env\u00edame un <a href=\"mailto:mariela@mayankin.com\">email<\/a> con la siguiente informaci\u00f3n para poder agendar la sesi\u00f3n:<\/p>\n<ol>\n<li>Cu\u00e1l es tu fecha de nacimiento?<\/li>\n<li>En qu\u00e9 zona horaria te encuentras?<\/li>\n<li>Cu\u00e1l es tu franja horaria de preferencia para reunirnos (d\u00eda de semana\/fin de semana y alrededor de qu\u00e9 horas)?<\/li>\n<li>Prefieres que nos encontremos por Zoom, Skype, WhatsApp o tel\u00e9fono?<\/li>\n<li>Cu\u00e1l es tu n\u00famero de tel\u00e9fono m\u00f3vil en caso de que necesite comunicarme contigo?<\/li>\n<\/ol>\n<p>Te contestar\u00e9 con un par de fechas\/horarios tentativos, y puedes elegir la opci\u00f3n que prefieras. Tan pronto como reciba tu respuesta, confirmar\u00e9 la cita y feliz esper\u00e9 recibir tu llamada seg\u00fan lo programado.<\/p>\n<p>&nbsp;<\/p>\n<p style=\"font-size: 10px;\"><em>Disclaimer<\/em><\/p>\n<p style=\"font-size: 10px;\"><em>La informaci\u00f3n compartida durante cualquier sesi\u00f3n y\/o lectura ofrecida en este sitio est\u00e1 destinada \u00fanicamente a fines educativos, de apoyo y de empoderamiento. Toda la orientaci\u00f3n, los documentos y la informaci\u00f3n proporcionada durante las sesiones y\/o lecturas deben usarse a discreci\u00f3n y responsabilidad del cliente, y no deben usarse como un sustituto del consejo m\u00e9dico o cualquier terapia proporcionada por un psicoterapeuta, psic\u00f3logo, psiquiatra u otros profesionales de la salud con licencia m\u00e9dica.<br \/>\n<\/em><\/p>\n<p style=\"font-size: 10px;\"><em>Todos los documentos y grabaciones proporcionados en asociaci\u00f3n con cualquier sesi\u00f3n y\/o lectura son solo para uso personal y no se pueden compartir ni usar con fines comerciales.<\/em><\/p>\n","protected":false},"excerpt":{"rendered":"<p>Quiero agendar una sesi\u00f3n de seguimiento, o compartir lo que siento y necesito, hablar de mis circunstancias actuales y obtener claridad y orientaci\u00f3n sobre c\u00f3mo proceder!<\/p>\n<p><em><strong>(Favor sigue las instrucciones abajo)<\/strong><br \/>\n<\/em><\/p>\n","protected":false},"featured_media":12923,"template":"","meta":{"_monsterinsights_skip_tracking":false,"_monsterinsights_sitenote_active":false,"_monsterinsights_sitenote_note":"","_monsterinsights_sitenote_category":0,"_genesis_hide_title":false,"_genesis_hide_breadcrumbs":false,"_genesis_hide_singular_image":false,"_genesis_hide_footer_widgets":false,"_genesis_custom_body_class":"","_genesis_custom_post_class":"","_genesis_layout":""},"product_brand":[],"product_cat":[108],"product_tag":[],"class_list":{"0":"post-11105","1":"product","2":"type-product","3":"status-publish","4":"has-post-thumbnail","6":"product_cat-sesiones","7":"entry","9":"first","10":"outofstock","11":"purchasable","12":"product-type-variable"},"yoast_head":"<!-- This site is optimized with the Yoast SEO plugin v26.6 - https:\/\/yoast.com\/wordpress\/plugins\/seo\/ -->\n<title>Sesi\u00f3n Individual - MayanKin<\/title>\n<meta name=\"robots\" content=\"index, follow, max-snippet:-1, max-image-preview:large, max-video-preview:-1\" \/>\n<link rel=\"canonical\" href=\"https:\/\/mayankin.com\/es\/product\/sesion-individual\/\" \/>\n<meta property=\"og:locale\" content=\"es_ES\" \/>\n<meta property=\"og:type\" content=\"article\" \/>\n<meta property=\"og:title\" content=\"Sesi\u00f3n Individual - MayanKin\" \/>\n<meta property=\"og:description\" content=\"Quiero agendar una sesi\u00f3n de seguimiento, o compartir lo que siento y necesito, hablar de mis circunstancias actuales y obtener claridad y orientaci\u00f3n sobre c\u00f3mo proceder!  (Favor sigue las instrucciones abajo)\" \/>\n<meta property=\"og:url\" content=\"https:\/\/mayankin.com\/es\/product\/sesion-individual\/\" \/>\n<meta property=\"og:site_name\" content=\"MayanKin\" \/>\n<meta property=\"article:publisher\" content=\"https:\/\/www.facebook.com\/MayanKinEspanol\/\" \/>\n<meta property=\"article:modified_time\" content=\"2022-01-13T01:17:07+00:00\" \/>\n<meta property=\"og:image\" content=\"https:\/\/mayankin.com\/es\/wp-content\/uploads\/2019\/08\/MarielaMaya-MayanKin-BridgingWorlds-Sesion-2-Horas-FI.png\" \/>\n\t<meta property=\"og:image:width\" content=\"500\" \/>\n\t<meta property=\"og:image:height\" content=\"500\" \/>\n\t<meta property=\"og:image:type\" content=\"image\/png\" \/>\n<meta name=\"twitter:card\" content=\"summary_large_image\" \/>\n<meta name=\"twitter:site\" content=\"@mayankin\" \/>\n<meta name=\"twitter:label1\" content=\"Tiempo de lectura\" \/>\n\t<meta name=\"twitter:data1\" content=\"2 minutos\" \/>\n<script type=\"application\/ld+json\" class=\"yoast-schema-graph\">{\"@context\":\"https:\/\/schema.org\",\"@graph\":[{\"@type\":\"WebPage\",\"@id\":\"https:\/\/mayankin.com\/es\/product\/sesion-individual\/\",\"url\":\"https:\/\/mayankin.com\/es\/product\/sesion-individual\/\",\"name\":\"Sesi\u00f3n Individual - MayanKin\",\"isPartOf\":{\"@id\":\"https:\/\/mayankin.com\/es\/#website\"},\"primaryImageOfPage\":{\"@id\":\"https:\/\/mayankin.com\/es\/product\/sesion-individual\/#primaryimage\"},\"image\":{\"@id\":\"https:\/\/mayankin.com\/es\/product\/sesion-individual\/#primaryimage\"},\"thumbnailUrl\":\"https:\/\/mayankin.com\/es\/wp-content\/uploads\/2019\/08\/MarielaMaya-MayanKin-BridgingWorlds-Sesion-2-Horas-FI.png\",\"datePublished\":\"2019-08-17T04:36:02+00:00\",\"dateModified\":\"2022-01-13T01:17:07+00:00\",\"breadcrumb\":{\"@id\":\"https:\/\/mayankin.com\/es\/product\/sesion-individual\/#breadcrumb\"},\"inLanguage\":\"es\",\"potentialAction\":[{\"@type\":\"ReadAction\",\"target\":[\"https:\/\/mayankin.com\/es\/product\/sesion-individual\/\"]}]},{\"@type\":\"ImageObject\",\"inLanguage\":\"es\",\"@id\":\"https:\/\/mayankin.com\/es\/product\/sesion-individual\/#primaryimage\",\"url\":\"https:\/\/mayankin.com\/es\/wp-content\/uploads\/2019\/08\/MarielaMaya-MayanKin-BridgingWorlds-Sesion-2-Horas-FI.png\",\"contentUrl\":\"https:\/\/mayankin.com\/es\/wp-content\/uploads\/2019\/08\/MarielaMaya-MayanKin-BridgingWorlds-Sesion-2-Horas-FI.png\",\"width\":500,\"height\":500},{\"@type\":\"BreadcrumbList\",\"@id\":\"https:\/\/mayankin.com\/es\/product\/sesion-individual\/#breadcrumb\",\"itemListElement\":[{\"@type\":\"ListItem\",\"position\":1,\"name\":\"Portada\",\"item\":\"https:\/\/mayankin.com\/es\/\"},{\"@type\":\"ListItem\",\"position\":2,\"name\":\"Tienda\",\"item\":\"https:\/\/mayankin.com\/es\/tienda\/\"},{\"@type\":\"ListItem\",\"position\":3,\"name\":\"Sesi\u00f3n Individual\"}]},{\"@type\":\"WebSite\",\"@id\":\"https:\/\/mayankin.com\/es\/#website\",\"url\":\"https:\/\/mayankin.com\/es\/\",\"name\":\"MayanKin\",\"description\":\"\",\"publisher\":{\"@id\":\"https:\/\/mayankin.com\/es\/#organization\"},\"potentialAction\":[{\"@type\":\"SearchAction\",\"target\":{\"@type\":\"EntryPoint\",\"urlTemplate\":\"https:\/\/mayankin.com\/es\/?s={search_term_string}\"},\"query-input\":{\"@type\":\"PropertyValueSpecification\",\"valueRequired\":true,\"valueName\":\"search_term_string\"}}],\"inLanguage\":\"es\"},{\"@type\":\"Organization\",\"@id\":\"https:\/\/mayankin.com\/es\/#organization\",\"name\":\"MayanKin\",\"url\":\"https:\/\/mayankin.com\/es\/\",\"logo\":{\"@type\":\"ImageObject\",\"inLanguage\":\"es\",\"@id\":\"https:\/\/mayankin.com\/es\/#\/schema\/logo\/image\/\",\"url\":\"https:\/\/mayankin.com\/es\/wp-content\/uploads\/2020\/05\/MK-Logo-Redesign.png\",\"contentUrl\":\"https:\/\/mayankin.com\/es\/wp-content\/uploads\/2020\/05\/MK-Logo-Redesign.png\",\"width\":260,\"height\":105,\"caption\":\"MayanKin\"},\"image\":{\"@id\":\"https:\/\/mayankin.com\/es\/#\/schema\/logo\/image\/\"},\"sameAs\":[\"https:\/\/www.facebook.com\/MayanKinEspanol\/\",\"https:\/\/x.com\/mayankin\"]}]}<\/script>\n<!-- \/ Yoast SEO plugin. -->","yoast_head_json":{"title":"Sesi\u00f3n Individual - MayanKin","robots":{"index":"index","follow":"follow","max-snippet":"max-snippet:-1","max-image-preview":"max-image-preview:large","max-video-preview":"max-video-preview:-1"},"canonical":"https:\/\/mayankin.com\/es\/product\/sesion-individual\/","og_locale":"es_ES","og_type":"article","og_title":"Sesi\u00f3n Individual - MayanKin","og_description":"Quiero agendar una sesi\u00f3n de seguimiento, o compartir lo que siento y necesito, hablar de mis circunstancias actuales y obtener claridad y orientaci\u00f3n sobre c\u00f3mo proceder!  (Favor sigue las instrucciones abajo)","og_url":"https:\/\/mayankin.com\/es\/product\/sesion-individual\/","og_site_name":"MayanKin","article_publisher":"https:\/\/www.facebook.com\/MayanKinEspanol\/","article_modified_time":"2022-01-13T01:17:07+00:00","og_image":[{"width":500,"height":500,"url":"https:\/\/mayankin.com\/es\/wp-content\/uploads\/2019\/08\/MarielaMaya-MayanKin-BridgingWorlds-Sesion-2-Horas-FI.png","type":"image\/png"}],"twitter_card":"summary_large_image","twitter_site":"@mayankin","twitter_misc":{"Tiempo de lectura":"2 minutos"},"schema":{"@context":"https:\/\/schema.org","@graph":[{"@type":"WebPage","@id":"https:\/\/mayankin.com\/es\/product\/sesion-individual\/","url":"https:\/\/mayankin.com\/es\/product\/sesion-individual\/","name":"Sesi\u00f3n Individual - MayanKin","isPartOf":{"@id":"https:\/\/mayankin.com\/es\/#website"},"primaryImageOfPage":{"@id":"https:\/\/mayankin.com\/es\/product\/sesion-individual\/#primaryimage"},"image":{"@id":"https:\/\/mayankin.com\/es\/product\/sesion-individual\/#primaryimage"},"thumbnailUrl":"https:\/\/mayankin.com\/es\/wp-content\/uploads\/2019\/08\/MarielaMaya-MayanKin-BridgingWorlds-Sesion-2-Horas-FI.png","datePublished":"2019-08-17T04:36:02+00:00","dateModified":"2022-01-13T01:17:07+00:00","breadcrumb":{"@id":"https:\/\/mayankin.com\/es\/product\/sesion-individual\/#breadcrumb"},"inLanguage":"es","potentialAction":[{"@type":"ReadAction","target":["https:\/\/mayankin.com\/es\/product\/sesion-individual\/"]}]},{"@type":"ImageObject","inLanguage":"es","@id":"https:\/\/mayankin.com\/es\/product\/sesion-individual\/#primaryimage","url":"https:\/\/mayankin.com\/es\/wp-content\/uploads\/2019\/08\/MarielaMaya-MayanKin-BridgingWorlds-Sesion-2-Horas-FI.png","contentUrl":"https:\/\/mayankin.com\/es\/wp-content\/uploads\/2019\/08\/MarielaMaya-MayanKin-BridgingWorlds-Sesion-2-Horas-FI.png","width":500,"height":500},{"@type":"BreadcrumbList","@id":"https:\/\/mayankin.com\/es\/product\/sesion-individual\/#breadcrumb","itemListElement":[{"@type":"ListItem","position":1,"name":"Portada","item":"https:\/\/mayankin.com\/es\/"},{"@type":"ListItem","position":2,"name":"Tienda","item":"https:\/\/mayankin.com\/es\/tienda\/"},{"@type":"ListItem","position":3,"name":"Sesi\u00f3n Individual"}]},{"@type":"WebSite","@id":"https:\/\/mayankin.com\/es\/#website","url":"https:\/\/mayankin.com\/es\/","name":"MayanKin","description":"","publisher":{"@id":"https:\/\/mayankin.com\/es\/#organization"},"potentialAction":[{"@type":"SearchAction","target":{"@type":"EntryPoint","urlTemplate":"https:\/\/mayankin.com\/es\/?s={search_term_string}"},"query-input":{"@type":"PropertyValueSpecification","valueRequired":true,"valueName":"search_term_string"}}],"inLanguage":"es"},{"@type":"Organization","@id":"https:\/\/mayankin.com\/es\/#organization","name":"MayanKin","url":"https:\/\/mayankin.com\/es\/","logo":{"@type":"ImageObject","inLanguage":"es","@id":"https:\/\/mayankin.com\/es\/#\/schema\/logo\/image\/","url":"https:\/\/mayankin.com\/es\/wp-content\/uploads\/2020\/05\/MK-Logo-Redesign.png","contentUrl":"https:\/\/mayankin.com\/es\/wp-content\/uploads\/2020\/05\/MK-Logo-Redesign.png","width":260,"height":105,"caption":"MayanKin"},"image":{"@id":"https:\/\/mayankin.com\/es\/#\/schema\/logo\/image\/"},"sameAs":["https:\/\/www.facebook.com\/MayanKinEspanol\/","https:\/\/x.com\/mayankin"]}]}},"_links":{"self":[{"href":"https:\/\/mayankin.com\/es\/wp-json\/wp\/v2\/product\/11105","targetHints":{"allow":["GET"]}}],"collection":[{"href":"https:\/\/mayankin.com\/es\/wp-json\/wp\/v2\/product"}],"about":[{"href":"https:\/\/mayankin.com\/es\/wp-json\/wp\/v2\/types\/product"}],"wp:featuredmedia":[{"embeddable":true,"href":"https:\/\/mayankin.com\/es\/wp-json\/wp\/v2\/media\/12923"}],"wp:attachment":[{"href":"https:\/\/mayankin.com\/es\/wp-json\/wp\/v2\/media?parent=11105"}],"wp:term":[{"taxonomy":"product_brand","embeddable":true,"href":"https:\/\/mayankin.com\/es\/wp-json\/wp\/v2\/product_brand?post=11105"},{"taxonomy":"product_cat","embeddable":true,"href":"https:\/\/mayankin.com\/es\/wp-json\/wp\/v2\/product_cat?post=11105"},{"taxonomy":"product_tag","embeddable":true,"href":"https:\/\/mayankin.com\/es\/wp-json\/wp\/v2\/product_tag?post=11105"}],"curies":[{"name":"wp","href":"https:\/\/api.w.org\/{rel}","templated":true}]}}