{"id":11102,"date":"2019-08-17T04:32:20","date_gmt":"2019-08-17T04:32:20","guid":{"rendered":"https:\/\/mayankin.com\/es\/?post_type=product&#038;p=11102"},"modified":"2022-01-12T18:17:06","modified_gmt":"2022-01-13T01:17:06","slug":"programa-integral","status":"publish","type":"product","link":"https:\/\/mayankin.com\/es\/product\/programa-integral\/","title":{"rendered":"Programa de Tzolkin Integral"},"content":{"rendered":"<p>Un Programa es una excelente manera de obtener una mejor comprensi\u00f3n y una visi\u00f3n m\u00e1s profunda desde distintas perspectivas acerca de tu camino personal y lo que necesitas en este momento. Adem\u00e1s de obtener la quinta sesi\u00f3n sin cargo, el beneficio de tener el Programa en lugar de lecturas individuales es que podemos explorar en varias sesiones muchos temas de manera m\u00e1s integral, mientras proporciono orientaci\u00f3n y apoyo, acompa\u00f1o el proceso y atiendo lo que vaya apareciendo.<\/p>\n<p>Cuando agendas el Programa, te pido que me dejes saber de antemano si solamente est\u00e1s interesada\/o en desarrolo personal, si quieres aprender m\u00e1s acerca del Tzolkin o ambas cosas. Me asegurar\u00e9 de compartir las sesiones de maneras que se alineen con tu inter\u00e9s y objetivos.<\/p>\n<p>El Programa consiste de 5 sesiones, las cuales se agendan de antemano en base a tus horarios: semanalmente, cada dos semanas, una vez por mes o con m\u00e1s flexibilidad de ser necesario. Despu\u00e9s de la \u00faltima sesi\u00f3n, tendr\u00e1s un buen resumen y herramientas pr\u00e1cticas para que contin\u00faes explorando y trabajando por tu cuenta en lo cotidiano.<\/p>\n<p>Las sesiones incluidas son:<\/p>\n<h4>Sesi\u00f3n 1 \u2013 Or\u00e1culo de Nacimiento<\/h4>\n<p>Cubriremos los distintos componentes de tu <a href=\"https:\/\/mayankin.com\/es\/oraculos\/\">Or\u00e1culo de Nacimiento<\/a> incluyendo tu Kin de Destino, Poder Gu\u00eda, An\u00e1logo, Oculto y Desaf\u00edo, como as\u00ed tambi\u00e9n tu Tono Lunar, Onda Encantada, Castillo y A\u00f1o. Veremos cada arquetipo desde los aspectos de luz y sombra y formas de transformaci\u00f3n e integraci\u00f3n.<\/p>\n<h4>Sesi\u00f3n 2 \u2013 Or\u00e1culos de Tr\u00e1nsito<\/h4>\n<p>Veremos tus <a href=\"https:\/\/mayankin.com\/es\/oraculos\/\">Or\u00e1culos de Tr\u00e1nsito<\/a> por tres a\u00f1os seguidos (a\u00f1o pasado, este a\u00f1o y el a\u00f1o que viene) como una transici\u00f3n desde la perspectiva energ\u00e9tica para entender de d\u00f3nde vienes, d\u00f3nde est\u00e1s hoy y hacia d\u00f3nde vas. El \u00e9nfasis ser\u00e1 en tu Or\u00e1culo de Tr\u00e1nsito actual (desde tu \u00faltimo cumplea\u00f1os hasta el pr\u00f3ximo).<\/p>\n<h4>Sesi\u00f3n 3 \u2013 Onda Encantada de Nacimiento<\/h4>\n<p>Exploraremos los 13 Kines de tu <a href=\"https:\/\/mayankin.com\/es\/onda-encantada\/\">Onda Encantada de Nacimiento<\/a>, veremos que representa cada uno y aprender\u00e1s a c\u00f3mo usar esta gran herramienta para prop\u00f3sitos de planificaci\u00f3n. Compartir\u00e9 una meditaci\u00f3n guiada mostr\u00e1ndote c\u00f3mo corporizar tu Onda Encantada al moverla f\u00edsicamente, sintiendo las energ\u00edas en tu cuerpo y lo significa para ti en general.<\/p>\n<h4>Sesi\u00f3n 4 \u2013 Castillo de Destino<\/h4>\n<p>Esta es la lectura m\u00e1s completa de todas, donde veremos tu Familia Terrestre, cambios energ\u00e9ticos, comienzos y fines de per\u00edodos importantes de 13 a\u00f1os, y fechas relevantes dentro de tu <a href=\"https:\/\/mayankin.com\/es\/castillo-del-destino\/\">patr\u00f3n de 52 a\u00f1os<\/a>. Esto te servir\u00e1 como hoja de ruta para despejar cualquier cosa del pasado y elegir a conciencia en el presente y futuro.<\/p>\n<h4>Sesi\u00f3n 5 \u2013 Planificaci\u00f3n o Rueda Medicinal + Integraci\u00f3n<\/h4>\n<p>En esta \u00faltima sesi\u00f3n, la cual est\u00e1 incluida sin costo cuando agendas el Programa, puedes elegir entre la lectura de <a href=\"https:\/\/mayankin.com\/es\/rueda-medicinal\/\">Rueda Medicinal<\/a> o una sesi\u00f3n de <a href=\"https:\/\/mayankin.com\/es\/planificacion\/\">Planificaci\u00f3n<\/a>. La decisi\u00f3n puede hacerse al comienzo del Programa o a m\u00e1s tardar en la cuarta sesi\u00f3n para darme tiempo de preparar tu documento en base a tu elecci\u00f3n.<\/p>\n<p>Una opci\u00f3n es explorar los distintos aspectos de tu Rueda Medicinal en correlaci\u00f3n con tu Onda Encantada de Nacimiento y ver cu\u00e1les Kines se relacionan con tus niveles de sanaci\u00f3n espiritual, f\u00edsico, emocional y mental.<\/p>\n<p>La otra opci\u00f3n es trabajar con la matriz de Tzolkin para el ciclo actual con fines de planificaci\u00f3n e identificar cu\u00e1les d\u00edas son los m\u00e1s beneficiosos para ti para agendar ciertas actividades y eventos. Si tienes tu Agenda Diaria Tzolkin, la podemos personalizar tambi\u00e9n.<\/p>\n<p>En ambos casos, usaremos el resto de la sesi\u00f3n para la integraci\u00f3n, mientras le damos cierre al Programa y respondo a cualquier pregunta que puedas tener.<\/p>\n<p><img loading=\"lazy\" decoding=\"async\" class=\"aligncenter wp-image-11133\" src=\"https:\/\/mayankin.com\/es\/wp-content\/uploads\/2019\/08\/MarielaMaya-MayanKin-BridgingWorlds-Integrated-Program-Sessions-FI-150x150.png\" alt=\"\" width=\"100\" height=\"100\" srcset=\"https:\/\/mayankin.com\/es\/wp-content\/uploads\/2019\/08\/MarielaMaya-MayanKin-BridgingWorlds-Integrated-Program-Sessions-FI-150x150.png 150w, https:\/\/mayankin.com\/es\/wp-content\/uploads\/2019\/08\/MarielaMaya-MayanKin-BridgingWorlds-Integrated-Program-Sessions-FI-300x300.png 300w, https:\/\/mayankin.com\/es\/wp-content\/uploads\/2019\/08\/MarielaMaya-MayanKin-BridgingWorlds-Integrated-Program-Sessions-FI.png 500w, https:\/\/mayankin.com\/es\/wp-content\/uploads\/2019\/08\/MarielaMaya-MayanKin-BridgingWorlds-Integrated-Program-Sessions-FI-180x180.png 180w\" sizes=\"auto, (max-width: 100px) 100vw, 100px\" \/><\/p>\n<p>Cada sesi\u00f3n es en vivo y puede ser grabada.<\/p>\n<p>El Programa incluye tarea del hogar y ejercicios simples, si quieres y mientras tus horarios as\u00ed lo permitan. Esto te dar\u00e1 la oportunidad de poner en pr\u00e1ctica lo que compartimos en cada sesi\u00f3n, y obtener claridad en tu camino, experiencias y relaciones para que puedas cambiar lo que quieras.<\/p>\n<p>El Programa deber ser agendado y pagado por adelantado. Preparar\u00e9 cinco documentos personalizados para ti, los cuales ser\u00e1n enviados alrededor de cada sesi\u00f3n. Al final del Programa, recibir\u00e1s un documento completo incluyendo todas las lecturas y gr\u00e1ficos, el cual te servir\u00e1 como una herramienta valiosa que puedes usar para el resto de tu vida.<\/p>\n<h3>Instrucciones<\/h3>\n<p>Despu\u00e9s de proceder con el pago online, favor env\u00edame un <a href=\"mailto:mariela@mayankin.com\">email<\/a> con la siguiente informaci\u00f3n:<\/p>\n<ol>\n<li>Cu\u00e1l es tu fecha de nacimiento?<\/li>\n<li>En qu\u00e9 zona horaria te encuentras?<\/li>\n<li>Cu\u00e1l es tu franja horaria de preferencia para reunirnos (d\u00eda de semana\/fin de semana y alrededor de qu\u00e9 horas)?<\/li>\n<li>Prefieres que nos encontremos por Zoom, Skype, WhatsApp o tel\u00e9fono?<\/li>\n<li>Cu\u00e1l es tu n\u00famero de tel\u00e9fono m\u00f3vil en caso de que necesite comunicarme contigo?<\/li>\n<\/ol>\n<p>Tendremos una breve llamada inicial para ver nuestras agendas y establecer las fechas\/horas para las cinco sesiones. Espero contactarme contigo!<\/p>\n<p>&nbsp;<\/p>\n<p style=\"font-size: 10px;\"><em>Disclaimer<\/em><\/p>\n<p style=\"font-size: 10px;\"><em>La informaci\u00f3n compartida durante cualquier sesi\u00f3n y\/o lectura ofrecida en este sitio est\u00e1 destinada \u00fanicamente a fines educativos, de apoyo y de empoderamiento. Toda la orientaci\u00f3n, los documentos y la informaci\u00f3n proporcionada durante las sesiones y\/o lecturas deben usarse a discreci\u00f3n y responsabilidad del cliente, y no deben usarse como un sustituto del consejo m\u00e9dico o cualquier terapia proporcionada por un psicoterapeuta, psic\u00f3logo, psiquiatra u otros profesionales de la salud con licencia m\u00e9dica.<br \/>\n<\/em><\/p>\n<p style=\"font-size: 10px;\"><em>Todos los documentos y grabaciones proporcionados en asociaci\u00f3n con cualquier sesi\u00f3n y\/o lectura son solo para uso personal y no se pueden compartir ni usar con fines comerciales.<\/em><\/p>\n","protected":false},"excerpt":{"rendered":"<p>Estoy lista\/o para expandir mi mirada y ser consciente de mi vida hasta ahora desde distintos \u00e1ngulos. Me gustar\u00eda encontrar formas de transformar lo viejo, disfrutar el presente y crear la vida que quiero!<\/p>\n<p class=\"p1\"><strong><em>(Favor sigue las instrucciones abajo)<\/em><\/strong><\/p>\n","protected":false},"featured_media":14159,"template":"","meta":{"_monsterinsights_skip_tracking":false,"_monsterinsights_sitenote_active":false,"_monsterinsights_sitenote_note":"","_monsterinsights_sitenote_category":0,"_genesis_hide_title":false,"_genesis_hide_breadcrumbs":false,"_genesis_hide_singular_image":false,"_genesis_hide_footer_widgets":false,"_genesis_custom_body_class":"","_genesis_custom_post_class":"","_genesis_layout":""},"product_brand":[],"product_cat":[108],"product_tag":[],"class_list":{"0":"post-11102","1":"product","2":"type-product","3":"status-publish","4":"has-post-thumbnail","6":"product_cat-sesiones","7":"entry","9":"first","10":"outofstock","11":"virtual","12":"purchasable","13":"product-type-simple"},"yoast_head":"<!-- This site is optimized with the Yoast SEO plugin v26.6 - https:\/\/yoast.com\/wordpress\/plugins\/seo\/ -->\n<title>Programa de Tzolkin Integral - MayanKin<\/title>\n<meta name=\"robots\" content=\"index, follow, max-snippet:-1, max-image-preview:large, max-video-preview:-1\" \/>\n<link rel=\"canonical\" href=\"https:\/\/mayankin.com\/es\/product\/programa-integral\/\" \/>\n<meta property=\"og:locale\" content=\"es_ES\" \/>\n<meta property=\"og:type\" content=\"article\" \/>\n<meta property=\"og:title\" content=\"Programa de Tzolkin Integral - MayanKin\" \/>\n<meta property=\"og:description\" content=\"Estoy lista\/o para expandir mi mirada y ser consciente de mi vida hasta ahora desde distintos \u00e1ngulos. Me gustar\u00eda encontrar formas de transformar lo viejo, disfrutar el presente y crear la vida que quiero! (Favor sigue las instrucciones abajo)\" \/>\n<meta property=\"og:url\" content=\"https:\/\/mayankin.com\/es\/product\/programa-integral\/\" \/>\n<meta property=\"og:site_name\" content=\"MayanKin\" \/>\n<meta property=\"article:publisher\" content=\"https:\/\/www.facebook.com\/MayanKinEspanol\/\" \/>\n<meta property=\"article:modified_time\" content=\"2022-01-13T01:17:06+00:00\" \/>\n<meta property=\"og:image\" content=\"https:\/\/mayankin.com\/es\/wp-content\/uploads\/2019\/08\/MayanKin-Mariela-Maya-BridgingWorlds-Camino-Tzolkin-Programa-Personal-FI.png\" \/>\n\t<meta property=\"og:image:width\" content=\"500\" \/>\n\t<meta property=\"og:image:height\" content=\"500\" \/>\n\t<meta property=\"og:image:type\" content=\"image\/png\" \/>\n<meta name=\"twitter:card\" content=\"summary_large_image\" \/>\n<meta name=\"twitter:site\" content=\"@mayankin\" \/>\n<meta name=\"twitter:label1\" content=\"Tiempo de lectura\" \/>\n\t<meta name=\"twitter:data1\" content=\"5 minutos\" \/>\n<script type=\"application\/ld+json\" class=\"yoast-schema-graph\">{\"@context\":\"https:\/\/schema.org\",\"@graph\":[{\"@type\":\"WebPage\",\"@id\":\"https:\/\/mayankin.com\/es\/product\/programa-integral\/\",\"url\":\"https:\/\/mayankin.com\/es\/product\/programa-integral\/\",\"name\":\"Programa de Tzolkin Integral - MayanKin\",\"isPartOf\":{\"@id\":\"https:\/\/mayankin.com\/es\/#website\"},\"primaryImageOfPage\":{\"@id\":\"https:\/\/mayankin.com\/es\/product\/programa-integral\/#primaryimage\"},\"image\":{\"@id\":\"https:\/\/mayankin.com\/es\/product\/programa-integral\/#primaryimage\"},\"thumbnailUrl\":\"https:\/\/mayankin.com\/es\/wp-content\/uploads\/2019\/08\/MayanKin-Mariela-Maya-BridgingWorlds-Camino-Tzolkin-Programa-Personal-FI.png\",\"datePublished\":\"2019-08-17T04:32:20+00:00\",\"dateModified\":\"2022-01-13T01:17:06+00:00\",\"breadcrumb\":{\"@id\":\"https:\/\/mayankin.com\/es\/product\/programa-integral\/#breadcrumb\"},\"inLanguage\":\"es\",\"potentialAction\":[{\"@type\":\"ReadAction\",\"target\":[\"https:\/\/mayankin.com\/es\/product\/programa-integral\/\"]}]},{\"@type\":\"ImageObject\",\"inLanguage\":\"es\",\"@id\":\"https:\/\/mayankin.com\/es\/product\/programa-integral\/#primaryimage\",\"url\":\"https:\/\/mayankin.com\/es\/wp-content\/uploads\/2019\/08\/MayanKin-Mariela-Maya-BridgingWorlds-Camino-Tzolkin-Programa-Personal-FI.png\",\"contentUrl\":\"https:\/\/mayankin.com\/es\/wp-content\/uploads\/2019\/08\/MayanKin-Mariela-Maya-BridgingWorlds-Camino-Tzolkin-Programa-Personal-FI.png\",\"width\":500,\"height\":500},{\"@type\":\"BreadcrumbList\",\"@id\":\"https:\/\/mayankin.com\/es\/product\/programa-integral\/#breadcrumb\",\"itemListElement\":[{\"@type\":\"ListItem\",\"position\":1,\"name\":\"Portada\",\"item\":\"https:\/\/mayankin.com\/es\/\"},{\"@type\":\"ListItem\",\"position\":2,\"name\":\"Tienda\",\"item\":\"https:\/\/mayankin.com\/es\/tienda\/\"},{\"@type\":\"ListItem\",\"position\":3,\"name\":\"Programa de Tzolkin Integral\"}]},{\"@type\":\"WebSite\",\"@id\":\"https:\/\/mayankin.com\/es\/#website\",\"url\":\"https:\/\/mayankin.com\/es\/\",\"name\":\"MayanKin\",\"description\":\"\",\"publisher\":{\"@id\":\"https:\/\/mayankin.com\/es\/#organization\"},\"potentialAction\":[{\"@type\":\"SearchAction\",\"target\":{\"@type\":\"EntryPoint\",\"urlTemplate\":\"https:\/\/mayankin.com\/es\/?s={search_term_string}\"},\"query-input\":{\"@type\":\"PropertyValueSpecification\",\"valueRequired\":true,\"valueName\":\"search_term_string\"}}],\"inLanguage\":\"es\"},{\"@type\":\"Organization\",\"@id\":\"https:\/\/mayankin.com\/es\/#organization\",\"name\":\"MayanKin\",\"url\":\"https:\/\/mayankin.com\/es\/\",\"logo\":{\"@type\":\"ImageObject\",\"inLanguage\":\"es\",\"@id\":\"https:\/\/mayankin.com\/es\/#\/schema\/logo\/image\/\",\"url\":\"https:\/\/mayankin.com\/es\/wp-content\/uploads\/2020\/05\/MK-Logo-Redesign.png\",\"contentUrl\":\"https:\/\/mayankin.com\/es\/wp-content\/uploads\/2020\/05\/MK-Logo-Redesign.png\",\"width\":260,\"height\":105,\"caption\":\"MayanKin\"},\"image\":{\"@id\":\"https:\/\/mayankin.com\/es\/#\/schema\/logo\/image\/\"},\"sameAs\":[\"https:\/\/www.facebook.com\/MayanKinEspanol\/\",\"https:\/\/x.com\/mayankin\"]}]}<\/script>\n<!-- \/ Yoast SEO plugin. -->","yoast_head_json":{"title":"Programa de Tzolkin Integral - MayanKin","robots":{"index":"index","follow":"follow","max-snippet":"max-snippet:-1","max-image-preview":"max-image-preview:large","max-video-preview":"max-video-preview:-1"},"canonical":"https:\/\/mayankin.com\/es\/product\/programa-integral\/","og_locale":"es_ES","og_type":"article","og_title":"Programa de Tzolkin Integral - MayanKin","og_description":"Estoy lista\/o para expandir mi mirada y ser consciente de mi vida hasta ahora desde distintos \u00e1ngulos. Me gustar\u00eda encontrar formas de transformar lo viejo, disfrutar el presente y crear la vida que quiero! (Favor sigue las instrucciones abajo)","og_url":"https:\/\/mayankin.com\/es\/product\/programa-integral\/","og_site_name":"MayanKin","article_publisher":"https:\/\/www.facebook.com\/MayanKinEspanol\/","article_modified_time":"2022-01-13T01:17:06+00:00","og_image":[{"width":500,"height":500,"url":"https:\/\/mayankin.com\/es\/wp-content\/uploads\/2019\/08\/MayanKin-Mariela-Maya-BridgingWorlds-Camino-Tzolkin-Programa-Personal-FI.png","type":"image\/png"}],"twitter_card":"summary_large_image","twitter_site":"@mayankin","twitter_misc":{"Tiempo de lectura":"5 minutos"},"schema":{"@context":"https:\/\/schema.org","@graph":[{"@type":"WebPage","@id":"https:\/\/mayankin.com\/es\/product\/programa-integral\/","url":"https:\/\/mayankin.com\/es\/product\/programa-integral\/","name":"Programa de Tzolkin Integral - MayanKin","isPartOf":{"@id":"https:\/\/mayankin.com\/es\/#website"},"primaryImageOfPage":{"@id":"https:\/\/mayankin.com\/es\/product\/programa-integral\/#primaryimage"},"image":{"@id":"https:\/\/mayankin.com\/es\/product\/programa-integral\/#primaryimage"},"thumbnailUrl":"https:\/\/mayankin.com\/es\/wp-content\/uploads\/2019\/08\/MayanKin-Mariela-Maya-BridgingWorlds-Camino-Tzolkin-Programa-Personal-FI.png","datePublished":"2019-08-17T04:32:20+00:00","dateModified":"2022-01-13T01:17:06+00:00","breadcrumb":{"@id":"https:\/\/mayankin.com\/es\/product\/programa-integral\/#breadcrumb"},"inLanguage":"es","potentialAction":[{"@type":"ReadAction","target":["https:\/\/mayankin.com\/es\/product\/programa-integral\/"]}]},{"@type":"ImageObject","inLanguage":"es","@id":"https:\/\/mayankin.com\/es\/product\/programa-integral\/#primaryimage","url":"https:\/\/mayankin.com\/es\/wp-content\/uploads\/2019\/08\/MayanKin-Mariela-Maya-BridgingWorlds-Camino-Tzolkin-Programa-Personal-FI.png","contentUrl":"https:\/\/mayankin.com\/es\/wp-content\/uploads\/2019\/08\/MayanKin-Mariela-Maya-BridgingWorlds-Camino-Tzolkin-Programa-Personal-FI.png","width":500,"height":500},{"@type":"BreadcrumbList","@id":"https:\/\/mayankin.com\/es\/product\/programa-integral\/#breadcrumb","itemListElement":[{"@type":"ListItem","position":1,"name":"Portada","item":"https:\/\/mayankin.com\/es\/"},{"@type":"ListItem","position":2,"name":"Tienda","item":"https:\/\/mayankin.com\/es\/tienda\/"},{"@type":"ListItem","position":3,"name":"Programa de Tzolkin Integral"}]},{"@type":"WebSite","@id":"https:\/\/mayankin.com\/es\/#website","url":"https:\/\/mayankin.com\/es\/","name":"MayanKin","description":"","publisher":{"@id":"https:\/\/mayankin.com\/es\/#organization"},"potentialAction":[{"@type":"SearchAction","target":{"@type":"EntryPoint","urlTemplate":"https:\/\/mayankin.com\/es\/?s={search_term_string}"},"query-input":{"@type":"PropertyValueSpecification","valueRequired":true,"valueName":"search_term_string"}}],"inLanguage":"es"},{"@type":"Organization","@id":"https:\/\/mayankin.com\/es\/#organization","name":"MayanKin","url":"https:\/\/mayankin.com\/es\/","logo":{"@type":"ImageObject","inLanguage":"es","@id":"https:\/\/mayankin.com\/es\/#\/schema\/logo\/image\/","url":"https:\/\/mayankin.com\/es\/wp-content\/uploads\/2020\/05\/MK-Logo-Redesign.png","contentUrl":"https:\/\/mayankin.com\/es\/wp-content\/uploads\/2020\/05\/MK-Logo-Redesign.png","width":260,"height":105,"caption":"MayanKin"},"image":{"@id":"https:\/\/mayankin.com\/es\/#\/schema\/logo\/image\/"},"sameAs":["https:\/\/www.facebook.com\/MayanKinEspanol\/","https:\/\/x.com\/mayankin"]}]}},"_links":{"self":[{"href":"https:\/\/mayankin.com\/es\/wp-json\/wp\/v2\/product\/11102","targetHints":{"allow":["GET"]}}],"collection":[{"href":"https:\/\/mayankin.com\/es\/wp-json\/wp\/v2\/product"}],"about":[{"href":"https:\/\/mayankin.com\/es\/wp-json\/wp\/v2\/types\/product"}],"wp:featuredmedia":[{"embeddable":true,"href":"https:\/\/mayankin.com\/es\/wp-json\/wp\/v2\/media\/14159"}],"wp:attachment":[{"href":"https:\/\/mayankin.com\/es\/wp-json\/wp\/v2\/media?parent=11102"}],"wp:term":[{"taxonomy":"product_brand","embeddable":true,"href":"https:\/\/mayankin.com\/es\/wp-json\/wp\/v2\/product_brand?post=11102"},{"taxonomy":"product_cat","embeddable":true,"href":"https:\/\/mayankin.com\/es\/wp-json\/wp\/v2\/product_cat?post=11102"},{"taxonomy":"product_tag","embeddable":true,"href":"https:\/\/mayankin.com\/es\/wp-json\/wp\/v2\/product_tag?post=11102"}],"curies":[{"name":"wp","href":"https:\/\/api.w.org\/{rel}","templated":true}]}}