{"id":11100,"date":"2019-08-17T04:30:17","date_gmt":"2019-08-17T04:30:17","guid":{"rendered":"https:\/\/mayankin.com\/es\/?post_type=product&#038;p=11100"},"modified":"2022-01-12T18:17:06","modified_gmt":"2022-01-13T01:17:06","slug":"castillo-del-destino","status":"publish","type":"product","link":"https:\/\/mayankin.com\/es\/product\/castillo-del-destino\/","title":{"rendered":"Castillo de Destino"},"content":{"rendered":"<p>Cada 52 a\u00f1os, el patr\u00f3n energ\u00e9tico se repite por primera vez, ciclo al que se conoce como la\u00a0<a href=\"https:\/\/mayankin.com\/es\/rueda-calendrica\/\">Rueda Cal\u00e9ndrica<\/a>. Este ciclo de 52 a\u00f1os crea un mapa llamado Castillo de Destino el cual sirve como una hoja de ruta con las energ\u00edas que tienes cada a\u00f1o. Esta es una preciosa herramienta para ver cu\u00e1les tr\u00e1nsitos tuviste durante experiencias espec\u00edficas en tu vida y aprender acerca de patrones recurrentes. Con fines de planificaci\u00f3n, tambi\u00e9n ayuda a ver las energ\u00edas que tendr\u00e1s en pr\u00f3ximos a\u00f1os para que puedas elegir tu camino respectivamente. Esta lectura es maravillosa para todos, y se hace muy especial si est\u00e1s por cumplir 52 o ya lo pasaste.<\/p>\n<p>Desde una perspectiva energ\u00e9tica, una vez que identificas patrones repetitivos en tu historia, te haces consciente de qu\u00e9 es lo que dispara ciertas acciones y reacciones, como as\u00ed tambi\u00e9n pensamientos y sentimientos, y porqu\u00e9 contin\u00faas atrayendo situaciones particulares o ciertos tipos de personas a tu vida. Reconocer los cambios energ\u00e9ticos en a\u00f1os espec\u00edficos tambi\u00e9n brinda toda una nueva comprensi\u00f3n de eventos previos, ayud\u00e1ndote a despejar cualquier cosa del pasado a fin de elegir lo que es mejor para ti en el presente y para el futuro en base a quienes eres hoy y qu\u00e9 quieres para este momento de tu vida.<\/p>\n<p>Si tienes m\u00e1s de 52 a\u00f1os, esto significa que ya te encuentras en tu segunda ronda transitando por las mismas energ\u00edas de cuando eras 52 a\u00f1os m\u00e1s joven (ej. 65 a\u00f1os, 65-52=13). En una edad distinta, y con todas las experiencias y sabidur\u00eda adquiridas, la vida te da la oportunidad de sanar lo que haya que sanar o recuperar lo que es tuyo y se ha perdido a lo largo del camino.<\/p>\n<p>El Castillo de Destino es la lectura m\u00e1s completa de todas ya que contiene las diversas capas. Durante la sesi\u00f3n, te mostrar\u00e9 como entenderlo y usarlo de maneras pr\u00e1cticas. Repasaremos algunas experiencias de tu vida como ejemplos para ver lo que significaron desde un punto de vista de tr\u00e1nsito energ\u00e9tico, lo cual ayudar\u00e1 a identificar patrones subyacentes. Mientras que no es necesario, quiz\u00e1 quieras agendar una o m\u00e1s sesiones de seguimiento despu\u00e9s para continuar trabajando en tu mapa de 52 a\u00f1os con mayor profundidad para seguir despejando experiencias pasadas y empoder\u00e1ndote en el presente.<\/p>\n<p>Si el Tzolkin es nuevo para ti, es muy recomendable tener primero tu\u00a0<a href=\"https:\/\/mayankin.com\/es\/product\/oraculo-de-nacimiento\/\">Or\u00e1culo de Nacimiento<\/a>.<\/p>\n<p>Cada sesi\u00f3n es en vivo, puede ser grabada, e incluye un documento breve que ser\u00e1 enviado despu\u00e9s de encontrarnos.<\/p>\n<h3>Instrucciones<\/h3>\n<p>Despu\u00e9s de proceder con el pago online, favor env\u00edame un <a href=\"mailto:mariela@mayankin.com\">email<\/a> con la siguiente informaci\u00f3n para poder agendar la sesi\u00f3n:<\/p>\n<ol>\n<li>Cu\u00e1l es tu fecha de nacimiento?<\/li>\n<li>En qu\u00e9 zona horaria te encuentras?<\/li>\n<li>Cu\u00e1l es tu franja horaria de preferencia para reunirnos (d\u00eda de semana\/fin de semana y alrededor de qu\u00e9 horas)?<\/li>\n<li>Prefieres que nos encontremos por Zoom, Skype, WhatsApp o tel\u00e9fono?<\/li>\n<li>Cu\u00e1l es tu n\u00famero de tel\u00e9fono m\u00f3vil en caso de que necesite comunicarme contigo?<\/li>\n<\/ol>\n<p>Te contestar\u00e9 con un par de fechas\/horarios tentativos, y puedes elegir la opci\u00f3n que prefieras. Tan pronto como reciba tu respuesta, confirmar\u00e9 la cita y feliz esper\u00e9 recibir tu llamada seg\u00fan lo programado.<\/p>\n<p>&nbsp;<\/p>\n<p style=\"font-size: 10px;\"><em>Disclaimer<\/em><\/p>\n<p style=\"font-size: 10px;\"><em>La informaci\u00f3n compartida durante cualquier sesi\u00f3n y\/o lectura ofrecida en este sitio est\u00e1 destinada \u00fanicamente a fines educativos, de apoyo y de empoderamiento. Toda la orientaci\u00f3n, los documentos y la informaci\u00f3n proporcionada durante las sesiones y\/o lecturas deben usarse a discreci\u00f3n y responsabilidad del cliente, y no deben usarse como un sustituto del consejo m\u00e9dico o cualquier terapia proporcionada por un psicoterapeuta, psic\u00f3logo, psiquiatra u otros profesionales de la salud con licencia m\u00e9dica.<br \/>\n<\/em><\/p>\n<p style=\"font-size: 10px;\"><em>Todos los documentos y grabaciones proporcionados en asociaci\u00f3n con cualquier sesi\u00f3n y\/o lectura son solo para uso personal y no se pueden compartir ni usar con fines comerciales.<\/em><\/p>\n","protected":false},"excerpt":{"rendered":"<p>Estoy lista\/o para ver los tr\u00e1nsitos en mi vida y aprender de patrones recurrentes para expandir mi conciencia y hacer elecciones m\u00e1s sabias. Tambi\u00e9n me gustar\u00eda saber c\u00f3mo usar este cuadro como hoja de ruta para futuras decisiones!<\/p>\n<p><strong><em>(Favor sigue las instrucciones abajo)<\/em><\/strong><\/p>\n","protected":false},"featured_media":12915,"template":"","meta":{"_monsterinsights_skip_tracking":false,"_monsterinsights_sitenote_active":false,"_monsterinsights_sitenote_note":"","_monsterinsights_sitenote_category":0,"_genesis_hide_title":false,"_genesis_hide_breadcrumbs":false,"_genesis_hide_singular_image":false,"_genesis_hide_footer_widgets":false,"_genesis_custom_body_class":"","_genesis_custom_post_class":"","_genesis_layout":""},"product_brand":[],"product_cat":[108],"product_tag":[],"class_list":{"0":"post-11100","1":"product","2":"type-product","3":"status-publish","4":"has-post-thumbnail","6":"product_cat-sesiones","7":"entry","9":"first","10":"outofstock","11":"virtual","12":"purchasable","13":"product-type-simple"},"yoast_head":"<!-- This site is optimized with the Yoast SEO plugin v26.6 - https:\/\/yoast.com\/wordpress\/plugins\/seo\/ -->\n<title>Castillo de Destino - MayanKin<\/title>\n<meta name=\"robots\" content=\"index, follow, max-snippet:-1, max-image-preview:large, max-video-preview:-1\" \/>\n<link rel=\"canonical\" href=\"https:\/\/mayankin.com\/es\/product\/castillo-del-destino\/\" \/>\n<meta property=\"og:locale\" content=\"es_ES\" \/>\n<meta property=\"og:type\" content=\"article\" \/>\n<meta property=\"og:title\" content=\"Castillo de Destino - MayanKin\" \/>\n<meta property=\"og:description\" content=\"Estoy lista\/o para ver los tr\u00e1nsitos en mi vida y aprender de patrones recurrentes para expandir mi conciencia y hacer elecciones m\u00e1s sabias. Tambi\u00e9n me gustar\u00eda saber c\u00f3mo usar este cuadro como hoja de ruta para futuras decisiones!  (Favor sigue las instrucciones abajo)\" \/>\n<meta property=\"og:url\" content=\"https:\/\/mayankin.com\/es\/product\/castillo-del-destino\/\" \/>\n<meta property=\"og:site_name\" content=\"MayanKin\" \/>\n<meta property=\"article:publisher\" content=\"https:\/\/www.facebook.com\/MayanKinEspanol\/\" \/>\n<meta property=\"article:modified_time\" content=\"2022-01-13T01:17:06+00:00\" \/>\n<meta property=\"og:image\" content=\"https:\/\/mayankin.com\/es\/wp-content\/uploads\/2019\/08\/MarielaMaya-MayanKin-BridgingWorlds-Sesion-Lectura-Castillo-del-Destino-FI.png\" \/>\n\t<meta property=\"og:image:width\" content=\"500\" \/>\n\t<meta property=\"og:image:height\" content=\"500\" \/>\n\t<meta property=\"og:image:type\" content=\"image\/png\" \/>\n<meta name=\"twitter:card\" content=\"summary_large_image\" \/>\n<meta name=\"twitter:site\" content=\"@mayankin\" \/>\n<meta name=\"twitter:label1\" content=\"Tiempo de lectura\" \/>\n\t<meta name=\"twitter:data1\" content=\"3 minutos\" \/>\n<script type=\"application\/ld+json\" class=\"yoast-schema-graph\">{\"@context\":\"https:\/\/schema.org\",\"@graph\":[{\"@type\":\"WebPage\",\"@id\":\"https:\/\/mayankin.com\/es\/product\/castillo-del-destino\/\",\"url\":\"https:\/\/mayankin.com\/es\/product\/castillo-del-destino\/\",\"name\":\"Castillo de Destino - MayanKin\",\"isPartOf\":{\"@id\":\"https:\/\/mayankin.com\/es\/#website\"},\"primaryImageOfPage\":{\"@id\":\"https:\/\/mayankin.com\/es\/product\/castillo-del-destino\/#primaryimage\"},\"image\":{\"@id\":\"https:\/\/mayankin.com\/es\/product\/castillo-del-destino\/#primaryimage\"},\"thumbnailUrl\":\"https:\/\/mayankin.com\/es\/wp-content\/uploads\/2019\/08\/MarielaMaya-MayanKin-BridgingWorlds-Sesion-Lectura-Castillo-del-Destino-FI.png\",\"datePublished\":\"2019-08-17T04:30:17+00:00\",\"dateModified\":\"2022-01-13T01:17:06+00:00\",\"breadcrumb\":{\"@id\":\"https:\/\/mayankin.com\/es\/product\/castillo-del-destino\/#breadcrumb\"},\"inLanguage\":\"es\",\"potentialAction\":[{\"@type\":\"ReadAction\",\"target\":[\"https:\/\/mayankin.com\/es\/product\/castillo-del-destino\/\"]}]},{\"@type\":\"ImageObject\",\"inLanguage\":\"es\",\"@id\":\"https:\/\/mayankin.com\/es\/product\/castillo-del-destino\/#primaryimage\",\"url\":\"https:\/\/mayankin.com\/es\/wp-content\/uploads\/2019\/08\/MarielaMaya-MayanKin-BridgingWorlds-Sesion-Lectura-Castillo-del-Destino-FI.png\",\"contentUrl\":\"https:\/\/mayankin.com\/es\/wp-content\/uploads\/2019\/08\/MarielaMaya-MayanKin-BridgingWorlds-Sesion-Lectura-Castillo-del-Destino-FI.png\",\"width\":500,\"height\":500},{\"@type\":\"BreadcrumbList\",\"@id\":\"https:\/\/mayankin.com\/es\/product\/castillo-del-destino\/#breadcrumb\",\"itemListElement\":[{\"@type\":\"ListItem\",\"position\":1,\"name\":\"Portada\",\"item\":\"https:\/\/mayankin.com\/es\/\"},{\"@type\":\"ListItem\",\"position\":2,\"name\":\"Tienda\",\"item\":\"https:\/\/mayankin.com\/es\/tienda\/\"},{\"@type\":\"ListItem\",\"position\":3,\"name\":\"Castillo de Destino\"}]},{\"@type\":\"WebSite\",\"@id\":\"https:\/\/mayankin.com\/es\/#website\",\"url\":\"https:\/\/mayankin.com\/es\/\",\"name\":\"MayanKin\",\"description\":\"\",\"publisher\":{\"@id\":\"https:\/\/mayankin.com\/es\/#organization\"},\"potentialAction\":[{\"@type\":\"SearchAction\",\"target\":{\"@type\":\"EntryPoint\",\"urlTemplate\":\"https:\/\/mayankin.com\/es\/?s={search_term_string}\"},\"query-input\":{\"@type\":\"PropertyValueSpecification\",\"valueRequired\":true,\"valueName\":\"search_term_string\"}}],\"inLanguage\":\"es\"},{\"@type\":\"Organization\",\"@id\":\"https:\/\/mayankin.com\/es\/#organization\",\"name\":\"MayanKin\",\"url\":\"https:\/\/mayankin.com\/es\/\",\"logo\":{\"@type\":\"ImageObject\",\"inLanguage\":\"es\",\"@id\":\"https:\/\/mayankin.com\/es\/#\/schema\/logo\/image\/\",\"url\":\"https:\/\/mayankin.com\/es\/wp-content\/uploads\/2020\/05\/MK-Logo-Redesign.png\",\"contentUrl\":\"https:\/\/mayankin.com\/es\/wp-content\/uploads\/2020\/05\/MK-Logo-Redesign.png\",\"width\":260,\"height\":105,\"caption\":\"MayanKin\"},\"image\":{\"@id\":\"https:\/\/mayankin.com\/es\/#\/schema\/logo\/image\/\"},\"sameAs\":[\"https:\/\/www.facebook.com\/MayanKinEspanol\/\",\"https:\/\/x.com\/mayankin\"]}]}<\/script>\n<!-- \/ Yoast SEO plugin. -->","yoast_head_json":{"title":"Castillo de Destino - MayanKin","robots":{"index":"index","follow":"follow","max-snippet":"max-snippet:-1","max-image-preview":"max-image-preview:large","max-video-preview":"max-video-preview:-1"},"canonical":"https:\/\/mayankin.com\/es\/product\/castillo-del-destino\/","og_locale":"es_ES","og_type":"article","og_title":"Castillo de Destino - MayanKin","og_description":"Estoy lista\/o para ver los tr\u00e1nsitos en mi vida y aprender de patrones recurrentes para expandir mi conciencia y hacer elecciones m\u00e1s sabias. Tambi\u00e9n me gustar\u00eda saber c\u00f3mo usar este cuadro como hoja de ruta para futuras decisiones!  (Favor sigue las instrucciones abajo)","og_url":"https:\/\/mayankin.com\/es\/product\/castillo-del-destino\/","og_site_name":"MayanKin","article_publisher":"https:\/\/www.facebook.com\/MayanKinEspanol\/","article_modified_time":"2022-01-13T01:17:06+00:00","og_image":[{"width":500,"height":500,"url":"https:\/\/mayankin.com\/es\/wp-content\/uploads\/2019\/08\/MarielaMaya-MayanKin-BridgingWorlds-Sesion-Lectura-Castillo-del-Destino-FI.png","type":"image\/png"}],"twitter_card":"summary_large_image","twitter_site":"@mayankin","twitter_misc":{"Tiempo de lectura":"3 minutos"},"schema":{"@context":"https:\/\/schema.org","@graph":[{"@type":"WebPage","@id":"https:\/\/mayankin.com\/es\/product\/castillo-del-destino\/","url":"https:\/\/mayankin.com\/es\/product\/castillo-del-destino\/","name":"Castillo de Destino - MayanKin","isPartOf":{"@id":"https:\/\/mayankin.com\/es\/#website"},"primaryImageOfPage":{"@id":"https:\/\/mayankin.com\/es\/product\/castillo-del-destino\/#primaryimage"},"image":{"@id":"https:\/\/mayankin.com\/es\/product\/castillo-del-destino\/#primaryimage"},"thumbnailUrl":"https:\/\/mayankin.com\/es\/wp-content\/uploads\/2019\/08\/MarielaMaya-MayanKin-BridgingWorlds-Sesion-Lectura-Castillo-del-Destino-FI.png","datePublished":"2019-08-17T04:30:17+00:00","dateModified":"2022-01-13T01:17:06+00:00","breadcrumb":{"@id":"https:\/\/mayankin.com\/es\/product\/castillo-del-destino\/#breadcrumb"},"inLanguage":"es","potentialAction":[{"@type":"ReadAction","target":["https:\/\/mayankin.com\/es\/product\/castillo-del-destino\/"]}]},{"@type":"ImageObject","inLanguage":"es","@id":"https:\/\/mayankin.com\/es\/product\/castillo-del-destino\/#primaryimage","url":"https:\/\/mayankin.com\/es\/wp-content\/uploads\/2019\/08\/MarielaMaya-MayanKin-BridgingWorlds-Sesion-Lectura-Castillo-del-Destino-FI.png","contentUrl":"https:\/\/mayankin.com\/es\/wp-content\/uploads\/2019\/08\/MarielaMaya-MayanKin-BridgingWorlds-Sesion-Lectura-Castillo-del-Destino-FI.png","width":500,"height":500},{"@type":"BreadcrumbList","@id":"https:\/\/mayankin.com\/es\/product\/castillo-del-destino\/#breadcrumb","itemListElement":[{"@type":"ListItem","position":1,"name":"Portada","item":"https:\/\/mayankin.com\/es\/"},{"@type":"ListItem","position":2,"name":"Tienda","item":"https:\/\/mayankin.com\/es\/tienda\/"},{"@type":"ListItem","position":3,"name":"Castillo de Destino"}]},{"@type":"WebSite","@id":"https:\/\/mayankin.com\/es\/#website","url":"https:\/\/mayankin.com\/es\/","name":"MayanKin","description":"","publisher":{"@id":"https:\/\/mayankin.com\/es\/#organization"},"potentialAction":[{"@type":"SearchAction","target":{"@type":"EntryPoint","urlTemplate":"https:\/\/mayankin.com\/es\/?s={search_term_string}"},"query-input":{"@type":"PropertyValueSpecification","valueRequired":true,"valueName":"search_term_string"}}],"inLanguage":"es"},{"@type":"Organization","@id":"https:\/\/mayankin.com\/es\/#organization","name":"MayanKin","url":"https:\/\/mayankin.com\/es\/","logo":{"@type":"ImageObject","inLanguage":"es","@id":"https:\/\/mayankin.com\/es\/#\/schema\/logo\/image\/","url":"https:\/\/mayankin.com\/es\/wp-content\/uploads\/2020\/05\/MK-Logo-Redesign.png","contentUrl":"https:\/\/mayankin.com\/es\/wp-content\/uploads\/2020\/05\/MK-Logo-Redesign.png","width":260,"height":105,"caption":"MayanKin"},"image":{"@id":"https:\/\/mayankin.com\/es\/#\/schema\/logo\/image\/"},"sameAs":["https:\/\/www.facebook.com\/MayanKinEspanol\/","https:\/\/x.com\/mayankin"]}]}},"_links":{"self":[{"href":"https:\/\/mayankin.com\/es\/wp-json\/wp\/v2\/product\/11100","targetHints":{"allow":["GET"]}}],"collection":[{"href":"https:\/\/mayankin.com\/es\/wp-json\/wp\/v2\/product"}],"about":[{"href":"https:\/\/mayankin.com\/es\/wp-json\/wp\/v2\/types\/product"}],"wp:featuredmedia":[{"embeddable":true,"href":"https:\/\/mayankin.com\/es\/wp-json\/wp\/v2\/media\/12915"}],"wp:attachment":[{"href":"https:\/\/mayankin.com\/es\/wp-json\/wp\/v2\/media?parent=11100"}],"wp:term":[{"taxonomy":"product_brand","embeddable":true,"href":"https:\/\/mayankin.com\/es\/wp-json\/wp\/v2\/product_brand?post=11100"},{"taxonomy":"product_cat","embeddable":true,"href":"https:\/\/mayankin.com\/es\/wp-json\/wp\/v2\/product_cat?post=11100"},{"taxonomy":"product_tag","embeddable":true,"href":"https:\/\/mayankin.com\/es\/wp-json\/wp\/v2\/product_tag?post=11100"}],"curies":[{"name":"wp","href":"https:\/\/api.w.org\/{rel}","templated":true}]}}