{"id":90,"date":"2018-09-21T23:58:26","date_gmt":"2018-09-21T23:58:26","guid":{"rendered":"https:\/\/mayankin.com\/es\/?page_id=90"},"modified":"2020-05-25T21:07:15","modified_gmt":"2020-05-26T04:07:15","slug":"tzolkin-diario","status":"publish","type":"page","link":"https:\/\/mayankin.com\/es\/tzolkin-diario\/","title":{"rendered":"Tzolkin Diario"},"content":{"rendered":"","protected":false},"excerpt":{"rendered":"","protected":false},"author":4,"featured_media":0,"parent":0,"menu_order":0,"comment_status":"closed","ping_status":"closed","template":"dtrebuild-sp.php","meta":{"_monsterinsights_skip_tracking":false,"_monsterinsights_sitenote_active":false,"_monsterinsights_sitenote_note":"","_monsterinsights_sitenote_category":0,"_genesis_hide_title":false,"_genesis_hide_breadcrumbs":false,"_genesis_hide_singular_image":false,"_genesis_hide_footer_widgets":false,"_genesis_custom_body_class":"todays-energies","_genesis_custom_post_class":"","_genesis_layout":"","footnotes":""},"class_list":{"0":"post-90","1":"page","2":"type-page","3":"status-publish","5":"entry"},"yoast_head":"<!-- This site is optimized with the Yoast SEO plugin v27.5 - https:\/\/yoast.com\/product\/yoast-seo-wordpress\/ -->\n<title>Encuentra tu Kin de Nacimiento Tzolkin y las Energ\u00edas de Hoy | MayanKin<\/title>\n<meta name=\"description\" content=\"Cu\u00e1l es su signo Tzolkin? Consulta nuestro nuevo calculador Tzolkin para obtener orientaci\u00f3n diaria, el or\u00e1culo de hoy y energ\u00edas para cualquier fecha\" \/>\n<meta name=\"robots\" content=\"index, follow, max-snippet:-1, max-image-preview:large, max-video-preview:-1\" \/>\n<link rel=\"canonical\" href=\"https:\/\/mayankin.com\/es\/tzolkin-diario\/\" \/>\n<meta property=\"og:locale\" content=\"es_ES\" \/>\n<meta property=\"og:type\" content=\"article\" \/>\n<meta property=\"og:title\" content=\"Encuentra tu Kin de Nacimiento Tzolkin y las Energ\u00edas de Hoy | MayanKin\" \/>\n<meta property=\"og:description\" content=\"Cu\u00e1l es su signo Tzolkin? Consulta nuestro nuevo calculador Tzolkin para obtener orientaci\u00f3n diaria, el or\u00e1culo de hoy y energ\u00edas para cualquier fecha\" \/>\n<meta property=\"og:url\" content=\"https:\/\/mayankin.com\/es\/tzolkin-diario\/\" \/>\n<meta property=\"og:site_name\" content=\"MayanKin\" \/>\n<meta property=\"article:publisher\" content=\"https:\/\/www.facebook.com\/MayanKinEspanol\/\" \/>\n<meta property=\"article:modified_time\" content=\"2020-05-26T04:07:15+00:00\" \/>\n<meta name=\"twitter:card\" content=\"summary_large_image\" \/>\n<meta name=\"twitter:site\" content=\"@mayankin\" \/>\n<script type=\"application\/ld+json\" class=\"yoast-schema-graph\">{\"@context\":\"https:\\\/\\\/schema.org\",\"@graph\":[{\"@type\":\"WebPage\",\"@id\":\"https:\\\/\\\/mayankin.com\\\/es\\\/tzolkin-diario\\\/\",\"url\":\"https:\\\/\\\/mayankin.com\\\/es\\\/tzolkin-diario\\\/\",\"name\":\"Encuentra tu Kin de Nacimiento Tzolkin y las Energ\u00edas de Hoy | MayanKin\",\"isPartOf\":{\"@id\":\"https:\\\/\\\/mayankin.com\\\/es\\\/#website\"},\"datePublished\":\"2018-09-21T23:58:26+00:00\",\"dateModified\":\"2020-05-26T04:07:15+00:00\",\"description\":\"Cu\u00e1l es su signo Tzolkin? Consulta nuestro nuevo calculador Tzolkin para obtener orientaci\u00f3n diaria, el or\u00e1culo de hoy y energ\u00edas para cualquier fecha\",\"breadcrumb\":{\"@id\":\"https:\\\/\\\/mayankin.com\\\/es\\\/tzolkin-diario\\\/#breadcrumb\"},\"inLanguage\":\"es\",\"potentialAction\":[{\"@type\":\"ReadAction\",\"target\":[\"https:\\\/\\\/mayankin.com\\\/es\\\/tzolkin-diario\\\/\"]}]},{\"@type\":\"BreadcrumbList\",\"@id\":\"https:\\\/\\\/mayankin.com\\\/es\\\/tzolkin-diario\\\/#breadcrumb\",\"itemListElement\":[{\"@type\":\"ListItem\",\"position\":1,\"name\":\"Portada\",\"item\":\"https:\\\/\\\/mayankin.com\\\/es\\\/\"},{\"@type\":\"ListItem\",\"position\":2,\"name\":\"Tzolkin Diario\"}]},{\"@type\":\"WebSite\",\"@id\":\"https:\\\/\\\/mayankin.com\\\/es\\\/#website\",\"url\":\"https:\\\/\\\/mayankin.com\\\/es\\\/\",\"name\":\"MayanKin\",\"description\":\"\",\"publisher\":{\"@id\":\"https:\\\/\\\/mayankin.com\\\/es\\\/#organization\"},\"potentialAction\":[{\"@type\":\"SearchAction\",\"target\":{\"@type\":\"EntryPoint\",\"urlTemplate\":\"https:\\\/\\\/mayankin.com\\\/es\\\/?s={search_term_string}\"},\"query-input\":{\"@type\":\"PropertyValueSpecification\",\"valueRequired\":true,\"valueName\":\"search_term_string\"}}],\"inLanguage\":\"es\"},{\"@type\":\"Organization\",\"@id\":\"https:\\\/\\\/mayankin.com\\\/es\\\/#organization\",\"name\":\"MayanKin\",\"url\":\"https:\\\/\\\/mayankin.com\\\/es\\\/\",\"logo\":{\"@type\":\"ImageObject\",\"inLanguage\":\"es\",\"@id\":\"https:\\\/\\\/mayankin.com\\\/es\\\/#\\\/schema\\\/logo\\\/image\\\/\",\"url\":\"https:\\\/\\\/mayankin.com\\\/es\\\/wp-content\\\/uploads\\\/2020\\\/05\\\/MK-Logo-Redesign.png\",\"contentUrl\":\"https:\\\/\\\/mayankin.com\\\/es\\\/wp-content\\\/uploads\\\/2020\\\/05\\\/MK-Logo-Redesign.png\",\"width\":260,\"height\":105,\"caption\":\"MayanKin\"},\"image\":{\"@id\":\"https:\\\/\\\/mayankin.com\\\/es\\\/#\\\/schema\\\/logo\\\/image\\\/\"},\"sameAs\":[\"https:\\\/\\\/www.facebook.com\\\/MayanKinEspanol\\\/\",\"https:\\\/\\\/x.com\\\/mayankin\"]}]}<\/script>\n<!-- \/ Yoast SEO plugin. -->","yoast_head_json":{"title":"Encuentra tu Kin de Nacimiento Tzolkin y las Energ\u00edas de Hoy | MayanKin","description":"Cu\u00e1l es su signo Tzolkin? Consulta nuestro nuevo calculador Tzolkin para obtener orientaci\u00f3n diaria, el or\u00e1culo de hoy y energ\u00edas para cualquier fecha","robots":{"index":"index","follow":"follow","max-snippet":"max-snippet:-1","max-image-preview":"max-image-preview:large","max-video-preview":"max-video-preview:-1"},"canonical":"https:\/\/mayankin.com\/es\/tzolkin-diario\/","og_locale":"es_ES","og_type":"article","og_title":"Encuentra tu Kin de Nacimiento Tzolkin y las Energ\u00edas de Hoy | MayanKin","og_description":"Cu\u00e1l es su signo Tzolkin? Consulta nuestro nuevo calculador Tzolkin para obtener orientaci\u00f3n diaria, el or\u00e1culo de hoy y energ\u00edas para cualquier fecha","og_url":"https:\/\/mayankin.com\/es\/tzolkin-diario\/","og_site_name":"MayanKin","article_publisher":"https:\/\/www.facebook.com\/MayanKinEspanol\/","article_modified_time":"2020-05-26T04:07:15+00:00","twitter_card":"summary_large_image","twitter_site":"@mayankin","schema":{"@context":"https:\/\/schema.org","@graph":[{"@type":"WebPage","@id":"https:\/\/mayankin.com\/es\/tzolkin-diario\/","url":"https:\/\/mayankin.com\/es\/tzolkin-diario\/","name":"Encuentra tu Kin de Nacimiento Tzolkin y las Energ\u00edas de Hoy | MayanKin","isPartOf":{"@id":"https:\/\/mayankin.com\/es\/#website"},"datePublished":"2018-09-21T23:58:26+00:00","dateModified":"2020-05-26T04:07:15+00:00","description":"Cu\u00e1l es su signo Tzolkin? Consulta nuestro nuevo calculador Tzolkin para obtener orientaci\u00f3n diaria, el or\u00e1culo de hoy y energ\u00edas para cualquier fecha","breadcrumb":{"@id":"https:\/\/mayankin.com\/es\/tzolkin-diario\/#breadcrumb"},"inLanguage":"es","potentialAction":[{"@type":"ReadAction","target":["https:\/\/mayankin.com\/es\/tzolkin-diario\/"]}]},{"@type":"BreadcrumbList","@id":"https:\/\/mayankin.com\/es\/tzolkin-diario\/#breadcrumb","itemListElement":[{"@type":"ListItem","position":1,"name":"Portada","item":"https:\/\/mayankin.com\/es\/"},{"@type":"ListItem","position":2,"name":"Tzolkin Diario"}]},{"@type":"WebSite","@id":"https:\/\/mayankin.com\/es\/#website","url":"https:\/\/mayankin.com\/es\/","name":"MayanKin","description":"","publisher":{"@id":"https:\/\/mayankin.com\/es\/#organization"},"potentialAction":[{"@type":"SearchAction","target":{"@type":"EntryPoint","urlTemplate":"https:\/\/mayankin.com\/es\/?s={search_term_string}"},"query-input":{"@type":"PropertyValueSpecification","valueRequired":true,"valueName":"search_term_string"}}],"inLanguage":"es"},{"@type":"Organization","@id":"https:\/\/mayankin.com\/es\/#organization","name":"MayanKin","url":"https:\/\/mayankin.com\/es\/","logo":{"@type":"ImageObject","inLanguage":"es","@id":"https:\/\/mayankin.com\/es\/#\/schema\/logo\/image\/","url":"https:\/\/mayankin.com\/es\/wp-content\/uploads\/2020\/05\/MK-Logo-Redesign.png","contentUrl":"https:\/\/mayankin.com\/es\/wp-content\/uploads\/2020\/05\/MK-Logo-Redesign.png","width":260,"height":105,"caption":"MayanKin"},"image":{"@id":"https:\/\/mayankin.com\/es\/#\/schema\/logo\/image\/"},"sameAs":["https:\/\/www.facebook.com\/MayanKinEspanol\/","https:\/\/x.com\/mayankin"]}]}},"_links":{"self":[{"href":"https:\/\/mayankin.com\/es\/wp-json\/wp\/v2\/pages\/90","targetHints":{"allow":["GET"]}}],"collection":[{"href":"https:\/\/mayankin.com\/es\/wp-json\/wp\/v2\/pages"}],"about":[{"href":"https:\/\/mayankin.com\/es\/wp-json\/wp\/v2\/types\/page"}],"author":[{"embeddable":true,"href":"https:\/\/mayankin.com\/es\/wp-json\/wp\/v2\/users\/4"}],"replies":[{"embeddable":true,"href":"https:\/\/mayankin.com\/es\/wp-json\/wp\/v2\/comments?post=90"}],"version-history":[{"count":50,"href":"https:\/\/mayankin.com\/es\/wp-json\/wp\/v2\/pages\/90\/revisions"}],"predecessor-version":[{"id":11607,"href":"https:\/\/mayankin.com\/es\/wp-json\/wp\/v2\/pages\/90\/revisions\/11607"}],"wp:attachment":[{"href":"https:\/\/mayankin.com\/es\/wp-json\/wp\/v2\/media?parent=90"}],"curies":[{"name":"wp","href":"https:\/\/api.w.org\/{rel}","templated":true}]}}