{"id":55,"date":"2012-11-27T15:51:03","date_gmt":"2012-11-27T15:51:03","guid":{"rendered":"https:\/\/mayankin.com\/es\/?page_id=55"},"modified":"2020-05-25T21:25:30","modified_gmt":"2020-05-26T04:25:30","slug":"eventos","status":"publish","type":"page","link":"https:\/\/mayankin.com\/es\/eventos\/","title":{"rendered":"Eventos"},"content":{"rendered":"\n<p>Espero continuar compartiendo contigo aventuras m\u00e1gicas junta\/os a trav\u00e9s de viajes, seminarios web, talleres, clases y ceremonias. <\/p>\n\n\n\n<p> Si tienes inter\u00e9s en tener un evento privado para tu grupo de amigos, familiares o estudiantes, cualquiera de las propuestas se puede personalizar a tus necesidades, presupuesto y fechas espec\u00edficas. Favor env\u00edame un  <a href=\"mailto:mariela@mayankin.com\">mensaje<\/a>  para coordinar una llamada telef\u00f3nica, por WhatsApp o Skype para ver opciones.<\/p>\n\n\n\n<p>Puedes cliquear en cualquiera de estas im\u00e1genes y leer acerca de las principales propuestas.<\/p>\n","protected":false},"excerpt":{"rendered":"<p>Espero continuar compartiendo contigo aventuras m\u00e1gicas junta\/os a trav\u00e9s de viajes, seminarios web, talleres, clases y ceremonias. Si tienes inter\u00e9s en tener un evento privado para tu grupo de amigos, familiares o estudiantes, cualquiera de las propuestas se puede personalizar a tus necesidades, presupuesto y fechas espec\u00edficas. Favor env\u00edame un mensaje para coordinar una llamada [&hellip;]<\/p>\n","protected":false},"author":4,"featured_media":0,"parent":0,"menu_order":0,"comment_status":"closed","ping_status":"closed","template":"events-intro-sp.php","meta":{"_monsterinsights_skip_tracking":false,"_monsterinsights_sitenote_active":false,"_monsterinsights_sitenote_note":"","_monsterinsights_sitenote_category":0,"_genesis_hide_title":false,"_genesis_hide_breadcrumbs":false,"_genesis_hide_singular_image":false,"_genesis_hide_footer_widgets":false,"_genesis_custom_body_class":"events","_genesis_custom_post_class":"","_genesis_layout":"","footnotes":""},"class_list":{"0":"post-55","1":"page","2":"type-page","3":"status-publish","5":"entry"},"yoast_head":"<!-- This site is optimized with the Yoast SEO plugin v26.6 - https:\/\/yoast.com\/wordpress\/plugins\/seo\/ -->\n<title>Aventuras M\u00e1gicas en viajes, Seminarios Web y Talleres | MayanKin<\/title>\n<meta name=\"description\" content=\"Disfrutemos de m\u00e1gicas aventuras y tengamos experiencias significativas a trav\u00e9s de Viajes para el alma, Talleres Tzolkin y Seminarios Web, Ceremonias\" \/>\n<meta name=\"robots\" content=\"index, follow, max-snippet:-1, max-image-preview:large, max-video-preview:-1\" \/>\n<link rel=\"canonical\" href=\"https:\/\/mayankin.com\/es\/eventos\/\" \/>\n<meta property=\"og:locale\" content=\"es_ES\" \/>\n<meta property=\"og:type\" content=\"article\" \/>\n<meta property=\"og:title\" content=\"Aventuras M\u00e1gicas en viajes, Seminarios Web y Talleres | MayanKin\" \/>\n<meta property=\"og:description\" content=\"Disfrutemos de m\u00e1gicas aventuras y tengamos experiencias significativas a trav\u00e9s de Viajes para el alma, Talleres Tzolkin y Seminarios Web, Ceremonias\" \/>\n<meta property=\"og:url\" content=\"https:\/\/mayankin.com\/es\/eventos\/\" \/>\n<meta property=\"og:site_name\" content=\"MayanKin\" \/>\n<meta property=\"article:publisher\" content=\"https:\/\/www.facebook.com\/MayanKinEspanol\/\" \/>\n<meta property=\"article:modified_time\" content=\"2020-05-26T04:25:30+00:00\" \/>\n<meta name=\"twitter:card\" content=\"summary_large_image\" \/>\n<meta name=\"twitter:site\" content=\"@mayankin\" \/>\n<script type=\"application\/ld+json\" class=\"yoast-schema-graph\">{\"@context\":\"https:\/\/schema.org\",\"@graph\":[{\"@type\":\"WebPage\",\"@id\":\"https:\/\/mayankin.com\/es\/eventos\/\",\"url\":\"https:\/\/mayankin.com\/es\/eventos\/\",\"name\":\"Aventuras M\u00e1gicas en viajes, Seminarios Web y Talleres | MayanKin\",\"isPartOf\":{\"@id\":\"https:\/\/mayankin.com\/es\/#website\"},\"datePublished\":\"2012-11-27T15:51:03+00:00\",\"dateModified\":\"2020-05-26T04:25:30+00:00\",\"description\":\"Disfrutemos de m\u00e1gicas aventuras y tengamos experiencias significativas a trav\u00e9s de Viajes para el alma, Talleres Tzolkin y Seminarios Web, Ceremonias\",\"breadcrumb\":{\"@id\":\"https:\/\/mayankin.com\/es\/eventos\/#breadcrumb\"},\"inLanguage\":\"es\",\"potentialAction\":[{\"@type\":\"ReadAction\",\"target\":[\"https:\/\/mayankin.com\/es\/eventos\/\"]}]},{\"@type\":\"BreadcrumbList\",\"@id\":\"https:\/\/mayankin.com\/es\/eventos\/#breadcrumb\",\"itemListElement\":[{\"@type\":\"ListItem\",\"position\":1,\"name\":\"Portada\",\"item\":\"https:\/\/mayankin.com\/es\/\"},{\"@type\":\"ListItem\",\"position\":2,\"name\":\"Eventos\"}]},{\"@type\":\"WebSite\",\"@id\":\"https:\/\/mayankin.com\/es\/#website\",\"url\":\"https:\/\/mayankin.com\/es\/\",\"name\":\"MayanKin\",\"description\":\"\",\"publisher\":{\"@id\":\"https:\/\/mayankin.com\/es\/#organization\"},\"potentialAction\":[{\"@type\":\"SearchAction\",\"target\":{\"@type\":\"EntryPoint\",\"urlTemplate\":\"https:\/\/mayankin.com\/es\/?s={search_term_string}\"},\"query-input\":{\"@type\":\"PropertyValueSpecification\",\"valueRequired\":true,\"valueName\":\"search_term_string\"}}],\"inLanguage\":\"es\"},{\"@type\":\"Organization\",\"@id\":\"https:\/\/mayankin.com\/es\/#organization\",\"name\":\"MayanKin\",\"url\":\"https:\/\/mayankin.com\/es\/\",\"logo\":{\"@type\":\"ImageObject\",\"inLanguage\":\"es\",\"@id\":\"https:\/\/mayankin.com\/es\/#\/schema\/logo\/image\/\",\"url\":\"https:\/\/mayankin.com\/es\/wp-content\/uploads\/2020\/05\/MK-Logo-Redesign.png\",\"contentUrl\":\"https:\/\/mayankin.com\/es\/wp-content\/uploads\/2020\/05\/MK-Logo-Redesign.png\",\"width\":260,\"height\":105,\"caption\":\"MayanKin\"},\"image\":{\"@id\":\"https:\/\/mayankin.com\/es\/#\/schema\/logo\/image\/\"},\"sameAs\":[\"https:\/\/www.facebook.com\/MayanKinEspanol\/\",\"https:\/\/x.com\/mayankin\"]}]}<\/script>\n<!-- \/ Yoast SEO plugin. -->","yoast_head_json":{"title":"Aventuras M\u00e1gicas en viajes, Seminarios Web y Talleres | MayanKin","description":"Disfrutemos de m\u00e1gicas aventuras y tengamos experiencias significativas a trav\u00e9s de Viajes para el alma, Talleres Tzolkin y Seminarios Web, Ceremonias","robots":{"index":"index","follow":"follow","max-snippet":"max-snippet:-1","max-image-preview":"max-image-preview:large","max-video-preview":"max-video-preview:-1"},"canonical":"https:\/\/mayankin.com\/es\/eventos\/","og_locale":"es_ES","og_type":"article","og_title":"Aventuras M\u00e1gicas en viajes, Seminarios Web y Talleres | MayanKin","og_description":"Disfrutemos de m\u00e1gicas aventuras y tengamos experiencias significativas a trav\u00e9s de Viajes para el alma, Talleres Tzolkin y Seminarios Web, Ceremonias","og_url":"https:\/\/mayankin.com\/es\/eventos\/","og_site_name":"MayanKin","article_publisher":"https:\/\/www.facebook.com\/MayanKinEspanol\/","article_modified_time":"2020-05-26T04:25:30+00:00","twitter_card":"summary_large_image","twitter_site":"@mayankin","schema":{"@context":"https:\/\/schema.org","@graph":[{"@type":"WebPage","@id":"https:\/\/mayankin.com\/es\/eventos\/","url":"https:\/\/mayankin.com\/es\/eventos\/","name":"Aventuras M\u00e1gicas en viajes, Seminarios Web y Talleres | MayanKin","isPartOf":{"@id":"https:\/\/mayankin.com\/es\/#website"},"datePublished":"2012-11-27T15:51:03+00:00","dateModified":"2020-05-26T04:25:30+00:00","description":"Disfrutemos de m\u00e1gicas aventuras y tengamos experiencias significativas a trav\u00e9s de Viajes para el alma, Talleres Tzolkin y Seminarios Web, Ceremonias","breadcrumb":{"@id":"https:\/\/mayankin.com\/es\/eventos\/#breadcrumb"},"inLanguage":"es","potentialAction":[{"@type":"ReadAction","target":["https:\/\/mayankin.com\/es\/eventos\/"]}]},{"@type":"BreadcrumbList","@id":"https:\/\/mayankin.com\/es\/eventos\/#breadcrumb","itemListElement":[{"@type":"ListItem","position":1,"name":"Portada","item":"https:\/\/mayankin.com\/es\/"},{"@type":"ListItem","position":2,"name":"Eventos"}]},{"@type":"WebSite","@id":"https:\/\/mayankin.com\/es\/#website","url":"https:\/\/mayankin.com\/es\/","name":"MayanKin","description":"","publisher":{"@id":"https:\/\/mayankin.com\/es\/#organization"},"potentialAction":[{"@type":"SearchAction","target":{"@type":"EntryPoint","urlTemplate":"https:\/\/mayankin.com\/es\/?s={search_term_string}"},"query-input":{"@type":"PropertyValueSpecification","valueRequired":true,"valueName":"search_term_string"}}],"inLanguage":"es"},{"@type":"Organization","@id":"https:\/\/mayankin.com\/es\/#organization","name":"MayanKin","url":"https:\/\/mayankin.com\/es\/","logo":{"@type":"ImageObject","inLanguage":"es","@id":"https:\/\/mayankin.com\/es\/#\/schema\/logo\/image\/","url":"https:\/\/mayankin.com\/es\/wp-content\/uploads\/2020\/05\/MK-Logo-Redesign.png","contentUrl":"https:\/\/mayankin.com\/es\/wp-content\/uploads\/2020\/05\/MK-Logo-Redesign.png","width":260,"height":105,"caption":"MayanKin"},"image":{"@id":"https:\/\/mayankin.com\/es\/#\/schema\/logo\/image\/"},"sameAs":["https:\/\/www.facebook.com\/MayanKinEspanol\/","https:\/\/x.com\/mayankin"]}]}},"_links":{"self":[{"href":"https:\/\/mayankin.com\/es\/wp-json\/wp\/v2\/pages\/55","targetHints":{"allow":["GET"]}}],"collection":[{"href":"https:\/\/mayankin.com\/es\/wp-json\/wp\/v2\/pages"}],"about":[{"href":"https:\/\/mayankin.com\/es\/wp-json\/wp\/v2\/types\/page"}],"author":[{"embeddable":true,"href":"https:\/\/mayankin.com\/es\/wp-json\/wp\/v2\/users\/4"}],"replies":[{"embeddable":true,"href":"https:\/\/mayankin.com\/es\/wp-json\/wp\/v2\/comments?post=55"}],"version-history":[{"count":13,"href":"https:\/\/mayankin.com\/es\/wp-json\/wp\/v2\/pages\/55\/revisions"}],"predecessor-version":[{"id":12787,"href":"https:\/\/mayankin.com\/es\/wp-json\/wp\/v2\/pages\/55\/revisions\/12787"}],"wp:attachment":[{"href":"https:\/\/mayankin.com\/es\/wp-json\/wp\/v2\/media?parent=55"}],"curies":[{"name":"wp","href":"https:\/\/api.w.org\/{rel}","templated":true}]}}