{"id":3332,"date":"2019-01-07T00:15:47","date_gmt":"2019-01-07T00:15:47","guid":{"rendered":"https:\/\/mayankin.com\/es\/?page_id=3332"},"modified":"2020-05-25T21:34:51","modified_gmt":"2020-05-26T04:34:51","slug":"artesanias","status":"publish","type":"page","link":"https:\/\/mayankin.com\/es\/artesanias\/","title":{"rendered":"Artesan\u00edas"},"content":{"rendered":"\n<p> Disfruta explorando la colecci\u00f3n de 20 colgantes con los Arquetipos del Tzolkin y ve cu\u00e1l es el tuyo! Los encontrar\u00e1s en diferentes materiales desde Plata 925, Madera y Plata, Madera y L\u00e1pices, Coco y Malaquita, semilla de Tagua y cuentas de vidrio Japonesas.<\/p>\n\n\n\n<p>Divi\u00e9rtete mirando alrededor y tambi\u00e9n puedes encontrar todos los productos con tu arquetipo espec\u00edfico al ingresar tu fecha de nacimiento <a href=\"#dateSelector\">abajo<\/a>.<\/p>\n","protected":false},"excerpt":{"rendered":"<p>Disfruta explorando la colecci\u00f3n de 20 colgantes con los Arquetipos del Tzolkin y ve cu\u00e1l es el tuyo! Los encontrar\u00e1s en diferentes materiales desde Plata 925, Madera y Plata, Madera y L\u00e1pices, Coco y Malaquita, semilla de Tagua y cuentas de vidrio Japonesas. Divi\u00e9rtete mirando alrededor y tambi\u00e9n puedes encontrar todos los productos con tu [&hellip;]<\/p>\n","protected":false},"author":4,"featured_media":3003,"parent":0,"menu_order":0,"comment_status":"closed","ping_status":"closed","template":"store-handcrafts-sp.php","meta":{"_monsterinsights_skip_tracking":false,"_monsterinsights_sitenote_active":false,"_monsterinsights_sitenote_note":"","_monsterinsights_sitenote_category":0,"_genesis_hide_title":false,"_genesis_hide_breadcrumbs":false,"_genesis_hide_singular_image":false,"_genesis_hide_footer_widgets":false,"_genesis_custom_body_class":"store","_genesis_custom_post_class":"","_genesis_layout":"","footnotes":""},"class_list":{"0":"post-3332","1":"page","2":"type-page","3":"status-publish","4":"has-post-thumbnail","6":"entry"},"yoast_head":"<!-- This site is optimized with the Yoast SEO plugin v26.6 - https:\/\/yoast.com\/wordpress\/plugins\/seo\/ -->\n<title>Visita Nuestra Tienda y Obt\u00e9n tu Sello Colgante Maya Tzolkin | MayanKin<\/title>\n<meta name=\"description\" content=\"Explora la tienda de MayanKin donde encontrar\u00e1s bellos Sellos Colgantes Maya Tzolkin hechos a mano por artesanos en varios materiales. Obt\u00e9n el tuyo hoy!\" \/>\n<meta name=\"robots\" content=\"index, follow, max-snippet:-1, max-image-preview:large, max-video-preview:-1\" \/>\n<link rel=\"canonical\" href=\"https:\/\/mayankin.com\/es\/artesanias\/\" \/>\n<meta property=\"og:locale\" content=\"es_ES\" \/>\n<meta property=\"og:type\" content=\"article\" \/>\n<meta property=\"og:title\" content=\"Visita Nuestra Tienda y Obt\u00e9n tu Sello Colgante Maya Tzolkin | MayanKin\" \/>\n<meta property=\"og:description\" content=\"Explora la tienda de MayanKin donde encontrar\u00e1s bellos Sellos Colgantes Maya Tzolkin hechos a mano por artesanos en varios materiales. Obt\u00e9n el tuyo hoy!\" \/>\n<meta property=\"og:url\" content=\"https:\/\/mayankin.com\/es\/artesanias\/\" \/>\n<meta property=\"og:site_name\" content=\"MayanKin\" \/>\n<meta property=\"article:publisher\" content=\"https:\/\/www.facebook.com\/MayanKinEspanol\/\" \/>\n<meta property=\"article:modified_time\" content=\"2020-05-26T04:34:51+00:00\" \/>\n<meta property=\"og:image\" content=\"https:\/\/mayankin.com\/es\/wp-content\/uploads\/2018\/12\/13-mayankin-marielamaya-bridgingworlds-tzolkin-red-skywalker-glyph-wood-pendant-gallery-1.jpg\" \/>\n\t<meta property=\"og:image:width\" content=\"555\" \/>\n\t<meta property=\"og:image:height\" content=\"555\" \/>\n\t<meta property=\"og:image:type\" content=\"image\/jpeg\" \/>\n<meta name=\"twitter:card\" content=\"summary_large_image\" \/>\n<meta name=\"twitter:site\" content=\"@mayankin\" \/>\n<script type=\"application\/ld+json\" class=\"yoast-schema-graph\">{\"@context\":\"https:\/\/schema.org\",\"@graph\":[{\"@type\":\"WebPage\",\"@id\":\"https:\/\/mayankin.com\/es\/artesanias\/\",\"url\":\"https:\/\/mayankin.com\/es\/artesanias\/\",\"name\":\"Visita Nuestra Tienda y Obt\u00e9n tu Sello Colgante Maya Tzolkin | MayanKin\",\"isPartOf\":{\"@id\":\"https:\/\/mayankin.com\/es\/#website\"},\"primaryImageOfPage\":{\"@id\":\"https:\/\/mayankin.com\/es\/artesanias\/#primaryimage\"},\"image\":{\"@id\":\"https:\/\/mayankin.com\/es\/artesanias\/#primaryimage\"},\"thumbnailUrl\":\"https:\/\/mayankin.com\/es\/wp-content\/uploads\/2018\/12\/13-mayankin-marielamaya-bridgingworlds-tzolkin-red-skywalker-glyph-wood-pendant-gallery-1.jpg\",\"datePublished\":\"2019-01-07T00:15:47+00:00\",\"dateModified\":\"2020-05-26T04:34:51+00:00\",\"description\":\"Explora la tienda de MayanKin donde encontrar\u00e1s bellos Sellos Colgantes Maya Tzolkin hechos a mano por artesanos en varios materiales. Obt\u00e9n el tuyo hoy!\",\"breadcrumb\":{\"@id\":\"https:\/\/mayankin.com\/es\/artesanias\/#breadcrumb\"},\"inLanguage\":\"es\",\"potentialAction\":[{\"@type\":\"ReadAction\",\"target\":[\"https:\/\/mayankin.com\/es\/artesanias\/\"]}]},{\"@type\":\"ImageObject\",\"inLanguage\":\"es\",\"@id\":\"https:\/\/mayankin.com\/es\/artesanias\/#primaryimage\",\"url\":\"https:\/\/mayankin.com\/es\/wp-content\/uploads\/2018\/12\/13-mayankin-marielamaya-bridgingworlds-tzolkin-red-skywalker-glyph-wood-pendant-gallery-1.jpg\",\"contentUrl\":\"https:\/\/mayankin.com\/es\/wp-content\/uploads\/2018\/12\/13-mayankin-marielamaya-bridgingworlds-tzolkin-red-skywalker-glyph-wood-pendant-gallery-1.jpg\",\"width\":555,\"height\":555},{\"@type\":\"BreadcrumbList\",\"@id\":\"https:\/\/mayankin.com\/es\/artesanias\/#breadcrumb\",\"itemListElement\":[{\"@type\":\"ListItem\",\"position\":1,\"name\":\"Portada\",\"item\":\"https:\/\/mayankin.com\/es\/\"},{\"@type\":\"ListItem\",\"position\":2,\"name\":\"Artesan\u00edas\"}]},{\"@type\":\"WebSite\",\"@id\":\"https:\/\/mayankin.com\/es\/#website\",\"url\":\"https:\/\/mayankin.com\/es\/\",\"name\":\"MayanKin\",\"description\":\"\",\"publisher\":{\"@id\":\"https:\/\/mayankin.com\/es\/#organization\"},\"potentialAction\":[{\"@type\":\"SearchAction\",\"target\":{\"@type\":\"EntryPoint\",\"urlTemplate\":\"https:\/\/mayankin.com\/es\/?s={search_term_string}\"},\"query-input\":{\"@type\":\"PropertyValueSpecification\",\"valueRequired\":true,\"valueName\":\"search_term_string\"}}],\"inLanguage\":\"es\"},{\"@type\":\"Organization\",\"@id\":\"https:\/\/mayankin.com\/es\/#organization\",\"name\":\"MayanKin\",\"url\":\"https:\/\/mayankin.com\/es\/\",\"logo\":{\"@type\":\"ImageObject\",\"inLanguage\":\"es\",\"@id\":\"https:\/\/mayankin.com\/es\/#\/schema\/logo\/image\/\",\"url\":\"https:\/\/mayankin.com\/es\/wp-content\/uploads\/2020\/05\/MK-Logo-Redesign.png\",\"contentUrl\":\"https:\/\/mayankin.com\/es\/wp-content\/uploads\/2020\/05\/MK-Logo-Redesign.png\",\"width\":260,\"height\":105,\"caption\":\"MayanKin\"},\"image\":{\"@id\":\"https:\/\/mayankin.com\/es\/#\/schema\/logo\/image\/\"},\"sameAs\":[\"https:\/\/www.facebook.com\/MayanKinEspanol\/\",\"https:\/\/x.com\/mayankin\"]}]}<\/script>\n<!-- \/ Yoast SEO plugin. -->","yoast_head_json":{"title":"Visita Nuestra Tienda y Obt\u00e9n tu Sello Colgante Maya Tzolkin | MayanKin","description":"Explora la tienda de MayanKin donde encontrar\u00e1s bellos Sellos Colgantes Maya Tzolkin hechos a mano por artesanos en varios materiales. Obt\u00e9n el tuyo hoy!","robots":{"index":"index","follow":"follow","max-snippet":"max-snippet:-1","max-image-preview":"max-image-preview:large","max-video-preview":"max-video-preview:-1"},"canonical":"https:\/\/mayankin.com\/es\/artesanias\/","og_locale":"es_ES","og_type":"article","og_title":"Visita Nuestra Tienda y Obt\u00e9n tu Sello Colgante Maya Tzolkin | MayanKin","og_description":"Explora la tienda de MayanKin donde encontrar\u00e1s bellos Sellos Colgantes Maya Tzolkin hechos a mano por artesanos en varios materiales. Obt\u00e9n el tuyo hoy!","og_url":"https:\/\/mayankin.com\/es\/artesanias\/","og_site_name":"MayanKin","article_publisher":"https:\/\/www.facebook.com\/MayanKinEspanol\/","article_modified_time":"2020-05-26T04:34:51+00:00","og_image":[{"width":555,"height":555,"url":"https:\/\/mayankin.com\/es\/wp-content\/uploads\/2018\/12\/13-mayankin-marielamaya-bridgingworlds-tzolkin-red-skywalker-glyph-wood-pendant-gallery-1.jpg","type":"image\/jpeg"}],"twitter_card":"summary_large_image","twitter_site":"@mayankin","schema":{"@context":"https:\/\/schema.org","@graph":[{"@type":"WebPage","@id":"https:\/\/mayankin.com\/es\/artesanias\/","url":"https:\/\/mayankin.com\/es\/artesanias\/","name":"Visita Nuestra Tienda y Obt\u00e9n tu Sello Colgante Maya Tzolkin | MayanKin","isPartOf":{"@id":"https:\/\/mayankin.com\/es\/#website"},"primaryImageOfPage":{"@id":"https:\/\/mayankin.com\/es\/artesanias\/#primaryimage"},"image":{"@id":"https:\/\/mayankin.com\/es\/artesanias\/#primaryimage"},"thumbnailUrl":"https:\/\/mayankin.com\/es\/wp-content\/uploads\/2018\/12\/13-mayankin-marielamaya-bridgingworlds-tzolkin-red-skywalker-glyph-wood-pendant-gallery-1.jpg","datePublished":"2019-01-07T00:15:47+00:00","dateModified":"2020-05-26T04:34:51+00:00","description":"Explora la tienda de MayanKin donde encontrar\u00e1s bellos Sellos Colgantes Maya Tzolkin hechos a mano por artesanos en varios materiales. Obt\u00e9n el tuyo hoy!","breadcrumb":{"@id":"https:\/\/mayankin.com\/es\/artesanias\/#breadcrumb"},"inLanguage":"es","potentialAction":[{"@type":"ReadAction","target":["https:\/\/mayankin.com\/es\/artesanias\/"]}]},{"@type":"ImageObject","inLanguage":"es","@id":"https:\/\/mayankin.com\/es\/artesanias\/#primaryimage","url":"https:\/\/mayankin.com\/es\/wp-content\/uploads\/2018\/12\/13-mayankin-marielamaya-bridgingworlds-tzolkin-red-skywalker-glyph-wood-pendant-gallery-1.jpg","contentUrl":"https:\/\/mayankin.com\/es\/wp-content\/uploads\/2018\/12\/13-mayankin-marielamaya-bridgingworlds-tzolkin-red-skywalker-glyph-wood-pendant-gallery-1.jpg","width":555,"height":555},{"@type":"BreadcrumbList","@id":"https:\/\/mayankin.com\/es\/artesanias\/#breadcrumb","itemListElement":[{"@type":"ListItem","position":1,"name":"Portada","item":"https:\/\/mayankin.com\/es\/"},{"@type":"ListItem","position":2,"name":"Artesan\u00edas"}]},{"@type":"WebSite","@id":"https:\/\/mayankin.com\/es\/#website","url":"https:\/\/mayankin.com\/es\/","name":"MayanKin","description":"","publisher":{"@id":"https:\/\/mayankin.com\/es\/#organization"},"potentialAction":[{"@type":"SearchAction","target":{"@type":"EntryPoint","urlTemplate":"https:\/\/mayankin.com\/es\/?s={search_term_string}"},"query-input":{"@type":"PropertyValueSpecification","valueRequired":true,"valueName":"search_term_string"}}],"inLanguage":"es"},{"@type":"Organization","@id":"https:\/\/mayankin.com\/es\/#organization","name":"MayanKin","url":"https:\/\/mayankin.com\/es\/","logo":{"@type":"ImageObject","inLanguage":"es","@id":"https:\/\/mayankin.com\/es\/#\/schema\/logo\/image\/","url":"https:\/\/mayankin.com\/es\/wp-content\/uploads\/2020\/05\/MK-Logo-Redesign.png","contentUrl":"https:\/\/mayankin.com\/es\/wp-content\/uploads\/2020\/05\/MK-Logo-Redesign.png","width":260,"height":105,"caption":"MayanKin"},"image":{"@id":"https:\/\/mayankin.com\/es\/#\/schema\/logo\/image\/"},"sameAs":["https:\/\/www.facebook.com\/MayanKinEspanol\/","https:\/\/x.com\/mayankin"]}]}},"_links":{"self":[{"href":"https:\/\/mayankin.com\/es\/wp-json\/wp\/v2\/pages\/3332","targetHints":{"allow":["GET"]}}],"collection":[{"href":"https:\/\/mayankin.com\/es\/wp-json\/wp\/v2\/pages"}],"about":[{"href":"https:\/\/mayankin.com\/es\/wp-json\/wp\/v2\/types\/page"}],"author":[{"embeddable":true,"href":"https:\/\/mayankin.com\/es\/wp-json\/wp\/v2\/users\/4"}],"replies":[{"embeddable":true,"href":"https:\/\/mayankin.com\/es\/wp-json\/wp\/v2\/comments?post=3332"}],"version-history":[{"count":16,"href":"https:\/\/mayankin.com\/es\/wp-json\/wp\/v2\/pages\/3332\/revisions"}],"predecessor-version":[{"id":13251,"href":"https:\/\/mayankin.com\/es\/wp-json\/wp\/v2\/pages\/3332\/revisions\/13251"}],"wp:featuredmedia":[{"embeddable":true,"href":"https:\/\/mayankin.com\/es\/wp-json\/wp\/v2\/media\/3003"}],"wp:attachment":[{"href":"https:\/\/mayankin.com\/es\/wp-json\/wp\/v2\/media?parent=3332"}],"curies":[{"name":"wp","href":"https:\/\/api.w.org\/{rel}","templated":true}]}}