{"id":289,"date":"2012-12-17T22:02:52","date_gmt":"2012-12-17T22:02:52","guid":{"rendered":"https:\/\/mayankin.com\/es\/?page_id=289"},"modified":"2020-05-25T21:43:40","modified_gmt":"2020-05-26T04:43:40","slug":"acerca-de-mariela","status":"publish","type":"page","link":"https:\/\/mayankin.com\/es\/acerca-de-mariela\/","title":{"rendered":"Acerca de Mi"},"content":{"rendered":"\n<p>Como una verdadera ciudadana del mundo, he sido influenciada por muchos maestros de distintos continentes en mi camino para conectarme con mi mundo interior. Hace dos d\u00e9cadas, fui introducida al Tzolkin y otras herramientas maravillosas, y mi vida ha sido guiada por los ciclos de la naturaleza y la sabidur\u00eda universal desde entonces. He estado compartiendo mi camino y experiencias a trav\u00e9s de lecturas personales y sesiones, actividades grupales, ceremonias y viajes a sitios sagrados. <\/p>\n\n\n\n<p><em>\u201cWalking the Talk\u201d&nbsp;~ Predicando con el Ejemplo<\/em><\/p>\n\n\n\n<p>Nacida en Argentina en el D\u00eda Fuera del Tiempo (25 de julio), mi sue\u00f1o de toda la vida ha sido crear un mundo mejor para todos! Mi educaci\u00f3n formal incluye la Licenciatura en Relaciones Internacionales y un MBA en Negocios Internacionales. Mi carrera profesional con las Naciones Unidas y en Log\u00edstica Internacional me llev\u00f3 a recorrer el mundo, mientras constantemente estaba expuesta a nuevas culturas y distintas formas de vivir. Despu\u00e9s de 21 a\u00f1os de combinar la espiritualidad con mi trabajo en el mundo corporativo, finalmente decid\u00ed dedicar todo mi tiempo al arte de vivir acompa\u00f1ando a otros en sus caminos del despertar y transformaci\u00f3n. <\/p>\n\n\n\n<p><em>Entonces\u2026 Qu\u00e9 es lo que hago?<\/em><\/p>\n\n\n\n<p>Cuando dej\u00e9 mi trabajo corporativo y la gente comenz\u00f3 a preguntarme \u201cas\u00ed que ... qu\u00e9 es lo que vas a hacer exactamente?\u201d, No pude encontrar un \u2018t\u00edtulo\u2019 adecuado que lo describiera. Coaching, quiz\u00e1? Gu\u00eda espiritual? \u00bfMentora? Nada realmente me convenc\u00eda. Hay una palabra en quechua que me encanta, la cual describe perfectamente qui\u00e9n soy y qu\u00e9 hago: <em>Chakaruna<\/em>, una persona puente. Integro lo viejo y lo nuevo, lo visible e invisible, lo humano y lo espiritual. Vinculo diferentes tradiciones, personas y lugares de manera tal que una persona puede trabajar en un ambiente muy formal y 'corporativo', y a\u00fan as\u00ed experimentar la vida de maneras m\u00e1gicas! Como Estrella El\u00e9ctrica Amarilla nacida en la Onda Encantada del Enlazador de Mundos Blanco, uso mi creatividad para compartir lo que he aprendido y guiar a los dem\u00e1s de una manera original y personal, mientras contin\u00fao uniendo mis mundos. <\/p>\n\n\n\n<p>Mi pr\u00e1ctica se basa en la integraci\u00f3n de diferentes modalidades, incluida la astrolog\u00eda maya en su interpretaci\u00f3n moderna, cosmovisi\u00f3n andina, ritos del Munay-Ki, Rueda de Medicina nativa, chakras y otras herramientas creativas con un enfoque hol\u00edstico para la expresi\u00f3n del alma, la evoluci\u00f3n consciente, el crecimiento personal y la transformaci\u00f3n. Publiqu\u00e9 tambi\u00e9n el libro <em>Practical Guide to the Tzolkin<\/em> el cual se encuentra actualmente en ingl\u00e9s y pr\u00f3ximamente estar\u00e1 tambi\u00e9n disponible en espa\u00f1ol.<\/p>\n\n\n\n<div class=\"wp-block-image\"><figure class=\"aligncenter is-resized\"><img loading=\"lazy\" decoding=\"async\" src=\"https:\/\/mayankin.com\/es\/wp-content\/uploads\/2019\/09\/Mariela-Maya-Peruvian-Sister-cropped.png\" alt=\"\" class=\"wp-image-11896\" width=\"300\" height=\"256\" srcset=\"https:\/\/mayankin.com\/es\/wp-content\/uploads\/2019\/09\/Mariela-Maya-Peruvian-Sister-cropped.png 600w, https:\/\/mayankin.com\/es\/wp-content\/uploads\/2019\/09\/Mariela-Maya-Peruvian-Sister-cropped-300x256.png 300w, https:\/\/mayankin.com\/es\/wp-content\/uploads\/2019\/09\/Mariela-Maya-Peruvian-Sister-cropped-500x427.png 500w\" sizes=\"auto, (max-width: 300px) 100vw, 300px\" \/><\/figure><\/div>\n\n\n\n<p class=\"has-text-align-center\"><em>\u201cMe di cuenta que para cambiar el mundo, ten\u00eda que empezar por cambiarme a m\u00ed misma\u2026\u201d<\/em><\/p>\n\n\n\n<p class=\"has-text-align-center\">In Lak\u2019esh &amp; Munay,<\/p>\n\n\n\n<div class=\"wp-block-image\"><figure class=\"aligncenter is-resized\"><img loading=\"lazy\" decoding=\"async\" src=\"https:\/\/mayankin.com\/es\/wp-content\/uploads\/2019\/08\/MarielaMaya-MayanKin-BridgingWorlds-Mariela-Star-Signature-Small.png\" alt=\"\" class=\"wp-image-10992\" width=\"150\" height=\"79\"\/><\/figure><\/div>\n\n\n\n<p><em>In Lak\u2019esh significa \u201cYo soy tu otro T\u00fa!\u201d, un saludo maya que reconoce la Divinidad en cada Ser. Es un mensaje de Unidad que nos recuerda que, al dar, tambi\u00e9n estamos recibiendo. De esta manera, los mayas honraban y se respetaban unos a los otros, reforzando la creencia de que todos estamos interconectados: lo que le hagamos a los dem\u00e1s y a nuestro medioambiente, tambi\u00e9n nos afectar\u00e1 al final a nosotros mismos\u2026<\/em><\/p>\n\n\n\n<p><em>Munay significa tanto \u2018Amor\u2019 como \u2018Belleza\u2019 en quechua, el idioma de los Incas. Munay, traducido como \u2018Amar\u2019, es uno de los tres principios de la vida Andina.<\/em><\/p>\n","protected":false},"excerpt":{"rendered":"<p>Como una verdadera ciudadana del mundo, he sido influenciada por muchos maestros de distintos continentes en mi camino para conectarme con mi mundo interior. Hace dos d\u00e9cadas, fui introducida al Tzolkin y otras herramientas maravillosas, y mi vida ha sido guiada por los ciclos de la naturaleza y la sabidur\u00eda universal desde entonces. He estado [&hellip;]<\/p>\n","protected":false},"author":4,"featured_media":0,"parent":0,"menu_order":0,"comment_status":"closed","ping_status":"closed","template":"","meta":{"_monsterinsights_skip_tracking":false,"_monsterinsights_sitenote_active":false,"_monsterinsights_sitenote_note":"","_monsterinsights_sitenote_category":0,"_genesis_hide_title":false,"_genesis_hide_breadcrumbs":false,"_genesis_hide_singular_image":false,"_genesis_hide_footer_widgets":false,"_genesis_custom_body_class":"about","_genesis_custom_post_class":"","_genesis_layout":"","footnotes":""},"class_list":{"0":"post-289","1":"page","2":"type-page","3":"status-publish","5":"entry","6":"has-post-thumbnail"},"yoast_head":"<!-- This site is optimized with the Yoast SEO plugin v26.6 - https:\/\/yoast.com\/wordpress\/plugins\/seo\/ -->\n<title>Acerca de Mariela Maya Fundadora de MayanKin Bio | MayanKin<\/title>\n<meta name=\"description\" content=\"Hace m\u00e1s de 20 a\u00f1os, fui introducida al Tzolkin y otras herramientas creativas que han enriquecido mi vida y son la base de mi pr\u00e1ctica hoy. Acomp\u00e1\u00f1ame!\" \/>\n<meta name=\"robots\" content=\"index, follow, max-snippet:-1, max-image-preview:large, max-video-preview:-1\" \/>\n<link rel=\"canonical\" href=\"https:\/\/mayankin.com\/es\/acerca-de-mariela\/\" \/>\n<meta property=\"og:locale\" content=\"es_ES\" \/>\n<meta property=\"og:type\" content=\"article\" \/>\n<meta property=\"og:title\" content=\"Acerca de Mariela Maya Fundadora de MayanKin Bio | MayanKin\" \/>\n<meta property=\"og:description\" content=\"Hace m\u00e1s de 20 a\u00f1os, fui introducida al Tzolkin y otras herramientas creativas que han enriquecido mi vida y son la base de mi pr\u00e1ctica hoy. Acomp\u00e1\u00f1ame!\" \/>\n<meta property=\"og:url\" content=\"https:\/\/mayankin.com\/es\/acerca-de-mariela\/\" \/>\n<meta property=\"og:site_name\" content=\"MayanKin\" \/>\n<meta property=\"article:publisher\" content=\"https:\/\/www.facebook.com\/MayanKinEspanol\/\" \/>\n<meta property=\"article:modified_time\" content=\"2020-05-26T04:43:40+00:00\" \/>\n<meta property=\"og:image\" content=\"https:\/\/mayankin.com\/es\/wp-content\/uploads\/2019\/09\/Mariela-Maya-Peruvian-Sister-cropped.png\" \/>\n<meta name=\"twitter:card\" content=\"summary_large_image\" \/>\n<meta name=\"twitter:site\" content=\"@mayankin\" \/>\n<meta name=\"twitter:label1\" content=\"Tiempo de lectura\" \/>\n\t<meta name=\"twitter:data1\" content=\"3 minutos\" \/>\n<script type=\"application\/ld+json\" class=\"yoast-schema-graph\">{\"@context\":\"https:\/\/schema.org\",\"@graph\":[{\"@type\":\"WebPage\",\"@id\":\"https:\/\/mayankin.com\/es\/acerca-de-mariela\/\",\"url\":\"https:\/\/mayankin.com\/es\/acerca-de-mariela\/\",\"name\":\"Acerca de Mariela Maya Fundadora de MayanKin Bio | MayanKin\",\"isPartOf\":{\"@id\":\"https:\/\/mayankin.com\/es\/#website\"},\"primaryImageOfPage\":{\"@id\":\"https:\/\/mayankin.com\/es\/acerca-de-mariela\/#primaryimage\"},\"image\":{\"@id\":\"https:\/\/mayankin.com\/es\/acerca-de-mariela\/#primaryimage\"},\"thumbnailUrl\":\"https:\/\/mayankin.com\/es\/wp-content\/uploads\/2019\/09\/Mariela-Maya-Peruvian-Sister-cropped.png\",\"datePublished\":\"2012-12-17T22:02:52+00:00\",\"dateModified\":\"2020-05-26T04:43:40+00:00\",\"description\":\"Hace m\u00e1s de 20 a\u00f1os, fui introducida al Tzolkin y otras herramientas creativas que han enriquecido mi vida y son la base de mi pr\u00e1ctica hoy. Acomp\u00e1\u00f1ame!\",\"breadcrumb\":{\"@id\":\"https:\/\/mayankin.com\/es\/acerca-de-mariela\/#breadcrumb\"},\"inLanguage\":\"es\",\"potentialAction\":[{\"@type\":\"ReadAction\",\"target\":[\"https:\/\/mayankin.com\/es\/acerca-de-mariela\/\"]}]},{\"@type\":\"ImageObject\",\"inLanguage\":\"es\",\"@id\":\"https:\/\/mayankin.com\/es\/acerca-de-mariela\/#primaryimage\",\"url\":\"https:\/\/mayankin.com\/es\/wp-content\/uploads\/2019\/09\/Mariela-Maya-Peruvian-Sister-cropped.png\",\"contentUrl\":\"https:\/\/mayankin.com\/es\/wp-content\/uploads\/2019\/09\/Mariela-Maya-Peruvian-Sister-cropped.png\",\"width\":600,\"height\":512},{\"@type\":\"BreadcrumbList\",\"@id\":\"https:\/\/mayankin.com\/es\/acerca-de-mariela\/#breadcrumb\",\"itemListElement\":[{\"@type\":\"ListItem\",\"position\":1,\"name\":\"Portada\",\"item\":\"https:\/\/mayankin.com\/es\/\"},{\"@type\":\"ListItem\",\"position\":2,\"name\":\"Acerca de Mi\"}]},{\"@type\":\"WebSite\",\"@id\":\"https:\/\/mayankin.com\/es\/#website\",\"url\":\"https:\/\/mayankin.com\/es\/\",\"name\":\"MayanKin\",\"description\":\"\",\"publisher\":{\"@id\":\"https:\/\/mayankin.com\/es\/#organization\"},\"potentialAction\":[{\"@type\":\"SearchAction\",\"target\":{\"@type\":\"EntryPoint\",\"urlTemplate\":\"https:\/\/mayankin.com\/es\/?s={search_term_string}\"},\"query-input\":{\"@type\":\"PropertyValueSpecification\",\"valueRequired\":true,\"valueName\":\"search_term_string\"}}],\"inLanguage\":\"es\"},{\"@type\":\"Organization\",\"@id\":\"https:\/\/mayankin.com\/es\/#organization\",\"name\":\"MayanKin\",\"url\":\"https:\/\/mayankin.com\/es\/\",\"logo\":{\"@type\":\"ImageObject\",\"inLanguage\":\"es\",\"@id\":\"https:\/\/mayankin.com\/es\/#\/schema\/logo\/image\/\",\"url\":\"https:\/\/mayankin.com\/es\/wp-content\/uploads\/2020\/05\/MK-Logo-Redesign.png\",\"contentUrl\":\"https:\/\/mayankin.com\/es\/wp-content\/uploads\/2020\/05\/MK-Logo-Redesign.png\",\"width\":260,\"height\":105,\"caption\":\"MayanKin\"},\"image\":{\"@id\":\"https:\/\/mayankin.com\/es\/#\/schema\/logo\/image\/\"},\"sameAs\":[\"https:\/\/www.facebook.com\/MayanKinEspanol\/\",\"https:\/\/x.com\/mayankin\"]}]}<\/script>\n<!-- \/ Yoast SEO plugin. -->","yoast_head_json":{"title":"Acerca de Mariela Maya Fundadora de MayanKin Bio | MayanKin","description":"Hace m\u00e1s de 20 a\u00f1os, fui introducida al Tzolkin y otras herramientas creativas que han enriquecido mi vida y son la base de mi pr\u00e1ctica hoy. Acomp\u00e1\u00f1ame!","robots":{"index":"index","follow":"follow","max-snippet":"max-snippet:-1","max-image-preview":"max-image-preview:large","max-video-preview":"max-video-preview:-1"},"canonical":"https:\/\/mayankin.com\/es\/acerca-de-mariela\/","og_locale":"es_ES","og_type":"article","og_title":"Acerca de Mariela Maya Fundadora de MayanKin Bio | MayanKin","og_description":"Hace m\u00e1s de 20 a\u00f1os, fui introducida al Tzolkin y otras herramientas creativas que han enriquecido mi vida y son la base de mi pr\u00e1ctica hoy. Acomp\u00e1\u00f1ame!","og_url":"https:\/\/mayankin.com\/es\/acerca-de-mariela\/","og_site_name":"MayanKin","article_publisher":"https:\/\/www.facebook.com\/MayanKinEspanol\/","article_modified_time":"2020-05-26T04:43:40+00:00","og_image":[{"url":"https:\/\/mayankin.com\/es\/wp-content\/uploads\/2019\/09\/Mariela-Maya-Peruvian-Sister-cropped.png","type":"","width":"","height":""}],"twitter_card":"summary_large_image","twitter_site":"@mayankin","twitter_misc":{"Tiempo de lectura":"3 minutos"},"schema":{"@context":"https:\/\/schema.org","@graph":[{"@type":"WebPage","@id":"https:\/\/mayankin.com\/es\/acerca-de-mariela\/","url":"https:\/\/mayankin.com\/es\/acerca-de-mariela\/","name":"Acerca de Mariela Maya Fundadora de MayanKin Bio | MayanKin","isPartOf":{"@id":"https:\/\/mayankin.com\/es\/#website"},"primaryImageOfPage":{"@id":"https:\/\/mayankin.com\/es\/acerca-de-mariela\/#primaryimage"},"image":{"@id":"https:\/\/mayankin.com\/es\/acerca-de-mariela\/#primaryimage"},"thumbnailUrl":"https:\/\/mayankin.com\/es\/wp-content\/uploads\/2019\/09\/Mariela-Maya-Peruvian-Sister-cropped.png","datePublished":"2012-12-17T22:02:52+00:00","dateModified":"2020-05-26T04:43:40+00:00","description":"Hace m\u00e1s de 20 a\u00f1os, fui introducida al Tzolkin y otras herramientas creativas que han enriquecido mi vida y son la base de mi pr\u00e1ctica hoy. Acomp\u00e1\u00f1ame!","breadcrumb":{"@id":"https:\/\/mayankin.com\/es\/acerca-de-mariela\/#breadcrumb"},"inLanguage":"es","potentialAction":[{"@type":"ReadAction","target":["https:\/\/mayankin.com\/es\/acerca-de-mariela\/"]}]},{"@type":"ImageObject","inLanguage":"es","@id":"https:\/\/mayankin.com\/es\/acerca-de-mariela\/#primaryimage","url":"https:\/\/mayankin.com\/es\/wp-content\/uploads\/2019\/09\/Mariela-Maya-Peruvian-Sister-cropped.png","contentUrl":"https:\/\/mayankin.com\/es\/wp-content\/uploads\/2019\/09\/Mariela-Maya-Peruvian-Sister-cropped.png","width":600,"height":512},{"@type":"BreadcrumbList","@id":"https:\/\/mayankin.com\/es\/acerca-de-mariela\/#breadcrumb","itemListElement":[{"@type":"ListItem","position":1,"name":"Portada","item":"https:\/\/mayankin.com\/es\/"},{"@type":"ListItem","position":2,"name":"Acerca de Mi"}]},{"@type":"WebSite","@id":"https:\/\/mayankin.com\/es\/#website","url":"https:\/\/mayankin.com\/es\/","name":"MayanKin","description":"","publisher":{"@id":"https:\/\/mayankin.com\/es\/#organization"},"potentialAction":[{"@type":"SearchAction","target":{"@type":"EntryPoint","urlTemplate":"https:\/\/mayankin.com\/es\/?s={search_term_string}"},"query-input":{"@type":"PropertyValueSpecification","valueRequired":true,"valueName":"search_term_string"}}],"inLanguage":"es"},{"@type":"Organization","@id":"https:\/\/mayankin.com\/es\/#organization","name":"MayanKin","url":"https:\/\/mayankin.com\/es\/","logo":{"@type":"ImageObject","inLanguage":"es","@id":"https:\/\/mayankin.com\/es\/#\/schema\/logo\/image\/","url":"https:\/\/mayankin.com\/es\/wp-content\/uploads\/2020\/05\/MK-Logo-Redesign.png","contentUrl":"https:\/\/mayankin.com\/es\/wp-content\/uploads\/2020\/05\/MK-Logo-Redesign.png","width":260,"height":105,"caption":"MayanKin"},"image":{"@id":"https:\/\/mayankin.com\/es\/#\/schema\/logo\/image\/"},"sameAs":["https:\/\/www.facebook.com\/MayanKinEspanol\/","https:\/\/x.com\/mayankin"]}]}},"_links":{"self":[{"href":"https:\/\/mayankin.com\/es\/wp-json\/wp\/v2\/pages\/289","targetHints":{"allow":["GET"]}}],"collection":[{"href":"https:\/\/mayankin.com\/es\/wp-json\/wp\/v2\/pages"}],"about":[{"href":"https:\/\/mayankin.com\/es\/wp-json\/wp\/v2\/types\/page"}],"author":[{"embeddable":true,"href":"https:\/\/mayankin.com\/es\/wp-json\/wp\/v2\/users\/4"}],"replies":[{"embeddable":true,"href":"https:\/\/mayankin.com\/es\/wp-json\/wp\/v2\/comments?post=289"}],"version-history":[{"count":22,"href":"https:\/\/mayankin.com\/es\/wp-json\/wp\/v2\/pages\/289\/revisions"}],"predecessor-version":[{"id":12426,"href":"https:\/\/mayankin.com\/es\/wp-json\/wp\/v2\/pages\/289\/revisions\/12426"}],"wp:attachment":[{"href":"https:\/\/mayankin.com\/es\/wp-json\/wp\/v2\/media?parent=289"}],"curies":[{"name":"wp","href":"https:\/\/api.w.org\/{rel}","templated":true}]}}