{"id":2789,"date":"2019-01-07T00:14:23","date_gmt":"2019-01-07T00:14:23","guid":{"rendered":"https:\/\/mayankin.com\/es\/?page_id=2789"},"modified":"2020-05-25T21:31:49","modified_gmt":"2020-05-26T04:31:49","slug":"tzolkin-tienda","status":"publish","type":"page","link":"https:\/\/mayankin.com\/es\/tzolkin-tienda\/","title":{"rendered":"Bienvenida\/o a la Tienda de MayanKin!"},"content":{"rendered":"\n<p>Estoy feliz de compartir contigo productos bellos y pr\u00e1cticos relacionados con el Tzolkin los cuales puedes llevar puesto, usar, aprender y regalar a tus amiga\/os y familia tambi\u00e9n!<\/p>\n\n\n\n<h4 class=\"wp-block-heading\">Aprendiendo<\/h4>\n\n\n\n<p>Contin\u00faa explorando, aprendiendo, jugando y poniendo la sabidur\u00eda del Tzolkin en pr\u00e1ctica en tu vida cotidiana. Ya sea que est\u00e9s interesada\/o en desarrollo y crecimiento personal, o quieres aprender m\u00e1s acerca de la herramienta en s\u00ed para poder usarla con otros, hay algunos productos que te ayudar\u00e1n.<\/p>\n\n\n\n<h4 class=\"wp-block-heading\">Artesan\u00edas<\/h4>\n\n\n\n<p> Obt\u00e9n algo inspirador! Las manualidades han sido mi pasi\u00f3n desde que era peque\u00f1a. No solo me encantaba explorar los mercados artesanales los fines de semana, sino que tambi\u00e9n creaba mis propias piezas. Ahora tengo la oportunidad de compartir contigo algunas de mis creaciones y tambi\u00e9n ofrecer otros productos hechos por artesanos exclusivamente para MayanKin. <\/p>\n\n\n\n<p>Recuerda <a href=\"#mcsuscribe\">suscribirte<\/a> para recibir novedades cuando hayan nuevos productos disponibles!<\/p>\n","protected":false},"excerpt":{"rendered":"<p>Estoy feliz de compartir contigo productos bellos y pr\u00e1cticos relacionados con el Tzolkin los cuales puedes llevar puesto, usar, aprender y regalar a tus amiga\/os y familia tambi\u00e9n! Aprendiendo Contin\u00faa explorando, aprendiendo, jugando y poniendo la sabidur\u00eda del Tzolkin en pr\u00e1ctica en tu vida cotidiana. Ya sea que est\u00e9s interesada\/o en desarrollo y crecimiento personal, [&hellip;]<\/p>\n","protected":false},"author":4,"featured_media":0,"parent":0,"menu_order":0,"comment_status":"closed","ping_status":"closed","template":"store-front-sp.php","meta":{"_monsterinsights_skip_tracking":false,"_monsterinsights_sitenote_active":false,"_monsterinsights_sitenote_note":"","_monsterinsights_sitenote_category":0,"_genesis_hide_title":false,"_genesis_hide_breadcrumbs":false,"_genesis_hide_singular_image":false,"_genesis_hide_footer_widgets":false,"_genesis_custom_body_class":"store","_genesis_custom_post_class":"","_genesis_layout":"","footnotes":""},"class_list":{"0":"post-2789","1":"page","2":"type-page","3":"status-publish","5":"entry"},"yoast_head":"<!-- This site is optimized with the Yoast SEO plugin v26.6 - https:\/\/yoast.com\/wordpress\/plugins\/seo\/ -->\n<title>Tzolkin Herramientas para Aprender y Bellas Artesan\u00edas | MayanKin<\/title>\n<meta name=\"description\" content=\"Visita la Tienda de MayanKin donde encontraras productos maravillosos para explorar, aprender y jugar con el Tzolkin, y bellas artesan\u00edas hechas a mano\" \/>\n<meta name=\"robots\" content=\"index, follow, max-snippet:-1, max-image-preview:large, max-video-preview:-1\" \/>\n<link rel=\"canonical\" href=\"https:\/\/mayankin.com\/es\/tzolkin-tienda\/\" \/>\n<meta property=\"og:locale\" content=\"es_ES\" \/>\n<meta property=\"og:type\" content=\"article\" \/>\n<meta property=\"og:title\" content=\"Tzolkin Herramientas para Aprender y Bellas Artesan\u00edas | MayanKin\" \/>\n<meta property=\"og:description\" content=\"Visita la Tienda de MayanKin donde encontraras productos maravillosos para explorar, aprender y jugar con el Tzolkin, y bellas artesan\u00edas hechas a mano\" \/>\n<meta property=\"og:url\" content=\"https:\/\/mayankin.com\/es\/tzolkin-tienda\/\" \/>\n<meta property=\"og:site_name\" content=\"MayanKin\" \/>\n<meta property=\"article:publisher\" content=\"https:\/\/www.facebook.com\/MayanKinEspanol\/\" \/>\n<meta property=\"article:modified_time\" content=\"2020-05-26T04:31:49+00:00\" \/>\n<meta name=\"twitter:card\" content=\"summary_large_image\" \/>\n<meta name=\"twitter:site\" content=\"@mayankin\" \/>\n<meta name=\"twitter:label1\" content=\"Tiempo de lectura\" \/>\n\t<meta name=\"twitter:data1\" content=\"1 minuto\" \/>\n<script type=\"application\/ld+json\" class=\"yoast-schema-graph\">{\"@context\":\"https:\/\/schema.org\",\"@graph\":[{\"@type\":\"WebPage\",\"@id\":\"https:\/\/mayankin.com\/es\/tzolkin-tienda\/\",\"url\":\"https:\/\/mayankin.com\/es\/tzolkin-tienda\/\",\"name\":\"Tzolkin Herramientas para Aprender y Bellas Artesan\u00edas | MayanKin\",\"isPartOf\":{\"@id\":\"https:\/\/mayankin.com\/es\/#website\"},\"datePublished\":\"2019-01-07T00:14:23+00:00\",\"dateModified\":\"2020-05-26T04:31:49+00:00\",\"description\":\"Visita la Tienda de MayanKin donde encontraras productos maravillosos para explorar, aprender y jugar con el Tzolkin, y bellas artesan\u00edas hechas a mano\",\"breadcrumb\":{\"@id\":\"https:\/\/mayankin.com\/es\/tzolkin-tienda\/#breadcrumb\"},\"inLanguage\":\"es\",\"potentialAction\":[{\"@type\":\"ReadAction\",\"target\":[\"https:\/\/mayankin.com\/es\/tzolkin-tienda\/\"]}]},{\"@type\":\"BreadcrumbList\",\"@id\":\"https:\/\/mayankin.com\/es\/tzolkin-tienda\/#breadcrumb\",\"itemListElement\":[{\"@type\":\"ListItem\",\"position\":1,\"name\":\"Portada\",\"item\":\"https:\/\/mayankin.com\/es\/\"},{\"@type\":\"ListItem\",\"position\":2,\"name\":\"Bienvenida\/o a la Tienda de MayanKin!\"}]},{\"@type\":\"WebSite\",\"@id\":\"https:\/\/mayankin.com\/es\/#website\",\"url\":\"https:\/\/mayankin.com\/es\/\",\"name\":\"MayanKin\",\"description\":\"\",\"publisher\":{\"@id\":\"https:\/\/mayankin.com\/es\/#organization\"},\"potentialAction\":[{\"@type\":\"SearchAction\",\"target\":{\"@type\":\"EntryPoint\",\"urlTemplate\":\"https:\/\/mayankin.com\/es\/?s={search_term_string}\"},\"query-input\":{\"@type\":\"PropertyValueSpecification\",\"valueRequired\":true,\"valueName\":\"search_term_string\"}}],\"inLanguage\":\"es\"},{\"@type\":\"Organization\",\"@id\":\"https:\/\/mayankin.com\/es\/#organization\",\"name\":\"MayanKin\",\"url\":\"https:\/\/mayankin.com\/es\/\",\"logo\":{\"@type\":\"ImageObject\",\"inLanguage\":\"es\",\"@id\":\"https:\/\/mayankin.com\/es\/#\/schema\/logo\/image\/\",\"url\":\"https:\/\/mayankin.com\/es\/wp-content\/uploads\/2020\/05\/MK-Logo-Redesign.png\",\"contentUrl\":\"https:\/\/mayankin.com\/es\/wp-content\/uploads\/2020\/05\/MK-Logo-Redesign.png\",\"width\":260,\"height\":105,\"caption\":\"MayanKin\"},\"image\":{\"@id\":\"https:\/\/mayankin.com\/es\/#\/schema\/logo\/image\/\"},\"sameAs\":[\"https:\/\/www.facebook.com\/MayanKinEspanol\/\",\"https:\/\/x.com\/mayankin\"]}]}<\/script>\n<!-- \/ Yoast SEO plugin. -->","yoast_head_json":{"title":"Tzolkin Herramientas para Aprender y Bellas Artesan\u00edas | MayanKin","description":"Visita la Tienda de MayanKin donde encontraras productos maravillosos para explorar, aprender y jugar con el Tzolkin, y bellas artesan\u00edas hechas a mano","robots":{"index":"index","follow":"follow","max-snippet":"max-snippet:-1","max-image-preview":"max-image-preview:large","max-video-preview":"max-video-preview:-1"},"canonical":"https:\/\/mayankin.com\/es\/tzolkin-tienda\/","og_locale":"es_ES","og_type":"article","og_title":"Tzolkin Herramientas para Aprender y Bellas Artesan\u00edas | MayanKin","og_description":"Visita la Tienda de MayanKin donde encontraras productos maravillosos para explorar, aprender y jugar con el Tzolkin, y bellas artesan\u00edas hechas a mano","og_url":"https:\/\/mayankin.com\/es\/tzolkin-tienda\/","og_site_name":"MayanKin","article_publisher":"https:\/\/www.facebook.com\/MayanKinEspanol\/","article_modified_time":"2020-05-26T04:31:49+00:00","twitter_card":"summary_large_image","twitter_site":"@mayankin","twitter_misc":{"Tiempo de lectura":"1 minuto"},"schema":{"@context":"https:\/\/schema.org","@graph":[{"@type":"WebPage","@id":"https:\/\/mayankin.com\/es\/tzolkin-tienda\/","url":"https:\/\/mayankin.com\/es\/tzolkin-tienda\/","name":"Tzolkin Herramientas para Aprender y Bellas Artesan\u00edas | MayanKin","isPartOf":{"@id":"https:\/\/mayankin.com\/es\/#website"},"datePublished":"2019-01-07T00:14:23+00:00","dateModified":"2020-05-26T04:31:49+00:00","description":"Visita la Tienda de MayanKin donde encontraras productos maravillosos para explorar, aprender y jugar con el Tzolkin, y bellas artesan\u00edas hechas a mano","breadcrumb":{"@id":"https:\/\/mayankin.com\/es\/tzolkin-tienda\/#breadcrumb"},"inLanguage":"es","potentialAction":[{"@type":"ReadAction","target":["https:\/\/mayankin.com\/es\/tzolkin-tienda\/"]}]},{"@type":"BreadcrumbList","@id":"https:\/\/mayankin.com\/es\/tzolkin-tienda\/#breadcrumb","itemListElement":[{"@type":"ListItem","position":1,"name":"Portada","item":"https:\/\/mayankin.com\/es\/"},{"@type":"ListItem","position":2,"name":"Bienvenida\/o a la Tienda de MayanKin!"}]},{"@type":"WebSite","@id":"https:\/\/mayankin.com\/es\/#website","url":"https:\/\/mayankin.com\/es\/","name":"MayanKin","description":"","publisher":{"@id":"https:\/\/mayankin.com\/es\/#organization"},"potentialAction":[{"@type":"SearchAction","target":{"@type":"EntryPoint","urlTemplate":"https:\/\/mayankin.com\/es\/?s={search_term_string}"},"query-input":{"@type":"PropertyValueSpecification","valueRequired":true,"valueName":"search_term_string"}}],"inLanguage":"es"},{"@type":"Organization","@id":"https:\/\/mayankin.com\/es\/#organization","name":"MayanKin","url":"https:\/\/mayankin.com\/es\/","logo":{"@type":"ImageObject","inLanguage":"es","@id":"https:\/\/mayankin.com\/es\/#\/schema\/logo\/image\/","url":"https:\/\/mayankin.com\/es\/wp-content\/uploads\/2020\/05\/MK-Logo-Redesign.png","contentUrl":"https:\/\/mayankin.com\/es\/wp-content\/uploads\/2020\/05\/MK-Logo-Redesign.png","width":260,"height":105,"caption":"MayanKin"},"image":{"@id":"https:\/\/mayankin.com\/es\/#\/schema\/logo\/image\/"},"sameAs":["https:\/\/www.facebook.com\/MayanKinEspanol\/","https:\/\/x.com\/mayankin"]}]}},"_links":{"self":[{"href":"https:\/\/mayankin.com\/es\/wp-json\/wp\/v2\/pages\/2789","targetHints":{"allow":["GET"]}}],"collection":[{"href":"https:\/\/mayankin.com\/es\/wp-json\/wp\/v2\/pages"}],"about":[{"href":"https:\/\/mayankin.com\/es\/wp-json\/wp\/v2\/types\/page"}],"author":[{"embeddable":true,"href":"https:\/\/mayankin.com\/es\/wp-json\/wp\/v2\/users\/4"}],"replies":[{"embeddable":true,"href":"https:\/\/mayankin.com\/es\/wp-json\/wp\/v2\/comments?post=2789"}],"version-history":[{"count":25,"href":"https:\/\/mayankin.com\/es\/wp-json\/wp\/v2\/pages\/2789\/revisions"}],"predecessor-version":[{"id":12793,"href":"https:\/\/mayankin.com\/es\/wp-json\/wp\/v2\/pages\/2789\/revisions\/12793"}],"wp:attachment":[{"href":"https:\/\/mayankin.com\/es\/wp-json\/wp\/v2\/media?parent=2789"}],"curies":[{"name":"wp","href":"https:\/\/api.w.org\/{rel}","templated":true}]}}