{"id":228,"date":"2012-12-10T21:22:09","date_gmt":"2012-12-10T21:22:09","guid":{"rendered":"https:\/\/mayankin.com\/es\/?page_id=228"},"modified":"2020-05-26T18:39:29","modified_gmt":"2020-05-27T01:39:29","slug":"home-2","status":"publish","type":"page","link":"https:\/\/mayankin.com\/es\/","title":{"rendered":"Inicio"},"content":{"rendered":"\n<h3 class=\"has-text-align-center wp-block-heading\">Bienvenida\/o y gracias por visitar MayanKin!<\/h3>\n\n\n\n<p>Mi nombre es Mariela Maya y quiero compartir contigo una herramienta maravillosa, pr\u00e1ctica y empoderante que ayuda a obtener claridad y traer m\u00e1s sentido a nuestras vidas. D\u00e9jame primero decir algunas palabras sobre c\u00f3mo empec\u00e9.&nbsp; <\/p>\n\n\n\n<p>En el a\u00f1o 1999, me encontr\u00e9 de repente en una encrucijada donde comenc\u00e9 a cuestionar todo en mi vida y no ten\u00eda idea por donde continuar. En apariencia, parec\u00eda feliz y exitosa, pero por dentro sent\u00eda un vac\u00edo que no pod\u00eda explicar por qu\u00e9.<\/p>\n\n\n\n<p>En el momento que supe que estaba lista para un cambio, una secuencia de m\u00e1gicas sincronicidades me llev\u00f3 a embarcar en una gran aventura que me ayud\u00f3 a cambiar la forma en la cual vivenciaba la realidad. No solo emprend\u00ed en un profundo proceso de crecimiento personal, sino que tambi\u00e9n me di cuenta de que era parte de algo mucho m\u00e1s grande que yo y que pod\u00eda contribuir a traer m\u00e1s belleza al mundo.<\/p>\n\n\n\n<p>Entre los diferentes estudios y pr\u00e1cticas en los que he profundizado en estos \u00faltimos 20 a\u00f1os, el Tzolkin o el calendario sagrado maya en su interpretaci\u00f3n moderna ha demostrado ser una herramienta de lo m\u00e1s inspiradora para transformar y recrear la vida propia de una manera muy hermosa y divertida.<\/p>\n\n\n\n<p>Despu\u00e9s de muchos a\u00f1os de explorar mis mundos interno y externo, conocer a personas maravillosas que han iluminado mi camino y vivenciar cada vez m\u00e1s sincronicidades en mi vida, he encontrado mi propia manera de integrar todo lo que he aprendido y creativamente compartir y guiar a otros en c\u00f3mo evolucionar a conciencia con la ayuda de la sabidur\u00eda ancestral aplicada a los tiempos modernos.<\/p>\n\n\n\n<p>Hay tantos caminos como personas en la Tierra. La belleza de crear tu estilo \u00fanico es teniendo la libertad de elegir lo que quieras, de la manera en que lo deseas y en cualquier forma que funcione para ti!<\/p>\n\n\n\n<h4 class=\"wp-block-heading\">Quieres experimentar la magia del Tzolkin?<strong> <\/strong> <a href=\"https:\/\/mayankin.com\/es\/comienza-aqui\/\">Comienza aqu\u00ed<\/a>.<\/h4>\n\n\n\n<p class=\"has-text-align-left\">Que tengas un precioso d\u00eda!<\/p>\n\n\n\n<div class=\"wp-block-image\"><figure class=\"aligncenter is-resized\"><img loading=\"lazy\" decoding=\"async\" src=\"https:\/\/mayankin.com\/es\/wp-content\/uploads\/2019\/08\/MarielaMaya-MayanKin-BridgingWorlds-Mariela-Star-Signature-Small.png\" alt=\"\" class=\"wp-image-10992\" width=\"175\" height=\"79\"\/><\/figure><\/div>\n","protected":false},"excerpt":{"rendered":"<p>Bienvenida\/o y gracias por visitar MayanKin! Mi nombre es Mariela Maya y quiero compartir contigo una herramienta maravillosa, pr\u00e1ctica y empoderante que ayuda a obtener claridad y traer m\u00e1s sentido a nuestras vidas. D\u00e9jame primero decir algunas palabras sobre c\u00f3mo empec\u00e9.&nbsp; En el a\u00f1o 1999, me encontr\u00e9 de repente en una encrucijada donde comenc\u00e9 a [&hellip;]<\/p>\n","protected":false},"author":4,"featured_media":13166,"parent":0,"menu_order":0,"comment_status":"closed","ping_status":"closed","template":"front-page-sp.php","meta":{"_monsterinsights_skip_tracking":false,"_monsterinsights_sitenote_active":false,"_monsterinsights_sitenote_note":"","_monsterinsights_sitenote_category":0,"_genesis_hide_title":false,"_genesis_hide_breadcrumbs":false,"_genesis_hide_singular_image":false,"_genesis_hide_footer_widgets":false,"_genesis_custom_body_class":"welcome","_genesis_custom_post_class":"","_genesis_layout":"","footnotes":""},"class_list":{"0":"post-228","1":"page","2":"type-page","3":"status-publish","4":"has-post-thumbnail","6":"entry"},"yoast_head":"<!-- This site is optimized with the Yoast SEO plugin v26.6 - https:\/\/yoast.com\/wordpress\/plugins\/seo\/ -->\n<title>Tzolkin Sabidur\u00eda Ancestral Maya en Tiempos Modernos | MayanKin<\/title>\n<meta name=\"description\" content=\"Calendario Tzolkin hecho f\u00e1cil! Chequea esta herramienta creativa, divertida y pr\u00e1ctica para el crecimiento personal guiada por m\u00e1gicas sincronicidades\" \/>\n<meta name=\"robots\" content=\"index, follow, max-snippet:-1, max-image-preview:large, max-video-preview:-1\" \/>\n<link rel=\"canonical\" href=\"https:\/\/mayankin.com\/es\/\" \/>\n<meta property=\"og:locale\" content=\"es_ES\" \/>\n<meta property=\"og:type\" content=\"article\" \/>\n<meta property=\"og:title\" content=\"Tzolkin Sabidur\u00eda Ancestral Maya en Tiempos Modernos | MayanKin\" \/>\n<meta property=\"og:description\" content=\"Calendario Tzolkin hecho f\u00e1cil! Chequea esta herramienta creativa, divertida y pr\u00e1ctica para el crecimiento personal guiada por m\u00e1gicas sincronicidades\" \/>\n<meta property=\"og:url\" content=\"https:\/\/mayankin.com\/es\/\" \/>\n<meta property=\"og:site_name\" content=\"MayanKin\" \/>\n<meta property=\"article:publisher\" content=\"https:\/\/www.facebook.com\/MayanKinEspanol\/\" \/>\n<meta property=\"article:modified_time\" content=\"2020-05-27T01:39:29+00:00\" \/>\n<meta property=\"og:image\" content=\"https:\/\/mayankin.com\/es\/wp-content\/uploads\/2020\/05\/MK-Logo-Redesign.png\" \/>\n\t<meta property=\"og:image:width\" content=\"260\" \/>\n\t<meta property=\"og:image:height\" content=\"105\" \/>\n\t<meta property=\"og:image:type\" content=\"image\/png\" \/>\n<meta name=\"twitter:card\" content=\"summary_large_image\" \/>\n<meta name=\"twitter:site\" content=\"@mayankin\" \/>\n<meta name=\"twitter:label1\" content=\"Tiempo de lectura\" \/>\n\t<meta name=\"twitter:data1\" content=\"2 minutos\" \/>\n<script type=\"application\/ld+json\" class=\"yoast-schema-graph\">{\"@context\":\"https:\/\/schema.org\",\"@graph\":[{\"@type\":\"WebPage\",\"@id\":\"https:\/\/mayankin.com\/es\/\",\"url\":\"https:\/\/mayankin.com\/es\/\",\"name\":\"Tzolkin Sabidur\u00eda Ancestral Maya en Tiempos Modernos | MayanKin\",\"isPartOf\":{\"@id\":\"https:\/\/mayankin.com\/es\/#website\"},\"primaryImageOfPage\":{\"@id\":\"https:\/\/mayankin.com\/es\/#primaryimage\"},\"image\":{\"@id\":\"https:\/\/mayankin.com\/es\/#primaryimage\"},\"thumbnailUrl\":\"https:\/\/mayankin.com\/es\/wp-content\/uploads\/2020\/05\/MK-Logo-Redesign.png\",\"datePublished\":\"2012-12-10T21:22:09+00:00\",\"dateModified\":\"2020-05-27T01:39:29+00:00\",\"description\":\"Calendario Tzolkin hecho f\u00e1cil! Chequea esta herramienta creativa, divertida y pr\u00e1ctica para el crecimiento personal guiada por m\u00e1gicas sincronicidades\",\"breadcrumb\":{\"@id\":\"https:\/\/mayankin.com\/es\/#breadcrumb\"},\"inLanguage\":\"es\",\"potentialAction\":[{\"@type\":\"ReadAction\",\"target\":[\"https:\/\/mayankin.com\/es\/\"]}]},{\"@type\":\"ImageObject\",\"inLanguage\":\"es\",\"@id\":\"https:\/\/mayankin.com\/es\/#primaryimage\",\"url\":\"https:\/\/mayankin.com\/es\/wp-content\/uploads\/2020\/05\/MK-Logo-Redesign.png\",\"contentUrl\":\"https:\/\/mayankin.com\/es\/wp-content\/uploads\/2020\/05\/MK-Logo-Redesign.png\",\"width\":260,\"height\":105},{\"@type\":\"BreadcrumbList\",\"@id\":\"https:\/\/mayankin.com\/es\/#breadcrumb\",\"itemListElement\":[{\"@type\":\"ListItem\",\"position\":1,\"name\":\"Portada\",\"item\":\"https:\/\/mayankin.com\/es\/\"},{\"@type\":\"ListItem\",\"position\":2,\"name\":\"Inicio\"}]},{\"@type\":\"WebSite\",\"@id\":\"https:\/\/mayankin.com\/es\/#website\",\"url\":\"https:\/\/mayankin.com\/es\/\",\"name\":\"MayanKin\",\"description\":\"\",\"publisher\":{\"@id\":\"https:\/\/mayankin.com\/es\/#organization\"},\"potentialAction\":[{\"@type\":\"SearchAction\",\"target\":{\"@type\":\"EntryPoint\",\"urlTemplate\":\"https:\/\/mayankin.com\/es\/?s={search_term_string}\"},\"query-input\":{\"@type\":\"PropertyValueSpecification\",\"valueRequired\":true,\"valueName\":\"search_term_string\"}}],\"inLanguage\":\"es\"},{\"@type\":\"Organization\",\"@id\":\"https:\/\/mayankin.com\/es\/#organization\",\"name\":\"MayanKin\",\"url\":\"https:\/\/mayankin.com\/es\/\",\"logo\":{\"@type\":\"ImageObject\",\"inLanguage\":\"es\",\"@id\":\"https:\/\/mayankin.com\/es\/#\/schema\/logo\/image\/\",\"url\":\"https:\/\/mayankin.com\/es\/wp-content\/uploads\/2020\/05\/MK-Logo-Redesign.png\",\"contentUrl\":\"https:\/\/mayankin.com\/es\/wp-content\/uploads\/2020\/05\/MK-Logo-Redesign.png\",\"width\":260,\"height\":105,\"caption\":\"MayanKin\"},\"image\":{\"@id\":\"https:\/\/mayankin.com\/es\/#\/schema\/logo\/image\/\"},\"sameAs\":[\"https:\/\/www.facebook.com\/MayanKinEspanol\/\",\"https:\/\/x.com\/mayankin\"]}]}<\/script>\n<!-- \/ Yoast SEO plugin. -->","yoast_head_json":{"title":"Tzolkin Sabidur\u00eda Ancestral Maya en Tiempos Modernos | MayanKin","description":"Calendario Tzolkin hecho f\u00e1cil! Chequea esta herramienta creativa, divertida y pr\u00e1ctica para el crecimiento personal guiada por m\u00e1gicas sincronicidades","robots":{"index":"index","follow":"follow","max-snippet":"max-snippet:-1","max-image-preview":"max-image-preview:large","max-video-preview":"max-video-preview:-1"},"canonical":"https:\/\/mayankin.com\/es\/","og_locale":"es_ES","og_type":"article","og_title":"Tzolkin Sabidur\u00eda Ancestral Maya en Tiempos Modernos | MayanKin","og_description":"Calendario Tzolkin hecho f\u00e1cil! Chequea esta herramienta creativa, divertida y pr\u00e1ctica para el crecimiento personal guiada por m\u00e1gicas sincronicidades","og_url":"https:\/\/mayankin.com\/es\/","og_site_name":"MayanKin","article_publisher":"https:\/\/www.facebook.com\/MayanKinEspanol\/","article_modified_time":"2020-05-27T01:39:29+00:00","og_image":[{"width":260,"height":105,"url":"https:\/\/mayankin.com\/es\/wp-content\/uploads\/2020\/05\/MK-Logo-Redesign.png","type":"image\/png"}],"twitter_card":"summary_large_image","twitter_site":"@mayankin","twitter_misc":{"Tiempo de lectura":"2 minutos"},"schema":{"@context":"https:\/\/schema.org","@graph":[{"@type":"WebPage","@id":"https:\/\/mayankin.com\/es\/","url":"https:\/\/mayankin.com\/es\/","name":"Tzolkin Sabidur\u00eda Ancestral Maya en Tiempos Modernos | MayanKin","isPartOf":{"@id":"https:\/\/mayankin.com\/es\/#website"},"primaryImageOfPage":{"@id":"https:\/\/mayankin.com\/es\/#primaryimage"},"image":{"@id":"https:\/\/mayankin.com\/es\/#primaryimage"},"thumbnailUrl":"https:\/\/mayankin.com\/es\/wp-content\/uploads\/2020\/05\/MK-Logo-Redesign.png","datePublished":"2012-12-10T21:22:09+00:00","dateModified":"2020-05-27T01:39:29+00:00","description":"Calendario Tzolkin hecho f\u00e1cil! Chequea esta herramienta creativa, divertida y pr\u00e1ctica para el crecimiento personal guiada por m\u00e1gicas sincronicidades","breadcrumb":{"@id":"https:\/\/mayankin.com\/es\/#breadcrumb"},"inLanguage":"es","potentialAction":[{"@type":"ReadAction","target":["https:\/\/mayankin.com\/es\/"]}]},{"@type":"ImageObject","inLanguage":"es","@id":"https:\/\/mayankin.com\/es\/#primaryimage","url":"https:\/\/mayankin.com\/es\/wp-content\/uploads\/2020\/05\/MK-Logo-Redesign.png","contentUrl":"https:\/\/mayankin.com\/es\/wp-content\/uploads\/2020\/05\/MK-Logo-Redesign.png","width":260,"height":105},{"@type":"BreadcrumbList","@id":"https:\/\/mayankin.com\/es\/#breadcrumb","itemListElement":[{"@type":"ListItem","position":1,"name":"Portada","item":"https:\/\/mayankin.com\/es\/"},{"@type":"ListItem","position":2,"name":"Inicio"}]},{"@type":"WebSite","@id":"https:\/\/mayankin.com\/es\/#website","url":"https:\/\/mayankin.com\/es\/","name":"MayanKin","description":"","publisher":{"@id":"https:\/\/mayankin.com\/es\/#organization"},"potentialAction":[{"@type":"SearchAction","target":{"@type":"EntryPoint","urlTemplate":"https:\/\/mayankin.com\/es\/?s={search_term_string}"},"query-input":{"@type":"PropertyValueSpecification","valueRequired":true,"valueName":"search_term_string"}}],"inLanguage":"es"},{"@type":"Organization","@id":"https:\/\/mayankin.com\/es\/#organization","name":"MayanKin","url":"https:\/\/mayankin.com\/es\/","logo":{"@type":"ImageObject","inLanguage":"es","@id":"https:\/\/mayankin.com\/es\/#\/schema\/logo\/image\/","url":"https:\/\/mayankin.com\/es\/wp-content\/uploads\/2020\/05\/MK-Logo-Redesign.png","contentUrl":"https:\/\/mayankin.com\/es\/wp-content\/uploads\/2020\/05\/MK-Logo-Redesign.png","width":260,"height":105,"caption":"MayanKin"},"image":{"@id":"https:\/\/mayankin.com\/es\/#\/schema\/logo\/image\/"},"sameAs":["https:\/\/www.facebook.com\/MayanKinEspanol\/","https:\/\/x.com\/mayankin"]}]}},"_links":{"self":[{"href":"https:\/\/mayankin.com\/es\/wp-json\/wp\/v2\/pages\/228","targetHints":{"allow":["GET"]}}],"collection":[{"href":"https:\/\/mayankin.com\/es\/wp-json\/wp\/v2\/pages"}],"about":[{"href":"https:\/\/mayankin.com\/es\/wp-json\/wp\/v2\/types\/page"}],"author":[{"embeddable":true,"href":"https:\/\/mayankin.com\/es\/wp-json\/wp\/v2\/users\/4"}],"replies":[{"embeddable":true,"href":"https:\/\/mayankin.com\/es\/wp-json\/wp\/v2\/comments?post=228"}],"version-history":[{"count":46,"href":"https:\/\/mayankin.com\/es\/wp-json\/wp\/v2\/pages\/228\/revisions"}],"predecessor-version":[{"id":13247,"href":"https:\/\/mayankin.com\/es\/wp-json\/wp\/v2\/pages\/228\/revisions\/13247"}],"wp:featuredmedia":[{"embeddable":true,"href":"https:\/\/mayankin.com\/es\/wp-json\/wp\/v2\/media\/13166"}],"wp:attachment":[{"href":"https:\/\/mayankin.com\/es\/wp-json\/wp\/v2\/media?parent=228"}],"curies":[{"name":"wp","href":"https:\/\/api.w.org\/{rel}","templated":true}]}}