{"id":1818,"date":"2012-12-04T14:34:28","date_gmt":"2012-12-04T14:34:28","guid":{"rendered":"https:\/\/mayankin.com\/es\/?page_id=127"},"modified":"2020-05-25T21:43:00","modified_gmt":"2020-05-26T04:43:00","slug":"2012-cambio","status":"publish","type":"page","link":"https:\/\/mayankin.com\/es\/2012-cambio\/","title":{"rendered":"2012"},"content":{"rendered":"\n<h4 class=\"wp-block-heading\">El Amanecer de una Nueva Era<\/h4>\n\n\n\n<p>Qu\u00e9 momentos tan maravillosos estamos viviendo llenos de sincronicidades y grandes oportunidades de profunda transformaci\u00f3n planetaria e individual! Adem\u00e1s de los mayas, antiguas profec\u00edas de diferentes culturas y continentes coinciden en referirse a este per\u00edodo de tiempo como el <em>Amanecer de una Nueva Era<\/em>.<\/p>\n\n\n\n<p>Expresado de distintas maneras, todos dan un mensaje similar, como la profec\u00eda inca de <em>Taripay Pacha<\/em> que significa en quechua \u201c<em>La era de reencontrarnos con nosotros mismos<\/em> <em>nuevamente<\/em>\u201d y los Hopi \u201c<em>Somos los que hemos estado esperando<\/em>!\u201d. Adem\u00e1s, todos coinciden con el cambio de la <em>Era de Piscis<\/em> a la <em>Era de Acuario<\/em> invit\u00e1ndonos a crear una vida centrada en el coraz\u00f3n basada en la unidad y la armon\u00eda entre todos los seres vivos.<\/p>\n\n\n\n<p>La <em>Profec\u00eda del C\u00f3ndor y El \u00c1guila<\/em> bellamente sirve como una s\u00edntesis: la reuni\u00f3n del c\u00f3ndor y el \u00e1guila volando juntos en el cielo. El C\u00f3ndor representa el coraz\u00f3n y la intuici\u00f3n. El \u00e1guila representa la mente y la l\u00f3gica. Ambos volando juntos simbolizan la unidad y la integraci\u00f3n final de las polaridades, el equilibrio entre las energ\u00edas masculinas y femeninas, la uni\u00f3n del esp\u00edritu y la materia, y los reinos de la existencia visibles e invisibles. Norte, sur, este y oeste viviendo en armon\u00eda en un mundo unido!<\/p>\n\n\n\n<p>Entre otros, algunos se relacionan con estos tiempos del Gran Despertar como un per\u00edodo sagrado de Ascensi\u00f3n y evoluci\u00f3n de la conciencia, transici\u00f3n a vibraciones elevadas en la quinta dimensi\u00f3n y telepat\u00eda, reprogramaci\u00f3n y activaci\u00f3n de nuestro ADN, despertar de la Diosa y la divinidad femenina. regreso de Quetzalc\u00f3atl o Serpiente Emplumada, reuni\u00f3n y activaci\u00f3n de cr\u00e1neos de cristal y contacto extraterrestre a trav\u00e9s de c\u00edrculos en los cultivos (agroglifos), y transici\u00f3n de Homo Sapiens a Homo Luminous y Homo Universalis.<\/p>\n\n\n\n<p>Independientemente de nuestras creencias personales, esta encrucijada es sin duda experimentada por la mayor\u00eda como <em>la<\/em> aceleraci\u00f3n de los tiempos e intensidad creciente. Mientras lo viejo cae y lo nuevo emerge, el caos aparente crea incertidumbre y malestar. Frecuencias m\u00e1s elevadas nos est\u00e1n afectando a todos de una forma u otra, mientras tratamos de adaptarnos a estas nuevas vibraciones f\u00edsica, mental y emocionalmente. Estos tiempos propicios nos invitan a cambiar nuestra percepci\u00f3n al liberar viejos patrones de comportamiento que ya no nos sirven y plantar semillas luminosas que germinar\u00e1n en nuevas realidades y formas de estar en nuestro hermoso planeta! <\/p>\n\n\n\n<h4 class=\"wp-block-heading\">Es el fin del mundo\u2026 Tal como lo Conocemos!<\/h4>\n\n\n\n<p>Seguramente la banda de rock estadounidense R.E.M. nunca se imagin\u00f3 que su canci\u00f3n \u201c<em>Es el fin del mundo como lo conocemos (y me siento bien)<\/em>\u201d se mencionar\u00eda en todo Internet en referencia al calendario maya. Simb\u00f3licamente, apareci\u00f3 por primera vez en su \u00e1lbum llamado \u2018Documento\u2019 en 1987, el mismo a\u00f1o de la Convergencia Arm\u00f3nica promovida por Arg\u00fcelles. <\/p>\n\n\n\n<p>Como todos presenciamos, 2012 <em>no<\/em> fue el: Fin del Calendario Maya - Fin de los Tiempos - Fin de la Historia de la Tierra - Fin de la Humanidad - Pel\u00edcula de Hollywood 2012 - Apocalipsis Ahora - Armaged\u00f3n - Cat\u00e1strofe o Cataclismo. <\/p>\n\n\n\n<p>Entonces, de d\u00f3nde vino la idea del \u201c<em>fin del mundo<\/em>\u201d?<\/p>\n\n\n\n<h4 class=\"wp-block-heading\">Qu\u00e9 pas\u00f3 el 21 de diciembre de 2012?<\/h4>\n\n\n\n<p>Esta fecha se refiere a la <em>finalizaci\u00f3n de un ciclo<\/em> en uno de los 17 calendarios que los mayas siguieron simult\u00e1neamente. Debido a su naturaleza perpetua, cualquier final siempre fue seguido por el comienzo de un nuevo ciclo de la misma duraci\u00f3n. Y, el hecho de que un calendario estaba finalizando un ciclo, no necesariamente significaba que otros calendarios tambi\u00e9n cambiaban los ciclos.<\/p>\n\n\n\n<p>Seg\u00fan lo explicado por el anciano maya y Guardi\u00e1n del Tiempo Hunbatz Men de Yucat\u00e1n, M\u00e9xico, todos los calendarios se basaban en las matem\u00e1ticas y serv\u00edan como formas de sincronizaci\u00f3n con ciclos astron\u00f3micos y los ritmos de la vida. Para los antiguos mayas, los n\u00fameros no se refer\u00edan particularmente a cantidades, sino que se ve\u00edan como expresiones de las diferentes frecuencias y tonos de lo divino. Mientras que el mundo moderno ve el tiempo como lineal, los mayas consideraban la naturaleza c\u00edclica del tiempo como patrones entrelazados de ciclos del macrocosmos y microcosmos. Para ellos, los c\u00f3digos matem\u00e1ticos creaban ciclos dentro de ciclos como una expresi\u00f3n de Hunab K\u2019u, la fuente de todo lo que es y Dios Supremo, arquitecto del Universo y Dador de Movimiento y Medida.<\/p>\n\n\n\n<p>El ciclo que finaliz\u00f3 en el solsticio de diciembre de 2012 fue referido por los mayas como un cambio de Eras, ya que representaba el fin y el comienzo de nuevo Mundo-Era o Nuevo Sol. Fue el fin de un ciclo en el antiguo Calendario Maya de la Cuenta Larga de 5,125 a\u00f1os conocido como el Gran Ciclo de 13 Baktunes, que comenz\u00f3 el 11 de agosto de 3113 a.C.<\/p>\n\n\n\n<p>En otras palabas, el 21 de diciembre del 2012 puede verse como el punto de sincronizaci\u00f3n o Punto-Cero cuando el Calendario Maya de la Cuenta Larga se resete\u00f3 para dar comienzo a un nuevo ciclo de 5,125 a\u00f1os.<\/p>\n\n\n\n<p>Carlos Barrios, anciano maya y Ajq\u2019ij del Altiplano de Guatemala, explic\u00f3 que <em>el mundo no se terminar\u00eda, pero se transformar\u00eda<\/em>; la humanidad continuar\u00eda, pero de una manera diferente y m\u00e1s humana. Estamos cambiando del Cuarto al Quinto Mundo o Sol (<em>Job Ajaw<\/em>) y el cambio no pasa de un d\u00eda para otro. Es un proceso que ya se ha iniciado; se est\u00e1 acelerando y continuar\u00e1 aceler\u00e1ndose. En el nuevo Mundo, \u201cel elemento ser\u00e1 \u00c9ter, que se combina con los otros cuatro elementos a un nivel superior. Fuego, Tierra, Aire y Agua actuar\u00e1n juntos en una manifestaci\u00f3n sutil, activando la totalidad de la conciencia en la Madre Tierra y humanidad.\u201d <\/p>\n\n\n\n<p>Adem\u00e1s de los mayas, otras culturas mesoamericanas siguieron este ciclo refiri\u00e9ndose al mismo como el amanecer del <em>Sexto Sol <\/em>de creaci\u00f3n, como en el caso de la tradici\u00f3n Azteca.<\/p>\n\n\n\n<h4 class=\"wp-block-heading\">Alineaci\u00f3n Gal\u00e1ctica y Precesi\u00f3n de los Equinoccios<\/h4>\n\n\n\n<p>Esta fecha tambi\u00e9n se refiri\u00f3 a la <em>Precesi\u00f3n de los Equinoccios<\/em>, un ciclo de 26,000 a\u00f1os que se correlaciona con alrededor de cinco ciclos del calendario de la Cuenta Larga. John Major Jenkins explic\u00f3 que la Alineaci\u00f3n Gal\u00e1ctica ocurre cuando nuestro Sol se alinea con el centro de la V\u00eda L\u00e1ctea, un paso de 36 a\u00f1os referido como la \u201cera-2012\u201d. En la mitolog\u00eda maya, este cruce por el centro gal\u00e1ctico o grieta oscura, \u201cXibalba Be\u201d como lo llamaban los mayas, puede ser visto como un portal o canal de parto de la gran Madre V\u00eda L\u00e1ctea, representando un per\u00edodo de transformaci\u00f3n y renacimiento. Para m\u00e1s detalles, puedes leer <a title=\"2012 Galactic Alignment and Precession of the Equinoxes\" rel=\"noopener noreferrer\" href=\"http:\/\/alignment2012.com\/whatisga.htm\" target=\"_blank\">aqu\u00ed<\/a> (en ingl\u00e9s).<\/p>\n\n\n\n<div class=\"wp-block-image\"><figure class=\"aligncenter is-resized\"><img loading=\"lazy\" decoding=\"async\" src=\"https:\/\/mayankin.com\/es\/wp-content\/uploads\/2019\/08\/MWG.jpg\" alt=\"\" class=\"wp-image-11478\" width=\"315\" height=\"234\"\/><\/figure><\/div>\n\n\n\n<p>Se ha dicho que la Tierra podr\u00eda atravesar por tres d\u00edas de oscuridad. Mientras que no hay evidencia, tambi\u00e9n se puede referir de manera metaf\u00f3rica a las tres d\u00e9cadas que lleva la Precesi\u00f3n de los Equinoccios para cruzar la Grieta Oscura.<\/p>\n\n\n\n<p>Se sabe que el sol se mueve a una nueva constelaci\u00f3n cada 2,160 a\u00f1os aproximadamente y que atraviesa las doce constelaciones del zod\u00edaco en un per\u00edodo de aproximadamente 26,000 a\u00f1os (Precesi\u00f3n de los Equinoccios). Nadie puede saber cu\u00e1ndo ocurre exactamente la transici\u00f3n de una constelaci\u00f3n a otra, como en el caso de la <em>Era de Piscis<\/em> a la <em>Era de Acuario<\/em>. <\/p>\n\n\n\n<p>De la misma manera, no todos los ancianos mayas de la actualidad y los acad\u00e9micos modernos coinciden en fechas exactas con respecto al final de este ciclo, principalmente debido a la p\u00e9rdida de informaci\u00f3n antigua durante los conquistadores y al uso de diferentes m\u00e9todos de c\u00e1lculo para correlacionar las fechas con calendario gregoriano. Como sabiamente dijo Hunbatz Men, no deber\u00edamos verlo como \"<em>el<\/em>\" d\u00eda y centrarnos en qui\u00e9n tiene raz\u00f3n o no. Es un per\u00edodo de tiempo que est\u00e1 sucediendo actualmente y una gran oportunidad para que la humanidad despierte y restablezca la armon\u00eda en nuestro planeta. <\/p>\n\n\n\n<p>El Abuelo Quiche Don Alejandro Cirilo Perez Oxlaj, conocido por Wakatel Utiw o Lobo Errante, y L\u00edder del Consulado Nacional Maya de Ancianos de Guatemala, comparte en este documental&nbsp;<a title=\"Shift of the Ages - Grandfather Mayan Elder Don Alejandro Cirilio Perez Oxlaj Wandering Wolf\" rel=\"noopener noreferrer\" href=\"https:\/\/vimeo.com\/108523617?fbclid=IwAR2ZDa-4xG3xNa6wBkLqn4tA7d4XLqIc6Ch7DAKljfQE2QrcJ_sgvR70uYE\" target=\"_blank\">Shift of the Ages<\/a>  su mensaje como anciano maya y nos advierte que hemos llegado a una dif\u00edcil encrucijada donde debemos cambiar la forma en la que vivimos <em>Ahora<\/em>.<\/p>\n\n\n\n<h4 class=\"wp-block-heading\">Como Es Arriba, Lo Es Abajo ~ Como Es Afuera, Lo Es Adentro!<\/h4>\n\n\n\n<p>La Madre Tierra ha estado fuera de equilibrio por mucho tiempo, mientras la humanidad ha estado viviendo separada de los ciclos de la naturaleza y su esencia espiritual. Es tiempo de volver a re-conectarnos con la Fuente y Red de la Vida, acogiendo nuestra interconexi\u00f3n con toda la existencia y recordando quienes realmente somos y para qu\u00e9 estamos aqu\u00ed. <\/p>\n\n\n\n<p>En lugar de tratar de entenderlo racionalmente y buscar pruebas externas sobre \u201cqui\u00e9n dijo qu\u00e9\u201d, podemos ver y sentir este per\u00edodo de tiempo como un momento cr\u00edtico en el cambio de conciencia donde todos estamos invitados a ser co-creadores activos de una nueva realidad para que juntos podamos crear un hermoso mundo de paz y bienestar con infinitas posibilidades para todos! <\/p>\n\n\n\n<p>Simb\u00f3licamente, el coronavirus o la enfermedad conocida como Covid-19, nos est\u00e1 dando una gran oportunidad para \u201cresetearnos\u201d como humanidad mientras el planeta pasa por su propia renovaci\u00f3n. Como el mundo se ha detenido de alguna manera, tenemos este tiempo precioso para desacelerar, enfocarnos en lo que realmente importa y hacer cambios considerables en nuestros estilos de vida, mientras nos damos cuenta de nuestro impacto en los dem\u00e1s y en el mundo. Este modo de \"pausa\" o \"capullo\" en el que estamos todos en este momento nos est\u00e1 preparando para algo m\u00e1s grande, mientras creamos juntos la \"nueva normalidad\" por venir.<\/p>\n\n\n\n<p>Barbara Marx Hubbard nos record\u00f3: \u201cnuestra evoluci\u00f3n consciente es una invitaci\u00f3n para nosotros mismos, a abrirnos a ese futuro positivo, a vernos como un solo planeta y a aprender a usar nuestros poderes sabia y \u00e9ticamente para el mejoramiento de toda vida en la Tierra\u201d. <\/p>\n\n\n\n<p>Mientras que estos tiempos ponen el \u00e9nfasis en un per\u00edodo de transformaci\u00f3n y re-nacimiento colectivo, cada uno de nosotros debe ser responsable de su propio proceso. Nos dieron el regalo de la vida y, con \u00e9l, el regalo del libre albedr\u00edo. Que todos podamos vivenciar esta transici\u00f3n de manera saludable y empoderante al tomar decisiones m\u00e1s sabias y conscientes para nuestro propio crecimiento y el bien com\u00fan de todos! <\/p>\n\n\n\n<p class=\"has-text-align-center\">******<\/p>\n\n\n\n<h4 class=\"has-text-align-center wp-block-heading\">Per\u00edodos en el Calendario Maya de la Cuenta Larga<\/h4>\n\n\n\n<div class=\"wp-block-image\"><figure class=\"aligncenter size-full is-resized\"><img loading=\"lazy\" decoding=\"async\" src=\"https:\/\/mayankin.com\/es\/wp-content\/uploads\/2019\/09\/MayanKin-Mariela-Maya-BridgingWorlds-Cuenta-Larga.jpg\" alt=\"\" class=\"wp-image-11926\" width=\"400\" height=\"260\" srcset=\"https:\/\/mayankin.com\/es\/wp-content\/uploads\/2019\/09\/MayanKin-Mariela-Maya-BridgingWorlds-Cuenta-Larga.jpg 800w, https:\/\/mayankin.com\/es\/wp-content\/uploads\/2019\/09\/MayanKin-Mariela-Maya-BridgingWorlds-Cuenta-Larga-300x195.jpg 300w, https:\/\/mayankin.com\/es\/wp-content\/uploads\/2019\/09\/MayanKin-Mariela-Maya-BridgingWorlds-Cuenta-Larga-768x498.jpg 768w, https:\/\/mayankin.com\/es\/wp-content\/uploads\/2019\/09\/MayanKin-Mariela-Maya-BridgingWorlds-Cuenta-Larga-500x324.jpg 500w, https:\/\/mayankin.com\/es\/wp-content\/uploads\/2019\/09\/MayanKin-Mariela-Maya-BridgingWorlds-Cuenta-Larga-655x425.jpg 655w\" sizes=\"auto, (max-width: 400px) 100vw, 400px\" \/><\/figure><\/div>\n","protected":false},"excerpt":{"rendered":"<p>El Amanecer de una Nueva Era Qu\u00e9 momentos tan maravillosos estamos viviendo llenos de sincronicidades y grandes oportunidades de profunda transformaci\u00f3n planetaria e individual! Adem\u00e1s de los mayas, antiguas profec\u00edas de diferentes culturas y continentes coinciden en referirse a este per\u00edodo de tiempo como el Amanecer de una Nueva Era. Expresado de distintas maneras, todos [&hellip;]<\/p>\n","protected":false},"author":4,"featured_media":0,"parent":0,"menu_order":0,"comment_status":"closed","ping_status":"closed","template":"","meta":{"_monsterinsights_skip_tracking":false,"_monsterinsights_sitenote_active":false,"_monsterinsights_sitenote_note":"","_monsterinsights_sitenote_category":0,"_genesis_hide_title":false,"_genesis_hide_breadcrumbs":false,"_genesis_hide_singular_image":false,"_genesis_hide_footer_widgets":false,"_genesis_custom_body_class":"mayan-calendars","_genesis_custom_post_class":"","_genesis_layout":"","footnotes":""},"class_list":{"0":"post-1818","1":"page","2":"type-page","3":"status-publish","5":"entry","6":"has-post-thumbnail"},"yoast_head":"<!-- This site is optimized with the Yoast SEO plugin v26.6 - https:\/\/yoast.com\/wordpress\/plugins\/seo\/ -->\n<title>Qu\u00e9 Pas\u00f3 en el 2012 y Porqu\u00e9 es Relevante Hoy? | MayanKin<\/title>\n<meta name=\"description\" content=\"De qu\u00e9 se trat\u00f3 el 2012 y porqu\u00e9 es relevante hoy? Lee este art\u00edculo acerca de las profec\u00edas y porqu\u00e9 estos tiempos se llaman el Amanecer de una Nueva Era\" \/>\n<meta name=\"robots\" content=\"index, follow, max-snippet:-1, max-image-preview:large, max-video-preview:-1\" \/>\n<link rel=\"canonical\" href=\"https:\/\/mayankin.com\/es\/2012-cambio\/\" \/>\n<meta property=\"og:locale\" content=\"es_ES\" \/>\n<meta property=\"og:type\" content=\"article\" \/>\n<meta property=\"og:title\" content=\"Qu\u00e9 Pas\u00f3 en el 2012 y Porqu\u00e9 es Relevante Hoy? | MayanKin\" \/>\n<meta property=\"og:description\" content=\"De qu\u00e9 se trat\u00f3 el 2012 y porqu\u00e9 es relevante hoy? Lee este art\u00edculo acerca de las profec\u00edas y porqu\u00e9 estos tiempos se llaman el Amanecer de una Nueva Era\" \/>\n<meta property=\"og:url\" content=\"https:\/\/mayankin.com\/es\/2012-cambio\/\" \/>\n<meta property=\"og:site_name\" content=\"MayanKin\" \/>\n<meta property=\"article:publisher\" content=\"https:\/\/www.facebook.com\/MayanKinEspanol\/\" \/>\n<meta property=\"article:modified_time\" content=\"2020-05-26T04:43:00+00:00\" \/>\n<meta property=\"og:image\" content=\"https:\/\/mayankin.com\/es\/wp-content\/uploads\/2019\/08\/MWG.jpg\" \/>\n<meta name=\"twitter:card\" content=\"summary_large_image\" \/>\n<meta name=\"twitter:site\" content=\"@mayankin\" \/>\n<meta name=\"twitter:label1\" content=\"Tiempo de lectura\" \/>\n\t<meta name=\"twitter:data1\" content=\"9 minutos\" \/>\n<script type=\"application\/ld+json\" class=\"yoast-schema-graph\">{\"@context\":\"https:\/\/schema.org\",\"@graph\":[{\"@type\":\"WebPage\",\"@id\":\"https:\/\/mayankin.com\/es\/2012-cambio\/\",\"url\":\"https:\/\/mayankin.com\/es\/2012-cambio\/\",\"name\":\"Qu\u00e9 Pas\u00f3 en el 2012 y Porqu\u00e9 es Relevante Hoy? | MayanKin\",\"isPartOf\":{\"@id\":\"https:\/\/mayankin.com\/es\/#website\"},\"primaryImageOfPage\":{\"@id\":\"https:\/\/mayankin.com\/es\/2012-cambio\/#primaryimage\"},\"image\":{\"@id\":\"https:\/\/mayankin.com\/es\/2012-cambio\/#primaryimage\"},\"thumbnailUrl\":\"https:\/\/mayankin.com\/es\/wp-content\/uploads\/2019\/08\/MWG.jpg\",\"datePublished\":\"2012-12-04T14:34:28+00:00\",\"dateModified\":\"2020-05-26T04:43:00+00:00\",\"description\":\"De qu\u00e9 se trat\u00f3 el 2012 y porqu\u00e9 es relevante hoy? Lee este art\u00edculo acerca de las profec\u00edas y porqu\u00e9 estos tiempos se llaman el Amanecer de una Nueva Era\",\"breadcrumb\":{\"@id\":\"https:\/\/mayankin.com\/es\/2012-cambio\/#breadcrumb\"},\"inLanguage\":\"es\",\"potentialAction\":[{\"@type\":\"ReadAction\",\"target\":[\"https:\/\/mayankin.com\/es\/2012-cambio\/\"]}]},{\"@type\":\"ImageObject\",\"inLanguage\":\"es\",\"@id\":\"https:\/\/mayankin.com\/es\/2012-cambio\/#primaryimage\",\"url\":\"https:\/\/mayankin.com\/es\/wp-content\/uploads\/2019\/08\/MWG.jpg\",\"contentUrl\":\"https:\/\/mayankin.com\/es\/wp-content\/uploads\/2019\/08\/MWG.jpg\",\"width\":252,\"height\":187},{\"@type\":\"BreadcrumbList\",\"@id\":\"https:\/\/mayankin.com\/es\/2012-cambio\/#breadcrumb\",\"itemListElement\":[{\"@type\":\"ListItem\",\"position\":1,\"name\":\"Portada\",\"item\":\"https:\/\/mayankin.com\/es\/\"},{\"@type\":\"ListItem\",\"position\":2,\"name\":\"2012\"}]},{\"@type\":\"WebSite\",\"@id\":\"https:\/\/mayankin.com\/es\/#website\",\"url\":\"https:\/\/mayankin.com\/es\/\",\"name\":\"MayanKin\",\"description\":\"\",\"publisher\":{\"@id\":\"https:\/\/mayankin.com\/es\/#organization\"},\"potentialAction\":[{\"@type\":\"SearchAction\",\"target\":{\"@type\":\"EntryPoint\",\"urlTemplate\":\"https:\/\/mayankin.com\/es\/?s={search_term_string}\"},\"query-input\":{\"@type\":\"PropertyValueSpecification\",\"valueRequired\":true,\"valueName\":\"search_term_string\"}}],\"inLanguage\":\"es\"},{\"@type\":\"Organization\",\"@id\":\"https:\/\/mayankin.com\/es\/#organization\",\"name\":\"MayanKin\",\"url\":\"https:\/\/mayankin.com\/es\/\",\"logo\":{\"@type\":\"ImageObject\",\"inLanguage\":\"es\",\"@id\":\"https:\/\/mayankin.com\/es\/#\/schema\/logo\/image\/\",\"url\":\"https:\/\/mayankin.com\/es\/wp-content\/uploads\/2020\/05\/MK-Logo-Redesign.png\",\"contentUrl\":\"https:\/\/mayankin.com\/es\/wp-content\/uploads\/2020\/05\/MK-Logo-Redesign.png\",\"width\":260,\"height\":105,\"caption\":\"MayanKin\"},\"image\":{\"@id\":\"https:\/\/mayankin.com\/es\/#\/schema\/logo\/image\/\"},\"sameAs\":[\"https:\/\/www.facebook.com\/MayanKinEspanol\/\",\"https:\/\/x.com\/mayankin\"]}]}<\/script>\n<!-- \/ Yoast SEO plugin. -->","yoast_head_json":{"title":"Qu\u00e9 Pas\u00f3 en el 2012 y Porqu\u00e9 es Relevante Hoy? | MayanKin","description":"De qu\u00e9 se trat\u00f3 el 2012 y porqu\u00e9 es relevante hoy? Lee este art\u00edculo acerca de las profec\u00edas y porqu\u00e9 estos tiempos se llaman el Amanecer de una Nueva Era","robots":{"index":"index","follow":"follow","max-snippet":"max-snippet:-1","max-image-preview":"max-image-preview:large","max-video-preview":"max-video-preview:-1"},"canonical":"https:\/\/mayankin.com\/es\/2012-cambio\/","og_locale":"es_ES","og_type":"article","og_title":"Qu\u00e9 Pas\u00f3 en el 2012 y Porqu\u00e9 es Relevante Hoy? | MayanKin","og_description":"De qu\u00e9 se trat\u00f3 el 2012 y porqu\u00e9 es relevante hoy? Lee este art\u00edculo acerca de las profec\u00edas y porqu\u00e9 estos tiempos se llaman el Amanecer de una Nueva Era","og_url":"https:\/\/mayankin.com\/es\/2012-cambio\/","og_site_name":"MayanKin","article_publisher":"https:\/\/www.facebook.com\/MayanKinEspanol\/","article_modified_time":"2020-05-26T04:43:00+00:00","og_image":[{"url":"https:\/\/mayankin.com\/es\/wp-content\/uploads\/2019\/08\/MWG.jpg","type":"","width":"","height":""}],"twitter_card":"summary_large_image","twitter_site":"@mayankin","twitter_misc":{"Tiempo de lectura":"9 minutos"},"schema":{"@context":"https:\/\/schema.org","@graph":[{"@type":"WebPage","@id":"https:\/\/mayankin.com\/es\/2012-cambio\/","url":"https:\/\/mayankin.com\/es\/2012-cambio\/","name":"Qu\u00e9 Pas\u00f3 en el 2012 y Porqu\u00e9 es Relevante Hoy? | MayanKin","isPartOf":{"@id":"https:\/\/mayankin.com\/es\/#website"},"primaryImageOfPage":{"@id":"https:\/\/mayankin.com\/es\/2012-cambio\/#primaryimage"},"image":{"@id":"https:\/\/mayankin.com\/es\/2012-cambio\/#primaryimage"},"thumbnailUrl":"https:\/\/mayankin.com\/es\/wp-content\/uploads\/2019\/08\/MWG.jpg","datePublished":"2012-12-04T14:34:28+00:00","dateModified":"2020-05-26T04:43:00+00:00","description":"De qu\u00e9 se trat\u00f3 el 2012 y porqu\u00e9 es relevante hoy? Lee este art\u00edculo acerca de las profec\u00edas y porqu\u00e9 estos tiempos se llaman el Amanecer de una Nueva Era","breadcrumb":{"@id":"https:\/\/mayankin.com\/es\/2012-cambio\/#breadcrumb"},"inLanguage":"es","potentialAction":[{"@type":"ReadAction","target":["https:\/\/mayankin.com\/es\/2012-cambio\/"]}]},{"@type":"ImageObject","inLanguage":"es","@id":"https:\/\/mayankin.com\/es\/2012-cambio\/#primaryimage","url":"https:\/\/mayankin.com\/es\/wp-content\/uploads\/2019\/08\/MWG.jpg","contentUrl":"https:\/\/mayankin.com\/es\/wp-content\/uploads\/2019\/08\/MWG.jpg","width":252,"height":187},{"@type":"BreadcrumbList","@id":"https:\/\/mayankin.com\/es\/2012-cambio\/#breadcrumb","itemListElement":[{"@type":"ListItem","position":1,"name":"Portada","item":"https:\/\/mayankin.com\/es\/"},{"@type":"ListItem","position":2,"name":"2012"}]},{"@type":"WebSite","@id":"https:\/\/mayankin.com\/es\/#website","url":"https:\/\/mayankin.com\/es\/","name":"MayanKin","description":"","publisher":{"@id":"https:\/\/mayankin.com\/es\/#organization"},"potentialAction":[{"@type":"SearchAction","target":{"@type":"EntryPoint","urlTemplate":"https:\/\/mayankin.com\/es\/?s={search_term_string}"},"query-input":{"@type":"PropertyValueSpecification","valueRequired":true,"valueName":"search_term_string"}}],"inLanguage":"es"},{"@type":"Organization","@id":"https:\/\/mayankin.com\/es\/#organization","name":"MayanKin","url":"https:\/\/mayankin.com\/es\/","logo":{"@type":"ImageObject","inLanguage":"es","@id":"https:\/\/mayankin.com\/es\/#\/schema\/logo\/image\/","url":"https:\/\/mayankin.com\/es\/wp-content\/uploads\/2020\/05\/MK-Logo-Redesign.png","contentUrl":"https:\/\/mayankin.com\/es\/wp-content\/uploads\/2020\/05\/MK-Logo-Redesign.png","width":260,"height":105,"caption":"MayanKin"},"image":{"@id":"https:\/\/mayankin.com\/es\/#\/schema\/logo\/image\/"},"sameAs":["https:\/\/www.facebook.com\/MayanKinEspanol\/","https:\/\/x.com\/mayankin"]}]}},"_links":{"self":[{"href":"https:\/\/mayankin.com\/es\/wp-json\/wp\/v2\/pages\/1818","targetHints":{"allow":["GET"]}}],"collection":[{"href":"https:\/\/mayankin.com\/es\/wp-json\/wp\/v2\/pages"}],"about":[{"href":"https:\/\/mayankin.com\/es\/wp-json\/wp\/v2\/types\/page"}],"author":[{"embeddable":true,"href":"https:\/\/mayankin.com\/es\/wp-json\/wp\/v2\/users\/4"}],"replies":[{"embeddable":true,"href":"https:\/\/mayankin.com\/es\/wp-json\/wp\/v2\/comments?post=1818"}],"version-history":[{"count":39,"href":"https:\/\/mayankin.com\/es\/wp-json\/wp\/v2\/pages\/1818\/revisions"}],"predecessor-version":[{"id":13786,"href":"https:\/\/mayankin.com\/es\/wp-json\/wp\/v2\/pages\/1818\/revisions\/13786"}],"wp:attachment":[{"href":"https:\/\/mayankin.com\/es\/wp-json\/wp\/v2\/media?parent=1818"}],"curies":[{"name":"wp","href":"https:\/\/api.w.org\/{rel}","templated":true}]}}