{"id":1817,"date":"2012-12-04T14:32:54","date_gmt":"2012-12-04T14:32:54","guid":{"rendered":"https:\/\/mayankin.com\/es\/?page_id=122"},"modified":"2020-05-25T21:42:15","modified_gmt":"2020-05-26T04:42:15","slug":"rueda-calendrica","status":"publish","type":"page","link":"https:\/\/mayankin.com\/es\/rueda-calendrica\/","title":{"rendered":"Rueda Cal\u00e9ndrica"},"content":{"rendered":"\n<div class=\"wp-block-image\"><figure class=\"aligncenter size-large is-resized\"><img decoding=\"async\" src=\"https:\/\/mayankin.com\/es\/wp-content\/uploads\/2019\/11\/MayanKin-Mariela-Maya-BridgingWorlds-Tzolkin-Rueda-Calendrica-F.png\" alt=\"\" class=\"wp-image-12389\" width=\"555\" srcset=\"https:\/\/mayankin.com\/es\/wp-content\/uploads\/2019\/11\/MayanKin-Mariela-Maya-BridgingWorlds-Tzolkin-Rueda-Calendrica-F.png 654w, https:\/\/mayankin.com\/es\/wp-content\/uploads\/2019\/11\/MayanKin-Mariela-Maya-BridgingWorlds-Tzolkin-Rueda-Calendrica-F-300x272.png 300w, https:\/\/mayankin.com\/es\/wp-content\/uploads\/2019\/11\/MayanKin-Mariela-Maya-BridgingWorlds-Tzolkin-Rueda-Calendrica-F-500x453.png 500w\" sizes=\"(max-width: 654px) 100vw, 654px\" \/><\/figure><\/div>\n\n\n\n<p>El Calendario Haab era uno de los 17 calendarios usados por los mayas como un calendario civil. Consist\u00eda de 365 d\u00edas divididos en 18&nbsp;meses&nbsp;de 20 d\u00edas cada uno y 5 d\u00edas adicionales llamados Uayeb.<\/p>\n\n\n\n<p>Los calendarios <a title=\"Tzolkin\" href=\"https:\/\/mayankin.com\/es\/tzolkin\">Tzolkin<\/a> y Haab combinados forman un ciclo de 52 a\u00f1os llamado Rueda Cal\u00e9ndrica, lo que significa que cada 73 ciclos de Tzolkin ambos calendarios se encuentran en el mismo d\u00eda y durante 18,980 d\u00edas las energ\u00edas diarias son diferentes. <\/p>\n\n\n\n<p>Despu\u00e9s de 52 a\u00f1os, tu Cumplea\u00f1os Gal\u00e1ctico y tu Cumplea\u00f1os gregoriano se reencuentran el mismo d\u00eda por primera vez y, a partir de tu cumplea\u00f1os 52 en adelante, todo el patr\u00f3n de energ\u00edas completo se vuelve a repetir desde tu fecha de nacimiento, brind\u00e1ndote una hermosa oportunidad de un consciente re-nacer!<\/p>\n\n\n\n<p>Desde la perspectiva del or\u00e1culo, en esta vida tendr\u00e1s un Or\u00e1culo de Nacimiento y 51 Or\u00e1culos de Tr\u00e1nsito. Ambos or\u00e1culos son exactamente iguales cuando cumples 52 a\u00f1os. Al cumplir 53 a\u00f1os, estar\u00e1s transitando las mismas energ\u00edas que cuando ten\u00edas 1 a\u00f1o. En tu 54 cumplea\u00f1os, ser\u00e1 lo mismo que cuando ten\u00edas 2 a\u00f1os, y as\u00ed sucesivamente. La segunda ronda nos ayuda a limpiar viejas heridas del pasado o restaurar lo que se ha perdido al ir creciendo.<\/p>\n\n\n\n<p>Te gustar\u00eda entender que significa todo esto para ti de maneras muy pr\u00e1cticas y c\u00f3mo puedes integrar esta informaci\u00f3n para mejorar tu vida? Agenda tu lectura de <a href=\"https:\/\/mayankin.com\/es\/product\/castillo-del-destino\/\">Castillo del Destino!<\/a><\/p>\n","protected":false},"excerpt":{"rendered":"<p>El Calendario Haab era uno de los 17 calendarios usados por los mayas como un calendario civil. Consist\u00eda de 365 d\u00edas divididos en 18&nbsp;meses&nbsp;de 20 d\u00edas cada uno y 5 d\u00edas adicionales llamados Uayeb. Los calendarios Tzolkin y Haab combinados forman un ciclo de 52 a\u00f1os llamado Rueda Cal\u00e9ndrica, lo que significa que cada 73 [&hellip;]<\/p>\n","protected":false},"author":4,"featured_media":0,"parent":0,"menu_order":0,"comment_status":"closed","ping_status":"closed","template":"","meta":{"_monsterinsights_skip_tracking":false,"_monsterinsights_sitenote_active":false,"_monsterinsights_sitenote_note":"","_monsterinsights_sitenote_category":0,"_genesis_hide_title":false,"_genesis_hide_breadcrumbs":false,"_genesis_hide_singular_image":false,"_genesis_hide_footer_widgets":false,"_genesis_custom_body_class":"mayan-calendars","_genesis_custom_post_class":"","_genesis_layout":"","footnotes":""},"class_list":{"0":"post-1817","1":"page","2":"type-page","3":"status-publish","5":"entry","6":"has-post-thumbnail"},"yoast_head":"<!-- This site is optimized with the Yoast SEO plugin v26.6 - https:\/\/yoast.com\/wordpress\/plugins\/seo\/ -->\n<title>La Rueda Calend\u00e1rica y la Importancia de Cumplir 52 A\u00f1os! | MayanKin<\/title>\n<meta name=\"description\" content=\"Est\u00e1s cerca o ya pasaste los 52 a\u00f1os? Cuequea que significa la Rueda Calend\u00e1rica y c\u00f3mo te puede ayudar a evolucionar de maneras m\u00e1s empoderantes\" \/>\n<meta name=\"robots\" content=\"index, follow, max-snippet:-1, max-image-preview:large, max-video-preview:-1\" \/>\n<link rel=\"canonical\" href=\"https:\/\/mayankin.com\/es\/rueda-calendrica\/\" \/>\n<meta property=\"og:locale\" content=\"es_ES\" \/>\n<meta property=\"og:type\" content=\"article\" \/>\n<meta property=\"og:title\" content=\"La Rueda Calend\u00e1rica y la Importancia de Cumplir 52 A\u00f1os! | MayanKin\" \/>\n<meta property=\"og:description\" content=\"Est\u00e1s cerca o ya pasaste los 52 a\u00f1os? Cuequea que significa la Rueda Calend\u00e1rica y c\u00f3mo te puede ayudar a evolucionar de maneras m\u00e1s empoderantes\" \/>\n<meta property=\"og:url\" content=\"https:\/\/mayankin.com\/es\/rueda-calendrica\/\" \/>\n<meta property=\"og:site_name\" content=\"MayanKin\" \/>\n<meta property=\"article:publisher\" content=\"https:\/\/www.facebook.com\/MayanKinEspanol\/\" \/>\n<meta property=\"article:modified_time\" content=\"2020-05-26T04:42:15+00:00\" \/>\n<meta property=\"og:image\" content=\"https:\/\/mayankin.com\/es\/wp-content\/uploads\/2019\/11\/MayanKin-Mariela-Maya-BridgingWorlds-Tzolkin-Rueda-Calendrica-F.png\" \/>\n<meta name=\"twitter:card\" content=\"summary_large_image\" \/>\n<meta name=\"twitter:site\" content=\"@mayankin\" \/>\n<meta name=\"twitter:label1\" content=\"Tiempo de lectura\" \/>\n\t<meta name=\"twitter:data1\" content=\"1 minuto\" \/>\n<script type=\"application\/ld+json\" class=\"yoast-schema-graph\">{\"@context\":\"https:\/\/schema.org\",\"@graph\":[{\"@type\":\"WebPage\",\"@id\":\"https:\/\/mayankin.com\/es\/rueda-calendrica\/\",\"url\":\"https:\/\/mayankin.com\/es\/rueda-calendrica\/\",\"name\":\"La Rueda Calend\u00e1rica y la Importancia de Cumplir 52 A\u00f1os! | MayanKin\",\"isPartOf\":{\"@id\":\"https:\/\/mayankin.com\/es\/#website\"},\"primaryImageOfPage\":{\"@id\":\"https:\/\/mayankin.com\/es\/rueda-calendrica\/#primaryimage\"},\"image\":{\"@id\":\"https:\/\/mayankin.com\/es\/rueda-calendrica\/#primaryimage\"},\"thumbnailUrl\":\"https:\/\/mayankin.com\/es\/wp-content\/uploads\/2019\/11\/MayanKin-Mariela-Maya-BridgingWorlds-Tzolkin-Rueda-Calendrica-F.png\",\"datePublished\":\"2012-12-04T14:32:54+00:00\",\"dateModified\":\"2020-05-26T04:42:15+00:00\",\"description\":\"Est\u00e1s cerca o ya pasaste los 52 a\u00f1os? Cuequea que significa la Rueda Calend\u00e1rica y c\u00f3mo te puede ayudar a evolucionar de maneras m\u00e1s empoderantes\",\"breadcrumb\":{\"@id\":\"https:\/\/mayankin.com\/es\/rueda-calendrica\/#breadcrumb\"},\"inLanguage\":\"es\",\"potentialAction\":[{\"@type\":\"ReadAction\",\"target\":[\"https:\/\/mayankin.com\/es\/rueda-calendrica\/\"]}]},{\"@type\":\"ImageObject\",\"inLanguage\":\"es\",\"@id\":\"https:\/\/mayankin.com\/es\/rueda-calendrica\/#primaryimage\",\"url\":\"https:\/\/mayankin.com\/es\/wp-content\/uploads\/2019\/11\/MayanKin-Mariela-Maya-BridgingWorlds-Tzolkin-Rueda-Calendrica-F.png\",\"contentUrl\":\"https:\/\/mayankin.com\/es\/wp-content\/uploads\/2019\/11\/MayanKin-Mariela-Maya-BridgingWorlds-Tzolkin-Rueda-Calendrica-F.png\",\"width\":654,\"height\":593},{\"@type\":\"BreadcrumbList\",\"@id\":\"https:\/\/mayankin.com\/es\/rueda-calendrica\/#breadcrumb\",\"itemListElement\":[{\"@type\":\"ListItem\",\"position\":1,\"name\":\"Portada\",\"item\":\"https:\/\/mayankin.com\/es\/\"},{\"@type\":\"ListItem\",\"position\":2,\"name\":\"Rueda Cal\u00e9ndrica\"}]},{\"@type\":\"WebSite\",\"@id\":\"https:\/\/mayankin.com\/es\/#website\",\"url\":\"https:\/\/mayankin.com\/es\/\",\"name\":\"MayanKin\",\"description\":\"\",\"publisher\":{\"@id\":\"https:\/\/mayankin.com\/es\/#organization\"},\"potentialAction\":[{\"@type\":\"SearchAction\",\"target\":{\"@type\":\"EntryPoint\",\"urlTemplate\":\"https:\/\/mayankin.com\/es\/?s={search_term_string}\"},\"query-input\":{\"@type\":\"PropertyValueSpecification\",\"valueRequired\":true,\"valueName\":\"search_term_string\"}}],\"inLanguage\":\"es\"},{\"@type\":\"Organization\",\"@id\":\"https:\/\/mayankin.com\/es\/#organization\",\"name\":\"MayanKin\",\"url\":\"https:\/\/mayankin.com\/es\/\",\"logo\":{\"@type\":\"ImageObject\",\"inLanguage\":\"es\",\"@id\":\"https:\/\/mayankin.com\/es\/#\/schema\/logo\/image\/\",\"url\":\"https:\/\/mayankin.com\/es\/wp-content\/uploads\/2020\/05\/MK-Logo-Redesign.png\",\"contentUrl\":\"https:\/\/mayankin.com\/es\/wp-content\/uploads\/2020\/05\/MK-Logo-Redesign.png\",\"width\":260,\"height\":105,\"caption\":\"MayanKin\"},\"image\":{\"@id\":\"https:\/\/mayankin.com\/es\/#\/schema\/logo\/image\/\"},\"sameAs\":[\"https:\/\/www.facebook.com\/MayanKinEspanol\/\",\"https:\/\/x.com\/mayankin\"]}]}<\/script>\n<!-- \/ Yoast SEO plugin. -->","yoast_head_json":{"title":"La Rueda Calend\u00e1rica y la Importancia de Cumplir 52 A\u00f1os! | MayanKin","description":"Est\u00e1s cerca o ya pasaste los 52 a\u00f1os? Cuequea que significa la Rueda Calend\u00e1rica y c\u00f3mo te puede ayudar a evolucionar de maneras m\u00e1s empoderantes","robots":{"index":"index","follow":"follow","max-snippet":"max-snippet:-1","max-image-preview":"max-image-preview:large","max-video-preview":"max-video-preview:-1"},"canonical":"https:\/\/mayankin.com\/es\/rueda-calendrica\/","og_locale":"es_ES","og_type":"article","og_title":"La Rueda Calend\u00e1rica y la Importancia de Cumplir 52 A\u00f1os! | MayanKin","og_description":"Est\u00e1s cerca o ya pasaste los 52 a\u00f1os? Cuequea que significa la Rueda Calend\u00e1rica y c\u00f3mo te puede ayudar a evolucionar de maneras m\u00e1s empoderantes","og_url":"https:\/\/mayankin.com\/es\/rueda-calendrica\/","og_site_name":"MayanKin","article_publisher":"https:\/\/www.facebook.com\/MayanKinEspanol\/","article_modified_time":"2020-05-26T04:42:15+00:00","og_image":[{"url":"https:\/\/mayankin.com\/es\/wp-content\/uploads\/2019\/11\/MayanKin-Mariela-Maya-BridgingWorlds-Tzolkin-Rueda-Calendrica-F.png","type":"","width":"","height":""}],"twitter_card":"summary_large_image","twitter_site":"@mayankin","twitter_misc":{"Tiempo de lectura":"1 minuto"},"schema":{"@context":"https:\/\/schema.org","@graph":[{"@type":"WebPage","@id":"https:\/\/mayankin.com\/es\/rueda-calendrica\/","url":"https:\/\/mayankin.com\/es\/rueda-calendrica\/","name":"La Rueda Calend\u00e1rica y la Importancia de Cumplir 52 A\u00f1os! | MayanKin","isPartOf":{"@id":"https:\/\/mayankin.com\/es\/#website"},"primaryImageOfPage":{"@id":"https:\/\/mayankin.com\/es\/rueda-calendrica\/#primaryimage"},"image":{"@id":"https:\/\/mayankin.com\/es\/rueda-calendrica\/#primaryimage"},"thumbnailUrl":"https:\/\/mayankin.com\/es\/wp-content\/uploads\/2019\/11\/MayanKin-Mariela-Maya-BridgingWorlds-Tzolkin-Rueda-Calendrica-F.png","datePublished":"2012-12-04T14:32:54+00:00","dateModified":"2020-05-26T04:42:15+00:00","description":"Est\u00e1s cerca o ya pasaste los 52 a\u00f1os? Cuequea que significa la Rueda Calend\u00e1rica y c\u00f3mo te puede ayudar a evolucionar de maneras m\u00e1s empoderantes","breadcrumb":{"@id":"https:\/\/mayankin.com\/es\/rueda-calendrica\/#breadcrumb"},"inLanguage":"es","potentialAction":[{"@type":"ReadAction","target":["https:\/\/mayankin.com\/es\/rueda-calendrica\/"]}]},{"@type":"ImageObject","inLanguage":"es","@id":"https:\/\/mayankin.com\/es\/rueda-calendrica\/#primaryimage","url":"https:\/\/mayankin.com\/es\/wp-content\/uploads\/2019\/11\/MayanKin-Mariela-Maya-BridgingWorlds-Tzolkin-Rueda-Calendrica-F.png","contentUrl":"https:\/\/mayankin.com\/es\/wp-content\/uploads\/2019\/11\/MayanKin-Mariela-Maya-BridgingWorlds-Tzolkin-Rueda-Calendrica-F.png","width":654,"height":593},{"@type":"BreadcrumbList","@id":"https:\/\/mayankin.com\/es\/rueda-calendrica\/#breadcrumb","itemListElement":[{"@type":"ListItem","position":1,"name":"Portada","item":"https:\/\/mayankin.com\/es\/"},{"@type":"ListItem","position":2,"name":"Rueda Cal\u00e9ndrica"}]},{"@type":"WebSite","@id":"https:\/\/mayankin.com\/es\/#website","url":"https:\/\/mayankin.com\/es\/","name":"MayanKin","description":"","publisher":{"@id":"https:\/\/mayankin.com\/es\/#organization"},"potentialAction":[{"@type":"SearchAction","target":{"@type":"EntryPoint","urlTemplate":"https:\/\/mayankin.com\/es\/?s={search_term_string}"},"query-input":{"@type":"PropertyValueSpecification","valueRequired":true,"valueName":"search_term_string"}}],"inLanguage":"es"},{"@type":"Organization","@id":"https:\/\/mayankin.com\/es\/#organization","name":"MayanKin","url":"https:\/\/mayankin.com\/es\/","logo":{"@type":"ImageObject","inLanguage":"es","@id":"https:\/\/mayankin.com\/es\/#\/schema\/logo\/image\/","url":"https:\/\/mayankin.com\/es\/wp-content\/uploads\/2020\/05\/MK-Logo-Redesign.png","contentUrl":"https:\/\/mayankin.com\/es\/wp-content\/uploads\/2020\/05\/MK-Logo-Redesign.png","width":260,"height":105,"caption":"MayanKin"},"image":{"@id":"https:\/\/mayankin.com\/es\/#\/schema\/logo\/image\/"},"sameAs":["https:\/\/www.facebook.com\/MayanKinEspanol\/","https:\/\/x.com\/mayankin"]}]}},"_links":{"self":[{"href":"https:\/\/mayankin.com\/es\/wp-json\/wp\/v2\/pages\/1817","targetHints":{"allow":["GET"]}}],"collection":[{"href":"https:\/\/mayankin.com\/es\/wp-json\/wp\/v2\/pages"}],"about":[{"href":"https:\/\/mayankin.com\/es\/wp-json\/wp\/v2\/types\/page"}],"author":[{"embeddable":true,"href":"https:\/\/mayankin.com\/es\/wp-json\/wp\/v2\/users\/4"}],"replies":[{"embeddable":true,"href":"https:\/\/mayankin.com\/es\/wp-json\/wp\/v2\/comments?post=1817"}],"version-history":[{"count":11,"href":"https:\/\/mayankin.com\/es\/wp-json\/wp\/v2\/pages\/1817\/revisions"}],"predecessor-version":[{"id":12390,"href":"https:\/\/mayankin.com\/es\/wp-json\/wp\/v2\/pages\/1817\/revisions\/12390"}],"wp:attachment":[{"href":"https:\/\/mayankin.com\/es\/wp-json\/wp\/v2\/media?parent=1817"}],"curies":[{"name":"wp","href":"https:\/\/api.w.org\/{rel}","templated":true}]}}