{"id":1816,"date":"2012-12-04T14:31:30","date_gmt":"2012-12-04T14:31:30","guid":{"rendered":"https:\/\/mayankin.com\/es\/?page_id=118"},"modified":"2020-05-25T21:40:54","modified_gmt":"2020-05-26T04:40:54","slug":"calendario-13-lunas","status":"publish","type":"page","link":"https:\/\/mayankin.com\/es\/calendario-13-lunas\/","title":{"rendered":"Calendario de las 13 Lunas"},"content":{"rendered":"\n<h4 class=\"wp-block-heading\">Calendarios<\/h4>\n\n\n\n<p>La palabra calendario proviene del Lat\u00edn \u201ccalendarium\u201d, nombre dado a los libros utilizados para hacer el seguimiento de pagos y registro del tiempo. El primer d\u00eda de cada mes fue llamado por los romanos kalendae o calends, d\u00eda en el cual venc\u00edan las deudas. Actualmente, existen varios calendarios utilizados en todo el mundo, siendo el calendario gregoriano el m\u00e1s usado entre ellos. <\/p>\n\n\n\n<p>Todos los calendarios se refieren a un ciclo, y la forma de dividir los ciclos en s\u00ed difiere. <\/p>\n\n\n\n<h4 class=\"wp-block-heading\">Calendario Gregoriano<\/h4>\n\n\n\n<p>El calendario gregoriano es un calendario solar de 365 d\u00edas divididos en 12 meses irregulares de 30 y 31 d\u00edas cada uno y febrero con 28 o 29 d\u00edas (en relaci\u00f3n al a\u00f1o bisiesto cada cuatro a\u00f1os, excluyendo siglos que no se pueden dividir por 4).<\/p>\n\n\n\n<p>Este calendario fue modificado por el Papa Gregorio XIII en 1582 como una reforma al calendario anterior, el juliano. Al agregarse el mes de julio (por Julio C\u00e9sar) y agosto (Augusto C\u00e9sar), la secuencia de los nombres perdi\u00f3 su significado.<\/p>\n\n\n\n<p>Sab\u00edas que Septiembre proviene de <em>septem<\/em>, lo cual significa siete en Lat\u00edn, y se refiere a nuestro 9no mes? Lo mismo ocurre con Octubre de <em>octo<\/em> (ocho), nuestro 10mo mes; Noviembre de <em>novem<\/em> (nueve), nuestro 11mo mes, y Diciembre, de <em>decem<\/em> (diez), nuestro 12mo mes\u2026 Interesante, verdad?<\/p>\n\n\n\n<p>Aunque damos por sentado este calendario como una forma de regular y organizar nuestra sociedad, en realidad no tiene ninguna correlaci\u00f3n con los ciclos de la naturaleza e incluso los nombres est\u00e1n equivocados.<\/p>\n\n\n\n<h4 class=\"wp-block-heading\">Calendario de las 13 Lunas<\/h4>\n\n\n\n<p>Un A\u00f1o equivale a 365 d\u00edas, el tiempo que tarda la Tierra en dar una vuelta alrededor del sol.<\/p>\n\n\n\n<p>El ciclo de la luna en \u00f3rbita alrededor de la Tierra es de 28 d\u00edas, promedio entre el ciclo sin\u00f3dico (29.5 d\u00edas entre luna nueva y luna nueva) y el ciclo sideral (27.1 d\u00edas hasta que la luna vuelve a aparecer en el mismo lugar en el cielo). 28 d\u00edas tambi\u00e9n se refiere al ciclo biol\u00f3gico femenino.<\/p>\n\n\n\n<p>Al dividir un ciclo anual en ciclos lunares, obtenemos: 365 d\u00edas \/ 28 d\u00edas = 13 lunas + 1 d\u00eda<\/p>\n\n\n\n<p>En otras palabras, el Calendario de las 13 Lunas se basa en 13 lunas de 28 d\u00edas parejos por ciclo solar + 1 d\u00eda de transici\u00f3n (13\u00d728 = 364 +1). Los 28 d\u00edas por luna se dividen en 4 semanas de 7 d\u00edas cada una, dando 52 semanas iguales por a\u00f1o.<\/p>\n\n\n\n<p>Los calendarios lunares han sido utilizados en la antig\u00fcedad por diferentes culturas y en varias modalidades. En su versi\u00f3n moderna, seg\u00fan lo concebido por el Dr. Jos\u00e9 Arg\u00fcelles, al Calendario de las 13 Lunas se lo conoce como un sincron\u00f3metro para rastrear la sincronicidad y cada luna tiene el nombre y las caracter\u00edsticas de los 13 Tonos Lunares del Tzolkin.<\/p>\n\n\n\n<h4 class=\"wp-block-heading\">Comienzo del A\u00f1o \u2013 26 de Julio<\/h4>\n\n\n\n<p>Todos los a\u00f1os, nuestro Sol sale en el horizonte conjuntamente con la estrella m\u00e1s brillante, Sirio, el 26 de julio. Este es el d\u00eda en que comienza el Calendario de las 13 Lunas. Se cree que en este d\u00eda nuestro planeta recibe luz intensa y energ\u00eda c\u00f3smica que acelera nuestra evoluci\u00f3n.<\/p>\n\n\n\n<p>El Calendario de las 13 Lunas va desde el 26 de julio hasta el 24 de julio de cada a\u00f1o y, al sincronizar con el Tzolkin, la energ\u00eda para ese a\u00f1o en particular se refiere al Kin que cae el 26 de julio.<\/p>\n\n\n\n<h4 class=\"wp-block-heading\">D\u00eda Fuera del Tiempo \u2013 25 de Julio<\/h4>\n\n\n\n<p>El 25 de julio se conoce como el D\u00eda Fuera del Tiempo, representando un d\u00eda de transici\u00f3n entre el viejo y el nuevo a\u00f1o.<\/p>\n\n\n\n<p>Es tambi\u00e9n conocido como el D\u00eda Verde, D\u00eda del Perd\u00f3n Universal y D\u00eda de Purificaci\u00f3n. Desde 1992, este d\u00eda se celebra cada a\u00f1o como la \u201cPaz Planetaria a trav\u00e9s de la Cultura\u201d, dedicado a ceremonias, expresiones art\u00edsticas y creatividad. Personas se re\u00fanen en todo el mundo para disfrutar de actividades al aire libre, escuchar m\u00fasica y solo compartir un d\u00eda especial.<\/p>\n\n\n\n<p>Como el 25 de julio no pertenece a ninguna luna o semana en el Calendario de las 13 Lunas, este d\u00eda es una real oportunidad para vivenciar la atemporalidad y libertad. Estamos invitados a reflexionar, meditar, practicar el perd\u00f3n y prepararnos para que comience el nuevo ciclo.<\/p>\n\n\n\n<h4 class=\"wp-block-heading\">A\u00f1os Bisiestos<\/h4>\n\n\n\n<p>La duraci\u00f3n real de un a\u00f1o solar es de alrededor de 365.25 d\u00edas. Para sincronizarlo con los ciclos astron\u00f3micos y estacionales, el calendario gregoriano agrega un d\u00eda adicional cada 4 a\u00f1os, lo que significa que cada 4 a\u00f1os la duraci\u00f3n del a\u00f1o es 366 d\u00edas en lugar de 365. Este d\u00eda adicional se a\u00f1ade el 29 de febrero y el a\u00f1o de 366 d\u00edas se llama a\u00f1o bisiesto. Esta norma excluye siglos que no se pueden dividir por 4.<\/p>\n\n\n\n<p>El Calendario de las 13 Lunas no reconoce el 29 de febrero como un d\u00eda adicional. Dentro de las 13 Lunas, el d\u00eda adicional se denomina 0.0.Hunab Ku, el cual se repite cada 4 a\u00f1os entre los d\u00edas 22 y el 23 de la Luna Gal\u00e1ctica y puede ser considerado como otro d\u00eda fuera del tiempo.<\/p>\n\n\n\n<p>La energ\u00eda de Tzolkin para el 29 de febrero es siempre el Kin del d\u00eda anterior (28 de febrero) hasta el mediod\u00eda, y el Kin del d\u00eda siguiente (1 de marzo) despu\u00e9s del mediod\u00eda.<\/p>\n\n\n\n<h4 class=\"wp-block-heading\">Dr. Jos\u00e9 Arguelles (1939-2011)<\/h4>\n\n\n\n<div class=\"wp-block-image\"><figure class=\"alignleft\"><img loading=\"lazy\" decoding=\"async\" width=\"164\" height=\"224\" src=\"https:\/\/mayankin.com\/es\/wp-content\/uploads\/2019\/08\/JA.png\" alt=\"\" class=\"wp-image-11474\"\/><\/figure><\/div>\n\n\n\n<p>El Dr. Jos\u00e9 Arg\u00fcelles, fundador de la Red Arte Planetaria y la Fundaci\u00f3n para la Ley del Tiempo, identific\u00f3 dos frecuencias de tiempo: <\/p>\n\n\n\n<p>12:60 el \"tiempo mecanizado\u201d, donde \u201cEl Tiempo es Dinero\u201d, y 13:20 el \"tiempo natural\u201d, donde \u201cEl Tiempo es Arte\u201d.<\/p>\n\n\n\n<p>Mientras la frecuencia 12:60 se basa en un tiempo artificial, irregular e il\u00f3gico de los 12 meses del calendario gregoriano en combinaci\u00f3n con la hora mec\u00e1nica de 60 minutos, la frecuencia 13:20 es un calendario basado en ciclos naturales convirti\u00e9ndose en un instrumento de sincronizaci\u00f3n.<\/p>\n\n\n\n<p class=\"has-text-align-center\"><em>\u201cAs\u00ed como el aire es la atm\u00f3sfera del cuerpo,&nbsp;el tiempo es la atm\u00f3sfera de la mente; Si el tiempo en que vivimos consiste de meses irregulares y d\u00edas desiguales regulados por minutos y horas mecanizadas, en eso se convierte nuestra mente: una irregularidad mecanizada. Como todo se desprende de la mente, no es de extra\u00f1ar que la atm\u00f3sfera en la que vivimos a diario se contamine m\u00e1s, y la mayor queja es: \"No tengo suficiente tiempo!\" <\/em>~ Arg\u00fcelles <\/p>\n\n\n\n<p>Para mayor informaci\u00f3n acerca del Calendario de las 13 Lunas, visita <a rel=\"noreferrer noopener\" href=\"http:\/\/www.lawoftime.org\" target=\"_blank\">www.lawoftime.org<\/a>. Puedes obtener el calendario en ingl\u00e9s <a rel=\"noreferrer noopener\" href=\"https:\/\/lawoftime.org\/product-category\/13-moon-calendars\/\" target=\"_blank\">aqu\u00ed<\/a> &nbsp;y bajarlo de forma gratuita en su <a rel=\"noreferrer noopener\" href=\"http:\/\/www.lawoftime.org\/thirteenmoon\/freecal.html\" target=\"_blank\">p\u00e1gina<\/a>.<\/p>\n","protected":false},"excerpt":{"rendered":"<p>Calendarios La palabra calendario proviene del Lat\u00edn \u201ccalendarium\u201d, nombre dado a los libros utilizados para hacer el seguimiento de pagos y registro del tiempo. El primer d\u00eda de cada mes fue llamado por los romanos kalendae o calends, d\u00eda en el cual venc\u00edan las deudas. Actualmente, existen varios calendarios utilizados en todo el mundo, siendo [&hellip;]<\/p>\n","protected":false},"author":4,"featured_media":0,"parent":0,"menu_order":0,"comment_status":"closed","ping_status":"closed","template":"","meta":{"_monsterinsights_skip_tracking":false,"_monsterinsights_sitenote_active":false,"_monsterinsights_sitenote_note":"","_monsterinsights_sitenote_category":0,"_genesis_hide_title":false,"_genesis_hide_breadcrumbs":false,"_genesis_hide_singular_image":false,"_genesis_hide_footer_widgets":false,"_genesis_custom_body_class":"mayan-calendars","_genesis_custom_post_class":"","_genesis_layout":"","footnotes":""},"class_list":{"0":"post-1816","1":"page","2":"type-page","3":"status-publish","5":"entry","6":"has-post-thumbnail"},"yoast_head":"<!-- This site is optimized with the Yoast SEO plugin v26.6 - https:\/\/yoast.com\/wordpress\/plugins\/seo\/ -->\n<title>Calendario de las 13 Lunas Sincron\u00f3metro \u2013 Tiempo es Arte | MayanKin<\/title>\n<meta name=\"description\" content=\"Chequea esta breve introducci\u00f3n para aprender acerca del Calendario de las 13 Lunas, porqu\u00e9 el 25 de julio es el D\u00eda Fuera del Tiempo y Dr. Jos\u00e9 Arguelles\" \/>\n<meta name=\"robots\" content=\"index, follow, max-snippet:-1, max-image-preview:large, max-video-preview:-1\" \/>\n<link rel=\"canonical\" href=\"https:\/\/mayankin.com\/es\/calendario-13-lunas\/\" \/>\n<meta property=\"og:locale\" content=\"es_ES\" \/>\n<meta property=\"og:type\" content=\"article\" \/>\n<meta property=\"og:title\" content=\"Calendario de las 13 Lunas Sincron\u00f3metro \u2013 Tiempo es Arte | MayanKin\" \/>\n<meta property=\"og:description\" content=\"Chequea esta breve introducci\u00f3n para aprender acerca del Calendario de las 13 Lunas, porqu\u00e9 el 25 de julio es el D\u00eda Fuera del Tiempo y Dr. Jos\u00e9 Arguelles\" \/>\n<meta property=\"og:url\" content=\"https:\/\/mayankin.com\/es\/calendario-13-lunas\/\" \/>\n<meta property=\"og:site_name\" content=\"MayanKin\" \/>\n<meta property=\"article:publisher\" content=\"https:\/\/www.facebook.com\/MayanKinEspanol\/\" \/>\n<meta property=\"article:modified_time\" content=\"2020-05-26T04:40:54+00:00\" \/>\n<meta property=\"og:image\" content=\"https:\/\/mayankin.com\/es\/wp-content\/uploads\/2019\/08\/JA.png\" \/>\n<meta name=\"twitter:card\" content=\"summary_large_image\" \/>\n<meta name=\"twitter:site\" content=\"@mayankin\" \/>\n<meta name=\"twitter:label1\" content=\"Tiempo de lectura\" \/>\n\t<meta name=\"twitter:data1\" content=\"6 minutos\" \/>\n<script type=\"application\/ld+json\" class=\"yoast-schema-graph\">{\"@context\":\"https:\/\/schema.org\",\"@graph\":[{\"@type\":\"WebPage\",\"@id\":\"https:\/\/mayankin.com\/es\/calendario-13-lunas\/\",\"url\":\"https:\/\/mayankin.com\/es\/calendario-13-lunas\/\",\"name\":\"Calendario de las 13 Lunas Sincron\u00f3metro \u2013 Tiempo es Arte | MayanKin\",\"isPartOf\":{\"@id\":\"https:\/\/mayankin.com\/es\/#website\"},\"primaryImageOfPage\":{\"@id\":\"https:\/\/mayankin.com\/es\/calendario-13-lunas\/#primaryimage\"},\"image\":{\"@id\":\"https:\/\/mayankin.com\/es\/calendario-13-lunas\/#primaryimage\"},\"thumbnailUrl\":\"https:\/\/mayankin.com\/es\/wp-content\/uploads\/2019\/08\/JA.png\",\"datePublished\":\"2012-12-04T14:31:30+00:00\",\"dateModified\":\"2020-05-26T04:40:54+00:00\",\"description\":\"Chequea esta breve introducci\u00f3n para aprender acerca del Calendario de las 13 Lunas, porqu\u00e9 el 25 de julio es el D\u00eda Fuera del Tiempo y Dr. Jos\u00e9 Arguelles\",\"breadcrumb\":{\"@id\":\"https:\/\/mayankin.com\/es\/calendario-13-lunas\/#breadcrumb\"},\"inLanguage\":\"es\",\"potentialAction\":[{\"@type\":\"ReadAction\",\"target\":[\"https:\/\/mayankin.com\/es\/calendario-13-lunas\/\"]}]},{\"@type\":\"ImageObject\",\"inLanguage\":\"es\",\"@id\":\"https:\/\/mayankin.com\/es\/calendario-13-lunas\/#primaryimage\",\"url\":\"https:\/\/mayankin.com\/es\/wp-content\/uploads\/2019\/08\/JA.png\",\"contentUrl\":\"https:\/\/mayankin.com\/es\/wp-content\/uploads\/2019\/08\/JA.png\",\"width\":164,\"height\":224},{\"@type\":\"BreadcrumbList\",\"@id\":\"https:\/\/mayankin.com\/es\/calendario-13-lunas\/#breadcrumb\",\"itemListElement\":[{\"@type\":\"ListItem\",\"position\":1,\"name\":\"Portada\",\"item\":\"https:\/\/mayankin.com\/es\/\"},{\"@type\":\"ListItem\",\"position\":2,\"name\":\"Calendario de las 13 Lunas\"}]},{\"@type\":\"WebSite\",\"@id\":\"https:\/\/mayankin.com\/es\/#website\",\"url\":\"https:\/\/mayankin.com\/es\/\",\"name\":\"MayanKin\",\"description\":\"\",\"publisher\":{\"@id\":\"https:\/\/mayankin.com\/es\/#organization\"},\"potentialAction\":[{\"@type\":\"SearchAction\",\"target\":{\"@type\":\"EntryPoint\",\"urlTemplate\":\"https:\/\/mayankin.com\/es\/?s={search_term_string}\"},\"query-input\":{\"@type\":\"PropertyValueSpecification\",\"valueRequired\":true,\"valueName\":\"search_term_string\"}}],\"inLanguage\":\"es\"},{\"@type\":\"Organization\",\"@id\":\"https:\/\/mayankin.com\/es\/#organization\",\"name\":\"MayanKin\",\"url\":\"https:\/\/mayankin.com\/es\/\",\"logo\":{\"@type\":\"ImageObject\",\"inLanguage\":\"es\",\"@id\":\"https:\/\/mayankin.com\/es\/#\/schema\/logo\/image\/\",\"url\":\"https:\/\/mayankin.com\/es\/wp-content\/uploads\/2020\/05\/MK-Logo-Redesign.png\",\"contentUrl\":\"https:\/\/mayankin.com\/es\/wp-content\/uploads\/2020\/05\/MK-Logo-Redesign.png\",\"width\":260,\"height\":105,\"caption\":\"MayanKin\"},\"image\":{\"@id\":\"https:\/\/mayankin.com\/es\/#\/schema\/logo\/image\/\"},\"sameAs\":[\"https:\/\/www.facebook.com\/MayanKinEspanol\/\",\"https:\/\/x.com\/mayankin\"]}]}<\/script>\n<!-- \/ Yoast SEO plugin. -->","yoast_head_json":{"title":"Calendario de las 13 Lunas Sincron\u00f3metro \u2013 Tiempo es Arte | MayanKin","description":"Chequea esta breve introducci\u00f3n para aprender acerca del Calendario de las 13 Lunas, porqu\u00e9 el 25 de julio es el D\u00eda Fuera del Tiempo y Dr. Jos\u00e9 Arguelles","robots":{"index":"index","follow":"follow","max-snippet":"max-snippet:-1","max-image-preview":"max-image-preview:large","max-video-preview":"max-video-preview:-1"},"canonical":"https:\/\/mayankin.com\/es\/calendario-13-lunas\/","og_locale":"es_ES","og_type":"article","og_title":"Calendario de las 13 Lunas Sincron\u00f3metro \u2013 Tiempo es Arte | MayanKin","og_description":"Chequea esta breve introducci\u00f3n para aprender acerca del Calendario de las 13 Lunas, porqu\u00e9 el 25 de julio es el D\u00eda Fuera del Tiempo y Dr. Jos\u00e9 Arguelles","og_url":"https:\/\/mayankin.com\/es\/calendario-13-lunas\/","og_site_name":"MayanKin","article_publisher":"https:\/\/www.facebook.com\/MayanKinEspanol\/","article_modified_time":"2020-05-26T04:40:54+00:00","og_image":[{"url":"https:\/\/mayankin.com\/es\/wp-content\/uploads\/2019\/08\/JA.png","type":"","width":"","height":""}],"twitter_card":"summary_large_image","twitter_site":"@mayankin","twitter_misc":{"Tiempo de lectura":"6 minutos"},"schema":{"@context":"https:\/\/schema.org","@graph":[{"@type":"WebPage","@id":"https:\/\/mayankin.com\/es\/calendario-13-lunas\/","url":"https:\/\/mayankin.com\/es\/calendario-13-lunas\/","name":"Calendario de las 13 Lunas Sincron\u00f3metro \u2013 Tiempo es Arte | MayanKin","isPartOf":{"@id":"https:\/\/mayankin.com\/es\/#website"},"primaryImageOfPage":{"@id":"https:\/\/mayankin.com\/es\/calendario-13-lunas\/#primaryimage"},"image":{"@id":"https:\/\/mayankin.com\/es\/calendario-13-lunas\/#primaryimage"},"thumbnailUrl":"https:\/\/mayankin.com\/es\/wp-content\/uploads\/2019\/08\/JA.png","datePublished":"2012-12-04T14:31:30+00:00","dateModified":"2020-05-26T04:40:54+00:00","description":"Chequea esta breve introducci\u00f3n para aprender acerca del Calendario de las 13 Lunas, porqu\u00e9 el 25 de julio es el D\u00eda Fuera del Tiempo y Dr. Jos\u00e9 Arguelles","breadcrumb":{"@id":"https:\/\/mayankin.com\/es\/calendario-13-lunas\/#breadcrumb"},"inLanguage":"es","potentialAction":[{"@type":"ReadAction","target":["https:\/\/mayankin.com\/es\/calendario-13-lunas\/"]}]},{"@type":"ImageObject","inLanguage":"es","@id":"https:\/\/mayankin.com\/es\/calendario-13-lunas\/#primaryimage","url":"https:\/\/mayankin.com\/es\/wp-content\/uploads\/2019\/08\/JA.png","contentUrl":"https:\/\/mayankin.com\/es\/wp-content\/uploads\/2019\/08\/JA.png","width":164,"height":224},{"@type":"BreadcrumbList","@id":"https:\/\/mayankin.com\/es\/calendario-13-lunas\/#breadcrumb","itemListElement":[{"@type":"ListItem","position":1,"name":"Portada","item":"https:\/\/mayankin.com\/es\/"},{"@type":"ListItem","position":2,"name":"Calendario de las 13 Lunas"}]},{"@type":"WebSite","@id":"https:\/\/mayankin.com\/es\/#website","url":"https:\/\/mayankin.com\/es\/","name":"MayanKin","description":"","publisher":{"@id":"https:\/\/mayankin.com\/es\/#organization"},"potentialAction":[{"@type":"SearchAction","target":{"@type":"EntryPoint","urlTemplate":"https:\/\/mayankin.com\/es\/?s={search_term_string}"},"query-input":{"@type":"PropertyValueSpecification","valueRequired":true,"valueName":"search_term_string"}}],"inLanguage":"es"},{"@type":"Organization","@id":"https:\/\/mayankin.com\/es\/#organization","name":"MayanKin","url":"https:\/\/mayankin.com\/es\/","logo":{"@type":"ImageObject","inLanguage":"es","@id":"https:\/\/mayankin.com\/es\/#\/schema\/logo\/image\/","url":"https:\/\/mayankin.com\/es\/wp-content\/uploads\/2020\/05\/MK-Logo-Redesign.png","contentUrl":"https:\/\/mayankin.com\/es\/wp-content\/uploads\/2020\/05\/MK-Logo-Redesign.png","width":260,"height":105,"caption":"MayanKin"},"image":{"@id":"https:\/\/mayankin.com\/es\/#\/schema\/logo\/image\/"},"sameAs":["https:\/\/www.facebook.com\/MayanKinEspanol\/","https:\/\/x.com\/mayankin"]}]}},"_links":{"self":[{"href":"https:\/\/mayankin.com\/es\/wp-json\/wp\/v2\/pages\/1816","targetHints":{"allow":["GET"]}}],"collection":[{"href":"https:\/\/mayankin.com\/es\/wp-json\/wp\/v2\/pages"}],"about":[{"href":"https:\/\/mayankin.com\/es\/wp-json\/wp\/v2\/types\/page"}],"author":[{"embeddable":true,"href":"https:\/\/mayankin.com\/es\/wp-json\/wp\/v2\/users\/4"}],"replies":[{"embeddable":true,"href":"https:\/\/mayankin.com\/es\/wp-json\/wp\/v2\/comments?post=1816"}],"version-history":[{"count":24,"href":"https:\/\/mayankin.com\/es\/wp-json\/wp\/v2\/pages\/1816\/revisions"}],"predecessor-version":[{"id":13784,"href":"https:\/\/mayankin.com\/es\/wp-json\/wp\/v2\/pages\/1816\/revisions\/13784"}],"wp:attachment":[{"href":"https:\/\/mayankin.com\/es\/wp-json\/wp\/v2\/media?parent=1816"}],"curies":[{"name":"wp","href":"https:\/\/api.w.org\/{rel}","templated":true}]}}