{"id":1806,"date":"2012-12-03T20:56:32","date_gmt":"2012-12-03T20:56:32","guid":{"rendered":"https:\/\/mayankin.com\/es\/?page_id=64"},"modified":"2020-05-26T21:58:31","modified_gmt":"2020-05-27T04:58:31","slug":"introduccion","status":"publish","type":"page","link":"https:\/\/mayankin.com\/es\/introduccion\/","title":{"rendered":"Introducci\u00f3n a los Calendarios Mayas"},"content":{"rendered":"\n<p>Los mayas eran astr\u00f3nomos, matem\u00e1ticos, observadores del cielo y ten\u00edan pasi\u00f3n por medir el tiempo. Ellos viv\u00edan en armon\u00eda con los ciclos naturales, cre\u00edan en deidades representadas por las fuerzas de la naturaleza (como Chaak, dios de la lluvia) y dejaron sus ense\u00f1anzas en las pir\u00e1mides, monumentos, estelas (talla de piedra) y c\u00f3dices (C\u00f3dice de Dresde, entre otros).<\/p>\n\n\n\n<div class=\"wp-block-image\"><figure class=\"aligncenter size-large is-resized\"><img loading=\"lazy\" decoding=\"async\" src=\"https:\/\/mayankin.com\/es\/wp-content\/uploads\/2019\/11\/mayankin-marielamaya-bridgingworlds-tzolkin-mayan-calendars-intro-map-mesoamerican-civilization.gif\" alt=\"\" class=\"wp-image-12279\" width=\"600\" height=\"377\"\/><\/figure><\/div>\n\n\n\n<p>Aunque las personas se refieren \u201cal\u201d calendario maya, se dice que hab\u00edan al menos 17 calendarios, los cuales se utilizaban simult\u00e1neamente. A trav\u00e9s de sus observaciones, identificaron varios ciclos que influenciaban nuestra existencia de distintas maneras. <\/p>\n\n\n\n<p>Los calendarios mayas ten\u00edan diferentes longitudes y todos eran c\u00edclicos, cada uno siguiendo su propia secuencia en un eterno fluir. <\/p>\n\n\n\n<h4 class=\"has-text-align-center wp-block-heading\"><strong>Principales Calendarios - Nombres y Longitudes<\/strong><\/h4>\n\n\n\n<div class=\"wp-block-image\"><figure class=\"aligncenter size-full is-resized\"><img loading=\"lazy\" decoding=\"async\" src=\"https:\/\/mayankin.com\/es\/wp-content\/uploads\/2020\/04\/MayanKin-Mariela-Maya-BridgingWorlds-Tzolkin-Calendarios-Maya-Nombres-FIF.jpg\" alt=\"\" class=\"wp-image-12944\" width=\"600\" height=\"313\" srcset=\"https:\/\/mayankin.com\/es\/wp-content\/uploads\/2020\/04\/MayanKin-Mariela-Maya-BridgingWorlds-Tzolkin-Calendarios-Maya-Nombres-FIF.jpg 800w, https:\/\/mayankin.com\/es\/wp-content\/uploads\/2020\/04\/MayanKin-Mariela-Maya-BridgingWorlds-Tzolkin-Calendarios-Maya-Nombres-FIF-300x156.jpg 300w, https:\/\/mayankin.com\/es\/wp-content\/uploads\/2020\/04\/MayanKin-Mariela-Maya-BridgingWorlds-Tzolkin-Calendarios-Maya-Nombres-FIF-768x400.jpg 768w, https:\/\/mayankin.com\/es\/wp-content\/uploads\/2020\/04\/MayanKin-Mariela-Maya-BridgingWorlds-Tzolkin-Calendarios-Maya-Nombres-FIF-500x261.jpg 500w, https:\/\/mayankin.com\/es\/wp-content\/uploads\/2020\/04\/MayanKin-Mariela-Maya-BridgingWorlds-Tzolkin-Calendarios-Maya-Nombres-FIF-655x341.jpg 655w\" sizes=\"auto, (max-width: 600px) 100vw, 600px\" \/><\/figure><\/div>\n\n\n\n<p class=\"has-text-align-center has-small-font-size\">(*) El Calendario de 13 Lunas no es maya. El mismo fue concebido por el Dr. Jos\u00e9 Arg\u00fcelles y se sincroniza con los otros calendarios<\/p>\n\n\n\n<h4 class=\"internal-links wp-block-heading\"><a href=\"https:\/\/mayankin.com\/es\/tzolkin\/\">Tzolkin<\/a><\/h4>\n\n\n\n<h4 class=\"internal-links wp-block-heading\"><a href=\"https:\/\/mayankin.com\/es\/calendario-13-lunas\/\">Calendario 13 Lunas<\/a><\/h4>\n\n\n\n<h4 class=\"internal-links wp-block-heading\"><a href=\"https:\/\/mayankin.com\/es\/rueda-calendrica\/\">Rueda Cal\u00e9ndrica<\/a><\/h4>\n\n\n\n<h4 class=\"internal-links wp-block-heading\"><a href=\"https:\/\/mayankin.com\/es\/2012-cambio\/\">2012<\/a><\/h4>\n","protected":false},"excerpt":{"rendered":"<p>Los mayas eran astr\u00f3nomos, matem\u00e1ticos, observadores del cielo y ten\u00edan pasi\u00f3n por medir el tiempo. Ellos viv\u00edan en armon\u00eda con los ciclos naturales, cre\u00edan en deidades representadas por las fuerzas de la naturaleza (como Chaak, dios de la lluvia) y dejaron sus ense\u00f1anzas en las pir\u00e1mides, monumentos, estelas (talla de piedra) y c\u00f3dices (C\u00f3dice de [&hellip;]<\/p>\n","protected":false},"author":4,"featured_media":0,"parent":0,"menu_order":0,"comment_status":"closed","ping_status":"closed","template":"","meta":{"_monsterinsights_skip_tracking":false,"_monsterinsights_sitenote_active":false,"_monsterinsights_sitenote_note":"","_monsterinsights_sitenote_category":0,"_genesis_hide_title":false,"_genesis_hide_breadcrumbs":false,"_genesis_hide_singular_image":false,"_genesis_hide_footer_widgets":false,"_genesis_custom_body_class":"mayan-calendars","_genesis_custom_post_class":"","_genesis_layout":"","footnotes":""},"class_list":{"0":"post-1806","1":"page","2":"type-page","3":"status-publish","5":"entry","6":"has-post-thumbnail"},"yoast_head":"<!-- This site is optimized with the Yoast SEO plugin v26.6 - https:\/\/yoast.com\/wordpress\/plugins\/seo\/ -->\n<title>Introducci\u00f3n a los Calendarios Mayas, Nombres y Longitudes | MayanKin<\/title>\n<meta name=\"description\" content=\"Chequea esta breve introducci\u00f3n a los principales calendarios mayas con sus nombres y longitudes y c\u00f3mo los mayas se conectaban con el tiempo c\u00edclico\" \/>\n<meta name=\"robots\" content=\"index, follow, max-snippet:-1, max-image-preview:large, max-video-preview:-1\" \/>\n<link rel=\"canonical\" href=\"https:\/\/mayankin.com\/es\/introduccion\/\" \/>\n<meta property=\"og:locale\" content=\"es_ES\" \/>\n<meta property=\"og:type\" content=\"article\" \/>\n<meta property=\"og:title\" content=\"Introducci\u00f3n a los Calendarios Mayas, Nombres y Longitudes | MayanKin\" \/>\n<meta property=\"og:description\" content=\"Chequea esta breve introducci\u00f3n a los principales calendarios mayas con sus nombres y longitudes y c\u00f3mo los mayas se conectaban con el tiempo c\u00edclico\" \/>\n<meta property=\"og:url\" content=\"https:\/\/mayankin.com\/es\/introduccion\/\" \/>\n<meta property=\"og:site_name\" content=\"MayanKin\" \/>\n<meta property=\"article:publisher\" content=\"https:\/\/www.facebook.com\/MayanKinEspanol\/\" \/>\n<meta property=\"article:modified_time\" content=\"2020-05-27T04:58:31+00:00\" \/>\n<meta property=\"og:image\" content=\"https:\/\/mayankin.com\/es\/wp-content\/uploads\/2019\/11\/mayankin-marielamaya-bridgingworlds-tzolkin-mayan-calendars-intro-map-mesoamerican-civilization.gif\" \/>\n<meta name=\"twitter:card\" content=\"summary_large_image\" \/>\n<meta name=\"twitter:site\" content=\"@mayankin\" \/>\n<meta name=\"twitter:label1\" content=\"Tiempo de lectura\" \/>\n\t<meta name=\"twitter:data1\" content=\"1 minuto\" \/>\n<script type=\"application\/ld+json\" class=\"yoast-schema-graph\">{\"@context\":\"https:\/\/schema.org\",\"@graph\":[{\"@type\":\"WebPage\",\"@id\":\"https:\/\/mayankin.com\/es\/introduccion\/\",\"url\":\"https:\/\/mayankin.com\/es\/introduccion\/\",\"name\":\"Introducci\u00f3n a los Calendarios Mayas, Nombres y Longitudes | MayanKin\",\"isPartOf\":{\"@id\":\"https:\/\/mayankin.com\/es\/#website\"},\"primaryImageOfPage\":{\"@id\":\"https:\/\/mayankin.com\/es\/introduccion\/#primaryimage\"},\"image\":{\"@id\":\"https:\/\/mayankin.com\/es\/introduccion\/#primaryimage\"},\"thumbnailUrl\":\"https:\/\/mayankin.com\/es\/wp-content\/uploads\/2019\/11\/mayankin-marielamaya-bridgingworlds-tzolkin-mayan-calendars-intro-map-mesoamerican-civilization.gif\",\"datePublished\":\"2012-12-03T20:56:32+00:00\",\"dateModified\":\"2020-05-27T04:58:31+00:00\",\"description\":\"Chequea esta breve introducci\u00f3n a los principales calendarios mayas con sus nombres y longitudes y c\u00f3mo los mayas se conectaban con el tiempo c\u00edclico\",\"breadcrumb\":{\"@id\":\"https:\/\/mayankin.com\/es\/introduccion\/#breadcrumb\"},\"inLanguage\":\"es\",\"potentialAction\":[{\"@type\":\"ReadAction\",\"target\":[\"https:\/\/mayankin.com\/es\/introduccion\/\"]}]},{\"@type\":\"ImageObject\",\"inLanguage\":\"es\",\"@id\":\"https:\/\/mayankin.com\/es\/introduccion\/#primaryimage\",\"url\":\"https:\/\/mayankin.com\/es\/wp-content\/uploads\/2019\/11\/mayankin-marielamaya-bridgingworlds-tzolkin-mayan-calendars-intro-map-mesoamerican-civilization.gif\",\"contentUrl\":\"https:\/\/mayankin.com\/es\/wp-content\/uploads\/2019\/11\/mayankin-marielamaya-bridgingworlds-tzolkin-mayan-calendars-intro-map-mesoamerican-civilization.gif\",\"width\":1000,\"height\":628},{\"@type\":\"BreadcrumbList\",\"@id\":\"https:\/\/mayankin.com\/es\/introduccion\/#breadcrumb\",\"itemListElement\":[{\"@type\":\"ListItem\",\"position\":1,\"name\":\"Portada\",\"item\":\"https:\/\/mayankin.com\/es\/\"},{\"@type\":\"ListItem\",\"position\":2,\"name\":\"Introducci\u00f3n a los Calendarios Mayas\"}]},{\"@type\":\"WebSite\",\"@id\":\"https:\/\/mayankin.com\/es\/#website\",\"url\":\"https:\/\/mayankin.com\/es\/\",\"name\":\"MayanKin\",\"description\":\"\",\"publisher\":{\"@id\":\"https:\/\/mayankin.com\/es\/#organization\"},\"potentialAction\":[{\"@type\":\"SearchAction\",\"target\":{\"@type\":\"EntryPoint\",\"urlTemplate\":\"https:\/\/mayankin.com\/es\/?s={search_term_string}\"},\"query-input\":{\"@type\":\"PropertyValueSpecification\",\"valueRequired\":true,\"valueName\":\"search_term_string\"}}],\"inLanguage\":\"es\"},{\"@type\":\"Organization\",\"@id\":\"https:\/\/mayankin.com\/es\/#organization\",\"name\":\"MayanKin\",\"url\":\"https:\/\/mayankin.com\/es\/\",\"logo\":{\"@type\":\"ImageObject\",\"inLanguage\":\"es\",\"@id\":\"https:\/\/mayankin.com\/es\/#\/schema\/logo\/image\/\",\"url\":\"https:\/\/mayankin.com\/es\/wp-content\/uploads\/2020\/05\/MK-Logo-Redesign.png\",\"contentUrl\":\"https:\/\/mayankin.com\/es\/wp-content\/uploads\/2020\/05\/MK-Logo-Redesign.png\",\"width\":260,\"height\":105,\"caption\":\"MayanKin\"},\"image\":{\"@id\":\"https:\/\/mayankin.com\/es\/#\/schema\/logo\/image\/\"},\"sameAs\":[\"https:\/\/www.facebook.com\/MayanKinEspanol\/\",\"https:\/\/x.com\/mayankin\"]}]}<\/script>\n<!-- \/ Yoast SEO plugin. -->","yoast_head_json":{"title":"Introducci\u00f3n a los Calendarios Mayas, Nombres y Longitudes | MayanKin","description":"Chequea esta breve introducci\u00f3n a los principales calendarios mayas con sus nombres y longitudes y c\u00f3mo los mayas se conectaban con el tiempo c\u00edclico","robots":{"index":"index","follow":"follow","max-snippet":"max-snippet:-1","max-image-preview":"max-image-preview:large","max-video-preview":"max-video-preview:-1"},"canonical":"https:\/\/mayankin.com\/es\/introduccion\/","og_locale":"es_ES","og_type":"article","og_title":"Introducci\u00f3n a los Calendarios Mayas, Nombres y Longitudes | MayanKin","og_description":"Chequea esta breve introducci\u00f3n a los principales calendarios mayas con sus nombres y longitudes y c\u00f3mo los mayas se conectaban con el tiempo c\u00edclico","og_url":"https:\/\/mayankin.com\/es\/introduccion\/","og_site_name":"MayanKin","article_publisher":"https:\/\/www.facebook.com\/MayanKinEspanol\/","article_modified_time":"2020-05-27T04:58:31+00:00","og_image":[{"url":"https:\/\/mayankin.com\/es\/wp-content\/uploads\/2019\/11\/mayankin-marielamaya-bridgingworlds-tzolkin-mayan-calendars-intro-map-mesoamerican-civilization.gif","type":"","width":"","height":""}],"twitter_card":"summary_large_image","twitter_site":"@mayankin","twitter_misc":{"Tiempo de lectura":"1 minuto"},"schema":{"@context":"https:\/\/schema.org","@graph":[{"@type":"WebPage","@id":"https:\/\/mayankin.com\/es\/introduccion\/","url":"https:\/\/mayankin.com\/es\/introduccion\/","name":"Introducci\u00f3n a los Calendarios Mayas, Nombres y Longitudes | MayanKin","isPartOf":{"@id":"https:\/\/mayankin.com\/es\/#website"},"primaryImageOfPage":{"@id":"https:\/\/mayankin.com\/es\/introduccion\/#primaryimage"},"image":{"@id":"https:\/\/mayankin.com\/es\/introduccion\/#primaryimage"},"thumbnailUrl":"https:\/\/mayankin.com\/es\/wp-content\/uploads\/2019\/11\/mayankin-marielamaya-bridgingworlds-tzolkin-mayan-calendars-intro-map-mesoamerican-civilization.gif","datePublished":"2012-12-03T20:56:32+00:00","dateModified":"2020-05-27T04:58:31+00:00","description":"Chequea esta breve introducci\u00f3n a los principales calendarios mayas con sus nombres y longitudes y c\u00f3mo los mayas se conectaban con el tiempo c\u00edclico","breadcrumb":{"@id":"https:\/\/mayankin.com\/es\/introduccion\/#breadcrumb"},"inLanguage":"es","potentialAction":[{"@type":"ReadAction","target":["https:\/\/mayankin.com\/es\/introduccion\/"]}]},{"@type":"ImageObject","inLanguage":"es","@id":"https:\/\/mayankin.com\/es\/introduccion\/#primaryimage","url":"https:\/\/mayankin.com\/es\/wp-content\/uploads\/2019\/11\/mayankin-marielamaya-bridgingworlds-tzolkin-mayan-calendars-intro-map-mesoamerican-civilization.gif","contentUrl":"https:\/\/mayankin.com\/es\/wp-content\/uploads\/2019\/11\/mayankin-marielamaya-bridgingworlds-tzolkin-mayan-calendars-intro-map-mesoamerican-civilization.gif","width":1000,"height":628},{"@type":"BreadcrumbList","@id":"https:\/\/mayankin.com\/es\/introduccion\/#breadcrumb","itemListElement":[{"@type":"ListItem","position":1,"name":"Portada","item":"https:\/\/mayankin.com\/es\/"},{"@type":"ListItem","position":2,"name":"Introducci\u00f3n a los Calendarios Mayas"}]},{"@type":"WebSite","@id":"https:\/\/mayankin.com\/es\/#website","url":"https:\/\/mayankin.com\/es\/","name":"MayanKin","description":"","publisher":{"@id":"https:\/\/mayankin.com\/es\/#organization"},"potentialAction":[{"@type":"SearchAction","target":{"@type":"EntryPoint","urlTemplate":"https:\/\/mayankin.com\/es\/?s={search_term_string}"},"query-input":{"@type":"PropertyValueSpecification","valueRequired":true,"valueName":"search_term_string"}}],"inLanguage":"es"},{"@type":"Organization","@id":"https:\/\/mayankin.com\/es\/#organization","name":"MayanKin","url":"https:\/\/mayankin.com\/es\/","logo":{"@type":"ImageObject","inLanguage":"es","@id":"https:\/\/mayankin.com\/es\/#\/schema\/logo\/image\/","url":"https:\/\/mayankin.com\/es\/wp-content\/uploads\/2020\/05\/MK-Logo-Redesign.png","contentUrl":"https:\/\/mayankin.com\/es\/wp-content\/uploads\/2020\/05\/MK-Logo-Redesign.png","width":260,"height":105,"caption":"MayanKin"},"image":{"@id":"https:\/\/mayankin.com\/es\/#\/schema\/logo\/image\/"},"sameAs":["https:\/\/www.facebook.com\/MayanKinEspanol\/","https:\/\/x.com\/mayankin"]}]}},"_links":{"self":[{"href":"https:\/\/mayankin.com\/es\/wp-json\/wp\/v2\/pages\/1806","targetHints":{"allow":["GET"]}}],"collection":[{"href":"https:\/\/mayankin.com\/es\/wp-json\/wp\/v2\/pages"}],"about":[{"href":"https:\/\/mayankin.com\/es\/wp-json\/wp\/v2\/types\/page"}],"author":[{"embeddable":true,"href":"https:\/\/mayankin.com\/es\/wp-json\/wp\/v2\/users\/4"}],"replies":[{"embeddable":true,"href":"https:\/\/mayankin.com\/es\/wp-json\/wp\/v2\/comments?post=1806"}],"version-history":[{"count":46,"href":"https:\/\/mayankin.com\/es\/wp-json\/wp\/v2\/pages\/1806\/revisions"}],"predecessor-version":[{"id":13806,"href":"https:\/\/mayankin.com\/es\/wp-json\/wp\/v2\/pages\/1806\/revisions\/13806"}],"wp:attachment":[{"href":"https:\/\/mayankin.com\/es\/wp-json\/wp\/v2\/media?parent=1806"}],"curies":[{"name":"wp","href":"https:\/\/api.w.org\/{rel}","templated":true}]}}