{"id":1805,"date":"2012-11-20T22:31:19","date_gmt":"2012-11-20T22:31:19","guid":{"rendered":"https:\/\/mayankin.com\/es\/?page_id=46"},"modified":"2023-05-13T19:24:16","modified_gmt":"2023-05-14T00:24:16","slug":"viajes-para-el-alma","status":"publish","type":"page","link":"https:\/\/mayankin.com\/es\/viajes-para-el-alma\/","title":{"rendered":"Viajes para el Alma"},"content":{"rendered":"\n<p class=\"has-text-color has-small-font-size\" style=\"color:#91196b\"><strong>NOTA: TODOS LOS ITINERARIOS EST\u00c1N SUSPENDIDOS HASTA NUEVO AVISO. ESPERO CONTINUAR COMPARTIENDO CONTIGO ESTAS AVENTURAS EN BREVE!<\/strong><\/p>\n\n\n\n<p>Te gustar\u00eda explorar y disfrutar al aire libre, divertirte en la naturaleza, desenchufarte de tu rutina diaria y tener experiencias significativas, inspiradoras y empoderantes junta\/os?<\/p>\n\n\n\n<p>Acomp\u00e1\u00f1ame en alguna de mis\naventuras por Latinoam\u00e9rica o Sedona, Arizona! Ofrezco distintos itinerarios\nanuales y cualquiera de los viajes puede ser personalizado para tu grupo\nprivado dependiendo de cu\u00e1ntos d\u00edas, tipo de actividades y presupuesto est\u00e9s\nbuscando. Si visitas Sedona, tambi\u00e9n ofrezco actividades cortas como caminatas\ndiarias o jugar con el Tzolkin o creatividad por unas horas.<\/p>\n\n\n\n<p>Los viajes est\u00e1ndares est\u00e1n creados para grupos peque\u00f1os de hasta 13 personas para compartir una experiencia \u00edntima y personal y tener la flexibilidad de disfrutar cada lugar a nuestro paso. Mientras viajamos como grupo y tenemos un precioso tiempo juntos, la invitaci\u00f3n es de \u00edndole personal. Cada persona tiene su propio camino, ritmos e intenciones, por lo que nos aseguramos que todos se sientan c\u00f3modos para vivenciar el viaje de una manera especial.<\/p>\n\n\n\n<p>Puedes ver un resumen de los viajes que se ofrecen actualmente <a href=\"https:\/\/bridgingworlds.net\/trips-for-the-soul.html\" target=\"_blank\" rel=\"noreferrer noopener\">aqu\u00ed<\/a> o cliquea en las diferentes fotos para leer m\u00e1s acerca de cada destino. Para obtener los detalles de cualquier viaje, si tienes preguntas, te quieres inscribir, o quieres tener tu propio grupo, favor <a href=\"mailto:mariela@mayankin.com\">escr\u00edbeme<\/a> y te enviar\u00e9 toda la informaci\u00f3n. Me pondr\u00e1 feliz encontrarme contigo despu\u00e9s por tel\u00e9fono o Skype para conversar y ver las propuestas junta\/os. <\/p>\n","protected":false},"excerpt":{"rendered":"<p>NOTA: TODOS LOS ITINERARIOS EST\u00c1N SUSPENDIDOS HASTA NUEVO AVISO. ESPERO CONTINUAR COMPARTIENDO CONTIGO ESTAS AVENTURAS EN BREVE! Te gustar\u00eda explorar y disfrutar al aire libre, divertirte en la naturaleza, desenchufarte de tu rutina diaria y tener experiencias significativas, inspiradoras y empoderantes junta\/os? Acomp\u00e1\u00f1ame en alguna de mis aventuras por Latinoam\u00e9rica o Sedona, Arizona! Ofrezco distintos [&hellip;]<\/p>\n","protected":false},"author":4,"featured_media":0,"parent":0,"menu_order":0,"comment_status":"closed","ping_status":"closed","template":"events-trips.php","meta":{"_monsterinsights_skip_tracking":false,"_monsterinsights_sitenote_active":false,"_monsterinsights_sitenote_note":"","_monsterinsights_sitenote_category":0,"_genesis_hide_title":false,"_genesis_hide_breadcrumbs":false,"_genesis_hide_singular_image":false,"_genesis_hide_footer_widgets":false,"_genesis_custom_body_class":"events","_genesis_custom_post_class":"","_genesis_layout":"","footnotes":""},"class_list":{"0":"post-1805","1":"page","2":"type-page","3":"status-publish","5":"entry"},"yoast_head":"<!-- This site is optimized with the Yoast SEO plugin v26.6 - https:\/\/yoast.com\/wordpress\/plugins\/seo\/ -->\n<title>Quieres Vivenciar la Magia? Ven a un Viaje de Aventuras! | MayanKin<\/title>\n<meta name=\"description\" content=\"Acomp\u00e1\u00f1ame en una gran aventura en Sudam\u00e9rica o Sedona para disfrutar de la naturaleza, y tener experiencias empoderantes e inspiradoras\" \/>\n<meta name=\"robots\" content=\"index, follow, max-snippet:-1, max-image-preview:large, max-video-preview:-1\" \/>\n<link rel=\"canonical\" href=\"https:\/\/mayankin.com\/es\/viajes-para-el-alma\/\" \/>\n<meta property=\"og:locale\" content=\"es_ES\" \/>\n<meta property=\"og:type\" content=\"article\" \/>\n<meta property=\"og:title\" content=\"Quieres Vivenciar la Magia? Ven a un Viaje de Aventuras! | MayanKin\" \/>\n<meta property=\"og:description\" content=\"Acomp\u00e1\u00f1ame en una gran aventura en Sudam\u00e9rica o Sedona para disfrutar de la naturaleza, y tener experiencias empoderantes e inspiradoras\" \/>\n<meta property=\"og:url\" content=\"https:\/\/mayankin.com\/es\/viajes-para-el-alma\/\" \/>\n<meta property=\"og:site_name\" content=\"MayanKin\" \/>\n<meta property=\"article:publisher\" content=\"https:\/\/www.facebook.com\/MayanKinEspanol\/\" \/>\n<meta property=\"article:modified_time\" content=\"2023-05-14T00:24:16+00:00\" \/>\n<meta name=\"twitter:card\" content=\"summary_large_image\" \/>\n<meta name=\"twitter:site\" content=\"@mayankin\" \/>\n<meta name=\"twitter:label1\" content=\"Tiempo de lectura\" \/>\n\t<meta name=\"twitter:data1\" content=\"2 minutos\" \/>\n<script type=\"application\/ld+json\" class=\"yoast-schema-graph\">{\"@context\":\"https:\/\/schema.org\",\"@graph\":[{\"@type\":\"WebPage\",\"@id\":\"https:\/\/mayankin.com\/es\/viajes-para-el-alma\/\",\"url\":\"https:\/\/mayankin.com\/es\/viajes-para-el-alma\/\",\"name\":\"Quieres Vivenciar la Magia? Ven a un Viaje de Aventuras! | MayanKin\",\"isPartOf\":{\"@id\":\"https:\/\/mayankin.com\/es\/#website\"},\"datePublished\":\"2012-11-20T22:31:19+00:00\",\"dateModified\":\"2023-05-14T00:24:16+00:00\",\"description\":\"Acomp\u00e1\u00f1ame en una gran aventura en Sudam\u00e9rica o Sedona para disfrutar de la naturaleza, y tener experiencias empoderantes e inspiradoras\",\"breadcrumb\":{\"@id\":\"https:\/\/mayankin.com\/es\/viajes-para-el-alma\/#breadcrumb\"},\"inLanguage\":\"es\",\"potentialAction\":[{\"@type\":\"ReadAction\",\"target\":[\"https:\/\/mayankin.com\/es\/viajes-para-el-alma\/\"]}]},{\"@type\":\"BreadcrumbList\",\"@id\":\"https:\/\/mayankin.com\/es\/viajes-para-el-alma\/#breadcrumb\",\"itemListElement\":[{\"@type\":\"ListItem\",\"position\":1,\"name\":\"Portada\",\"item\":\"https:\/\/mayankin.com\/es\/\"},{\"@type\":\"ListItem\",\"position\":2,\"name\":\"Viajes para el Alma\"}]},{\"@type\":\"WebSite\",\"@id\":\"https:\/\/mayankin.com\/es\/#website\",\"url\":\"https:\/\/mayankin.com\/es\/\",\"name\":\"MayanKin\",\"description\":\"\",\"publisher\":{\"@id\":\"https:\/\/mayankin.com\/es\/#organization\"},\"potentialAction\":[{\"@type\":\"SearchAction\",\"target\":{\"@type\":\"EntryPoint\",\"urlTemplate\":\"https:\/\/mayankin.com\/es\/?s={search_term_string}\"},\"query-input\":{\"@type\":\"PropertyValueSpecification\",\"valueRequired\":true,\"valueName\":\"search_term_string\"}}],\"inLanguage\":\"es\"},{\"@type\":\"Organization\",\"@id\":\"https:\/\/mayankin.com\/es\/#organization\",\"name\":\"MayanKin\",\"url\":\"https:\/\/mayankin.com\/es\/\",\"logo\":{\"@type\":\"ImageObject\",\"inLanguage\":\"es\",\"@id\":\"https:\/\/mayankin.com\/es\/#\/schema\/logo\/image\/\",\"url\":\"https:\/\/mayankin.com\/es\/wp-content\/uploads\/2020\/05\/MK-Logo-Redesign.png\",\"contentUrl\":\"https:\/\/mayankin.com\/es\/wp-content\/uploads\/2020\/05\/MK-Logo-Redesign.png\",\"width\":260,\"height\":105,\"caption\":\"MayanKin\"},\"image\":{\"@id\":\"https:\/\/mayankin.com\/es\/#\/schema\/logo\/image\/\"},\"sameAs\":[\"https:\/\/www.facebook.com\/MayanKinEspanol\/\",\"https:\/\/x.com\/mayankin\"]}]}<\/script>\n<!-- \/ Yoast SEO plugin. -->","yoast_head_json":{"title":"Quieres Vivenciar la Magia? Ven a un Viaje de Aventuras! | MayanKin","description":"Acomp\u00e1\u00f1ame en una gran aventura en Sudam\u00e9rica o Sedona para disfrutar de la naturaleza, y tener experiencias empoderantes e inspiradoras","robots":{"index":"index","follow":"follow","max-snippet":"max-snippet:-1","max-image-preview":"max-image-preview:large","max-video-preview":"max-video-preview:-1"},"canonical":"https:\/\/mayankin.com\/es\/viajes-para-el-alma\/","og_locale":"es_ES","og_type":"article","og_title":"Quieres Vivenciar la Magia? Ven a un Viaje de Aventuras! | MayanKin","og_description":"Acomp\u00e1\u00f1ame en una gran aventura en Sudam\u00e9rica o Sedona para disfrutar de la naturaleza, y tener experiencias empoderantes e inspiradoras","og_url":"https:\/\/mayankin.com\/es\/viajes-para-el-alma\/","og_site_name":"MayanKin","article_publisher":"https:\/\/www.facebook.com\/MayanKinEspanol\/","article_modified_time":"2023-05-14T00:24:16+00:00","twitter_card":"summary_large_image","twitter_site":"@mayankin","twitter_misc":{"Tiempo de lectura":"2 minutos"},"schema":{"@context":"https:\/\/schema.org","@graph":[{"@type":"WebPage","@id":"https:\/\/mayankin.com\/es\/viajes-para-el-alma\/","url":"https:\/\/mayankin.com\/es\/viajes-para-el-alma\/","name":"Quieres Vivenciar la Magia? Ven a un Viaje de Aventuras! | MayanKin","isPartOf":{"@id":"https:\/\/mayankin.com\/es\/#website"},"datePublished":"2012-11-20T22:31:19+00:00","dateModified":"2023-05-14T00:24:16+00:00","description":"Acomp\u00e1\u00f1ame en una gran aventura en Sudam\u00e9rica o Sedona para disfrutar de la naturaleza, y tener experiencias empoderantes e inspiradoras","breadcrumb":{"@id":"https:\/\/mayankin.com\/es\/viajes-para-el-alma\/#breadcrumb"},"inLanguage":"es","potentialAction":[{"@type":"ReadAction","target":["https:\/\/mayankin.com\/es\/viajes-para-el-alma\/"]}]},{"@type":"BreadcrumbList","@id":"https:\/\/mayankin.com\/es\/viajes-para-el-alma\/#breadcrumb","itemListElement":[{"@type":"ListItem","position":1,"name":"Portada","item":"https:\/\/mayankin.com\/es\/"},{"@type":"ListItem","position":2,"name":"Viajes para el Alma"}]},{"@type":"WebSite","@id":"https:\/\/mayankin.com\/es\/#website","url":"https:\/\/mayankin.com\/es\/","name":"MayanKin","description":"","publisher":{"@id":"https:\/\/mayankin.com\/es\/#organization"},"potentialAction":[{"@type":"SearchAction","target":{"@type":"EntryPoint","urlTemplate":"https:\/\/mayankin.com\/es\/?s={search_term_string}"},"query-input":{"@type":"PropertyValueSpecification","valueRequired":true,"valueName":"search_term_string"}}],"inLanguage":"es"},{"@type":"Organization","@id":"https:\/\/mayankin.com\/es\/#organization","name":"MayanKin","url":"https:\/\/mayankin.com\/es\/","logo":{"@type":"ImageObject","inLanguage":"es","@id":"https:\/\/mayankin.com\/es\/#\/schema\/logo\/image\/","url":"https:\/\/mayankin.com\/es\/wp-content\/uploads\/2020\/05\/MK-Logo-Redesign.png","contentUrl":"https:\/\/mayankin.com\/es\/wp-content\/uploads\/2020\/05\/MK-Logo-Redesign.png","width":260,"height":105,"caption":"MayanKin"},"image":{"@id":"https:\/\/mayankin.com\/es\/#\/schema\/logo\/image\/"},"sameAs":["https:\/\/www.facebook.com\/MayanKinEspanol\/","https:\/\/x.com\/mayankin"]}]}},"_links":{"self":[{"href":"https:\/\/mayankin.com\/es\/wp-json\/wp\/v2\/pages\/1805","targetHints":{"allow":["GET"]}}],"collection":[{"href":"https:\/\/mayankin.com\/es\/wp-json\/wp\/v2\/pages"}],"about":[{"href":"https:\/\/mayankin.com\/es\/wp-json\/wp\/v2\/types\/page"}],"author":[{"embeddable":true,"href":"https:\/\/mayankin.com\/es\/wp-json\/wp\/v2\/users\/4"}],"replies":[{"embeddable":true,"href":"https:\/\/mayankin.com\/es\/wp-json\/wp\/v2\/comments?post=1805"}],"version-history":[{"count":16,"href":"https:\/\/mayankin.com\/es\/wp-json\/wp\/v2\/pages\/1805\/revisions"}],"predecessor-version":[{"id":15811,"href":"https:\/\/mayankin.com\/es\/wp-json\/wp\/v2\/pages\/1805\/revisions\/15811"}],"wp:attachment":[{"href":"https:\/\/mayankin.com\/es\/wp-json\/wp\/v2\/media?parent=1805"}],"curies":[{"name":"wp","href":"https:\/\/api.w.org\/{rel}","templated":true}]}}