{"id":14316,"date":"2021-02-28T22:56:41","date_gmt":"2021-03-01T05:56:41","guid":{"rendered":"https:\/\/mayankin.com\/es\/?page_id=14316"},"modified":"2021-02-28T22:56:43","modified_gmt":"2021-03-01T05:56:43","slug":"seminarios-web-tienda","status":"publish","type":"page","link":"https:\/\/mayankin.com\/es\/seminarios-web-tienda\/","title":{"rendered":"Seminarios Web"},"content":{"rendered":"\n<p>Una manera maravillosa de continuar explorando el Tzolkin y profundizando tu comprensi\u00f3n\u00a0 de sus conceptos b\u00e1sicos y aplicaciones pr\u00e1cticas es participando o escuchando seminarios web. Todos los talleres se graban y la grabaci\u00f3n y materiales estar\u00e1n disponibles para ti con acceso de por vida.<\/p>\n\n\n\n<p>Para recibir notificaciones sobre nuevos seminarios web, aseg\u00farate de <a href=\"#mcsuscribe\">suscribirte<\/a> a los boletines de MayanKin.<\/p>\n\n\n\n<p>Nota: Los seminarios web disponibles por el momento se encuentran solamente en ingl\u00e9s.<\/p>\n","protected":false},"excerpt":{"rendered":"<p>Una manera maravillosa de continuar explorando el Tzolkin y profundizando tu comprensi\u00f3n\u00a0 de sus conceptos b\u00e1sicos y aplicaciones pr\u00e1cticas es participando o escuchando seminarios web. Todos los talleres se graban y la grabaci\u00f3n y materiales estar\u00e1n disponibles para ti con acceso de por vida. Para recibir notificaciones sobre nuevos seminarios web, aseg\u00farate de suscribirte a [&hellip;]<\/p>\n","protected":false},"author":4,"featured_media":0,"parent":0,"menu_order":0,"comment_status":"closed","ping_status":"closed","template":"events-webinars.php","meta":{"_monsterinsights_skip_tracking":false,"_monsterinsights_sitenote_active":false,"_monsterinsights_sitenote_note":"","_monsterinsights_sitenote_category":0,"_genesis_hide_title":false,"_genesis_hide_breadcrumbs":false,"_genesis_hide_singular_image":false,"_genesis_hide_footer_widgets":false,"_genesis_custom_body_class":"store","_genesis_custom_post_class":"","_genesis_layout":"","footnotes":""},"class_list":{"0":"post-14316","1":"page","2":"type-page","3":"status-publish","5":"entry"},"yoast_head":"<!-- This site is optimized with the Yoast SEO plugin v26.6 - https:\/\/yoast.com\/wordpress\/plugins\/seo\/ -->\n<title>Tzolkin Seminarios Web Online \u2013 un par GRATUITOS! | MayanKin<\/title>\n<meta name=\"description\" content=\"Explora el Tzolkin moderno y aprende acerca de lo b\u00e1sico, personaliza tu Agenda Diaria Tzolkin, descubre los 20 Arquetipos y qu\u00e9 es el Castillo Azul\" \/>\n<meta name=\"robots\" content=\"index, follow, max-snippet:-1, max-image-preview:large, max-video-preview:-1\" \/>\n<link rel=\"canonical\" href=\"https:\/\/mayankin.com\/es\/seminarios-web-tienda\/\" \/>\n<meta property=\"og:locale\" content=\"es_ES\" \/>\n<meta property=\"og:type\" content=\"article\" \/>\n<meta property=\"og:title\" content=\"Tzolkin Seminarios Web Online \u2013 un par GRATUITOS! | MayanKin\" \/>\n<meta property=\"og:description\" content=\"Explora el Tzolkin moderno y aprende acerca de lo b\u00e1sico, personaliza tu Agenda Diaria Tzolkin, descubre los 20 Arquetipos y qu\u00e9 es el Castillo Azul\" \/>\n<meta property=\"og:url\" content=\"https:\/\/mayankin.com\/es\/seminarios-web-tienda\/\" \/>\n<meta property=\"og:site_name\" content=\"MayanKin\" \/>\n<meta property=\"article:publisher\" content=\"https:\/\/www.facebook.com\/MayanKinEspanol\/\" \/>\n<meta property=\"article:modified_time\" content=\"2021-03-01T05:56:43+00:00\" \/>\n<meta name=\"twitter:card\" content=\"summary_large_image\" \/>\n<meta name=\"twitter:site\" content=\"@mayankin\" \/>\n<meta name=\"twitter:label1\" content=\"Tiempo de lectura\" \/>\n\t<meta name=\"twitter:data1\" content=\"1 minuto\" \/>\n<script type=\"application\/ld+json\" class=\"yoast-schema-graph\">{\"@context\":\"https:\/\/schema.org\",\"@graph\":[{\"@type\":\"WebPage\",\"@id\":\"https:\/\/mayankin.com\/es\/seminarios-web-tienda\/\",\"url\":\"https:\/\/mayankin.com\/es\/seminarios-web-tienda\/\",\"name\":\"Tzolkin Seminarios Web Online \u2013 un par GRATUITOS! | MayanKin\",\"isPartOf\":{\"@id\":\"https:\/\/mayankin.com\/es\/#website\"},\"datePublished\":\"2021-03-01T05:56:41+00:00\",\"dateModified\":\"2021-03-01T05:56:43+00:00\",\"description\":\"Explora el Tzolkin moderno y aprende acerca de lo b\u00e1sico, personaliza tu Agenda Diaria Tzolkin, descubre los 20 Arquetipos y qu\u00e9 es el Castillo Azul\",\"breadcrumb\":{\"@id\":\"https:\/\/mayankin.com\/es\/seminarios-web-tienda\/#breadcrumb\"},\"inLanguage\":\"es\",\"potentialAction\":[{\"@type\":\"ReadAction\",\"target\":[\"https:\/\/mayankin.com\/es\/seminarios-web-tienda\/\"]}]},{\"@type\":\"BreadcrumbList\",\"@id\":\"https:\/\/mayankin.com\/es\/seminarios-web-tienda\/#breadcrumb\",\"itemListElement\":[{\"@type\":\"ListItem\",\"position\":1,\"name\":\"Portada\",\"item\":\"https:\/\/mayankin.com\/es\/\"},{\"@type\":\"ListItem\",\"position\":2,\"name\":\"Seminarios Web\"}]},{\"@type\":\"WebSite\",\"@id\":\"https:\/\/mayankin.com\/es\/#website\",\"url\":\"https:\/\/mayankin.com\/es\/\",\"name\":\"MayanKin\",\"description\":\"\",\"publisher\":{\"@id\":\"https:\/\/mayankin.com\/es\/#organization\"},\"potentialAction\":[{\"@type\":\"SearchAction\",\"target\":{\"@type\":\"EntryPoint\",\"urlTemplate\":\"https:\/\/mayankin.com\/es\/?s={search_term_string}\"},\"query-input\":{\"@type\":\"PropertyValueSpecification\",\"valueRequired\":true,\"valueName\":\"search_term_string\"}}],\"inLanguage\":\"es\"},{\"@type\":\"Organization\",\"@id\":\"https:\/\/mayankin.com\/es\/#organization\",\"name\":\"MayanKin\",\"url\":\"https:\/\/mayankin.com\/es\/\",\"logo\":{\"@type\":\"ImageObject\",\"inLanguage\":\"es\",\"@id\":\"https:\/\/mayankin.com\/es\/#\/schema\/logo\/image\/\",\"url\":\"https:\/\/mayankin.com\/es\/wp-content\/uploads\/2020\/05\/MK-Logo-Redesign.png\",\"contentUrl\":\"https:\/\/mayankin.com\/es\/wp-content\/uploads\/2020\/05\/MK-Logo-Redesign.png\",\"width\":260,\"height\":105,\"caption\":\"MayanKin\"},\"image\":{\"@id\":\"https:\/\/mayankin.com\/es\/#\/schema\/logo\/image\/\"},\"sameAs\":[\"https:\/\/www.facebook.com\/MayanKinEspanol\/\",\"https:\/\/x.com\/mayankin\"]}]}<\/script>\n<!-- \/ Yoast SEO plugin. -->","yoast_head_json":{"title":"Tzolkin Seminarios Web Online \u2013 un par GRATUITOS! | MayanKin","description":"Explora el Tzolkin moderno y aprende acerca de lo b\u00e1sico, personaliza tu Agenda Diaria Tzolkin, descubre los 20 Arquetipos y qu\u00e9 es el Castillo Azul","robots":{"index":"index","follow":"follow","max-snippet":"max-snippet:-1","max-image-preview":"max-image-preview:large","max-video-preview":"max-video-preview:-1"},"canonical":"https:\/\/mayankin.com\/es\/seminarios-web-tienda\/","og_locale":"es_ES","og_type":"article","og_title":"Tzolkin Seminarios Web Online \u2013 un par GRATUITOS! | MayanKin","og_description":"Explora el Tzolkin moderno y aprende acerca de lo b\u00e1sico, personaliza tu Agenda Diaria Tzolkin, descubre los 20 Arquetipos y qu\u00e9 es el Castillo Azul","og_url":"https:\/\/mayankin.com\/es\/seminarios-web-tienda\/","og_site_name":"MayanKin","article_publisher":"https:\/\/www.facebook.com\/MayanKinEspanol\/","article_modified_time":"2021-03-01T05:56:43+00:00","twitter_card":"summary_large_image","twitter_site":"@mayankin","twitter_misc":{"Tiempo de lectura":"1 minuto"},"schema":{"@context":"https:\/\/schema.org","@graph":[{"@type":"WebPage","@id":"https:\/\/mayankin.com\/es\/seminarios-web-tienda\/","url":"https:\/\/mayankin.com\/es\/seminarios-web-tienda\/","name":"Tzolkin Seminarios Web Online \u2013 un par GRATUITOS! | MayanKin","isPartOf":{"@id":"https:\/\/mayankin.com\/es\/#website"},"datePublished":"2021-03-01T05:56:41+00:00","dateModified":"2021-03-01T05:56:43+00:00","description":"Explora el Tzolkin moderno y aprende acerca de lo b\u00e1sico, personaliza tu Agenda Diaria Tzolkin, descubre los 20 Arquetipos y qu\u00e9 es el Castillo Azul","breadcrumb":{"@id":"https:\/\/mayankin.com\/es\/seminarios-web-tienda\/#breadcrumb"},"inLanguage":"es","potentialAction":[{"@type":"ReadAction","target":["https:\/\/mayankin.com\/es\/seminarios-web-tienda\/"]}]},{"@type":"BreadcrumbList","@id":"https:\/\/mayankin.com\/es\/seminarios-web-tienda\/#breadcrumb","itemListElement":[{"@type":"ListItem","position":1,"name":"Portada","item":"https:\/\/mayankin.com\/es\/"},{"@type":"ListItem","position":2,"name":"Seminarios Web"}]},{"@type":"WebSite","@id":"https:\/\/mayankin.com\/es\/#website","url":"https:\/\/mayankin.com\/es\/","name":"MayanKin","description":"","publisher":{"@id":"https:\/\/mayankin.com\/es\/#organization"},"potentialAction":[{"@type":"SearchAction","target":{"@type":"EntryPoint","urlTemplate":"https:\/\/mayankin.com\/es\/?s={search_term_string}"},"query-input":{"@type":"PropertyValueSpecification","valueRequired":true,"valueName":"search_term_string"}}],"inLanguage":"es"},{"@type":"Organization","@id":"https:\/\/mayankin.com\/es\/#organization","name":"MayanKin","url":"https:\/\/mayankin.com\/es\/","logo":{"@type":"ImageObject","inLanguage":"es","@id":"https:\/\/mayankin.com\/es\/#\/schema\/logo\/image\/","url":"https:\/\/mayankin.com\/es\/wp-content\/uploads\/2020\/05\/MK-Logo-Redesign.png","contentUrl":"https:\/\/mayankin.com\/es\/wp-content\/uploads\/2020\/05\/MK-Logo-Redesign.png","width":260,"height":105,"caption":"MayanKin"},"image":{"@id":"https:\/\/mayankin.com\/es\/#\/schema\/logo\/image\/"},"sameAs":["https:\/\/www.facebook.com\/MayanKinEspanol\/","https:\/\/x.com\/mayankin"]}]}},"_links":{"self":[{"href":"https:\/\/mayankin.com\/es\/wp-json\/wp\/v2\/pages\/14316","targetHints":{"allow":["GET"]}}],"collection":[{"href":"https:\/\/mayankin.com\/es\/wp-json\/wp\/v2\/pages"}],"about":[{"href":"https:\/\/mayankin.com\/es\/wp-json\/wp\/v2\/types\/page"}],"author":[{"embeddable":true,"href":"https:\/\/mayankin.com\/es\/wp-json\/wp\/v2\/users\/4"}],"replies":[{"embeddable":true,"href":"https:\/\/mayankin.com\/es\/wp-json\/wp\/v2\/comments?post=14316"}],"version-history":[{"count":2,"href":"https:\/\/mayankin.com\/es\/wp-json\/wp\/v2\/pages\/14316\/revisions"}],"predecessor-version":[{"id":14318,"href":"https:\/\/mayankin.com\/es\/wp-json\/wp\/v2\/pages\/14316\/revisions\/14318"}],"wp:attachment":[{"href":"https:\/\/mayankin.com\/es\/wp-json\/wp\/v2\/media?parent=14316"}],"curies":[{"name":"wp","href":"https:\/\/api.w.org\/{rel}","templated":true}]}}