{"id":11652,"date":"2019-09-03T15:22:33","date_gmt":"2019-09-03T22:22:33","guid":{"rendered":"https:\/\/mayankin.com\/es\/?page_id=11652"},"modified":"2020-05-25T21:16:25","modified_gmt":"2020-05-26T04:16:25","slug":"castillo-del-destino","status":"publish","type":"page","link":"https:\/\/mayankin.com\/es\/castillo-del-destino\/","title":{"rendered":"Castillo de Destino"},"content":{"rendered":"\n<p>Cada 52 a\u00f1os, el patr\u00f3n energ\u00e9tico se repite por primera vez, ciclo al que se conoce como la <a href=\"https:\/\/mayankin.com\/es\/rueda-calendrica\/\">Rueda Cal\u00e9ndrica<\/a>. Este ciclo de 52 a\u00f1os crea un mapa llamado Castillo de Destino el cual sirve como una hoja de ruta con las energ\u00edas que tienes cada a\u00f1o. Esta es una preciosa herramienta para ver cu\u00e1les tr\u00e1nsitos tuviste durante experiencias espec\u00edficas en tu vida y aprender acerca de patrones recurrentes. Con fines de planificaci\u00f3n, tambi\u00e9n ayuda a ver las energ\u00edas que tendr\u00e1s en pr\u00f3ximos a\u00f1os para que puedas elegir tu camino respectivamente. Esta lectura es maravillosa para todos, y se hace muy especial si est\u00e1s por cumplir 52 o ya lo pasaste.<\/p>\n\n\n\n<p>Desde una perspectiva energ\u00e9tica, una vez que identificas patrones repetitivos en tu historia, te haces consciente de qu\u00e9 es lo que dispara ciertas acciones y reacciones, como as\u00ed tambi\u00e9n pensamientos y sentimientos, y porqu\u00e9 contin\u00faas atrayendo situaciones particulares o ciertos tipos de personas a tu vida. Reconocer los cambios energ\u00e9ticos en a\u00f1os espec\u00edficos tambi\u00e9n brinda toda una nueva comprensi\u00f3n de eventos previos, ayud\u00e1ndote a despejar cualquier cosa del pasado a fin de elegir lo que es mejor para ti en el presente y para el futuro en base a quienes eres hoy y qu\u00e9 quieres para este momento de tu vida. <\/p>\n\n\n\n<div class=\"wp-block-image\"><figure class=\"aligncenter size-large\"><img loading=\"lazy\" decoding=\"async\" width=\"500\" height=\"500\" src=\"https:\/\/mayankin.com\/es\/wp-content\/uploads\/2019\/11\/MarielaMaya-MayanKin-BridgingWorlds-Destiny-Castle-Session-PGF.png\" alt=\"\" class=\"wp-image-12448\" srcset=\"https:\/\/mayankin.com\/es\/wp-content\/uploads\/2019\/11\/MarielaMaya-MayanKin-BridgingWorlds-Destiny-Castle-Session-PGF.png 500w, https:\/\/mayankin.com\/es\/wp-content\/uploads\/2019\/11\/MarielaMaya-MayanKin-BridgingWorlds-Destiny-Castle-Session-PGF-300x300.png 300w, https:\/\/mayankin.com\/es\/wp-content\/uploads\/2019\/11\/MarielaMaya-MayanKin-BridgingWorlds-Destiny-Castle-Session-PGF-150x150.png 150w, https:\/\/mayankin.com\/es\/wp-content\/uploads\/2019\/11\/MarielaMaya-MayanKin-BridgingWorlds-Destiny-Castle-Session-PGF-180x180.png 180w\" sizes=\"auto, (max-width: 500px) 100vw, 500px\" \/><\/figure><\/div>\n\n\n\n<p>Si tienes m\u00e1s de 52 a\u00f1os, esto significa que ya te encuentras en tu segunda ronda transitando por las mismas energ\u00edas de cuando eras 52 a\u00f1os m\u00e1s joven (ej. 65 a\u00f1os, 65-52=13). En una edad distinta, y con todas las experiencias y sabidur\u00eda adquiridas, la vida te da la oportunidad de sanar lo que haya que sanar o recuperar lo que es tuyo y se ha perdido a lo largo del camino. <\/p>\n\n\n\n<p>El Castillo de Destino es la lectura m\u00e1s completa de todas ya que contiene las diversas capas. Durante la sesi\u00f3n, te mostrar\u00e9 como entenderlo y usarlo de maneras pr\u00e1cticas. Repasaremos algunas experiencias de tu vida como ejemplos para ver lo que significaron desde un punto de vista de tr\u00e1nsito energ\u00e9tico, lo cual ayudar\u00e1 a identificar patrones subyacentes. Mientras que no es necesario, quiz\u00e1 quieras agendar una o m\u00e1s sesiones de seguimiento despu\u00e9s para continuar trabajando en tu mapa de 52 a\u00f1os con mayor profundidad para seguir despejando experiencias pasadas y empoder\u00e1ndote en el presente.<\/p>\n\n\n\n<p>Si el Tzolkin es nuevo para ti, es muy recomendable tener primero tu <a href=\"https:\/\/mayankin.com\/es\/product\/oraculo-de-nacimiento\/\">Or\u00e1culo de Nacimiento<\/a>.<\/p>\n\n\n\n<h4 class=\"internal-links wp-block-heading\"><a href=\"https:\/\/mayankin.com\/es\/product\/castillo-del-destino\/\">C\u00f3mo Agendo mi Lectura de Castillo de Destino?<\/a><\/h4>\n\n\n\n<h4 class=\"internal-links wp-block-heading\"><a href=\"https:\/\/mayankin.com\/es\/lecturas\/\">Qu\u00e9 otras Lecturas est\u00e1n disponibles?<\/a><\/h4>\n\n\n\n<h4 class=\"internal-links wp-block-heading\"><a href=\"https:\/\/mayankin.com\/es\/sesiones\/\">Qu\u00e9 tipo de Sesiones ofreces?<\/a><\/h4>\n\n\n","protected":false},"excerpt":{"rendered":"<p>Cada 52 a\u00f1os, el patr\u00f3n energ\u00e9tico se repite por primera vez, ciclo al que se conoce como la Rueda Cal\u00e9ndrica. Este ciclo de 52 a\u00f1os crea un mapa llamado Castillo de Destino el cual sirve como una hoja de ruta con las energ\u00edas que tienes cada a\u00f1o. Esta es una preciosa herramienta para ver cu\u00e1les [&hellip;]<\/p>\n","protected":false},"author":4,"featured_media":0,"parent":0,"menu_order":0,"comment_status":"closed","ping_status":"closed","template":"","meta":{"_monsterinsights_skip_tracking":false,"_monsterinsights_sitenote_active":false,"_monsterinsights_sitenote_note":"","_monsterinsights_sitenote_category":0,"_genesis_hide_title":false,"_genesis_hide_breadcrumbs":false,"_genesis_hide_singular_image":false,"_genesis_hide_footer_widgets":false,"_genesis_custom_body_class":"services","_genesis_custom_post_class":"","_genesis_layout":"","footnotes":""},"class_list":{"0":"post-11652","1":"page","2":"type-page","3":"status-publish","5":"entry","6":"has-post-thumbnail"},"yoast_head":"<!-- This site is optimized with the Yoast SEO plugin v26.6 - https:\/\/yoast.com\/wordpress\/plugins\/seo\/ -->\n<title>Tzolkin Castillo de Destino de 52-a\u00f1os para la Conciencia | MayanKin<\/title>\n<meta name=\"description\" content=\"Familiar\u00edzate con tu ciclo de Tzolkin de 52 a\u00f1os y c\u00f3mo puedes usar esta herramienta para aprender acerca de patrones repetitivos y planear a futuro\" \/>\n<meta name=\"robots\" content=\"index, follow, max-snippet:-1, max-image-preview:large, max-video-preview:-1\" \/>\n<link rel=\"canonical\" href=\"https:\/\/mayankin.com\/es\/castillo-del-destino\/\" \/>\n<meta property=\"og:locale\" content=\"es_ES\" \/>\n<meta property=\"og:type\" content=\"article\" \/>\n<meta property=\"og:title\" content=\"Tzolkin Castillo de Destino de 52-a\u00f1os para la Conciencia | MayanKin\" \/>\n<meta property=\"og:description\" content=\"Familiar\u00edzate con tu ciclo de Tzolkin de 52 a\u00f1os y c\u00f3mo puedes usar esta herramienta para aprender acerca de patrones repetitivos y planear a futuro\" \/>\n<meta property=\"og:url\" content=\"https:\/\/mayankin.com\/es\/castillo-del-destino\/\" \/>\n<meta property=\"og:site_name\" content=\"MayanKin\" \/>\n<meta property=\"article:publisher\" content=\"https:\/\/www.facebook.com\/MayanKinEspanol\/\" \/>\n<meta property=\"article:modified_time\" content=\"2020-05-26T04:16:25+00:00\" \/>\n<meta property=\"og:image\" content=\"https:\/\/mayankin.com\/es\/wp-content\/uploads\/2019\/11\/MarielaMaya-MayanKin-BridgingWorlds-Destiny-Castle-Session-PGF.png\" \/>\n<meta name=\"twitter:card\" content=\"summary_large_image\" \/>\n<meta name=\"twitter:site\" content=\"@mayankin\" \/>\n<meta name=\"twitter:label1\" content=\"Tiempo de lectura\" \/>\n\t<meta name=\"twitter:data1\" content=\"2 minutos\" \/>\n<script type=\"application\/ld+json\" class=\"yoast-schema-graph\">{\"@context\":\"https:\/\/schema.org\",\"@graph\":[{\"@type\":\"WebPage\",\"@id\":\"https:\/\/mayankin.com\/es\/castillo-del-destino\/\",\"url\":\"https:\/\/mayankin.com\/es\/castillo-del-destino\/\",\"name\":\"Tzolkin Castillo de Destino de 52-a\u00f1os para la Conciencia | MayanKin\",\"isPartOf\":{\"@id\":\"https:\/\/mayankin.com\/es\/#website\"},\"primaryImageOfPage\":{\"@id\":\"https:\/\/mayankin.com\/es\/castillo-del-destino\/#primaryimage\"},\"image\":{\"@id\":\"https:\/\/mayankin.com\/es\/castillo-del-destino\/#primaryimage\"},\"thumbnailUrl\":\"https:\/\/mayankin.com\/es\/wp-content\/uploads\/2019\/11\/MarielaMaya-MayanKin-BridgingWorlds-Destiny-Castle-Session-PGF.png\",\"datePublished\":\"2019-09-03T22:22:33+00:00\",\"dateModified\":\"2020-05-26T04:16:25+00:00\",\"description\":\"Familiar\u00edzate con tu ciclo de Tzolkin de 52 a\u00f1os y c\u00f3mo puedes usar esta herramienta para aprender acerca de patrones repetitivos y planear a futuro\",\"breadcrumb\":{\"@id\":\"https:\/\/mayankin.com\/es\/castillo-del-destino\/#breadcrumb\"},\"inLanguage\":\"es\",\"potentialAction\":[{\"@type\":\"ReadAction\",\"target\":[\"https:\/\/mayankin.com\/es\/castillo-del-destino\/\"]}]},{\"@type\":\"ImageObject\",\"inLanguage\":\"es\",\"@id\":\"https:\/\/mayankin.com\/es\/castillo-del-destino\/#primaryimage\",\"url\":\"https:\/\/mayankin.com\/es\/wp-content\/uploads\/2019\/11\/MarielaMaya-MayanKin-BridgingWorlds-Destiny-Castle-Session-PGF.png\",\"contentUrl\":\"https:\/\/mayankin.com\/es\/wp-content\/uploads\/2019\/11\/MarielaMaya-MayanKin-BridgingWorlds-Destiny-Castle-Session-PGF.png\",\"width\":500,\"height\":500},{\"@type\":\"BreadcrumbList\",\"@id\":\"https:\/\/mayankin.com\/es\/castillo-del-destino\/#breadcrumb\",\"itemListElement\":[{\"@type\":\"ListItem\",\"position\":1,\"name\":\"Portada\",\"item\":\"https:\/\/mayankin.com\/es\/\"},{\"@type\":\"ListItem\",\"position\":2,\"name\":\"Castillo de Destino\"}]},{\"@type\":\"WebSite\",\"@id\":\"https:\/\/mayankin.com\/es\/#website\",\"url\":\"https:\/\/mayankin.com\/es\/\",\"name\":\"MayanKin\",\"description\":\"\",\"publisher\":{\"@id\":\"https:\/\/mayankin.com\/es\/#organization\"},\"potentialAction\":[{\"@type\":\"SearchAction\",\"target\":{\"@type\":\"EntryPoint\",\"urlTemplate\":\"https:\/\/mayankin.com\/es\/?s={search_term_string}\"},\"query-input\":{\"@type\":\"PropertyValueSpecification\",\"valueRequired\":true,\"valueName\":\"search_term_string\"}}],\"inLanguage\":\"es\"},{\"@type\":\"Organization\",\"@id\":\"https:\/\/mayankin.com\/es\/#organization\",\"name\":\"MayanKin\",\"url\":\"https:\/\/mayankin.com\/es\/\",\"logo\":{\"@type\":\"ImageObject\",\"inLanguage\":\"es\",\"@id\":\"https:\/\/mayankin.com\/es\/#\/schema\/logo\/image\/\",\"url\":\"https:\/\/mayankin.com\/es\/wp-content\/uploads\/2020\/05\/MK-Logo-Redesign.png\",\"contentUrl\":\"https:\/\/mayankin.com\/es\/wp-content\/uploads\/2020\/05\/MK-Logo-Redesign.png\",\"width\":260,\"height\":105,\"caption\":\"MayanKin\"},\"image\":{\"@id\":\"https:\/\/mayankin.com\/es\/#\/schema\/logo\/image\/\"},\"sameAs\":[\"https:\/\/www.facebook.com\/MayanKinEspanol\/\",\"https:\/\/x.com\/mayankin\"]}]}<\/script>\n<!-- \/ Yoast SEO plugin. -->","yoast_head_json":{"title":"Tzolkin Castillo de Destino de 52-a\u00f1os para la Conciencia | MayanKin","description":"Familiar\u00edzate con tu ciclo de Tzolkin de 52 a\u00f1os y c\u00f3mo puedes usar esta herramienta para aprender acerca de patrones repetitivos y planear a futuro","robots":{"index":"index","follow":"follow","max-snippet":"max-snippet:-1","max-image-preview":"max-image-preview:large","max-video-preview":"max-video-preview:-1"},"canonical":"https:\/\/mayankin.com\/es\/castillo-del-destino\/","og_locale":"es_ES","og_type":"article","og_title":"Tzolkin Castillo de Destino de 52-a\u00f1os para la Conciencia | MayanKin","og_description":"Familiar\u00edzate con tu ciclo de Tzolkin de 52 a\u00f1os y c\u00f3mo puedes usar esta herramienta para aprender acerca de patrones repetitivos y planear a futuro","og_url":"https:\/\/mayankin.com\/es\/castillo-del-destino\/","og_site_name":"MayanKin","article_publisher":"https:\/\/www.facebook.com\/MayanKinEspanol\/","article_modified_time":"2020-05-26T04:16:25+00:00","og_image":[{"url":"https:\/\/mayankin.com\/es\/wp-content\/uploads\/2019\/11\/MarielaMaya-MayanKin-BridgingWorlds-Destiny-Castle-Session-PGF.png","type":"","width":"","height":""}],"twitter_card":"summary_large_image","twitter_site":"@mayankin","twitter_misc":{"Tiempo de lectura":"2 minutos"},"schema":{"@context":"https:\/\/schema.org","@graph":[{"@type":"WebPage","@id":"https:\/\/mayankin.com\/es\/castillo-del-destino\/","url":"https:\/\/mayankin.com\/es\/castillo-del-destino\/","name":"Tzolkin Castillo de Destino de 52-a\u00f1os para la Conciencia | MayanKin","isPartOf":{"@id":"https:\/\/mayankin.com\/es\/#website"},"primaryImageOfPage":{"@id":"https:\/\/mayankin.com\/es\/castillo-del-destino\/#primaryimage"},"image":{"@id":"https:\/\/mayankin.com\/es\/castillo-del-destino\/#primaryimage"},"thumbnailUrl":"https:\/\/mayankin.com\/es\/wp-content\/uploads\/2019\/11\/MarielaMaya-MayanKin-BridgingWorlds-Destiny-Castle-Session-PGF.png","datePublished":"2019-09-03T22:22:33+00:00","dateModified":"2020-05-26T04:16:25+00:00","description":"Familiar\u00edzate con tu ciclo de Tzolkin de 52 a\u00f1os y c\u00f3mo puedes usar esta herramienta para aprender acerca de patrones repetitivos y planear a futuro","breadcrumb":{"@id":"https:\/\/mayankin.com\/es\/castillo-del-destino\/#breadcrumb"},"inLanguage":"es","potentialAction":[{"@type":"ReadAction","target":["https:\/\/mayankin.com\/es\/castillo-del-destino\/"]}]},{"@type":"ImageObject","inLanguage":"es","@id":"https:\/\/mayankin.com\/es\/castillo-del-destino\/#primaryimage","url":"https:\/\/mayankin.com\/es\/wp-content\/uploads\/2019\/11\/MarielaMaya-MayanKin-BridgingWorlds-Destiny-Castle-Session-PGF.png","contentUrl":"https:\/\/mayankin.com\/es\/wp-content\/uploads\/2019\/11\/MarielaMaya-MayanKin-BridgingWorlds-Destiny-Castle-Session-PGF.png","width":500,"height":500},{"@type":"BreadcrumbList","@id":"https:\/\/mayankin.com\/es\/castillo-del-destino\/#breadcrumb","itemListElement":[{"@type":"ListItem","position":1,"name":"Portada","item":"https:\/\/mayankin.com\/es\/"},{"@type":"ListItem","position":2,"name":"Castillo de Destino"}]},{"@type":"WebSite","@id":"https:\/\/mayankin.com\/es\/#website","url":"https:\/\/mayankin.com\/es\/","name":"MayanKin","description":"","publisher":{"@id":"https:\/\/mayankin.com\/es\/#organization"},"potentialAction":[{"@type":"SearchAction","target":{"@type":"EntryPoint","urlTemplate":"https:\/\/mayankin.com\/es\/?s={search_term_string}"},"query-input":{"@type":"PropertyValueSpecification","valueRequired":true,"valueName":"search_term_string"}}],"inLanguage":"es"},{"@type":"Organization","@id":"https:\/\/mayankin.com\/es\/#organization","name":"MayanKin","url":"https:\/\/mayankin.com\/es\/","logo":{"@type":"ImageObject","inLanguage":"es","@id":"https:\/\/mayankin.com\/es\/#\/schema\/logo\/image\/","url":"https:\/\/mayankin.com\/es\/wp-content\/uploads\/2020\/05\/MK-Logo-Redesign.png","contentUrl":"https:\/\/mayankin.com\/es\/wp-content\/uploads\/2020\/05\/MK-Logo-Redesign.png","width":260,"height":105,"caption":"MayanKin"},"image":{"@id":"https:\/\/mayankin.com\/es\/#\/schema\/logo\/image\/"},"sameAs":["https:\/\/www.facebook.com\/MayanKinEspanol\/","https:\/\/x.com\/mayankin"]}]}},"_links":{"self":[{"href":"https:\/\/mayankin.com\/es\/wp-json\/wp\/v2\/pages\/11652","targetHints":{"allow":["GET"]}}],"collection":[{"href":"https:\/\/mayankin.com\/es\/wp-json\/wp\/v2\/pages"}],"about":[{"href":"https:\/\/mayankin.com\/es\/wp-json\/wp\/v2\/types\/page"}],"author":[{"embeddable":true,"href":"https:\/\/mayankin.com\/es\/wp-json\/wp\/v2\/users\/4"}],"replies":[{"embeddable":true,"href":"https:\/\/mayankin.com\/es\/wp-json\/wp\/v2\/comments?post=11652"}],"version-history":[{"count":15,"href":"https:\/\/mayankin.com\/es\/wp-json\/wp\/v2\/pages\/11652\/revisions"}],"predecessor-version":[{"id":12774,"href":"https:\/\/mayankin.com\/es\/wp-json\/wp\/v2\/pages\/11652\/revisions\/12774"}],"wp:attachment":[{"href":"https:\/\/mayankin.com\/es\/wp-json\/wp\/v2\/media?parent=11652"}],"curies":[{"name":"wp","href":"https:\/\/api.w.org\/{rel}","templated":true}]}}