{"id":11401,"date":"2019-08-29T00:06:02","date_gmt":"2019-08-29T00:06:02","guid":{"rendered":"https:\/\/mayankin.com\/es\/?page_id=11401"},"modified":"2020-05-25T21:33:40","modified_gmt":"2020-05-26T04:33:40","slug":"aprendiendo","status":"publish","type":"page","link":"https:\/\/mayankin.com\/es\/aprendiendo\/","title":{"rendered":"Aprendiendo"},"content":{"rendered":"\n<p>Explora y disfruta de productos \u00fanicos para aprender y experimentar la versi\u00f3n moderna del Tzolkin como una herramienta empoderante, divertida y significativa para el crecimiento y la transformaci\u00f3n personal.<\/p>\n\n\n\n<p>Hemos dise\u00f1ado todos los productos de manera que se complementan entre s\u00ed con la intenci\u00f3n de facilitar una f\u00e1cil comprensi\u00f3n e implementaci\u00f3n. Chequ\u00e9alos! <\/p>\n\n\n\n<p>Nota: Por el momento el libro y el diario personal se encuentran solamente en ingl\u00e9s. La versi\u00f3n digital del libro en espa\u00f1ol estar\u00e1 disponible dentro muy pronto! <\/p>\n","protected":false},"excerpt":{"rendered":"<p>Explora y disfruta de productos \u00fanicos para aprender y experimentar la versi\u00f3n moderna del Tzolkin como una herramienta empoderante, divertida y significativa para el crecimiento y la transformaci\u00f3n personal. Hemos dise\u00f1ado todos los productos de manera que se complementan entre s\u00ed con la intenci\u00f3n de facilitar una f\u00e1cil comprensi\u00f3n e implementaci\u00f3n. Chequ\u00e9alos! Nota: Por el [&hellip;]<\/p>\n","protected":false},"author":4,"featured_media":0,"parent":0,"menu_order":0,"comment_status":"closed","ping_status":"closed","template":"store-learning-sp.php","meta":{"_monsterinsights_skip_tracking":false,"_monsterinsights_sitenote_active":false,"_monsterinsights_sitenote_note":"","_monsterinsights_sitenote_category":0,"_genesis_hide_title":false,"_genesis_hide_breadcrumbs":false,"_genesis_hide_singular_image":false,"_genesis_hide_footer_widgets":false,"_genesis_custom_body_class":"store","_genesis_custom_post_class":"","_genesis_layout":"","footnotes":""},"class_list":{"0":"post-11401","1":"page","2":"type-page","3":"status-publish","5":"entry"},"yoast_head":"<!-- This site is optimized with the Yoast SEO plugin v26.6 - https:\/\/yoast.com\/wordpress\/plugins\/seo\/ -->\n<title>Obt\u00e9n tu Gu\u00eda Pr\u00e1ctica del Tzolkin y la Agenda | MayanKin<\/title>\n<meta name=\"description\" content=\"Obt\u00e9n tu Gu\u00eda Pr\u00e1ctica del Tzolkin, la agenda, y otros productos maravillosos para aprender y vivenciar la magia de la versi\u00f3n moderna del Tzolkin\" \/>\n<meta name=\"robots\" content=\"index, follow, max-snippet:-1, max-image-preview:large, max-video-preview:-1\" \/>\n<link rel=\"canonical\" href=\"https:\/\/mayankin.com\/es\/aprendiendo\/\" \/>\n<meta property=\"og:locale\" content=\"es_ES\" \/>\n<meta property=\"og:type\" content=\"article\" \/>\n<meta property=\"og:title\" content=\"Obt\u00e9n tu Gu\u00eda Pr\u00e1ctica del Tzolkin y la Agenda | MayanKin\" \/>\n<meta property=\"og:description\" content=\"Obt\u00e9n tu Gu\u00eda Pr\u00e1ctica del Tzolkin, la agenda, y otros productos maravillosos para aprender y vivenciar la magia de la versi\u00f3n moderna del Tzolkin\" \/>\n<meta property=\"og:url\" content=\"https:\/\/mayankin.com\/es\/aprendiendo\/\" \/>\n<meta property=\"og:site_name\" content=\"MayanKin\" \/>\n<meta property=\"article:publisher\" content=\"https:\/\/www.facebook.com\/MayanKinEspanol\/\" \/>\n<meta property=\"article:modified_time\" content=\"2020-05-26T04:33:40+00:00\" \/>\n<meta name=\"twitter:card\" content=\"summary_large_image\" \/>\n<meta name=\"twitter:site\" content=\"@mayankin\" \/>\n<script type=\"application\/ld+json\" class=\"yoast-schema-graph\">{\"@context\":\"https:\/\/schema.org\",\"@graph\":[{\"@type\":\"WebPage\",\"@id\":\"https:\/\/mayankin.com\/es\/aprendiendo\/\",\"url\":\"https:\/\/mayankin.com\/es\/aprendiendo\/\",\"name\":\"Obt\u00e9n tu Gu\u00eda Pr\u00e1ctica del Tzolkin y la Agenda | MayanKin\",\"isPartOf\":{\"@id\":\"https:\/\/mayankin.com\/es\/#website\"},\"datePublished\":\"2019-08-29T00:06:02+00:00\",\"dateModified\":\"2020-05-26T04:33:40+00:00\",\"description\":\"Obt\u00e9n tu Gu\u00eda Pr\u00e1ctica del Tzolkin, la agenda, y otros productos maravillosos para aprender y vivenciar la magia de la versi\u00f3n moderna del Tzolkin\",\"breadcrumb\":{\"@id\":\"https:\/\/mayankin.com\/es\/aprendiendo\/#breadcrumb\"},\"inLanguage\":\"es\",\"potentialAction\":[{\"@type\":\"ReadAction\",\"target\":[\"https:\/\/mayankin.com\/es\/aprendiendo\/\"]}]},{\"@type\":\"BreadcrumbList\",\"@id\":\"https:\/\/mayankin.com\/es\/aprendiendo\/#breadcrumb\",\"itemListElement\":[{\"@type\":\"ListItem\",\"position\":1,\"name\":\"Portada\",\"item\":\"https:\/\/mayankin.com\/es\/\"},{\"@type\":\"ListItem\",\"position\":2,\"name\":\"Aprendiendo\"}]},{\"@type\":\"WebSite\",\"@id\":\"https:\/\/mayankin.com\/es\/#website\",\"url\":\"https:\/\/mayankin.com\/es\/\",\"name\":\"MayanKin\",\"description\":\"\",\"publisher\":{\"@id\":\"https:\/\/mayankin.com\/es\/#organization\"},\"potentialAction\":[{\"@type\":\"SearchAction\",\"target\":{\"@type\":\"EntryPoint\",\"urlTemplate\":\"https:\/\/mayankin.com\/es\/?s={search_term_string}\"},\"query-input\":{\"@type\":\"PropertyValueSpecification\",\"valueRequired\":true,\"valueName\":\"search_term_string\"}}],\"inLanguage\":\"es\"},{\"@type\":\"Organization\",\"@id\":\"https:\/\/mayankin.com\/es\/#organization\",\"name\":\"MayanKin\",\"url\":\"https:\/\/mayankin.com\/es\/\",\"logo\":{\"@type\":\"ImageObject\",\"inLanguage\":\"es\",\"@id\":\"https:\/\/mayankin.com\/es\/#\/schema\/logo\/image\/\",\"url\":\"https:\/\/mayankin.com\/es\/wp-content\/uploads\/2020\/05\/MK-Logo-Redesign.png\",\"contentUrl\":\"https:\/\/mayankin.com\/es\/wp-content\/uploads\/2020\/05\/MK-Logo-Redesign.png\",\"width\":260,\"height\":105,\"caption\":\"MayanKin\"},\"image\":{\"@id\":\"https:\/\/mayankin.com\/es\/#\/schema\/logo\/image\/\"},\"sameAs\":[\"https:\/\/www.facebook.com\/MayanKinEspanol\/\",\"https:\/\/x.com\/mayankin\"]}]}<\/script>\n<!-- \/ Yoast SEO plugin. -->","yoast_head_json":{"title":"Obt\u00e9n tu Gu\u00eda Pr\u00e1ctica del Tzolkin y la Agenda | MayanKin","description":"Obt\u00e9n tu Gu\u00eda Pr\u00e1ctica del Tzolkin, la agenda, y otros productos maravillosos para aprender y vivenciar la magia de la versi\u00f3n moderna del Tzolkin","robots":{"index":"index","follow":"follow","max-snippet":"max-snippet:-1","max-image-preview":"max-image-preview:large","max-video-preview":"max-video-preview:-1"},"canonical":"https:\/\/mayankin.com\/es\/aprendiendo\/","og_locale":"es_ES","og_type":"article","og_title":"Obt\u00e9n tu Gu\u00eda Pr\u00e1ctica del Tzolkin y la Agenda | MayanKin","og_description":"Obt\u00e9n tu Gu\u00eda Pr\u00e1ctica del Tzolkin, la agenda, y otros productos maravillosos para aprender y vivenciar la magia de la versi\u00f3n moderna del Tzolkin","og_url":"https:\/\/mayankin.com\/es\/aprendiendo\/","og_site_name":"MayanKin","article_publisher":"https:\/\/www.facebook.com\/MayanKinEspanol\/","article_modified_time":"2020-05-26T04:33:40+00:00","twitter_card":"summary_large_image","twitter_site":"@mayankin","schema":{"@context":"https:\/\/schema.org","@graph":[{"@type":"WebPage","@id":"https:\/\/mayankin.com\/es\/aprendiendo\/","url":"https:\/\/mayankin.com\/es\/aprendiendo\/","name":"Obt\u00e9n tu Gu\u00eda Pr\u00e1ctica del Tzolkin y la Agenda | MayanKin","isPartOf":{"@id":"https:\/\/mayankin.com\/es\/#website"},"datePublished":"2019-08-29T00:06:02+00:00","dateModified":"2020-05-26T04:33:40+00:00","description":"Obt\u00e9n tu Gu\u00eda Pr\u00e1ctica del Tzolkin, la agenda, y otros productos maravillosos para aprender y vivenciar la magia de la versi\u00f3n moderna del Tzolkin","breadcrumb":{"@id":"https:\/\/mayankin.com\/es\/aprendiendo\/#breadcrumb"},"inLanguage":"es","potentialAction":[{"@type":"ReadAction","target":["https:\/\/mayankin.com\/es\/aprendiendo\/"]}]},{"@type":"BreadcrumbList","@id":"https:\/\/mayankin.com\/es\/aprendiendo\/#breadcrumb","itemListElement":[{"@type":"ListItem","position":1,"name":"Portada","item":"https:\/\/mayankin.com\/es\/"},{"@type":"ListItem","position":2,"name":"Aprendiendo"}]},{"@type":"WebSite","@id":"https:\/\/mayankin.com\/es\/#website","url":"https:\/\/mayankin.com\/es\/","name":"MayanKin","description":"","publisher":{"@id":"https:\/\/mayankin.com\/es\/#organization"},"potentialAction":[{"@type":"SearchAction","target":{"@type":"EntryPoint","urlTemplate":"https:\/\/mayankin.com\/es\/?s={search_term_string}"},"query-input":{"@type":"PropertyValueSpecification","valueRequired":true,"valueName":"search_term_string"}}],"inLanguage":"es"},{"@type":"Organization","@id":"https:\/\/mayankin.com\/es\/#organization","name":"MayanKin","url":"https:\/\/mayankin.com\/es\/","logo":{"@type":"ImageObject","inLanguage":"es","@id":"https:\/\/mayankin.com\/es\/#\/schema\/logo\/image\/","url":"https:\/\/mayankin.com\/es\/wp-content\/uploads\/2020\/05\/MK-Logo-Redesign.png","contentUrl":"https:\/\/mayankin.com\/es\/wp-content\/uploads\/2020\/05\/MK-Logo-Redesign.png","width":260,"height":105,"caption":"MayanKin"},"image":{"@id":"https:\/\/mayankin.com\/es\/#\/schema\/logo\/image\/"},"sameAs":["https:\/\/www.facebook.com\/MayanKinEspanol\/","https:\/\/x.com\/mayankin"]}]}},"_links":{"self":[{"href":"https:\/\/mayankin.com\/es\/wp-json\/wp\/v2\/pages\/11401","targetHints":{"allow":["GET"]}}],"collection":[{"href":"https:\/\/mayankin.com\/es\/wp-json\/wp\/v2\/pages"}],"about":[{"href":"https:\/\/mayankin.com\/es\/wp-json\/wp\/v2\/types\/page"}],"author":[{"embeddable":true,"href":"https:\/\/mayankin.com\/es\/wp-json\/wp\/v2\/users\/4"}],"replies":[{"embeddable":true,"href":"https:\/\/mayankin.com\/es\/wp-json\/wp\/v2\/comments?post=11401"}],"version-history":[{"count":5,"href":"https:\/\/mayankin.com\/es\/wp-json\/wp\/v2\/pages\/11401\/revisions"}],"predecessor-version":[{"id":12794,"href":"https:\/\/mayankin.com\/es\/wp-json\/wp\/v2\/pages\/11401\/revisions\/12794"}],"wp:attachment":[{"href":"https:\/\/mayankin.com\/es\/wp-json\/wp\/v2\/media?parent=11401"}],"curies":[{"name":"wp","href":"https:\/\/api.w.org\/{rel}","templated":true}]}}