{"id":11345,"date":"2019-08-27T00:00:39","date_gmt":"2019-08-27T00:00:39","guid":{"rendered":"https:\/\/mayankin.com\/es\/?page_id=11345"},"modified":"2020-05-28T21:09:40","modified_gmt":"2020-05-29T04:09:40","slug":"tzolkin-castillo-azul-seminarios-web","status":"publish","type":"page","link":"https:\/\/mayankin.com\/es\/tzolkin-castillo-azul-seminarios-web\/","title":{"rendered":"Seminarios Web Tzolkin Castillo Azul"},"content":{"rendered":"\n<h4 class=\"wp-block-heading\">Empod\u00e9rate a trav\u00e9s de un profundo per\u00edodo de transformaci\u00f3n<\/h4>\n\n\n\n<p>En esta serie de seminarios web de 4 sesiones (en ingl\u00e9s) dedicadas exclusivamente al Castillo Azul de la Transformaci\u00f3n, compartir\u00e9 contigo formas muy pr\u00e1cticas de sintonizar con las energ\u00edas diarias, incluidos ejercicios, rituales, consejos e ideas que te ayudar\u00e1n a cambiar la forma en que experimentas la realidad y transformar lo que ya no te sirve para crecer y evolucionar.<\/p>\n\n\n\n<p class=\"has-small-font-size\"><strong>Nota: Esta Serie fue parte del Castillo Azul del ciclo de Tzolkin del 26 de octubre, 2018 al 12 de julio, 2019. Todas las sesiones fueron grabadas en vivo. Si bien hago referencia a fechas relacionadas con ese per\u00edodo, el contenido del seminario es aplicable a cualquier ciclo.<\/strong><\/p>\n\n\n\n<figure class=\"wp-block-embed-youtube aligncenter wp-block-embed is-type-video is-provider-youtube wp-embed-aspect-16-9 wp-has-aspect-ratio\"><div class=\"wp-block-embed__wrapper\">\n<iframe loading=\"lazy\" title=\"Blue Castle 2019 Special Webinar Invite MayanKin &amp; BridgingWorlds\" width=\"702\" height=\"395\" src=\"https:\/\/www.youtube.com\/embed\/avln1FLkzww?feature=oembed\" frameborder=\"0\" allow=\"accelerometer; autoplay; encrypted-media; gyroscope; picture-in-picture\" allowfullscreen><\/iframe>\n<\/div><\/figure>\n\n\n\n<p>Cada sesi\u00f3n dura 60 minutos y cubre una Onda Encantada. Puedes inscribirte solo para las sesiones de tu inter\u00e9s o para toda la serie.<\/p>\n\n\n\n<p>Aprender\u00e1s acerca de:<\/p>\n\n\n\n<ul class=\"wp-block-list\"><li>Qu\u00e9 es el Castillo Azul<\/li><li>Aspectos destacados y fechas importantes durante estos 52 d\u00edas<\/li><li>Portales de Activaci\u00f3n Gal\u00e1ctica &amp; Columnas PAG<\/li><li>Columna M\u00edstica y D\u00edas N\u00facleo<\/li><li>C\u00f3mo sintonizar con y corporizar las energ\u00edas diarias<\/li><li>Formas de experimentarlo a nivel mente, cuerpo, coraz\u00f3n y alma<\/li><\/ul>\n\n\n\n<p><em>No se requiere experiencia previa pero se recomienda un entendimiento b\u00e1sico del Tzolkin<\/em>.<\/p>\n\n\n\n<p style=\"color:#8870af\" class=\"has-text-color\"><strong>Obtiene sesiones individuales ($15 cada una) o toda la serie ($52)<\/strong><\/p>\n\n\n\n<p style=\"color:#548233\" class=\"has-text-color\"><strong>Todas las compras incluyen acceso de por vida a las grabaciones completas de los seminarios web y todo el material asociado<\/strong><\/p>\n\n\n\n<p>Puedes ver m\u00e1s detalles sobre una o m\u00e1s sesiones seleccionando una de las im\u00e1genes a continuaci\u00f3n. Despu\u00e9s de tu compra, recibir\u00e1s un correo electr\u00f3nico con instrucciones sobre d\u00f3nde y c\u00f3mo acceder a la sesi\u00f3n del seminario web.<\/p>\n","protected":false},"excerpt":{"rendered":"<p>Empod\u00e9rate a trav\u00e9s de un profundo per\u00edodo de transformaci\u00f3n En esta serie de seminarios web de 4 sesiones (en ingl\u00e9s) dedicadas exclusivamente al Castillo Azul de la Transformaci\u00f3n, compartir\u00e9 contigo formas muy pr\u00e1cticas de sintonizar con las energ\u00edas diarias, incluidos ejercicios, rituales, consejos e ideas que te ayudar\u00e1n a cambiar la forma en que experimentas [&hellip;]<\/p>\n","protected":false},"author":4,"featured_media":0,"parent":0,"menu_order":0,"comment_status":"closed","ping_status":"closed","template":"webinars-bluecastle-sp.php","meta":{"_monsterinsights_skip_tracking":false,"_monsterinsights_sitenote_active":false,"_monsterinsights_sitenote_note":"","_monsterinsights_sitenote_category":0,"_genesis_hide_title":false,"_genesis_hide_breadcrumbs":false,"_genesis_hide_singular_image":false,"_genesis_hide_footer_widgets":false,"_genesis_custom_body_class":"events","_genesis_custom_post_class":"","_genesis_layout":"","footnotes":""},"class_list":{"0":"post-11345","1":"page","2":"type-page","3":"status-publish","5":"entry"},"yoast_head":"<!-- This site is optimized with the Yoast SEO plugin v26.6 - https:\/\/yoast.com\/wordpress\/plugins\/seo\/ -->\n<title>Reg\u00edstrate al Seminario Web del Castillo Azul del Tzolkin | MayanKin<\/title>\n<meta name=\"description\" content=\"Chequea este seminario web para aprender acerca del Castillo Azul de la Transformaci\u00f3n del Tzolkin y formas pr\u00e1cticas para sintonizar con las energ\u00edas\" \/>\n<meta name=\"robots\" content=\"index, follow, max-snippet:-1, max-image-preview:large, max-video-preview:-1\" \/>\n<link rel=\"canonical\" href=\"https:\/\/mayankin.com\/es\/tzolkin-castillo-azul-seminarios-web\/\" \/>\n<meta property=\"og:locale\" content=\"es_ES\" \/>\n<meta property=\"og:type\" content=\"article\" \/>\n<meta property=\"og:title\" content=\"Reg\u00edstrate al Seminario Web del Castillo Azul del Tzolkin | MayanKin\" \/>\n<meta property=\"og:description\" content=\"Chequea este seminario web para aprender acerca del Castillo Azul de la Transformaci\u00f3n del Tzolkin y formas pr\u00e1cticas para sintonizar con las energ\u00edas\" \/>\n<meta property=\"og:url\" content=\"https:\/\/mayankin.com\/es\/tzolkin-castillo-azul-seminarios-web\/\" \/>\n<meta property=\"og:site_name\" content=\"MayanKin\" \/>\n<meta property=\"article:publisher\" content=\"https:\/\/www.facebook.com\/MayanKinEspanol\/\" \/>\n<meta property=\"article:modified_time\" content=\"2020-05-29T04:09:40+00:00\" \/>\n<meta name=\"twitter:card\" content=\"summary_large_image\" \/>\n<meta name=\"twitter:site\" content=\"@mayankin\" \/>\n<meta name=\"twitter:label1\" content=\"Tiempo de lectura\" \/>\n\t<meta name=\"twitter:data1\" content=\"1 minuto\" \/>\n<script type=\"application\/ld+json\" class=\"yoast-schema-graph\">{\"@context\":\"https:\/\/schema.org\",\"@graph\":[{\"@type\":\"WebPage\",\"@id\":\"https:\/\/mayankin.com\/es\/tzolkin-castillo-azul-seminarios-web\/\",\"url\":\"https:\/\/mayankin.com\/es\/tzolkin-castillo-azul-seminarios-web\/\",\"name\":\"Reg\u00edstrate al Seminario Web del Castillo Azul del Tzolkin | MayanKin\",\"isPartOf\":{\"@id\":\"https:\/\/mayankin.com\/es\/#website\"},\"datePublished\":\"2019-08-27T00:00:39+00:00\",\"dateModified\":\"2020-05-29T04:09:40+00:00\",\"description\":\"Chequea este seminario web para aprender acerca del Castillo Azul de la Transformaci\u00f3n del Tzolkin y formas pr\u00e1cticas para sintonizar con las energ\u00edas\",\"breadcrumb\":{\"@id\":\"https:\/\/mayankin.com\/es\/tzolkin-castillo-azul-seminarios-web\/#breadcrumb\"},\"inLanguage\":\"es\",\"potentialAction\":[{\"@type\":\"ReadAction\",\"target\":[\"https:\/\/mayankin.com\/es\/tzolkin-castillo-azul-seminarios-web\/\"]}]},{\"@type\":\"BreadcrumbList\",\"@id\":\"https:\/\/mayankin.com\/es\/tzolkin-castillo-azul-seminarios-web\/#breadcrumb\",\"itemListElement\":[{\"@type\":\"ListItem\",\"position\":1,\"name\":\"Portada\",\"item\":\"https:\/\/mayankin.com\/es\/\"},{\"@type\":\"ListItem\",\"position\":2,\"name\":\"Seminarios Web Tzolkin Castillo Azul\"}]},{\"@type\":\"WebSite\",\"@id\":\"https:\/\/mayankin.com\/es\/#website\",\"url\":\"https:\/\/mayankin.com\/es\/\",\"name\":\"MayanKin\",\"description\":\"\",\"publisher\":{\"@id\":\"https:\/\/mayankin.com\/es\/#organization\"},\"potentialAction\":[{\"@type\":\"SearchAction\",\"target\":{\"@type\":\"EntryPoint\",\"urlTemplate\":\"https:\/\/mayankin.com\/es\/?s={search_term_string}\"},\"query-input\":{\"@type\":\"PropertyValueSpecification\",\"valueRequired\":true,\"valueName\":\"search_term_string\"}}],\"inLanguage\":\"es\"},{\"@type\":\"Organization\",\"@id\":\"https:\/\/mayankin.com\/es\/#organization\",\"name\":\"MayanKin\",\"url\":\"https:\/\/mayankin.com\/es\/\",\"logo\":{\"@type\":\"ImageObject\",\"inLanguage\":\"es\",\"@id\":\"https:\/\/mayankin.com\/es\/#\/schema\/logo\/image\/\",\"url\":\"https:\/\/mayankin.com\/es\/wp-content\/uploads\/2020\/05\/MK-Logo-Redesign.png\",\"contentUrl\":\"https:\/\/mayankin.com\/es\/wp-content\/uploads\/2020\/05\/MK-Logo-Redesign.png\",\"width\":260,\"height\":105,\"caption\":\"MayanKin\"},\"image\":{\"@id\":\"https:\/\/mayankin.com\/es\/#\/schema\/logo\/image\/\"},\"sameAs\":[\"https:\/\/www.facebook.com\/MayanKinEspanol\/\",\"https:\/\/x.com\/mayankin\"]}]}<\/script>\n<!-- \/ Yoast SEO plugin. -->","yoast_head_json":{"title":"Reg\u00edstrate al Seminario Web del Castillo Azul del Tzolkin | MayanKin","description":"Chequea este seminario web para aprender acerca del Castillo Azul de la Transformaci\u00f3n del Tzolkin y formas pr\u00e1cticas para sintonizar con las energ\u00edas","robots":{"index":"index","follow":"follow","max-snippet":"max-snippet:-1","max-image-preview":"max-image-preview:large","max-video-preview":"max-video-preview:-1"},"canonical":"https:\/\/mayankin.com\/es\/tzolkin-castillo-azul-seminarios-web\/","og_locale":"es_ES","og_type":"article","og_title":"Reg\u00edstrate al Seminario Web del Castillo Azul del Tzolkin | MayanKin","og_description":"Chequea este seminario web para aprender acerca del Castillo Azul de la Transformaci\u00f3n del Tzolkin y formas pr\u00e1cticas para sintonizar con las energ\u00edas","og_url":"https:\/\/mayankin.com\/es\/tzolkin-castillo-azul-seminarios-web\/","og_site_name":"MayanKin","article_publisher":"https:\/\/www.facebook.com\/MayanKinEspanol\/","article_modified_time":"2020-05-29T04:09:40+00:00","twitter_card":"summary_large_image","twitter_site":"@mayankin","twitter_misc":{"Tiempo de lectura":"1 minuto"},"schema":{"@context":"https:\/\/schema.org","@graph":[{"@type":"WebPage","@id":"https:\/\/mayankin.com\/es\/tzolkin-castillo-azul-seminarios-web\/","url":"https:\/\/mayankin.com\/es\/tzolkin-castillo-azul-seminarios-web\/","name":"Reg\u00edstrate al Seminario Web del Castillo Azul del Tzolkin | MayanKin","isPartOf":{"@id":"https:\/\/mayankin.com\/es\/#website"},"datePublished":"2019-08-27T00:00:39+00:00","dateModified":"2020-05-29T04:09:40+00:00","description":"Chequea este seminario web para aprender acerca del Castillo Azul de la Transformaci\u00f3n del Tzolkin y formas pr\u00e1cticas para sintonizar con las energ\u00edas","breadcrumb":{"@id":"https:\/\/mayankin.com\/es\/tzolkin-castillo-azul-seminarios-web\/#breadcrumb"},"inLanguage":"es","potentialAction":[{"@type":"ReadAction","target":["https:\/\/mayankin.com\/es\/tzolkin-castillo-azul-seminarios-web\/"]}]},{"@type":"BreadcrumbList","@id":"https:\/\/mayankin.com\/es\/tzolkin-castillo-azul-seminarios-web\/#breadcrumb","itemListElement":[{"@type":"ListItem","position":1,"name":"Portada","item":"https:\/\/mayankin.com\/es\/"},{"@type":"ListItem","position":2,"name":"Seminarios Web Tzolkin Castillo Azul"}]},{"@type":"WebSite","@id":"https:\/\/mayankin.com\/es\/#website","url":"https:\/\/mayankin.com\/es\/","name":"MayanKin","description":"","publisher":{"@id":"https:\/\/mayankin.com\/es\/#organization"},"potentialAction":[{"@type":"SearchAction","target":{"@type":"EntryPoint","urlTemplate":"https:\/\/mayankin.com\/es\/?s={search_term_string}"},"query-input":{"@type":"PropertyValueSpecification","valueRequired":true,"valueName":"search_term_string"}}],"inLanguage":"es"},{"@type":"Organization","@id":"https:\/\/mayankin.com\/es\/#organization","name":"MayanKin","url":"https:\/\/mayankin.com\/es\/","logo":{"@type":"ImageObject","inLanguage":"es","@id":"https:\/\/mayankin.com\/es\/#\/schema\/logo\/image\/","url":"https:\/\/mayankin.com\/es\/wp-content\/uploads\/2020\/05\/MK-Logo-Redesign.png","contentUrl":"https:\/\/mayankin.com\/es\/wp-content\/uploads\/2020\/05\/MK-Logo-Redesign.png","width":260,"height":105,"caption":"MayanKin"},"image":{"@id":"https:\/\/mayankin.com\/es\/#\/schema\/logo\/image\/"},"sameAs":["https:\/\/www.facebook.com\/MayanKinEspanol\/","https:\/\/x.com\/mayankin"]}]}},"_links":{"self":[{"href":"https:\/\/mayankin.com\/es\/wp-json\/wp\/v2\/pages\/11345","targetHints":{"allow":["GET"]}}],"collection":[{"href":"https:\/\/mayankin.com\/es\/wp-json\/wp\/v2\/pages"}],"about":[{"href":"https:\/\/mayankin.com\/es\/wp-json\/wp\/v2\/types\/page"}],"author":[{"embeddable":true,"href":"https:\/\/mayankin.com\/es\/wp-json\/wp\/v2\/users\/4"}],"replies":[{"embeddable":true,"href":"https:\/\/mayankin.com\/es\/wp-json\/wp\/v2\/comments?post=11345"}],"version-history":[{"count":14,"href":"https:\/\/mayankin.com\/es\/wp-json\/wp\/v2\/pages\/11345\/revisions"}],"predecessor-version":[{"id":13812,"href":"https:\/\/mayankin.com\/es\/wp-json\/wp\/v2\/pages\/11345\/revisions\/13812"}],"wp:attachment":[{"href":"https:\/\/mayankin.com\/es\/wp-json\/wp\/v2\/media?parent=11345"}],"curies":[{"name":"wp","href":"https:\/\/api.w.org\/{rel}","templated":true}]}}