{"id":11343,"date":"2019-08-26T23:59:02","date_gmt":"2019-08-26T23:59:02","guid":{"rendered":"https:\/\/mayankin.com\/es\/?page_id=11343"},"modified":"2020-05-25T21:54:53","modified_gmt":"2020-05-26T04:54:53","slug":"tzolkin-arquetipos-seminarios-web","status":"publish","type":"page","link":"https:\/\/mayankin.com\/es\/tzolkin-arquetipos-seminarios-web\/","title":{"rendered":"Seminarios Web Arquetipos del Tzolkin"},"content":{"rendered":"\n<p>Te gustar\u00eda saber que son los arquetipos del Tzolkin en profundidad y aprender c\u00f3mo esta valiosa informaci\u00f3n puede ser realmente \u00fatil para comprenderte a ti misma\/o y a los dem\u00e1s?<\/p>\n\n\n\n<p>En esta serie de seminarios web de 5 sesiones (en ingl\u00e9s), compartir\u00e9 contigo el significado de cada arquetipo en formas divertidas y pr\u00e1cticas con las que puedes relacionarte f\u00e1cilmente, a medida que mejora tu comprensi\u00f3n y profundizas tu conexi\u00f3n en c\u00f3mo lo experimentas tanto en los aspectos de luz como de sombra.<\/p>\n\n\n\n<p>Cada sesi\u00f3n de 2 horas cubre cuatro arquetipos. Puedes inscribirte solo para las sesiones de tu inter\u00e9s o para la serie completa.<\/p>\n\n\n\n<p>Aprender\u00e1s acerca de:<\/p>\n\n\n\n<ul class=\"wp-block-list\"><li>Qu\u00e9 son los 20 Arquetipos del Tzolkin<\/li><li>C\u00f3mo se pueden entender y ser experimentados<\/li><li>Aspectos de Luz y Sombra de cada uno<\/li><li>C\u00f3mo saber el signo de una persona o la energ\u00eda de un d\u00eda<\/li><li>Correlaciones con comportamientos y tendencias humanas<\/li><\/ul>\n\n\n\n<p><em>No se requiere experiencia previa.<\/em><\/p>\n\n\n\n<p style=\"color:#8870af\" class=\"has-text-color\"><strong>Obtiene sesiones individuales ($26 cada una) o toda la serie ($111)<\/strong><\/p>\n\n\n\n<p style=\"color:#548233\" class=\"has-text-color\"><strong>Todas las compras incluyen acceso de por vida a las grabaciones completas de los seminarios web y todo el material asociado<\/strong><\/p>\n\n\n\n<p>Puedes ver m\u00e1s detalles sobre una o m\u00e1s sesiones seleccionando una de las im\u00e1genes a continuaci\u00f3n. Despu\u00e9s de tu compra, recibir\u00e1s un correo electr\u00f3nico con instrucciones sobre d\u00f3nde y c\u00f3mo acceder a la sesi\u00f3n del seminario web.<\/p>\n","protected":false},"excerpt":{"rendered":"<p>Te gustar\u00eda saber que son los arquetipos del Tzolkin en profundidad y aprender c\u00f3mo esta valiosa informaci\u00f3n puede ser realmente \u00fatil para comprenderte a ti misma\/o y a los dem\u00e1s? En esta serie de seminarios web de 5 sesiones (en ingl\u00e9s), compartir\u00e9 contigo el significado de cada arquetipo en formas divertidas y pr\u00e1cticas con las [&hellip;]<\/p>\n","protected":false},"author":4,"featured_media":0,"parent":0,"menu_order":0,"comment_status":"closed","ping_status":"closed","template":"webinars-archetypes-sp.php","meta":{"_monsterinsights_skip_tracking":false,"_monsterinsights_sitenote_active":false,"_monsterinsights_sitenote_note":"","_monsterinsights_sitenote_category":0,"_genesis_hide_title":false,"_genesis_hide_breadcrumbs":false,"_genesis_hide_singular_image":false,"_genesis_hide_footer_widgets":false,"_genesis_custom_body_class":"events","_genesis_custom_post_class":"","_genesis_layout":"","footnotes":""},"class_list":{"0":"post-11343","1":"page","2":"type-page","3":"status-publish","5":"entry"},"yoast_head":"<!-- This site is optimized with the Yoast SEO plugin v26.6 - https:\/\/yoast.com\/wordpress\/plugins\/seo\/ -->\n<title>Reg\u00edstrate al Seminario Web de los Arquetipos del Tzolkin | MayanKin<\/title>\n<meta name=\"description\" content=\"Te gustar\u00eda saber que son los arquetipos del Tzolkin y aprender c\u00f3mo esta valiosa informaci\u00f3n puede ser \u00fatil para comprenderte a ti misma\/o y a los dem\u00e1s?\" \/>\n<meta name=\"robots\" content=\"index, follow, max-snippet:-1, max-image-preview:large, max-video-preview:-1\" \/>\n<link rel=\"canonical\" href=\"https:\/\/mayankin.com\/es\/tzolkin-arquetipos-seminarios-web\/\" \/>\n<meta property=\"og:locale\" content=\"es_ES\" \/>\n<meta property=\"og:type\" content=\"article\" \/>\n<meta property=\"og:title\" content=\"Reg\u00edstrate al Seminario Web de los Arquetipos del Tzolkin | MayanKin\" \/>\n<meta property=\"og:description\" content=\"Te gustar\u00eda saber que son los arquetipos del Tzolkin y aprender c\u00f3mo esta valiosa informaci\u00f3n puede ser \u00fatil para comprenderte a ti misma\/o y a los dem\u00e1s?\" \/>\n<meta property=\"og:url\" content=\"https:\/\/mayankin.com\/es\/tzolkin-arquetipos-seminarios-web\/\" \/>\n<meta property=\"og:site_name\" content=\"MayanKin\" \/>\n<meta property=\"article:publisher\" content=\"https:\/\/www.facebook.com\/MayanKinEspanol\/\" \/>\n<meta property=\"article:modified_time\" content=\"2020-05-26T04:54:53+00:00\" \/>\n<meta name=\"twitter:card\" content=\"summary_large_image\" \/>\n<meta name=\"twitter:site\" content=\"@mayankin\" \/>\n<meta name=\"twitter:label1\" content=\"Tiempo de lectura\" \/>\n\t<meta name=\"twitter:data1\" content=\"1 minuto\" \/>\n<script type=\"application\/ld+json\" class=\"yoast-schema-graph\">{\"@context\":\"https:\/\/schema.org\",\"@graph\":[{\"@type\":\"WebPage\",\"@id\":\"https:\/\/mayankin.com\/es\/tzolkin-arquetipos-seminarios-web\/\",\"url\":\"https:\/\/mayankin.com\/es\/tzolkin-arquetipos-seminarios-web\/\",\"name\":\"Reg\u00edstrate al Seminario Web de los Arquetipos del Tzolkin | MayanKin\",\"isPartOf\":{\"@id\":\"https:\/\/mayankin.com\/es\/#website\"},\"datePublished\":\"2019-08-26T23:59:02+00:00\",\"dateModified\":\"2020-05-26T04:54:53+00:00\",\"description\":\"Te gustar\u00eda saber que son los arquetipos del Tzolkin y aprender c\u00f3mo esta valiosa informaci\u00f3n puede ser \u00fatil para comprenderte a ti misma\/o y a los dem\u00e1s?\",\"breadcrumb\":{\"@id\":\"https:\/\/mayankin.com\/es\/tzolkin-arquetipos-seminarios-web\/#breadcrumb\"},\"inLanguage\":\"es\",\"potentialAction\":[{\"@type\":\"ReadAction\",\"target\":[\"https:\/\/mayankin.com\/es\/tzolkin-arquetipos-seminarios-web\/\"]}]},{\"@type\":\"BreadcrumbList\",\"@id\":\"https:\/\/mayankin.com\/es\/tzolkin-arquetipos-seminarios-web\/#breadcrumb\",\"itemListElement\":[{\"@type\":\"ListItem\",\"position\":1,\"name\":\"Portada\",\"item\":\"https:\/\/mayankin.com\/es\/\"},{\"@type\":\"ListItem\",\"position\":2,\"name\":\"Seminarios Web Arquetipos del Tzolkin\"}]},{\"@type\":\"WebSite\",\"@id\":\"https:\/\/mayankin.com\/es\/#website\",\"url\":\"https:\/\/mayankin.com\/es\/\",\"name\":\"MayanKin\",\"description\":\"\",\"publisher\":{\"@id\":\"https:\/\/mayankin.com\/es\/#organization\"},\"potentialAction\":[{\"@type\":\"SearchAction\",\"target\":{\"@type\":\"EntryPoint\",\"urlTemplate\":\"https:\/\/mayankin.com\/es\/?s={search_term_string}\"},\"query-input\":{\"@type\":\"PropertyValueSpecification\",\"valueRequired\":true,\"valueName\":\"search_term_string\"}}],\"inLanguage\":\"es\"},{\"@type\":\"Organization\",\"@id\":\"https:\/\/mayankin.com\/es\/#organization\",\"name\":\"MayanKin\",\"url\":\"https:\/\/mayankin.com\/es\/\",\"logo\":{\"@type\":\"ImageObject\",\"inLanguage\":\"es\",\"@id\":\"https:\/\/mayankin.com\/es\/#\/schema\/logo\/image\/\",\"url\":\"https:\/\/mayankin.com\/es\/wp-content\/uploads\/2020\/05\/MK-Logo-Redesign.png\",\"contentUrl\":\"https:\/\/mayankin.com\/es\/wp-content\/uploads\/2020\/05\/MK-Logo-Redesign.png\",\"width\":260,\"height\":105,\"caption\":\"MayanKin\"},\"image\":{\"@id\":\"https:\/\/mayankin.com\/es\/#\/schema\/logo\/image\/\"},\"sameAs\":[\"https:\/\/www.facebook.com\/MayanKinEspanol\/\",\"https:\/\/x.com\/mayankin\"]}]}<\/script>\n<!-- \/ Yoast SEO plugin. -->","yoast_head_json":{"title":"Reg\u00edstrate al Seminario Web de los Arquetipos del Tzolkin | MayanKin","description":"Te gustar\u00eda saber que son los arquetipos del Tzolkin y aprender c\u00f3mo esta valiosa informaci\u00f3n puede ser \u00fatil para comprenderte a ti misma\/o y a los dem\u00e1s?","robots":{"index":"index","follow":"follow","max-snippet":"max-snippet:-1","max-image-preview":"max-image-preview:large","max-video-preview":"max-video-preview:-1"},"canonical":"https:\/\/mayankin.com\/es\/tzolkin-arquetipos-seminarios-web\/","og_locale":"es_ES","og_type":"article","og_title":"Reg\u00edstrate al Seminario Web de los Arquetipos del Tzolkin | MayanKin","og_description":"Te gustar\u00eda saber que son los arquetipos del Tzolkin y aprender c\u00f3mo esta valiosa informaci\u00f3n puede ser \u00fatil para comprenderte a ti misma\/o y a los dem\u00e1s?","og_url":"https:\/\/mayankin.com\/es\/tzolkin-arquetipos-seminarios-web\/","og_site_name":"MayanKin","article_publisher":"https:\/\/www.facebook.com\/MayanKinEspanol\/","article_modified_time":"2020-05-26T04:54:53+00:00","twitter_card":"summary_large_image","twitter_site":"@mayankin","twitter_misc":{"Tiempo de lectura":"1 minuto"},"schema":{"@context":"https:\/\/schema.org","@graph":[{"@type":"WebPage","@id":"https:\/\/mayankin.com\/es\/tzolkin-arquetipos-seminarios-web\/","url":"https:\/\/mayankin.com\/es\/tzolkin-arquetipos-seminarios-web\/","name":"Reg\u00edstrate al Seminario Web de los Arquetipos del Tzolkin | MayanKin","isPartOf":{"@id":"https:\/\/mayankin.com\/es\/#website"},"datePublished":"2019-08-26T23:59:02+00:00","dateModified":"2020-05-26T04:54:53+00:00","description":"Te gustar\u00eda saber que son los arquetipos del Tzolkin y aprender c\u00f3mo esta valiosa informaci\u00f3n puede ser \u00fatil para comprenderte a ti misma\/o y a los dem\u00e1s?","breadcrumb":{"@id":"https:\/\/mayankin.com\/es\/tzolkin-arquetipos-seminarios-web\/#breadcrumb"},"inLanguage":"es","potentialAction":[{"@type":"ReadAction","target":["https:\/\/mayankin.com\/es\/tzolkin-arquetipos-seminarios-web\/"]}]},{"@type":"BreadcrumbList","@id":"https:\/\/mayankin.com\/es\/tzolkin-arquetipos-seminarios-web\/#breadcrumb","itemListElement":[{"@type":"ListItem","position":1,"name":"Portada","item":"https:\/\/mayankin.com\/es\/"},{"@type":"ListItem","position":2,"name":"Seminarios Web Arquetipos del Tzolkin"}]},{"@type":"WebSite","@id":"https:\/\/mayankin.com\/es\/#website","url":"https:\/\/mayankin.com\/es\/","name":"MayanKin","description":"","publisher":{"@id":"https:\/\/mayankin.com\/es\/#organization"},"potentialAction":[{"@type":"SearchAction","target":{"@type":"EntryPoint","urlTemplate":"https:\/\/mayankin.com\/es\/?s={search_term_string}"},"query-input":{"@type":"PropertyValueSpecification","valueRequired":true,"valueName":"search_term_string"}}],"inLanguage":"es"},{"@type":"Organization","@id":"https:\/\/mayankin.com\/es\/#organization","name":"MayanKin","url":"https:\/\/mayankin.com\/es\/","logo":{"@type":"ImageObject","inLanguage":"es","@id":"https:\/\/mayankin.com\/es\/#\/schema\/logo\/image\/","url":"https:\/\/mayankin.com\/es\/wp-content\/uploads\/2020\/05\/MK-Logo-Redesign.png","contentUrl":"https:\/\/mayankin.com\/es\/wp-content\/uploads\/2020\/05\/MK-Logo-Redesign.png","width":260,"height":105,"caption":"MayanKin"},"image":{"@id":"https:\/\/mayankin.com\/es\/#\/schema\/logo\/image\/"},"sameAs":["https:\/\/www.facebook.com\/MayanKinEspanol\/","https:\/\/x.com\/mayankin"]}]}},"_links":{"self":[{"href":"https:\/\/mayankin.com\/es\/wp-json\/wp\/v2\/pages\/11343","targetHints":{"allow":["GET"]}}],"collection":[{"href":"https:\/\/mayankin.com\/es\/wp-json\/wp\/v2\/pages"}],"about":[{"href":"https:\/\/mayankin.com\/es\/wp-json\/wp\/v2\/types\/page"}],"author":[{"embeddable":true,"href":"https:\/\/mayankin.com\/es\/wp-json\/wp\/v2\/users\/4"}],"replies":[{"embeddable":true,"href":"https:\/\/mayankin.com\/es\/wp-json\/wp\/v2\/comments?post=11343"}],"version-history":[{"count":9,"href":"https:\/\/mayankin.com\/es\/wp-json\/wp\/v2\/pages\/11343\/revisions"}],"predecessor-version":[{"id":12301,"href":"https:\/\/mayankin.com\/es\/wp-json\/wp\/v2\/pages\/11343\/revisions\/12301"}],"wp:attachment":[{"href":"https:\/\/mayankin.com\/es\/wp-json\/wp\/v2\/media?parent=11343"}],"curies":[{"name":"wp","href":"https:\/\/api.w.org\/{rel}","templated":true}]}}