{"id":11341,"date":"2019-08-26T23:56:21","date_gmt":"2019-08-26T23:56:21","guid":{"rendered":"https:\/\/mayankin.com\/es\/?page_id=11341"},"modified":"2020-05-25T21:53:26","modified_gmt":"2020-05-26T04:53:26","slug":"tzolkin-daily-planner-seminario-web","status":"publish","type":"page","link":"https:\/\/mayankin.com\/es\/tzolkin-daily-planner-seminario-web\/","title":{"rendered":"Seminario Web Tzolkin Daily Planner"},"content":{"rendered":"\n<div class=\"wp-block-image webinar-basics-planner-picture\"><figure class=\"aligncenter\"><img loading=\"lazy\" decoding=\"async\" width=\"500\" height=\"500\" src=\"https:\/\/mayankin.com\/es\/wp-content\/uploads\/2019\/08\/Mariela-Maya-MayanKin-BridgingWorlds-Tzolkin-Daily-Planner-Webinar-Poster.jpg\" alt=\"\" class=\"wp-image-11355\" srcset=\"https:\/\/mayankin.com\/es\/wp-content\/uploads\/2019\/08\/Mariela-Maya-MayanKin-BridgingWorlds-Tzolkin-Daily-Planner-Webinar-Poster.jpg 500w, https:\/\/mayankin.com\/es\/wp-content\/uploads\/2019\/08\/Mariela-Maya-MayanKin-BridgingWorlds-Tzolkin-Daily-Planner-Webinar-Poster-150x150.jpg 150w, https:\/\/mayankin.com\/es\/wp-content\/uploads\/2019\/08\/Mariela-Maya-MayanKin-BridgingWorlds-Tzolkin-Daily-Planner-Webinar-Poster-300x300.jpg 300w, https:\/\/mayankin.com\/es\/wp-content\/uploads\/2019\/08\/Mariela-Maya-MayanKin-BridgingWorlds-Tzolkin-Daily-Planner-Webinar-Poster-180x180.jpg 180w\" sizes=\"auto, (max-width: 500px) 100vw, 500px\" \/><\/figure><\/div>\n\n\n\n<h4 class=\"webinar-basics-planner-text wp-block-heading\">C\u00f3mo usar la Agenda en tu vida cotidiana<\/h4>\n\n\n\n<p class=\"webinar-basics-planner-text\"><em> Este evento ocurri\u00f3 el 07\/02\/18<\/em><\/p>\n\n\n\n<h4 class=\"webinar-basics-planner-text wp-block-heading\">Prop\u00f3sito<\/h4>\n\n\n\n<p class=\"webinar-basics-planner-text\">Aprende a programar tus citas mientras sintonizas con las energ\u00edas diarias e infundes cada d\u00eda de un significado y prop\u00f3sito m\u00e1s profundos.<\/p>\n\n\n\n<h3 class=\"has-text-align-center webinar-basics-planner-text wp-block-heading\">GRATUITO<\/h3>\n\n\n\n<h4 class=\"has-text-color has-text-align-center wp-block-heading\" style=\"color:#470189\">mira la grabacion abajo<\/h4>\n\n\n\n<p class=\"has-text-color has-text-align-center has-small-font-size has-very-dark-gray-color webinar-basics-planner-text\"><em>Adelanta el video a 3:10 para que el audio comience<\/em><\/p>\n\n\n\n<h2 class=\"webinar-basics-planner-description wp-block-heading\">Descripci\u00f3n<\/h2>\n\n\n\n<p class=\"webinar-basics-planner-description\">En este seminario web GRATUITO de 2 horas (en ingl\u00e9s), compartir\u00e9 contigo un resumen de la Agenda Tzolkin Daily Planner.<\/p>\n\n\n\n<p>El seminario web Agenda Diaria Tzolkin se grab\u00f3 para la versi\u00f3n impresa previa de la agenda. Sin embargo, los conceptos b\u00e1sicos siguen siendo los mismos, por lo que tambi\u00e9n podr\u00e1s obtener la informaci\u00f3n necesaria para personalizar tu agenda digital. Otra actualizaci\u00f3n desde que se grab\u00f3 el seminario web es que el nuevo decodificador de fecha Tzolkin Diario ya tiene incorporado el A\u00f1o en la misma p\u00e1gina que el or\u00e1culo.<\/p>\n\n\n\n<p class=\"webinar-basics-planner-description\"><em>Es recomendable tener tu propia copia del&nbsp;<a href=\"https:\/\/mayankin.com\/es\/product\/agenda-diaria-tzolkin\/\">Agenda Diaria Tzolkin<\/a>&nbsp;para maximizar los beneficios de esta sesi\u00f3n.<\/em><\/p>\n\n\n\n<p class=\"webinar-basics-planner-description\">Aprender\u00e1s acerca de:<\/p>\n\n\n\n<ul class=\"webinar-basics-planner-description wp-block-list\"><li>C\u00f3mo la Agenda est\u00e1 estructurada<\/li><li>C\u00f3mo dibujar tu Or\u00e1culo de Nacimiento<\/li><li>D\u00edas y tr\u00e1nsitos relevantes a tener en consideraci\u00f3n<\/li><li>C\u00f3mo determinar cu\u00e1les d\u00edas son los m\u00e1s beneficiosos para ti<\/li><li>Diferentes maneras de c\u00f3mo usarla<\/li><\/ul>\n\n\n\n<p class=\"webinar-basics-planner-description\"><em>No se requiere experiencia previa.<\/em><\/p>\n\n\n\n<figure class=\"wp-block-embed-youtube aligncenter wp-block-embed is-type-video is-provider-youtube wp-embed-aspect-16-9 wp-has-aspect-ratio\"><div class=\"wp-block-embed__wrapper\">\n<iframe loading=\"lazy\" title=\"Tzolkin Daily Planner Webinar MayanKin Mariela Maya BridgingWorlds\" width=\"702\" height=\"395\" src=\"https:\/\/www.youtube.com\/embed\/j8OLzQ9BKAs?feature=oembed\" frameborder=\"0\" allow=\"accelerometer; autoplay; encrypted-media; gyroscope; picture-in-picture\" allowfullscreen><\/iframe>\n<\/div><\/figure>\n\n\n\n<h4 class=\"webinar-basics-planner-description wp-block-heading\">Qu\u00e9 Sigue?<\/h4>\n\n\n\n<p class=\"webinar-basics-planner-description\">En el ciclo Tzolkin de 260 d\u00edas, tienes la oportunidad de embarcar en una gran aventura al elegir conscientemente hacer ciertas cosas en fechas particulares.<\/p>\n\n\n\n<p class=\"webinar-basics-planner-description\">Mientras que la energ\u00eda diaria es la misma para todos, puede tener un significado diferente para ti dependiendo de lo que represente en tu or\u00e1culo. Ponerte en sinton\u00eda con el ciclo y planificar tus d\u00edas de una manera que funcione espec\u00edficamente para ti traer\u00e1 un enfoque completamente nuevo a tu vida llena de magia y sincron\u00edas!<\/p>\n\n\n\n<p class=\"webinar-basics-planner-description\">Para ampliar las posibilidades en funci\u00f3n de tus propias energ\u00edas e intenciones, puedes agendar una sesi\u00f3n de <a href=\"https:\/\/mayankin.com\/es\/product\/planificacion-personal\/\">planificaci\u00f3n personal<\/a> para obtener m\u00e1s informaci\u00f3n sobre c\u00f3mo integrar esta sabidur\u00eda en formas pr\u00e1cticas para manifestar lo que deseas.<\/p>\n","protected":false},"excerpt":{"rendered":"<p>C\u00f3mo usar la Agenda en tu vida cotidiana Este evento ocurri\u00f3 el 07\/02\/18 Prop\u00f3sito Aprende a programar tus citas mientras sintonizas con las energ\u00edas diarias e infundes cada d\u00eda de un significado y prop\u00f3sito m\u00e1s profundos. GRATUITO mira la grabacion abajo Adelanta el video a 3:10 para que el audio comience Descripci\u00f3n En este seminario [&hellip;]<\/p>\n","protected":false},"author":4,"featured_media":0,"parent":0,"menu_order":0,"comment_status":"closed","ping_status":"closed","template":"","meta":{"_monsterinsights_skip_tracking":false,"_monsterinsights_sitenote_active":false,"_monsterinsights_sitenote_note":"","_monsterinsights_sitenote_category":0,"_genesis_hide_title":false,"_genesis_hide_breadcrumbs":false,"_genesis_hide_singular_image":false,"_genesis_hide_footer_widgets":false,"_genesis_custom_body_class":"events","_genesis_custom_post_class":"","_genesis_layout":"","footnotes":""},"class_list":{"0":"post-11341","1":"page","2":"type-page","3":"status-publish","5":"entry","6":"has-post-thumbnail"},"yoast_head":"<!-- This site is optimized with the Yoast SEO plugin v27.5 - https:\/\/yoast.com\/product\/yoast-seo-wordpress\/ -->\n<title>Seminario Web GRATUITO de la Agenda Tzolkin Diaria | MayanKin<\/title>\n<meta name=\"description\" content=\"Aprende a c\u00f3mo agendar tus citas mientras sintonizas con las energ\u00edas diarias del Tzolkin e infundes cada d\u00eda de un significado y prop\u00f3sito m\u00e1s profundos\" \/>\n<meta name=\"robots\" content=\"index, follow, max-snippet:-1, max-image-preview:large, max-video-preview:-1\" \/>\n<link rel=\"canonical\" href=\"https:\/\/mayankin.com\/es\/tzolkin-daily-planner-seminario-web\/\" \/>\n<meta property=\"og:locale\" content=\"es_ES\" \/>\n<meta property=\"og:type\" content=\"article\" \/>\n<meta property=\"og:title\" content=\"Seminario Web GRATUITO de la Agenda Tzolkin Diaria | MayanKin\" \/>\n<meta property=\"og:description\" content=\"Aprende a c\u00f3mo agendar tus citas mientras sintonizas con las energ\u00edas diarias del Tzolkin e infundes cada d\u00eda de un significado y prop\u00f3sito m\u00e1s profundos\" \/>\n<meta property=\"og:url\" content=\"https:\/\/mayankin.com\/es\/tzolkin-daily-planner-seminario-web\/\" \/>\n<meta property=\"og:site_name\" content=\"MayanKin\" \/>\n<meta property=\"article:publisher\" content=\"https:\/\/www.facebook.com\/MayanKinEspanol\/\" \/>\n<meta property=\"article:modified_time\" content=\"2020-05-26T04:53:26+00:00\" \/>\n<meta property=\"og:image\" content=\"https:\/\/mayankin.com\/es\/wp-content\/uploads\/2019\/08\/Mariela-Maya-MayanKin-BridgingWorlds-Tzolkin-Daily-Planner-Webinar-Poster.jpg\" \/>\n<meta name=\"twitter:card\" content=\"summary_large_image\" \/>\n<meta name=\"twitter:site\" content=\"@mayankin\" \/>\n<meta name=\"twitter:label1\" content=\"Tiempo de lectura\" \/>\n\t<meta name=\"twitter:data1\" content=\"2 minutos\" \/>\n<script type=\"application\/ld+json\" class=\"yoast-schema-graph\">{\"@context\":\"https:\\\/\\\/schema.org\",\"@graph\":[{\"@type\":\"WebPage\",\"@id\":\"https:\\\/\\\/mayankin.com\\\/es\\\/tzolkin-daily-planner-seminario-web\\\/\",\"url\":\"https:\\\/\\\/mayankin.com\\\/es\\\/tzolkin-daily-planner-seminario-web\\\/\",\"name\":\"Seminario Web GRATUITO de la Agenda Tzolkin Diaria | MayanKin\",\"isPartOf\":{\"@id\":\"https:\\\/\\\/mayankin.com\\\/es\\\/#website\"},\"primaryImageOfPage\":{\"@id\":\"https:\\\/\\\/mayankin.com\\\/es\\\/tzolkin-daily-planner-seminario-web\\\/#primaryimage\"},\"image\":{\"@id\":\"https:\\\/\\\/mayankin.com\\\/es\\\/tzolkin-daily-planner-seminario-web\\\/#primaryimage\"},\"thumbnailUrl\":\"https:\\\/\\\/mayankin.com\\\/es\\\/wp-content\\\/uploads\\\/2019\\\/08\\\/Mariela-Maya-MayanKin-BridgingWorlds-Tzolkin-Daily-Planner-Webinar-Poster.jpg\",\"datePublished\":\"2019-08-26T23:56:21+00:00\",\"dateModified\":\"2020-05-26T04:53:26+00:00\",\"description\":\"Aprende a c\u00f3mo agendar tus citas mientras sintonizas con las energ\u00edas diarias del Tzolkin e infundes cada d\u00eda de un significado y prop\u00f3sito m\u00e1s profundos\",\"breadcrumb\":{\"@id\":\"https:\\\/\\\/mayankin.com\\\/es\\\/tzolkin-daily-planner-seminario-web\\\/#breadcrumb\"},\"inLanguage\":\"es\",\"potentialAction\":[{\"@type\":\"ReadAction\",\"target\":[\"https:\\\/\\\/mayankin.com\\\/es\\\/tzolkin-daily-planner-seminario-web\\\/\"]}]},{\"@type\":\"ImageObject\",\"inLanguage\":\"es\",\"@id\":\"https:\\\/\\\/mayankin.com\\\/es\\\/tzolkin-daily-planner-seminario-web\\\/#primaryimage\",\"url\":\"https:\\\/\\\/mayankin.com\\\/es\\\/wp-content\\\/uploads\\\/2019\\\/08\\\/Mariela-Maya-MayanKin-BridgingWorlds-Tzolkin-Daily-Planner-Webinar-Poster.jpg\",\"contentUrl\":\"https:\\\/\\\/mayankin.com\\\/es\\\/wp-content\\\/uploads\\\/2019\\\/08\\\/Mariela-Maya-MayanKin-BridgingWorlds-Tzolkin-Daily-Planner-Webinar-Poster.jpg\",\"width\":500,\"height\":500},{\"@type\":\"BreadcrumbList\",\"@id\":\"https:\\\/\\\/mayankin.com\\\/es\\\/tzolkin-daily-planner-seminario-web\\\/#breadcrumb\",\"itemListElement\":[{\"@type\":\"ListItem\",\"position\":1,\"name\":\"Portada\",\"item\":\"https:\\\/\\\/mayankin.com\\\/es\\\/\"},{\"@type\":\"ListItem\",\"position\":2,\"name\":\"Seminario Web Tzolkin Daily Planner\"}]},{\"@type\":\"WebSite\",\"@id\":\"https:\\\/\\\/mayankin.com\\\/es\\\/#website\",\"url\":\"https:\\\/\\\/mayankin.com\\\/es\\\/\",\"name\":\"MayanKin\",\"description\":\"\",\"publisher\":{\"@id\":\"https:\\\/\\\/mayankin.com\\\/es\\\/#organization\"},\"potentialAction\":[{\"@type\":\"SearchAction\",\"target\":{\"@type\":\"EntryPoint\",\"urlTemplate\":\"https:\\\/\\\/mayankin.com\\\/es\\\/?s={search_term_string}\"},\"query-input\":{\"@type\":\"PropertyValueSpecification\",\"valueRequired\":true,\"valueName\":\"search_term_string\"}}],\"inLanguage\":\"es\"},{\"@type\":\"Organization\",\"@id\":\"https:\\\/\\\/mayankin.com\\\/es\\\/#organization\",\"name\":\"MayanKin\",\"url\":\"https:\\\/\\\/mayankin.com\\\/es\\\/\",\"logo\":{\"@type\":\"ImageObject\",\"inLanguage\":\"es\",\"@id\":\"https:\\\/\\\/mayankin.com\\\/es\\\/#\\\/schema\\\/logo\\\/image\\\/\",\"url\":\"https:\\\/\\\/mayankin.com\\\/es\\\/wp-content\\\/uploads\\\/2020\\\/05\\\/MK-Logo-Redesign.png\",\"contentUrl\":\"https:\\\/\\\/mayankin.com\\\/es\\\/wp-content\\\/uploads\\\/2020\\\/05\\\/MK-Logo-Redesign.png\",\"width\":260,\"height\":105,\"caption\":\"MayanKin\"},\"image\":{\"@id\":\"https:\\\/\\\/mayankin.com\\\/es\\\/#\\\/schema\\\/logo\\\/image\\\/\"},\"sameAs\":[\"https:\\\/\\\/www.facebook.com\\\/MayanKinEspanol\\\/\",\"https:\\\/\\\/x.com\\\/mayankin\"]}]}<\/script>\n<!-- \/ Yoast SEO plugin. -->","yoast_head_json":{"title":"Seminario Web GRATUITO de la Agenda Tzolkin Diaria | MayanKin","description":"Aprende a c\u00f3mo agendar tus citas mientras sintonizas con las energ\u00edas diarias del Tzolkin e infundes cada d\u00eda de un significado y prop\u00f3sito m\u00e1s profundos","robots":{"index":"index","follow":"follow","max-snippet":"max-snippet:-1","max-image-preview":"max-image-preview:large","max-video-preview":"max-video-preview:-1"},"canonical":"https:\/\/mayankin.com\/es\/tzolkin-daily-planner-seminario-web\/","og_locale":"es_ES","og_type":"article","og_title":"Seminario Web GRATUITO de la Agenda Tzolkin Diaria | MayanKin","og_description":"Aprende a c\u00f3mo agendar tus citas mientras sintonizas con las energ\u00edas diarias del Tzolkin e infundes cada d\u00eda de un significado y prop\u00f3sito m\u00e1s profundos","og_url":"https:\/\/mayankin.com\/es\/tzolkin-daily-planner-seminario-web\/","og_site_name":"MayanKin","article_publisher":"https:\/\/www.facebook.com\/MayanKinEspanol\/","article_modified_time":"2020-05-26T04:53:26+00:00","og_image":[{"url":"https:\/\/mayankin.com\/es\/wp-content\/uploads\/2019\/08\/Mariela-Maya-MayanKin-BridgingWorlds-Tzolkin-Daily-Planner-Webinar-Poster.jpg","type":"","width":"","height":""}],"twitter_card":"summary_large_image","twitter_site":"@mayankin","twitter_misc":{"Tiempo de lectura":"2 minutos"},"schema":{"@context":"https:\/\/schema.org","@graph":[{"@type":"WebPage","@id":"https:\/\/mayankin.com\/es\/tzolkin-daily-planner-seminario-web\/","url":"https:\/\/mayankin.com\/es\/tzolkin-daily-planner-seminario-web\/","name":"Seminario Web GRATUITO de la Agenda Tzolkin Diaria | MayanKin","isPartOf":{"@id":"https:\/\/mayankin.com\/es\/#website"},"primaryImageOfPage":{"@id":"https:\/\/mayankin.com\/es\/tzolkin-daily-planner-seminario-web\/#primaryimage"},"image":{"@id":"https:\/\/mayankin.com\/es\/tzolkin-daily-planner-seminario-web\/#primaryimage"},"thumbnailUrl":"https:\/\/mayankin.com\/es\/wp-content\/uploads\/2019\/08\/Mariela-Maya-MayanKin-BridgingWorlds-Tzolkin-Daily-Planner-Webinar-Poster.jpg","datePublished":"2019-08-26T23:56:21+00:00","dateModified":"2020-05-26T04:53:26+00:00","description":"Aprende a c\u00f3mo agendar tus citas mientras sintonizas con las energ\u00edas diarias del Tzolkin e infundes cada d\u00eda de un significado y prop\u00f3sito m\u00e1s profundos","breadcrumb":{"@id":"https:\/\/mayankin.com\/es\/tzolkin-daily-planner-seminario-web\/#breadcrumb"},"inLanguage":"es","potentialAction":[{"@type":"ReadAction","target":["https:\/\/mayankin.com\/es\/tzolkin-daily-planner-seminario-web\/"]}]},{"@type":"ImageObject","inLanguage":"es","@id":"https:\/\/mayankin.com\/es\/tzolkin-daily-planner-seminario-web\/#primaryimage","url":"https:\/\/mayankin.com\/es\/wp-content\/uploads\/2019\/08\/Mariela-Maya-MayanKin-BridgingWorlds-Tzolkin-Daily-Planner-Webinar-Poster.jpg","contentUrl":"https:\/\/mayankin.com\/es\/wp-content\/uploads\/2019\/08\/Mariela-Maya-MayanKin-BridgingWorlds-Tzolkin-Daily-Planner-Webinar-Poster.jpg","width":500,"height":500},{"@type":"BreadcrumbList","@id":"https:\/\/mayankin.com\/es\/tzolkin-daily-planner-seminario-web\/#breadcrumb","itemListElement":[{"@type":"ListItem","position":1,"name":"Portada","item":"https:\/\/mayankin.com\/es\/"},{"@type":"ListItem","position":2,"name":"Seminario Web Tzolkin Daily Planner"}]},{"@type":"WebSite","@id":"https:\/\/mayankin.com\/es\/#website","url":"https:\/\/mayankin.com\/es\/","name":"MayanKin","description":"","publisher":{"@id":"https:\/\/mayankin.com\/es\/#organization"},"potentialAction":[{"@type":"SearchAction","target":{"@type":"EntryPoint","urlTemplate":"https:\/\/mayankin.com\/es\/?s={search_term_string}"},"query-input":{"@type":"PropertyValueSpecification","valueRequired":true,"valueName":"search_term_string"}}],"inLanguage":"es"},{"@type":"Organization","@id":"https:\/\/mayankin.com\/es\/#organization","name":"MayanKin","url":"https:\/\/mayankin.com\/es\/","logo":{"@type":"ImageObject","inLanguage":"es","@id":"https:\/\/mayankin.com\/es\/#\/schema\/logo\/image\/","url":"https:\/\/mayankin.com\/es\/wp-content\/uploads\/2020\/05\/MK-Logo-Redesign.png","contentUrl":"https:\/\/mayankin.com\/es\/wp-content\/uploads\/2020\/05\/MK-Logo-Redesign.png","width":260,"height":105,"caption":"MayanKin"},"image":{"@id":"https:\/\/mayankin.com\/es\/#\/schema\/logo\/image\/"},"sameAs":["https:\/\/www.facebook.com\/MayanKinEspanol\/","https:\/\/x.com\/mayankin"]}]}},"_links":{"self":[{"href":"https:\/\/mayankin.com\/es\/wp-json\/wp\/v2\/pages\/11341","targetHints":{"allow":["GET"]}}],"collection":[{"href":"https:\/\/mayankin.com\/es\/wp-json\/wp\/v2\/pages"}],"about":[{"href":"https:\/\/mayankin.com\/es\/wp-json\/wp\/v2\/types\/page"}],"author":[{"embeddable":true,"href":"https:\/\/mayankin.com\/es\/wp-json\/wp\/v2\/users\/4"}],"replies":[{"embeddable":true,"href":"https:\/\/mayankin.com\/es\/wp-json\/wp\/v2\/comments?post=11341"}],"version-history":[{"count":25,"href":"https:\/\/mayankin.com\/es\/wp-json\/wp\/v2\/pages\/11341\/revisions"}],"predecessor-version":[{"id":13799,"href":"https:\/\/mayankin.com\/es\/wp-json\/wp\/v2\/pages\/11341\/revisions\/13799"}],"wp:attachment":[{"href":"https:\/\/mayankin.com\/es\/wp-json\/wp\/v2\/media?parent=11341"}],"curies":[{"name":"wp","href":"https:\/\/api.w.org\/{rel}","templated":true}]}}