{"id":11339,"date":"2019-08-26T23:54:36","date_gmt":"2019-08-26T23:54:36","guid":{"rendered":"https:\/\/mayankin.com\/es\/?page_id=11339"},"modified":"2020-05-25T21:52:34","modified_gmt":"2020-05-26T04:52:34","slug":"tzolkin-basics-seminario-web","status":"publish","type":"page","link":"https:\/\/mayankin.com\/es\/tzolkin-basics-seminario-web\/","title":{"rendered":"Seminario Web Bases del Tzolkin"},"content":{"rendered":"\n<p><\/p>\n\n\n\n<div class=\"wp-block-image webinar-basics-planner-picture\"><figure class=\"aligncenter\"><img loading=\"lazy\" decoding=\"async\" width=\"500\" height=\"500\" src=\"https:\/\/mayankin.com\/es\/wp-content\/uploads\/2019\/08\/Mariela-Maya-MayanKin-BridgingWorlds-Tzolkin-Basics-Webinar-Poster.jpg\" alt=\"\" class=\"wp-image-11352\" srcset=\"https:\/\/mayankin.com\/es\/wp-content\/uploads\/2019\/08\/Mariela-Maya-MayanKin-BridgingWorlds-Tzolkin-Basics-Webinar-Poster.jpg 500w, https:\/\/mayankin.com\/es\/wp-content\/uploads\/2019\/08\/Mariela-Maya-MayanKin-BridgingWorlds-Tzolkin-Basics-Webinar-Poster-150x150.jpg 150w, https:\/\/mayankin.com\/es\/wp-content\/uploads\/2019\/08\/Mariela-Maya-MayanKin-BridgingWorlds-Tzolkin-Basics-Webinar-Poster-300x300.jpg 300w, https:\/\/mayankin.com\/es\/wp-content\/uploads\/2019\/08\/Mariela-Maya-MayanKin-BridgingWorlds-Tzolkin-Basics-Webinar-Poster-180x180.jpg 180w\" sizes=\"auto, (max-width: 500px) 100vw, 500px\" \/><\/figure><\/div>\n\n\n\n<h4 class=\"webinar-basics-planner-text wp-block-heading\">Una Interpretati\u00f3n Moderna del Calendario Sagrado Maya<\/h4>\n\n\n\n<p class=\"webinar-basics-planner-text\"><em>Este evento ocurri\u00f3 el 26\/01\/18<\/em><\/p>\n\n\n\n<h4 class=\"webinar-basics-planner-text wp-block-heading\">Prop\u00f3sito<\/h4>\n\n\n\n<p class=\"webinar-basics-planner-text\">Familiar\u00edzate con los componentes principales de esta herramienta maravillosa para el auto-crecimiento y transformaci\u00f3n como una introducci\u00f3n b\u00e1sica para que contin\u00faes explorando.<\/p>\n\n\n\n<h3 class=\"has-text-align-center webinar-basics-planner-text wp-block-heading\">GRATUITO<\/h3>\n\n\n\n<h4 class=\"has-text-color has-text-align-center wp-block-heading\" style=\"color:#420080\">mira la grabaci\u00f3n abajo<\/h4>\n\n\n\n<p class=\"has-text-align-center has-small-font-size\"><em>Adelanta el video a 0:20 para que el audio comience<\/em><\/p>\n\n\n\n<h2 class=\"webinar-basics-planner-description wp-block-heading\">Descripci\u00f3n<\/h2>\n\n\n\n<p class=\"webinar-basics-planner-description\">En este seminario web GRATUITO de 2 horas (en ingl\u00e9s), compartir\u00e9 contigo un resumen de los conceptos y componentes b\u00e1sicos del Tzolkin.<\/p>\n\n\n\n<p class=\"webinar-basics-planner-description\">Aprender\u00e1s acerca de:<\/p>\n\n\n\n<ul class=\"webinar-basics-planner-description wp-block-list\"><li>Qu\u00e9 es el Tzolkin<\/li><li> 20 s\u00edmbolos, signos o arquetipos<\/li><li> 13 n\u00fameros, tonos o frecuencias<\/li><li> Significado de per\u00edodos de tiempo de 13, 52 y 260 d\u00edas<\/li><li> Portales de Activaci\u00f3n Gal\u00e1ctica y D\u00edas N\u00facleo<\/li><li> C\u00f3mo leer la matriz de Tzolkin de 260 d\u00edas<\/li><\/ul>\n\n\n\n<p class=\"webinar-basics-planner-description\"><em>No se requiere experiencia previa<\/em>.<\/p>\n\n\n\n<figure class=\"wp-block-embed-youtube aligncenter wp-block-embed is-type-video is-provider-youtube wp-embed-aspect-16-9 wp-has-aspect-ratio\"><div class=\"wp-block-embed__wrapper\">\n<iframe loading=\"lazy\" title=\"Tzolkin Basics Webinar MayanKin Mariela Maya BridgingWorlds\" width=\"702\" height=\"395\" src=\"https:\/\/www.youtube.com\/embed\/h89ScwmctT4?feature=oembed\" frameborder=\"0\" allow=\"accelerometer; autoplay; encrypted-media; gyroscope; picture-in-picture\" allowfullscreen><\/iframe>\n<\/div><\/figure>\n\n\n\n<h4 class=\"webinar-basics-planner-description wp-block-heading\">Qu\u00e9 Sigue?<\/h4>\n\n\n\n<p class=\"webinar-basics-planner-description\">Este es el mejor consejo para aprender a c\u00f3mo usar el Tzolkin: JUEGA!<\/p>\n\n\n\n<p class=\"webinar-basics-planner-description\">Mientras que conocer la estructura o el marco conceptual ayuda a familiarizarse con los componentes del Tzolkin, el proceso de aprendizaje ocurre a trav\u00e9s de la pr\u00e1ctica. Cuanto m\u00e1s juegues, m\u00e1s f\u00e1cil ser\u00e1 entenderlo y experimentar su magia.<\/p>\n\n\n\n<p class=\"webinar-basics-planner-description\">Para seguir explorando esta preciosa herramienta, encontrar\u00e1s cada componente explicado m\u00e1s en profundidad en mi libro en ingl\u00e9s <a href=\"https:\/\/mayankin.com\/es\/product\/practical-guide-to-the-tzolkin\/\">Practical Guide to the Tzolkin<\/a>, el cual incluye muchos ejemplos, gr\u00e1ficos y tablas, as\u00ed como otras capas no cubiertas en este seminario web. <\/p>\n","protected":false},"excerpt":{"rendered":"<p>Una Interpretati\u00f3n Moderna del Calendario Sagrado Maya Este evento ocurri\u00f3 el 26\/01\/18 Prop\u00f3sito Familiar\u00edzate con los componentes principales de esta herramienta maravillosa para el auto-crecimiento y transformaci\u00f3n como una introducci\u00f3n b\u00e1sica para que contin\u00faes explorando. GRATUITO mira la grabaci\u00f3n abajo Adelanta el video a 0:20 para que el audio comience Descripci\u00f3n En este seminario web [&hellip;]<\/p>\n","protected":false},"author":4,"featured_media":0,"parent":0,"menu_order":0,"comment_status":"closed","ping_status":"closed","template":"","meta":{"_monsterinsights_skip_tracking":false,"_monsterinsights_sitenote_active":false,"_monsterinsights_sitenote_note":"","_monsterinsights_sitenote_category":0,"_genesis_hide_title":false,"_genesis_hide_breadcrumbs":false,"_genesis_hide_singular_image":false,"_genesis_hide_footer_widgets":false,"_genesis_custom_body_class":"events","_genesis_custom_post_class":"","_genesis_layout":"","footnotes":""},"class_list":{"0":"post-11339","1":"page","2":"type-page","3":"status-publish","5":"entry","6":"has-post-thumbnail"},"yoast_head":"<!-- This site is optimized with the Yoast SEO plugin v26.6 - https:\/\/yoast.com\/wordpress\/plugins\/seo\/ -->\n<title>Seminario Web GRATUITO del Tzolkin B\u00e1sico | MayanKin<\/title>\n<meta name=\"description\" content=\"Aprende los componentes b\u00e1sicos del calendario maya Tzolkin en su interpretaci\u00f3n moderna como una introducci\u00f3n a un camino lleno de sincronicidades\" \/>\n<meta name=\"robots\" content=\"index, follow, max-snippet:-1, max-image-preview:large, max-video-preview:-1\" \/>\n<link rel=\"canonical\" href=\"https:\/\/mayankin.com\/es\/tzolkin-basics-seminario-web\/\" \/>\n<meta property=\"og:locale\" content=\"es_ES\" \/>\n<meta property=\"og:type\" content=\"article\" \/>\n<meta property=\"og:title\" content=\"Seminario Web GRATUITO del Tzolkin B\u00e1sico | MayanKin\" \/>\n<meta property=\"og:description\" content=\"Aprende los componentes b\u00e1sicos del calendario maya Tzolkin en su interpretaci\u00f3n moderna como una introducci\u00f3n a un camino lleno de sincronicidades\" \/>\n<meta property=\"og:url\" content=\"https:\/\/mayankin.com\/es\/tzolkin-basics-seminario-web\/\" \/>\n<meta property=\"og:site_name\" content=\"MayanKin\" \/>\n<meta property=\"article:publisher\" content=\"https:\/\/www.facebook.com\/MayanKinEspanol\/\" \/>\n<meta property=\"article:modified_time\" content=\"2020-05-26T04:52:34+00:00\" \/>\n<meta property=\"og:image\" content=\"https:\/\/mayankin.com\/es\/wp-content\/uploads\/2019\/08\/Mariela-Maya-MayanKin-BridgingWorlds-Tzolkin-Basics-Webinar-Poster.jpg\" \/>\n<meta name=\"twitter:card\" content=\"summary_large_image\" \/>\n<meta name=\"twitter:site\" content=\"@mayankin\" \/>\n<meta name=\"twitter:label1\" content=\"Tiempo de lectura\" \/>\n\t<meta name=\"twitter:data1\" content=\"1 minuto\" \/>\n<script type=\"application\/ld+json\" class=\"yoast-schema-graph\">{\"@context\":\"https:\/\/schema.org\",\"@graph\":[{\"@type\":\"WebPage\",\"@id\":\"https:\/\/mayankin.com\/es\/tzolkin-basics-seminario-web\/\",\"url\":\"https:\/\/mayankin.com\/es\/tzolkin-basics-seminario-web\/\",\"name\":\"Seminario Web GRATUITO del Tzolkin B\u00e1sico | MayanKin\",\"isPartOf\":{\"@id\":\"https:\/\/mayankin.com\/es\/#website\"},\"primaryImageOfPage\":{\"@id\":\"https:\/\/mayankin.com\/es\/tzolkin-basics-seminario-web\/#primaryimage\"},\"image\":{\"@id\":\"https:\/\/mayankin.com\/es\/tzolkin-basics-seminario-web\/#primaryimage\"},\"thumbnailUrl\":\"https:\/\/mayankin.com\/es\/wp-content\/uploads\/2019\/08\/Mariela-Maya-MayanKin-BridgingWorlds-Tzolkin-Basics-Webinar-Poster.jpg\",\"datePublished\":\"2019-08-26T23:54:36+00:00\",\"dateModified\":\"2020-05-26T04:52:34+00:00\",\"description\":\"Aprende los componentes b\u00e1sicos del calendario maya Tzolkin en su interpretaci\u00f3n moderna como una introducci\u00f3n a un camino lleno de sincronicidades\",\"breadcrumb\":{\"@id\":\"https:\/\/mayankin.com\/es\/tzolkin-basics-seminario-web\/#breadcrumb\"},\"inLanguage\":\"es\",\"potentialAction\":[{\"@type\":\"ReadAction\",\"target\":[\"https:\/\/mayankin.com\/es\/tzolkin-basics-seminario-web\/\"]}]},{\"@type\":\"ImageObject\",\"inLanguage\":\"es\",\"@id\":\"https:\/\/mayankin.com\/es\/tzolkin-basics-seminario-web\/#primaryimage\",\"url\":\"https:\/\/mayankin.com\/es\/wp-content\/uploads\/2019\/08\/Mariela-Maya-MayanKin-BridgingWorlds-Tzolkin-Basics-Webinar-Poster.jpg\",\"contentUrl\":\"https:\/\/mayankin.com\/es\/wp-content\/uploads\/2019\/08\/Mariela-Maya-MayanKin-BridgingWorlds-Tzolkin-Basics-Webinar-Poster.jpg\",\"width\":500,\"height\":500},{\"@type\":\"BreadcrumbList\",\"@id\":\"https:\/\/mayankin.com\/es\/tzolkin-basics-seminario-web\/#breadcrumb\",\"itemListElement\":[{\"@type\":\"ListItem\",\"position\":1,\"name\":\"Portada\",\"item\":\"https:\/\/mayankin.com\/es\/\"},{\"@type\":\"ListItem\",\"position\":2,\"name\":\"Seminario Web Bases del Tzolkin\"}]},{\"@type\":\"WebSite\",\"@id\":\"https:\/\/mayankin.com\/es\/#website\",\"url\":\"https:\/\/mayankin.com\/es\/\",\"name\":\"MayanKin\",\"description\":\"\",\"publisher\":{\"@id\":\"https:\/\/mayankin.com\/es\/#organization\"},\"potentialAction\":[{\"@type\":\"SearchAction\",\"target\":{\"@type\":\"EntryPoint\",\"urlTemplate\":\"https:\/\/mayankin.com\/es\/?s={search_term_string}\"},\"query-input\":{\"@type\":\"PropertyValueSpecification\",\"valueRequired\":true,\"valueName\":\"search_term_string\"}}],\"inLanguage\":\"es\"},{\"@type\":\"Organization\",\"@id\":\"https:\/\/mayankin.com\/es\/#organization\",\"name\":\"MayanKin\",\"url\":\"https:\/\/mayankin.com\/es\/\",\"logo\":{\"@type\":\"ImageObject\",\"inLanguage\":\"es\",\"@id\":\"https:\/\/mayankin.com\/es\/#\/schema\/logo\/image\/\",\"url\":\"https:\/\/mayankin.com\/es\/wp-content\/uploads\/2020\/05\/MK-Logo-Redesign.png\",\"contentUrl\":\"https:\/\/mayankin.com\/es\/wp-content\/uploads\/2020\/05\/MK-Logo-Redesign.png\",\"width\":260,\"height\":105,\"caption\":\"MayanKin\"},\"image\":{\"@id\":\"https:\/\/mayankin.com\/es\/#\/schema\/logo\/image\/\"},\"sameAs\":[\"https:\/\/www.facebook.com\/MayanKinEspanol\/\",\"https:\/\/x.com\/mayankin\"]}]}<\/script>\n<!-- \/ Yoast SEO plugin. -->","yoast_head_json":{"title":"Seminario Web GRATUITO del Tzolkin B\u00e1sico | MayanKin","description":"Aprende los componentes b\u00e1sicos del calendario maya Tzolkin en su interpretaci\u00f3n moderna como una introducci\u00f3n a un camino lleno de sincronicidades","robots":{"index":"index","follow":"follow","max-snippet":"max-snippet:-1","max-image-preview":"max-image-preview:large","max-video-preview":"max-video-preview:-1"},"canonical":"https:\/\/mayankin.com\/es\/tzolkin-basics-seminario-web\/","og_locale":"es_ES","og_type":"article","og_title":"Seminario Web GRATUITO del Tzolkin B\u00e1sico | MayanKin","og_description":"Aprende los componentes b\u00e1sicos del calendario maya Tzolkin en su interpretaci\u00f3n moderna como una introducci\u00f3n a un camino lleno de sincronicidades","og_url":"https:\/\/mayankin.com\/es\/tzolkin-basics-seminario-web\/","og_site_name":"MayanKin","article_publisher":"https:\/\/www.facebook.com\/MayanKinEspanol\/","article_modified_time":"2020-05-26T04:52:34+00:00","og_image":[{"url":"https:\/\/mayankin.com\/es\/wp-content\/uploads\/2019\/08\/Mariela-Maya-MayanKin-BridgingWorlds-Tzolkin-Basics-Webinar-Poster.jpg","type":"","width":"","height":""}],"twitter_card":"summary_large_image","twitter_site":"@mayankin","twitter_misc":{"Tiempo de lectura":"1 minuto"},"schema":{"@context":"https:\/\/schema.org","@graph":[{"@type":"WebPage","@id":"https:\/\/mayankin.com\/es\/tzolkin-basics-seminario-web\/","url":"https:\/\/mayankin.com\/es\/tzolkin-basics-seminario-web\/","name":"Seminario Web GRATUITO del Tzolkin B\u00e1sico | MayanKin","isPartOf":{"@id":"https:\/\/mayankin.com\/es\/#website"},"primaryImageOfPage":{"@id":"https:\/\/mayankin.com\/es\/tzolkin-basics-seminario-web\/#primaryimage"},"image":{"@id":"https:\/\/mayankin.com\/es\/tzolkin-basics-seminario-web\/#primaryimage"},"thumbnailUrl":"https:\/\/mayankin.com\/es\/wp-content\/uploads\/2019\/08\/Mariela-Maya-MayanKin-BridgingWorlds-Tzolkin-Basics-Webinar-Poster.jpg","datePublished":"2019-08-26T23:54:36+00:00","dateModified":"2020-05-26T04:52:34+00:00","description":"Aprende los componentes b\u00e1sicos del calendario maya Tzolkin en su interpretaci\u00f3n moderna como una introducci\u00f3n a un camino lleno de sincronicidades","breadcrumb":{"@id":"https:\/\/mayankin.com\/es\/tzolkin-basics-seminario-web\/#breadcrumb"},"inLanguage":"es","potentialAction":[{"@type":"ReadAction","target":["https:\/\/mayankin.com\/es\/tzolkin-basics-seminario-web\/"]}]},{"@type":"ImageObject","inLanguage":"es","@id":"https:\/\/mayankin.com\/es\/tzolkin-basics-seminario-web\/#primaryimage","url":"https:\/\/mayankin.com\/es\/wp-content\/uploads\/2019\/08\/Mariela-Maya-MayanKin-BridgingWorlds-Tzolkin-Basics-Webinar-Poster.jpg","contentUrl":"https:\/\/mayankin.com\/es\/wp-content\/uploads\/2019\/08\/Mariela-Maya-MayanKin-BridgingWorlds-Tzolkin-Basics-Webinar-Poster.jpg","width":500,"height":500},{"@type":"BreadcrumbList","@id":"https:\/\/mayankin.com\/es\/tzolkin-basics-seminario-web\/#breadcrumb","itemListElement":[{"@type":"ListItem","position":1,"name":"Portada","item":"https:\/\/mayankin.com\/es\/"},{"@type":"ListItem","position":2,"name":"Seminario Web Bases del Tzolkin"}]},{"@type":"WebSite","@id":"https:\/\/mayankin.com\/es\/#website","url":"https:\/\/mayankin.com\/es\/","name":"MayanKin","description":"","publisher":{"@id":"https:\/\/mayankin.com\/es\/#organization"},"potentialAction":[{"@type":"SearchAction","target":{"@type":"EntryPoint","urlTemplate":"https:\/\/mayankin.com\/es\/?s={search_term_string}"},"query-input":{"@type":"PropertyValueSpecification","valueRequired":true,"valueName":"search_term_string"}}],"inLanguage":"es"},{"@type":"Organization","@id":"https:\/\/mayankin.com\/es\/#organization","name":"MayanKin","url":"https:\/\/mayankin.com\/es\/","logo":{"@type":"ImageObject","inLanguage":"es","@id":"https:\/\/mayankin.com\/es\/#\/schema\/logo\/image\/","url":"https:\/\/mayankin.com\/es\/wp-content\/uploads\/2020\/05\/MK-Logo-Redesign.png","contentUrl":"https:\/\/mayankin.com\/es\/wp-content\/uploads\/2020\/05\/MK-Logo-Redesign.png","width":260,"height":105,"caption":"MayanKin"},"image":{"@id":"https:\/\/mayankin.com\/es\/#\/schema\/logo\/image\/"},"sameAs":["https:\/\/www.facebook.com\/MayanKinEspanol\/","https:\/\/x.com\/mayankin"]}]}},"_links":{"self":[{"href":"https:\/\/mayankin.com\/es\/wp-json\/wp\/v2\/pages\/11339","targetHints":{"allow":["GET"]}}],"collection":[{"href":"https:\/\/mayankin.com\/es\/wp-json\/wp\/v2\/pages"}],"about":[{"href":"https:\/\/mayankin.com\/es\/wp-json\/wp\/v2\/types\/page"}],"author":[{"embeddable":true,"href":"https:\/\/mayankin.com\/es\/wp-json\/wp\/v2\/users\/4"}],"replies":[{"embeddable":true,"href":"https:\/\/mayankin.com\/es\/wp-json\/wp\/v2\/comments?post=11339"}],"version-history":[{"count":21,"href":"https:\/\/mayankin.com\/es\/wp-json\/wp\/v2\/pages\/11339\/revisions"}],"predecessor-version":[{"id":12838,"href":"https:\/\/mayankin.com\/es\/wp-json\/wp\/v2\/pages\/11339\/revisions\/12838"}],"wp:attachment":[{"href":"https:\/\/mayankin.com\/es\/wp-json\/wp\/v2\/media?parent=11339"}],"curies":[{"name":"wp","href":"https:\/\/api.w.org\/{rel}","templated":true}]}}