{"id":11213,"date":"2019-08-24T18:17:00","date_gmt":"2019-08-24T18:17:00","guid":{"rendered":"https:\/\/mayankin.com\/es\/?page_id=11213"},"modified":"2023-10-21T21:21:56","modified_gmt":"2023-10-22T02:21:56","slug":"blog","status":"publish","type":"page","link":"https:\/\/mayankin.com\/es\/blog\/","title":{"rendered":"Blog"},"content":{"rendered":"\n<p>Practica seguir una Onda Encantada y sintonizarte con las energ\u00edas diarias de maneras que funcionen para ti. Ver\u00e1s lo \u00fatil que se vuelve al integrarlo en tu vida diaria! Mis mensajes se env\u00edan cada 13 d\u00edas cuando comienza una nueva Onda Encantada. Si aun no lo has hecho, puedes\u00a0<a href=\"#mcsuscribe\">suscribirte<\/a>\u00a0al final de esta p\u00e1gina. El ciclo actual de Tzolkin comenz\u00f3 el 21 de octubre de 2023 y finalizar\u00e1 el 7 de julio de 2024.<\/p>\n","protected":false},"excerpt":{"rendered":"<p>Practica seguir una Onda Encantada y sintonizarte con las energ\u00edas diarias de maneras que funcionen para ti. Ver\u00e1s lo \u00fatil que se vuelve al integrarlo en tu vida diaria! Mis mensajes se env\u00edan cada 13 d\u00edas cuando comienza una nueva Onda Encantada. Si aun no lo has hecho, puedes\u00a0suscribirte\u00a0al final de esta p\u00e1gina. El ciclo [&hellip;]<\/p>\n","protected":false},"author":4,"featured_media":0,"parent":0,"menu_order":0,"comment_status":"closed","ping_status":"closed","template":"blog-wavespell-index-template.php","meta":{"_monsterinsights_skip_tracking":false,"_monsterinsights_sitenote_active":false,"_monsterinsights_sitenote_note":"","_monsterinsights_sitenote_category":0,"_genesis_hide_title":false,"_genesis_hide_breadcrumbs":false,"_genesis_hide_singular_image":false,"_genesis_hide_footer_widgets":false,"_genesis_custom_body_class":"ws-red","_genesis_custom_post_class":"","_genesis_layout":"","footnotes":""},"class_list":{"0":"post-11213","1":"page","2":"type-page","3":"status-publish","5":"entry"},"yoast_head":"<!-- This site is optimized with the Yoast SEO plugin v26.6 - https:\/\/yoast.com\/wordpress\/plugins\/seo\/ -->\n<title>Sintonizando con el Tzolkin a trav\u00e9s de las Ondas Encantadas | MayanKin<\/title>\n<meta name=\"description\" content=\"Aprende a sintonizar con las energ\u00edas diarias del Tzolkin al seguir una Onda Encantada de 13 d\u00edas. Chequea el \u00faltimo mensaje con las afirmaciones diarias!\" \/>\n<meta name=\"robots\" content=\"index, follow, max-snippet:-1, max-image-preview:large, max-video-preview:-1\" \/>\n<link rel=\"canonical\" href=\"https:\/\/mayankin.com\/es\/blog\/\" \/>\n<meta property=\"og:locale\" content=\"es_ES\" \/>\n<meta property=\"og:type\" content=\"article\" \/>\n<meta property=\"og:title\" content=\"Sintonizando con el Tzolkin a trav\u00e9s de las Ondas Encantadas | MayanKin\" \/>\n<meta property=\"og:description\" content=\"Aprende a sintonizar con las energ\u00edas diarias del Tzolkin al seguir una Onda Encantada de 13 d\u00edas. Chequea el \u00faltimo mensaje con las afirmaciones diarias!\" \/>\n<meta property=\"og:url\" content=\"https:\/\/mayankin.com\/es\/blog\/\" \/>\n<meta property=\"og:site_name\" content=\"MayanKin\" \/>\n<meta property=\"article:publisher\" content=\"https:\/\/www.facebook.com\/MayanKinEspanol\/\" \/>\n<meta property=\"article:modified_time\" content=\"2023-10-22T02:21:56+00:00\" \/>\n<meta name=\"twitter:card\" content=\"summary_large_image\" \/>\n<meta name=\"twitter:site\" content=\"@mayankin\" \/>\n<meta name=\"twitter:label1\" content=\"Tiempo de lectura\" \/>\n\t<meta name=\"twitter:data1\" content=\"1 minuto\" \/>\n<script type=\"application\/ld+json\" class=\"yoast-schema-graph\">{\"@context\":\"https:\/\/schema.org\",\"@graph\":[{\"@type\":\"WebPage\",\"@id\":\"https:\/\/mayankin.com\/es\/blog\/\",\"url\":\"https:\/\/mayankin.com\/es\/blog\/\",\"name\":\"Sintonizando con el Tzolkin a trav\u00e9s de las Ondas Encantadas | MayanKin\",\"isPartOf\":{\"@id\":\"https:\/\/mayankin.com\/es\/#website\"},\"datePublished\":\"2019-08-24T18:17:00+00:00\",\"dateModified\":\"2023-10-22T02:21:56+00:00\",\"description\":\"Aprende a sintonizar con las energ\u00edas diarias del Tzolkin al seguir una Onda Encantada de 13 d\u00edas. Chequea el \u00faltimo mensaje con las afirmaciones diarias!\",\"breadcrumb\":{\"@id\":\"https:\/\/mayankin.com\/es\/blog\/#breadcrumb\"},\"inLanguage\":\"es\",\"potentialAction\":[{\"@type\":\"ReadAction\",\"target\":[\"https:\/\/mayankin.com\/es\/blog\/\"]}]},{\"@type\":\"BreadcrumbList\",\"@id\":\"https:\/\/mayankin.com\/es\/blog\/#breadcrumb\",\"itemListElement\":[{\"@type\":\"ListItem\",\"position\":1,\"name\":\"Portada\",\"item\":\"https:\/\/mayankin.com\/es\/\"},{\"@type\":\"ListItem\",\"position\":2,\"name\":\"Blog\"}]},{\"@type\":\"WebSite\",\"@id\":\"https:\/\/mayankin.com\/es\/#website\",\"url\":\"https:\/\/mayankin.com\/es\/\",\"name\":\"MayanKin\",\"description\":\"\",\"publisher\":{\"@id\":\"https:\/\/mayankin.com\/es\/#organization\"},\"potentialAction\":[{\"@type\":\"SearchAction\",\"target\":{\"@type\":\"EntryPoint\",\"urlTemplate\":\"https:\/\/mayankin.com\/es\/?s={search_term_string}\"},\"query-input\":{\"@type\":\"PropertyValueSpecification\",\"valueRequired\":true,\"valueName\":\"search_term_string\"}}],\"inLanguage\":\"es\"},{\"@type\":\"Organization\",\"@id\":\"https:\/\/mayankin.com\/es\/#organization\",\"name\":\"MayanKin\",\"url\":\"https:\/\/mayankin.com\/es\/\",\"logo\":{\"@type\":\"ImageObject\",\"inLanguage\":\"es\",\"@id\":\"https:\/\/mayankin.com\/es\/#\/schema\/logo\/image\/\",\"url\":\"https:\/\/mayankin.com\/es\/wp-content\/uploads\/2020\/05\/MK-Logo-Redesign.png\",\"contentUrl\":\"https:\/\/mayankin.com\/es\/wp-content\/uploads\/2020\/05\/MK-Logo-Redesign.png\",\"width\":260,\"height\":105,\"caption\":\"MayanKin\"},\"image\":{\"@id\":\"https:\/\/mayankin.com\/es\/#\/schema\/logo\/image\/\"},\"sameAs\":[\"https:\/\/www.facebook.com\/MayanKinEspanol\/\",\"https:\/\/x.com\/mayankin\"]}]}<\/script>\n<!-- \/ Yoast SEO plugin. -->","yoast_head_json":{"title":"Sintonizando con el Tzolkin a trav\u00e9s de las Ondas Encantadas | MayanKin","description":"Aprende a sintonizar con las energ\u00edas diarias del Tzolkin al seguir una Onda Encantada de 13 d\u00edas. Chequea el \u00faltimo mensaje con las afirmaciones diarias!","robots":{"index":"index","follow":"follow","max-snippet":"max-snippet:-1","max-image-preview":"max-image-preview:large","max-video-preview":"max-video-preview:-1"},"canonical":"https:\/\/mayankin.com\/es\/blog\/","og_locale":"es_ES","og_type":"article","og_title":"Sintonizando con el Tzolkin a trav\u00e9s de las Ondas Encantadas | MayanKin","og_description":"Aprende a sintonizar con las energ\u00edas diarias del Tzolkin al seguir una Onda Encantada de 13 d\u00edas. Chequea el \u00faltimo mensaje con las afirmaciones diarias!","og_url":"https:\/\/mayankin.com\/es\/blog\/","og_site_name":"MayanKin","article_publisher":"https:\/\/www.facebook.com\/MayanKinEspanol\/","article_modified_time":"2023-10-22T02:21:56+00:00","twitter_card":"summary_large_image","twitter_site":"@mayankin","twitter_misc":{"Tiempo de lectura":"1 minuto"},"schema":{"@context":"https:\/\/schema.org","@graph":[{"@type":"WebPage","@id":"https:\/\/mayankin.com\/es\/blog\/","url":"https:\/\/mayankin.com\/es\/blog\/","name":"Sintonizando con el Tzolkin a trav\u00e9s de las Ondas Encantadas | MayanKin","isPartOf":{"@id":"https:\/\/mayankin.com\/es\/#website"},"datePublished":"2019-08-24T18:17:00+00:00","dateModified":"2023-10-22T02:21:56+00:00","description":"Aprende a sintonizar con las energ\u00edas diarias del Tzolkin al seguir una Onda Encantada de 13 d\u00edas. Chequea el \u00faltimo mensaje con las afirmaciones diarias!","breadcrumb":{"@id":"https:\/\/mayankin.com\/es\/blog\/#breadcrumb"},"inLanguage":"es","potentialAction":[{"@type":"ReadAction","target":["https:\/\/mayankin.com\/es\/blog\/"]}]},{"@type":"BreadcrumbList","@id":"https:\/\/mayankin.com\/es\/blog\/#breadcrumb","itemListElement":[{"@type":"ListItem","position":1,"name":"Portada","item":"https:\/\/mayankin.com\/es\/"},{"@type":"ListItem","position":2,"name":"Blog"}]},{"@type":"WebSite","@id":"https:\/\/mayankin.com\/es\/#website","url":"https:\/\/mayankin.com\/es\/","name":"MayanKin","description":"","publisher":{"@id":"https:\/\/mayankin.com\/es\/#organization"},"potentialAction":[{"@type":"SearchAction","target":{"@type":"EntryPoint","urlTemplate":"https:\/\/mayankin.com\/es\/?s={search_term_string}"},"query-input":{"@type":"PropertyValueSpecification","valueRequired":true,"valueName":"search_term_string"}}],"inLanguage":"es"},{"@type":"Organization","@id":"https:\/\/mayankin.com\/es\/#organization","name":"MayanKin","url":"https:\/\/mayankin.com\/es\/","logo":{"@type":"ImageObject","inLanguage":"es","@id":"https:\/\/mayankin.com\/es\/#\/schema\/logo\/image\/","url":"https:\/\/mayankin.com\/es\/wp-content\/uploads\/2020\/05\/MK-Logo-Redesign.png","contentUrl":"https:\/\/mayankin.com\/es\/wp-content\/uploads\/2020\/05\/MK-Logo-Redesign.png","width":260,"height":105,"caption":"MayanKin"},"image":{"@id":"https:\/\/mayankin.com\/es\/#\/schema\/logo\/image\/"},"sameAs":["https:\/\/www.facebook.com\/MayanKinEspanol\/","https:\/\/x.com\/mayankin"]}]}},"_links":{"self":[{"href":"https:\/\/mayankin.com\/es\/wp-json\/wp\/v2\/pages\/11213","targetHints":{"allow":["GET"]}}],"collection":[{"href":"https:\/\/mayankin.com\/es\/wp-json\/wp\/v2\/pages"}],"about":[{"href":"https:\/\/mayankin.com\/es\/wp-json\/wp\/v2\/types\/page"}],"author":[{"embeddable":true,"href":"https:\/\/mayankin.com\/es\/wp-json\/wp\/v2\/users\/4"}],"replies":[{"embeddable":true,"href":"https:\/\/mayankin.com\/es\/wp-json\/wp\/v2\/comments?post=11213"}],"version-history":[{"count":14,"href":"https:\/\/mayankin.com\/es\/wp-json\/wp\/v2\/pages\/11213\/revisions"}],"predecessor-version":[{"id":16005,"href":"https:\/\/mayankin.com\/es\/wp-json\/wp\/v2\/pages\/11213\/revisions\/16005"}],"wp:attachment":[{"href":"https:\/\/mayankin.com\/es\/wp-json\/wp\/v2\/media?parent=11213"}],"curies":[{"name":"wp","href":"https:\/\/api.w.org\/{rel}","templated":true}]}}