{"id":11189,"date":"2019-08-23T22:35:16","date_gmt":"2019-08-23T22:35:16","guid":{"rendered":"https:\/\/mayankin.com\/es\/?page_id=11189"},"modified":"2019-09-04T17:54:07","modified_gmt":"2019-09-05T00:54:07","slug":"artisan-patricia","status":"publish","type":"page","link":"https:\/\/mayankin.com\/es\/artisan-patricia\/","title":{"rendered":"Patricia"},"content":{"rendered":"\n<h4 class=\"wp-block-heading\">Guerrero Auto-Existente Amarillo<\/h4>\n\n\n\n<p>\u00a1Hola! Soy Patricia, artesana argentina. \u00bfQuieres que te comente c\u00f3mo es mi trabajo? Uso l\u00e1minas de plata 925 de distintos grosores. En ellas marco y calo cada parte del dibujo a realizar, determinando qu\u00e9 superponer y qu\u00e9 dejar en bajo relieve para lograr que cada pieza tenga m\u00e1s inter\u00e9s y exprese mejor la idea del dibujo a presentar. <\/p>\n\n\n\n<p>Sueldo cada parte en el lugar correspondiente y, luego de limpiarlas en el \u00e1cido para quitar el \u00f3xido, las limo. Con cinceles (herramientas de acero fabricadas por m\u00ed) les marco los detalles y texturas. Luego les paso tela esmeril para quitar rayas y marcas indeseadas.<\/p>\n\n\n\n<p>Para darle mayor contraste, se le aplica l\u00edquido de sulfurar, lo que les deja un efecto sombreado. Por \u00faltimo, se pule para dar brillo y quitar la p\u00e1tina de las zonas no deseadas.<\/p>\n\n\n\n<p>La elaboraci\u00f3n de cada pieza es totalmente artesanal, por lo cual, si bien pueden tener un parecido, nunca son iguales debido a que cada artesano tambi\u00e9n aporta en el proceso un poco de las vivencias que atraviesa en el momento de realizarlas. La idea es que encuentres tu colgante y el tambi\u00e9n te encuentre a ti en el lugar del mundo en que est\u00e9s. <\/p>\n\n\n\n<p style=\"text-align:center\"> \u00a1Chau! Buena Vida,<\/p>\n\n\n\n<h4 class=\"wp-block-heading\" style=\"text-align:center\"><em>Patricia<\/em><\/h4>\n\n\n\n<div class=\"wp-block-image\"><figure class=\"aligncenter is-resized\"><img loading=\"lazy\" decoding=\"async\" src=\"https:\/\/mayankin.com\/es\/wp-content\/uploads\/2019\/08\/Patricia.jpg\" alt=\"\" class=\"wp-image-11190\" width=\"250\" height=\"221\" srcset=\"https:\/\/mayankin.com\/es\/wp-content\/uploads\/2019\/08\/Patricia.jpg 500w, https:\/\/mayankin.com\/es\/wp-content\/uploads\/2019\/08\/Patricia-300x265.jpg 300w\" sizes=\"auto, (max-width: 250px) 100vw, 250px\" \/><\/figure><\/div>\n","protected":false},"excerpt":{"rendered":"<p>Guerrero Auto-Existente Amarillo \u00a1Hola! Soy Patricia, artesana argentina. \u00bfQuieres que te comente c\u00f3mo es mi trabajo? Uso l\u00e1minas de plata 925 de distintos grosores. En ellas marco y calo cada parte del dibujo a realizar, determinando qu\u00e9 superponer y qu\u00e9 dejar en bajo relieve para lograr que cada pieza tenga m\u00e1s inter\u00e9s y exprese mejor [&hellip;]<\/p>\n","protected":false},"author":4,"featured_media":0,"parent":0,"menu_order":0,"comment_status":"closed","ping_status":"closed","template":"","meta":{"_monsterinsights_skip_tracking":false,"_monsterinsights_sitenote_active":false,"_monsterinsights_sitenote_note":"","_monsterinsights_sitenote_category":0,"_genesis_hide_title":false,"_genesis_hide_breadcrumbs":false,"_genesis_hide_singular_image":false,"_genesis_hide_footer_widgets":false,"_genesis_custom_body_class":"store","_genesis_custom_post_class":"","_genesis_layout":"","footnotes":""},"class_list":{"0":"post-11189","1":"page","2":"type-page","3":"status-publish","5":"entry","6":"has-post-thumbnail"},"yoast_head":"<!-- This site is optimized with the Yoast SEO plugin v26.6 - https:\/\/yoast.com\/wordpress\/plugins\/seo\/ -->\n<title>Patricia - MayanKin<\/title>\n<meta name=\"robots\" content=\"index, follow, max-snippet:-1, max-image-preview:large, max-video-preview:-1\" \/>\n<link rel=\"canonical\" href=\"https:\/\/mayankin.com\/es\/artisan-patricia\/\" \/>\n<meta property=\"og:locale\" content=\"es_ES\" \/>\n<meta property=\"og:type\" content=\"article\" \/>\n<meta property=\"og:title\" content=\"Patricia - MayanKin\" \/>\n<meta property=\"og:description\" content=\"Guerrero Auto-Existente Amarillo \u00a1Hola! Soy Patricia, artesana argentina. \u00bfQuieres que te comente c\u00f3mo es mi trabajo? Uso l\u00e1minas de plata 925 de distintos grosores. En ellas marco y calo cada parte del dibujo a realizar, determinando qu\u00e9 superponer y qu\u00e9 dejar en bajo relieve para lograr que cada pieza tenga m\u00e1s inter\u00e9s y exprese mejor [&hellip;]\" \/>\n<meta property=\"og:url\" content=\"https:\/\/mayankin.com\/es\/artisan-patricia\/\" \/>\n<meta property=\"og:site_name\" content=\"MayanKin\" \/>\n<meta property=\"article:publisher\" content=\"https:\/\/www.facebook.com\/MayanKinEspanol\/\" \/>\n<meta property=\"article:modified_time\" content=\"2019-09-05T00:54:07+00:00\" \/>\n<meta property=\"og:image\" content=\"https:\/\/mayankin.com\/es\/wp-content\/uploads\/2019\/08\/Patricia.jpg\" \/>\n<meta name=\"twitter:card\" content=\"summary_large_image\" \/>\n<meta name=\"twitter:site\" content=\"@mayankin\" \/>\n<meta name=\"twitter:label1\" content=\"Tiempo de lectura\" \/>\n\t<meta name=\"twitter:data1\" content=\"1 minuto\" \/>\n<script type=\"application\/ld+json\" class=\"yoast-schema-graph\">{\"@context\":\"https:\/\/schema.org\",\"@graph\":[{\"@type\":\"WebPage\",\"@id\":\"https:\/\/mayankin.com\/es\/artisan-patricia\/\",\"url\":\"https:\/\/mayankin.com\/es\/artisan-patricia\/\",\"name\":\"Patricia - MayanKin\",\"isPartOf\":{\"@id\":\"https:\/\/mayankin.com\/es\/#website\"},\"primaryImageOfPage\":{\"@id\":\"https:\/\/mayankin.com\/es\/artisan-patricia\/#primaryimage\"},\"image\":{\"@id\":\"https:\/\/mayankin.com\/es\/artisan-patricia\/#primaryimage\"},\"thumbnailUrl\":\"https:\/\/mayankin.com\/es\/wp-content\/uploads\/2019\/08\/Patricia.jpg\",\"datePublished\":\"2019-08-23T22:35:16+00:00\",\"dateModified\":\"2019-09-05T00:54:07+00:00\",\"breadcrumb\":{\"@id\":\"https:\/\/mayankin.com\/es\/artisan-patricia\/#breadcrumb\"},\"inLanguage\":\"es\",\"potentialAction\":[{\"@type\":\"ReadAction\",\"target\":[\"https:\/\/mayankin.com\/es\/artisan-patricia\/\"]}]},{\"@type\":\"ImageObject\",\"inLanguage\":\"es\",\"@id\":\"https:\/\/mayankin.com\/es\/artisan-patricia\/#primaryimage\",\"url\":\"https:\/\/mayankin.com\/es\/wp-content\/uploads\/2019\/08\/Patricia.jpg\",\"contentUrl\":\"https:\/\/mayankin.com\/es\/wp-content\/uploads\/2019\/08\/Patricia.jpg\",\"width\":500,\"height\":442},{\"@type\":\"BreadcrumbList\",\"@id\":\"https:\/\/mayankin.com\/es\/artisan-patricia\/#breadcrumb\",\"itemListElement\":[{\"@type\":\"ListItem\",\"position\":1,\"name\":\"Portada\",\"item\":\"https:\/\/mayankin.com\/es\/\"},{\"@type\":\"ListItem\",\"position\":2,\"name\":\"Patricia\"}]},{\"@type\":\"WebSite\",\"@id\":\"https:\/\/mayankin.com\/es\/#website\",\"url\":\"https:\/\/mayankin.com\/es\/\",\"name\":\"MayanKin\",\"description\":\"\",\"publisher\":{\"@id\":\"https:\/\/mayankin.com\/es\/#organization\"},\"potentialAction\":[{\"@type\":\"SearchAction\",\"target\":{\"@type\":\"EntryPoint\",\"urlTemplate\":\"https:\/\/mayankin.com\/es\/?s={search_term_string}\"},\"query-input\":{\"@type\":\"PropertyValueSpecification\",\"valueRequired\":true,\"valueName\":\"search_term_string\"}}],\"inLanguage\":\"es\"},{\"@type\":\"Organization\",\"@id\":\"https:\/\/mayankin.com\/es\/#organization\",\"name\":\"MayanKin\",\"url\":\"https:\/\/mayankin.com\/es\/\",\"logo\":{\"@type\":\"ImageObject\",\"inLanguage\":\"es\",\"@id\":\"https:\/\/mayankin.com\/es\/#\/schema\/logo\/image\/\",\"url\":\"https:\/\/mayankin.com\/es\/wp-content\/uploads\/2020\/05\/MK-Logo-Redesign.png\",\"contentUrl\":\"https:\/\/mayankin.com\/es\/wp-content\/uploads\/2020\/05\/MK-Logo-Redesign.png\",\"width\":260,\"height\":105,\"caption\":\"MayanKin\"},\"image\":{\"@id\":\"https:\/\/mayankin.com\/es\/#\/schema\/logo\/image\/\"},\"sameAs\":[\"https:\/\/www.facebook.com\/MayanKinEspanol\/\",\"https:\/\/x.com\/mayankin\"]}]}<\/script>\n<!-- \/ Yoast SEO plugin. -->","yoast_head_json":{"title":"Patricia - MayanKin","robots":{"index":"index","follow":"follow","max-snippet":"max-snippet:-1","max-image-preview":"max-image-preview:large","max-video-preview":"max-video-preview:-1"},"canonical":"https:\/\/mayankin.com\/es\/artisan-patricia\/","og_locale":"es_ES","og_type":"article","og_title":"Patricia - MayanKin","og_description":"Guerrero Auto-Existente Amarillo \u00a1Hola! Soy Patricia, artesana argentina. \u00bfQuieres que te comente c\u00f3mo es mi trabajo? Uso l\u00e1minas de plata 925 de distintos grosores. En ellas marco y calo cada parte del dibujo a realizar, determinando qu\u00e9 superponer y qu\u00e9 dejar en bajo relieve para lograr que cada pieza tenga m\u00e1s inter\u00e9s y exprese mejor [&hellip;]","og_url":"https:\/\/mayankin.com\/es\/artisan-patricia\/","og_site_name":"MayanKin","article_publisher":"https:\/\/www.facebook.com\/MayanKinEspanol\/","article_modified_time":"2019-09-05T00:54:07+00:00","og_image":[{"url":"https:\/\/mayankin.com\/es\/wp-content\/uploads\/2019\/08\/Patricia.jpg","type":"","width":"","height":""}],"twitter_card":"summary_large_image","twitter_site":"@mayankin","twitter_misc":{"Tiempo de lectura":"1 minuto"},"schema":{"@context":"https:\/\/schema.org","@graph":[{"@type":"WebPage","@id":"https:\/\/mayankin.com\/es\/artisan-patricia\/","url":"https:\/\/mayankin.com\/es\/artisan-patricia\/","name":"Patricia - MayanKin","isPartOf":{"@id":"https:\/\/mayankin.com\/es\/#website"},"primaryImageOfPage":{"@id":"https:\/\/mayankin.com\/es\/artisan-patricia\/#primaryimage"},"image":{"@id":"https:\/\/mayankin.com\/es\/artisan-patricia\/#primaryimage"},"thumbnailUrl":"https:\/\/mayankin.com\/es\/wp-content\/uploads\/2019\/08\/Patricia.jpg","datePublished":"2019-08-23T22:35:16+00:00","dateModified":"2019-09-05T00:54:07+00:00","breadcrumb":{"@id":"https:\/\/mayankin.com\/es\/artisan-patricia\/#breadcrumb"},"inLanguage":"es","potentialAction":[{"@type":"ReadAction","target":["https:\/\/mayankin.com\/es\/artisan-patricia\/"]}]},{"@type":"ImageObject","inLanguage":"es","@id":"https:\/\/mayankin.com\/es\/artisan-patricia\/#primaryimage","url":"https:\/\/mayankin.com\/es\/wp-content\/uploads\/2019\/08\/Patricia.jpg","contentUrl":"https:\/\/mayankin.com\/es\/wp-content\/uploads\/2019\/08\/Patricia.jpg","width":500,"height":442},{"@type":"BreadcrumbList","@id":"https:\/\/mayankin.com\/es\/artisan-patricia\/#breadcrumb","itemListElement":[{"@type":"ListItem","position":1,"name":"Portada","item":"https:\/\/mayankin.com\/es\/"},{"@type":"ListItem","position":2,"name":"Patricia"}]},{"@type":"WebSite","@id":"https:\/\/mayankin.com\/es\/#website","url":"https:\/\/mayankin.com\/es\/","name":"MayanKin","description":"","publisher":{"@id":"https:\/\/mayankin.com\/es\/#organization"},"potentialAction":[{"@type":"SearchAction","target":{"@type":"EntryPoint","urlTemplate":"https:\/\/mayankin.com\/es\/?s={search_term_string}"},"query-input":{"@type":"PropertyValueSpecification","valueRequired":true,"valueName":"search_term_string"}}],"inLanguage":"es"},{"@type":"Organization","@id":"https:\/\/mayankin.com\/es\/#organization","name":"MayanKin","url":"https:\/\/mayankin.com\/es\/","logo":{"@type":"ImageObject","inLanguage":"es","@id":"https:\/\/mayankin.com\/es\/#\/schema\/logo\/image\/","url":"https:\/\/mayankin.com\/es\/wp-content\/uploads\/2020\/05\/MK-Logo-Redesign.png","contentUrl":"https:\/\/mayankin.com\/es\/wp-content\/uploads\/2020\/05\/MK-Logo-Redesign.png","width":260,"height":105,"caption":"MayanKin"},"image":{"@id":"https:\/\/mayankin.com\/es\/#\/schema\/logo\/image\/"},"sameAs":["https:\/\/www.facebook.com\/MayanKinEspanol\/","https:\/\/x.com\/mayankin"]}]}},"_links":{"self":[{"href":"https:\/\/mayankin.com\/es\/wp-json\/wp\/v2\/pages\/11189","targetHints":{"allow":["GET"]}}],"collection":[{"href":"https:\/\/mayankin.com\/es\/wp-json\/wp\/v2\/pages"}],"about":[{"href":"https:\/\/mayankin.com\/es\/wp-json\/wp\/v2\/types\/page"}],"author":[{"embeddable":true,"href":"https:\/\/mayankin.com\/es\/wp-json\/wp\/v2\/users\/4"}],"replies":[{"embeddable":true,"href":"https:\/\/mayankin.com\/es\/wp-json\/wp\/v2\/comments?post=11189"}],"version-history":[{"count":2,"href":"https:\/\/mayankin.com\/es\/wp-json\/wp\/v2\/pages\/11189\/revisions"}],"predecessor-version":[{"id":11786,"href":"https:\/\/mayankin.com\/es\/wp-json\/wp\/v2\/pages\/11189\/revisions\/11786"}],"wp:attachment":[{"href":"https:\/\/mayankin.com\/es\/wp-json\/wp\/v2\/media?parent=11189"}],"curies":[{"name":"wp","href":"https:\/\/api.w.org\/{rel}","templated":true}]}}