{"id":11186,"date":"2019-08-23T22:30:20","date_gmt":"2019-08-23T22:30:20","guid":{"rendered":"https:\/\/mayankin.com\/es\/?page_id=11186"},"modified":"2019-09-04T17:49:27","modified_gmt":"2019-09-05T00:49:27","slug":"artisan-magali","status":"publish","type":"page","link":"https:\/\/mayankin.com\/es\/artisan-magali\/","title":{"rendered":"Magali"},"content":{"rendered":"\n<h4 class=\"wp-block-heading\">Drag\u00f3n Resonante Rojo<\/h4>\n\n\n\n<p>En un peque\u00f1o taller de Haedo, en Buenos Aires, las luces relampaguean hasta tarde... es que cuando empiezo a trabajar el tiempo pasa muy r\u00e1pido! Imaginaci\u00f3n, radio y mates entre mucha madera, semillas y chapas met\u00e1licas que esperan a ser usadas en alguna creaci\u00f3n. Guayubira Misionera, Alerce Patag\u00f3nico, Ebano Africano y Jacarand\u00e1, maderas que vienen y van, intercambiadas o recicladas.<\/p>\n\n\n\n<p>As\u00ed es que surgen los distintos sellos del Calendario Maya, calados a mano en una l\u00e1mina de plata 925. Pensando en lo que cada uno de ellos simboliza elijo sus soportes de madera y les doy la forma que quiero. Uso resina para unirlos, y despu\u00e9s de esperar que endurezca en varias horas lijo y pulo las piezas. Con Goma Laca, barniz natural que fortalece y protege la madera doy su terminaci\u00f3n.<\/p>\n\n\n\n<p>Cada pieza es \u00fanica e irrepetible. El trazo de la sierra y las vetas coloreadas, elegidas con intenci\u00f3n. Te invito a buscar tu sello sintiendo su energ\u00eda. Podr\u00eda ser el comienzo de un hermoso viaje...<\/p>\n\n\n\n<p style=\"text-align:center\"> Un abrazo desde esta parte de Am\u00e9rica del Sur!<\/p>\n\n\n\n<h4 class=\"wp-block-heading\" style=\"text-align:center\"><em>Maga<\/em><\/h4>\n\n\n\n<div class=\"wp-block-image\"><figure class=\"aligncenter is-resized\"><img loading=\"lazy\" decoding=\"async\" src=\"https:\/\/mayankin.com\/es\/wp-content\/uploads\/2019\/08\/Magali.jpg\" alt=\"\" class=\"wp-image-11187\" width=\"250\" height=\"216\" srcset=\"https:\/\/mayankin.com\/es\/wp-content\/uploads\/2019\/08\/Magali.jpg 500w, https:\/\/mayankin.com\/es\/wp-content\/uploads\/2019\/08\/Magali-300x259.jpg 300w\" sizes=\"auto, (max-width: 250px) 100vw, 250px\" \/><\/figure><\/div>\n","protected":false},"excerpt":{"rendered":"<p>Drag\u00f3n Resonante Rojo En un peque\u00f1o taller de Haedo, en Buenos Aires, las luces relampaguean hasta tarde... es que cuando empiezo a trabajar el tiempo pasa muy r\u00e1pido! Imaginaci\u00f3n, radio y mates entre mucha madera, semillas y chapas met\u00e1licas que esperan a ser usadas en alguna creaci\u00f3n. Guayubira Misionera, Alerce Patag\u00f3nico, Ebano Africano y Jacarand\u00e1, [&hellip;]<\/p>\n","protected":false},"author":4,"featured_media":0,"parent":0,"menu_order":0,"comment_status":"closed","ping_status":"closed","template":"","meta":{"_monsterinsights_skip_tracking":false,"_monsterinsights_sitenote_active":false,"_monsterinsights_sitenote_note":"","_monsterinsights_sitenote_category":0,"_genesis_hide_title":false,"_genesis_hide_breadcrumbs":false,"_genesis_hide_singular_image":false,"_genesis_hide_footer_widgets":false,"_genesis_custom_body_class":"store","_genesis_custom_post_class":"","_genesis_layout":"","footnotes":""},"class_list":{"0":"post-11186","1":"page","2":"type-page","3":"status-publish","5":"entry","6":"has-post-thumbnail"},"yoast_head":"<!-- This site is optimized with the Yoast SEO plugin v26.6 - https:\/\/yoast.com\/wordpress\/plugins\/seo\/ -->\n<title>Magali - MayanKin<\/title>\n<meta name=\"robots\" content=\"index, follow, max-snippet:-1, max-image-preview:large, max-video-preview:-1\" \/>\n<link rel=\"canonical\" href=\"https:\/\/mayankin.com\/es\/artisan-magali\/\" \/>\n<meta property=\"og:locale\" content=\"es_ES\" \/>\n<meta property=\"og:type\" content=\"article\" \/>\n<meta property=\"og:title\" content=\"Magali - MayanKin\" \/>\n<meta property=\"og:description\" content=\"Drag\u00f3n Resonante Rojo En un peque\u00f1o taller de Haedo, en Buenos Aires, las luces relampaguean hasta tarde... es que cuando empiezo a trabajar el tiempo pasa muy r\u00e1pido! Imaginaci\u00f3n, radio y mates entre mucha madera, semillas y chapas met\u00e1licas que esperan a ser usadas en alguna creaci\u00f3n. Guayubira Misionera, Alerce Patag\u00f3nico, Ebano Africano y Jacarand\u00e1, [&hellip;]\" \/>\n<meta property=\"og:url\" content=\"https:\/\/mayankin.com\/es\/artisan-magali\/\" \/>\n<meta property=\"og:site_name\" content=\"MayanKin\" \/>\n<meta property=\"article:publisher\" content=\"https:\/\/www.facebook.com\/MayanKinEspanol\/\" \/>\n<meta property=\"article:modified_time\" content=\"2019-09-05T00:49:27+00:00\" \/>\n<meta property=\"og:image\" content=\"https:\/\/mayankin.com\/es\/wp-content\/uploads\/2019\/08\/Magali.jpg\" \/>\n<meta name=\"twitter:card\" content=\"summary_large_image\" \/>\n<meta name=\"twitter:site\" content=\"@mayankin\" \/>\n<meta name=\"twitter:label1\" content=\"Tiempo de lectura\" \/>\n\t<meta name=\"twitter:data1\" content=\"1 minuto\" \/>\n<script type=\"application\/ld+json\" class=\"yoast-schema-graph\">{\"@context\":\"https:\/\/schema.org\",\"@graph\":[{\"@type\":\"WebPage\",\"@id\":\"https:\/\/mayankin.com\/es\/artisan-magali\/\",\"url\":\"https:\/\/mayankin.com\/es\/artisan-magali\/\",\"name\":\"Magali - MayanKin\",\"isPartOf\":{\"@id\":\"https:\/\/mayankin.com\/es\/#website\"},\"primaryImageOfPage\":{\"@id\":\"https:\/\/mayankin.com\/es\/artisan-magali\/#primaryimage\"},\"image\":{\"@id\":\"https:\/\/mayankin.com\/es\/artisan-magali\/#primaryimage\"},\"thumbnailUrl\":\"https:\/\/mayankin.com\/es\/wp-content\/uploads\/2019\/08\/Magali.jpg\",\"datePublished\":\"2019-08-23T22:30:20+00:00\",\"dateModified\":\"2019-09-05T00:49:27+00:00\",\"breadcrumb\":{\"@id\":\"https:\/\/mayankin.com\/es\/artisan-magali\/#breadcrumb\"},\"inLanguage\":\"es\",\"potentialAction\":[{\"@type\":\"ReadAction\",\"target\":[\"https:\/\/mayankin.com\/es\/artisan-magali\/\"]}]},{\"@type\":\"ImageObject\",\"inLanguage\":\"es\",\"@id\":\"https:\/\/mayankin.com\/es\/artisan-magali\/#primaryimage\",\"url\":\"https:\/\/mayankin.com\/es\/wp-content\/uploads\/2019\/08\/Magali.jpg\",\"contentUrl\":\"https:\/\/mayankin.com\/es\/wp-content\/uploads\/2019\/08\/Magali.jpg\",\"width\":500,\"height\":431},{\"@type\":\"BreadcrumbList\",\"@id\":\"https:\/\/mayankin.com\/es\/artisan-magali\/#breadcrumb\",\"itemListElement\":[{\"@type\":\"ListItem\",\"position\":1,\"name\":\"Portada\",\"item\":\"https:\/\/mayankin.com\/es\/\"},{\"@type\":\"ListItem\",\"position\":2,\"name\":\"Magali\"}]},{\"@type\":\"WebSite\",\"@id\":\"https:\/\/mayankin.com\/es\/#website\",\"url\":\"https:\/\/mayankin.com\/es\/\",\"name\":\"MayanKin\",\"description\":\"\",\"publisher\":{\"@id\":\"https:\/\/mayankin.com\/es\/#organization\"},\"potentialAction\":[{\"@type\":\"SearchAction\",\"target\":{\"@type\":\"EntryPoint\",\"urlTemplate\":\"https:\/\/mayankin.com\/es\/?s={search_term_string}\"},\"query-input\":{\"@type\":\"PropertyValueSpecification\",\"valueRequired\":true,\"valueName\":\"search_term_string\"}}],\"inLanguage\":\"es\"},{\"@type\":\"Organization\",\"@id\":\"https:\/\/mayankin.com\/es\/#organization\",\"name\":\"MayanKin\",\"url\":\"https:\/\/mayankin.com\/es\/\",\"logo\":{\"@type\":\"ImageObject\",\"inLanguage\":\"es\",\"@id\":\"https:\/\/mayankin.com\/es\/#\/schema\/logo\/image\/\",\"url\":\"https:\/\/mayankin.com\/es\/wp-content\/uploads\/2020\/05\/MK-Logo-Redesign.png\",\"contentUrl\":\"https:\/\/mayankin.com\/es\/wp-content\/uploads\/2020\/05\/MK-Logo-Redesign.png\",\"width\":260,\"height\":105,\"caption\":\"MayanKin\"},\"image\":{\"@id\":\"https:\/\/mayankin.com\/es\/#\/schema\/logo\/image\/\"},\"sameAs\":[\"https:\/\/www.facebook.com\/MayanKinEspanol\/\",\"https:\/\/x.com\/mayankin\"]}]}<\/script>\n<!-- \/ Yoast SEO plugin. -->","yoast_head_json":{"title":"Magali - MayanKin","robots":{"index":"index","follow":"follow","max-snippet":"max-snippet:-1","max-image-preview":"max-image-preview:large","max-video-preview":"max-video-preview:-1"},"canonical":"https:\/\/mayankin.com\/es\/artisan-magali\/","og_locale":"es_ES","og_type":"article","og_title":"Magali - MayanKin","og_description":"Drag\u00f3n Resonante Rojo En un peque\u00f1o taller de Haedo, en Buenos Aires, las luces relampaguean hasta tarde... es que cuando empiezo a trabajar el tiempo pasa muy r\u00e1pido! Imaginaci\u00f3n, radio y mates entre mucha madera, semillas y chapas met\u00e1licas que esperan a ser usadas en alguna creaci\u00f3n. Guayubira Misionera, Alerce Patag\u00f3nico, Ebano Africano y Jacarand\u00e1, [&hellip;]","og_url":"https:\/\/mayankin.com\/es\/artisan-magali\/","og_site_name":"MayanKin","article_publisher":"https:\/\/www.facebook.com\/MayanKinEspanol\/","article_modified_time":"2019-09-05T00:49:27+00:00","og_image":[{"url":"https:\/\/mayankin.com\/es\/wp-content\/uploads\/2019\/08\/Magali.jpg","type":"","width":"","height":""}],"twitter_card":"summary_large_image","twitter_site":"@mayankin","twitter_misc":{"Tiempo de lectura":"1 minuto"},"schema":{"@context":"https:\/\/schema.org","@graph":[{"@type":"WebPage","@id":"https:\/\/mayankin.com\/es\/artisan-magali\/","url":"https:\/\/mayankin.com\/es\/artisan-magali\/","name":"Magali - MayanKin","isPartOf":{"@id":"https:\/\/mayankin.com\/es\/#website"},"primaryImageOfPage":{"@id":"https:\/\/mayankin.com\/es\/artisan-magali\/#primaryimage"},"image":{"@id":"https:\/\/mayankin.com\/es\/artisan-magali\/#primaryimage"},"thumbnailUrl":"https:\/\/mayankin.com\/es\/wp-content\/uploads\/2019\/08\/Magali.jpg","datePublished":"2019-08-23T22:30:20+00:00","dateModified":"2019-09-05T00:49:27+00:00","breadcrumb":{"@id":"https:\/\/mayankin.com\/es\/artisan-magali\/#breadcrumb"},"inLanguage":"es","potentialAction":[{"@type":"ReadAction","target":["https:\/\/mayankin.com\/es\/artisan-magali\/"]}]},{"@type":"ImageObject","inLanguage":"es","@id":"https:\/\/mayankin.com\/es\/artisan-magali\/#primaryimage","url":"https:\/\/mayankin.com\/es\/wp-content\/uploads\/2019\/08\/Magali.jpg","contentUrl":"https:\/\/mayankin.com\/es\/wp-content\/uploads\/2019\/08\/Magali.jpg","width":500,"height":431},{"@type":"BreadcrumbList","@id":"https:\/\/mayankin.com\/es\/artisan-magali\/#breadcrumb","itemListElement":[{"@type":"ListItem","position":1,"name":"Portada","item":"https:\/\/mayankin.com\/es\/"},{"@type":"ListItem","position":2,"name":"Magali"}]},{"@type":"WebSite","@id":"https:\/\/mayankin.com\/es\/#website","url":"https:\/\/mayankin.com\/es\/","name":"MayanKin","description":"","publisher":{"@id":"https:\/\/mayankin.com\/es\/#organization"},"potentialAction":[{"@type":"SearchAction","target":{"@type":"EntryPoint","urlTemplate":"https:\/\/mayankin.com\/es\/?s={search_term_string}"},"query-input":{"@type":"PropertyValueSpecification","valueRequired":true,"valueName":"search_term_string"}}],"inLanguage":"es"},{"@type":"Organization","@id":"https:\/\/mayankin.com\/es\/#organization","name":"MayanKin","url":"https:\/\/mayankin.com\/es\/","logo":{"@type":"ImageObject","inLanguage":"es","@id":"https:\/\/mayankin.com\/es\/#\/schema\/logo\/image\/","url":"https:\/\/mayankin.com\/es\/wp-content\/uploads\/2020\/05\/MK-Logo-Redesign.png","contentUrl":"https:\/\/mayankin.com\/es\/wp-content\/uploads\/2020\/05\/MK-Logo-Redesign.png","width":260,"height":105,"caption":"MayanKin"},"image":{"@id":"https:\/\/mayankin.com\/es\/#\/schema\/logo\/image\/"},"sameAs":["https:\/\/www.facebook.com\/MayanKinEspanol\/","https:\/\/x.com\/mayankin"]}]}},"_links":{"self":[{"href":"https:\/\/mayankin.com\/es\/wp-json\/wp\/v2\/pages\/11186","targetHints":{"allow":["GET"]}}],"collection":[{"href":"https:\/\/mayankin.com\/es\/wp-json\/wp\/v2\/pages"}],"about":[{"href":"https:\/\/mayankin.com\/es\/wp-json\/wp\/v2\/types\/page"}],"author":[{"embeddable":true,"href":"https:\/\/mayankin.com\/es\/wp-json\/wp\/v2\/users\/4"}],"replies":[{"embeddable":true,"href":"https:\/\/mayankin.com\/es\/wp-json\/wp\/v2\/comments?post=11186"}],"version-history":[{"count":3,"href":"https:\/\/mayankin.com\/es\/wp-json\/wp\/v2\/pages\/11186\/revisions"}],"predecessor-version":[{"id":11785,"href":"https:\/\/mayankin.com\/es\/wp-json\/wp\/v2\/pages\/11186\/revisions\/11785"}],"wp:attachment":[{"href":"https:\/\/mayankin.com\/es\/wp-json\/wp\/v2\/media?parent=11186"}],"curies":[{"name":"wp","href":"https:\/\/api.w.org\/{rel}","templated":true}]}}