{"id":11183,"date":"2019-08-23T22:22:11","date_gmt":"2019-08-23T22:22:11","guid":{"rendered":"https:\/\/mayankin.com\/es\/?page_id=11183"},"modified":"2020-04-25T10:20:17","modified_gmt":"2020-04-25T17:20:17","slug":"artisan-gaston","status":"publish","type":"page","link":"https:\/\/mayankin.com\/es\/artisan-gaston\/","title":{"rendered":"Gast\u00f3n"},"content":{"rendered":"\n<h4 class=\"wp-block-heading\">Tormenta R\u00edtmica Azul<\/h4>\n\n\n\n<p>Desde Panam\u00e1, pasando por Colombia, Ecuador y hasta Per\u00fa crece a la sombra de las selvas tropicales, una palma que se llama Tagua. Se encuentra en las partes h\u00famedas de la selva, que por lo general se encuentran en grupos con sus cong\u00e9neres y crece hasta 8 metros.<\/p>\n\n\n\n<p>El nombre bot\u00e1nico de la palma es Phytelephas Aequatorialis o Phytelephas Macrocarpa. La palma produce anualmente hasta quince mazorcas o mocochas con sus frutas. La mazorca tiene una cascara dura con salientes y dentro de ella est\u00e1n unas treinta semillas. Es la semilla la que hace famosa y apreciada a la palma. Dichas semillas logran un tama\u00f1o de hasta 10 cm de largo, aunque la mayor\u00eda son de 5 a 6 cm; poseen una cascara caf\u00e9 y en su interior una sustancia blanca de celulosa que se puede comer.<\/p>\n\n\n\n<p>La\nmaravilla viene cuando la nuez se deja unas semanas en el sol y se seca. El\ninterior se vuelve duro y blanco, muy parecido al marfil.\n\nGracias a los ec\u00f3logos, la tagua se ha utilizado\ndesde la d\u00e9cada del \u201870 para remplazar los productos art\u00edsticos o adornos que\nse hac\u00edan con el marfil proveniente de elefantes o rinocerontes.\n\n\n\n<\/p>\n\n\n\n<p>Desde ese momento, se la cultiva para producir botones que se comercializan internacionalmente y tambi\u00e9n se realizan artesan\u00edas o figuras decorativas.<\/p>\n\n\n\n<p class=\"has-text-align-center\"> Que lo disfrutes!<\/p>\n\n\n\n<h4 class=\"has-text-align-center wp-block-heading\"><em>Gast\u00f3n<\/em><\/h4>\n\n\n\n<div class=\"wp-block-image\"><figure class=\"aligncenter is-resized\"><img loading=\"lazy\" decoding=\"async\" src=\"https:\/\/mayankin.com\/es\/wp-content\/uploads\/2019\/08\/Gaston.jpg\" alt=\"\" class=\"wp-image-11184\" width=\"250\" height=\"200\" srcset=\"https:\/\/mayankin.com\/es\/wp-content\/uploads\/2019\/08\/Gaston.jpg 500w, https:\/\/mayankin.com\/es\/wp-content\/uploads\/2019\/08\/Gaston-300x239.jpg 300w\" sizes=\"auto, (max-width: 250px) 100vw, 250px\" \/><\/figure><\/div>\n","protected":false},"excerpt":{"rendered":"<p>Tormenta R\u00edtmica Azul Desde Panam\u00e1, pasando por Colombia, Ecuador y hasta Per\u00fa crece a la sombra de las selvas tropicales, una palma que se llama Tagua. Se encuentra en las partes h\u00famedas de la selva, que por lo general se encuentran en grupos con sus cong\u00e9neres y crece hasta 8 metros. El nombre bot\u00e1nico de [&hellip;]<\/p>\n","protected":false},"author":4,"featured_media":0,"parent":0,"menu_order":0,"comment_status":"closed","ping_status":"closed","template":"","meta":{"_monsterinsights_skip_tracking":false,"_monsterinsights_sitenote_active":false,"_monsterinsights_sitenote_note":"","_monsterinsights_sitenote_category":0,"_genesis_hide_title":false,"_genesis_hide_breadcrumbs":false,"_genesis_hide_singular_image":false,"_genesis_hide_footer_widgets":false,"_genesis_custom_body_class":"store","_genesis_custom_post_class":"","_genesis_layout":"","footnotes":""},"class_list":{"0":"post-11183","1":"page","2":"type-page","3":"status-publish","5":"entry","6":"has-post-thumbnail"},"yoast_head":"<!-- This site is optimized with the Yoast SEO plugin v26.6 - https:\/\/yoast.com\/wordpress\/plugins\/seo\/ -->\n<title>Gast\u00f3n - MayanKin<\/title>\n<meta name=\"robots\" content=\"index, follow, max-snippet:-1, max-image-preview:large, max-video-preview:-1\" \/>\n<link rel=\"canonical\" href=\"https:\/\/mayankin.com\/es\/artisan-gaston\/\" \/>\n<meta property=\"og:locale\" content=\"es_ES\" \/>\n<meta property=\"og:type\" content=\"article\" \/>\n<meta property=\"og:title\" content=\"Gast\u00f3n - MayanKin\" \/>\n<meta property=\"og:description\" content=\"Tormenta R\u00edtmica Azul Desde Panam\u00e1, pasando por Colombia, Ecuador y hasta Per\u00fa crece a la sombra de las selvas tropicales, una palma que se llama Tagua. Se encuentra en las partes h\u00famedas de la selva, que por lo general se encuentran en grupos con sus cong\u00e9neres y crece hasta 8 metros. El nombre bot\u00e1nico de [&hellip;]\" \/>\n<meta property=\"og:url\" content=\"https:\/\/mayankin.com\/es\/artisan-gaston\/\" \/>\n<meta property=\"og:site_name\" content=\"MayanKin\" \/>\n<meta property=\"article:publisher\" content=\"https:\/\/www.facebook.com\/MayanKinEspanol\/\" \/>\n<meta property=\"article:modified_time\" content=\"2020-04-25T17:20:17+00:00\" \/>\n<meta property=\"og:image\" content=\"https:\/\/mayankin.com\/es\/wp-content\/uploads\/2019\/08\/Gaston.jpg\" \/>\n<meta name=\"twitter:card\" content=\"summary_large_image\" \/>\n<meta name=\"twitter:site\" content=\"@mayankin\" \/>\n<meta name=\"twitter:label1\" content=\"Tiempo de lectura\" \/>\n\t<meta name=\"twitter:data1\" content=\"1 minuto\" \/>\n<script type=\"application\/ld+json\" class=\"yoast-schema-graph\">{\"@context\":\"https:\/\/schema.org\",\"@graph\":[{\"@type\":\"WebPage\",\"@id\":\"https:\/\/mayankin.com\/es\/artisan-gaston\/\",\"url\":\"https:\/\/mayankin.com\/es\/artisan-gaston\/\",\"name\":\"Gast\u00f3n - MayanKin\",\"isPartOf\":{\"@id\":\"https:\/\/mayankin.com\/es\/#website\"},\"primaryImageOfPage\":{\"@id\":\"https:\/\/mayankin.com\/es\/artisan-gaston\/#primaryimage\"},\"image\":{\"@id\":\"https:\/\/mayankin.com\/es\/artisan-gaston\/#primaryimage\"},\"thumbnailUrl\":\"https:\/\/mayankin.com\/es\/wp-content\/uploads\/2019\/08\/Gaston.jpg\",\"datePublished\":\"2019-08-23T22:22:11+00:00\",\"dateModified\":\"2020-04-25T17:20:17+00:00\",\"breadcrumb\":{\"@id\":\"https:\/\/mayankin.com\/es\/artisan-gaston\/#breadcrumb\"},\"inLanguage\":\"es\",\"potentialAction\":[{\"@type\":\"ReadAction\",\"target\":[\"https:\/\/mayankin.com\/es\/artisan-gaston\/\"]}]},{\"@type\":\"ImageObject\",\"inLanguage\":\"es\",\"@id\":\"https:\/\/mayankin.com\/es\/artisan-gaston\/#primaryimage\",\"url\":\"https:\/\/mayankin.com\/es\/wp-content\/uploads\/2019\/08\/Gaston.jpg\",\"contentUrl\":\"https:\/\/mayankin.com\/es\/wp-content\/uploads\/2019\/08\/Gaston.jpg\",\"width\":500,\"height\":399},{\"@type\":\"BreadcrumbList\",\"@id\":\"https:\/\/mayankin.com\/es\/artisan-gaston\/#breadcrumb\",\"itemListElement\":[{\"@type\":\"ListItem\",\"position\":1,\"name\":\"Portada\",\"item\":\"https:\/\/mayankin.com\/es\/\"},{\"@type\":\"ListItem\",\"position\":2,\"name\":\"Gast\u00f3n\"}]},{\"@type\":\"WebSite\",\"@id\":\"https:\/\/mayankin.com\/es\/#website\",\"url\":\"https:\/\/mayankin.com\/es\/\",\"name\":\"MayanKin\",\"description\":\"\",\"publisher\":{\"@id\":\"https:\/\/mayankin.com\/es\/#organization\"},\"potentialAction\":[{\"@type\":\"SearchAction\",\"target\":{\"@type\":\"EntryPoint\",\"urlTemplate\":\"https:\/\/mayankin.com\/es\/?s={search_term_string}\"},\"query-input\":{\"@type\":\"PropertyValueSpecification\",\"valueRequired\":true,\"valueName\":\"search_term_string\"}}],\"inLanguage\":\"es\"},{\"@type\":\"Organization\",\"@id\":\"https:\/\/mayankin.com\/es\/#organization\",\"name\":\"MayanKin\",\"url\":\"https:\/\/mayankin.com\/es\/\",\"logo\":{\"@type\":\"ImageObject\",\"inLanguage\":\"es\",\"@id\":\"https:\/\/mayankin.com\/es\/#\/schema\/logo\/image\/\",\"url\":\"https:\/\/mayankin.com\/es\/wp-content\/uploads\/2020\/05\/MK-Logo-Redesign.png\",\"contentUrl\":\"https:\/\/mayankin.com\/es\/wp-content\/uploads\/2020\/05\/MK-Logo-Redesign.png\",\"width\":260,\"height\":105,\"caption\":\"MayanKin\"},\"image\":{\"@id\":\"https:\/\/mayankin.com\/es\/#\/schema\/logo\/image\/\"},\"sameAs\":[\"https:\/\/www.facebook.com\/MayanKinEspanol\/\",\"https:\/\/x.com\/mayankin\"]}]}<\/script>\n<!-- \/ Yoast SEO plugin. -->","yoast_head_json":{"title":"Gast\u00f3n - MayanKin","robots":{"index":"index","follow":"follow","max-snippet":"max-snippet:-1","max-image-preview":"max-image-preview:large","max-video-preview":"max-video-preview:-1"},"canonical":"https:\/\/mayankin.com\/es\/artisan-gaston\/","og_locale":"es_ES","og_type":"article","og_title":"Gast\u00f3n - MayanKin","og_description":"Tormenta R\u00edtmica Azul Desde Panam\u00e1, pasando por Colombia, Ecuador y hasta Per\u00fa crece a la sombra de las selvas tropicales, una palma que se llama Tagua. Se encuentra en las partes h\u00famedas de la selva, que por lo general se encuentran en grupos con sus cong\u00e9neres y crece hasta 8 metros. El nombre bot\u00e1nico de [&hellip;]","og_url":"https:\/\/mayankin.com\/es\/artisan-gaston\/","og_site_name":"MayanKin","article_publisher":"https:\/\/www.facebook.com\/MayanKinEspanol\/","article_modified_time":"2020-04-25T17:20:17+00:00","og_image":[{"url":"https:\/\/mayankin.com\/es\/wp-content\/uploads\/2019\/08\/Gaston.jpg","type":"","width":"","height":""}],"twitter_card":"summary_large_image","twitter_site":"@mayankin","twitter_misc":{"Tiempo de lectura":"1 minuto"},"schema":{"@context":"https:\/\/schema.org","@graph":[{"@type":"WebPage","@id":"https:\/\/mayankin.com\/es\/artisan-gaston\/","url":"https:\/\/mayankin.com\/es\/artisan-gaston\/","name":"Gast\u00f3n - MayanKin","isPartOf":{"@id":"https:\/\/mayankin.com\/es\/#website"},"primaryImageOfPage":{"@id":"https:\/\/mayankin.com\/es\/artisan-gaston\/#primaryimage"},"image":{"@id":"https:\/\/mayankin.com\/es\/artisan-gaston\/#primaryimage"},"thumbnailUrl":"https:\/\/mayankin.com\/es\/wp-content\/uploads\/2019\/08\/Gaston.jpg","datePublished":"2019-08-23T22:22:11+00:00","dateModified":"2020-04-25T17:20:17+00:00","breadcrumb":{"@id":"https:\/\/mayankin.com\/es\/artisan-gaston\/#breadcrumb"},"inLanguage":"es","potentialAction":[{"@type":"ReadAction","target":["https:\/\/mayankin.com\/es\/artisan-gaston\/"]}]},{"@type":"ImageObject","inLanguage":"es","@id":"https:\/\/mayankin.com\/es\/artisan-gaston\/#primaryimage","url":"https:\/\/mayankin.com\/es\/wp-content\/uploads\/2019\/08\/Gaston.jpg","contentUrl":"https:\/\/mayankin.com\/es\/wp-content\/uploads\/2019\/08\/Gaston.jpg","width":500,"height":399},{"@type":"BreadcrumbList","@id":"https:\/\/mayankin.com\/es\/artisan-gaston\/#breadcrumb","itemListElement":[{"@type":"ListItem","position":1,"name":"Portada","item":"https:\/\/mayankin.com\/es\/"},{"@type":"ListItem","position":2,"name":"Gast\u00f3n"}]},{"@type":"WebSite","@id":"https:\/\/mayankin.com\/es\/#website","url":"https:\/\/mayankin.com\/es\/","name":"MayanKin","description":"","publisher":{"@id":"https:\/\/mayankin.com\/es\/#organization"},"potentialAction":[{"@type":"SearchAction","target":{"@type":"EntryPoint","urlTemplate":"https:\/\/mayankin.com\/es\/?s={search_term_string}"},"query-input":{"@type":"PropertyValueSpecification","valueRequired":true,"valueName":"search_term_string"}}],"inLanguage":"es"},{"@type":"Organization","@id":"https:\/\/mayankin.com\/es\/#organization","name":"MayanKin","url":"https:\/\/mayankin.com\/es\/","logo":{"@type":"ImageObject","inLanguage":"es","@id":"https:\/\/mayankin.com\/es\/#\/schema\/logo\/image\/","url":"https:\/\/mayankin.com\/es\/wp-content\/uploads\/2020\/05\/MK-Logo-Redesign.png","contentUrl":"https:\/\/mayankin.com\/es\/wp-content\/uploads\/2020\/05\/MK-Logo-Redesign.png","width":260,"height":105,"caption":"MayanKin"},"image":{"@id":"https:\/\/mayankin.com\/es\/#\/schema\/logo\/image\/"},"sameAs":["https:\/\/www.facebook.com\/MayanKinEspanol\/","https:\/\/x.com\/mayankin"]}]}},"_links":{"self":[{"href":"https:\/\/mayankin.com\/es\/wp-json\/wp\/v2\/pages\/11183","targetHints":{"allow":["GET"]}}],"collection":[{"href":"https:\/\/mayankin.com\/es\/wp-json\/wp\/v2\/pages"}],"about":[{"href":"https:\/\/mayankin.com\/es\/wp-json\/wp\/v2\/types\/page"}],"author":[{"embeddable":true,"href":"https:\/\/mayankin.com\/es\/wp-json\/wp\/v2\/users\/4"}],"replies":[{"embeddable":true,"href":"https:\/\/mayankin.com\/es\/wp-json\/wp\/v2\/comments?post=11183"}],"version-history":[{"count":5,"href":"https:\/\/mayankin.com\/es\/wp-json\/wp\/v2\/pages\/11183\/revisions"}],"predecessor-version":[{"id":13009,"href":"https:\/\/mayankin.com\/es\/wp-json\/wp\/v2\/pages\/11183\/revisions\/13009"}],"wp:attachment":[{"href":"https:\/\/mayankin.com\/es\/wp-json\/wp\/v2\/media?parent=11183"}],"curies":[{"name":"wp","href":"https:\/\/api.w.org\/{rel}","templated":true}]}}