{"id":11163,"date":"2019-08-22T18:00:42","date_gmt":"2019-08-22T18:00:42","guid":{"rendered":"https:\/\/mayankin.com\/es\/?page_id=11163"},"modified":"2020-05-26T21:40:17","modified_gmt":"2020-05-27T04:40:17","slug":"ceremonias","status":"publish","type":"page","link":"https:\/\/mayankin.com\/es\/ceremonias\/","title":{"rendered":"Rituales y Ceremonias"},"content":{"rendered":"\n<p>A medida que sigues sintonizando con las energ\u00edas del Tzolkin y reconoces el poder de vivenciar los ciclos a conciencia, encontrar\u00e1s un gran valor en la creaci\u00f3n de m\u00e1s rituales en tu vida. Un ritual es cualquier actividad que haces cuando le agregas una intenci\u00f3n consciente de manera simb\u00f3lica y significativa para ti.<\/p>\n\n\n\n<p>Cada Arquetipo del Tzolkin tiene muchas capas que se relacionan con diferentes tipos de rituales. Como ejemplo para un d\u00eda de Estrella Amarilla, puedes preparar una comida de maneras m\u00e1s creativas haciendo un peque\u00f1o ritual sobre qu\u00e9 ingredientes usar\u00e1s y c\u00f3mo la servir\u00e1s para hacerla m\u00e1s colorida, sabrosa y bella!<\/p>\n\n\n\n<div class=\"wp-block-image\"><figure class=\"aligncenter size-large is-resized\"><img loading=\"lazy\" decoding=\"async\" src=\"https:\/\/mayankin.com\/es\/wp-content\/uploads\/2020\/05\/MayanKin-Mariela-Maya-BridgingWorlds-Tzolkin-Ceremony.jpg\" alt=\"\" class=\"wp-image-13172\" width=\"570\" height=\"428\" srcset=\"https:\/\/mayankin.com\/es\/wp-content\/uploads\/2020\/05\/MayanKin-Mariela-Maya-BridgingWorlds-Tzolkin-Ceremony.jpg 760w, https:\/\/mayankin.com\/es\/wp-content\/uploads\/2020\/05\/MayanKin-Mariela-Maya-BridgingWorlds-Tzolkin-Ceremony-300x225.jpg 300w, https:\/\/mayankin.com\/es\/wp-content\/uploads\/2020\/05\/MayanKin-Mariela-Maya-BridgingWorlds-Tzolkin-Ceremony-500x375.jpg 500w, https:\/\/mayankin.com\/es\/wp-content\/uploads\/2020\/05\/MayanKin-Mariela-Maya-BridgingWorlds-Tzolkin-Ceremony-655x491.jpg 655w\" sizes=\"auto, (max-width: 570px) 100vw, 570px\" \/><\/figure><\/div>\n\n\n\n<p>En ocasiones especiales, como el comienzo de un nuevo ciclo de Tzolkin, tambi\u00e9n puedes crear una linda ceremonia para celebrar un momento especial para nuevos comienzos. Puedes inspirarte e invitar a amigos para una comida, m\u00fasica, compartir experiencias del ciclo que acaba de terminar, establecer tus intenciones para el nuevo ciclo o hacer algo creativo juntos.<\/p>\n\n\n\n<p>En relaci\u00f3n con otros ciclos, y honrando a la Madre Tierra y nuestros propios ritmos naturales, me gusta mucho organizar ceremonias para celebrar las estaciones del a\u00f1o (equinoccios y solsticios) y los ciclos de la Luna, entre otros. Las ceremonias de Despachos en la tradici\u00f3n andina tambi\u00e9n son ofrendas de gratitud muy sagradas y empoderantes. Mientras que he estado organizando ceremonias en persona donde vivo y durante mis viajes, es mi intenci\u00f3n en el futuro tambi\u00e9n crear oportunidades online para compartir estos eventos especiales con otros. Aseg\u00farate de <a href=\"#mcsuscribe\">suscribir<\/a> a mi p\u00e1gina para recibir la informaci\u00f3n e invitaciones cuando ocurran.<\/p>\n","protected":false},"excerpt":{"rendered":"<p>A medida que sigues sintonizando con las energ\u00edas del Tzolkin y reconoces el poder de vivenciar los ciclos a conciencia, encontrar\u00e1s un gran valor en la creaci\u00f3n de m\u00e1s rituales en tu vida. Un ritual es cualquier actividad que haces cuando le agregas una intenci\u00f3n consciente de manera simb\u00f3lica y significativa para ti. Cada Arquetipo [&hellip;]<\/p>\n","protected":false},"author":4,"featured_media":0,"parent":0,"menu_order":0,"comment_status":"closed","ping_status":"closed","template":"","meta":{"_monsterinsights_skip_tracking":false,"_monsterinsights_sitenote_active":false,"_monsterinsights_sitenote_note":"","_monsterinsights_sitenote_category":0,"_genesis_hide_title":false,"_genesis_hide_breadcrumbs":false,"_genesis_hide_singular_image":false,"_genesis_hide_footer_widgets":false,"_genesis_custom_body_class":"events","_genesis_custom_post_class":"","_genesis_layout":"","footnotes":""},"class_list":{"0":"post-11163","1":"page","2":"type-page","3":"status-publish","5":"entry","6":"has-post-thumbnail"},"yoast_head":"<!-- This site is optimized with the Yoast SEO plugin v26.6 - https:\/\/yoast.com\/wordpress\/plugins\/seo\/ -->\n<title>Ceremonias and Rituales relacionados con el Ciclo de Tzolkin | MayanKin<\/title>\n<meta name=\"description\" content=\"Insp\u00edrate a crear m\u00e1s rituales en tu vida al agregar una intenci\u00f3n consciente a lo que sea que hagas. Participa en una de mis ceremonias en Sedona\" \/>\n<meta name=\"robots\" content=\"index, follow, max-snippet:-1, max-image-preview:large, max-video-preview:-1\" \/>\n<link rel=\"canonical\" href=\"https:\/\/mayankin.com\/es\/ceremonias\/\" \/>\n<meta property=\"og:locale\" content=\"es_ES\" \/>\n<meta property=\"og:type\" content=\"article\" \/>\n<meta property=\"og:title\" content=\"Ceremonias and Rituales relacionados con el Ciclo de Tzolkin | MayanKin\" \/>\n<meta property=\"og:description\" content=\"Insp\u00edrate a crear m\u00e1s rituales en tu vida al agregar una intenci\u00f3n consciente a lo que sea que hagas. Participa en una de mis ceremonias en Sedona\" \/>\n<meta property=\"og:url\" content=\"https:\/\/mayankin.com\/es\/ceremonias\/\" \/>\n<meta property=\"og:site_name\" content=\"MayanKin\" \/>\n<meta property=\"article:publisher\" content=\"https:\/\/www.facebook.com\/MayanKinEspanol\/\" \/>\n<meta property=\"article:modified_time\" content=\"2020-05-27T04:40:17+00:00\" \/>\n<meta property=\"og:image\" content=\"https:\/\/mayankin.com\/es\/wp-content\/uploads\/2020\/05\/MayanKin-Mariela-Maya-BridgingWorlds-Tzolkin-Ceremony.jpg\" \/>\n<meta name=\"twitter:card\" content=\"summary_large_image\" \/>\n<meta name=\"twitter:site\" content=\"@mayankin\" \/>\n<meta name=\"twitter:label1\" content=\"Tiempo de lectura\" \/>\n\t<meta name=\"twitter:data1\" content=\"1 minuto\" \/>\n<script type=\"application\/ld+json\" class=\"yoast-schema-graph\">{\"@context\":\"https:\/\/schema.org\",\"@graph\":[{\"@type\":\"WebPage\",\"@id\":\"https:\/\/mayankin.com\/es\/ceremonias\/\",\"url\":\"https:\/\/mayankin.com\/es\/ceremonias\/\",\"name\":\"Ceremonias and Rituales relacionados con el Ciclo de Tzolkin | MayanKin\",\"isPartOf\":{\"@id\":\"https:\/\/mayankin.com\/es\/#website\"},\"primaryImageOfPage\":{\"@id\":\"https:\/\/mayankin.com\/es\/ceremonias\/#primaryimage\"},\"image\":{\"@id\":\"https:\/\/mayankin.com\/es\/ceremonias\/#primaryimage\"},\"thumbnailUrl\":\"https:\/\/mayankin.com\/es\/wp-content\/uploads\/2020\/05\/MayanKin-Mariela-Maya-BridgingWorlds-Tzolkin-Ceremony.jpg\",\"datePublished\":\"2019-08-22T18:00:42+00:00\",\"dateModified\":\"2020-05-27T04:40:17+00:00\",\"description\":\"Insp\u00edrate a crear m\u00e1s rituales en tu vida al agregar una intenci\u00f3n consciente a lo que sea que hagas. Participa en una de mis ceremonias en Sedona\",\"breadcrumb\":{\"@id\":\"https:\/\/mayankin.com\/es\/ceremonias\/#breadcrumb\"},\"inLanguage\":\"es\",\"potentialAction\":[{\"@type\":\"ReadAction\",\"target\":[\"https:\/\/mayankin.com\/es\/ceremonias\/\"]}]},{\"@type\":\"ImageObject\",\"inLanguage\":\"es\",\"@id\":\"https:\/\/mayankin.com\/es\/ceremonias\/#primaryimage\",\"url\":\"https:\/\/mayankin.com\/es\/wp-content\/uploads\/2020\/05\/MayanKin-Mariela-Maya-BridgingWorlds-Tzolkin-Ceremony.jpg\",\"contentUrl\":\"https:\/\/mayankin.com\/es\/wp-content\/uploads\/2020\/05\/MayanKin-Mariela-Maya-BridgingWorlds-Tzolkin-Ceremony.jpg\",\"width\":760,\"height\":570},{\"@type\":\"BreadcrumbList\",\"@id\":\"https:\/\/mayankin.com\/es\/ceremonias\/#breadcrumb\",\"itemListElement\":[{\"@type\":\"ListItem\",\"position\":1,\"name\":\"Portada\",\"item\":\"https:\/\/mayankin.com\/es\/\"},{\"@type\":\"ListItem\",\"position\":2,\"name\":\"Rituales y Ceremonias\"}]},{\"@type\":\"WebSite\",\"@id\":\"https:\/\/mayankin.com\/es\/#website\",\"url\":\"https:\/\/mayankin.com\/es\/\",\"name\":\"MayanKin\",\"description\":\"\",\"publisher\":{\"@id\":\"https:\/\/mayankin.com\/es\/#organization\"},\"potentialAction\":[{\"@type\":\"SearchAction\",\"target\":{\"@type\":\"EntryPoint\",\"urlTemplate\":\"https:\/\/mayankin.com\/es\/?s={search_term_string}\"},\"query-input\":{\"@type\":\"PropertyValueSpecification\",\"valueRequired\":true,\"valueName\":\"search_term_string\"}}],\"inLanguage\":\"es\"},{\"@type\":\"Organization\",\"@id\":\"https:\/\/mayankin.com\/es\/#organization\",\"name\":\"MayanKin\",\"url\":\"https:\/\/mayankin.com\/es\/\",\"logo\":{\"@type\":\"ImageObject\",\"inLanguage\":\"es\",\"@id\":\"https:\/\/mayankin.com\/es\/#\/schema\/logo\/image\/\",\"url\":\"https:\/\/mayankin.com\/es\/wp-content\/uploads\/2020\/05\/MK-Logo-Redesign.png\",\"contentUrl\":\"https:\/\/mayankin.com\/es\/wp-content\/uploads\/2020\/05\/MK-Logo-Redesign.png\",\"width\":260,\"height\":105,\"caption\":\"MayanKin\"},\"image\":{\"@id\":\"https:\/\/mayankin.com\/es\/#\/schema\/logo\/image\/\"},\"sameAs\":[\"https:\/\/www.facebook.com\/MayanKinEspanol\/\",\"https:\/\/x.com\/mayankin\"]}]}<\/script>\n<!-- \/ Yoast SEO plugin. -->","yoast_head_json":{"title":"Ceremonias and Rituales relacionados con el Ciclo de Tzolkin | MayanKin","description":"Insp\u00edrate a crear m\u00e1s rituales en tu vida al agregar una intenci\u00f3n consciente a lo que sea que hagas. Participa en una de mis ceremonias en Sedona","robots":{"index":"index","follow":"follow","max-snippet":"max-snippet:-1","max-image-preview":"max-image-preview:large","max-video-preview":"max-video-preview:-1"},"canonical":"https:\/\/mayankin.com\/es\/ceremonias\/","og_locale":"es_ES","og_type":"article","og_title":"Ceremonias and Rituales relacionados con el Ciclo de Tzolkin | MayanKin","og_description":"Insp\u00edrate a crear m\u00e1s rituales en tu vida al agregar una intenci\u00f3n consciente a lo que sea que hagas. Participa en una de mis ceremonias en Sedona","og_url":"https:\/\/mayankin.com\/es\/ceremonias\/","og_site_name":"MayanKin","article_publisher":"https:\/\/www.facebook.com\/MayanKinEspanol\/","article_modified_time":"2020-05-27T04:40:17+00:00","og_image":[{"url":"https:\/\/mayankin.com\/es\/wp-content\/uploads\/2020\/05\/MayanKin-Mariela-Maya-BridgingWorlds-Tzolkin-Ceremony.jpg","type":"","width":"","height":""}],"twitter_card":"summary_large_image","twitter_site":"@mayankin","twitter_misc":{"Tiempo de lectura":"1 minuto"},"schema":{"@context":"https:\/\/schema.org","@graph":[{"@type":"WebPage","@id":"https:\/\/mayankin.com\/es\/ceremonias\/","url":"https:\/\/mayankin.com\/es\/ceremonias\/","name":"Ceremonias and Rituales relacionados con el Ciclo de Tzolkin | MayanKin","isPartOf":{"@id":"https:\/\/mayankin.com\/es\/#website"},"primaryImageOfPage":{"@id":"https:\/\/mayankin.com\/es\/ceremonias\/#primaryimage"},"image":{"@id":"https:\/\/mayankin.com\/es\/ceremonias\/#primaryimage"},"thumbnailUrl":"https:\/\/mayankin.com\/es\/wp-content\/uploads\/2020\/05\/MayanKin-Mariela-Maya-BridgingWorlds-Tzolkin-Ceremony.jpg","datePublished":"2019-08-22T18:00:42+00:00","dateModified":"2020-05-27T04:40:17+00:00","description":"Insp\u00edrate a crear m\u00e1s rituales en tu vida al agregar una intenci\u00f3n consciente a lo que sea que hagas. Participa en una de mis ceremonias en Sedona","breadcrumb":{"@id":"https:\/\/mayankin.com\/es\/ceremonias\/#breadcrumb"},"inLanguage":"es","potentialAction":[{"@type":"ReadAction","target":["https:\/\/mayankin.com\/es\/ceremonias\/"]}]},{"@type":"ImageObject","inLanguage":"es","@id":"https:\/\/mayankin.com\/es\/ceremonias\/#primaryimage","url":"https:\/\/mayankin.com\/es\/wp-content\/uploads\/2020\/05\/MayanKin-Mariela-Maya-BridgingWorlds-Tzolkin-Ceremony.jpg","contentUrl":"https:\/\/mayankin.com\/es\/wp-content\/uploads\/2020\/05\/MayanKin-Mariela-Maya-BridgingWorlds-Tzolkin-Ceremony.jpg","width":760,"height":570},{"@type":"BreadcrumbList","@id":"https:\/\/mayankin.com\/es\/ceremonias\/#breadcrumb","itemListElement":[{"@type":"ListItem","position":1,"name":"Portada","item":"https:\/\/mayankin.com\/es\/"},{"@type":"ListItem","position":2,"name":"Rituales y Ceremonias"}]},{"@type":"WebSite","@id":"https:\/\/mayankin.com\/es\/#website","url":"https:\/\/mayankin.com\/es\/","name":"MayanKin","description":"","publisher":{"@id":"https:\/\/mayankin.com\/es\/#organization"},"potentialAction":[{"@type":"SearchAction","target":{"@type":"EntryPoint","urlTemplate":"https:\/\/mayankin.com\/es\/?s={search_term_string}"},"query-input":{"@type":"PropertyValueSpecification","valueRequired":true,"valueName":"search_term_string"}}],"inLanguage":"es"},{"@type":"Organization","@id":"https:\/\/mayankin.com\/es\/#organization","name":"MayanKin","url":"https:\/\/mayankin.com\/es\/","logo":{"@type":"ImageObject","inLanguage":"es","@id":"https:\/\/mayankin.com\/es\/#\/schema\/logo\/image\/","url":"https:\/\/mayankin.com\/es\/wp-content\/uploads\/2020\/05\/MK-Logo-Redesign.png","contentUrl":"https:\/\/mayankin.com\/es\/wp-content\/uploads\/2020\/05\/MK-Logo-Redesign.png","width":260,"height":105,"caption":"MayanKin"},"image":{"@id":"https:\/\/mayankin.com\/es\/#\/schema\/logo\/image\/"},"sameAs":["https:\/\/www.facebook.com\/MayanKinEspanol\/","https:\/\/x.com\/mayankin"]}]}},"_links":{"self":[{"href":"https:\/\/mayankin.com\/es\/wp-json\/wp\/v2\/pages\/11163","targetHints":{"allow":["GET"]}}],"collection":[{"href":"https:\/\/mayankin.com\/es\/wp-json\/wp\/v2\/pages"}],"about":[{"href":"https:\/\/mayankin.com\/es\/wp-json\/wp\/v2\/types\/page"}],"author":[{"embeddable":true,"href":"https:\/\/mayankin.com\/es\/wp-json\/wp\/v2\/users\/4"}],"replies":[{"embeddable":true,"href":"https:\/\/mayankin.com\/es\/wp-json\/wp\/v2\/comments?post=11163"}],"version-history":[{"count":6,"href":"https:\/\/mayankin.com\/es\/wp-json\/wp\/v2\/pages\/11163\/revisions"}],"predecessor-version":[{"id":13804,"href":"https:\/\/mayankin.com\/es\/wp-json\/wp\/v2\/pages\/11163\/revisions\/13804"}],"wp:attachment":[{"href":"https:\/\/mayankin.com\/es\/wp-json\/wp\/v2\/media?parent=11163"}],"curies":[{"name":"wp","href":"https:\/\/api.w.org\/{rel}","templated":true}]}}