{"id":11044,"date":"2019-08-16T00:55:02","date_gmt":"2019-08-16T00:55:02","guid":{"rendered":"https:\/\/mayankin.com\/es\/?page_id=11044"},"modified":"2020-05-25T21:17:33","modified_gmt":"2020-05-26T04:17:33","slug":"rueda-medicinal","status":"publish","type":"page","link":"https:\/\/mayankin.com\/es\/rueda-medicinal\/","title":{"rendered":"Rueda Medicinal"},"content":{"rendered":"\n<p>La Rueda Medicinal o Rueda de Medicina es un objeto sagrado viviente o espacio utilizado por diversas culturas ind\u00edgenas, especialmente los Nativos del Norte y Primeras Naciones de Am\u00e9rica. Como una representaci\u00f3n f\u00edsica de energ\u00eda espiritual, la Rueda Medicinal es un c\u00edrculo dividido en cuatro partes. Entre otros, la rueda honra a los cuatro puntos cardinales (Este, Sur, Oeste y Norte), los cuatro elementos (Fuego, Agua, Tierra y Aire) y los cuatro niveles de existencia o sanaci\u00f3n (Espiritual, Emocional, F\u00edsico y Mental).<\/p>\n\n\n\n<div class=\"wp-block-image\"><figure class=\"aligncenter size-large is-resized\"><img loading=\"lazy\" decoding=\"async\" src=\"https:\/\/mayankin.com\/es\/wp-content\/uploads\/2019\/11\/MarielaMaya-MayanKin-BridgingWorlds-Tzolkin-Rueda-Medicinal-F.png\" alt=\"\" class=\"wp-image-12437\" width=\"500\" height=\"522\" srcset=\"https:\/\/mayankin.com\/es\/wp-content\/uploads\/2019\/11\/MarielaMaya-MayanKin-BridgingWorlds-Tzolkin-Rueda-Medicinal-F.png 500w, https:\/\/mayankin.com\/es\/wp-content\/uploads\/2019\/11\/MarielaMaya-MayanKin-BridgingWorlds-Tzolkin-Rueda-Medicinal-F-287x300.png 287w\" sizes=\"auto, (max-width: 500px) 100vw, 500px\" \/><\/figure><\/div>\n\n\n\n<p>Si bien la mayor\u00eda de las culturas usan la Rueda Medicinal con prop\u00f3sitos similares, distintas tradiciones tienen los colores y sus significados posicionados de maneras diferentes. Esta es la forma como yo personalmente la uso.<\/p>\n\n\n\n<p>Caminar la Rueda Medicinal simb\u00f3licamente significa experimentar las cuatro direcciones como una hoja de ruta para sanar cuerpo, mente, coraz\u00f3n y alma y encontrar equilibrio entre nuestros cuerpos f\u00edsico, mental, emocional y espiritual.<\/p>\n\n\n\n<p>Dentro de una Onda Encantada, cada d\u00eda tiene una combinaci\u00f3n de un arquetipo y una acci\u00f3n espec\u00edficos. Este ciclo de 13 d\u00edas contiene cuatro dimensiones o niveles de existencia: espiritual, f\u00edsico, emocional y mental. En base a mis estudios de pr\u00e1cticas cham\u00e1nicas, he desarrollado una herramienta que combina la Rueda Medicinal con tu Onda Encantada de Nacimiento mostrando cu\u00e1les de tus energ\u00edas est\u00e1n representadas en cada nivel para que puedas trabajar con esos aspectos espec\u00edficos en cada direcci\u00f3n.<\/p>\n\n\n\n<p> Nota: Las lecturas de Rueda Medicinal y Onda Encantada de Nacimiento se complementan entre s\u00ed. Antes de tener esta lectura, es recomendable comenzar primero con la <a href=\"https:\/\/mayankin.com\/es\/onda-encantada\/\">Onda Encantada de Nacimiento<\/a>. <\/p>\n\n\n\n<h4 class=\"internal-links wp-block-heading\"><a href=\"https:\/\/mayankin.com\/es\/product\/rueda-medicinal\/\">C\u00f3mo Agendo mi Lectura de Rueda Medicinal?<\/a><\/h4>\n\n\n\n<h4 class=\"internal-links wp-block-heading\"><a href=\"https:\/\/mayankin.com\/es\/lecturas\/\">Qu\u00e9 otras Lecturas est\u00e1n disponibles? <\/a><\/h4>\n\n\n\n<h4 class=\"internal-links wp-block-heading\"><a href=\"https:\/\/mayankin.com\/es\/sesiones\/\">Qu\u00e9 tipo de Sesiones ofreces?<\/a><\/h4>\n","protected":false},"excerpt":{"rendered":"<p>La Rueda Medicinal o Rueda de Medicina es un objeto sagrado viviente o espacio utilizado por diversas culturas ind\u00edgenas, especialmente los Nativos del Norte y Primeras Naciones de Am\u00e9rica. Como una representaci\u00f3n f\u00edsica de energ\u00eda espiritual, la Rueda Medicinal es un c\u00edrculo dividido en cuatro partes. Entre otros, la rueda honra a los cuatro puntos [&hellip;]<\/p>\n","protected":false},"author":4,"featured_media":0,"parent":0,"menu_order":0,"comment_status":"closed","ping_status":"closed","template":"","meta":{"_monsterinsights_skip_tracking":false,"_monsterinsights_sitenote_active":false,"_monsterinsights_sitenote_note":"","_monsterinsights_sitenote_category":0,"_genesis_hide_title":false,"_genesis_hide_breadcrumbs":false,"_genesis_hide_singular_image":false,"_genesis_hide_footer_widgets":false,"_genesis_custom_body_class":"services","_genesis_custom_post_class":"","_genesis_layout":"","footnotes":""},"class_list":{"0":"post-11044","1":"page","2":"type-page","3":"status-publish","5":"entry","6":"has-post-thumbnail"},"yoast_head":"<!-- This site is optimized with the Yoast SEO plugin v26.6 - https:\/\/yoast.com\/wordpress\/plugins\/seo\/ -->\n<title>La Rueda Medicinal y Onda Encantada de Nacimiento Tzolkin | MayanKin<\/title>\n<meta name=\"description\" content=\"Aprende lo b\u00e1sico de la Rueda de Medicina en relaci\u00f3n con tu Onda Encantada de Tzolkin para restaurar el equilibrio f\u00edsico, mental, emocional y espiritual\" \/>\n<meta name=\"robots\" content=\"index, follow, max-snippet:-1, max-image-preview:large, max-video-preview:-1\" \/>\n<link rel=\"canonical\" href=\"https:\/\/mayankin.com\/es\/rueda-medicinal\/\" \/>\n<meta property=\"og:locale\" content=\"es_ES\" \/>\n<meta property=\"og:type\" content=\"article\" \/>\n<meta property=\"og:title\" content=\"La Rueda Medicinal y Onda Encantada de Nacimiento Tzolkin | MayanKin\" \/>\n<meta property=\"og:description\" content=\"Aprende lo b\u00e1sico de la Rueda de Medicina en relaci\u00f3n con tu Onda Encantada de Tzolkin para restaurar el equilibrio f\u00edsico, mental, emocional y espiritual\" \/>\n<meta property=\"og:url\" content=\"https:\/\/mayankin.com\/es\/rueda-medicinal\/\" \/>\n<meta property=\"og:site_name\" content=\"MayanKin\" \/>\n<meta property=\"article:publisher\" content=\"https:\/\/www.facebook.com\/MayanKinEspanol\/\" \/>\n<meta property=\"article:modified_time\" content=\"2020-05-26T04:17:33+00:00\" \/>\n<meta property=\"og:image\" content=\"https:\/\/mayankin.com\/es\/wp-content\/uploads\/2019\/11\/MarielaMaya-MayanKin-BridgingWorlds-Tzolkin-Rueda-Medicinal-F.png\" \/>\n<meta name=\"twitter:card\" content=\"summary_large_image\" \/>\n<meta name=\"twitter:site\" content=\"@mayankin\" \/>\n<meta name=\"twitter:label1\" content=\"Tiempo de lectura\" \/>\n\t<meta name=\"twitter:data1\" content=\"2 minutos\" \/>\n<script type=\"application\/ld+json\" class=\"yoast-schema-graph\">{\"@context\":\"https:\/\/schema.org\",\"@graph\":[{\"@type\":\"WebPage\",\"@id\":\"https:\/\/mayankin.com\/es\/rueda-medicinal\/\",\"url\":\"https:\/\/mayankin.com\/es\/rueda-medicinal\/\",\"name\":\"La Rueda Medicinal y Onda Encantada de Nacimiento Tzolkin | MayanKin\",\"isPartOf\":{\"@id\":\"https:\/\/mayankin.com\/es\/#website\"},\"primaryImageOfPage\":{\"@id\":\"https:\/\/mayankin.com\/es\/rueda-medicinal\/#primaryimage\"},\"image\":{\"@id\":\"https:\/\/mayankin.com\/es\/rueda-medicinal\/#primaryimage\"},\"thumbnailUrl\":\"https:\/\/mayankin.com\/es\/wp-content\/uploads\/2019\/11\/MarielaMaya-MayanKin-BridgingWorlds-Tzolkin-Rueda-Medicinal-F.png\",\"datePublished\":\"2019-08-16T00:55:02+00:00\",\"dateModified\":\"2020-05-26T04:17:33+00:00\",\"description\":\"Aprende lo b\u00e1sico de la Rueda de Medicina en relaci\u00f3n con tu Onda Encantada de Tzolkin para restaurar el equilibrio f\u00edsico, mental, emocional y espiritual\",\"breadcrumb\":{\"@id\":\"https:\/\/mayankin.com\/es\/rueda-medicinal\/#breadcrumb\"},\"inLanguage\":\"es\",\"potentialAction\":[{\"@type\":\"ReadAction\",\"target\":[\"https:\/\/mayankin.com\/es\/rueda-medicinal\/\"]}]},{\"@type\":\"ImageObject\",\"inLanguage\":\"es\",\"@id\":\"https:\/\/mayankin.com\/es\/rueda-medicinal\/#primaryimage\",\"url\":\"https:\/\/mayankin.com\/es\/wp-content\/uploads\/2019\/11\/MarielaMaya-MayanKin-BridgingWorlds-Tzolkin-Rueda-Medicinal-F.png\",\"contentUrl\":\"https:\/\/mayankin.com\/es\/wp-content\/uploads\/2019\/11\/MarielaMaya-MayanKin-BridgingWorlds-Tzolkin-Rueda-Medicinal-F.png\",\"width\":500,\"height\":522},{\"@type\":\"BreadcrumbList\",\"@id\":\"https:\/\/mayankin.com\/es\/rueda-medicinal\/#breadcrumb\",\"itemListElement\":[{\"@type\":\"ListItem\",\"position\":1,\"name\":\"Portada\",\"item\":\"https:\/\/mayankin.com\/es\/\"},{\"@type\":\"ListItem\",\"position\":2,\"name\":\"Rueda Medicinal\"}]},{\"@type\":\"WebSite\",\"@id\":\"https:\/\/mayankin.com\/es\/#website\",\"url\":\"https:\/\/mayankin.com\/es\/\",\"name\":\"MayanKin\",\"description\":\"\",\"publisher\":{\"@id\":\"https:\/\/mayankin.com\/es\/#organization\"},\"potentialAction\":[{\"@type\":\"SearchAction\",\"target\":{\"@type\":\"EntryPoint\",\"urlTemplate\":\"https:\/\/mayankin.com\/es\/?s={search_term_string}\"},\"query-input\":{\"@type\":\"PropertyValueSpecification\",\"valueRequired\":true,\"valueName\":\"search_term_string\"}}],\"inLanguage\":\"es\"},{\"@type\":\"Organization\",\"@id\":\"https:\/\/mayankin.com\/es\/#organization\",\"name\":\"MayanKin\",\"url\":\"https:\/\/mayankin.com\/es\/\",\"logo\":{\"@type\":\"ImageObject\",\"inLanguage\":\"es\",\"@id\":\"https:\/\/mayankin.com\/es\/#\/schema\/logo\/image\/\",\"url\":\"https:\/\/mayankin.com\/es\/wp-content\/uploads\/2020\/05\/MK-Logo-Redesign.png\",\"contentUrl\":\"https:\/\/mayankin.com\/es\/wp-content\/uploads\/2020\/05\/MK-Logo-Redesign.png\",\"width\":260,\"height\":105,\"caption\":\"MayanKin\"},\"image\":{\"@id\":\"https:\/\/mayankin.com\/es\/#\/schema\/logo\/image\/\"},\"sameAs\":[\"https:\/\/www.facebook.com\/MayanKinEspanol\/\",\"https:\/\/x.com\/mayankin\"]}]}<\/script>\n<!-- \/ Yoast SEO plugin. -->","yoast_head_json":{"title":"La Rueda Medicinal y Onda Encantada de Nacimiento Tzolkin | MayanKin","description":"Aprende lo b\u00e1sico de la Rueda de Medicina en relaci\u00f3n con tu Onda Encantada de Tzolkin para restaurar el equilibrio f\u00edsico, mental, emocional y espiritual","robots":{"index":"index","follow":"follow","max-snippet":"max-snippet:-1","max-image-preview":"max-image-preview:large","max-video-preview":"max-video-preview:-1"},"canonical":"https:\/\/mayankin.com\/es\/rueda-medicinal\/","og_locale":"es_ES","og_type":"article","og_title":"La Rueda Medicinal y Onda Encantada de Nacimiento Tzolkin | MayanKin","og_description":"Aprende lo b\u00e1sico de la Rueda de Medicina en relaci\u00f3n con tu Onda Encantada de Tzolkin para restaurar el equilibrio f\u00edsico, mental, emocional y espiritual","og_url":"https:\/\/mayankin.com\/es\/rueda-medicinal\/","og_site_name":"MayanKin","article_publisher":"https:\/\/www.facebook.com\/MayanKinEspanol\/","article_modified_time":"2020-05-26T04:17:33+00:00","og_image":[{"url":"https:\/\/mayankin.com\/es\/wp-content\/uploads\/2019\/11\/MarielaMaya-MayanKin-BridgingWorlds-Tzolkin-Rueda-Medicinal-F.png","type":"","width":"","height":""}],"twitter_card":"summary_large_image","twitter_site":"@mayankin","twitter_misc":{"Tiempo de lectura":"2 minutos"},"schema":{"@context":"https:\/\/schema.org","@graph":[{"@type":"WebPage","@id":"https:\/\/mayankin.com\/es\/rueda-medicinal\/","url":"https:\/\/mayankin.com\/es\/rueda-medicinal\/","name":"La Rueda Medicinal y Onda Encantada de Nacimiento Tzolkin | MayanKin","isPartOf":{"@id":"https:\/\/mayankin.com\/es\/#website"},"primaryImageOfPage":{"@id":"https:\/\/mayankin.com\/es\/rueda-medicinal\/#primaryimage"},"image":{"@id":"https:\/\/mayankin.com\/es\/rueda-medicinal\/#primaryimage"},"thumbnailUrl":"https:\/\/mayankin.com\/es\/wp-content\/uploads\/2019\/11\/MarielaMaya-MayanKin-BridgingWorlds-Tzolkin-Rueda-Medicinal-F.png","datePublished":"2019-08-16T00:55:02+00:00","dateModified":"2020-05-26T04:17:33+00:00","description":"Aprende lo b\u00e1sico de la Rueda de Medicina en relaci\u00f3n con tu Onda Encantada de Tzolkin para restaurar el equilibrio f\u00edsico, mental, emocional y espiritual","breadcrumb":{"@id":"https:\/\/mayankin.com\/es\/rueda-medicinal\/#breadcrumb"},"inLanguage":"es","potentialAction":[{"@type":"ReadAction","target":["https:\/\/mayankin.com\/es\/rueda-medicinal\/"]}]},{"@type":"ImageObject","inLanguage":"es","@id":"https:\/\/mayankin.com\/es\/rueda-medicinal\/#primaryimage","url":"https:\/\/mayankin.com\/es\/wp-content\/uploads\/2019\/11\/MarielaMaya-MayanKin-BridgingWorlds-Tzolkin-Rueda-Medicinal-F.png","contentUrl":"https:\/\/mayankin.com\/es\/wp-content\/uploads\/2019\/11\/MarielaMaya-MayanKin-BridgingWorlds-Tzolkin-Rueda-Medicinal-F.png","width":500,"height":522},{"@type":"BreadcrumbList","@id":"https:\/\/mayankin.com\/es\/rueda-medicinal\/#breadcrumb","itemListElement":[{"@type":"ListItem","position":1,"name":"Portada","item":"https:\/\/mayankin.com\/es\/"},{"@type":"ListItem","position":2,"name":"Rueda Medicinal"}]},{"@type":"WebSite","@id":"https:\/\/mayankin.com\/es\/#website","url":"https:\/\/mayankin.com\/es\/","name":"MayanKin","description":"","publisher":{"@id":"https:\/\/mayankin.com\/es\/#organization"},"potentialAction":[{"@type":"SearchAction","target":{"@type":"EntryPoint","urlTemplate":"https:\/\/mayankin.com\/es\/?s={search_term_string}"},"query-input":{"@type":"PropertyValueSpecification","valueRequired":true,"valueName":"search_term_string"}}],"inLanguage":"es"},{"@type":"Organization","@id":"https:\/\/mayankin.com\/es\/#organization","name":"MayanKin","url":"https:\/\/mayankin.com\/es\/","logo":{"@type":"ImageObject","inLanguage":"es","@id":"https:\/\/mayankin.com\/es\/#\/schema\/logo\/image\/","url":"https:\/\/mayankin.com\/es\/wp-content\/uploads\/2020\/05\/MK-Logo-Redesign.png","contentUrl":"https:\/\/mayankin.com\/es\/wp-content\/uploads\/2020\/05\/MK-Logo-Redesign.png","width":260,"height":105,"caption":"MayanKin"},"image":{"@id":"https:\/\/mayankin.com\/es\/#\/schema\/logo\/image\/"},"sameAs":["https:\/\/www.facebook.com\/MayanKinEspanol\/","https:\/\/x.com\/mayankin"]}]}},"_links":{"self":[{"href":"https:\/\/mayankin.com\/es\/wp-json\/wp\/v2\/pages\/11044","targetHints":{"allow":["GET"]}}],"collection":[{"href":"https:\/\/mayankin.com\/es\/wp-json\/wp\/v2\/pages"}],"about":[{"href":"https:\/\/mayankin.com\/es\/wp-json\/wp\/v2\/types\/page"}],"author":[{"embeddable":true,"href":"https:\/\/mayankin.com\/es\/wp-json\/wp\/v2\/users\/4"}],"replies":[{"embeddable":true,"href":"https:\/\/mayankin.com\/es\/wp-json\/wp\/v2\/comments?post=11044"}],"version-history":[{"count":14,"href":"https:\/\/mayankin.com\/es\/wp-json\/wp\/v2\/pages\/11044\/revisions"}],"predecessor-version":[{"id":12775,"href":"https:\/\/mayankin.com\/es\/wp-json\/wp\/v2\/pages\/11044\/revisions\/12775"}],"wp:attachment":[{"href":"https:\/\/mayankin.com\/es\/wp-json\/wp\/v2\/media?parent=11044"}],"curies":[{"name":"wp","href":"https:\/\/api.w.org\/{rel}","templated":true}]}}