{"id":11040,"date":"2019-08-16T00:53:34","date_gmt":"2019-08-16T00:53:34","guid":{"rendered":"https:\/\/mayankin.com\/es\/?page_id=11040"},"modified":"2020-05-25T21:14:13","modified_gmt":"2020-05-26T04:14:13","slug":"onda-encantada","status":"publish","type":"page","link":"https:\/\/mayankin.com\/es\/onda-encantada\/","title":{"rendered":"Onda Encantada de Nacimiento"},"content":{"rendered":"\n<p>Tu Onda Encantada de Nacimiento es la \u201csemana\u201d de 13 d\u00edas que representa simb\u00f3licamente el portal a trav\u00e9s del cual viniste a este mundo. Nasciste en uno de esos 13 d\u00edas. <\/p>\n\n\n\n<div class=\"wp-block-image\"><figure class=\"aligncenter size-full is-resized\"><img loading=\"lazy\" decoding=\"async\" src=\"https:\/\/mayankin.com\/es\/wp-content\/uploads\/2020\/05\/MarielaMaya-MayanKin-BridgingWorlds-Tzolkin-Lectura-Onda-Encantada-de-Nacimiento-F.png\" alt=\"\" class=\"wp-image-13274\" width=\"563\" height=\"568\" srcset=\"https:\/\/mayankin.com\/es\/wp-content\/uploads\/2020\/05\/MarielaMaya-MayanKin-BridgingWorlds-Tzolkin-Lectura-Onda-Encantada-de-Nacimiento-F.png 750w, https:\/\/mayankin.com\/es\/wp-content\/uploads\/2020\/05\/MarielaMaya-MayanKin-BridgingWorlds-Tzolkin-Lectura-Onda-Encantada-de-Nacimiento-F-297x300.png 297w, https:\/\/mayankin.com\/es\/wp-content\/uploads\/2020\/05\/MarielaMaya-MayanKin-BridgingWorlds-Tzolkin-Lectura-Onda-Encantada-de-Nacimiento-F-150x150.png 150w, https:\/\/mayankin.com\/es\/wp-content\/uploads\/2020\/05\/MarielaMaya-MayanKin-BridgingWorlds-Tzolkin-Lectura-Onda-Encantada-de-Nacimiento-F-500x505.png 500w, https:\/\/mayankin.com\/es\/wp-content\/uploads\/2020\/05\/MarielaMaya-MayanKin-BridgingWorlds-Tzolkin-Lectura-Onda-Encantada-de-Nacimiento-F-655x661.png 655w\" sizes=\"auto, (max-width: 563px) 100vw, 563px\" \/><\/figure><\/div>\n\n\n\n<p>El primer d\u00eda de tu Onda Encantada indica tu Prop\u00f3sito de Vida, lo que est\u00e1s aqu\u00ed para hacer. Tu Kin de Destino o signo de nacimiento, basado en tu posici\u00f3n en estos 13 d\u00edas, representa tu Misi\u00f3n y la manera en la cual realizas tu prop\u00f3sito. Los otros Kines son tus compa\u00f1eros de vida y cada uno tiene un mensaje importante en relaci\u00f3n a c\u00f3mo logras ciertas cosas. Esta informaci\u00f3n proviene del Kin que responde a cada pregunta que figura en esta imagen. <\/p>\n\n\n\n<p>Los Kines dentro de tu Onda Encantada se entrelazan con tu Kin de Destino creando una bella resonancia que te ayuda a fortalecer tu eje, encontrar tesoros internos y cambiar lo que ya no te sirve. <\/p>\n\n\n\n<p>Enfocada como una secuencia, aprender a seguir los 13 pasos de tu Onda Encantada de Nacimiento sirve como una gu\u00eda para materializar cualquier idea, sue\u00f1o o proyecto que quieras manifestar en tu vida. <\/p>\n\n\n\n<p>Al final de la sesi\u00f3n, compartiremos una meditaci\u00f3n guiada para corporizar tu Onda Encantada al moverla f\u00edsicamente y sentir sus vibraciones en tu cuerpo.<\/p>\n\n\n\n<p>Recuerda chequear cuando comienza tu Onda Encantada de Nacimiento en este ciclo y planifica con antelaci\u00f3n cosas para cada uno de sus 13 d\u00edas, ya que \u00e9ste es el per\u00edodo m\u00e1s relevante para ti. Si necesitas orientaci\u00f3n, puedes agendar una <a href=\"https:\/\/mayankin.com\/es\/planificacion\/\">sesi\u00f3n<\/a> de Planificaci\u00f3n para verlo con m\u00e1s detalle, donde compartir\u00e9 algunos rituales, actividades e ideas que puedes hacer en esos d\u00edas. <\/p>\n\n\n\n<p>Nota: Si el Tzolkin es nuevo para ti, quiz\u00e1 quieras agendar primero tu <a href=\"https:\/\/mayankin.com\/es\/product\/oraculo-de-nacimiento\/\">Or\u00e1culo de Nacimiento<\/a>.<\/p>\n\n\n\n<h4 class=\"internal-links wp-block-heading\"><a href=\"https:\/\/mayankin.com\/es\/product\/onda-encantada-de-nacimiento\/\">C\u00f3mo Agendo mi Lectura de Onda Encantada de Nacimiento?<\/a><\/h4>\n\n\n\n<h4 class=\"internal-links wp-block-heading\"><a href=\"https:\/\/mayankin.com\/es\/lecturas\/\">Qu\u00e9 otras Lecturas est\u00e1n disponibles?<\/a><\/h4>\n\n\n\n<h4 class=\"internal-links wp-block-heading\"><a href=\"https:\/\/mayankin.com\/es\/sesiones\/\">Qu\u00e9 tipo de Sesiones ofreces?<\/a><\/h4>\n","protected":false},"excerpt":{"rendered":"<p>Tu Onda Encantada de Nacimiento es la \u201csemana\u201d de 13 d\u00edas que representa simb\u00f3licamente el portal a trav\u00e9s del cual viniste a este mundo. Nasciste en uno de esos 13 d\u00edas. El primer d\u00eda de tu Onda Encantada indica tu Prop\u00f3sito de Vida, lo que est\u00e1s aqu\u00ed para hacer. Tu Kin de Destino o signo [&hellip;]<\/p>\n","protected":false},"author":4,"featured_media":0,"parent":0,"menu_order":0,"comment_status":"closed","ping_status":"closed","template":"","meta":{"_monsterinsights_skip_tracking":false,"_monsterinsights_sitenote_active":false,"_monsterinsights_sitenote_note":"","_monsterinsights_sitenote_category":0,"_genesis_hide_title":false,"_genesis_hide_breadcrumbs":false,"_genesis_hide_singular_image":false,"_genesis_hide_footer_widgets":false,"_genesis_custom_body_class":"services","_genesis_custom_post_class":"","_genesis_layout":"","footnotes":""},"class_list":{"0":"post-11040","1":"page","2":"type-page","3":"status-publish","5":"entry","6":"has-post-thumbnail"},"yoast_head":"<!-- This site is optimized with the Yoast SEO plugin v26.6 - https:\/\/yoast.com\/wordpress\/plugins\/seo\/ -->\n<title>Tzolkin Onda Encantada \u2013 El Poder de los Trece D\u00edas | MayanKin<\/title>\n<meta name=\"description\" content=\"Cual es tu Prop\u00f3sito de Vida y c\u00f3mo puedes manifestar lo que quieres? Familiar\u00edzate con los 13 pasos de tu Onda Encantada de Nacimiento Tzolkin!\" \/>\n<meta name=\"robots\" content=\"index, follow, max-snippet:-1, max-image-preview:large, max-video-preview:-1\" \/>\n<link rel=\"canonical\" href=\"https:\/\/mayankin.com\/es\/onda-encantada\/\" \/>\n<meta property=\"og:locale\" content=\"es_ES\" \/>\n<meta property=\"og:type\" content=\"article\" \/>\n<meta property=\"og:title\" content=\"Tzolkin Onda Encantada \u2013 El Poder de los Trece D\u00edas | MayanKin\" \/>\n<meta property=\"og:description\" content=\"Cual es tu Prop\u00f3sito de Vida y c\u00f3mo puedes manifestar lo que quieres? Familiar\u00edzate con los 13 pasos de tu Onda Encantada de Nacimiento Tzolkin!\" \/>\n<meta property=\"og:url\" content=\"https:\/\/mayankin.com\/es\/onda-encantada\/\" \/>\n<meta property=\"og:site_name\" content=\"MayanKin\" \/>\n<meta property=\"article:publisher\" content=\"https:\/\/www.facebook.com\/MayanKinEspanol\/\" \/>\n<meta property=\"article:modified_time\" content=\"2020-05-26T04:14:13+00:00\" \/>\n<meta property=\"og:image\" content=\"https:\/\/mayankin.com\/es\/wp-content\/uploads\/2020\/05\/MarielaMaya-MayanKin-BridgingWorlds-Tzolkin-Lectura-Onda-Encantada-de-Nacimiento-F.png\" \/>\n<meta name=\"twitter:card\" content=\"summary_large_image\" \/>\n<meta name=\"twitter:site\" content=\"@mayankin\" \/>\n<meta name=\"twitter:label1\" content=\"Tiempo de lectura\" \/>\n\t<meta name=\"twitter:data1\" content=\"2 minutos\" \/>\n<script type=\"application\/ld+json\" class=\"yoast-schema-graph\">{\"@context\":\"https:\/\/schema.org\",\"@graph\":[{\"@type\":\"WebPage\",\"@id\":\"https:\/\/mayankin.com\/es\/onda-encantada\/\",\"url\":\"https:\/\/mayankin.com\/es\/onda-encantada\/\",\"name\":\"Tzolkin Onda Encantada \u2013 El Poder de los Trece D\u00edas | MayanKin\",\"isPartOf\":{\"@id\":\"https:\/\/mayankin.com\/es\/#website\"},\"primaryImageOfPage\":{\"@id\":\"https:\/\/mayankin.com\/es\/onda-encantada\/#primaryimage\"},\"image\":{\"@id\":\"https:\/\/mayankin.com\/es\/onda-encantada\/#primaryimage\"},\"thumbnailUrl\":\"https:\/\/mayankin.com\/es\/wp-content\/uploads\/2020\/05\/MarielaMaya-MayanKin-BridgingWorlds-Tzolkin-Lectura-Onda-Encantada-de-Nacimiento-F.png\",\"datePublished\":\"2019-08-16T00:53:34+00:00\",\"dateModified\":\"2020-05-26T04:14:13+00:00\",\"description\":\"Cual es tu Prop\u00f3sito de Vida y c\u00f3mo puedes manifestar lo que quieres? Familiar\u00edzate con los 13 pasos de tu Onda Encantada de Nacimiento Tzolkin!\",\"breadcrumb\":{\"@id\":\"https:\/\/mayankin.com\/es\/onda-encantada\/#breadcrumb\"},\"inLanguage\":\"es\",\"potentialAction\":[{\"@type\":\"ReadAction\",\"target\":[\"https:\/\/mayankin.com\/es\/onda-encantada\/\"]}]},{\"@type\":\"ImageObject\",\"inLanguage\":\"es\",\"@id\":\"https:\/\/mayankin.com\/es\/onda-encantada\/#primaryimage\",\"url\":\"https:\/\/mayankin.com\/es\/wp-content\/uploads\/2020\/05\/MarielaMaya-MayanKin-BridgingWorlds-Tzolkin-Lectura-Onda-Encantada-de-Nacimiento-F.png\",\"contentUrl\":\"https:\/\/mayankin.com\/es\/wp-content\/uploads\/2020\/05\/MarielaMaya-MayanKin-BridgingWorlds-Tzolkin-Lectura-Onda-Encantada-de-Nacimiento-F.png\",\"width\":750,\"height\":757},{\"@type\":\"BreadcrumbList\",\"@id\":\"https:\/\/mayankin.com\/es\/onda-encantada\/#breadcrumb\",\"itemListElement\":[{\"@type\":\"ListItem\",\"position\":1,\"name\":\"Portada\",\"item\":\"https:\/\/mayankin.com\/es\/\"},{\"@type\":\"ListItem\",\"position\":2,\"name\":\"Onda Encantada de Nacimiento\"}]},{\"@type\":\"WebSite\",\"@id\":\"https:\/\/mayankin.com\/es\/#website\",\"url\":\"https:\/\/mayankin.com\/es\/\",\"name\":\"MayanKin\",\"description\":\"\",\"publisher\":{\"@id\":\"https:\/\/mayankin.com\/es\/#organization\"},\"potentialAction\":[{\"@type\":\"SearchAction\",\"target\":{\"@type\":\"EntryPoint\",\"urlTemplate\":\"https:\/\/mayankin.com\/es\/?s={search_term_string}\"},\"query-input\":{\"@type\":\"PropertyValueSpecification\",\"valueRequired\":true,\"valueName\":\"search_term_string\"}}],\"inLanguage\":\"es\"},{\"@type\":\"Organization\",\"@id\":\"https:\/\/mayankin.com\/es\/#organization\",\"name\":\"MayanKin\",\"url\":\"https:\/\/mayankin.com\/es\/\",\"logo\":{\"@type\":\"ImageObject\",\"inLanguage\":\"es\",\"@id\":\"https:\/\/mayankin.com\/es\/#\/schema\/logo\/image\/\",\"url\":\"https:\/\/mayankin.com\/es\/wp-content\/uploads\/2020\/05\/MK-Logo-Redesign.png\",\"contentUrl\":\"https:\/\/mayankin.com\/es\/wp-content\/uploads\/2020\/05\/MK-Logo-Redesign.png\",\"width\":260,\"height\":105,\"caption\":\"MayanKin\"},\"image\":{\"@id\":\"https:\/\/mayankin.com\/es\/#\/schema\/logo\/image\/\"},\"sameAs\":[\"https:\/\/www.facebook.com\/MayanKinEspanol\/\",\"https:\/\/x.com\/mayankin\"]}]}<\/script>\n<!-- \/ Yoast SEO plugin. -->","yoast_head_json":{"title":"Tzolkin Onda Encantada \u2013 El Poder de los Trece D\u00edas | MayanKin","description":"Cual es tu Prop\u00f3sito de Vida y c\u00f3mo puedes manifestar lo que quieres? Familiar\u00edzate con los 13 pasos de tu Onda Encantada de Nacimiento Tzolkin!","robots":{"index":"index","follow":"follow","max-snippet":"max-snippet:-1","max-image-preview":"max-image-preview:large","max-video-preview":"max-video-preview:-1"},"canonical":"https:\/\/mayankin.com\/es\/onda-encantada\/","og_locale":"es_ES","og_type":"article","og_title":"Tzolkin Onda Encantada \u2013 El Poder de los Trece D\u00edas | MayanKin","og_description":"Cual es tu Prop\u00f3sito de Vida y c\u00f3mo puedes manifestar lo que quieres? Familiar\u00edzate con los 13 pasos de tu Onda Encantada de Nacimiento Tzolkin!","og_url":"https:\/\/mayankin.com\/es\/onda-encantada\/","og_site_name":"MayanKin","article_publisher":"https:\/\/www.facebook.com\/MayanKinEspanol\/","article_modified_time":"2020-05-26T04:14:13+00:00","og_image":[{"url":"https:\/\/mayankin.com\/es\/wp-content\/uploads\/2020\/05\/MarielaMaya-MayanKin-BridgingWorlds-Tzolkin-Lectura-Onda-Encantada-de-Nacimiento-F.png","type":"","width":"","height":""}],"twitter_card":"summary_large_image","twitter_site":"@mayankin","twitter_misc":{"Tiempo de lectura":"2 minutos"},"schema":{"@context":"https:\/\/schema.org","@graph":[{"@type":"WebPage","@id":"https:\/\/mayankin.com\/es\/onda-encantada\/","url":"https:\/\/mayankin.com\/es\/onda-encantada\/","name":"Tzolkin Onda Encantada \u2013 El Poder de los Trece D\u00edas | MayanKin","isPartOf":{"@id":"https:\/\/mayankin.com\/es\/#website"},"primaryImageOfPage":{"@id":"https:\/\/mayankin.com\/es\/onda-encantada\/#primaryimage"},"image":{"@id":"https:\/\/mayankin.com\/es\/onda-encantada\/#primaryimage"},"thumbnailUrl":"https:\/\/mayankin.com\/es\/wp-content\/uploads\/2020\/05\/MarielaMaya-MayanKin-BridgingWorlds-Tzolkin-Lectura-Onda-Encantada-de-Nacimiento-F.png","datePublished":"2019-08-16T00:53:34+00:00","dateModified":"2020-05-26T04:14:13+00:00","description":"Cual es tu Prop\u00f3sito de Vida y c\u00f3mo puedes manifestar lo que quieres? Familiar\u00edzate con los 13 pasos de tu Onda Encantada de Nacimiento Tzolkin!","breadcrumb":{"@id":"https:\/\/mayankin.com\/es\/onda-encantada\/#breadcrumb"},"inLanguage":"es","potentialAction":[{"@type":"ReadAction","target":["https:\/\/mayankin.com\/es\/onda-encantada\/"]}]},{"@type":"ImageObject","inLanguage":"es","@id":"https:\/\/mayankin.com\/es\/onda-encantada\/#primaryimage","url":"https:\/\/mayankin.com\/es\/wp-content\/uploads\/2020\/05\/MarielaMaya-MayanKin-BridgingWorlds-Tzolkin-Lectura-Onda-Encantada-de-Nacimiento-F.png","contentUrl":"https:\/\/mayankin.com\/es\/wp-content\/uploads\/2020\/05\/MarielaMaya-MayanKin-BridgingWorlds-Tzolkin-Lectura-Onda-Encantada-de-Nacimiento-F.png","width":750,"height":757},{"@type":"BreadcrumbList","@id":"https:\/\/mayankin.com\/es\/onda-encantada\/#breadcrumb","itemListElement":[{"@type":"ListItem","position":1,"name":"Portada","item":"https:\/\/mayankin.com\/es\/"},{"@type":"ListItem","position":2,"name":"Onda Encantada de Nacimiento"}]},{"@type":"WebSite","@id":"https:\/\/mayankin.com\/es\/#website","url":"https:\/\/mayankin.com\/es\/","name":"MayanKin","description":"","publisher":{"@id":"https:\/\/mayankin.com\/es\/#organization"},"potentialAction":[{"@type":"SearchAction","target":{"@type":"EntryPoint","urlTemplate":"https:\/\/mayankin.com\/es\/?s={search_term_string}"},"query-input":{"@type":"PropertyValueSpecification","valueRequired":true,"valueName":"search_term_string"}}],"inLanguage":"es"},{"@type":"Organization","@id":"https:\/\/mayankin.com\/es\/#organization","name":"MayanKin","url":"https:\/\/mayankin.com\/es\/","logo":{"@type":"ImageObject","inLanguage":"es","@id":"https:\/\/mayankin.com\/es\/#\/schema\/logo\/image\/","url":"https:\/\/mayankin.com\/es\/wp-content\/uploads\/2020\/05\/MK-Logo-Redesign.png","contentUrl":"https:\/\/mayankin.com\/es\/wp-content\/uploads\/2020\/05\/MK-Logo-Redesign.png","width":260,"height":105,"caption":"MayanKin"},"image":{"@id":"https:\/\/mayankin.com\/es\/#\/schema\/logo\/image\/"},"sameAs":["https:\/\/www.facebook.com\/MayanKinEspanol\/","https:\/\/x.com\/mayankin"]}]}},"_links":{"self":[{"href":"https:\/\/mayankin.com\/es\/wp-json\/wp\/v2\/pages\/11040","targetHints":{"allow":["GET"]}}],"collection":[{"href":"https:\/\/mayankin.com\/es\/wp-json\/wp\/v2\/pages"}],"about":[{"href":"https:\/\/mayankin.com\/es\/wp-json\/wp\/v2\/types\/page"}],"author":[{"embeddable":true,"href":"https:\/\/mayankin.com\/es\/wp-json\/wp\/v2\/users\/4"}],"replies":[{"embeddable":true,"href":"https:\/\/mayankin.com\/es\/wp-json\/wp\/v2\/comments?post=11040"}],"version-history":[{"count":22,"href":"https:\/\/mayankin.com\/es\/wp-json\/wp\/v2\/pages\/11040\/revisions"}],"predecessor-version":[{"id":13275,"href":"https:\/\/mayankin.com\/es\/wp-json\/wp\/v2\/pages\/11040\/revisions\/13275"}],"wp:attachment":[{"href":"https:\/\/mayankin.com\/es\/wp-json\/wp\/v2\/media?parent=11040"}],"curies":[{"name":"wp","href":"https:\/\/api.w.org\/{rel}","templated":true}]}}