{"id":11038,"date":"2019-08-16T00:52:53","date_gmt":"2019-08-16T00:52:53","guid":{"rendered":"https:\/\/mayankin.com\/es\/?page_id=11038"},"modified":"2020-05-25T21:12:18","modified_gmt":"2020-05-26T04:12:18","slug":"oraculos","status":"publish","type":"page","link":"https:\/\/mayankin.com\/es\/oraculos\/","title":{"rendered":"Lecturas de Or\u00e1culos"},"content":{"rendered":"\n<p>Cualquier Or\u00e1culo en el Tzolkin se refiere a una carta con la combinaci\u00f3n de energ\u00edas para una persona, d\u00eda, a\u00f1o o relaci\u00f3n espec\u00edficos. Los siguientes or\u00e1culos en su interpretaci\u00f3n moderna tienen el mismo formato, pero se refieren a lecturas distintas. Aunque difieren en naturaleza, se incluye entre par\u00e9ntesis una referencia a su correlaci\u00f3n con la astrolog\u00eda occidental.<\/p>\n\n\n\n<h4 class=\"wp-block-heading\">Or\u00e1culo de Nacimiento <em>(Carta Natal)<\/em><\/h4>\n\n\n\n<p>El&nbsp;<a href=\"https:\/\/mayankin.com\/es\/product\/oraculo-de-nacimiento\/\">Or\u00e1culo de Nacimiento<\/a> en su t\u00e9rmino moderno, es la carta que muestra la combinaci\u00f3n de energ\u00edas que estuvieron presentes el d\u00eda en que naciste.<\/p>\n\n\n\n<div class=\"wp-block-image\"><figure class=\"aligncenter size-large is-resized\"><img loading=\"lazy\" decoding=\"async\" src=\"https:\/\/mayankin.com\/es\/wp-content\/uploads\/2019\/11\/MarielaMaya-MayanKin-BridgingWorlds-Tzolkin-Lectura-Oraculo.png\" alt=\"\" class=\"wp-image-12444\" width=\"563\" height=\"563\" srcset=\"https:\/\/mayankin.com\/es\/wp-content\/uploads\/2019\/11\/MarielaMaya-MayanKin-BridgingWorlds-Tzolkin-Lectura-Oraculo.png 750w, https:\/\/mayankin.com\/es\/wp-content\/uploads\/2019\/11\/MarielaMaya-MayanKin-BridgingWorlds-Tzolkin-Lectura-Oraculo-300x300.png 300w, https:\/\/mayankin.com\/es\/wp-content\/uploads\/2019\/11\/MarielaMaya-MayanKin-BridgingWorlds-Tzolkin-Lectura-Oraculo-150x150.png 150w, https:\/\/mayankin.com\/es\/wp-content\/uploads\/2019\/11\/MarielaMaya-MayanKin-BridgingWorlds-Tzolkin-Lectura-Oraculo-500x500.png 500w, https:\/\/mayankin.com\/es\/wp-content\/uploads\/2019\/11\/MarielaMaya-MayanKin-BridgingWorlds-Tzolkin-Lectura-Oraculo-655x655.png 655w, https:\/\/mayankin.com\/es\/wp-content\/uploads\/2019\/11\/MarielaMaya-MayanKin-BridgingWorlds-Tzolkin-Lectura-Oraculo-180x180.png 180w\" sizes=\"auto, (max-width: 563px) 100vw, 563px\" \/><\/figure><\/div>\n\n\n\n<p>Familiarizarte con tu esencia te ayuda a expandir tu conciencia, a crear relaciones armoniosas contigo misma\/o, con los dem\u00e1s y con toda la creaci\u00f3n, a crecer en tu gran potencial y a desplegar tu prop\u00f3sito en esta vida.<\/p>\n\n\n\n<p>En otras palabras, esta lectura sirve como un llamado de despertar para salir del piloto autom\u00e1tico, para saber mejor qui\u00e9n eres y para posicionarte en tu propio poder para que puedas manifestar la vida que deseas. Adem\u00e1s, identificar bloqueos y reconocer tus sombras es una excelente manera de soltar lo viejo y transformar lo que quieras cambiar en este momento de tu vida.<\/p>\n\n\n\n<p>Durante la sesi\u00f3n, exploraremos junta\/os cada componente de tu or\u00e1culo, refiri\u00e9ndonos tanto a los aspectos de luz como de sombra.<\/p>\n\n\n\n<p>Nota: Celebras tu Cumplea\u00f1os Gal\u00e1ctico cada 260 d\u00edas mientras que tu cumplea\u00f1os gregoriano ocurre cada 365 d\u00edas. Ambos se encuentran en la misma fecha por primera vez despu\u00e9s de <a href=\"https:\/\/mayankin.com\/es\/castillo-del-destino\/\">52 a\u00f1os<\/a>.<\/p>\n\n\n\n<h4 class=\"wp-block-heading\">Or\u00e1culo de Tr\u00e1nsito <em>(Revoluci\u00f3n Solar)<\/em><\/h4>\n\n\n\n<p>Como en astrolog\u00eda occidental, el Or\u00e1culo de Nacimiento representa la carta natal y el <a href=\"https:\/\/mayankin.com\/es\/product\/oraculo-de-transito\/\">Or\u00e1culo de Tr\u00e1nsito<\/a> o el Or\u00e1culo del A\u00f1o es similar a la revoluci\u00f3n solar. El Tzolkin consiste en un ciclo de 260 d\u00edas y la combinaci\u00f3n exacta de energ\u00edas coincide con la misma fecha gregoriana solamente cada 52 a\u00f1os. En otras palabras, una persona tendr\u00e1 diferentes or\u00e1culos de a\u00f1o \u00fanicos por los primeros 51 a\u00f1os, y el Or\u00e1culo del A\u00f1o al cumplir 52 es igual al Or\u00e1culo de Nacimiento. De los 52 en adelante, las energ\u00edas siguen el mismo patr\u00f3n energ\u00e9tico que desde nacimiento y, por lo tanto, te ofrece una preciosa oportunidad para el consciente re-nacer.<\/p>\n\n\n\n<p>El Or\u00e1culo del A\u00f1o se refiere a las energ\u00edas que est\u00e1s transitando en un a\u00f1o espec\u00edfico, desde tu cumplea\u00f1os hasta el d\u00eda anterior a tu siguiente cumplea\u00f1os. Este or\u00e1culo te ayuda a conocer aquellos aspectos que quiz\u00e1 quieras prestar especial atenci\u00f3n durante ese a\u00f1o.<\/p>\n\n\n\n<h4 class=\"wp-block-heading\">Or\u00e1culo Combinado <em>(Carta Compuesta, Sinastr\u00eda)<\/em><\/h4>\n\n\n\n<p>El Or\u00e1culo Combinado es la carta entre dos o m\u00e1s personas. Desde la perspectiva oracular, cualquier relaci\u00f3n (pareja, socios, familiares, otros) puede interpretarse a trav\u00e9s de la forma en la cual los or\u00e1culos de nacimiento se relacionan entre s\u00ed. Son las energ\u00edas compatibles? Desafiantes?<\/p>\n\n\n\n<p>Otra forma de interpretar cualquier relaci\u00f3n es mediante la creaci\u00f3n de un tercer or\u00e1culo, el cual es la suma de todos los or\u00e1culos individuales. El <a href=\"https:\/\/mayankin.com\/es\/product\/oraculo-combinado\/\">Or\u00e1culo Combinado<\/a> o el Or\u00e1culo de Relaciones da informaci\u00f3n espec\u00edfica sobre la relaci\u00f3n como una entidad en si misma. <\/p>\n\n\n\n<p>Y una tercer lectura es considerar c\u00f3mo cada uno de los individuos se relaciona con el or\u00e1culo combinado o la energ\u00eda de la relaci\u00f3n en s\u00ed.<\/p>\n\n\n\n<p>Durante la sesi\u00f3n cubriremos los tres puntos de vista distintos. Salvo que la otra persona tambi\u00e9n est\u00e9 presente (o personas), es importante aclarar que esta lectura se comparte solamente en c\u00f3mo la misma se refiere a ti y no repasamos las energ\u00edas personales de otros.<\/p>\n\n\n\n<h4 class=\"internal-links wp-block-heading\"><a href=\"https:\/\/mayankin.com\/es\/product-category\/sesiones\/\">C\u00f3mo Agendo una Lectura de Or\u00e1culo? <\/a><\/h4>\n\n\n\n<h4 class=\"internal-links wp-block-heading\"><a href=\"https:\/\/mayankin.com\/es\/lecturas\/\">Qu\u00e9 otras Lecturas est\u00e1n disponibles?<\/a><\/h4>\n\n\n\n<h4 class=\"internal-links wp-block-heading\"><a href=\"https:\/\/mayankin.com\/es\/sesiones\/\">Qu\u00e9 tipo de Sesiones ofreces?<\/a><\/h4>\n","protected":false},"excerpt":{"rendered":"<p>Cualquier Or\u00e1culo en el Tzolkin se refiere a una carta con la combinaci\u00f3n de energ\u00edas para una persona, d\u00eda, a\u00f1o o relaci\u00f3n espec\u00edficos. Los siguientes or\u00e1culos en su interpretaci\u00f3n moderna tienen el mismo formato, pero se refieren a lecturas distintas. Aunque difieren en naturaleza, se incluye entre par\u00e9ntesis una referencia a su correlaci\u00f3n con la [&hellip;]<\/p>\n","protected":false},"author":4,"featured_media":0,"parent":0,"menu_order":0,"comment_status":"closed","ping_status":"closed","template":"","meta":{"_monsterinsights_skip_tracking":false,"_monsterinsights_sitenote_active":false,"_monsterinsights_sitenote_note":"","_monsterinsights_sitenote_category":0,"_genesis_hide_title":false,"_genesis_hide_breadcrumbs":false,"_genesis_hide_singular_image":false,"_genesis_hide_footer_widgets":false,"_genesis_custom_body_class":"services","_genesis_custom_post_class":"","_genesis_layout":"","footnotes":""},"class_list":{"0":"post-11038","1":"page","2":"type-page","3":"status-publish","5":"entry","6":"has-post-thumbnail"},"yoast_head":"<!-- This site is optimized with the Yoast SEO plugin v26.6 - https:\/\/yoast.com\/wordpress\/plugins\/seo\/ -->\n<title>Tzolkin Lecturas de Or\u00e1culos \u2013 Nacimiento, A\u00f1o y Combinado | MayanKin<\/title>\n<meta name=\"description\" content=\"Sorpr\u00e9ndete por lo preciso que es el calendario maya Tzolkin moderno al hacerte tu Or\u00e1culo de Nacimiento, Or\u00e1culo de Tr\u00e1nsito u Or\u00e1culo combinado\" \/>\n<meta name=\"robots\" content=\"index, follow, max-snippet:-1, max-image-preview:large, max-video-preview:-1\" \/>\n<link rel=\"canonical\" href=\"https:\/\/mayankin.com\/es\/oraculos\/\" \/>\n<meta property=\"og:locale\" content=\"es_ES\" \/>\n<meta property=\"og:type\" content=\"article\" \/>\n<meta property=\"og:title\" content=\"Tzolkin Lecturas de Or\u00e1culos \u2013 Nacimiento, A\u00f1o y Combinado | MayanKin\" \/>\n<meta property=\"og:description\" content=\"Sorpr\u00e9ndete por lo preciso que es el calendario maya Tzolkin moderno al hacerte tu Or\u00e1culo de Nacimiento, Or\u00e1culo de Tr\u00e1nsito u Or\u00e1culo combinado\" \/>\n<meta property=\"og:url\" content=\"https:\/\/mayankin.com\/es\/oraculos\/\" \/>\n<meta property=\"og:site_name\" content=\"MayanKin\" \/>\n<meta property=\"article:publisher\" content=\"https:\/\/www.facebook.com\/MayanKinEspanol\/\" \/>\n<meta property=\"article:modified_time\" content=\"2020-05-26T04:12:18+00:00\" \/>\n<meta property=\"og:image\" content=\"https:\/\/mayankin.com\/es\/wp-content\/uploads\/2019\/11\/MarielaMaya-MayanKin-BridgingWorlds-Tzolkin-Lectura-Oraculo.png\" \/>\n<meta name=\"twitter:card\" content=\"summary_large_image\" \/>\n<meta name=\"twitter:site\" content=\"@mayankin\" \/>\n<meta name=\"twitter:label1\" content=\"Tiempo de lectura\" \/>\n\t<meta name=\"twitter:data1\" content=\"3 minutos\" \/>\n<script type=\"application\/ld+json\" class=\"yoast-schema-graph\">{\"@context\":\"https:\/\/schema.org\",\"@graph\":[{\"@type\":\"WebPage\",\"@id\":\"https:\/\/mayankin.com\/es\/oraculos\/\",\"url\":\"https:\/\/mayankin.com\/es\/oraculos\/\",\"name\":\"Tzolkin Lecturas de Or\u00e1culos \u2013 Nacimiento, A\u00f1o y Combinado | MayanKin\",\"isPartOf\":{\"@id\":\"https:\/\/mayankin.com\/es\/#website\"},\"primaryImageOfPage\":{\"@id\":\"https:\/\/mayankin.com\/es\/oraculos\/#primaryimage\"},\"image\":{\"@id\":\"https:\/\/mayankin.com\/es\/oraculos\/#primaryimage\"},\"thumbnailUrl\":\"https:\/\/mayankin.com\/es\/wp-content\/uploads\/2019\/11\/MarielaMaya-MayanKin-BridgingWorlds-Tzolkin-Lectura-Oraculo.png\",\"datePublished\":\"2019-08-16T00:52:53+00:00\",\"dateModified\":\"2020-05-26T04:12:18+00:00\",\"description\":\"Sorpr\u00e9ndete por lo preciso que es el calendario maya Tzolkin moderno al hacerte tu Or\u00e1culo de Nacimiento, Or\u00e1culo de Tr\u00e1nsito u Or\u00e1culo combinado\",\"breadcrumb\":{\"@id\":\"https:\/\/mayankin.com\/es\/oraculos\/#breadcrumb\"},\"inLanguage\":\"es\",\"potentialAction\":[{\"@type\":\"ReadAction\",\"target\":[\"https:\/\/mayankin.com\/es\/oraculos\/\"]}]},{\"@type\":\"ImageObject\",\"inLanguage\":\"es\",\"@id\":\"https:\/\/mayankin.com\/es\/oraculos\/#primaryimage\",\"url\":\"https:\/\/mayankin.com\/es\/wp-content\/uploads\/2019\/11\/MarielaMaya-MayanKin-BridgingWorlds-Tzolkin-Lectura-Oraculo.png\",\"contentUrl\":\"https:\/\/mayankin.com\/es\/wp-content\/uploads\/2019\/11\/MarielaMaya-MayanKin-BridgingWorlds-Tzolkin-Lectura-Oraculo.png\",\"width\":750,\"height\":750},{\"@type\":\"BreadcrumbList\",\"@id\":\"https:\/\/mayankin.com\/es\/oraculos\/#breadcrumb\",\"itemListElement\":[{\"@type\":\"ListItem\",\"position\":1,\"name\":\"Portada\",\"item\":\"https:\/\/mayankin.com\/es\/\"},{\"@type\":\"ListItem\",\"position\":2,\"name\":\"Lecturas de Or\u00e1culos\"}]},{\"@type\":\"WebSite\",\"@id\":\"https:\/\/mayankin.com\/es\/#website\",\"url\":\"https:\/\/mayankin.com\/es\/\",\"name\":\"MayanKin\",\"description\":\"\",\"publisher\":{\"@id\":\"https:\/\/mayankin.com\/es\/#organization\"},\"potentialAction\":[{\"@type\":\"SearchAction\",\"target\":{\"@type\":\"EntryPoint\",\"urlTemplate\":\"https:\/\/mayankin.com\/es\/?s={search_term_string}\"},\"query-input\":{\"@type\":\"PropertyValueSpecification\",\"valueRequired\":true,\"valueName\":\"search_term_string\"}}],\"inLanguage\":\"es\"},{\"@type\":\"Organization\",\"@id\":\"https:\/\/mayankin.com\/es\/#organization\",\"name\":\"MayanKin\",\"url\":\"https:\/\/mayankin.com\/es\/\",\"logo\":{\"@type\":\"ImageObject\",\"inLanguage\":\"es\",\"@id\":\"https:\/\/mayankin.com\/es\/#\/schema\/logo\/image\/\",\"url\":\"https:\/\/mayankin.com\/es\/wp-content\/uploads\/2020\/05\/MK-Logo-Redesign.png\",\"contentUrl\":\"https:\/\/mayankin.com\/es\/wp-content\/uploads\/2020\/05\/MK-Logo-Redesign.png\",\"width\":260,\"height\":105,\"caption\":\"MayanKin\"},\"image\":{\"@id\":\"https:\/\/mayankin.com\/es\/#\/schema\/logo\/image\/\"},\"sameAs\":[\"https:\/\/www.facebook.com\/MayanKinEspanol\/\",\"https:\/\/x.com\/mayankin\"]}]}<\/script>\n<!-- \/ Yoast SEO plugin. -->","yoast_head_json":{"title":"Tzolkin Lecturas de Or\u00e1culos \u2013 Nacimiento, A\u00f1o y Combinado | MayanKin","description":"Sorpr\u00e9ndete por lo preciso que es el calendario maya Tzolkin moderno al hacerte tu Or\u00e1culo de Nacimiento, Or\u00e1culo de Tr\u00e1nsito u Or\u00e1culo combinado","robots":{"index":"index","follow":"follow","max-snippet":"max-snippet:-1","max-image-preview":"max-image-preview:large","max-video-preview":"max-video-preview:-1"},"canonical":"https:\/\/mayankin.com\/es\/oraculos\/","og_locale":"es_ES","og_type":"article","og_title":"Tzolkin Lecturas de Or\u00e1culos \u2013 Nacimiento, A\u00f1o y Combinado | MayanKin","og_description":"Sorpr\u00e9ndete por lo preciso que es el calendario maya Tzolkin moderno al hacerte tu Or\u00e1culo de Nacimiento, Or\u00e1culo de Tr\u00e1nsito u Or\u00e1culo combinado","og_url":"https:\/\/mayankin.com\/es\/oraculos\/","og_site_name":"MayanKin","article_publisher":"https:\/\/www.facebook.com\/MayanKinEspanol\/","article_modified_time":"2020-05-26T04:12:18+00:00","og_image":[{"url":"https:\/\/mayankin.com\/es\/wp-content\/uploads\/2019\/11\/MarielaMaya-MayanKin-BridgingWorlds-Tzolkin-Lectura-Oraculo.png","type":"","width":"","height":""}],"twitter_card":"summary_large_image","twitter_site":"@mayankin","twitter_misc":{"Tiempo de lectura":"3 minutos"},"schema":{"@context":"https:\/\/schema.org","@graph":[{"@type":"WebPage","@id":"https:\/\/mayankin.com\/es\/oraculos\/","url":"https:\/\/mayankin.com\/es\/oraculos\/","name":"Tzolkin Lecturas de Or\u00e1culos \u2013 Nacimiento, A\u00f1o y Combinado | MayanKin","isPartOf":{"@id":"https:\/\/mayankin.com\/es\/#website"},"primaryImageOfPage":{"@id":"https:\/\/mayankin.com\/es\/oraculos\/#primaryimage"},"image":{"@id":"https:\/\/mayankin.com\/es\/oraculos\/#primaryimage"},"thumbnailUrl":"https:\/\/mayankin.com\/es\/wp-content\/uploads\/2019\/11\/MarielaMaya-MayanKin-BridgingWorlds-Tzolkin-Lectura-Oraculo.png","datePublished":"2019-08-16T00:52:53+00:00","dateModified":"2020-05-26T04:12:18+00:00","description":"Sorpr\u00e9ndete por lo preciso que es el calendario maya Tzolkin moderno al hacerte tu Or\u00e1culo de Nacimiento, Or\u00e1culo de Tr\u00e1nsito u Or\u00e1culo combinado","breadcrumb":{"@id":"https:\/\/mayankin.com\/es\/oraculos\/#breadcrumb"},"inLanguage":"es","potentialAction":[{"@type":"ReadAction","target":["https:\/\/mayankin.com\/es\/oraculos\/"]}]},{"@type":"ImageObject","inLanguage":"es","@id":"https:\/\/mayankin.com\/es\/oraculos\/#primaryimage","url":"https:\/\/mayankin.com\/es\/wp-content\/uploads\/2019\/11\/MarielaMaya-MayanKin-BridgingWorlds-Tzolkin-Lectura-Oraculo.png","contentUrl":"https:\/\/mayankin.com\/es\/wp-content\/uploads\/2019\/11\/MarielaMaya-MayanKin-BridgingWorlds-Tzolkin-Lectura-Oraculo.png","width":750,"height":750},{"@type":"BreadcrumbList","@id":"https:\/\/mayankin.com\/es\/oraculos\/#breadcrumb","itemListElement":[{"@type":"ListItem","position":1,"name":"Portada","item":"https:\/\/mayankin.com\/es\/"},{"@type":"ListItem","position":2,"name":"Lecturas de Or\u00e1culos"}]},{"@type":"WebSite","@id":"https:\/\/mayankin.com\/es\/#website","url":"https:\/\/mayankin.com\/es\/","name":"MayanKin","description":"","publisher":{"@id":"https:\/\/mayankin.com\/es\/#organization"},"potentialAction":[{"@type":"SearchAction","target":{"@type":"EntryPoint","urlTemplate":"https:\/\/mayankin.com\/es\/?s={search_term_string}"},"query-input":{"@type":"PropertyValueSpecification","valueRequired":true,"valueName":"search_term_string"}}],"inLanguage":"es"},{"@type":"Organization","@id":"https:\/\/mayankin.com\/es\/#organization","name":"MayanKin","url":"https:\/\/mayankin.com\/es\/","logo":{"@type":"ImageObject","inLanguage":"es","@id":"https:\/\/mayankin.com\/es\/#\/schema\/logo\/image\/","url":"https:\/\/mayankin.com\/es\/wp-content\/uploads\/2020\/05\/MK-Logo-Redesign.png","contentUrl":"https:\/\/mayankin.com\/es\/wp-content\/uploads\/2020\/05\/MK-Logo-Redesign.png","width":260,"height":105,"caption":"MayanKin"},"image":{"@id":"https:\/\/mayankin.com\/es\/#\/schema\/logo\/image\/"},"sameAs":["https:\/\/www.facebook.com\/MayanKinEspanol\/","https:\/\/x.com\/mayankin"]}]}},"_links":{"self":[{"href":"https:\/\/mayankin.com\/es\/wp-json\/wp\/v2\/pages\/11038","targetHints":{"allow":["GET"]}}],"collection":[{"href":"https:\/\/mayankin.com\/es\/wp-json\/wp\/v2\/pages"}],"about":[{"href":"https:\/\/mayankin.com\/es\/wp-json\/wp\/v2\/types\/page"}],"author":[{"embeddable":true,"href":"https:\/\/mayankin.com\/es\/wp-json\/wp\/v2\/users\/4"}],"replies":[{"embeddable":true,"href":"https:\/\/mayankin.com\/es\/wp-json\/wp\/v2\/comments?post=11038"}],"version-history":[{"count":33,"href":"https:\/\/mayankin.com\/es\/wp-json\/wp\/v2\/pages\/11038\/revisions"}],"predecessor-version":[{"id":12772,"href":"https:\/\/mayankin.com\/es\/wp-json\/wp\/v2\/pages\/11038\/revisions\/12772"}],"wp:attachment":[{"href":"https:\/\/mayankin.com\/es\/wp-json\/wp\/v2\/media?parent=11038"}],"curies":[{"name":"wp","href":"https:\/\/api.w.org\/{rel}","templated":true}]}}