{"id":11,"date":"2012-11-20T20:40:01","date_gmt":"2012-11-20T20:40:01","guid":{"rendered":"https:\/\/mayankin.com\/es\/?page_id=11"},"modified":"2020-05-25T21:10:21","modified_gmt":"2020-05-26T04:10:21","slug":"lecturas","status":"publish","type":"page","link":"https:\/\/mayankin.com\/es\/lecturas\/","title":{"rendered":"Tipos de Lecturas"},"content":{"rendered":"\n<p> Lista\/o para experimentar la belleza del Tzolkin por ti misma\/o? Ofrezco cuatro tipos de lecturas seg\u00fan tus intenciones y lo que necesites en este momento. Puedes comenzar con una de las lecturas y, cuando sientas que quieras continuar, tener una diferente. O bien, puedes agendar el <a href=\"https:\/\/mayankin.com\/es\/programa\/\">Programa<\/a> con anticipaci\u00f3n para tener todas las lecturas a lo largo de cinco sesiones, programadas en un marco de tiempo que funcione para ti. <\/p>\n\n\n\n<p>Ya sea que est\u00e9s interesada\/o en autoayuda y desarrollo personal, o tambi\u00e9n deseas aprender m\u00e1s sobre el Tzolkin como herramienta para poder usarlo con otros, cualquiera de las lecturas se comparte de manera simple y pr\u00e1ctica para que puedas aplicarlo en tu vida diaria de inmediato y de la forma que lo desees.<\/p>\n\n\n\n<p>Cuando eres nueva\/o en el Tzolkin, quiz\u00e1 quieras comenzar con tu <a href=\"https:\/\/mayankin.com\/es\/oraculos\/\">Or\u00e1culo de Nacimiento<\/a>, ya que es la base, tu esencia, y te provee de informaci\u00f3n valiosa sobre tu prop\u00f3sito de vida y lo que est\u00e1s aqu\u00ed para aprender. Hay otros dos tipos de or\u00e1culo, el Or\u00e1culo de Tr\u00e1nsito que se refiere a qu\u00e9 enfocarse durante un a\u00f1o espec\u00edfico y el Or\u00e1culo Combinado entre dos o m\u00e1s personas.<\/p>\n\n\n\n<p>La <a href=\"https:\/\/mayankin.com\/es\/onda-encantada\/\">Onda Encantada de Nacimiento<\/a> es un per\u00edodo de 13 d\u00edas considerado como la \"semana\" en la que naciste. El primer d\u00eda se refiere a tu Prop\u00f3sito de Vida y cada uno de los otros d\u00edas o Kines tiene un mensaje importante para ti relacionado con la forma en la cual logras cosas en tu vida. Como herramienta, proporciona una gu\u00eda clara con 13 pasos para manifestar lo que quieras.<\/p>\n\n\n\n<p>Al cumplir los 52 a\u00f1os, el patr\u00f3n energ\u00e9tico se repite por primera vez desde nacimiento. Al mapa de 52 a\u00f1os se lo conoce como el <a href=\"https:\/\/mayankin.com\/es\/castillo-del-destino\/\">Castillo del Destino<\/a> y sirve como una excelente hoja de ruta para identificar viejos patrones a transformar y para planificar el futuro. Esta es la lectura m\u00e1s completa de todas y es posible que quieras agendar una sesi\u00f3n de seguimiento para continuar trabajando despu\u00e9s en lo que aparezca.<\/p>\n\n\n\n<p> Y, finalmente, la <a href=\"https:\/\/mayankin.com\/es\/rueda-medicinal\/\">Rueda Medicinal<\/a> es una integraci\u00f3n de las cuatro direcciones o aspectos del ser en combinaci\u00f3n con el Tzolkin. En este caso, se recomienda tener tu Onda Encantada de Nacimiento primero. <\/p>\n\n\n\n<p> Puedes cliquear en las siguientes im\u00e1genes para leer sobre cada lectura en particular. Si no sabes cu\u00e1l es la mejor para ti en este momento, env\u00edame un breve <a href=\"mailto:mariela@mayankin.com\">email<\/a> con lo que est\u00e1s necesitando y te orientar\u00e9 para que puedas elegir. <\/p>\n\n\n\n<figure class=\"wp-block-image size-large readings-tiles\"><a href=\"https:\/\/mayankin.com\/es\/oraculos\/\"><img loading=\"lazy\" decoding=\"async\" width=\"500\" height=\"675\" src=\"https:\/\/mayankin.com\/es\/wp-content\/uploads\/2019\/11\/MarielaMaya-MayanKin-BridgingWorlds-Tzolkin-Lectura-de-Oraculo-Tile-FIF.png\" alt=\"\" class=\"wp-image-12452\" srcset=\"https:\/\/mayankin.com\/es\/wp-content\/uploads\/2019\/11\/MarielaMaya-MayanKin-BridgingWorlds-Tzolkin-Lectura-de-Oraculo-Tile-FIF.png 500w, https:\/\/mayankin.com\/es\/wp-content\/uploads\/2019\/11\/MarielaMaya-MayanKin-BridgingWorlds-Tzolkin-Lectura-de-Oraculo-Tile-FIF-222x300.png 222w\" sizes=\"auto, (max-width: 500px) 100vw, 500px\" \/><\/a><\/figure>\n\n\n\n<figure class=\"wp-block-image size-large readings-tiles\"><a href=\"https:\/\/mayankin.com\/es\/onda-encantada\/\"><img loading=\"lazy\" decoding=\"async\" width=\"500\" height=\"675\" src=\"https:\/\/mayankin.com\/es\/wp-content\/uploads\/2019\/11\/MarielaMaya-MayanKin-BridgingWorlds-Tzolkin-Onda-Encantada-de-Nacimiento-Tile-FIF.png\" alt=\"\" class=\"wp-image-12453\" srcset=\"https:\/\/mayankin.com\/es\/wp-content\/uploads\/2019\/11\/MarielaMaya-MayanKin-BridgingWorlds-Tzolkin-Onda-Encantada-de-Nacimiento-Tile-FIF.png 500w, https:\/\/mayankin.com\/es\/wp-content\/uploads\/2019\/11\/MarielaMaya-MayanKin-BridgingWorlds-Tzolkin-Onda-Encantada-de-Nacimiento-Tile-FIF-222x300.png 222w\" sizes=\"auto, (max-width: 500px) 100vw, 500px\" \/><\/a><\/figure>\n\n\n\n<figure class=\"wp-block-image size-large readings-tiles\"><a href=\"https:\/\/mayankin.com\/es\/castillo-del-destino\/\"><img loading=\"lazy\" decoding=\"async\" width=\"500\" height=\"675\" src=\"https:\/\/mayankin.com\/es\/wp-content\/uploads\/2020\/04\/MarielaMaya-MayanKin-BridgingWorlds-Tzolkin-Castillo-de-Destino-F.png\" alt=\"\" class=\"wp-image-12908\" srcset=\"https:\/\/mayankin.com\/es\/wp-content\/uploads\/2020\/04\/MarielaMaya-MayanKin-BridgingWorlds-Tzolkin-Castillo-de-Destino-F.png 500w, https:\/\/mayankin.com\/es\/wp-content\/uploads\/2020\/04\/MarielaMaya-MayanKin-BridgingWorlds-Tzolkin-Castillo-de-Destino-F-222x300.png 222w\" sizes=\"auto, (max-width: 500px) 100vw, 500px\" \/><\/a><\/figure>\n\n\n\n<figure class=\"wp-block-image size-large readings-tiles\"><a href=\"https:\/\/mayankin.com\/es\/rueda-medicinal\/\"><img loading=\"lazy\" decoding=\"async\" width=\"500\" height=\"675\" src=\"https:\/\/mayankin.com\/es\/wp-content\/uploads\/2019\/11\/MarielaMaya-MayanKin-BridgingWorlds-Tzolkin-Rueda-Medicinal-Tile-FIF.png\" alt=\"\" class=\"wp-image-12455\" srcset=\"https:\/\/mayankin.com\/es\/wp-content\/uploads\/2019\/11\/MarielaMaya-MayanKin-BridgingWorlds-Tzolkin-Rueda-Medicinal-Tile-FIF.png 500w, https:\/\/mayankin.com\/es\/wp-content\/uploads\/2019\/11\/MarielaMaya-MayanKin-BridgingWorlds-Tzolkin-Rueda-Medicinal-Tile-FIF-222x300.png 222w\" sizes=\"auto, (max-width: 500px) 100vw, 500px\" \/><\/a><\/figure>\n\n\n\n<figure class=\"wp-block-image size-large readings-tiles\"><a href=\"https:\/\/mayankin.com\/es\/programa\/\"><img loading=\"lazy\" decoding=\"async\" width=\"500\" height=\"675\" src=\"https:\/\/mayankin.com\/es\/wp-content\/uploads\/2019\/11\/MarielaMaya-MayanKin-BridgingWorlds-Tzolkin-Programa-Integral-Tile-FIF.png\" alt=\"\" class=\"wp-image-12456\" srcset=\"https:\/\/mayankin.com\/es\/wp-content\/uploads\/2019\/11\/MarielaMaya-MayanKin-BridgingWorlds-Tzolkin-Programa-Integral-Tile-FIF.png 500w, https:\/\/mayankin.com\/es\/wp-content\/uploads\/2019\/11\/MarielaMaya-MayanKin-BridgingWorlds-Tzolkin-Programa-Integral-Tile-FIF-222x300.png 222w\" sizes=\"auto, (max-width: 500px) 100vw, 500px\" \/><\/a><\/figure>\n\n\n\n<h4 class=\"internal-links wp-block-heading\"><a href=\"https:\/\/mayankin.com\/es\/product-category\/sesiones\/\">C\u00f3mo Agendo una Lectura? <\/a><\/h4>\n\n\n\n<h4 class=\"internal-links wp-block-heading\"><a href=\"https:\/\/mayankin.com\/es\/sesiones\/\">Qu\u00e9 tipo de Sesiones ofreces?<\/a><\/h4>\n","protected":false},"excerpt":{"rendered":"<p>Lista\/o para experimentar la belleza del Tzolkin por ti misma\/o? Ofrezco cuatro tipos de lecturas seg\u00fan tus intenciones y lo que necesites en este momento. Puedes comenzar con una de las lecturas y, cuando sientas que quieras continuar, tener una diferente. O bien, puedes agendar el Programa con anticipaci\u00f3n para tener todas las lecturas a [&hellip;]<\/p>\n","protected":false},"author":4,"featured_media":0,"parent":0,"menu_order":0,"comment_status":"closed","ping_status":"closed","template":"","meta":{"_monsterinsights_skip_tracking":false,"_monsterinsights_sitenote_active":false,"_monsterinsights_sitenote_note":"","_monsterinsights_sitenote_category":0,"_genesis_hide_title":false,"_genesis_hide_breadcrumbs":false,"_genesis_hide_singular_image":false,"_genesis_hide_footer_widgets":false,"_genesis_custom_body_class":"services","_genesis_custom_post_class":"","_genesis_layout":"","footnotes":""},"class_list":{"0":"post-11","1":"page","2":"type-page","3":"status-publish","5":"entry","6":"has-post-thumbnail"},"yoast_head":"<!-- This site is optimized with the Yoast SEO plugin v26.6 - https:\/\/yoast.com\/wordpress\/plugins\/seo\/ -->\n<title>Tzolkin Lecturas del Empoderamiento y Crecimiento Personal | MayanKin<\/title>\n<meta name=\"description\" content=\"Conoce los diferentes tipos de lecturas basadas en el calendario maya Tzolkin moderno y ve cu\u00e1l es para ti! Deja guiarte hacia nuevas direcciones\" \/>\n<meta name=\"robots\" content=\"index, follow, max-snippet:-1, max-image-preview:large, max-video-preview:-1\" \/>\n<link rel=\"canonical\" href=\"https:\/\/mayankin.com\/es\/lecturas\/\" \/>\n<meta property=\"og:locale\" content=\"es_ES\" \/>\n<meta property=\"og:type\" content=\"article\" \/>\n<meta property=\"og:title\" content=\"Tzolkin Lecturas del Empoderamiento y Crecimiento Personal | MayanKin\" \/>\n<meta property=\"og:description\" content=\"Conoce los diferentes tipos de lecturas basadas en el calendario maya Tzolkin moderno y ve cu\u00e1l es para ti! Deja guiarte hacia nuevas direcciones\" \/>\n<meta property=\"og:url\" content=\"https:\/\/mayankin.com\/es\/lecturas\/\" \/>\n<meta property=\"og:site_name\" content=\"MayanKin\" \/>\n<meta property=\"article:publisher\" content=\"https:\/\/www.facebook.com\/MayanKinEspanol\/\" \/>\n<meta property=\"article:modified_time\" content=\"2020-05-26T04:10:21+00:00\" \/>\n<meta property=\"og:image\" content=\"https:\/\/mayankin.com\/es\/wp-content\/uploads\/2019\/11\/MarielaMaya-MayanKin-BridgingWorlds-Tzolkin-Lectura-de-Oraculo-Tile-FIF.png\" \/>\n<meta name=\"twitter:card\" content=\"summary_large_image\" \/>\n<meta name=\"twitter:site\" content=\"@mayankin\" \/>\n<meta name=\"twitter:label1\" content=\"Tiempo de lectura\" \/>\n\t<meta name=\"twitter:data1\" content=\"2 minutos\" \/>\n<script type=\"application\/ld+json\" class=\"yoast-schema-graph\">{\"@context\":\"https:\/\/schema.org\",\"@graph\":[{\"@type\":\"WebPage\",\"@id\":\"https:\/\/mayankin.com\/es\/lecturas\/\",\"url\":\"https:\/\/mayankin.com\/es\/lecturas\/\",\"name\":\"Tzolkin Lecturas del Empoderamiento y Crecimiento Personal | MayanKin\",\"isPartOf\":{\"@id\":\"https:\/\/mayankin.com\/es\/#website\"},\"primaryImageOfPage\":{\"@id\":\"https:\/\/mayankin.com\/es\/lecturas\/#primaryimage\"},\"image\":{\"@id\":\"https:\/\/mayankin.com\/es\/lecturas\/#primaryimage\"},\"thumbnailUrl\":\"https:\/\/mayankin.com\/es\/wp-content\/uploads\/2019\/11\/MarielaMaya-MayanKin-BridgingWorlds-Tzolkin-Lectura-de-Oraculo-Tile-FIF.png\",\"datePublished\":\"2012-11-20T20:40:01+00:00\",\"dateModified\":\"2020-05-26T04:10:21+00:00\",\"description\":\"Conoce los diferentes tipos de lecturas basadas en el calendario maya Tzolkin moderno y ve cu\u00e1l es para ti! Deja guiarte hacia nuevas direcciones\",\"breadcrumb\":{\"@id\":\"https:\/\/mayankin.com\/es\/lecturas\/#breadcrumb\"},\"inLanguage\":\"es\",\"potentialAction\":[{\"@type\":\"ReadAction\",\"target\":[\"https:\/\/mayankin.com\/es\/lecturas\/\"]}]},{\"@type\":\"ImageObject\",\"inLanguage\":\"es\",\"@id\":\"https:\/\/mayankin.com\/es\/lecturas\/#primaryimage\",\"url\":\"https:\/\/mayankin.com\/es\/wp-content\/uploads\/2019\/11\/MarielaMaya-MayanKin-BridgingWorlds-Tzolkin-Lectura-de-Oraculo-Tile-FIF.png\",\"contentUrl\":\"https:\/\/mayankin.com\/es\/wp-content\/uploads\/2019\/11\/MarielaMaya-MayanKin-BridgingWorlds-Tzolkin-Lectura-de-Oraculo-Tile-FIF.png\",\"width\":500,\"height\":675},{\"@type\":\"BreadcrumbList\",\"@id\":\"https:\/\/mayankin.com\/es\/lecturas\/#breadcrumb\",\"itemListElement\":[{\"@type\":\"ListItem\",\"position\":1,\"name\":\"Portada\",\"item\":\"https:\/\/mayankin.com\/es\/\"},{\"@type\":\"ListItem\",\"position\":2,\"name\":\"Tipos de Lecturas\"}]},{\"@type\":\"WebSite\",\"@id\":\"https:\/\/mayankin.com\/es\/#website\",\"url\":\"https:\/\/mayankin.com\/es\/\",\"name\":\"MayanKin\",\"description\":\"\",\"publisher\":{\"@id\":\"https:\/\/mayankin.com\/es\/#organization\"},\"potentialAction\":[{\"@type\":\"SearchAction\",\"target\":{\"@type\":\"EntryPoint\",\"urlTemplate\":\"https:\/\/mayankin.com\/es\/?s={search_term_string}\"},\"query-input\":{\"@type\":\"PropertyValueSpecification\",\"valueRequired\":true,\"valueName\":\"search_term_string\"}}],\"inLanguage\":\"es\"},{\"@type\":\"Organization\",\"@id\":\"https:\/\/mayankin.com\/es\/#organization\",\"name\":\"MayanKin\",\"url\":\"https:\/\/mayankin.com\/es\/\",\"logo\":{\"@type\":\"ImageObject\",\"inLanguage\":\"es\",\"@id\":\"https:\/\/mayankin.com\/es\/#\/schema\/logo\/image\/\",\"url\":\"https:\/\/mayankin.com\/es\/wp-content\/uploads\/2020\/05\/MK-Logo-Redesign.png\",\"contentUrl\":\"https:\/\/mayankin.com\/es\/wp-content\/uploads\/2020\/05\/MK-Logo-Redesign.png\",\"width\":260,\"height\":105,\"caption\":\"MayanKin\"},\"image\":{\"@id\":\"https:\/\/mayankin.com\/es\/#\/schema\/logo\/image\/\"},\"sameAs\":[\"https:\/\/www.facebook.com\/MayanKinEspanol\/\",\"https:\/\/x.com\/mayankin\"]}]}<\/script>\n<!-- \/ Yoast SEO plugin. -->","yoast_head_json":{"title":"Tzolkin Lecturas del Empoderamiento y Crecimiento Personal | MayanKin","description":"Conoce los diferentes tipos de lecturas basadas en el calendario maya Tzolkin moderno y ve cu\u00e1l es para ti! Deja guiarte hacia nuevas direcciones","robots":{"index":"index","follow":"follow","max-snippet":"max-snippet:-1","max-image-preview":"max-image-preview:large","max-video-preview":"max-video-preview:-1"},"canonical":"https:\/\/mayankin.com\/es\/lecturas\/","og_locale":"es_ES","og_type":"article","og_title":"Tzolkin Lecturas del Empoderamiento y Crecimiento Personal | MayanKin","og_description":"Conoce los diferentes tipos de lecturas basadas en el calendario maya Tzolkin moderno y ve cu\u00e1l es para ti! Deja guiarte hacia nuevas direcciones","og_url":"https:\/\/mayankin.com\/es\/lecturas\/","og_site_name":"MayanKin","article_publisher":"https:\/\/www.facebook.com\/MayanKinEspanol\/","article_modified_time":"2020-05-26T04:10:21+00:00","og_image":[{"url":"https:\/\/mayankin.com\/es\/wp-content\/uploads\/2019\/11\/MarielaMaya-MayanKin-BridgingWorlds-Tzolkin-Lectura-de-Oraculo-Tile-FIF.png","type":"","width":"","height":""}],"twitter_card":"summary_large_image","twitter_site":"@mayankin","twitter_misc":{"Tiempo de lectura":"2 minutos"},"schema":{"@context":"https:\/\/schema.org","@graph":[{"@type":"WebPage","@id":"https:\/\/mayankin.com\/es\/lecturas\/","url":"https:\/\/mayankin.com\/es\/lecturas\/","name":"Tzolkin Lecturas del Empoderamiento y Crecimiento Personal | MayanKin","isPartOf":{"@id":"https:\/\/mayankin.com\/es\/#website"},"primaryImageOfPage":{"@id":"https:\/\/mayankin.com\/es\/lecturas\/#primaryimage"},"image":{"@id":"https:\/\/mayankin.com\/es\/lecturas\/#primaryimage"},"thumbnailUrl":"https:\/\/mayankin.com\/es\/wp-content\/uploads\/2019\/11\/MarielaMaya-MayanKin-BridgingWorlds-Tzolkin-Lectura-de-Oraculo-Tile-FIF.png","datePublished":"2012-11-20T20:40:01+00:00","dateModified":"2020-05-26T04:10:21+00:00","description":"Conoce los diferentes tipos de lecturas basadas en el calendario maya Tzolkin moderno y ve cu\u00e1l es para ti! Deja guiarte hacia nuevas direcciones","breadcrumb":{"@id":"https:\/\/mayankin.com\/es\/lecturas\/#breadcrumb"},"inLanguage":"es","potentialAction":[{"@type":"ReadAction","target":["https:\/\/mayankin.com\/es\/lecturas\/"]}]},{"@type":"ImageObject","inLanguage":"es","@id":"https:\/\/mayankin.com\/es\/lecturas\/#primaryimage","url":"https:\/\/mayankin.com\/es\/wp-content\/uploads\/2019\/11\/MarielaMaya-MayanKin-BridgingWorlds-Tzolkin-Lectura-de-Oraculo-Tile-FIF.png","contentUrl":"https:\/\/mayankin.com\/es\/wp-content\/uploads\/2019\/11\/MarielaMaya-MayanKin-BridgingWorlds-Tzolkin-Lectura-de-Oraculo-Tile-FIF.png","width":500,"height":675},{"@type":"BreadcrumbList","@id":"https:\/\/mayankin.com\/es\/lecturas\/#breadcrumb","itemListElement":[{"@type":"ListItem","position":1,"name":"Portada","item":"https:\/\/mayankin.com\/es\/"},{"@type":"ListItem","position":2,"name":"Tipos de Lecturas"}]},{"@type":"WebSite","@id":"https:\/\/mayankin.com\/es\/#website","url":"https:\/\/mayankin.com\/es\/","name":"MayanKin","description":"","publisher":{"@id":"https:\/\/mayankin.com\/es\/#organization"},"potentialAction":[{"@type":"SearchAction","target":{"@type":"EntryPoint","urlTemplate":"https:\/\/mayankin.com\/es\/?s={search_term_string}"},"query-input":{"@type":"PropertyValueSpecification","valueRequired":true,"valueName":"search_term_string"}}],"inLanguage":"es"},{"@type":"Organization","@id":"https:\/\/mayankin.com\/es\/#organization","name":"MayanKin","url":"https:\/\/mayankin.com\/es\/","logo":{"@type":"ImageObject","inLanguage":"es","@id":"https:\/\/mayankin.com\/es\/#\/schema\/logo\/image\/","url":"https:\/\/mayankin.com\/es\/wp-content\/uploads\/2020\/05\/MK-Logo-Redesign.png","contentUrl":"https:\/\/mayankin.com\/es\/wp-content\/uploads\/2020\/05\/MK-Logo-Redesign.png","width":260,"height":105,"caption":"MayanKin"},"image":{"@id":"https:\/\/mayankin.com\/es\/#\/schema\/logo\/image\/"},"sameAs":["https:\/\/www.facebook.com\/MayanKinEspanol\/","https:\/\/x.com\/mayankin"]}]}},"_links":{"self":[{"href":"https:\/\/mayankin.com\/es\/wp-json\/wp\/v2\/pages\/11","targetHints":{"allow":["GET"]}}],"collection":[{"href":"https:\/\/mayankin.com\/es\/wp-json\/wp\/v2\/pages"}],"about":[{"href":"https:\/\/mayankin.com\/es\/wp-json\/wp\/v2\/types\/page"}],"author":[{"embeddable":true,"href":"https:\/\/mayankin.com\/es\/wp-json\/wp\/v2\/users\/4"}],"replies":[{"embeddable":true,"href":"https:\/\/mayankin.com\/es\/wp-json\/wp\/v2\/comments?post=11"}],"version-history":[{"count":97,"href":"https:\/\/mayankin.com\/es\/wp-json\/wp\/v2\/pages\/11\/revisions"}],"predecessor-version":[{"id":12909,"href":"https:\/\/mayankin.com\/es\/wp-json\/wp\/v2\/pages\/11\/revisions\/12909"}],"wp:attachment":[{"href":"https:\/\/mayankin.com\/es\/wp-json\/wp\/v2\/media?parent=11"}],"curies":[{"name":"wp","href":"https:\/\/api.w.org\/{rel}","templated":true}]}}