{"id":10979,"date":"2019-08-11T04:49:46","date_gmt":"2019-08-11T04:49:46","guid":{"rendered":"https:\/\/mayankin.com\/es\/?page_id=10979"},"modified":"2020-05-26T21:35:04","modified_gmt":"2020-05-27T04:35:04","slug":"envio-devoluciones-intercambios","status":"publish","type":"page","link":"https:\/\/mayankin.com\/es\/envio-devoluciones-intercambios\/","title":{"rendered":"Env\u00edo \/ Devoluciones \/ Intercambios"},"content":{"rendered":"\n<h3 class=\"wp-block-heading\">ENV\u00cdO<\/h3>\n\n\n\n<p>Los art\u00edculos generalmente se env\u00edan desde nuestro almac\u00e9n dentro de 2 d\u00edas h\u00e1biles (de lunes a viernes). Si se realiza un pedido el viernes, s\u00e1bado o domingo, se enviar\u00e1 el lunes de la semana siguiente.<\/p>\n\n\n\n<p>Todos los precios de env\u00edo se basan en el peso total de env\u00edo de tu pedido. Actualmente ofrecemos tarifas de env\u00edo de hasta un peso total de env\u00edo de 4 lb (1.8 kg). Si planeas pedir una gran cantidad de art\u00edculos, cont\u00e1ctenos en contact@mayankin.com para que podamos encontrar el m\u00e9todo de env\u00edo m\u00e1s econ\u00f3mico antes de realizar el pedido.<\/p>\n\n\n\n<p>M\u00c9TODOS DE ENV\u00cdO<\/p>\n\n\n\n<p>EE. UU. (Nacional)<\/p>\n\n\n\n<p>Nos esforzamos por ofrecer los medios de env\u00edo m\u00e1s econ\u00f3micos. Seg\u00fan el peso y el volumen de tu pedido, ofrecemos los siguientes m\u00e9todos (todas las estimaciones de entrega son desde el momento en que tu pedido sale de nuestro almac\u00e9n):<\/p>\n\n\n\n<ul class=\"wp-block-list\"><li>B\u00e1sico: entrega generalmente dentro de 10 d\u00edas h\u00e1biles \/ sin seguimiento disponible \/ sin seguro disponible<\/li><li>Est\u00e1ndar: entrega generalmente dentro de 5 d\u00edas h\u00e1biles \/ con seguimiento \/ sin seguro disponible<\/li><li>Prioridad: entrega generalmente dentro de 3 d\u00edas h\u00e1biles \/ con seguimiento \/ seguro de $100<\/li><\/ul>\n\n\n\n<p>INTERNACIONAL<\/p>\n\n\n\n<p>Para mantener las tarifas de env\u00edo lo m\u00e1s bajas posible, hemos decidido ofrecer solo el env\u00edo est\u00e1ndar para todos los pedidos fuera de los EE. UU.<\/p>\n\n\n\n<ul class=\"wp-block-list\"><li>Est\u00e1ndar (hasta 4 lb \/ 1.8 kg de peso total de env\u00edo): dependiendo de la ubicaci\u00f3n de entrega, permite entre 7 y 15 d\u00edas h\u00e1biles para la entrega desde el momento en que tu pedido sale de nuestro almac\u00e9n \/ con seguimiento \/ sin seguro disponible<\/li><\/ul>\n\n\n\n<p>Ten en cuenta que el servicio de env\u00edo internacional de USPS que utilizamos es el Entregada Derechos No Pagados (<em>DDU \u2013 Delivery Duty Unpaid<\/em>), por lo que todos los aranceles e impuestos, si corresponde, son responsabilidad del destinatario. Consulta con tu oficina de aduanas local para determinar si se aplican aranceles o impuestos.<\/p>\n\n\n\n<h3 class=\"wp-block-heading\">DEVOLUCIONES<\/h3>\n\n\n\n<p>Tienes 30 d\u00edas para devolver un art\u00edculo desde la fecha en que lo recibiste.<\/p>\n\n\n\n<p>Para ser elegible para una devoluci\u00f3n, tu art\u00edculo debe estar sin usar y en la misma condici\u00f3n en que lo recibiste.<\/p>\n\n\n\n<p>Tu art\u00edculo debe estar en el embalaje original.<\/p>\n\n\n\n<p>Para completar tu devoluci\u00f3n, requerimos un recibo o comprobante de compra.<\/p>\n\n\n\n<p>Para devolver tu art\u00edculo, debe enviarlo a:<\/p>\n\n\n\n<p>MayanKin<\/p>\n\n\n\n<p>2675 West SR 89A # 1140<\/p>\n\n\n\n<p>Sedona, AZ 86336<\/p>\n\n\n\n<p>Estados Unidos Ser\u00e1s responsable de pagar tus propios costos de env\u00edo para devolver tu art\u00edculo.<\/p>\n\n\n\n<p>REEMBOLSOS<\/p>\n\n\n\n<p>Una vez que recibamos tu art\u00edculo, lo inspeccionaremos y te notificaremos que hemos recibido tu art\u00edculo devuelto.<\/p>\n\n\n\n<p>Te notificaremos de inmediato sobre el estado de tu reembolso despu\u00e9s de inspeccionar el art\u00edculo.<\/p>\n\n\n\n<p>Si se aprueba tu devoluci\u00f3n, iniciaremos un reembolso a tu tarjeta de cr\u00e9dito (o m\u00e9todo de pago original). Recibir\u00e1s el cr\u00e9dito dentro de una cierta cantidad de d\u00edas, dependiendo de las pol\u00edticas del emisor de tu tarjeta.<\/p>\n\n\n\n<h3 class=\"wp-block-heading\">INTERCAMBIOS<\/h3>\n\n\n\n<p>Solo reemplazamos los art\u00edculos si est\u00e1n defectuosos o da\u00f1ados. Env\u00edanos una foto de los art\u00edculos da\u00f1ados por correo electr\u00f3nico a contact@mayankin.com. Luego te enviaremos un reemplazo, si es posible. Si no es posible un intercambio, emitiremos un reembolso, si corresponde.<\/p>\n\n\n\n<p>Dependiendo de d\u00f3nde vivas, el tiempo que le tome llegar a tu producto intercambiado puede variar.<\/p>\n\n\n\n<p><em>Los t\u00e9rminos en esta p\u00e1gina son una traducci\u00f3n de \"<a rel=\"noreferrer noopener\" href=\"https:\/\/mayankin.com\/shipping-returns-exchanges\/\" target=\"_blank\">Shipping \/ Returns \/ Exchanges<\/a>\", los cuales son aplicables en su versi\u00f3n original.<\/em><\/p>\n","protected":false},"excerpt":{"rendered":"<p>ENV\u00cdO Los art\u00edculos generalmente se env\u00edan desde nuestro almac\u00e9n dentro de 2 d\u00edas h\u00e1biles (de lunes a viernes). Si se realiza un pedido el viernes, s\u00e1bado o domingo, se enviar\u00e1 el lunes de la semana siguiente. Todos los precios de env\u00edo se basan en el peso total de env\u00edo de tu pedido. Actualmente ofrecemos tarifas [&hellip;]<\/p>\n","protected":false},"author":4,"featured_media":0,"parent":0,"menu_order":0,"comment_status":"closed","ping_status":"closed","template":"","meta":{"_monsterinsights_skip_tracking":false,"_monsterinsights_sitenote_active":false,"_monsterinsights_sitenote_note":"","_monsterinsights_sitenote_category":0,"_genesis_hide_title":false,"_genesis_hide_breadcrumbs":false,"_genesis_hide_singular_image":false,"_genesis_hide_footer_widgets":false,"_genesis_custom_body_class":"tosppsre","_genesis_custom_post_class":"","_genesis_layout":"","footnotes":""},"class_list":{"0":"post-10979","1":"page","2":"type-page","3":"status-publish","5":"entry"},"yoast_head":"<!-- This site is optimized with the Yoast SEO plugin v26.6 - https:\/\/yoast.com\/wordpress\/plugins\/seo\/ -->\n<title>Env\u00edo \/ Devoluciones \/ Intercambios - MayanKin<\/title>\n<meta name=\"robots\" content=\"index, follow, max-snippet:-1, max-image-preview:large, max-video-preview:-1\" \/>\n<link rel=\"canonical\" href=\"https:\/\/mayankin.com\/es\/envio-devoluciones-intercambios\/\" \/>\n<meta property=\"og:locale\" content=\"es_ES\" \/>\n<meta property=\"og:type\" content=\"article\" \/>\n<meta property=\"og:title\" content=\"Env\u00edo \/ Devoluciones \/ Intercambios - MayanKin\" \/>\n<meta property=\"og:description\" content=\"ENV\u00cdO Los art\u00edculos generalmente se env\u00edan desde nuestro almac\u00e9n dentro de 2 d\u00edas h\u00e1biles (de lunes a viernes). Si se realiza un pedido el viernes, s\u00e1bado o domingo, se enviar\u00e1 el lunes de la semana siguiente. Todos los precios de env\u00edo se basan en el peso total de env\u00edo de tu pedido. Actualmente ofrecemos tarifas [&hellip;]\" \/>\n<meta property=\"og:url\" content=\"https:\/\/mayankin.com\/es\/envio-devoluciones-intercambios\/\" \/>\n<meta property=\"og:site_name\" content=\"MayanKin\" \/>\n<meta property=\"article:publisher\" content=\"https:\/\/www.facebook.com\/MayanKinEspanol\/\" \/>\n<meta property=\"article:modified_time\" content=\"2020-05-27T04:35:04+00:00\" \/>\n<meta name=\"twitter:card\" content=\"summary_large_image\" \/>\n<meta name=\"twitter:site\" content=\"@mayankin\" \/>\n<meta name=\"twitter:label1\" content=\"Tiempo de lectura\" \/>\n\t<meta name=\"twitter:data1\" content=\"3 minutos\" \/>\n<script type=\"application\/ld+json\" class=\"yoast-schema-graph\">{\"@context\":\"https:\/\/schema.org\",\"@graph\":[{\"@type\":\"WebPage\",\"@id\":\"https:\/\/mayankin.com\/es\/envio-devoluciones-intercambios\/\",\"url\":\"https:\/\/mayankin.com\/es\/envio-devoluciones-intercambios\/\",\"name\":\"Env\u00edo \/ Devoluciones \/ Intercambios - MayanKin\",\"isPartOf\":{\"@id\":\"https:\/\/mayankin.com\/es\/#website\"},\"datePublished\":\"2019-08-11T04:49:46+00:00\",\"dateModified\":\"2020-05-27T04:35:04+00:00\",\"breadcrumb\":{\"@id\":\"https:\/\/mayankin.com\/es\/envio-devoluciones-intercambios\/#breadcrumb\"},\"inLanguage\":\"es\",\"potentialAction\":[{\"@type\":\"ReadAction\",\"target\":[\"https:\/\/mayankin.com\/es\/envio-devoluciones-intercambios\/\"]}]},{\"@type\":\"BreadcrumbList\",\"@id\":\"https:\/\/mayankin.com\/es\/envio-devoluciones-intercambios\/#breadcrumb\",\"itemListElement\":[{\"@type\":\"ListItem\",\"position\":1,\"name\":\"Portada\",\"item\":\"https:\/\/mayankin.com\/es\/\"},{\"@type\":\"ListItem\",\"position\":2,\"name\":\"Env\u00edo \/ Devoluciones \/ Intercambios\"}]},{\"@type\":\"WebSite\",\"@id\":\"https:\/\/mayankin.com\/es\/#website\",\"url\":\"https:\/\/mayankin.com\/es\/\",\"name\":\"MayanKin\",\"description\":\"\",\"publisher\":{\"@id\":\"https:\/\/mayankin.com\/es\/#organization\"},\"potentialAction\":[{\"@type\":\"SearchAction\",\"target\":{\"@type\":\"EntryPoint\",\"urlTemplate\":\"https:\/\/mayankin.com\/es\/?s={search_term_string}\"},\"query-input\":{\"@type\":\"PropertyValueSpecification\",\"valueRequired\":true,\"valueName\":\"search_term_string\"}}],\"inLanguage\":\"es\"},{\"@type\":\"Organization\",\"@id\":\"https:\/\/mayankin.com\/es\/#organization\",\"name\":\"MayanKin\",\"url\":\"https:\/\/mayankin.com\/es\/\",\"logo\":{\"@type\":\"ImageObject\",\"inLanguage\":\"es\",\"@id\":\"https:\/\/mayankin.com\/es\/#\/schema\/logo\/image\/\",\"url\":\"https:\/\/mayankin.com\/es\/wp-content\/uploads\/2020\/05\/MK-Logo-Redesign.png\",\"contentUrl\":\"https:\/\/mayankin.com\/es\/wp-content\/uploads\/2020\/05\/MK-Logo-Redesign.png\",\"width\":260,\"height\":105,\"caption\":\"MayanKin\"},\"image\":{\"@id\":\"https:\/\/mayankin.com\/es\/#\/schema\/logo\/image\/\"},\"sameAs\":[\"https:\/\/www.facebook.com\/MayanKinEspanol\/\",\"https:\/\/x.com\/mayankin\"]}]}<\/script>\n<!-- \/ Yoast SEO plugin. -->","yoast_head_json":{"title":"Env\u00edo \/ Devoluciones \/ Intercambios - MayanKin","robots":{"index":"index","follow":"follow","max-snippet":"max-snippet:-1","max-image-preview":"max-image-preview:large","max-video-preview":"max-video-preview:-1"},"canonical":"https:\/\/mayankin.com\/es\/envio-devoluciones-intercambios\/","og_locale":"es_ES","og_type":"article","og_title":"Env\u00edo \/ Devoluciones \/ Intercambios - MayanKin","og_description":"ENV\u00cdO Los art\u00edculos generalmente se env\u00edan desde nuestro almac\u00e9n dentro de 2 d\u00edas h\u00e1biles (de lunes a viernes). Si se realiza un pedido el viernes, s\u00e1bado o domingo, se enviar\u00e1 el lunes de la semana siguiente. Todos los precios de env\u00edo se basan en el peso total de env\u00edo de tu pedido. Actualmente ofrecemos tarifas [&hellip;]","og_url":"https:\/\/mayankin.com\/es\/envio-devoluciones-intercambios\/","og_site_name":"MayanKin","article_publisher":"https:\/\/www.facebook.com\/MayanKinEspanol\/","article_modified_time":"2020-05-27T04:35:04+00:00","twitter_card":"summary_large_image","twitter_site":"@mayankin","twitter_misc":{"Tiempo de lectura":"3 minutos"},"schema":{"@context":"https:\/\/schema.org","@graph":[{"@type":"WebPage","@id":"https:\/\/mayankin.com\/es\/envio-devoluciones-intercambios\/","url":"https:\/\/mayankin.com\/es\/envio-devoluciones-intercambios\/","name":"Env\u00edo \/ Devoluciones \/ Intercambios - MayanKin","isPartOf":{"@id":"https:\/\/mayankin.com\/es\/#website"},"datePublished":"2019-08-11T04:49:46+00:00","dateModified":"2020-05-27T04:35:04+00:00","breadcrumb":{"@id":"https:\/\/mayankin.com\/es\/envio-devoluciones-intercambios\/#breadcrumb"},"inLanguage":"es","potentialAction":[{"@type":"ReadAction","target":["https:\/\/mayankin.com\/es\/envio-devoluciones-intercambios\/"]}]},{"@type":"BreadcrumbList","@id":"https:\/\/mayankin.com\/es\/envio-devoluciones-intercambios\/#breadcrumb","itemListElement":[{"@type":"ListItem","position":1,"name":"Portada","item":"https:\/\/mayankin.com\/es\/"},{"@type":"ListItem","position":2,"name":"Env\u00edo \/ Devoluciones \/ Intercambios"}]},{"@type":"WebSite","@id":"https:\/\/mayankin.com\/es\/#website","url":"https:\/\/mayankin.com\/es\/","name":"MayanKin","description":"","publisher":{"@id":"https:\/\/mayankin.com\/es\/#organization"},"potentialAction":[{"@type":"SearchAction","target":{"@type":"EntryPoint","urlTemplate":"https:\/\/mayankin.com\/es\/?s={search_term_string}"},"query-input":{"@type":"PropertyValueSpecification","valueRequired":true,"valueName":"search_term_string"}}],"inLanguage":"es"},{"@type":"Organization","@id":"https:\/\/mayankin.com\/es\/#organization","name":"MayanKin","url":"https:\/\/mayankin.com\/es\/","logo":{"@type":"ImageObject","inLanguage":"es","@id":"https:\/\/mayankin.com\/es\/#\/schema\/logo\/image\/","url":"https:\/\/mayankin.com\/es\/wp-content\/uploads\/2020\/05\/MK-Logo-Redesign.png","contentUrl":"https:\/\/mayankin.com\/es\/wp-content\/uploads\/2020\/05\/MK-Logo-Redesign.png","width":260,"height":105,"caption":"MayanKin"},"image":{"@id":"https:\/\/mayankin.com\/es\/#\/schema\/logo\/image\/"},"sameAs":["https:\/\/www.facebook.com\/MayanKinEspanol\/","https:\/\/x.com\/mayankin"]}]}},"_links":{"self":[{"href":"https:\/\/mayankin.com\/es\/wp-json\/wp\/v2\/pages\/10979","targetHints":{"allow":["GET"]}}],"collection":[{"href":"https:\/\/mayankin.com\/es\/wp-json\/wp\/v2\/pages"}],"about":[{"href":"https:\/\/mayankin.com\/es\/wp-json\/wp\/v2\/types\/page"}],"author":[{"embeddable":true,"href":"https:\/\/mayankin.com\/es\/wp-json\/wp\/v2\/users\/4"}],"replies":[{"embeddable":true,"href":"https:\/\/mayankin.com\/es\/wp-json\/wp\/v2\/comments?post=10979"}],"version-history":[{"count":5,"href":"https:\/\/mayankin.com\/es\/wp-json\/wp\/v2\/pages\/10979\/revisions"}],"predecessor-version":[{"id":13803,"href":"https:\/\/mayankin.com\/es\/wp-json\/wp\/v2\/pages\/10979\/revisions\/13803"}],"wp:attachment":[{"href":"https:\/\/mayankin.com\/es\/wp-json\/wp\/v2\/media?parent=10979"}],"curies":[{"name":"wp","href":"https:\/\/api.w.org\/{rel}","templated":true}]}}