{"id":10975,"date":"2019-08-11T04:48:49","date_gmt":"2019-08-11T04:48:49","guid":{"rendered":"https:\/\/mayankin.com\/es\/?page_id=10975"},"modified":"2020-05-26T21:32:52","modified_gmt":"2020-05-27T04:32:52","slug":"politica-de-privacidad","status":"publish","type":"page","link":"https:\/\/mayankin.com\/es\/politica-de-privacidad\/","title":{"rendered":"Pol\u00edtica de Privacidad"},"content":{"rendered":"\n<p>Esta secci\u00f3n describe c\u00f3mo se recopila, utiliza y comparte tu informaci\u00f3n personal cuando visitas, participas o realizas una compra en https:\/\/mayankin.com\/es (el \"Sitio\").<\/p>\n\n\n\n<p>INFORMACI\u00d3N PERSONAL QUE RECOPILAMOS<\/p>\n\n\n\n<p>Cuando visitas el Sitio, recopilamos autom\u00e1ticamente cierta informaci\u00f3n sobre tu dispositivo, incluida informaci\u00f3n sobre tu navegador web, direcci\u00f3n IP, zona horaria y algunas de las cookies que est\u00e1n instaladas en tu dispositivo. Adem\u00e1s, a medida que navegas por el Sitio, recopilamos informaci\u00f3n sobre las p\u00e1ginas web individuales o los productos que ves, qu\u00e9 sitios web o t\u00e9rminos de b\u00fasqueda te remitieron al Sitio e informaci\u00f3n sobre c\u00f3mo interact\u00faas con el Sitio. Nos referimos a esta informaci\u00f3n recopilada autom\u00e1ticamente como \"Informaci\u00f3n del dispositivo\".<\/p>\n\n\n\n<p>Recopilamos informaci\u00f3n del dispositivo utilizando las siguientes tecnolog\u00edas:<\/p>\n\n\n\n<ul class=\"wp-block-list\"><li>Las \"cookies\" son archivos de datos que se colocan en tu dispositivo o computadora y que a menudo incluyen un identificador \u00fanico an\u00f3nimo. Para obtener m\u00e1s informaci\u00f3n sobre las cookies y c\u00f3mo deshabilitarlas, visita http:\/\/www.allaboutcookies.org.<\/li><li>Los \"archivos de registro\" rastrean las acciones que ocurren en el Sitio y recopilan datos, incluida tu direcci\u00f3n IP, tipo de navegador, proveedor de servicios de Internet, p\u00e1ginas de referencia\/salida y marcas de fecha\/hora.<\/li><li>\"Web beacons\", \"etiquetas\" y \"p\u00edxeles\" son archivos electr\u00f3nicos que se utilizan para registrar informaci\u00f3n sobre c\u00f3mo navegas por el Sitio.<\/li><\/ul>\n\n\n\n<p>Cuando los visitantes dejan comentarios en el Sitio, recopilamos los datos que se muestran en el formulario de comentarios, y tambi\u00e9n la direcci\u00f3n IP del visitante y la cadena del agente de usuario del navegador para ayudar a la detecci\u00f3n de spam.<\/p>\n\n\n\n<p>Se puede proporcionar una cadena an\u00f3nima creada a partir de tu direcci\u00f3n de correo electr\u00f3nico (tambi\u00e9n llamada hash) al servicio Gravatar para ver si la est\u00e1s utilizando. La pol\u00edtica de privacidad del servicio Gravatar est\u00e1 disponible aqu\u00ed: https:\/\/automattic.com\/privacy\/. Despu\u00e9s de la aprobaci\u00f3n de tu comentario, tu foto de perfil es visible para el p\u00fablico en el contexto de tu comentario.<\/p>\n\n\n\n<p>Si dejas un comentario en el Sitio, puedes optar por guardar tu nombre, direcci\u00f3n de correo electr\u00f3nico y sitio web en cookies. Estos son para tu conveniencia para que no tengas que completar tus datos nuevamente cuando dejes otro comentario. Estas cookies durar\u00e1n un a\u00f1o.<\/p>\n\n\n\n<p>Si tienes una cuenta e inicias una sesi\u00f3n en el Sitio, estableceremos una cookie temporal para determinar si tu navegador acepta cookies. Esta cookie no contiene datos personales y se descarta cuando cierras tu navegador.<\/p>\n\n\n\n<p>Cuando inicies la sesi\u00f3n, tambi\u00e9n configuraremos varias cookies para guardar tu informaci\u00f3n de inicio de sesi\u00f3n y tus opciones de visualizaci\u00f3n en pantalla. Las cookies de inicio de sesi\u00f3n duran dos d\u00edas y las cookies de opciones de pantalla duran un a\u00f1o. Si seleccionas \"Recordarme\", tu inicio de sesi\u00f3n persistir\u00e1 durante dos semanas. Si cierras la sesi\u00f3n de tu cuenta, se eliminar\u00e1n las cookies de inicio de sesi\u00f3n.<\/p>\n\n\n\n<p>Cuando realizas una compra o intentas realizar una compra a trav\u00e9s del Sitio, recopilamos cierta informaci\u00f3n tuya, incluido tu nombre, direcci\u00f3n de facturaci\u00f3n, direcci\u00f3n de env\u00edo, informaci\u00f3n de pago (incluidos los n\u00fameros de tarjeta de cr\u00e9dito), direcci\u00f3n de correo electr\u00f3nico y n\u00famero de tel\u00e9fono. Nos referimos a esta informaci\u00f3n como \"Informaci\u00f3n de Pedido\".<\/p>\n\n\n\n<p>Cuando hablamos de \"Informaci\u00f3n Personal\" en esta Pol\u00edtica de privacidad, hablamos tanto de Informaci\u00f3n del Dispositivo como de Informaci\u00f3n del Pedido.<\/p>\n\n\n\n<p>\u00bfC\u00d3MO USAMOS TU INFORMACI\u00d3N PERSONAL?<\/p>\n\n\n\n<p>Usamos la Informaci\u00f3n de Pedido que recopilamos generalmente para cumplir con los pedidos realizados a trav\u00e9s del Sitio (incluido el procesamiento de tu informaci\u00f3n de pago, la preparaci\u00f3n del env\u00edo y el suministro de facturas y\/o confirmaciones de pedidos). Adem\u00e1s, utilizamos esta Informaci\u00f3n de Pedido para:<\/p>\n\n\n\n<ul class=\"wp-block-list\"><li>Comunicarnos contigo;<\/li><li>Examinar nuestros pedidos de riesgo potencial o fraude; y<\/li><li>Cuando est\u00e9 en l\u00ednea con las preferencias que has compartido con nosotros, te proporcionaremos informaci\u00f3n o publicidad relacionada con nuestros productos o servicios.<\/li><\/ul>\n\n\n\n<p>Utilizamos la informaci\u00f3n del dispositivo que recopilamos para ayudarnos a detectar posibles riesgos y fraudes (en particular, tu direcci\u00f3n IP) y, en general, para mejorar y optimizar nuestro Sitio (por ejemplo, generando un an\u00e1lisis sobre c\u00f3mo navegan e interact\u00faan nuestros clientes con el Sitio, y para evaluar el \u00e9xito de nuestras campa\u00f1as de marketing y publicidad).<\/p>\n\n\n\n<p>COMPARTIENDO TU INFORMACI\u00d3N PERSONAL<\/p>\n\n\n\n<p>Los comentarios de los visitantes pueden verificarse a trav\u00e9s de un servicio automatizado de detecci\u00f3n de spam.<\/p>\n\n\n\n<p>Compartimos tu informaci\u00f3n personal con terceros para ayudarnos a usar tu Informaci\u00f3n Personal, como se describe anteriormente. Por ejemplo, usamos PayPal como nuestro portal de pago: puedes leer m\u00e1s sobre c\u00f3mo PayPal utiliza tu informaci\u00f3n personal aqu\u00ed: <a href=\"https:\/\/www.paypal.com\/us\/webapps\/mpp\/ua\/privacy-full?locale.x%20=%20en_US.\">https:\/\/www.paypal.com\/us\/webapps\/mpp\/ua\/privacy-full?locale.x = en_US.<\/a><br><a href=\"https:\/\/www.paypal.com\/uk\/webapps\/mpp\/ua\/privacy-prev#\">https:\/\/www.paypal.com\/uk\/webapps\/mpp\/ua\/privacy-prev#<\/a><\/p>\n\n\n\n<p>Tambi\u00e9n usamos Google Analytics para ayudarnos a comprender c\u00f3mo nuestros clientes usan el Sitio. Puedes leer m\u00e1s sobre c\u00f3mo Google usa tu informaci\u00f3n personal aqu\u00ed: <a href=\"https:\/\/www.google.com\/intl\/en\/policies\/privacy\/\">https:\/\/www.google.com\/intl\/en\/policies\/privacy\/<\/a><\/p>\n\n\n\n<p>&nbsp;Tambi\u00e9n puede optar por no participar en Google Analytics aqu\u00ed: <a href=\"https:\/\/tools.google.com\/dlpage\/gaoptout\">https:\/\/tools.google.com\/dlpage\/gaoptout<\/a><\/p>\n\n\n\n<p>Finalmente, tambi\u00e9n podemos compartir tu informaci\u00f3n personal para cumplir con las leyes y regulaciones aplicables, para responder a una citaci\u00f3n, orden de allanamiento u otra solicitud legal de informaci\u00f3n que recibimos, o para proteger nuestros derechos.<\/p>\n\n\n\n<p>COMPORTAMIENTO DE PUBLICIDAD<\/p>\n\n\n\n<p>Como se describi\u00f3 anteriormente, utilizamos tu Informaci\u00f3n Personal para proporcionarte anuncios dirigidos o comunicaciones de marketing que creemos que pueden ser de tu inter\u00e9s. Para obtener m\u00e1s informaci\u00f3n sobre c\u00f3mo funciona la publicidad dirigida, puedes visitar la p\u00e1gina educativa de Network Advertising Initiative (\"NAI\") en <a href=\"http:\/\/www.networkadvertising.org\/understanding-online-advertising\/how-does-it-work\">http:\/\/www.networkadvertising.org\/understanding-online-advertising\/how-does-it-work<\/a>.<\/p>\n\n\n\n<p>Puedes optar por no recibir publicidad dirigida utilizando los enlaces a continuaci\u00f3n:<\/p>\n\n\n\n<p>Facebook: <a href=\"https:\/\/www.facebook.com\/settings\/?tab=ads\">https:\/\/www.facebook.com\/settings\/?tab=ads<\/a><\/p>\n\n\n\n<p>Google: <a href=\"https:\/\/www.google.com\/settings\/ads\/anonymous\">https:\/\/www.google.com\/settings\/ads\/anonymous<\/a><\/p>\n\n\n\n<p>Bing: <a href=\"https:\/\/advertise.bingads.microsoft.com\/en-us\/resources\/policies\/personalized-ads\">https:\/\/advertise.bingads.microsoft.com\/en-us\/resources\/policies\/personalized-ads<\/a><\/p>\n\n\n\n<p>Adem\u00e1s, puedes optar por no participar en algunos de estos servicios visitando el portal de exclusi\u00f3n de Digital Advertising Alliance en: <a href=\"http:\/\/optout.aboutads.info\/\">http:\/\/optout.aboutads.info\/<\/a>.<\/p>\n\n\n\n<p>NO HACER SEGUIMIENTO<\/p>\n\n\n\n<p>Ten en cuenta que no modificamos las pr\u00e1cticas de recopilaci\u00f3n y uso de datos de nuestro Sitio cuando vemos una se\u00f1al de No rastrear desde tu navegador.<\/p>\n\n\n\n<p>TUS DERECHOS<\/p>\n\n\n\n<p>Si tienes una cuenta en el Sitio o has dejado comentarios, puedes solicitar recibir un archivo exportado de los datos personales que tenemos sobre ti, incluidos los datos que nos hayas proporcionado. Tambi\u00e9n puedes solicitar que borremos cualquier informaci\u00f3n personal que tengamos sobre ti. Esto no incluye ning\u00fan dato que estemos obligados a conservar con fines administrativos, legales o de seguridad.<\/p>\n\n\n\n<p>Si eres residente europeo, tienes derecho a acceder a la informaci\u00f3n personal que tenemos sobre ti y a solicitar que tu informaci\u00f3n personal sea corregida, actualizada o eliminada. Si deseas ejercer este derecho, cont\u00e1ctenos a trav\u00e9s de la informaci\u00f3n de contacto a continuaci\u00f3n.<\/p>\n\n\n\n<p>Adem\u00e1s, si eres residente europeo, notamos que estamos procesando tu informaci\u00f3n para cumplir con los contratos que podamos tener contigo (por ejemplo, si realizas un pedido a trav\u00e9s del Sitio), o de otra manera para perseguir nuestros intereses comerciales leg\u00edtimos mencionados anteriormente. Adem\u00e1s, ten en cuenta que tu informaci\u00f3n se transferir\u00e1 fuera de Europa, incluso a Canad\u00e1 y Estados Unidos.<\/p>\n\n\n\n<p>RETENCI\u00d3N DE DATOS<\/p>\n\n\n\n<p>Si dejas un comentario, el comentario y sus metadatos se retienen indefinidamente. Esto es para que podamos reconocer y aprobar los comentarios de seguimiento autom\u00e1ticamente en lugar de mantenerlos en una fila de moderaci\u00f3n.<\/p>\n\n\n\n<p>Para los usuarios que se registran en el Sitio (si corresponde), tambi\u00e9n almacenamos la informaci\u00f3n personal que proporcionan en su perfil de usuario. Todos los usuarios pueden ver, editar o eliminar su informaci\u00f3n personal en cualquier momento (excepto que no pueden cambiar su nombre de usuario). Los administradores del sitio web tambi\u00e9n pueden ver y editar esa informaci\u00f3n.<\/p>\n\n\n\n<p>Cuando realizas un pedido a trav\u00e9s del Sitio, mantendremos tu Informaci\u00f3n de pedido para nuestros registros a menos y hasta que nos solicites que eliminemos esta informaci\u00f3n.<\/p>\n\n\n\n<p>CAMBIOS<\/p>\n\n\n\n<p>Podemos actualizar esta pol\u00edtica de privacidad de vez en cuando para reflejar, por ejemplo, cambios en nuestras pr\u00e1cticas o por otros motivos operativos, legales o reglamentarios.<\/p>\n\n\n\n<p>CONT\u00c1CTANOS<\/p>\n\n\n\n<p>Para obtener m\u00e1s informaci\u00f3n sobre nuestras pr\u00e1cticas de privacidad, si tienes preguntas o si deseas presentar una queja, comun\u00edcate con nosotros por correo electr\u00f3nico a contact@mayankin.com o por correo utilizando los detalles que se proporcionan a continuaci\u00f3n:<\/p>\n\n\n\n<p>MayanKin<br>[Re: Oficial de cumplimiento de privacidad]<br>2675 West SR 89A # 1140<br>Sedona, Arizona 86336 Estados Unidos<\/p>\n\n\n\n<p><em>Esta Pol\u00edtica de Privacidad es una traducci\u00f3n de la \"<a rel=\"noreferrer noopener\" href=\"https:\/\/mayankin.com\/privacy-policy\/\" target=\"_blank\">Privacy Policy<\/a>\", la cual es aplicable en su versi\u00f3n original.<\/em><\/p>\n","protected":false},"excerpt":{"rendered":"<p>Esta secci\u00f3n describe c\u00f3mo se recopila, utiliza y comparte tu informaci\u00f3n personal cuando visitas, participas o realizas una compra en https:\/\/mayankin.com\/es (el \"Sitio\"). INFORMACI\u00d3N PERSONAL QUE RECOPILAMOS Cuando visitas el Sitio, recopilamos autom\u00e1ticamente cierta informaci\u00f3n sobre tu dispositivo, incluida informaci\u00f3n sobre tu navegador web, direcci\u00f3n IP, zona horaria y algunas de las cookies que est\u00e1n [&hellip;]<\/p>\n","protected":false},"author":4,"featured_media":0,"parent":0,"menu_order":0,"comment_status":"closed","ping_status":"closed","template":"","meta":{"_monsterinsights_skip_tracking":false,"_monsterinsights_sitenote_active":false,"_monsterinsights_sitenote_note":"","_monsterinsights_sitenote_category":0,"_genesis_hide_title":false,"_genesis_hide_breadcrumbs":false,"_genesis_hide_singular_image":false,"_genesis_hide_footer_widgets":false,"_genesis_custom_body_class":"tosppsre","_genesis_custom_post_class":"","_genesis_layout":"","footnotes":""},"class_list":{"0":"post-10975","1":"page","2":"type-page","3":"status-publish","5":"entry"},"yoast_head":"<!-- This site is optimized with the Yoast SEO plugin v26.6 - https:\/\/yoast.com\/wordpress\/plugins\/seo\/ -->\n<title>Pol\u00edtica de Privacidad - MayanKin<\/title>\n<meta name=\"robots\" content=\"index, follow, max-snippet:-1, max-image-preview:large, max-video-preview:-1\" \/>\n<link rel=\"canonical\" href=\"https:\/\/mayankin.com\/es\/politica-de-privacidad\/\" \/>\n<meta property=\"og:locale\" content=\"es_ES\" \/>\n<meta property=\"og:type\" content=\"article\" \/>\n<meta property=\"og:title\" content=\"Pol\u00edtica de Privacidad - MayanKin\" \/>\n<meta property=\"og:description\" content=\"Esta secci\u00f3n describe c\u00f3mo se recopila, utiliza y comparte tu informaci\u00f3n personal cuando visitas, participas o realizas una compra en https:\/\/mayankin.com\/es (el &quot;Sitio&quot;). INFORMACI\u00d3N PERSONAL QUE RECOPILAMOS Cuando visitas el Sitio, recopilamos autom\u00e1ticamente cierta informaci\u00f3n sobre tu dispositivo, incluida informaci\u00f3n sobre tu navegador web, direcci\u00f3n IP, zona horaria y algunas de las cookies que est\u00e1n [&hellip;]\" \/>\n<meta property=\"og:url\" content=\"https:\/\/mayankin.com\/es\/politica-de-privacidad\/\" \/>\n<meta property=\"og:site_name\" content=\"MayanKin\" \/>\n<meta property=\"article:publisher\" content=\"https:\/\/www.facebook.com\/MayanKinEspanol\/\" \/>\n<meta property=\"article:modified_time\" content=\"2020-05-27T04:32:52+00:00\" \/>\n<meta name=\"twitter:card\" content=\"summary_large_image\" \/>\n<meta name=\"twitter:site\" content=\"@mayankin\" \/>\n<meta name=\"twitter:label1\" content=\"Tiempo de lectura\" \/>\n\t<meta name=\"twitter:data1\" content=\"8 minutos\" \/>\n<script type=\"application\/ld+json\" class=\"yoast-schema-graph\">{\"@context\":\"https:\/\/schema.org\",\"@graph\":[{\"@type\":\"WebPage\",\"@id\":\"https:\/\/mayankin.com\/es\/politica-de-privacidad\/\",\"url\":\"https:\/\/mayankin.com\/es\/politica-de-privacidad\/\",\"name\":\"Pol\u00edtica de Privacidad - MayanKin\",\"isPartOf\":{\"@id\":\"https:\/\/mayankin.com\/es\/#website\"},\"datePublished\":\"2019-08-11T04:48:49+00:00\",\"dateModified\":\"2020-05-27T04:32:52+00:00\",\"breadcrumb\":{\"@id\":\"https:\/\/mayankin.com\/es\/politica-de-privacidad\/#breadcrumb\"},\"inLanguage\":\"es\",\"potentialAction\":[{\"@type\":\"ReadAction\",\"target\":[\"https:\/\/mayankin.com\/es\/politica-de-privacidad\/\"]}]},{\"@type\":\"BreadcrumbList\",\"@id\":\"https:\/\/mayankin.com\/es\/politica-de-privacidad\/#breadcrumb\",\"itemListElement\":[{\"@type\":\"ListItem\",\"position\":1,\"name\":\"Portada\",\"item\":\"https:\/\/mayankin.com\/es\/\"},{\"@type\":\"ListItem\",\"position\":2,\"name\":\"Pol\u00edtica de Privacidad\"}]},{\"@type\":\"WebSite\",\"@id\":\"https:\/\/mayankin.com\/es\/#website\",\"url\":\"https:\/\/mayankin.com\/es\/\",\"name\":\"MayanKin\",\"description\":\"\",\"publisher\":{\"@id\":\"https:\/\/mayankin.com\/es\/#organization\"},\"potentialAction\":[{\"@type\":\"SearchAction\",\"target\":{\"@type\":\"EntryPoint\",\"urlTemplate\":\"https:\/\/mayankin.com\/es\/?s={search_term_string}\"},\"query-input\":{\"@type\":\"PropertyValueSpecification\",\"valueRequired\":true,\"valueName\":\"search_term_string\"}}],\"inLanguage\":\"es\"},{\"@type\":\"Organization\",\"@id\":\"https:\/\/mayankin.com\/es\/#organization\",\"name\":\"MayanKin\",\"url\":\"https:\/\/mayankin.com\/es\/\",\"logo\":{\"@type\":\"ImageObject\",\"inLanguage\":\"es\",\"@id\":\"https:\/\/mayankin.com\/es\/#\/schema\/logo\/image\/\",\"url\":\"https:\/\/mayankin.com\/es\/wp-content\/uploads\/2020\/05\/MK-Logo-Redesign.png\",\"contentUrl\":\"https:\/\/mayankin.com\/es\/wp-content\/uploads\/2020\/05\/MK-Logo-Redesign.png\",\"width\":260,\"height\":105,\"caption\":\"MayanKin\"},\"image\":{\"@id\":\"https:\/\/mayankin.com\/es\/#\/schema\/logo\/image\/\"},\"sameAs\":[\"https:\/\/www.facebook.com\/MayanKinEspanol\/\",\"https:\/\/x.com\/mayankin\"]}]}<\/script>\n<!-- \/ Yoast SEO plugin. -->","yoast_head_json":{"title":"Pol\u00edtica de Privacidad - MayanKin","robots":{"index":"index","follow":"follow","max-snippet":"max-snippet:-1","max-image-preview":"max-image-preview:large","max-video-preview":"max-video-preview:-1"},"canonical":"https:\/\/mayankin.com\/es\/politica-de-privacidad\/","og_locale":"es_ES","og_type":"article","og_title":"Pol\u00edtica de Privacidad - MayanKin","og_description":"Esta secci\u00f3n describe c\u00f3mo se recopila, utiliza y comparte tu informaci\u00f3n personal cuando visitas, participas o realizas una compra en https:\/\/mayankin.com\/es (el \"Sitio\"). INFORMACI\u00d3N PERSONAL QUE RECOPILAMOS Cuando visitas el Sitio, recopilamos autom\u00e1ticamente cierta informaci\u00f3n sobre tu dispositivo, incluida informaci\u00f3n sobre tu navegador web, direcci\u00f3n IP, zona horaria y algunas de las cookies que est\u00e1n [&hellip;]","og_url":"https:\/\/mayankin.com\/es\/politica-de-privacidad\/","og_site_name":"MayanKin","article_publisher":"https:\/\/www.facebook.com\/MayanKinEspanol\/","article_modified_time":"2020-05-27T04:32:52+00:00","twitter_card":"summary_large_image","twitter_site":"@mayankin","twitter_misc":{"Tiempo de lectura":"8 minutos"},"schema":{"@context":"https:\/\/schema.org","@graph":[{"@type":"WebPage","@id":"https:\/\/mayankin.com\/es\/politica-de-privacidad\/","url":"https:\/\/mayankin.com\/es\/politica-de-privacidad\/","name":"Pol\u00edtica de Privacidad - MayanKin","isPartOf":{"@id":"https:\/\/mayankin.com\/es\/#website"},"datePublished":"2019-08-11T04:48:49+00:00","dateModified":"2020-05-27T04:32:52+00:00","breadcrumb":{"@id":"https:\/\/mayankin.com\/es\/politica-de-privacidad\/#breadcrumb"},"inLanguage":"es","potentialAction":[{"@type":"ReadAction","target":["https:\/\/mayankin.com\/es\/politica-de-privacidad\/"]}]},{"@type":"BreadcrumbList","@id":"https:\/\/mayankin.com\/es\/politica-de-privacidad\/#breadcrumb","itemListElement":[{"@type":"ListItem","position":1,"name":"Portada","item":"https:\/\/mayankin.com\/es\/"},{"@type":"ListItem","position":2,"name":"Pol\u00edtica de Privacidad"}]},{"@type":"WebSite","@id":"https:\/\/mayankin.com\/es\/#website","url":"https:\/\/mayankin.com\/es\/","name":"MayanKin","description":"","publisher":{"@id":"https:\/\/mayankin.com\/es\/#organization"},"potentialAction":[{"@type":"SearchAction","target":{"@type":"EntryPoint","urlTemplate":"https:\/\/mayankin.com\/es\/?s={search_term_string}"},"query-input":{"@type":"PropertyValueSpecification","valueRequired":true,"valueName":"search_term_string"}}],"inLanguage":"es"},{"@type":"Organization","@id":"https:\/\/mayankin.com\/es\/#organization","name":"MayanKin","url":"https:\/\/mayankin.com\/es\/","logo":{"@type":"ImageObject","inLanguage":"es","@id":"https:\/\/mayankin.com\/es\/#\/schema\/logo\/image\/","url":"https:\/\/mayankin.com\/es\/wp-content\/uploads\/2020\/05\/MK-Logo-Redesign.png","contentUrl":"https:\/\/mayankin.com\/es\/wp-content\/uploads\/2020\/05\/MK-Logo-Redesign.png","width":260,"height":105,"caption":"MayanKin"},"image":{"@id":"https:\/\/mayankin.com\/es\/#\/schema\/logo\/image\/"},"sameAs":["https:\/\/www.facebook.com\/MayanKinEspanol\/","https:\/\/x.com\/mayankin"]}]}},"_links":{"self":[{"href":"https:\/\/mayankin.com\/es\/wp-json\/wp\/v2\/pages\/10975","targetHints":{"allow":["GET"]}}],"collection":[{"href":"https:\/\/mayankin.com\/es\/wp-json\/wp\/v2\/pages"}],"about":[{"href":"https:\/\/mayankin.com\/es\/wp-json\/wp\/v2\/types\/page"}],"author":[{"embeddable":true,"href":"https:\/\/mayankin.com\/es\/wp-json\/wp\/v2\/users\/4"}],"replies":[{"embeddable":true,"href":"https:\/\/mayankin.com\/es\/wp-json\/wp\/v2\/comments?post=10975"}],"version-history":[{"count":11,"href":"https:\/\/mayankin.com\/es\/wp-json\/wp\/v2\/pages\/10975\/revisions"}],"predecessor-version":[{"id":13802,"href":"https:\/\/mayankin.com\/es\/wp-json\/wp\/v2\/pages\/10975\/revisions\/13802"}],"wp:attachment":[{"href":"https:\/\/mayankin.com\/es\/wp-json\/wp\/v2\/media?parent=10975"}],"curies":[{"name":"wp","href":"https:\/\/api.w.org\/{rel}","templated":true}]}}