{"id":10940,"date":"2019-08-09T18:42:42","date_gmt":"2019-08-09T18:42:42","guid":{"rendered":"https:\/\/mayankin.com\/es\/?page_id=10940"},"modified":"2020-05-25T21:35:43","modified_gmt":"2020-05-26T04:35:43","slug":"historia-tienda","status":"publish","type":"page","link":"https:\/\/mayankin.com\/es\/historia-tienda\/","title":{"rendered":"Historia de la Tienda"},"content":{"rendered":"\n<h4 class=\"wp-block-heading\">C\u00f3mo se cre\u00f3 la Tienda de MayanKin?<\/h4>\n\n\n\n<p>Desde que era ni\u00f1a, siempre me han apasionado las artesan\u00edas. Admiraba a los artesanos y yo misma hac\u00eda manualidades. Aprend\u00ed muchos a\u00f1os despu\u00e9s que mi signo o Kin era Estrella Amarilla, arquetipo del Arte y la Creatividad!<\/p>\n\n\n\n<p>Tuve la suerte de nacer en un pa\u00eds maravilloso donde\nlos regalos artesanales tienen un significado especial. La mayor\u00eda de los\nparques principales en Buenos Aires, Argentina, se convierten en mercados de\nartesan\u00edas los fines de semana y sol\u00eda pasar horas caminando, hablando con los\nartesanos, apreciando sus trabajos y aprendiendo sobre sus estilos de vida y\ncreaciones.<\/p>\n\n\n\n<p>Los artesanos no solo tienen habilidades manuales\nextraordinarias, sino que principalmente crean arte desde sus corazones, al\ntiempo que permiten que la inspiraci\u00f3n e imaginaci\u00f3n los gu\u00eden a lo largo del\nproceso creativo. Cada producto hecho a mano es \u00fanico y sus imperfecciones son\nlas que los hacen perfectos!<\/p>\n\n\n\n<p>Muchas gracias por estar aqu\u00ed y comprar en la Tienda\nde MayanKin!<\/p>\n\n\n\n<p>De mi coraz\u00f3n al tuyo,<\/p>\n\n\n\n<div class=\"wp-block-image mariela-star-signature\"><figure class=\"aligncenter\"><img loading=\"lazy\" decoding=\"async\" width=\"300\" height=\"157\" src=\"https:\/\/mayankin.com\/es\/wp-content\/uploads\/2019\/08\/MarielaMaya-MayanKin-BridgingWorlds-Mariela-Star-Signature-Small.png\" alt=\"\" class=\"wp-image-10992\"\/><\/figure><\/div>\n","protected":false},"excerpt":{"rendered":"<p>C\u00f3mo se cre\u00f3 la Tienda de MayanKin? Desde que era ni\u00f1a, siempre me han apasionado las artesan\u00edas. Admiraba a los artesanos y yo misma hac\u00eda manualidades. Aprend\u00ed muchos a\u00f1os despu\u00e9s que mi signo o Kin era Estrella Amarilla, arquetipo del Arte y la Creatividad! Tuve la suerte de nacer en un pa\u00eds maravilloso donde los [&hellip;]<\/p>\n","protected":false},"author":4,"featured_media":0,"parent":0,"menu_order":0,"comment_status":"closed","ping_status":"closed","template":"","meta":{"_monsterinsights_skip_tracking":false,"_monsterinsights_sitenote_active":false,"_monsterinsights_sitenote_note":"","_monsterinsights_sitenote_category":0,"_genesis_hide_title":false,"_genesis_hide_breadcrumbs":false,"_genesis_hide_singular_image":false,"_genesis_hide_footer_widgets":false,"_genesis_custom_body_class":"store","_genesis_custom_post_class":"","_genesis_layout":"","footnotes":""},"class_list":{"0":"post-10940","1":"page","2":"type-page","3":"status-publish","5":"entry"},"yoast_head":"<!-- This site is optimized with the Yoast SEO plugin v26.6 - https:\/\/yoast.com\/wordpress\/plugins\/seo\/ -->\n<title>Qu\u00e9 Inspir\u00f3 la Creaci\u00f3n de la Tienda de MayanKin | MayanKin<\/title>\n<meta name=\"description\" content=\"Siempre me han apasionado las artesan\u00edas. Las colecciones de MayanKin nacieron de esta pasi\u00f3n, ofreci\u00e9ndote ahora productos hechos a mano con significado!\" \/>\n<meta name=\"robots\" content=\"index, follow, max-snippet:-1, max-image-preview:large, max-video-preview:-1\" \/>\n<link rel=\"canonical\" href=\"https:\/\/mayankin.com\/es\/historia-tienda\/\" \/>\n<meta property=\"og:locale\" content=\"es_ES\" \/>\n<meta property=\"og:type\" content=\"article\" \/>\n<meta property=\"og:title\" content=\"Qu\u00e9 Inspir\u00f3 la Creaci\u00f3n de la Tienda de MayanKin | MayanKin\" \/>\n<meta property=\"og:description\" content=\"Siempre me han apasionado las artesan\u00edas. Las colecciones de MayanKin nacieron de esta pasi\u00f3n, ofreci\u00e9ndote ahora productos hechos a mano con significado!\" \/>\n<meta property=\"og:url\" content=\"https:\/\/mayankin.com\/es\/historia-tienda\/\" \/>\n<meta property=\"og:site_name\" content=\"MayanKin\" \/>\n<meta property=\"article:publisher\" content=\"https:\/\/www.facebook.com\/MayanKinEspanol\/\" \/>\n<meta property=\"article:modified_time\" content=\"2020-05-26T04:35:43+00:00\" \/>\n<meta property=\"og:image\" content=\"https:\/\/mayankin.com\/es\/wp-content\/uploads\/2019\/08\/MarielaMaya-MayanKin-BridgingWorlds-Mariela-Star-Signature-Small.png\" \/>\n<meta name=\"twitter:card\" content=\"summary_large_image\" \/>\n<meta name=\"twitter:site\" content=\"@mayankin\" \/>\n<meta name=\"twitter:label1\" content=\"Tiempo de lectura\" \/>\n\t<meta name=\"twitter:data1\" content=\"1 minuto\" \/>\n<script type=\"application\/ld+json\" class=\"yoast-schema-graph\">{\"@context\":\"https:\/\/schema.org\",\"@graph\":[{\"@type\":\"WebPage\",\"@id\":\"https:\/\/mayankin.com\/es\/historia-tienda\/\",\"url\":\"https:\/\/mayankin.com\/es\/historia-tienda\/\",\"name\":\"Qu\u00e9 Inspir\u00f3 la Creaci\u00f3n de la Tienda de MayanKin | MayanKin\",\"isPartOf\":{\"@id\":\"https:\/\/mayankin.com\/es\/#website\"},\"primaryImageOfPage\":{\"@id\":\"https:\/\/mayankin.com\/es\/historia-tienda\/#primaryimage\"},\"image\":{\"@id\":\"https:\/\/mayankin.com\/es\/historia-tienda\/#primaryimage\"},\"thumbnailUrl\":\"https:\/\/mayankin.com\/es\/wp-content\/uploads\/2019\/08\/MarielaMaya-MayanKin-BridgingWorlds-Mariela-Star-Signature-Small.png\",\"datePublished\":\"2019-08-09T18:42:42+00:00\",\"dateModified\":\"2020-05-26T04:35:43+00:00\",\"description\":\"Siempre me han apasionado las artesan\u00edas. Las colecciones de MayanKin nacieron de esta pasi\u00f3n, ofreci\u00e9ndote ahora productos hechos a mano con significado!\",\"breadcrumb\":{\"@id\":\"https:\/\/mayankin.com\/es\/historia-tienda\/#breadcrumb\"},\"inLanguage\":\"es\",\"potentialAction\":[{\"@type\":\"ReadAction\",\"target\":[\"https:\/\/mayankin.com\/es\/historia-tienda\/\"]}]},{\"@type\":\"ImageObject\",\"inLanguage\":\"es\",\"@id\":\"https:\/\/mayankin.com\/es\/historia-tienda\/#primaryimage\",\"url\":\"https:\/\/mayankin.com\/es\/wp-content\/uploads\/2019\/08\/MarielaMaya-MayanKin-BridgingWorlds-Mariela-Star-Signature-Small.png\",\"contentUrl\":\"https:\/\/mayankin.com\/es\/wp-content\/uploads\/2019\/08\/MarielaMaya-MayanKin-BridgingWorlds-Mariela-Star-Signature-Small.png\",\"width\":300,\"height\":157},{\"@type\":\"BreadcrumbList\",\"@id\":\"https:\/\/mayankin.com\/es\/historia-tienda\/#breadcrumb\",\"itemListElement\":[{\"@type\":\"ListItem\",\"position\":1,\"name\":\"Portada\",\"item\":\"https:\/\/mayankin.com\/es\/\"},{\"@type\":\"ListItem\",\"position\":2,\"name\":\"Historia de la Tienda\"}]},{\"@type\":\"WebSite\",\"@id\":\"https:\/\/mayankin.com\/es\/#website\",\"url\":\"https:\/\/mayankin.com\/es\/\",\"name\":\"MayanKin\",\"description\":\"\",\"publisher\":{\"@id\":\"https:\/\/mayankin.com\/es\/#organization\"},\"potentialAction\":[{\"@type\":\"SearchAction\",\"target\":{\"@type\":\"EntryPoint\",\"urlTemplate\":\"https:\/\/mayankin.com\/es\/?s={search_term_string}\"},\"query-input\":{\"@type\":\"PropertyValueSpecification\",\"valueRequired\":true,\"valueName\":\"search_term_string\"}}],\"inLanguage\":\"es\"},{\"@type\":\"Organization\",\"@id\":\"https:\/\/mayankin.com\/es\/#organization\",\"name\":\"MayanKin\",\"url\":\"https:\/\/mayankin.com\/es\/\",\"logo\":{\"@type\":\"ImageObject\",\"inLanguage\":\"es\",\"@id\":\"https:\/\/mayankin.com\/es\/#\/schema\/logo\/image\/\",\"url\":\"https:\/\/mayankin.com\/es\/wp-content\/uploads\/2020\/05\/MK-Logo-Redesign.png\",\"contentUrl\":\"https:\/\/mayankin.com\/es\/wp-content\/uploads\/2020\/05\/MK-Logo-Redesign.png\",\"width\":260,\"height\":105,\"caption\":\"MayanKin\"},\"image\":{\"@id\":\"https:\/\/mayankin.com\/es\/#\/schema\/logo\/image\/\"},\"sameAs\":[\"https:\/\/www.facebook.com\/MayanKinEspanol\/\",\"https:\/\/x.com\/mayankin\"]}]}<\/script>\n<!-- \/ Yoast SEO plugin. -->","yoast_head_json":{"title":"Qu\u00e9 Inspir\u00f3 la Creaci\u00f3n de la Tienda de MayanKin | MayanKin","description":"Siempre me han apasionado las artesan\u00edas. Las colecciones de MayanKin nacieron de esta pasi\u00f3n, ofreci\u00e9ndote ahora productos hechos a mano con significado!","robots":{"index":"index","follow":"follow","max-snippet":"max-snippet:-1","max-image-preview":"max-image-preview:large","max-video-preview":"max-video-preview:-1"},"canonical":"https:\/\/mayankin.com\/es\/historia-tienda\/","og_locale":"es_ES","og_type":"article","og_title":"Qu\u00e9 Inspir\u00f3 la Creaci\u00f3n de la Tienda de MayanKin | MayanKin","og_description":"Siempre me han apasionado las artesan\u00edas. Las colecciones de MayanKin nacieron de esta pasi\u00f3n, ofreci\u00e9ndote ahora productos hechos a mano con significado!","og_url":"https:\/\/mayankin.com\/es\/historia-tienda\/","og_site_name":"MayanKin","article_publisher":"https:\/\/www.facebook.com\/MayanKinEspanol\/","article_modified_time":"2020-05-26T04:35:43+00:00","og_image":[{"url":"https:\/\/mayankin.com\/es\/wp-content\/uploads\/2019\/08\/MarielaMaya-MayanKin-BridgingWorlds-Mariela-Star-Signature-Small.png","type":"","width":"","height":""}],"twitter_card":"summary_large_image","twitter_site":"@mayankin","twitter_misc":{"Tiempo de lectura":"1 minuto"},"schema":{"@context":"https:\/\/schema.org","@graph":[{"@type":"WebPage","@id":"https:\/\/mayankin.com\/es\/historia-tienda\/","url":"https:\/\/mayankin.com\/es\/historia-tienda\/","name":"Qu\u00e9 Inspir\u00f3 la Creaci\u00f3n de la Tienda de MayanKin | MayanKin","isPartOf":{"@id":"https:\/\/mayankin.com\/es\/#website"},"primaryImageOfPage":{"@id":"https:\/\/mayankin.com\/es\/historia-tienda\/#primaryimage"},"image":{"@id":"https:\/\/mayankin.com\/es\/historia-tienda\/#primaryimage"},"thumbnailUrl":"https:\/\/mayankin.com\/es\/wp-content\/uploads\/2019\/08\/MarielaMaya-MayanKin-BridgingWorlds-Mariela-Star-Signature-Small.png","datePublished":"2019-08-09T18:42:42+00:00","dateModified":"2020-05-26T04:35:43+00:00","description":"Siempre me han apasionado las artesan\u00edas. Las colecciones de MayanKin nacieron de esta pasi\u00f3n, ofreci\u00e9ndote ahora productos hechos a mano con significado!","breadcrumb":{"@id":"https:\/\/mayankin.com\/es\/historia-tienda\/#breadcrumb"},"inLanguage":"es","potentialAction":[{"@type":"ReadAction","target":["https:\/\/mayankin.com\/es\/historia-tienda\/"]}]},{"@type":"ImageObject","inLanguage":"es","@id":"https:\/\/mayankin.com\/es\/historia-tienda\/#primaryimage","url":"https:\/\/mayankin.com\/es\/wp-content\/uploads\/2019\/08\/MarielaMaya-MayanKin-BridgingWorlds-Mariela-Star-Signature-Small.png","contentUrl":"https:\/\/mayankin.com\/es\/wp-content\/uploads\/2019\/08\/MarielaMaya-MayanKin-BridgingWorlds-Mariela-Star-Signature-Small.png","width":300,"height":157},{"@type":"BreadcrumbList","@id":"https:\/\/mayankin.com\/es\/historia-tienda\/#breadcrumb","itemListElement":[{"@type":"ListItem","position":1,"name":"Portada","item":"https:\/\/mayankin.com\/es\/"},{"@type":"ListItem","position":2,"name":"Historia de la Tienda"}]},{"@type":"WebSite","@id":"https:\/\/mayankin.com\/es\/#website","url":"https:\/\/mayankin.com\/es\/","name":"MayanKin","description":"","publisher":{"@id":"https:\/\/mayankin.com\/es\/#organization"},"potentialAction":[{"@type":"SearchAction","target":{"@type":"EntryPoint","urlTemplate":"https:\/\/mayankin.com\/es\/?s={search_term_string}"},"query-input":{"@type":"PropertyValueSpecification","valueRequired":true,"valueName":"search_term_string"}}],"inLanguage":"es"},{"@type":"Organization","@id":"https:\/\/mayankin.com\/es\/#organization","name":"MayanKin","url":"https:\/\/mayankin.com\/es\/","logo":{"@type":"ImageObject","inLanguage":"es","@id":"https:\/\/mayankin.com\/es\/#\/schema\/logo\/image\/","url":"https:\/\/mayankin.com\/es\/wp-content\/uploads\/2020\/05\/MK-Logo-Redesign.png","contentUrl":"https:\/\/mayankin.com\/es\/wp-content\/uploads\/2020\/05\/MK-Logo-Redesign.png","width":260,"height":105,"caption":"MayanKin"},"image":{"@id":"https:\/\/mayankin.com\/es\/#\/schema\/logo\/image\/"},"sameAs":["https:\/\/www.facebook.com\/MayanKinEspanol\/","https:\/\/x.com\/mayankin"]}]}},"_links":{"self":[{"href":"https:\/\/mayankin.com\/es\/wp-json\/wp\/v2\/pages\/10940","targetHints":{"allow":["GET"]}}],"collection":[{"href":"https:\/\/mayankin.com\/es\/wp-json\/wp\/v2\/pages"}],"about":[{"href":"https:\/\/mayankin.com\/es\/wp-json\/wp\/v2\/types\/page"}],"author":[{"embeddable":true,"href":"https:\/\/mayankin.com\/es\/wp-json\/wp\/v2\/users\/4"}],"replies":[{"embeddable":true,"href":"https:\/\/mayankin.com\/es\/wp-json\/wp\/v2\/comments?post=10940"}],"version-history":[{"count":6,"href":"https:\/\/mayankin.com\/es\/wp-json\/wp\/v2\/pages\/10940\/revisions"}],"predecessor-version":[{"id":13250,"href":"https:\/\/mayankin.com\/es\/wp-json\/wp\/v2\/pages\/10940\/revisions\/13250"}],"wp:attachment":[{"href":"https:\/\/mayankin.com\/es\/wp-json\/wp\/v2\/media?parent=10940"}],"curies":[{"name":"wp","href":"https:\/\/api.w.org\/{rel}","templated":true}]}}