{"id":10938,"date":"2019-08-09T18:39:21","date_gmt":"2019-08-09T18:39:21","guid":{"rendered":"https:\/\/mayankin.com\/es\/?page_id=10938"},"modified":"2020-05-25T21:30:21","modified_gmt":"2020-05-26T04:30:21","slug":"talleres","status":"publish","type":"page","link":"https:\/\/mayankin.com\/es\/talleres\/","title":{"rendered":"Talleres"},"content":{"rendered":"\n<p>Los talleres se ofrecen online y en persona en Arizona o durante mis visitas a diferentes ciudades de los Estados Unidos y otros pa\u00edses. La duraci\u00f3n de los talleres var\u00eda entre 2-3 horas o medio d\u00eda cada uno, se puede hacer adentro o al aire libre y los aranceles var\u00edan seg\u00fan la cantidad de participantes y lo que incluya.<\/p>\n\n\n\n<p>Si vives en el \u00e1rea o visitas Sedona, AZ sola\/o o con otro grupo, podemos reunirnos para una actividad por la tarde basada en el Tzolkin o artesan\u00edas creativas.<\/p>\n\n\n\n<p>Favor aseg\u00farate de&nbsp;<a href=\"#mcsuscribe\">suscribir<\/a>&nbsp;a MayanKin para recibir novedades sobre nuevos talleres online o en persona. Si tienes inter\u00e9s en convocar un taller online o en tu \u00e1rea para tu comunidad, favor <a href=\"mailto:mariela@mayankin.com\">cont\u00e1ctame<\/a>&nbsp;para conversar.<\/p>\n\n\n\n<h4 class=\"wp-block-heading\">Talleres de Tzolkin<\/h4>\n\n\n\n<p>A trav\u00e9s de los a\u00f1os, he estado ofreciendo diferentes tipos de talleres y clases de Tzolkin para principiantes, niveles intermedios o avanzados. Algunos son divertidos y livianos solo para familiarizarse con los arquetipos y conceptos b\u00e1sicos de manera entretenida, y otros son m\u00e1s profundos, incluyendo otras capas y materiales. <\/p>\n\n\n\n<div class=\"wp-block-image\"><figure class=\"aligncenter size-large is-resized\"><img loading=\"lazy\" decoding=\"async\" src=\"https:\/\/mayankin.com\/es\/wp-content\/uploads\/2020\/05\/MayanKin-Mariela-Maya-BridgingWorlds-Tzolkin-Workshops.jpg\" alt=\"\" class=\"wp-image-13169\" width=\"570\" height=\"428\" srcset=\"https:\/\/mayankin.com\/es\/wp-content\/uploads\/2020\/05\/MayanKin-Mariela-Maya-BridgingWorlds-Tzolkin-Workshops.jpg 760w, https:\/\/mayankin.com\/es\/wp-content\/uploads\/2020\/05\/MayanKin-Mariela-Maya-BridgingWorlds-Tzolkin-Workshops-300x225.jpg 300w, https:\/\/mayankin.com\/es\/wp-content\/uploads\/2020\/05\/MayanKin-Mariela-Maya-BridgingWorlds-Tzolkin-Workshops-500x375.jpg 500w, https:\/\/mayankin.com\/es\/wp-content\/uploads\/2020\/05\/MayanKin-Mariela-Maya-BridgingWorlds-Tzolkin-Workshops-655x491.jpg 655w\" sizes=\"auto, (max-width: 570px) 100vw, 570px\" \/><\/figure><\/div>\n\n\n\n<p>Si quieres visitar la hermosa Sedona con un grupo durante un d\u00eda, un fin de semana o varios d\u00edas y est\u00e1s interesada\/o en aprender m\u00e1s sobre el Tzolkin, <a href=\"mailto:mariela@mayankin.com\">d\u00e9jame saber<\/a> y podemos ver opciones y presupuestos para crear un programa personalizado para ti.<\/p>\n\n\n\n<h4 class=\"wp-block-heading\">Talleres de Creatividad<\/h4>\n\n\n\n<p>Como Estrella El\u00e9ctrica Amarilla, desde que era peque\u00f1a mi principal pasi\u00f3n ha sido jugar con la creatividad y hacer artesan\u00edas coloridas.<\/p>\n\n\n\n<p>Hoy en d\u00eda, ofrezco diferentes tipos de talleres de creatividad basados en el Tzolkin, tradiciones ind\u00edgenas nativas americanas y otras, como tejer tu propio atrapasue\u00f1os, crear un \"talking stick\" (bast\u00f3n de mando para dar la palabra), hacer una bolsa de medicina o crear otros objetos sagrados basados en la cosmovisi\u00f3n andina y los cuatro elementos de la Rueda Medicinal.<\/p>\n\n\n\n<div class=\"wp-block-image\"><figure class=\"aligncenter size-large is-resized\"><img loading=\"lazy\" decoding=\"async\" src=\"https:\/\/mayankin.com\/es\/wp-content\/uploads\/2020\/05\/MayanKin-Mariela-Maya-BridgingWorlds-Tzolkin-Workshops-Dreamcatcher-in-Nature.jpg\" alt=\"\" class=\"wp-image-13170\" width=\"380\" height=\"380\" srcset=\"https:\/\/mayankin.com\/es\/wp-content\/uploads\/2020\/05\/MayanKin-Mariela-Maya-BridgingWorlds-Tzolkin-Workshops-Dreamcatcher-in-Nature.jpg 760w, https:\/\/mayankin.com\/es\/wp-content\/uploads\/2020\/05\/MayanKin-Mariela-Maya-BridgingWorlds-Tzolkin-Workshops-Dreamcatcher-in-Nature-300x300.jpg 300w, https:\/\/mayankin.com\/es\/wp-content\/uploads\/2020\/05\/MayanKin-Mariela-Maya-BridgingWorlds-Tzolkin-Workshops-Dreamcatcher-in-Nature-150x150.jpg 150w, https:\/\/mayankin.com\/es\/wp-content\/uploads\/2020\/05\/MayanKin-Mariela-Maya-BridgingWorlds-Tzolkin-Workshops-Dreamcatcher-in-Nature-500x500.jpg 500w, https:\/\/mayankin.com\/es\/wp-content\/uploads\/2020\/05\/MayanKin-Mariela-Maya-BridgingWorlds-Tzolkin-Workshops-Dreamcatcher-in-Nature-655x655.jpg 655w, https:\/\/mayankin.com\/es\/wp-content\/uploads\/2020\/05\/MayanKin-Mariela-Maya-BridgingWorlds-Tzolkin-Workshops-Dreamcatcher-in-Nature-180x180.jpg 180w\" sizes=\"auto, (max-width: 380px) 100vw, 380px\" \/><\/figure><\/div>\n\n\n\n<p>Otros talleres se basan en los chakras y diferentes tipos de bisuter\u00eda hechas con materiales naturales. En todos los casos, la intenci\u00f3n no es solo crear un objeto hermoso con tus propias manos, sino tambi\u00e9n infundirlo con significado y prop\u00f3sito y aprender sobre sus antecedentes y ense\u00f1anzas.<\/p>\n\n\n\n<p>Crear artesan\u00edas teniendo en cuenta tu Kin o energ\u00eda de nacimiento es muy inspirador y empoderante. De esta manera, cada pieza es \u00fanica y se relaciona con tus propias energ\u00edas del Tzolkin.<\/p>\n","protected":false},"excerpt":{"rendered":"<p>Los talleres se ofrecen online y en persona en Arizona o durante mis visitas a diferentes ciudades de los Estados Unidos y otros pa\u00edses. La duraci\u00f3n de los talleres var\u00eda entre 2-3 horas o medio d\u00eda cada uno, se puede hacer adentro o al aire libre y los aranceles var\u00edan seg\u00fan la cantidad de participantes [&hellip;]<\/p>\n","protected":false},"author":4,"featured_media":0,"parent":0,"menu_order":0,"comment_status":"closed","ping_status":"closed","template":"","meta":{"_monsterinsights_skip_tracking":false,"_monsterinsights_sitenote_active":false,"_monsterinsights_sitenote_note":"","_monsterinsights_sitenote_category":0,"_genesis_hide_title":false,"_genesis_hide_breadcrumbs":false,"_genesis_hide_singular_image":false,"_genesis_hide_footer_widgets":false,"_genesis_custom_body_class":"events","_genesis_custom_post_class":"","_genesis_layout":"","footnotes":""},"class_list":{"0":"post-10938","1":"page","2":"type-page","3":"status-publish","5":"entry","6":"has-post-thumbnail"},"yoast_head":"<!-- This site is optimized with the Yoast SEO plugin v26.6 - https:\/\/yoast.com\/wordpress\/plugins\/seo\/ -->\n<title>Tzolkin Talleres B\u00e1sico, Intermedio y Avanzado | MayanKin<\/title>\n<meta name=\"description\" content=\"Registrate a un taller para aprender m\u00e1s acerca del Tzolkin (niveles b\u00e1sico, intermedio y avanzado), y participa de un taller de creatividad\" \/>\n<meta name=\"robots\" content=\"index, follow, max-snippet:-1, max-image-preview:large, max-video-preview:-1\" \/>\n<link rel=\"canonical\" href=\"https:\/\/mayankin.com\/es\/talleres\/\" \/>\n<meta property=\"og:locale\" content=\"es_ES\" \/>\n<meta property=\"og:type\" content=\"article\" \/>\n<meta property=\"og:title\" content=\"Tzolkin Talleres B\u00e1sico, Intermedio y Avanzado | MayanKin\" \/>\n<meta property=\"og:description\" content=\"Registrate a un taller para aprender m\u00e1s acerca del Tzolkin (niveles b\u00e1sico, intermedio y avanzado), y participa de un taller de creatividad\" \/>\n<meta property=\"og:url\" content=\"https:\/\/mayankin.com\/es\/talleres\/\" \/>\n<meta property=\"og:site_name\" content=\"MayanKin\" \/>\n<meta property=\"article:publisher\" content=\"https:\/\/www.facebook.com\/MayanKinEspanol\/\" \/>\n<meta property=\"article:modified_time\" content=\"2020-05-26T04:30:21+00:00\" \/>\n<meta property=\"og:image\" content=\"https:\/\/mayankin.com\/es\/wp-content\/uploads\/2020\/05\/MayanKin-Mariela-Maya-BridgingWorlds-Tzolkin-Workshops.jpg\" \/>\n<meta name=\"twitter:card\" content=\"summary_large_image\" \/>\n<meta name=\"twitter:site\" content=\"@mayankin\" \/>\n<meta name=\"twitter:label1\" content=\"Tiempo de lectura\" \/>\n\t<meta name=\"twitter:data1\" content=\"2 minutos\" \/>\n<script type=\"application\/ld+json\" class=\"yoast-schema-graph\">{\"@context\":\"https:\/\/schema.org\",\"@graph\":[{\"@type\":\"WebPage\",\"@id\":\"https:\/\/mayankin.com\/es\/talleres\/\",\"url\":\"https:\/\/mayankin.com\/es\/talleres\/\",\"name\":\"Tzolkin Talleres B\u00e1sico, Intermedio y Avanzado | MayanKin\",\"isPartOf\":{\"@id\":\"https:\/\/mayankin.com\/es\/#website\"},\"primaryImageOfPage\":{\"@id\":\"https:\/\/mayankin.com\/es\/talleres\/#primaryimage\"},\"image\":{\"@id\":\"https:\/\/mayankin.com\/es\/talleres\/#primaryimage\"},\"thumbnailUrl\":\"https:\/\/mayankin.com\/es\/wp-content\/uploads\/2020\/05\/MayanKin-Mariela-Maya-BridgingWorlds-Tzolkin-Workshops.jpg\",\"datePublished\":\"2019-08-09T18:39:21+00:00\",\"dateModified\":\"2020-05-26T04:30:21+00:00\",\"description\":\"Registrate a un taller para aprender m\u00e1s acerca del Tzolkin (niveles b\u00e1sico, intermedio y avanzado), y participa de un taller de creatividad\",\"breadcrumb\":{\"@id\":\"https:\/\/mayankin.com\/es\/talleres\/#breadcrumb\"},\"inLanguage\":\"es\",\"potentialAction\":[{\"@type\":\"ReadAction\",\"target\":[\"https:\/\/mayankin.com\/es\/talleres\/\"]}]},{\"@type\":\"ImageObject\",\"inLanguage\":\"es\",\"@id\":\"https:\/\/mayankin.com\/es\/talleres\/#primaryimage\",\"url\":\"https:\/\/mayankin.com\/es\/wp-content\/uploads\/2020\/05\/MayanKin-Mariela-Maya-BridgingWorlds-Tzolkin-Workshops.jpg\",\"contentUrl\":\"https:\/\/mayankin.com\/es\/wp-content\/uploads\/2020\/05\/MayanKin-Mariela-Maya-BridgingWorlds-Tzolkin-Workshops.jpg\",\"width\":760,\"height\":570},{\"@type\":\"BreadcrumbList\",\"@id\":\"https:\/\/mayankin.com\/es\/talleres\/#breadcrumb\",\"itemListElement\":[{\"@type\":\"ListItem\",\"position\":1,\"name\":\"Portada\",\"item\":\"https:\/\/mayankin.com\/es\/\"},{\"@type\":\"ListItem\",\"position\":2,\"name\":\"Talleres\"}]},{\"@type\":\"WebSite\",\"@id\":\"https:\/\/mayankin.com\/es\/#website\",\"url\":\"https:\/\/mayankin.com\/es\/\",\"name\":\"MayanKin\",\"description\":\"\",\"publisher\":{\"@id\":\"https:\/\/mayankin.com\/es\/#organization\"},\"potentialAction\":[{\"@type\":\"SearchAction\",\"target\":{\"@type\":\"EntryPoint\",\"urlTemplate\":\"https:\/\/mayankin.com\/es\/?s={search_term_string}\"},\"query-input\":{\"@type\":\"PropertyValueSpecification\",\"valueRequired\":true,\"valueName\":\"search_term_string\"}}],\"inLanguage\":\"es\"},{\"@type\":\"Organization\",\"@id\":\"https:\/\/mayankin.com\/es\/#organization\",\"name\":\"MayanKin\",\"url\":\"https:\/\/mayankin.com\/es\/\",\"logo\":{\"@type\":\"ImageObject\",\"inLanguage\":\"es\",\"@id\":\"https:\/\/mayankin.com\/es\/#\/schema\/logo\/image\/\",\"url\":\"https:\/\/mayankin.com\/es\/wp-content\/uploads\/2020\/05\/MK-Logo-Redesign.png\",\"contentUrl\":\"https:\/\/mayankin.com\/es\/wp-content\/uploads\/2020\/05\/MK-Logo-Redesign.png\",\"width\":260,\"height\":105,\"caption\":\"MayanKin\"},\"image\":{\"@id\":\"https:\/\/mayankin.com\/es\/#\/schema\/logo\/image\/\"},\"sameAs\":[\"https:\/\/www.facebook.com\/MayanKinEspanol\/\",\"https:\/\/x.com\/mayankin\"]}]}<\/script>\n<!-- \/ Yoast SEO plugin. -->","yoast_head_json":{"title":"Tzolkin Talleres B\u00e1sico, Intermedio y Avanzado | MayanKin","description":"Registrate a un taller para aprender m\u00e1s acerca del Tzolkin (niveles b\u00e1sico, intermedio y avanzado), y participa de un taller de creatividad","robots":{"index":"index","follow":"follow","max-snippet":"max-snippet:-1","max-image-preview":"max-image-preview:large","max-video-preview":"max-video-preview:-1"},"canonical":"https:\/\/mayankin.com\/es\/talleres\/","og_locale":"es_ES","og_type":"article","og_title":"Tzolkin Talleres B\u00e1sico, Intermedio y Avanzado | MayanKin","og_description":"Registrate a un taller para aprender m\u00e1s acerca del Tzolkin (niveles b\u00e1sico, intermedio y avanzado), y participa de un taller de creatividad","og_url":"https:\/\/mayankin.com\/es\/talleres\/","og_site_name":"MayanKin","article_publisher":"https:\/\/www.facebook.com\/MayanKinEspanol\/","article_modified_time":"2020-05-26T04:30:21+00:00","og_image":[{"url":"https:\/\/mayankin.com\/es\/wp-content\/uploads\/2020\/05\/MayanKin-Mariela-Maya-BridgingWorlds-Tzolkin-Workshops.jpg","type":"","width":"","height":""}],"twitter_card":"summary_large_image","twitter_site":"@mayankin","twitter_misc":{"Tiempo de lectura":"2 minutos"},"schema":{"@context":"https:\/\/schema.org","@graph":[{"@type":"WebPage","@id":"https:\/\/mayankin.com\/es\/talleres\/","url":"https:\/\/mayankin.com\/es\/talleres\/","name":"Tzolkin Talleres B\u00e1sico, Intermedio y Avanzado | MayanKin","isPartOf":{"@id":"https:\/\/mayankin.com\/es\/#website"},"primaryImageOfPage":{"@id":"https:\/\/mayankin.com\/es\/talleres\/#primaryimage"},"image":{"@id":"https:\/\/mayankin.com\/es\/talleres\/#primaryimage"},"thumbnailUrl":"https:\/\/mayankin.com\/es\/wp-content\/uploads\/2020\/05\/MayanKin-Mariela-Maya-BridgingWorlds-Tzolkin-Workshops.jpg","datePublished":"2019-08-09T18:39:21+00:00","dateModified":"2020-05-26T04:30:21+00:00","description":"Registrate a un taller para aprender m\u00e1s acerca del Tzolkin (niveles b\u00e1sico, intermedio y avanzado), y participa de un taller de creatividad","breadcrumb":{"@id":"https:\/\/mayankin.com\/es\/talleres\/#breadcrumb"},"inLanguage":"es","potentialAction":[{"@type":"ReadAction","target":["https:\/\/mayankin.com\/es\/talleres\/"]}]},{"@type":"ImageObject","inLanguage":"es","@id":"https:\/\/mayankin.com\/es\/talleres\/#primaryimage","url":"https:\/\/mayankin.com\/es\/wp-content\/uploads\/2020\/05\/MayanKin-Mariela-Maya-BridgingWorlds-Tzolkin-Workshops.jpg","contentUrl":"https:\/\/mayankin.com\/es\/wp-content\/uploads\/2020\/05\/MayanKin-Mariela-Maya-BridgingWorlds-Tzolkin-Workshops.jpg","width":760,"height":570},{"@type":"BreadcrumbList","@id":"https:\/\/mayankin.com\/es\/talleres\/#breadcrumb","itemListElement":[{"@type":"ListItem","position":1,"name":"Portada","item":"https:\/\/mayankin.com\/es\/"},{"@type":"ListItem","position":2,"name":"Talleres"}]},{"@type":"WebSite","@id":"https:\/\/mayankin.com\/es\/#website","url":"https:\/\/mayankin.com\/es\/","name":"MayanKin","description":"","publisher":{"@id":"https:\/\/mayankin.com\/es\/#organization"},"potentialAction":[{"@type":"SearchAction","target":{"@type":"EntryPoint","urlTemplate":"https:\/\/mayankin.com\/es\/?s={search_term_string}"},"query-input":{"@type":"PropertyValueSpecification","valueRequired":true,"valueName":"search_term_string"}}],"inLanguage":"es"},{"@type":"Organization","@id":"https:\/\/mayankin.com\/es\/#organization","name":"MayanKin","url":"https:\/\/mayankin.com\/es\/","logo":{"@type":"ImageObject","inLanguage":"es","@id":"https:\/\/mayankin.com\/es\/#\/schema\/logo\/image\/","url":"https:\/\/mayankin.com\/es\/wp-content\/uploads\/2020\/05\/MK-Logo-Redesign.png","contentUrl":"https:\/\/mayankin.com\/es\/wp-content\/uploads\/2020\/05\/MK-Logo-Redesign.png","width":260,"height":105,"caption":"MayanKin"},"image":{"@id":"https:\/\/mayankin.com\/es\/#\/schema\/logo\/image\/"},"sameAs":["https:\/\/www.facebook.com\/MayanKinEspanol\/","https:\/\/x.com\/mayankin"]}]}},"_links":{"self":[{"href":"https:\/\/mayankin.com\/es\/wp-json\/wp\/v2\/pages\/10938","targetHints":{"allow":["GET"]}}],"collection":[{"href":"https:\/\/mayankin.com\/es\/wp-json\/wp\/v2\/pages"}],"about":[{"href":"https:\/\/mayankin.com\/es\/wp-json\/wp\/v2\/types\/page"}],"author":[{"embeddable":true,"href":"https:\/\/mayankin.com\/es\/wp-json\/wp\/v2\/users\/4"}],"replies":[{"embeddable":true,"href":"https:\/\/mayankin.com\/es\/wp-json\/wp\/v2\/comments?post=10938"}],"version-history":[{"count":17,"href":"https:\/\/mayankin.com\/es\/wp-json\/wp\/v2\/pages\/10938\/revisions"}],"predecessor-version":[{"id":13286,"href":"https:\/\/mayankin.com\/es\/wp-json\/wp\/v2\/pages\/10938\/revisions\/13286"}],"wp:attachment":[{"href":"https:\/\/mayankin.com\/es\/wp-json\/wp\/v2\/media?parent=10938"}],"curies":[{"name":"wp","href":"https:\/\/api.w.org\/{rel}","templated":true}]}}