{"id":10931,"date":"2019-08-09T18:34:41","date_gmt":"2019-08-09T18:34:41","guid":{"rendered":"https:\/\/mayankin.com\/es\/?page_id=10931"},"modified":"2020-05-25T21:22:25","modified_gmt":"2020-05-26T04:22:25","slug":"programa","status":"publish","type":"page","link":"https:\/\/mayankin.com\/es\/programa\/","title":{"rendered":"Programa Integral"},"content":{"rendered":"\n<p>Un Programa es una excelente manera de obtener una mejor comprensi\u00f3n y una visi\u00f3n m\u00e1s profunda desde distintas perspectivas acerca de tu camino personal y lo que necesitas en este momento. Adem\u00e1s de obtener la quinta sesi\u00f3n sin cargo, el beneficio de tener el Programa en lugar de lecturas individuales es que podemos explorar en varias sesiones muchos temas de manera m\u00e1s integral, mientras proporciono orientaci\u00f3n y apoyo, acompa\u00f1o el proceso y atiendo lo que vaya apareciendo.<\/p>\n\n\n\n<p>Cuando agendas el Programa, te pido que me dejes saber de antemano si solamente est\u00e1s interesada\/o en desarrolo personal, si quieres aprender m\u00e1s acerca del Tzolkin o ambas cosas. Me asegurar\u00e9 de compartir las sesiones de maneras que se alineen con tu inter\u00e9s y objetivos. <\/p>\n\n\n\n<p>El Programa consiste de 5 sesiones, las cuales se agendan de antemano en base a tus horarios: semanalmente, cada dos semanas, una vez por mes o con m\u00e1s flexibilidad de ser necesario. Despu\u00e9s de la \u00faltima sesi\u00f3n, tendr\u00e1s un buen resumen y herramientas pr\u00e1cticas para que contin\u00faes explorando y trabajando por tu cuenta en lo cotidiano.<\/p>\n\n\n\n<p>Las sesiones incluidas son:<\/p>\n\n\n\n<h4 class=\"wp-block-heading\">Sesi\u00f3n 1 \u2013 Or\u00e1culo de Nacimiento<\/h4>\n\n\n\n<div class=\"wp-block-image\"><figure class=\"alignleft size-large is-resized\"><img loading=\"lazy\" decoding=\"async\" src=\"https:\/\/mayankin.com\/es\/wp-content\/uploads\/2019\/08\/MarielaMaya-MayanKin-BridgingWorlds-Lectura-Oraculo-Nacimiento-PGF.png\" alt=\"\" class=\"wp-image-12461\" width=\"125\" height=\"125\" srcset=\"https:\/\/mayankin.com\/es\/wp-content\/uploads\/2019\/08\/MarielaMaya-MayanKin-BridgingWorlds-Lectura-Oraculo-Nacimiento-PGF.png 500w, https:\/\/mayankin.com\/es\/wp-content\/uploads\/2019\/08\/MarielaMaya-MayanKin-BridgingWorlds-Lectura-Oraculo-Nacimiento-PGF-300x300.png 300w, https:\/\/mayankin.com\/es\/wp-content\/uploads\/2019\/08\/MarielaMaya-MayanKin-BridgingWorlds-Lectura-Oraculo-Nacimiento-PGF-150x150.png 150w, https:\/\/mayankin.com\/es\/wp-content\/uploads\/2019\/08\/MarielaMaya-MayanKin-BridgingWorlds-Lectura-Oraculo-Nacimiento-PGF-180x180.png 180w\" sizes=\"auto, (max-width: 125px) 100vw, 125px\" \/><\/figure><\/div>\n\n\n\n<p>Cubriremos los distintos componentes de tu <a href=\"https:\/\/mayankin.com\/es\/oraculos\/\">Or\u00e1culo de Nacimiento<\/a> incluyendo tu Kin de Destino, Poder Gu\u00eda, An\u00e1logo, Oculto y Desaf\u00edo, como as\u00ed tambi\u00e9n tu Tono Lunar, Onda Encantada, Castillo y A\u00f1o. Veremos cada arquetipo desde los aspectos de luz y sombra y formas de transformaci\u00f3n e integraci\u00f3n. <\/p>\n\n\n\n<h4 class=\"wp-block-heading\">Sesi\u00f3n 2 \u2013 Or\u00e1culos de Tr\u00e1nsito<\/h4>\n\n\n\n<div class=\"wp-block-image\"><figure class=\"alignleft size-full is-resized\"><img loading=\"lazy\" decoding=\"async\" src=\"https:\/\/mayankin.com\/es\/wp-content\/uploads\/2019\/08\/MarielaMaya-MayanKin-BridgingWorlds-Lectura-Oraculo-Transito.png\" alt=\"\" class=\"wp-image-13278\" width=\"125\" height=\"125\" srcset=\"https:\/\/mayankin.com\/es\/wp-content\/uploads\/2019\/08\/MarielaMaya-MayanKin-BridgingWorlds-Lectura-Oraculo-Transito.png 500w, https:\/\/mayankin.com\/es\/wp-content\/uploads\/2019\/08\/MarielaMaya-MayanKin-BridgingWorlds-Lectura-Oraculo-Transito-300x300.png 300w, https:\/\/mayankin.com\/es\/wp-content\/uploads\/2019\/08\/MarielaMaya-MayanKin-BridgingWorlds-Lectura-Oraculo-Transito-150x150.png 150w, https:\/\/mayankin.com\/es\/wp-content\/uploads\/2019\/08\/MarielaMaya-MayanKin-BridgingWorlds-Lectura-Oraculo-Transito-180x180.png 180w\" sizes=\"auto, (max-width: 125px) 100vw, 125px\" \/><\/figure><\/div>\n\n\n\n<p>Veremos tus <a href=\"https:\/\/mayankin.com\/es\/oraculos\/\">Or\u00e1culos de Tr\u00e1nsito<\/a> por tres a\u00f1os seguidos (a\u00f1o pasado, este a\u00f1o y el a\u00f1o que viene) como una transici\u00f3n desde la perspectiva energ\u00e9tica para entender de d\u00f3nde vienes, d\u00f3nde est\u00e1s hoy y hacia d\u00f3nde vas. El \u00e9nfasis ser\u00e1 en tu Or\u00e1culo de Tr\u00e1nsito actual (desde tu \u00faltimo cumplea\u00f1os hasta el pr\u00f3ximo). <\/p>\n\n\n\n<h4 class=\"wp-block-heading\">Sesi\u00f3n 3 \u2013 Onda Encantada de Nacimiento<\/h4>\n\n\n\n<div class=\"wp-block-image\"><figure class=\"alignleft size-large is-resized\"><img loading=\"lazy\" decoding=\"async\" src=\"https:\/\/mayankin.com\/es\/wp-content\/uploads\/2019\/08\/MarielaMaya-MayanKin-BridgingWorlds-Sesion-Onda-Encantada-Nacimiento-PGF.png\" alt=\"\" class=\"wp-image-12467\" width=\"125\" height=\"125\" srcset=\"https:\/\/mayankin.com\/es\/wp-content\/uploads\/2019\/08\/MarielaMaya-MayanKin-BridgingWorlds-Sesion-Onda-Encantada-Nacimiento-PGF.png 500w, https:\/\/mayankin.com\/es\/wp-content\/uploads\/2019\/08\/MarielaMaya-MayanKin-BridgingWorlds-Sesion-Onda-Encantada-Nacimiento-PGF-300x300.png 300w, https:\/\/mayankin.com\/es\/wp-content\/uploads\/2019\/08\/MarielaMaya-MayanKin-BridgingWorlds-Sesion-Onda-Encantada-Nacimiento-PGF-150x150.png 150w, https:\/\/mayankin.com\/es\/wp-content\/uploads\/2019\/08\/MarielaMaya-MayanKin-BridgingWorlds-Sesion-Onda-Encantada-Nacimiento-PGF-180x180.png 180w\" sizes=\"auto, (max-width: 125px) 100vw, 125px\" \/><\/figure><\/div>\n\n\n\n<p>Exploraremos los 13 Kines de tu <a href=\"https:\/\/mayankin.com\/es\/onda-encantada\/\">Onda Encantada de Nacimiento<\/a>, veremos que representa cada uno y aprender\u00e1s a c\u00f3mo usar esta gran herramienta para prop\u00f3sitos de planificaci\u00f3n. Compartir\u00e9 una meditaci\u00f3n guiada mostr\u00e1ndote c\u00f3mo corporizar tu Onda Encantada al moverla f\u00edsicamente, sintiendo las energ\u00edas en tu cuerpo y lo significa para ti en general. <\/p>\n\n\n\n<h4 class=\"wp-block-heading\">Sesi\u00f3n 4 \u2013 Castillo de Destino<\/h4>\n\n\n\n<div class=\"wp-block-image\"><figure class=\"alignleft size-large is-resized\"><img loading=\"lazy\" decoding=\"async\" src=\"https:\/\/mayankin.com\/es\/wp-content\/uploads\/2019\/08\/MarielaMaya-MayanKin-BridgingWorlds-Sesion-Lectura-Castillo-del-Destino-PGF.png\" alt=\"\" class=\"wp-image-12469\" width=\"125\" height=\"125\" srcset=\"https:\/\/mayankin.com\/es\/wp-content\/uploads\/2019\/08\/MarielaMaya-MayanKin-BridgingWorlds-Sesion-Lectura-Castillo-del-Destino-PGF.png 500w, https:\/\/mayankin.com\/es\/wp-content\/uploads\/2019\/08\/MarielaMaya-MayanKin-BridgingWorlds-Sesion-Lectura-Castillo-del-Destino-PGF-300x300.png 300w, https:\/\/mayankin.com\/es\/wp-content\/uploads\/2019\/08\/MarielaMaya-MayanKin-BridgingWorlds-Sesion-Lectura-Castillo-del-Destino-PGF-150x150.png 150w, https:\/\/mayankin.com\/es\/wp-content\/uploads\/2019\/08\/MarielaMaya-MayanKin-BridgingWorlds-Sesion-Lectura-Castillo-del-Destino-PGF-180x180.png 180w\" sizes=\"auto, (max-width: 125px) 100vw, 125px\" \/><\/figure><\/div>\n\n\n\n<p>Esta es la lectura m\u00e1s completa de todas, donde veremos tu Familia Terrestre, cambios energ\u00e9ticos, comienzos y fines de per\u00edodos importantes de 13 a\u00f1os, y fechas relevantes dentro de tu <a href=\"https:\/\/mayankin.com\/es\/castillo-del-destino\/\">patr\u00f3n de 52 a\u00f1os<\/a>. Esto te servir\u00e1 como hoja de ruta para despejar cualquier cosa del pasado y elegir a conciencia en el presente y futuro.<\/p>\n\n\n\n<h4 class=\"wp-block-heading\">Sesi\u00f3n 5 \u2013 Planificaci\u00f3n o Rueda Medicinal + Integraci\u00f3n<\/h4>\n\n\n\n<p>En esta \u00faltima sesi\u00f3n, la cual est\u00e1 incluida sin costo cuando agendas el Programa, puedes elegir entre la lectura de <a href=\"https:\/\/mayankin.com\/es\/rueda-medicinal\/\">Rueda Medicinal<\/a> o una sesi\u00f3n de <a href=\"https:\/\/mayankin.com\/es\/planificacion\/\">Planificaci\u00f3n<\/a>. La decisi\u00f3n puede hacerse al comienzo del Programa o a m\u00e1s tardar en la cuarta sesi\u00f3n para darme tiempo de preparar tu documento en base a tu elecci\u00f3n.<\/p>\n\n\n\n<div class=\"wp-block-image\"><figure class=\"alignleft size-large is-resized\"><img loading=\"lazy\" decoding=\"async\" src=\"https:\/\/mayankin.com\/es\/wp-content\/uploads\/2019\/08\/MarielaMaya-MayanKin-BridgingWorlds-Sesion-Rueda-Medicinal-FIF.png\" alt=\"\" class=\"wp-image-12472\" width=\"100\" height=\"100\" srcset=\"https:\/\/mayankin.com\/es\/wp-content\/uploads\/2019\/08\/MarielaMaya-MayanKin-BridgingWorlds-Sesion-Rueda-Medicinal-FIF.png 500w, https:\/\/mayankin.com\/es\/wp-content\/uploads\/2019\/08\/MarielaMaya-MayanKin-BridgingWorlds-Sesion-Rueda-Medicinal-FIF-300x300.png 300w, https:\/\/mayankin.com\/es\/wp-content\/uploads\/2019\/08\/MarielaMaya-MayanKin-BridgingWorlds-Sesion-Rueda-Medicinal-FIF-150x150.png 150w, https:\/\/mayankin.com\/es\/wp-content\/uploads\/2019\/08\/MarielaMaya-MayanKin-BridgingWorlds-Sesion-Rueda-Medicinal-FIF-180x180.png 180w\" sizes=\"auto, (max-width: 100px) 100vw, 100px\" \/><\/figure><\/div>\n\n\n\n<p>Una opci\u00f3n es explorar los distintos aspectos de tu Rueda Medicinal en correlaci\u00f3n con tu Onda Encantada de Nacimiento y ver cu\u00e1les Kines se relacionan con tus niveles de sanaci\u00f3n espiritual, f\u00edsico, emocional y mental.<\/p>\n\n\n\n<div class=\"wp-block-image\"><figure class=\"alignright size-large is-resized\"><img loading=\"lazy\" decoding=\"async\" src=\"https:\/\/mayankin.com\/es\/wp-content\/uploads\/2019\/08\/MarielaMaya-MayanKin-BridgingWorlds-Sesion-Planificacion-Personal-Agendar-PGF.png\" alt=\"\" class=\"wp-image-12471\" width=\"100\" height=\"100\" srcset=\"https:\/\/mayankin.com\/es\/wp-content\/uploads\/2019\/08\/MarielaMaya-MayanKin-BridgingWorlds-Sesion-Planificacion-Personal-Agendar-PGF.png 500w, https:\/\/mayankin.com\/es\/wp-content\/uploads\/2019\/08\/MarielaMaya-MayanKin-BridgingWorlds-Sesion-Planificacion-Personal-Agendar-PGF-300x300.png 300w, https:\/\/mayankin.com\/es\/wp-content\/uploads\/2019\/08\/MarielaMaya-MayanKin-BridgingWorlds-Sesion-Planificacion-Personal-Agendar-PGF-150x150.png 150w, https:\/\/mayankin.com\/es\/wp-content\/uploads\/2019\/08\/MarielaMaya-MayanKin-BridgingWorlds-Sesion-Planificacion-Personal-Agendar-PGF-180x180.png 180w\" sizes=\"auto, (max-width: 100px) 100vw, 100px\" \/><\/figure><\/div>\n\n\n\n<p>La otra opci\u00f3n es trabajar con la matriz de Tzolkin para el ciclo actual con fines de planificaci\u00f3n e identificar cu\u00e1les d\u00edas son los m\u00e1s beneficiosos para ti para agendar ciertas actividades y eventos. Si tienes tu Agenda Diaria Tzolkin, la podemos personalizar tambi\u00e9n.<\/p>\n\n\n\n<p>En\nambos casos, usaremos el resto de la sesi\u00f3n para integraci\u00f3n, mientras le damos\ncierre al Programa y respondo a cualquier pregunta que puedas tener.<\/p>\n\n\n\n<div class=\"wp-block-image\"><figure class=\"aligncenter is-resized\"><img loading=\"lazy\" decoding=\"async\" src=\"https:\/\/mayankin.com\/es\/wp-content\/uploads\/2018\/10\/mayankin-site-icon.png\" alt=\"\" class=\"wp-image-149\" width=\"52\" height=\"52\" srcset=\"https:\/\/mayankin.com\/es\/wp-content\/uploads\/2018\/10\/mayankin-site-icon.png 512w, https:\/\/mayankin.com\/es\/wp-content\/uploads\/2018\/10\/mayankin-site-icon-500x500.png 500w, https:\/\/mayankin.com\/es\/wp-content\/uploads\/2018\/10\/mayankin-site-icon-180x180.png 180w, https:\/\/mayankin.com\/es\/wp-content\/uploads\/2018\/10\/mayankin-site-icon-150x150.png 150w, https:\/\/mayankin.com\/es\/wp-content\/uploads\/2018\/10\/mayankin-site-icon-300x300.png 300w\" sizes=\"auto, (max-width: 52px) 100vw, 52px\" \/><\/figure><\/div>\n\n\n\n<p>El Programa incluye tarea del hogar y ejercicios simples, si quieres y mientras tus horarios as\u00ed lo permitan. Esto te dar\u00e1 la oportunidad de poner en pr\u00e1ctica lo que compartimos en cada sesi\u00f3n, y obtener claridad en tu camino, experiencias y relaciones para que puedas cambiar lo que quieras. <\/p>\n\n\n\n<p>El Programa deber ser agendado y pagado por adelantado. Preparar\u00e9 cinco documentos personalizados para ti, los cuales ser\u00e1n enviados alrededor de cada sesi\u00f3n. Al final del Programa, recibir\u00e1s un documento completo incluyendo todas las lecturas y gr\u00e1ficos, el cual te servir\u00e1 como una herramienta valiosa que puedes usar para el resto de tu vida. <\/p>\n\n\n\n<h4 class=\"internal-links wp-block-heading\"><a href=\"https:\/\/mayankin.com\/es\/product\/programa-integral\/\">C\u00f3mo Agendo el Programa?<\/a><\/h4>\n\n\n\n<h4 class=\"internal-links wp-block-heading\"><a href=\"https:\/\/mayankin.com\/es\/sesiones\/\">Qu\u00e9 tipo de Sesiones ofreces?<\/a><\/h4>\n","protected":false},"excerpt":{"rendered":"<p>Un Programa es una excelente manera de obtener una mejor comprensi\u00f3n y una visi\u00f3n m\u00e1s profunda desde distintas perspectivas acerca de tu camino personal y lo que necesitas en este momento. Adem\u00e1s de obtener la quinta sesi\u00f3n sin cargo, el beneficio de tener el Programa en lugar de lecturas individuales es que podemos explorar en [&hellip;]<\/p>\n","protected":false},"author":4,"featured_media":0,"parent":0,"menu_order":0,"comment_status":"closed","ping_status":"closed","template":"","meta":{"_monsterinsights_skip_tracking":false,"_monsterinsights_sitenote_active":false,"_monsterinsights_sitenote_note":"","_monsterinsights_sitenote_category":0,"_genesis_hide_title":false,"_genesis_hide_breadcrumbs":false,"_genesis_hide_singular_image":false,"_genesis_hide_footer_widgets":false,"_genesis_custom_body_class":"services","_genesis_custom_post_class":"","_genesis_layout":"","footnotes":""},"class_list":{"0":"post-10931","1":"page","2":"type-page","3":"status-publish","5":"entry"},"yoast_head":"<!-- This site is optimized with the Yoast SEO plugin v26.6 - https:\/\/yoast.com\/wordpress\/plugins\/seo\/ -->\n<title>Programa Integral incluyendo Cinco Lecturas de Tzolkin! | MayanKin<\/title>\n<meta name=\"description\" content=\"Agenda este Programa Integral de 5 sesiones para recibir informaci\u00f3n valiosa a trav\u00e9s de lecturas de Tzolkin y obtener claridad en tu proceso de vida\" \/>\n<meta name=\"robots\" content=\"index, follow, max-snippet:-1, max-image-preview:large, max-video-preview:-1\" \/>\n<link rel=\"canonical\" href=\"https:\/\/mayankin.com\/es\/programa\/\" \/>\n<meta property=\"og:locale\" content=\"es_ES\" \/>\n<meta property=\"og:type\" content=\"article\" \/>\n<meta property=\"og:title\" content=\"Programa Integral incluyendo Cinco Lecturas de Tzolkin! | MayanKin\" \/>\n<meta property=\"og:description\" content=\"Agenda este Programa Integral de 5 sesiones para recibir informaci\u00f3n valiosa a trav\u00e9s de lecturas de Tzolkin y obtener claridad en tu proceso de vida\" \/>\n<meta property=\"og:url\" content=\"https:\/\/mayankin.com\/es\/programa\/\" \/>\n<meta property=\"og:site_name\" content=\"MayanKin\" \/>\n<meta property=\"article:publisher\" content=\"https:\/\/www.facebook.com\/MayanKinEspanol\/\" \/>\n<meta property=\"article:modified_time\" content=\"2020-05-26T04:22:25+00:00\" \/>\n<meta property=\"og:image\" content=\"https:\/\/mayankin.com\/es\/wp-content\/uploads\/2019\/08\/MarielaMaya-MayanKin-BridgingWorlds-Lectura-Oraculo-Nacimiento-PGF.png\" \/>\n<meta name=\"twitter:card\" content=\"summary_large_image\" \/>\n<meta name=\"twitter:site\" content=\"@mayankin\" \/>\n<meta name=\"twitter:label1\" content=\"Tiempo de lectura\" \/>\n\t<meta name=\"twitter:data1\" content=\"4 minutos\" \/>\n<script type=\"application\/ld+json\" class=\"yoast-schema-graph\">{\"@context\":\"https:\/\/schema.org\",\"@graph\":[{\"@type\":\"WebPage\",\"@id\":\"https:\/\/mayankin.com\/es\/programa\/\",\"url\":\"https:\/\/mayankin.com\/es\/programa\/\",\"name\":\"Programa Integral incluyendo Cinco Lecturas de Tzolkin! | MayanKin\",\"isPartOf\":{\"@id\":\"https:\/\/mayankin.com\/es\/#website\"},\"primaryImageOfPage\":{\"@id\":\"https:\/\/mayankin.com\/es\/programa\/#primaryimage\"},\"image\":{\"@id\":\"https:\/\/mayankin.com\/es\/programa\/#primaryimage\"},\"thumbnailUrl\":\"https:\/\/mayankin.com\/es\/wp-content\/uploads\/2019\/08\/MarielaMaya-MayanKin-BridgingWorlds-Lectura-Oraculo-Nacimiento-PGF.png\",\"datePublished\":\"2019-08-09T18:34:41+00:00\",\"dateModified\":\"2020-05-26T04:22:25+00:00\",\"description\":\"Agenda este Programa Integral de 5 sesiones para recibir informaci\u00f3n valiosa a trav\u00e9s de lecturas de Tzolkin y obtener claridad en tu proceso de vida\",\"breadcrumb\":{\"@id\":\"https:\/\/mayankin.com\/es\/programa\/#breadcrumb\"},\"inLanguage\":\"es\",\"potentialAction\":[{\"@type\":\"ReadAction\",\"target\":[\"https:\/\/mayankin.com\/es\/programa\/\"]}]},{\"@type\":\"ImageObject\",\"inLanguage\":\"es\",\"@id\":\"https:\/\/mayankin.com\/es\/programa\/#primaryimage\",\"url\":\"https:\/\/mayankin.com\/es\/wp-content\/uploads\/2019\/08\/MarielaMaya-MayanKin-BridgingWorlds-Lectura-Oraculo-Nacimiento-PGF.png\",\"contentUrl\":\"https:\/\/mayankin.com\/es\/wp-content\/uploads\/2019\/08\/MarielaMaya-MayanKin-BridgingWorlds-Lectura-Oraculo-Nacimiento-PGF.png\",\"width\":500,\"height\":500},{\"@type\":\"BreadcrumbList\",\"@id\":\"https:\/\/mayankin.com\/es\/programa\/#breadcrumb\",\"itemListElement\":[{\"@type\":\"ListItem\",\"position\":1,\"name\":\"Portada\",\"item\":\"https:\/\/mayankin.com\/es\/\"},{\"@type\":\"ListItem\",\"position\":2,\"name\":\"Programa Integral\"}]},{\"@type\":\"WebSite\",\"@id\":\"https:\/\/mayankin.com\/es\/#website\",\"url\":\"https:\/\/mayankin.com\/es\/\",\"name\":\"MayanKin\",\"description\":\"\",\"publisher\":{\"@id\":\"https:\/\/mayankin.com\/es\/#organization\"},\"potentialAction\":[{\"@type\":\"SearchAction\",\"target\":{\"@type\":\"EntryPoint\",\"urlTemplate\":\"https:\/\/mayankin.com\/es\/?s={search_term_string}\"},\"query-input\":{\"@type\":\"PropertyValueSpecification\",\"valueRequired\":true,\"valueName\":\"search_term_string\"}}],\"inLanguage\":\"es\"},{\"@type\":\"Organization\",\"@id\":\"https:\/\/mayankin.com\/es\/#organization\",\"name\":\"MayanKin\",\"url\":\"https:\/\/mayankin.com\/es\/\",\"logo\":{\"@type\":\"ImageObject\",\"inLanguage\":\"es\",\"@id\":\"https:\/\/mayankin.com\/es\/#\/schema\/logo\/image\/\",\"url\":\"https:\/\/mayankin.com\/es\/wp-content\/uploads\/2020\/05\/MK-Logo-Redesign.png\",\"contentUrl\":\"https:\/\/mayankin.com\/es\/wp-content\/uploads\/2020\/05\/MK-Logo-Redesign.png\",\"width\":260,\"height\":105,\"caption\":\"MayanKin\"},\"image\":{\"@id\":\"https:\/\/mayankin.com\/es\/#\/schema\/logo\/image\/\"},\"sameAs\":[\"https:\/\/www.facebook.com\/MayanKinEspanol\/\",\"https:\/\/x.com\/mayankin\"]}]}<\/script>\n<!-- \/ Yoast SEO plugin. -->","yoast_head_json":{"title":"Programa Integral incluyendo Cinco Lecturas de Tzolkin! | MayanKin","description":"Agenda este Programa Integral de 5 sesiones para recibir informaci\u00f3n valiosa a trav\u00e9s de lecturas de Tzolkin y obtener claridad en tu proceso de vida","robots":{"index":"index","follow":"follow","max-snippet":"max-snippet:-1","max-image-preview":"max-image-preview:large","max-video-preview":"max-video-preview:-1"},"canonical":"https:\/\/mayankin.com\/es\/programa\/","og_locale":"es_ES","og_type":"article","og_title":"Programa Integral incluyendo Cinco Lecturas de Tzolkin! | MayanKin","og_description":"Agenda este Programa Integral de 5 sesiones para recibir informaci\u00f3n valiosa a trav\u00e9s de lecturas de Tzolkin y obtener claridad en tu proceso de vida","og_url":"https:\/\/mayankin.com\/es\/programa\/","og_site_name":"MayanKin","article_publisher":"https:\/\/www.facebook.com\/MayanKinEspanol\/","article_modified_time":"2020-05-26T04:22:25+00:00","og_image":[{"url":"https:\/\/mayankin.com\/es\/wp-content\/uploads\/2019\/08\/MarielaMaya-MayanKin-BridgingWorlds-Lectura-Oraculo-Nacimiento-PGF.png","type":"","width":"","height":""}],"twitter_card":"summary_large_image","twitter_site":"@mayankin","twitter_misc":{"Tiempo de lectura":"4 minutos"},"schema":{"@context":"https:\/\/schema.org","@graph":[{"@type":"WebPage","@id":"https:\/\/mayankin.com\/es\/programa\/","url":"https:\/\/mayankin.com\/es\/programa\/","name":"Programa Integral incluyendo Cinco Lecturas de Tzolkin! | MayanKin","isPartOf":{"@id":"https:\/\/mayankin.com\/es\/#website"},"primaryImageOfPage":{"@id":"https:\/\/mayankin.com\/es\/programa\/#primaryimage"},"image":{"@id":"https:\/\/mayankin.com\/es\/programa\/#primaryimage"},"thumbnailUrl":"https:\/\/mayankin.com\/es\/wp-content\/uploads\/2019\/08\/MarielaMaya-MayanKin-BridgingWorlds-Lectura-Oraculo-Nacimiento-PGF.png","datePublished":"2019-08-09T18:34:41+00:00","dateModified":"2020-05-26T04:22:25+00:00","description":"Agenda este Programa Integral de 5 sesiones para recibir informaci\u00f3n valiosa a trav\u00e9s de lecturas de Tzolkin y obtener claridad en tu proceso de vida","breadcrumb":{"@id":"https:\/\/mayankin.com\/es\/programa\/#breadcrumb"},"inLanguage":"es","potentialAction":[{"@type":"ReadAction","target":["https:\/\/mayankin.com\/es\/programa\/"]}]},{"@type":"ImageObject","inLanguage":"es","@id":"https:\/\/mayankin.com\/es\/programa\/#primaryimage","url":"https:\/\/mayankin.com\/es\/wp-content\/uploads\/2019\/08\/MarielaMaya-MayanKin-BridgingWorlds-Lectura-Oraculo-Nacimiento-PGF.png","contentUrl":"https:\/\/mayankin.com\/es\/wp-content\/uploads\/2019\/08\/MarielaMaya-MayanKin-BridgingWorlds-Lectura-Oraculo-Nacimiento-PGF.png","width":500,"height":500},{"@type":"BreadcrumbList","@id":"https:\/\/mayankin.com\/es\/programa\/#breadcrumb","itemListElement":[{"@type":"ListItem","position":1,"name":"Portada","item":"https:\/\/mayankin.com\/es\/"},{"@type":"ListItem","position":2,"name":"Programa Integral"}]},{"@type":"WebSite","@id":"https:\/\/mayankin.com\/es\/#website","url":"https:\/\/mayankin.com\/es\/","name":"MayanKin","description":"","publisher":{"@id":"https:\/\/mayankin.com\/es\/#organization"},"potentialAction":[{"@type":"SearchAction","target":{"@type":"EntryPoint","urlTemplate":"https:\/\/mayankin.com\/es\/?s={search_term_string}"},"query-input":{"@type":"PropertyValueSpecification","valueRequired":true,"valueName":"search_term_string"}}],"inLanguage":"es"},{"@type":"Organization","@id":"https:\/\/mayankin.com\/es\/#organization","name":"MayanKin","url":"https:\/\/mayankin.com\/es\/","logo":{"@type":"ImageObject","inLanguage":"es","@id":"https:\/\/mayankin.com\/es\/#\/schema\/logo\/image\/","url":"https:\/\/mayankin.com\/es\/wp-content\/uploads\/2020\/05\/MK-Logo-Redesign.png","contentUrl":"https:\/\/mayankin.com\/es\/wp-content\/uploads\/2020\/05\/MK-Logo-Redesign.png","width":260,"height":105,"caption":"MayanKin"},"image":{"@id":"https:\/\/mayankin.com\/es\/#\/schema\/logo\/image\/"},"sameAs":["https:\/\/www.facebook.com\/MayanKinEspanol\/","https:\/\/x.com\/mayankin"]}]}},"_links":{"self":[{"href":"https:\/\/mayankin.com\/es\/wp-json\/wp\/v2\/pages\/10931","targetHints":{"allow":["GET"]}}],"collection":[{"href":"https:\/\/mayankin.com\/es\/wp-json\/wp\/v2\/pages"}],"about":[{"href":"https:\/\/mayankin.com\/es\/wp-json\/wp\/v2\/types\/page"}],"author":[{"embeddable":true,"href":"https:\/\/mayankin.com\/es\/wp-json\/wp\/v2\/users\/4"}],"replies":[{"embeddable":true,"href":"https:\/\/mayankin.com\/es\/wp-json\/wp\/v2\/comments?post=10931"}],"version-history":[{"count":32,"href":"https:\/\/mayankin.com\/es\/wp-json\/wp\/v2\/pages\/10931\/revisions"}],"predecessor-version":[{"id":13281,"href":"https:\/\/mayankin.com\/es\/wp-json\/wp\/v2\/pages\/10931\/revisions\/13281"}],"wp:attachment":[{"href":"https:\/\/mayankin.com\/es\/wp-json\/wp\/v2\/media?parent=10931"}],"curies":[{"name":"wp","href":"https:\/\/api.w.org\/{rel}","templated":true}]}}