{"id":10929,"date":"2019-08-09T18:31:47","date_gmt":"2019-08-09T18:31:47","guid":{"rendered":"https:\/\/mayankin.com\/es\/?page_id=10929"},"modified":"2020-05-25T21:20:59","modified_gmt":"2020-05-26T04:20:59","slug":"planificacion","status":"publish","type":"page","link":"https:\/\/mayankin.com\/es\/planificacion\/","title":{"rendered":"Planificaci\u00f3n Personal"},"content":{"rendered":"\n<p>Cada d\u00eda del Tzolkin tiene una influencia sobre todos nosotros. Mientras que la energ\u00eda diaria es igual para todos, quiz\u00e1 tenga un significado diferente para ti dependiendo de lo que representa en tu or\u00e1culo personal. Sintonizar con el ciclo y planificar tus d\u00edas de manera que funcione epec\u00edficamente para ti trae un nuevo enfoque a tu vida lleno de magia y sincronicidades! <\/p>\n\n\n\n<p>Una vez que te familiarizas con tu <a href=\"https:\/\/mayankin.com\/es\/product\/oraculo-de-nacimiento\/\">Or\u00e1culo de Nacimiento<\/a>, la mejor manera de integrar el Tzolkin a tu vida diaria es planificando tus d\u00edas de formas m\u00e1s divertidas y con sentido y que sea lo m\u00e1s beneficioso para ti en base a tus propias energ\u00edas. De esta manera, cuando programes tus citas y actividades, tambi\u00e9n las impregnar\u00e1s con un significado y prop\u00f3sito m\u00e1s profundo.<\/p>\n\n\n\n<p>Durante esta sesi\u00f3n trabajamos con tu Or\u00e1culo personal y la matriz de Tzolkin para el ciclo actual. Primero identificaremos cuales d\u00edas son m\u00e1s ventajosos para que hagas -o no hagas- ciertas cosas y poder armar un plan en base a tus objetivos y qu\u00e9 quieres lograr. Vemos d\u00edas relevantes, tr\u00e1nsitos y otros temas que se destaquen y tambi\u00e9n tendremos en consideraci\u00f3n si tienes algo importante en el pron\u00f3stico que quieras elegir las mejores fechas para ello.<\/p>\n\n\n\n<div class=\"wp-block-image\"><figure class=\"aligncenter size-large is-resized\"><img loading=\"lazy\" decoding=\"async\" src=\"https:\/\/mayankin.com\/es\/wp-content\/uploads\/2019\/11\/MarielaMaya-MayanKin-BridgingWorlds-Sesion-Planificacion-Personal-PGF.png\" alt=\"\" class=\"wp-image-12458\" width=\"250\" height=\"378\" srcset=\"https:\/\/mayankin.com\/es\/wp-content\/uploads\/2019\/11\/MarielaMaya-MayanKin-BridgingWorlds-Sesion-Planificacion-Personal-PGF.png 500w, https:\/\/mayankin.com\/es\/wp-content\/uploads\/2019\/11\/MarielaMaya-MayanKin-BridgingWorlds-Sesion-Planificacion-Personal-PGF-199x300.png 199w\" sizes=\"auto, (max-width: 250px) 100vw, 250px\" \/><\/figure><\/div>\n\n\n\n<p>Si tienes tu agenda <a href=\"https:\/\/mayankin.com\/es\/product\/agenda-diaria-tzolkin\/\">Agenda Diaria Tzolkin<\/a>, la podemos personalizar y usar durante la sesi\u00f3n. De lo contrario, trae la agenda que normalmente usas y podemos trabajar con ella tambi\u00e9n.<\/p>\n\n\n\n<p>Vemos cuando es tu Cumplea\u00f1os Gal\u00e1ctico y cuando comienza tu Onda Encantada de Nacimiento, ya que estos d\u00edas son los m\u00e1s relevantes para ti. Compartir\u00e9 algunas ideas acerca de c\u00f3mo los puedes experimentar. Si no est\u00e1s familiarizada\/o con tu Onda Encantada de Nacimiento, puedes agendar una <a href=\"https:\/\/mayankin.com\/es\/product\/onda-encantada-de-nacimiento\/\">lectura<\/a> para saber su significado con mayor profundidad y maneras de integrarla para enriquecer tu vida.<\/p>\n\n\n\n<p> Nota: Si el Tzolkin es nuevo para ti, es necesario primero tener tu lectura de <a href=\"https:\/\/mayankin.com\/es\/oraculos\/\">Or\u00e1culo de Nacimiento<\/a>.<\/p>\n\n\n\n<h4 class=\"internal-links wp-block-heading\"><a href=\"https:\/\/mayankin.com\/es\/product\/planificacion-personal\/\">C\u00f3mo Agendo mi Sesi\u00f3n de Planificaci\u00f3n?<\/a><\/h4>\n\n\n\n<h4 class=\"internal-links wp-block-heading\"><a href=\"https:\/\/mayankin.com\/es\/lecturas\/\">Qu\u00e9 otras Lecturas est\u00e1n disponibles?<\/a><\/h4>\n\n\n\n<h4 class=\"internal-links wp-block-heading\"><a href=\"https:\/\/mayankin.com\/es\/sesiones\/\">Qu\u00e9 tipo de Sesiones ofreces?<\/a><\/h4>\n\n\n\n<h4 class=\"internal-links wp-block-heading\"><a href=\"https:\/\/mayankin.com\/es\/viajes-para-el-alma\/\">Qu\u00e9 tal si planifico un Viaje?<\/a><\/h4>\n","protected":false},"excerpt":{"rendered":"<p>Cada d\u00eda del Tzolkin tiene una influencia sobre todos nosotros. Mientras que la energ\u00eda diaria es igual para todos, quiz\u00e1 tenga un significado diferente para ti dependiendo de lo que representa en tu or\u00e1culo personal. Sintonizar con el ciclo y planificar tus d\u00edas de manera que funcione epec\u00edficamente para ti trae un nuevo enfoque a [&hellip;]<\/p>\n","protected":false},"author":4,"featured_media":0,"parent":0,"menu_order":0,"comment_status":"closed","ping_status":"closed","template":"","meta":{"_monsterinsights_skip_tracking":false,"_monsterinsights_sitenote_active":false,"_monsterinsights_sitenote_note":"","_monsterinsights_sitenote_category":0,"_genesis_hide_title":false,"_genesis_hide_breadcrumbs":false,"_genesis_hide_singular_image":false,"_genesis_hide_footer_widgets":false,"_genesis_custom_body_class":"services","_genesis_custom_post_class":"","_genesis_layout":"","footnotes":""},"class_list":{"0":"post-10929","1":"page","2":"type-page","3":"status-publish","5":"entry","6":"has-post-thumbnail"},"yoast_head":"<!-- This site is optimized with the Yoast SEO plugin v26.6 - https:\/\/yoast.com\/wordpress\/plugins\/seo\/ -->\n<title>Planifica tus D\u00edas de Manera m\u00e1s Divertida Usando el Tzolkin | MayanKin<\/title>\n<meta name=\"description\" content=\"Planifica tus d\u00edas de maneras mas creativas y significativas al integrar el Tzolkin a tu vida diaria y personalizarlo en base a tu Or\u00e1culo personal\" \/>\n<meta name=\"robots\" content=\"index, follow, max-snippet:-1, max-image-preview:large, max-video-preview:-1\" \/>\n<link rel=\"canonical\" href=\"https:\/\/mayankin.com\/es\/planificacion\/\" \/>\n<meta property=\"og:locale\" content=\"es_ES\" \/>\n<meta property=\"og:type\" content=\"article\" \/>\n<meta property=\"og:title\" content=\"Planifica tus D\u00edas de Manera m\u00e1s Divertida Usando el Tzolkin | MayanKin\" \/>\n<meta property=\"og:description\" content=\"Planifica tus d\u00edas de maneras mas creativas y significativas al integrar el Tzolkin a tu vida diaria y personalizarlo en base a tu Or\u00e1culo personal\" \/>\n<meta property=\"og:url\" content=\"https:\/\/mayankin.com\/es\/planificacion\/\" \/>\n<meta property=\"og:site_name\" content=\"MayanKin\" \/>\n<meta property=\"article:publisher\" content=\"https:\/\/www.facebook.com\/MayanKinEspanol\/\" \/>\n<meta property=\"article:modified_time\" content=\"2020-05-26T04:20:59+00:00\" \/>\n<meta property=\"og:image\" content=\"https:\/\/mayankin.com\/es\/wp-content\/uploads\/2019\/11\/MarielaMaya-MayanKin-BridgingWorlds-Sesion-Planificacion-Personal-PGF.png\" \/>\n<meta name=\"twitter:card\" content=\"summary_large_image\" \/>\n<meta name=\"twitter:site\" content=\"@mayankin\" \/>\n<meta name=\"twitter:label1\" content=\"Tiempo de lectura\" \/>\n\t<meta name=\"twitter:data1\" content=\"2 minutos\" \/>\n<script type=\"application\/ld+json\" class=\"yoast-schema-graph\">{\"@context\":\"https:\/\/schema.org\",\"@graph\":[{\"@type\":\"WebPage\",\"@id\":\"https:\/\/mayankin.com\/es\/planificacion\/\",\"url\":\"https:\/\/mayankin.com\/es\/planificacion\/\",\"name\":\"Planifica tus D\u00edas de Manera m\u00e1s Divertida Usando el Tzolkin | MayanKin\",\"isPartOf\":{\"@id\":\"https:\/\/mayankin.com\/es\/#website\"},\"primaryImageOfPage\":{\"@id\":\"https:\/\/mayankin.com\/es\/planificacion\/#primaryimage\"},\"image\":{\"@id\":\"https:\/\/mayankin.com\/es\/planificacion\/#primaryimage\"},\"thumbnailUrl\":\"https:\/\/mayankin.com\/es\/wp-content\/uploads\/2019\/11\/MarielaMaya-MayanKin-BridgingWorlds-Sesion-Planificacion-Personal-PGF.png\",\"datePublished\":\"2019-08-09T18:31:47+00:00\",\"dateModified\":\"2020-05-26T04:20:59+00:00\",\"description\":\"Planifica tus d\u00edas de maneras mas creativas y significativas al integrar el Tzolkin a tu vida diaria y personalizarlo en base a tu Or\u00e1culo personal\",\"breadcrumb\":{\"@id\":\"https:\/\/mayankin.com\/es\/planificacion\/#breadcrumb\"},\"inLanguage\":\"es\",\"potentialAction\":[{\"@type\":\"ReadAction\",\"target\":[\"https:\/\/mayankin.com\/es\/planificacion\/\"]}]},{\"@type\":\"ImageObject\",\"inLanguage\":\"es\",\"@id\":\"https:\/\/mayankin.com\/es\/planificacion\/#primaryimage\",\"url\":\"https:\/\/mayankin.com\/es\/wp-content\/uploads\/2019\/11\/MarielaMaya-MayanKin-BridgingWorlds-Sesion-Planificacion-Personal-PGF.png\",\"contentUrl\":\"https:\/\/mayankin.com\/es\/wp-content\/uploads\/2019\/11\/MarielaMaya-MayanKin-BridgingWorlds-Sesion-Planificacion-Personal-PGF.png\",\"width\":500,\"height\":755},{\"@type\":\"BreadcrumbList\",\"@id\":\"https:\/\/mayankin.com\/es\/planificacion\/#breadcrumb\",\"itemListElement\":[{\"@type\":\"ListItem\",\"position\":1,\"name\":\"Portada\",\"item\":\"https:\/\/mayankin.com\/es\/\"},{\"@type\":\"ListItem\",\"position\":2,\"name\":\"Planificaci\u00f3n Personal\"}]},{\"@type\":\"WebSite\",\"@id\":\"https:\/\/mayankin.com\/es\/#website\",\"url\":\"https:\/\/mayankin.com\/es\/\",\"name\":\"MayanKin\",\"description\":\"\",\"publisher\":{\"@id\":\"https:\/\/mayankin.com\/es\/#organization\"},\"potentialAction\":[{\"@type\":\"SearchAction\",\"target\":{\"@type\":\"EntryPoint\",\"urlTemplate\":\"https:\/\/mayankin.com\/es\/?s={search_term_string}\"},\"query-input\":{\"@type\":\"PropertyValueSpecification\",\"valueRequired\":true,\"valueName\":\"search_term_string\"}}],\"inLanguage\":\"es\"},{\"@type\":\"Organization\",\"@id\":\"https:\/\/mayankin.com\/es\/#organization\",\"name\":\"MayanKin\",\"url\":\"https:\/\/mayankin.com\/es\/\",\"logo\":{\"@type\":\"ImageObject\",\"inLanguage\":\"es\",\"@id\":\"https:\/\/mayankin.com\/es\/#\/schema\/logo\/image\/\",\"url\":\"https:\/\/mayankin.com\/es\/wp-content\/uploads\/2020\/05\/MK-Logo-Redesign.png\",\"contentUrl\":\"https:\/\/mayankin.com\/es\/wp-content\/uploads\/2020\/05\/MK-Logo-Redesign.png\",\"width\":260,\"height\":105,\"caption\":\"MayanKin\"},\"image\":{\"@id\":\"https:\/\/mayankin.com\/es\/#\/schema\/logo\/image\/\"},\"sameAs\":[\"https:\/\/www.facebook.com\/MayanKinEspanol\/\",\"https:\/\/x.com\/mayankin\"]}]}<\/script>\n<!-- \/ Yoast SEO plugin. -->","yoast_head_json":{"title":"Planifica tus D\u00edas de Manera m\u00e1s Divertida Usando el Tzolkin | MayanKin","description":"Planifica tus d\u00edas de maneras mas creativas y significativas al integrar el Tzolkin a tu vida diaria y personalizarlo en base a tu Or\u00e1culo personal","robots":{"index":"index","follow":"follow","max-snippet":"max-snippet:-1","max-image-preview":"max-image-preview:large","max-video-preview":"max-video-preview:-1"},"canonical":"https:\/\/mayankin.com\/es\/planificacion\/","og_locale":"es_ES","og_type":"article","og_title":"Planifica tus D\u00edas de Manera m\u00e1s Divertida Usando el Tzolkin | MayanKin","og_description":"Planifica tus d\u00edas de maneras mas creativas y significativas al integrar el Tzolkin a tu vida diaria y personalizarlo en base a tu Or\u00e1culo personal","og_url":"https:\/\/mayankin.com\/es\/planificacion\/","og_site_name":"MayanKin","article_publisher":"https:\/\/www.facebook.com\/MayanKinEspanol\/","article_modified_time":"2020-05-26T04:20:59+00:00","og_image":[{"url":"https:\/\/mayankin.com\/es\/wp-content\/uploads\/2019\/11\/MarielaMaya-MayanKin-BridgingWorlds-Sesion-Planificacion-Personal-PGF.png","type":"","width":"","height":""}],"twitter_card":"summary_large_image","twitter_site":"@mayankin","twitter_misc":{"Tiempo de lectura":"2 minutos"},"schema":{"@context":"https:\/\/schema.org","@graph":[{"@type":"WebPage","@id":"https:\/\/mayankin.com\/es\/planificacion\/","url":"https:\/\/mayankin.com\/es\/planificacion\/","name":"Planifica tus D\u00edas de Manera m\u00e1s Divertida Usando el Tzolkin | MayanKin","isPartOf":{"@id":"https:\/\/mayankin.com\/es\/#website"},"primaryImageOfPage":{"@id":"https:\/\/mayankin.com\/es\/planificacion\/#primaryimage"},"image":{"@id":"https:\/\/mayankin.com\/es\/planificacion\/#primaryimage"},"thumbnailUrl":"https:\/\/mayankin.com\/es\/wp-content\/uploads\/2019\/11\/MarielaMaya-MayanKin-BridgingWorlds-Sesion-Planificacion-Personal-PGF.png","datePublished":"2019-08-09T18:31:47+00:00","dateModified":"2020-05-26T04:20:59+00:00","description":"Planifica tus d\u00edas de maneras mas creativas y significativas al integrar el Tzolkin a tu vida diaria y personalizarlo en base a tu Or\u00e1culo personal","breadcrumb":{"@id":"https:\/\/mayankin.com\/es\/planificacion\/#breadcrumb"},"inLanguage":"es","potentialAction":[{"@type":"ReadAction","target":["https:\/\/mayankin.com\/es\/planificacion\/"]}]},{"@type":"ImageObject","inLanguage":"es","@id":"https:\/\/mayankin.com\/es\/planificacion\/#primaryimage","url":"https:\/\/mayankin.com\/es\/wp-content\/uploads\/2019\/11\/MarielaMaya-MayanKin-BridgingWorlds-Sesion-Planificacion-Personal-PGF.png","contentUrl":"https:\/\/mayankin.com\/es\/wp-content\/uploads\/2019\/11\/MarielaMaya-MayanKin-BridgingWorlds-Sesion-Planificacion-Personal-PGF.png","width":500,"height":755},{"@type":"BreadcrumbList","@id":"https:\/\/mayankin.com\/es\/planificacion\/#breadcrumb","itemListElement":[{"@type":"ListItem","position":1,"name":"Portada","item":"https:\/\/mayankin.com\/es\/"},{"@type":"ListItem","position":2,"name":"Planificaci\u00f3n Personal"}]},{"@type":"WebSite","@id":"https:\/\/mayankin.com\/es\/#website","url":"https:\/\/mayankin.com\/es\/","name":"MayanKin","description":"","publisher":{"@id":"https:\/\/mayankin.com\/es\/#organization"},"potentialAction":[{"@type":"SearchAction","target":{"@type":"EntryPoint","urlTemplate":"https:\/\/mayankin.com\/es\/?s={search_term_string}"},"query-input":{"@type":"PropertyValueSpecification","valueRequired":true,"valueName":"search_term_string"}}],"inLanguage":"es"},{"@type":"Organization","@id":"https:\/\/mayankin.com\/es\/#organization","name":"MayanKin","url":"https:\/\/mayankin.com\/es\/","logo":{"@type":"ImageObject","inLanguage":"es","@id":"https:\/\/mayankin.com\/es\/#\/schema\/logo\/image\/","url":"https:\/\/mayankin.com\/es\/wp-content\/uploads\/2020\/05\/MK-Logo-Redesign.png","contentUrl":"https:\/\/mayankin.com\/es\/wp-content\/uploads\/2020\/05\/MK-Logo-Redesign.png","width":260,"height":105,"caption":"MayanKin"},"image":{"@id":"https:\/\/mayankin.com\/es\/#\/schema\/logo\/image\/"},"sameAs":["https:\/\/www.facebook.com\/MayanKinEspanol\/","https:\/\/x.com\/mayankin"]}]}},"_links":{"self":[{"href":"https:\/\/mayankin.com\/es\/wp-json\/wp\/v2\/pages\/10929","targetHints":{"allow":["GET"]}}],"collection":[{"href":"https:\/\/mayankin.com\/es\/wp-json\/wp\/v2\/pages"}],"about":[{"href":"https:\/\/mayankin.com\/es\/wp-json\/wp\/v2\/types\/page"}],"author":[{"embeddable":true,"href":"https:\/\/mayankin.com\/es\/wp-json\/wp\/v2\/users\/4"}],"replies":[{"embeddable":true,"href":"https:\/\/mayankin.com\/es\/wp-json\/wp\/v2\/comments?post=10929"}],"version-history":[{"count":19,"href":"https:\/\/mayankin.com\/es\/wp-json\/wp\/v2\/pages\/10929\/revisions"}],"predecessor-version":[{"id":13789,"href":"https:\/\/mayankin.com\/es\/wp-json\/wp\/v2\/pages\/10929\/revisions\/13789"}],"wp:attachment":[{"href":"https:\/\/mayankin.com\/es\/wp-json\/wp\/v2\/media?parent=10929"}],"curies":[{"name":"wp","href":"https:\/\/api.w.org\/{rel}","templated":true}]}}