{"id":10926,"date":"2019-08-09T18:22:39","date_gmt":"2019-08-09T18:22:39","guid":{"rendered":"https:\/\/mayankin.com\/es\/?page_id=10926"},"modified":"2021-04-18T22:53:01","modified_gmt":"2021-04-19T05:53:01","slug":"sesiones","status":"publish","type":"page","link":"https:\/\/mayankin.com\/es\/sesiones\/","title":{"rendered":"Sesiones"},"content":{"rendered":"\n<p> Durante m\u00e1s de dos d\u00e9cadas, he estado estudiando, experimentando y compartiendo diferentes tipos de herramientas creativas y modalidades para vivir a conciencia, las cuales he incorporado a mi pr\u00e1ctica y vida cotidiana.<\/p>\n\n\n\n<p> Si bien las lecturas que ofrezco se basan en el Tzolkin como una referencia, las sesiones en s\u00ed no son acerca de la herramienta, sino<em> sobre ti<\/em>! Combino otras t\u00e9cnicas y experiencias con tus necesidades de manera intuitiva lo que me permite darte una visi\u00f3n general y una gu\u00eda clara basada en lo que deseas, y c\u00f3mo puedes aplicar e integrar lo que compartimos de maneras pr\u00e1cticas. Y, si a\u00fan no sabes lo que quieres, tambi\u00e9n lo abordaremos \ud83d\ude42<\/p>\n\n\n\n<p>Tal vez est\u00e9s atravesando por una transici\u00f3n o te sientes atrapada\/o en medio de una encrucijada. Quiz\u00e1s ciertos aspectos de tu vida se sientan en este momento como un desaf\u00edo o hayan viejas heridas que sanar. Es posible que solo quieras jugar, divertirte y aprender algo significativo. O tal vez sientas un llamado interno para hacer una diferencia en el mundo, y no sabes c\u00f3mo.<\/p>\n\n\n\n<p>Dejando a un lado cualquier circunstancia personal, todos buscamos cosas similares...<\/p>\n\n\n\n<ul class=\"wp-block-list\"><li>Estar sanos en todos los niveles<\/li><li>Estar presentes, seguros y centrados<\/li><li>Poder manifestar lo que queremos<\/li><li>Ser exitosos en lo que hacemos<\/li><li>Ser m\u00e1s amorosos hacia uno mismo y con los dem\u00e1s<\/li><li>Estar en relaciones enriquecedoras y aut\u00e9nticas<\/li><li>Discernir qu\u00e9 es lo mejor en cada momento<\/li><li>Tener experiencias bellas y creativas<\/li><li>Tener una conexi\u00f3n profunda con la naturaleza<\/li><li>Disfrutar de la vida de maneras m\u00e1s inspiradoras<\/li><li>Sentirse parte de algo m\u00e1s grande que uno mismo<\/li><li>Contribuir a crear un mundo mejor para todos<\/li><li>Y m\u00e1s\u2026<\/li><\/ul>\n\n\n\n<p>Mientras trabajamos con tu intenci\u00f3n personal, el prop\u00f3sito de estas sesiones es que obtengas claridad en tu camino, que seas consciente de tus elecciones y, lo m\u00e1s importante, que te sientas libre y empoderada\/o para ser t\u00fa misma\/o! <\/p>\n\n\n\n<p>Cuando trabajamos junta\/os por primera vez, una excelente manera de comenzar es con una <a href=\"https:\/\/mayankin.com\/es\/lecturas\/\">lectura<\/a>, ya que proporciona una comprensi\u00f3n m\u00e1s profunda de lo que se debe abordar y tambi\u00e9n presenta ideas sobre c\u00f3mo avanzar. En cualquiera de las lecturas, primero hago referencia a las energ\u00edas que est\u00e1s actualmente transitando, algo que se destaque, fechas relevantes y pr\u00f3ximos cambios. Comparto algunas ideas y peque\u00f1os rituales relacionados con lo que puedes hacer para aprovechar de estos tr\u00e1nsitos en funci\u00f3n de lo que est\u00e9s buscando. <\/p>\n\n\n\n<p>Las sesiones pueden ser en general o enfocadas en temas espec\u00edficos. Tambi\u00e9n pueden estar dedicadas a la <a href=\"https:\/\/mayankin.com\/es\/planificacion\/\">planificaci\u00f3n<\/a>, donde trabajamos con la matriz de Tzolkin para el ciclo actual y vemos cu\u00e1les d\u00edas son m\u00e1s beneficiosos para que hagas -o no hagas- ciertas cosas.<\/p>\n\n\n\n<p>Una lectura en s\u00ed misma es muy especial y se vuelve a\u00fan m\u00e1s poderosa cuando acompa\u00f1amos el proceso junta\/os. Al agendar m\u00e1s de una sesi\u00f3n o el <a href=\"https:\/\/mayankin.com\/es\/product\/programa-integral\/\" target=\"_blank\" rel=\"noreferrer noopener\">Programa<\/a> de Tzolkin Integral, si quieres tambi\u00e9n te doy tareas y ejercicios muy simples a fin de que trabajes entre sesiones y para que podamos continuar explorando m\u00e1s all\u00e1, incluyendo lo que pueda surgir en el \u00ednterin. <\/p>\n\n\n\n<p>Adem\u00e1s de utilizar el Tzolkin en mi pr\u00e1ctica de coaching, tambi\u00e9n trabajo con el sistema de Chakras, la Rueda Medicinal, Cosmovisi\u00f3n Andina y Creatividad, entre otros. Estas son excelentes herramientas para el crecimiento y la transformaci\u00f3n personal y, cuando se combinan, se vuelven a\u00fan m\u00e1s potentes para expandir la conciencia, la inspiraci\u00f3n y el empoderamiento. El paquete de <a href=\"https:\/\/mayankin.com\/es\/product\/sesiones-especiales\/\" target=\"_blank\" rel=\"noreferrer noopener\">Sesiones<\/a> Especiales provee orientaci\u00f3n sobre c\u00f3mo liberar bloqueos y activar tu energ\u00eda para experimentar fluidez, sentirte mejor y tener m\u00e1s claridad para crear la vida que deseas.<\/p>\n\n\n\n<p>Si necesitas orientaci\u00f3n acerca de cu\u00e1l sesi\u00f3n o programa elegir, o si solo est\u00e1s interesada\/o en coaching, encontr\u00e9monos por tel\u00e9fono o Zoom para discutir tus necesidades espec\u00edficas para que podamos dise\u00f1ar un plan basado en tus intenciones, tiempo y presupuesto. Para programar una llamada gratuita de 30 minutos y conversar acerca de opciones de coaching, env\u00edame un <a href=\"mailto:mariela@mayankin.com\">mensaje<\/a>.<\/p>\n\n\n\n<p>Muchas personas se centran principalmente en su crecimiento personal y su proceso consciente, algunas quieren saber m\u00e1s sobre el Tzolkin como herramienta, y otras est\u00e1n interesadas en ambas cosas. Cuando nos reunamos, d\u00e9jame saber cu\u00e1l es tu inter\u00e9s y me asegurar\u00e9 de que las sesiones se basen en tus objetivos. <\/p>\n\n\n\n<p>Quiero aclarar que la informaci\u00f3n y orientaci\u00f3n que proveo son compatibles con cualquier sistema de creencias. No es exclusivo, sino incluyente de otros enfoques o pr\u00e1ctica espiritual. <\/p>\n\n\n\n<p>Si vives en o cerca de Sedona, Arizona, las sesiones se pueden realizar en persona. De lo contrario, podemos encontrarnos por tel\u00e9fono, Zoom o Whatsapp, independientemente de donde sea tu localidad en el mundo. Tendremos en consideraci\u00f3n la diferencia de zona horaria y nos aseguraremos de encontrar una hora c\u00f3moda que funcione bien para amba\/os.<\/p>\n\n\n\n<p>Espero conocerte uno-a-uno en un ambiente feliz, sagrado y seguro para comenzar a explorar tus energ\u00edas en breve! <\/p>\n\n\n\n<h4 class=\"internal-links wp-block-heading\"><a href=\"https:\/\/mayankin.com\/es\/lecturas\/\">Qu\u00e9 tipo de Lecturas ofreces? <\/a><\/h4>\n\n\n\n<h4 class=\"internal-links wp-block-heading\"><a href=\"https:\/\/mayankin.com\/es\/programa\/\">Qu\u00e9 es un Programa?<\/a><\/h4>\n\n\n\n<h4 class=\"internal-links wp-block-heading\"><a href=\"https:\/\/mayankin.com\/es\/product-category\/sesiones\/\">C\u00f3mo Agendo una Sesi\u00f3n\/Lectura\/Programa?<\/a><\/h4>\n","protected":false},"excerpt":{"rendered":"<p>Durante m\u00e1s de dos d\u00e9cadas, he estado estudiando, experimentando y compartiendo diferentes tipos de herramientas creativas y modalidades para vivir a conciencia, las cuales he incorporado a mi pr\u00e1ctica y vida cotidiana. Si bien las lecturas que ofrezco se basan en el Tzolkin como una referencia, las sesiones en s\u00ed no son acerca de la [&hellip;]<\/p>\n","protected":false},"author":4,"featured_media":0,"parent":0,"menu_order":0,"comment_status":"closed","ping_status":"closed","template":"","meta":{"_monsterinsights_skip_tracking":false,"_monsterinsights_sitenote_active":false,"_monsterinsights_sitenote_note":"","_monsterinsights_sitenote_category":0,"_genesis_hide_title":false,"_genesis_hide_breadcrumbs":false,"_genesis_hide_singular_image":false,"_genesis_hide_footer_widgets":false,"_genesis_custom_body_class":"services","_genesis_custom_post_class":"","_genesis_layout":"","footnotes":""},"class_list":{"0":"post-10926","1":"page","2":"type-page","3":"status-publish","5":"entry"},"yoast_head":"<!-- This site is optimized with the Yoast SEO plugin v26.6 - https:\/\/yoast.com\/wordpress\/plugins\/seo\/ -->\n<title>Sesiones Personales y Lecturas de Tzolkin Intuitivas | MayanKin<\/title>\n<meta name=\"description\" content=\"Lista\/o para un cambio? Agenda una sesi\u00f3n personal o lectura intuitiva en base al Tzolkin y otras herramientas creativas para vivir a conciencia\" \/>\n<meta name=\"robots\" content=\"index, follow, max-snippet:-1, max-image-preview:large, max-video-preview:-1\" \/>\n<link rel=\"canonical\" href=\"https:\/\/mayankin.com\/es\/sesiones\/\" \/>\n<meta property=\"og:locale\" content=\"es_ES\" \/>\n<meta property=\"og:type\" content=\"article\" \/>\n<meta property=\"og:title\" content=\"Sesiones Personales y Lecturas de Tzolkin Intuitivas | MayanKin\" \/>\n<meta property=\"og:description\" content=\"Lista\/o para un cambio? Agenda una sesi\u00f3n personal o lectura intuitiva en base al Tzolkin y otras herramientas creativas para vivir a conciencia\" \/>\n<meta property=\"og:url\" content=\"https:\/\/mayankin.com\/es\/sesiones\/\" \/>\n<meta property=\"og:site_name\" content=\"MayanKin\" \/>\n<meta property=\"article:publisher\" content=\"https:\/\/www.facebook.com\/MayanKinEspanol\/\" \/>\n<meta property=\"article:modified_time\" content=\"2021-04-19T05:53:01+00:00\" \/>\n<meta name=\"twitter:card\" content=\"summary_large_image\" \/>\n<meta name=\"twitter:site\" content=\"@mayankin\" \/>\n<meta name=\"twitter:label1\" content=\"Tiempo de lectura\" \/>\n\t<meta name=\"twitter:data1\" content=\"4 minutos\" \/>\n<script type=\"application\/ld+json\" class=\"yoast-schema-graph\">{\"@context\":\"https:\/\/schema.org\",\"@graph\":[{\"@type\":\"WebPage\",\"@id\":\"https:\/\/mayankin.com\/es\/sesiones\/\",\"url\":\"https:\/\/mayankin.com\/es\/sesiones\/\",\"name\":\"Sesiones Personales y Lecturas de Tzolkin Intuitivas | MayanKin\",\"isPartOf\":{\"@id\":\"https:\/\/mayankin.com\/es\/#website\"},\"datePublished\":\"2019-08-09T18:22:39+00:00\",\"dateModified\":\"2021-04-19T05:53:01+00:00\",\"description\":\"Lista\/o para un cambio? Agenda una sesi\u00f3n personal o lectura intuitiva en base al Tzolkin y otras herramientas creativas para vivir a conciencia\",\"breadcrumb\":{\"@id\":\"https:\/\/mayankin.com\/es\/sesiones\/#breadcrumb\"},\"inLanguage\":\"es\",\"potentialAction\":[{\"@type\":\"ReadAction\",\"target\":[\"https:\/\/mayankin.com\/es\/sesiones\/\"]}]},{\"@type\":\"BreadcrumbList\",\"@id\":\"https:\/\/mayankin.com\/es\/sesiones\/#breadcrumb\",\"itemListElement\":[{\"@type\":\"ListItem\",\"position\":1,\"name\":\"Portada\",\"item\":\"https:\/\/mayankin.com\/es\/\"},{\"@type\":\"ListItem\",\"position\":2,\"name\":\"Sesiones\"}]},{\"@type\":\"WebSite\",\"@id\":\"https:\/\/mayankin.com\/es\/#website\",\"url\":\"https:\/\/mayankin.com\/es\/\",\"name\":\"MayanKin\",\"description\":\"\",\"publisher\":{\"@id\":\"https:\/\/mayankin.com\/es\/#organization\"},\"potentialAction\":[{\"@type\":\"SearchAction\",\"target\":{\"@type\":\"EntryPoint\",\"urlTemplate\":\"https:\/\/mayankin.com\/es\/?s={search_term_string}\"},\"query-input\":{\"@type\":\"PropertyValueSpecification\",\"valueRequired\":true,\"valueName\":\"search_term_string\"}}],\"inLanguage\":\"es\"},{\"@type\":\"Organization\",\"@id\":\"https:\/\/mayankin.com\/es\/#organization\",\"name\":\"MayanKin\",\"url\":\"https:\/\/mayankin.com\/es\/\",\"logo\":{\"@type\":\"ImageObject\",\"inLanguage\":\"es\",\"@id\":\"https:\/\/mayankin.com\/es\/#\/schema\/logo\/image\/\",\"url\":\"https:\/\/mayankin.com\/es\/wp-content\/uploads\/2020\/05\/MK-Logo-Redesign.png\",\"contentUrl\":\"https:\/\/mayankin.com\/es\/wp-content\/uploads\/2020\/05\/MK-Logo-Redesign.png\",\"width\":260,\"height\":105,\"caption\":\"MayanKin\"},\"image\":{\"@id\":\"https:\/\/mayankin.com\/es\/#\/schema\/logo\/image\/\"},\"sameAs\":[\"https:\/\/www.facebook.com\/MayanKinEspanol\/\",\"https:\/\/x.com\/mayankin\"]}]}<\/script>\n<!-- \/ Yoast SEO plugin. -->","yoast_head_json":{"title":"Sesiones Personales y Lecturas de Tzolkin Intuitivas | MayanKin","description":"Lista\/o para un cambio? Agenda una sesi\u00f3n personal o lectura intuitiva en base al Tzolkin y otras herramientas creativas para vivir a conciencia","robots":{"index":"index","follow":"follow","max-snippet":"max-snippet:-1","max-image-preview":"max-image-preview:large","max-video-preview":"max-video-preview:-1"},"canonical":"https:\/\/mayankin.com\/es\/sesiones\/","og_locale":"es_ES","og_type":"article","og_title":"Sesiones Personales y Lecturas de Tzolkin Intuitivas | MayanKin","og_description":"Lista\/o para un cambio? Agenda una sesi\u00f3n personal o lectura intuitiva en base al Tzolkin y otras herramientas creativas para vivir a conciencia","og_url":"https:\/\/mayankin.com\/es\/sesiones\/","og_site_name":"MayanKin","article_publisher":"https:\/\/www.facebook.com\/MayanKinEspanol\/","article_modified_time":"2021-04-19T05:53:01+00:00","twitter_card":"summary_large_image","twitter_site":"@mayankin","twitter_misc":{"Tiempo de lectura":"4 minutos"},"schema":{"@context":"https:\/\/schema.org","@graph":[{"@type":"WebPage","@id":"https:\/\/mayankin.com\/es\/sesiones\/","url":"https:\/\/mayankin.com\/es\/sesiones\/","name":"Sesiones Personales y Lecturas de Tzolkin Intuitivas | MayanKin","isPartOf":{"@id":"https:\/\/mayankin.com\/es\/#website"},"datePublished":"2019-08-09T18:22:39+00:00","dateModified":"2021-04-19T05:53:01+00:00","description":"Lista\/o para un cambio? Agenda una sesi\u00f3n personal o lectura intuitiva en base al Tzolkin y otras herramientas creativas para vivir a conciencia","breadcrumb":{"@id":"https:\/\/mayankin.com\/es\/sesiones\/#breadcrumb"},"inLanguage":"es","potentialAction":[{"@type":"ReadAction","target":["https:\/\/mayankin.com\/es\/sesiones\/"]}]},{"@type":"BreadcrumbList","@id":"https:\/\/mayankin.com\/es\/sesiones\/#breadcrumb","itemListElement":[{"@type":"ListItem","position":1,"name":"Portada","item":"https:\/\/mayankin.com\/es\/"},{"@type":"ListItem","position":2,"name":"Sesiones"}]},{"@type":"WebSite","@id":"https:\/\/mayankin.com\/es\/#website","url":"https:\/\/mayankin.com\/es\/","name":"MayanKin","description":"","publisher":{"@id":"https:\/\/mayankin.com\/es\/#organization"},"potentialAction":[{"@type":"SearchAction","target":{"@type":"EntryPoint","urlTemplate":"https:\/\/mayankin.com\/es\/?s={search_term_string}"},"query-input":{"@type":"PropertyValueSpecification","valueRequired":true,"valueName":"search_term_string"}}],"inLanguage":"es"},{"@type":"Organization","@id":"https:\/\/mayankin.com\/es\/#organization","name":"MayanKin","url":"https:\/\/mayankin.com\/es\/","logo":{"@type":"ImageObject","inLanguage":"es","@id":"https:\/\/mayankin.com\/es\/#\/schema\/logo\/image\/","url":"https:\/\/mayankin.com\/es\/wp-content\/uploads\/2020\/05\/MK-Logo-Redesign.png","contentUrl":"https:\/\/mayankin.com\/es\/wp-content\/uploads\/2020\/05\/MK-Logo-Redesign.png","width":260,"height":105,"caption":"MayanKin"},"image":{"@id":"https:\/\/mayankin.com\/es\/#\/schema\/logo\/image\/"},"sameAs":["https:\/\/www.facebook.com\/MayanKinEspanol\/","https:\/\/x.com\/mayankin"]}]}},"_links":{"self":[{"href":"https:\/\/mayankin.com\/es\/wp-json\/wp\/v2\/pages\/10926","targetHints":{"allow":["GET"]}}],"collection":[{"href":"https:\/\/mayankin.com\/es\/wp-json\/wp\/v2\/pages"}],"about":[{"href":"https:\/\/mayankin.com\/es\/wp-json\/wp\/v2\/types\/page"}],"author":[{"embeddable":true,"href":"https:\/\/mayankin.com\/es\/wp-json\/wp\/v2\/users\/4"}],"replies":[{"embeddable":true,"href":"https:\/\/mayankin.com\/es\/wp-json\/wp\/v2\/comments?post=10926"}],"version-history":[{"count":26,"href":"https:\/\/mayankin.com\/es\/wp-json\/wp\/v2\/pages\/10926\/revisions"}],"predecessor-version":[{"id":14461,"href":"https:\/\/mayankin.com\/es\/wp-json\/wp\/v2\/pages\/10926\/revisions\/14461"}],"wp:attachment":[{"href":"https:\/\/mayankin.com\/es\/wp-json\/wp\/v2\/media?parent=10926"}],"curies":[{"name":"wp","href":"https:\/\/api.w.org\/{rel}","templated":true}]}}