{"id":10921,"date":"2019-08-09T18:10:16","date_gmt":"2019-08-09T18:10:16","guid":{"rendered":"https:\/\/mayankin.com\/es\/?page_id=10921"},"modified":"2020-05-25T21:07:50","modified_gmt":"2020-05-26T04:07:50","slug":"comienza-aqui","status":"publish","type":"page","link":"https:\/\/mayankin.com\/es\/comienza-aqui\/","title":{"rendered":"Comienza Aqu\u00ed!"},"content":{"rendered":"\n<p>El Tzolkin es una herramienta, usada con un prop\u00f3sito similar a la astrolog\u00eda, que brinda una preciosa mirada acerca de qui\u00e9nes somos y qu\u00e9 estamos aqu\u00ed para hacer. Es un enfoque de vida muy bello, simb\u00f3lico, y divertido!<\/p>\n\n\n\n<p>El primer paso es familiarizarte con tu Kin de nacimiento y profundizar tu comprensi\u00f3n acerca de qu\u00e9 es lo que te motiva y te provoca, en otras palabras por qu\u00e9 haces las cosas que haces, y qu\u00e9 puedes hacer en realidad para cambiar lo que ya no te sirve.<\/p>\n\n\n\n<p>Una vez que conoces tu Or\u00e1culo personal, una buena manera de aprender a usar el Tzolkin y sintonizarte con las energ\u00edas diarias es siguiendo los ciclos de 13 d\u00edas llamados Ondas Encantadas de tal forma que se relacionen espec\u00edficamente contigo. Encontrar\u00e1s en mi blog afirmaciones o preguntas diarias para meditar, escribir en tu diario personal e inspirarte para hacer lo que sea que resuene para ti.<\/p>\n\n\n\n<p>Si quieres seguir explor\u00e1ndolo con m\u00e1s profundidad, puedes aprender los componentes b\u00e1sicos del Tzolkin y los distintos tipos de lecturas a trav\u00e9s de mi libro y seminarios web para continuar mejorando tu propia vida y compartiendo esta sabidur\u00eda con los dem\u00e1s.<\/p>\n\n\n\n<p>Y, para hacerlo a\u00fan m\u00e1s especial y personal de manera que puedas integrarlo en tu vida diaria, agenda una sesi\u00f3n o un programa y acomp\u00e1\u00f1ame en uno de mis viaje divertidos y llenos de aventuras! <\/p>\n\n\n\n<h3 class=\"start-here-title wp-block-heading\">Sintoniza<\/h3>\n\n\n\n<div class=\"wp-block-button start-here-button-1\"><a class=\"wp-block-button__link has-background\" href=\"https:\/\/mayankin.com\/es\/tzolkin-diario\/\" style=\"background-color:#b04223\">Chequea<br>tu Or\u00e1culo<\/a><\/div>\n\n\n\n<div class=\"wp-block-button start-here-button\"><a class=\"wp-block-button__link has-background\" href=\"https:\/\/mayankin.com\/es\/blog\/\" style=\"background-color:#b06727\">Sigue Onda<br>Encantada<\/a><\/div>\n\n\n\n<div class=\"wp-block-button start-here-button\"><a class=\"wp-block-button__link has-background\" href=\"#mcsuscribe\" style=\"background-color:#d1a924\">Suscr\u00edbete<br>Abajo<\/a><\/div>\n\n\n\n<h3 class=\"start-here-title wp-block-heading\">Contin\u00faa Explorando<\/h3>\n\n\n\n<div class=\"wp-block-button start-here-button-2\"><a class=\"wp-block-button__link has-background\" href=\"https:\/\/mayankin.com\/es\/product\/practical-guide-to-the-tzolkin\/\" style=\"background-color:#678100\">Obtiene<br>mi Libro<\/a><\/div>\n\n\n\n<div class=\"wp-block-button start-here-button\"><a class=\"wp-block-button__link has-background\" href=\"https:\/\/mayankin.com\/es\/seminarios-web\/\" style=\"background-color:#2c6416\">Escucha a<br>Seminarios<\/a><\/div>\n\n\n\n<h3 class=\"start-here-title wp-block-heading\">Int\u00e9gralo en tu Vida Diaria<\/h3>\n\n\n\n<div class=\"wp-block-button start-here-button-3\"><a class=\"wp-block-button__link has-background\" href=\"https:\/\/mayankin.com\/es\/sesiones\/\" style=\"background-color:#0a678d\">Agenda<br>una Sesi\u00f3n<\/a><\/div>\n\n\n\n<div class=\"wp-block-button start-here-button\"><a class=\"wp-block-button__link has-background\" href=\"https:\/\/mayankin.com\/es\/programa\/\" style=\"background-color:#1e3283\">Elige un<br>Programa<\/a><\/div>\n\n\n\n<div class=\"wp-block-button start-here-button\"><a class=\"wp-block-button__link has-background\" href=\"https:\/\/mayankin.com\/es\/viajes-para-el-alma\/\" style=\"background-color:#8a1da4\">Viaja<br>Conmigo<\/a><\/div>\n\n\n\n<p class=\"has-text-align-center start-here-salute\">Feliz Camino lleno de Magia y Sincronicidades!<\/p>\n","protected":false},"excerpt":{"rendered":"<p>El Tzolkin es una herramienta, usada con un prop\u00f3sito similar a la astrolog\u00eda, que brinda una preciosa mirada acerca de qui\u00e9nes somos y qu\u00e9 estamos aqu\u00ed para hacer. Es un enfoque de vida muy bello, simb\u00f3lico, y divertido! El primer paso es familiarizarte con tu Kin de nacimiento y profundizar tu comprensi\u00f3n acerca de qu\u00e9 [&hellip;]<\/p>\n","protected":false},"author":4,"featured_media":0,"parent":0,"menu_order":0,"comment_status":"closed","ping_status":"closed","template":"","meta":{"_monsterinsights_skip_tracking":false,"_monsterinsights_sitenote_active":false,"_monsterinsights_sitenote_note":"","_monsterinsights_sitenote_category":0,"_genesis_hide_title":false,"_genesis_hide_breadcrumbs":false,"_genesis_hide_singular_image":false,"_genesis_hide_footer_widgets":false,"_genesis_custom_body_class":"start","_genesis_custom_post_class":"","_genesis_layout":"","footnotes":""},"class_list":{"0":"post-10921","1":"page","2":"type-page","3":"status-publish","5":"entry"},"yoast_head":"<!-- This site is optimized with the Yoast SEO plugin v26.6 - https:\/\/yoast.com\/wordpress\/plugins\/seo\/ -->\n<title>Inici\u00e1ndote en Tu Experiencia con el Tzolkin | MayanKin<\/title>\n<meta name=\"description\" content=\"Ten un enfoque de vida m\u00e1s bello, creativo y divertido con la ayuda del Tzolkin, una herramienta similar a la astrolog\u00eda. Comienza por aqu\u00ed!\" \/>\n<meta name=\"robots\" content=\"index, follow, max-snippet:-1, max-image-preview:large, max-video-preview:-1\" \/>\n<link rel=\"canonical\" href=\"https:\/\/mayankin.com\/es\/comienza-aqui\/\" \/>\n<meta property=\"og:locale\" content=\"es_ES\" \/>\n<meta property=\"og:type\" content=\"article\" \/>\n<meta property=\"og:title\" content=\"Inici\u00e1ndote en Tu Experiencia con el Tzolkin | MayanKin\" \/>\n<meta property=\"og:description\" content=\"Ten un enfoque de vida m\u00e1s bello, creativo y divertido con la ayuda del Tzolkin, una herramienta similar a la astrolog\u00eda. Comienza por aqu\u00ed!\" \/>\n<meta property=\"og:url\" content=\"https:\/\/mayankin.com\/es\/comienza-aqui\/\" \/>\n<meta property=\"og:site_name\" content=\"MayanKin\" \/>\n<meta property=\"article:publisher\" content=\"https:\/\/www.facebook.com\/MayanKinEspanol\/\" \/>\n<meta property=\"article:modified_time\" content=\"2020-05-26T04:07:50+00:00\" \/>\n<meta name=\"twitter:card\" content=\"summary_large_image\" \/>\n<meta name=\"twitter:site\" content=\"@mayankin\" \/>\n<meta name=\"twitter:label1\" content=\"Tiempo de lectura\" \/>\n\t<meta name=\"twitter:data1\" content=\"1 minuto\" \/>\n<script type=\"application\/ld+json\" class=\"yoast-schema-graph\">{\"@context\":\"https:\/\/schema.org\",\"@graph\":[{\"@type\":\"WebPage\",\"@id\":\"https:\/\/mayankin.com\/es\/comienza-aqui\/\",\"url\":\"https:\/\/mayankin.com\/es\/comienza-aqui\/\",\"name\":\"Inici\u00e1ndote en Tu Experiencia con el Tzolkin | MayanKin\",\"isPartOf\":{\"@id\":\"https:\/\/mayankin.com\/es\/#website\"},\"datePublished\":\"2019-08-09T18:10:16+00:00\",\"dateModified\":\"2020-05-26T04:07:50+00:00\",\"description\":\"Ten un enfoque de vida m\u00e1s bello, creativo y divertido con la ayuda del Tzolkin, una herramienta similar a la astrolog\u00eda. Comienza por aqu\u00ed!\",\"breadcrumb\":{\"@id\":\"https:\/\/mayankin.com\/es\/comienza-aqui\/#breadcrumb\"},\"inLanguage\":\"es\",\"potentialAction\":[{\"@type\":\"ReadAction\",\"target\":[\"https:\/\/mayankin.com\/es\/comienza-aqui\/\"]}]},{\"@type\":\"BreadcrumbList\",\"@id\":\"https:\/\/mayankin.com\/es\/comienza-aqui\/#breadcrumb\",\"itemListElement\":[{\"@type\":\"ListItem\",\"position\":1,\"name\":\"Portada\",\"item\":\"https:\/\/mayankin.com\/es\/\"},{\"@type\":\"ListItem\",\"position\":2,\"name\":\"Comienza Aqu\u00ed!\"}]},{\"@type\":\"WebSite\",\"@id\":\"https:\/\/mayankin.com\/es\/#website\",\"url\":\"https:\/\/mayankin.com\/es\/\",\"name\":\"MayanKin\",\"description\":\"\",\"publisher\":{\"@id\":\"https:\/\/mayankin.com\/es\/#organization\"},\"potentialAction\":[{\"@type\":\"SearchAction\",\"target\":{\"@type\":\"EntryPoint\",\"urlTemplate\":\"https:\/\/mayankin.com\/es\/?s={search_term_string}\"},\"query-input\":{\"@type\":\"PropertyValueSpecification\",\"valueRequired\":true,\"valueName\":\"search_term_string\"}}],\"inLanguage\":\"es\"},{\"@type\":\"Organization\",\"@id\":\"https:\/\/mayankin.com\/es\/#organization\",\"name\":\"MayanKin\",\"url\":\"https:\/\/mayankin.com\/es\/\",\"logo\":{\"@type\":\"ImageObject\",\"inLanguage\":\"es\",\"@id\":\"https:\/\/mayankin.com\/es\/#\/schema\/logo\/image\/\",\"url\":\"https:\/\/mayankin.com\/es\/wp-content\/uploads\/2020\/05\/MK-Logo-Redesign.png\",\"contentUrl\":\"https:\/\/mayankin.com\/es\/wp-content\/uploads\/2020\/05\/MK-Logo-Redesign.png\",\"width\":260,\"height\":105,\"caption\":\"MayanKin\"},\"image\":{\"@id\":\"https:\/\/mayankin.com\/es\/#\/schema\/logo\/image\/\"},\"sameAs\":[\"https:\/\/www.facebook.com\/MayanKinEspanol\/\",\"https:\/\/x.com\/mayankin\"]}]}<\/script>\n<!-- \/ Yoast SEO plugin. -->","yoast_head_json":{"title":"Inici\u00e1ndote en Tu Experiencia con el Tzolkin | MayanKin","description":"Ten un enfoque de vida m\u00e1s bello, creativo y divertido con la ayuda del Tzolkin, una herramienta similar a la astrolog\u00eda. Comienza por aqu\u00ed!","robots":{"index":"index","follow":"follow","max-snippet":"max-snippet:-1","max-image-preview":"max-image-preview:large","max-video-preview":"max-video-preview:-1"},"canonical":"https:\/\/mayankin.com\/es\/comienza-aqui\/","og_locale":"es_ES","og_type":"article","og_title":"Inici\u00e1ndote en Tu Experiencia con el Tzolkin | MayanKin","og_description":"Ten un enfoque de vida m\u00e1s bello, creativo y divertido con la ayuda del Tzolkin, una herramienta similar a la astrolog\u00eda. Comienza por aqu\u00ed!","og_url":"https:\/\/mayankin.com\/es\/comienza-aqui\/","og_site_name":"MayanKin","article_publisher":"https:\/\/www.facebook.com\/MayanKinEspanol\/","article_modified_time":"2020-05-26T04:07:50+00:00","twitter_card":"summary_large_image","twitter_site":"@mayankin","twitter_misc":{"Tiempo de lectura":"1 minuto"},"schema":{"@context":"https:\/\/schema.org","@graph":[{"@type":"WebPage","@id":"https:\/\/mayankin.com\/es\/comienza-aqui\/","url":"https:\/\/mayankin.com\/es\/comienza-aqui\/","name":"Inici\u00e1ndote en Tu Experiencia con el Tzolkin | MayanKin","isPartOf":{"@id":"https:\/\/mayankin.com\/es\/#website"},"datePublished":"2019-08-09T18:10:16+00:00","dateModified":"2020-05-26T04:07:50+00:00","description":"Ten un enfoque de vida m\u00e1s bello, creativo y divertido con la ayuda del Tzolkin, una herramienta similar a la astrolog\u00eda. Comienza por aqu\u00ed!","breadcrumb":{"@id":"https:\/\/mayankin.com\/es\/comienza-aqui\/#breadcrumb"},"inLanguage":"es","potentialAction":[{"@type":"ReadAction","target":["https:\/\/mayankin.com\/es\/comienza-aqui\/"]}]},{"@type":"BreadcrumbList","@id":"https:\/\/mayankin.com\/es\/comienza-aqui\/#breadcrumb","itemListElement":[{"@type":"ListItem","position":1,"name":"Portada","item":"https:\/\/mayankin.com\/es\/"},{"@type":"ListItem","position":2,"name":"Comienza Aqu\u00ed!"}]},{"@type":"WebSite","@id":"https:\/\/mayankin.com\/es\/#website","url":"https:\/\/mayankin.com\/es\/","name":"MayanKin","description":"","publisher":{"@id":"https:\/\/mayankin.com\/es\/#organization"},"potentialAction":[{"@type":"SearchAction","target":{"@type":"EntryPoint","urlTemplate":"https:\/\/mayankin.com\/es\/?s={search_term_string}"},"query-input":{"@type":"PropertyValueSpecification","valueRequired":true,"valueName":"search_term_string"}}],"inLanguage":"es"},{"@type":"Organization","@id":"https:\/\/mayankin.com\/es\/#organization","name":"MayanKin","url":"https:\/\/mayankin.com\/es\/","logo":{"@type":"ImageObject","inLanguage":"es","@id":"https:\/\/mayankin.com\/es\/#\/schema\/logo\/image\/","url":"https:\/\/mayankin.com\/es\/wp-content\/uploads\/2020\/05\/MK-Logo-Redesign.png","contentUrl":"https:\/\/mayankin.com\/es\/wp-content\/uploads\/2020\/05\/MK-Logo-Redesign.png","width":260,"height":105,"caption":"MayanKin"},"image":{"@id":"https:\/\/mayankin.com\/es\/#\/schema\/logo\/image\/"},"sameAs":["https:\/\/www.facebook.com\/MayanKinEspanol\/","https:\/\/x.com\/mayankin"]}]}},"_links":{"self":[{"href":"https:\/\/mayankin.com\/es\/wp-json\/wp\/v2\/pages\/10921","targetHints":{"allow":["GET"]}}],"collection":[{"href":"https:\/\/mayankin.com\/es\/wp-json\/wp\/v2\/pages"}],"about":[{"href":"https:\/\/mayankin.com\/es\/wp-json\/wp\/v2\/types\/page"}],"author":[{"embeddable":true,"href":"https:\/\/mayankin.com\/es\/wp-json\/wp\/v2\/users\/4"}],"replies":[{"embeddable":true,"href":"https:\/\/mayankin.com\/es\/wp-json\/wp\/v2\/comments?post=10921"}],"version-history":[{"count":31,"href":"https:\/\/mayankin.com\/es\/wp-json\/wp\/v2\/pages\/10921\/revisions"}],"predecessor-version":[{"id":13248,"href":"https:\/\/mayankin.com\/es\/wp-json\/wp\/v2\/pages\/10921\/revisions\/13248"}],"wp:attachment":[{"href":"https:\/\/mayankin.com\/es\/wp-json\/wp\/v2\/media?parent=10921"}],"curies":[{"name":"wp","href":"https:\/\/api.w.org\/{rel}","templated":true}]}}